{"id":3845,"date":"2026-03-24T03:38:07","date_gmt":"2026-03-24T03:38:07","guid":{"rendered":"https:\/\/haisicstorage.com\/haisic-iphone-11pro-battery\/"},"modified":"2026-03-24T03:39:27","modified_gmt":"2026-03-24T03:39:27","slug":"haisic-iphone-11pro-battery","status":"publish","type":"product","link":"https:\/\/haisicstorage.com\/tr\/haisic-iphone-11pro-battery\/","title":{"rendered":"Haisic iPhone 11 Pro Batarya 3540mAh Y\u00fcksek Kapasiteli OEM"},"content":{"rendered":"<h2>Kaliteli Haisic iPhone 11Pro Pil<\/h2>\n<p>M\u00fc\u015fterileriniz s\u00fcrekli cihazlar\u0131n bitmesi ve pil sa\u011fl\u0131\u011f\u0131n\u0131n bozulmas\u0131ndan m\u0131 \u015fikayet ediyor? Tamir at\u00f6lyeleri ve toptan distrib\u00fct\u00f6rler, t\u00fcketici g\u00fcvenini korumak ve i\u015flerini b\u00fcy\u00fctmek i\u00e7in g\u00fcvenilir, y\u00fcksek performansl\u0131 yedek par\u00e7alara ihtiya\u00e7 duyar.<\/p>\n<p><strong>\u00dcr\u00fcn Ad\u0131:<\/strong> iPhone 11 Pro (Model: HS-iP11Pro) i\u00e7in Premium Lityum-\u0130yon Polimer Pil Paketi<\/p>\n<p>G\u00fcvenilir bir OEM iPhone batarya tedarik\u00e7isi olarak, tasarlad\u0131k <strong>Haisic iPhone 11Pro pil<\/strong> k\u00fcresel B2B pazar\u0131n\u0131n kat\u0131 taleplerini kar\u015f\u0131lamak i\u00e7in. D\u00fc\u015f\u00fck kaliteli, tutars\u0131z yedek pillerle i\u015f itibar\u0131n\u0131z\u0131 riske atmay\u0131 b\u0131rak\u0131n. G\u00fcvenilir Apple iPhone 11 Pro pil yedek par\u00e7alar\u0131n\u0131 do\u011frudan \u00fcreticiden temin edin.<\/p>\n<h3>Ana Performans Avantajlar\u0131<\/h3>\n<ul>\n<li><strong>Y\u00fckseltilmi\u015f Kapasite:<\/strong> G\u00fc\u00e7l\u00fc 3540mAh y\u00fcksek kapasiteli h\u00fccre tasar\u0131m\u0131, saatlerce ekran a\u00e7\u0131k kalma s\u00fcresi sa\u011flar.<\/li>\n<li><strong>Kaliteli H\u00fccre Kalitesi:<\/strong> \u0130leri lityum-iyon polimer kimyas\u0131, s\u0131f\u0131r haf\u0131za etkisiyle istikrarl\u0131 \u015farj d\u00f6ng\u00fcs\u00fc sa\u011flar.<\/li>\n<li><strong>Sertifikal\u0131 G\u00fcvenlik:<\/strong> GB 31241-2022 standartlar\u0131na tamamen uygundur, a\u015f\u0131r\u0131 \u015farj, k\u0131sa devre ve a\u015f\u0131r\u0131 \u0131s\u0131nmaya kar\u015f\u0131 yerle\u015fik korumalar i\u00e7erir.<\/li>\n<li><strong>Do\u011frudan \u00dcreticiden:<\/strong> Arac\u0131 atlay\u0131n. Geli\u015fmi\u015f \u00fcretim tesisimizden rekabet\u00e7i B2B toptan fiyatlar ve tutarl\u0131 stok sa\u011fl\u0131yoruz.<\/li>\n<\/ul>\n<h2>Cihaz\u0131n\u0131z\u0131n Potansiyelini Maksimize Edin<\/h2>\n<p>Y\u00fckseltirken <strong>Haisic iPhone 11Pro pil<\/strong>, ak\u0131ll\u0131 telefonunuzun g\u00fcnl\u00fck performans\u0131n\u0131 do\u011frudan art\u0131r\u0131yorsunuz. T\u00fcm <a href=\"https:\/\/haisicstorage.com\/tr\/urun\/\">enerji \u00fcr\u00fcnlerimizi<\/a> kapsaml\u0131 k\u00fcresel standartlara uygun olarak \u00fcretiyoruz, b\u00f6ylece cihaz\u0131n\u0131z sabah ak\u015fam g\u00fcvenle \u00e7al\u0131\u015f\u0131r.<\/p>\n<h3>\u00c7ekirdek Pil Y\u00fckseltmeleri<\/h3>\n<ul>\n<li><strong>Uzat\u0131lm\u0131\u015f Pil \u00d6mr\u00fc:<\/strong> Bir duvar prizini bulma konusunda endi\u015felenmeyi b\u0131rak\u0131n. Bizim <strong>3540mAh iPhone 11 Pro pili<\/strong> 13.46Wh g\u00fc\u00e7 sa\u011flar ve ekran a\u00e7\u0131k kalma s\u00fcresini \u00f6nemli \u00f6l\u00e7\u00fcde uzat\u0131r.<\/li>\n<li><strong>Ak\u0131ll\u0131 Koruma:<\/strong> G\u00fcvenlik entegre edilmi\u015ftir. Ak\u0131ll\u0131 IC Pil Y\u00f6netim Sistemi (BMS) a\u015f\u0131r\u0131 \u015farj ve a\u015f\u0131r\u0131 \u0131s\u0131nmaya kar\u015f\u0131 aktif koruma sa\u011flar.<\/li>\n<li><strong>Sorunsuz Uyumluluk:<\/strong> M\u00fckemmel 100% uyumu deneyimleyin. Bu y\u00fcksek kapasiteli iPhone 11 Pro pili, iOS ile kusursuz senkronize olur ve y\u00fcksek do\u011frulukta pil sa\u011fl\u0131\u011f\u0131 raporlamas\u0131 sunar.<\/li>\n<li><strong>S\u0131f\u0131r Bellek Etkisi:<\/strong> Modern lityum-iyon polimer kimyas\u0131yla \u00fcretilmi\u015ftir, b\u00f6ylece \u015farj\u0131n\u0131z\u0131 istedi\u011finiz zaman doldurabilir ve h\u00fccrenin genel \u00f6mr\u00fcne zarar vermez.<\/li>\n<\/ul>\n<h3>H\u0131zl\u0131 \u00d6zellik Analizi<\/h3>\n<table>\n<thead>\n<tr>\n<th style=\"text-align: left;\">Ana \u00d6zellik<\/th>\n<th style=\"text-align: left;\">Cihaz\u0131n\u0131z \u0130\u00e7in Do\u011frudan Fayda<\/th>\n<\/tr>\n<\/thead>\n<tbody>\n<tr>\n<td style=\"text-align: left;\"><strong>Y\u00fcksek Kapasite<\/strong><\/td>\n<td style=\"text-align: left;\">G\u00fcnl\u00fck kullan\u0131m i\u00e7in 3540mAh (13.46Wh)<\/td>\n<\/tr>\n<tr>\n<td style=\"text-align: left;\"><strong>\"Smart BMS\"<\/strong><\/td>\n<td style=\"text-align: left;\">A\u015f\u0131r\u0131 \u0131s\u0131nma olmadan g\u00fcvenilir ve g\u00fcvenli \u015farj<\/td>\n<\/tr>\n<tr>\n<td style=\"text-align: left;\"><strong>Sistem Senkronizasyonu<\/strong><\/td>\n<td style=\"text-align: left;\">Do\u011fru iOS Pil Sa\u011fl\u0131\u011f\u0131 Takibi<\/td>\n<\/tr>\n<tr>\n<td style=\"text-align: left;\"><strong>Li-ion Polimer<\/strong><\/td>\n<td style=\"text-align: left;\">\u0130stedi\u011finiz zaman \u015farj edin, s\u0131f\u0131r haf\u0131za etkisi<\/td>\n<\/tr>\n<\/tbody>\n<\/table>\n<h2>Teknik \u00d6zellikler: Haisic iPhone 11 Pro Pil<\/h2>\n<p>iPhone 11 Pro onar\u0131m par\u00e7alar\u0131m\u0131z\u0131 tam hassasiyet ve e\u015fsiz g\u00fcvenilirlikle tasarl\u0131yoruz. G\u00fcvenilir bir <a href=\"https:\/\/haisicstorage.com\/tr\/bespoke-energy-storage-system-manufacturer\/\">\u00f6zelle\u015ftirilmi\u015f enerji depolama sistemi \u00fcreticisiyle \u00e7al\u0131\u015fmak<\/a>, k\u00fcresel pazar i\u00e7in \u00fcretti\u011fimiz her HS-iP11Pro pil paketine ayn\u0131 s\u0131k\u0131 end\u00fcstri standartlar\u0131n\u0131 uyguluyoruz.<\/p>\n<p>\u0130\u015fte 3.8V 13.46Wh mobil pilimizin kesin teknik detaylar\u0131:<\/p>\n<table>\n<thead>\n<tr>\n<th style=\"text-align: left;\">\u00d6zellik<\/th>\n<th style=\"text-align: left;\">Detay<\/th>\n<\/tr>\n<\/thead>\n<tbody>\n<tr>\n<td style=\"text-align: left;\"><strong>Model<\/strong><\/td>\n<td style=\"text-align: left;\">HS-iP11Pro<\/td>\n<\/tr>\n<tr>\n<td style=\"text-align: left;\"><strong>Uyumluluk<\/strong><\/td>\n<td style=\"text-align: left;\">Apple iPhone 11 Pro<\/td>\n<\/tr>\n<tr>\n<td style=\"text-align: left;\"><strong>Batarya T\u00fcr\u00fc<\/strong><\/td>\n<td style=\"text-align: left;\">Lityum-\u0130yon Polimer Pil Paketi<\/td>\n<\/tr>\n<tr>\n<td style=\"text-align: left;\"><strong>Nominal Kapasite<\/strong><\/td>\n<td style=\"text-align: left;\">3540mAh<\/td>\n<\/tr>\n<tr>\n<td style=\"text-align: left;\"><strong>Nominal Enerji<\/strong><\/td>\n<td style=\"text-align: left;\">13.46Wh<\/td>\n<\/tr>\n<tr>\n<td style=\"text-align: left;\"><strong>Nominal Gerilim<\/strong><\/td>\n<td style=\"text-align: left;\">3.8V<\/td>\n<\/tr>\n<tr>\n<td style=\"text-align: left;\"><strong>\u015earj S\u0131n\u0131r Voltaj\u0131<\/strong><\/td>\n<td style=\"text-align: left;\">4.4V<\/td>\n<\/tr>\n<tr>\n<td style=\"text-align: left;\"><strong>Y\u00fcr\u00fctme Standard\u0131<\/strong><\/td>\n<td style=\"text-align: left;\">4.35V<\/td>\n<\/tr>\n<tr>\n<td style=\"text-align: left;\"><strong>\u00dcretici<\/strong><\/td>\n<td style=\"text-align: left;\">Shenzhen Haisic Teknoloji A.\u015e.<\/td>\n<\/tr>\n<\/tbody>\n<\/table>\n<p>Her GB 31241-2022 standard telefon bataryas\u0131, Shenzhen tesisimizden tamamen test edilmi\u015f, do\u011frulanm\u0131\u015f ve toplu da\u011f\u0131t\u0131ma haz\u0131rd\u0131r. \u00dcr\u00fcnlerimizi yo\u011fun g\u00fcnl\u00fck kullan\u0131ma dayanacak \u015fekilde performans g\u00f6sterecek \u015fekilde tasarl\u0131yoruz.<\/p>\n<h2>OEM iPhone Pil Tedarik\u00e7isi<\/h2>\n<p>Sat\u0131n ald\u0131\u011f\u0131n\u0131zda <strong>Haisic iPhone 11 Pro bataryas\u0131<\/strong>, siz, kan\u0131tlanm\u0131\u015f bir ge\u00e7mi\u015fe sahip Ulusal Y\u00fcksek Teknoloji Kurumu ile ortakl\u0131k kurars\u0131n\u0131z. 2011 y\u0131l\u0131nda kurulan, geli\u015fmi\u015f 11.000m\u00b2 ISO sertifikal\u0131 \u00fcretim tesisimiz, her \u00fcretim hatt\u0131nda s\u0131k\u0131 kalite kontrol\u00fc sa\u011flar.<\/p>\n<p>Dedicate ak\u0131ll\u0131 telefon bataryas\u0131 \u00fcreticisi olmam\u0131za ra\u011fmen, d\u00fcnya \u00e7ap\u0131nda m\u00fchendislik kabiliyetlerimiz y\u00fcksek kapasiteli g\u00fc\u00e7 \u00e7\u00f6z\u00fcmleri de \u00fcretir, \u00f6rne\u011fin <a href=\"https:\/\/haisicstorage.com\/tr\/25-6v-200ah-lithium-battery-home-energy-storage\/\">25.6V 200Ah lityum batarya ev enerjisi depolama<\/a> sistemler. Bu geni\u015f enerji uzmanl\u0131\u011f\u0131, \u00fcretti\u011fimiz her mobil cihaz bataryas\u0131n\u0131n s\u0131k\u0131 k\u00fcresel g\u00fcvenlik sertifikalar\u0131ndan ge\u00e7mesini garanti eder.<\/p>\n<h3>Cep Telefonu Bataryas\u0131 Toplu Sat\u0131\u015f \u00c7in<\/h3>\n<p>K\u00fcresel B2B tedarik zinciri taleplerinizi kar\u015f\u0131lamak i\u00e7in tamamen donan\u0131ml\u0131y\u0131z.<\/p>\n<table>\n<thead>\n<tr>\n<th style=\"text-align: left;\"><strong>Haisic \u00dcretim G\u00fc\u00e7leri<\/strong><\/th>\n<th style=\"text-align: left;\"><strong>Size Sunulanlar<\/strong><\/th>\n<\/tr>\n<\/thead>\n<tbody>\n<tr>\n<td style=\"text-align: left;\"><strong>On Y\u0131ll\u0131k M\u00fckemmellik<\/strong><\/td>\n<td style=\"text-align: left;\">2011 y\u0131l\u0131nda kurulan G\u00fcvenilir Ulusal Y\u00fcksek Teknoloji Kurumu.<\/td>\n<\/tr>\n<tr>\n<td style=\"text-align: left;\"><strong>S\u0131k\u0131 Kalite Kontrol<\/strong><\/td>\n<td style=\"text-align: left;\">K\u00fcresel g\u00fcvenlik sertifikalar\u0131yla desteklenen 11.000m\u00b2 ISO sertifikal\u0131 tesis.<\/td>\n<\/tr>\n<tr>\n<td style=\"text-align: left;\"><strong>\u00d6zel OEM &amp; ODM Hizmetleri<\/strong><\/td>\n<td style=\"text-align: left;\">Tam hizmet \u00f6zel \u00fcretim, \u00f6zel marka ve \u00f6zel ambalajlama.<\/td>\n<\/tr>\n<tr>\n<td style=\"text-align: left;\"><strong>B2B \u00d6l\u00e7eklenebilirli\u011fi<\/strong><\/td>\n<td style=\"text-align: left;\">Herhangi bir iPhone 11 Pro batarya toplu sipari\u015fini g\u00fcvenilir \u015fekilde kar\u015f\u0131lamaya haz\u0131r.<\/td>\n<\/tr>\n<\/tbody>\n<\/table>\n<p>\u00dcr\u00fcnleri tam spesifikasyonlar\u0131n\u0131za g\u00f6re in\u015fa ediyoruz. \u00d6zel markalama ve \u00f6zel perakende ambalaj\u0131ndan OEM ve ODM hizmetlerimize kadar, markan\u0131zla sorunsuz entegre olacak ve toptan sat\u0131\u015f operasyonlar\u0131n\u0131z\u0131 \u00f6l\u00e7eklendirecek \u015fekilde tasarland\u0131.<\/p>\n<h2>Haisic iPhone 11Pro Batarya Kurulumu ve G\u00fcvenli\u011fi<\/h2>\n<p>Telefonunuzun g\u00fc\u00e7 \u00fcnitesini de\u011fi\u015ftirmek biraz teknik beceri gerektirir. Yeni bataryan\u0131zdan en iyi performans\u0131 almak i\u00e7in <strong>Haisic iPhone 11Pro pil<\/strong>, uzman bir teknisyenin kurulum s\u00fcrecini yapmas\u0131n\u0131 \u015fiddetle tavsiye ederiz.<\/p>\n<h3>Profesyonel Kurulum \u00d6nemlidir<\/h3>\n<p>\u0130\u00e7 donan\u0131m\u0131 d\u00fczg\u00fcn \u015fekilde y\u00f6netmek hassasiyet gerektirir. Bir uzmana g\u00fcvenmek, <strong>Apple iPhone 11 Pro batarya de\u011fi\u015fimi<\/strong> i\u015fleminin sorunsuz ge\u00e7mesini sa\u011flar. Yap\u0131\u015fkan\u0131 g\u00fcvenli \u015fekilde a\u015fmak ve hassas flex kablolar veya ekran zarar g\u00f6rmeden s\u00f6k\u00fcm yapmak i\u00e7in do\u011fru ara\u00e7lara sahiptirler.<\/p>\n<h3>Yeni G\u00fc\u00e7 \u00dcnitenizi Kalibre Edin<\/h3>\n<p>Kurulumdan sonra, telefonunuzun kapasitesini do\u011fru \u015fekilde okumas\u0131 i\u00e7in yerle\u015fik ak\u0131ll\u0131 IC \u00e7ipini kalibre etmeniz gerekir. \u00dcretim uzmanl\u0131\u011f\u0131m\u0131z, kompakt mobil h\u00fccrelerden b\u00fcy\u00fck \u00f6l\u00e7ekli g\u00fc\u00e7 \u00e7\u00f6z\u00fcmlerine kadar her \u015feyi kapsar\u2014\u00f6zellikle <a href=\"https:\/\/haisicstorage.com\/tr\/what-is-battery-energy-storage-system\/\">bir pil enerji depolama sisteminin ne oldu\u011funu<\/a>\u2014do\u011fru bir ba\u015flang\u0131\u00e7 kullan\u0131m s\u00fcresi, \u00f6mr\u00fc maksimize etmek i\u00e7in kritik \u00f6nemdedir.<\/p>\n<p>Bu basit ba\u015flang\u0131\u00e7 \u015farj d\u00f6ng\u00fcs\u00fcn\u00fc izleyin:<\/p>\n<ul>\n<li><strong>100%\u2019ye \u015farj edin:<\/strong> Telefonunuzu prize tak\u0131n ve kesintisiz tam \u015farj olana kadar kullan\u0131n.<\/li>\n<li><strong>\u015earj\u0131 Tutun:<\/strong> 100% seviyesine ula\u015ft\u0131ktan sonra ek 2 saat prize tak\u0131l\u0131 tutun.<\/li>\n<li><strong>Tamamen De\u015farj Edin:<\/strong> Cihaz\u0131n\u0131z\u0131 normal \u015fekilde kullanmaya devam edin ta ki batarya tamamen bitip telefon kapanana kadar.<\/li>\n<li><strong>100% \u015earj Edin:<\/strong> Son bir kez 0'e kadar kesintisiz \u015farj edin ve tekrar tak\u0131n.<\/li>\n<\/ul>\n<p>Bu basit d\u00f6ng\u00fcy\u00fc tamamlamak, yeni g\u00fc\u00e7 paketinizi bekledi\u011finiz g\u00fcvenilir, uzun ekran s\u00fcresini sunmas\u0131n\u0131 garanti eder.<\/p>\n<h2>S\u0131k\u00e7a Sorulan Sorular (SSS)<\/h2>\n<h3>Bu pil optimize edilmi\u015f pil \u015farj\u0131n\u0131 destekliyor mu?<\/h3>\n<p>Evet. Bizim <strong>Haisic iPhone 11Pro pil<\/strong> dahili ak\u0131ll\u0131 IC \u00e7ipine sahiptir. A\u015f\u0131r\u0131 \u015farj\u0131 \u00f6nlemek ve h\u00fccrenin \u00f6mr\u00fcn\u00fc en \u00fcst d\u00fczeye \u00e7\u0131karmak i\u00e7in optimize edilmi\u015f pil \u015farj protokollerini sorunsuz bir \u015fekilde destekler.<\/p>\n<h3>Telefonum hala \u201cPil Sa\u011fl\u0131\u011f\u0131\u201d kapasitesini g\u00f6sterecek mi?<\/h3>\n<p>Kesinlikle. Bizim <strong>iPhone 11 Pro yedek pilini<\/strong>, kurduktan sonra, cihaz\u0131n\u0131z pil sa\u011fl\u0131\u011f\u0131 y\u00fczdesini ve en y\u00fcksek performans yetene\u011fini do\u011fru bir \u015fekilde okuyacak ve raporlayacakt\u0131r.<\/p>\n<h3>Toptan sat\u0131\u015f i\u00e7in minimum sipari\u015f miktar\u0131n\u0131z (MOQ) nedir?<\/h3>\n<p>G\u00fcvenilir bir <strong>OEM iPhone batarya tedarik\u00e7isi<\/strong>, ar\u0131yorsan\u0131z, toplu sipari\u015fler i\u00e7in standart MOQ'umuz 100 adettir. Bir <a href=\"https:\/\/haisicstorage.com\/tr\/certified-energy-storage-system-manufacturer\/\">sertifikal\u0131 enerji depolama sistemi \u00fcreticisi<\/a>, olarak faaliyet g\u00f6sterdi\u011fimiz i\u00e7in, b\u00fcy\u00fck k\u00fcresel da\u011f\u0131t\u0131m taleplerini kar\u015f\u0131lamak \u00fczere \u00fcretimi kolayca \u00f6l\u00e7eklendirebiliriz.<\/p>\n<h3>Yap\u0131\u015fkan bant ve alet kiti dahil mi?<\/h3>\n<p>Bizim i\u00e7in esnek nakliye se\u00e7enekleri sunuyoruz <strong>cep telefonu bataryas\u0131 toptan \u00c7in<\/strong> m\u00fc\u015fterileri:<\/p>\n<ul>\n<li><strong>Standart B2B Sipari\u015fleri:<\/strong> HS-iP11Pro pil paketi ve birinci s\u0131n\u0131f yap\u0131\u015fkan \u015feritler i\u00e7erir.<\/li>\n<li><strong>Perakendeye Haz\u0131r Sipari\u015fler:<\/strong> \u00d6zel onar\u0131m alet kitleri ve markal\u0131 ambalajlar, \u00f6zel pazar ihtiya\u00e7lar\u0131n\u0131za uyacak \u015fekilde talep \u00fczerine dahil edilebilir.<\/li>\n<\/ul>\n<h2>iPhone 11 Pro Tamir Par\u00e7alar\u0131 B2B<\/h2>\n<p>Do\u011frudan OEM iPhone pil tedarik\u00e7isi olarak, b\u00fcy\u00fcyen i\u015finizi desteklemek i\u00e7in tamamen donan\u0131ml\u0131y\u0131z. G\u00fcvenilir h\u00fccresel telefon pili toptan\u0131 ar\u0131yorsan\u0131z, size optimize edilmi\u015f tedarik zinciri \u00e7\u00f6z\u00fcmleri sunuyoruz. <strong>Haisic iPhone 11 Pro batarya<\/strong>. Geli\u015fmi\u015f fabrika altyap\u0131m\u0131z sadece y\u00fcksek hacimli mobil pil \u00fcretimini desteklemekle kalmaz, ayn\u0131 zamanda b\u00fcy\u00fck kapasiteli projelere de \u00f6l\u00e7eklenebilir, kan\u0131tlanm\u0131\u015f <a href=\"https:\/\/haisicstorage.com\/tr\/bulk-energy-storage-system-manufacturer\/\">toplu enerji depolama sistemi \u00fcreticisi<\/a>, y\u00fcksek kaliteli lityum iyon teknolojisinde derin uzmanl\u0131\u011f\u0131m\u0131z\u0131 g\u00f6sterir.<\/p>\n<h3>Toptan ve \u00d6zel \u00dcretim<\/h3>\n<p>Bir sonraki iPhone 11 Pro pil toplu sipari\u015finiz i\u00e7in bizimle ortakl\u0131k kurun, tutarl\u0131 \u00fcr\u00fcn kalitesi ve verimli k\u00fcresel nakliye sa\u011flay\u0131n. Sat\u0131n alma s\u00fcrecini basit ve \u015feffaf hale getiriyoruz.<\/p>\n<ul>\n<li><strong>OEM ve ODM Hizmetleri:<\/strong> Markalama, etiketleme ve ambalajlama konusunda tam \u00f6zelle\u015ftirme imkan\u0131 sunuyoruz, HS-iP11Pro pil paketi envanteriniz i\u00e7in.<\/li>\n<li><strong>Hacim Fiyatland\u0131rmas\u0131:<\/strong> T\u00fcm B2B ak\u0131ll\u0131 telefon pili al\u0131mlar\u0131nda \u00f6l\u00e7eklenebilir, rekabet\u00e7i indirimler.<\/li>\n<li><strong>\u00d6zel Hesap Deste\u011fi:<\/strong> Toptan sat\u0131\u015f sat\u0131\u015f uzmanlar\u0131m\u0131zla do\u011frudan, birebir ileti\u015fim kurarak s\u00fcrekli tedarik ihtiya\u00e7lar\u0131n\u0131z\u0131 y\u00f6netin.<\/li>\n<\/ul>\n<p>\u00d6zel gereksinimlerinizle ilgili olarak bug\u00fcn \u00fcretim ekibimizle ileti\u015fime ge\u00e7in, toptan hesap kurun ve toplu fiyatland\u0131rman\u0131z\u0131 sabitleyin.<\/p>\n<div id=\"references\" class=\"min-w-0 scroll-mt-8 overflow-hidden\">\n<div class=\"flex flex-col gap-2 text-sm leading-relaxed\"><\/div>\n<\/div>","protected":false},"excerpt":{"rendered":"<p>Haisic iPhone 11 Pro pil 3540mAh y\u00fcksek kapasiteli OEM yedek par\u00e7a, GB 31241 2022 g\u00fcvenlik standartlar\u0131na uygun, tamir at\u00f6lyeleri ve toptan sipari\u015fler i\u00e7in<\/p>","protected":false},"featured_media":3846,"template":"","meta":{"site-sidebar-layout":"default","site-content-layout":"","ast-site-content-layout":"default","site-content-style":"default","site-sidebar-style":"default","ast-global-header-display":"","ast-banner-title-visibility":"","ast-main-header-display":"","ast-hfb-above-header-display":"","ast-hfb-below-header-display":"","ast-hfb-mobile-header-display":"","site-post-title":"","ast-breadcrumbs-content":"","ast-featured-img":"","footer-sml-layout":"","ast-disable-related-posts":"","theme-transparent-header-meta":"default","adv-header-id-meta":"","stick-header-meta":"default","header-above-stick-meta":"","header-main-stick-meta":"","header-below-stick-meta":"","astra-migrate-meta-layouts":"set","ast-page-background-enabled":"default","ast-page-background-meta":{"desktop":{"background-color":"var(--ast-global-color-4)","background-image":"","background-repeat":"repeat","background-position":"center center","background-size":"auto","background-attachment":"scroll","background-type":"","background-media":"","overlay-type":"","overlay-color":"","overlay-opacity":"","overlay-gradient":""},"tablet":{"background-color":"","background-image":"","background-repeat":"repeat","background-position":"center center","background-size":"auto","background-attachment":"scroll","background-type":"","background-media":"","overlay-type":"","overlay-color":"","overlay-opacity":"","overlay-gradient":""},"mobile":{"background-color":"","background-image":"","background-repeat":"repeat","background-position":"center center","background-size":"auto","background-attachment":"scroll","background-type":"","background-media":"","overlay-type":"","overlay-color":"","overlay-opacity":"","overlay-gradient":""}},"ast-content-background-meta":{"desktop":{"background-color":"var(--ast-global-color-5)","background-image":"","background-repeat":"repeat","background-position":"center center","background-size":"auto","background-attachment":"scroll","background-type":"","background-media":"","overlay-type":"","overlay-color":"","overlay-opacity":"","overlay-gradient":""},"tablet":{"background-color":"var(--ast-global-color-5)","background-image":"","background-repeat":"repeat","background-position":"center center","background-size":"auto","background-attachment":"scroll","background-type":"","background-media":"","overlay-type":"","overlay-color":"","overlay-opacity":"","overlay-gradient":""},"mobile":{"background-color":"var(--ast-global-color-5)","background-image":"","background-repeat":"repeat","background-position":"center center","background-size":"auto","background-attachment":"scroll","background-type":"","background-media":"","overlay-type":"","overlay-color":"","overlay-opacity":"","overlay-gradient":""}}},"product_brand":[],"product_cat":[59],"product_tag":[],"class_list":{"0":"post-3845","1":"product","2":"type-product","3":"status-publish","4":"has-post-thumbnail","6":"product_cat-iphone-battery-series","7":"desktop-align-left","8":"tablet-align-left","9":"mobile-align-left","10":"ast-product-gallery-layout-horizontal-slider","11":"ast-product-tabs-layout-horizontal","13":"first","14":"instock","15":"shipping-taxable","16":"purchasable","17":"product-type-simple"},"_links":{"self":[{"href":"https:\/\/haisicstorage.com\/tr\/wp-json\/wp\/v2\/product\/3845","targetHints":{"allow":["GET"]}}],"collection":[{"href":"https:\/\/haisicstorage.com\/tr\/wp-json\/wp\/v2\/product"}],"about":[{"href":"https:\/\/haisicstorage.com\/tr\/wp-json\/wp\/v2\/types\/product"}],"version-history":[{"count":0,"href":"https:\/\/haisicstorage.com\/tr\/wp-json\/wp\/v2\/product\/3845\/revisions"}],"wp:featuredmedia":[{"embeddable":true,"href":"https:\/\/haisicstorage.com\/tr\/wp-json\/wp\/v2\/media\/3846"}],"wp:attachment":[{"href":"https:\/\/haisicstorage.com\/tr\/wp-json\/wp\/v2\/media?parent=3845"}],"wp:term":[{"taxonomy":"product_brand","embeddable":true,"href":"https:\/\/haisicstorage.com\/tr\/wp-json\/wp\/v2\/product_brand?post=3845"},{"taxonomy":"product_cat","embeddable":true,"href":"https:\/\/haisicstorage.com\/tr\/wp-json\/wp\/v2\/product_cat?post=3845"},{"taxonomy":"product_tag","embeddable":true,"href":"https:\/\/haisicstorage.com\/tr\/wp-json\/wp\/v2\/product_tag?post=3845"}],"curies":[{"name":"wp","href":"https:\/\/api.w.org\/{rel}","templated":true}]}}