{"id":3827,"date":"2026-03-24T02:29:40","date_gmt":"2026-03-24T02:29:40","guid":{"rendered":"https:\/\/haisicstorage.com\/haisic-iphone-13-battery\/"},"modified":"2026-03-24T02:31:28","modified_gmt":"2026-03-24T02:31:28","slug":"haisic-iphone-13-battery","status":"publish","type":"product","link":"https:\/\/haisicstorage.com\/tr\/haisic-iphone-13-battery\/","title":{"rendered":"Haisic iPhone 13 Batarya 3450mAh Y\u00fcksek Kapasiteli HS iP13"},"content":{"rendered":"<p>Telefonunuz \u00f6\u011fleden sonra \u015farj tutmakta zorlan\u0131yor mu? G\u00fcvenli, y\u00fcksek kaliteli bir yedek par\u00e7a bulma endi\u015fesini biliyoruz. Pazarlama abart\u0131s\u0131 de\u011fil, tam \u00f6zellikler gerekiyor.<\/p>\n<p>Biz <strong>Haisic iPhone 13 pil<\/strong> i\u00e7in hassas, g\u00fcvenilir performans sunacak \u015fekilde tasarlad\u0131k. A\u015fa\u011f\u0131da, cihaz\u0131n\u0131z\u0131 g\u00fc\u00e7lendiren HS-iP13 pil paketimizin tam teknik detaylar\u0131 yer almakta, b\u00f6ylece neyin g\u00fc\u00e7 sa\u011flad\u0131\u011f\u0131n\u0131 tam olarak bilirsiniz.<\/p>\n<h2>iPhone 13 3450mAh Pil \u00d6zellikleri<\/h2>\n<table>\n<thead>\n<tr>\n<th style=\"text-align: left;\">\u00d6zellik<\/th>\n<th style=\"text-align: left;\">Detay<\/th>\n<\/tr>\n<\/thead>\n<tbody>\n<tr>\n<td style=\"text-align: left;\"><strong>\u00dcr\u00fcn Ad\u0131<\/strong><\/td>\n<td style=\"text-align: left;\">Lityum-\u0130yon Polimer Pil Paketi<\/td>\n<\/tr>\n<tr>\n<td style=\"text-align: left;\"><strong>Uyumluluk<\/strong><\/td>\n<td style=\"text-align: left;\">Apple iPhone 13<\/td>\n<\/tr>\n<tr>\n<td style=\"text-align: left;\"><strong>Model Numaras\u0131<\/strong><\/td>\n<td style=\"text-align: left;\">HS-iP13<\/td>\n<\/tr>\n<tr>\n<td style=\"text-align: left;\"><strong>Nominal Kapasite<\/strong><\/td>\n<td style=\"text-align: left;\">3450mAh<\/td>\n<\/tr>\n<tr>\n<td style=\"text-align: left;\"><strong>Nominal Enerji<\/strong><\/td>\n<td style=\"text-align: left;\">13.25Wh<\/td>\n<\/tr>\n<tr>\n<td style=\"text-align: left;\"><strong>Nominal Gerilim<\/strong><\/td>\n<td style=\"text-align: left;\">3.84V<\/td>\n<\/tr>\n<tr>\n<td style=\"text-align: left;\"><strong>\u015earj S\u0131n\u0131r Voltaj\u0131<\/strong><\/td>\n<td style=\"text-align: left;\">4.47V<\/td>\n<\/tr>\n<tr>\n<td style=\"text-align: left;\"><strong>Y\u00fcr\u00fctme Standard\u0131<\/strong><\/td>\n<td style=\"text-align: left;\">GB31241-2022<\/td>\n<\/tr>\n<tr>\n<td style=\"text-align: left;\"><strong>\u00dcretici<\/strong><\/td>\n<td style=\"text-align: left;\">Shenzhen Haisic Teknoloji A.\u015e.<\/td>\n<\/tr>\n<\/tbody>\n<\/table>\n<p>Bir <strong>Haisic iPhone 13 yedek pil<\/strong>, y\u00fckledi\u011finizde, titizlikle test edilmi\u015f bir g\u00fc\u00e7 kayna\u011f\u0131 al\u0131yorsunuz. Tam 13.25Wh enerji de\u011feri ve kat\u0131 GB31241-2022 g\u00fcvenlik uyumlulu\u011fu ile, her \u00f6l\u00e7\u00fct telefonunuzun g\u00fcvenli ve verimli \u00e7al\u0131\u015fmas\u0131n\u0131 sa\u011flar.<\/p>\n<h2>HS-iP13 Pil Paketi Temel \u00d6zellikleri<\/h2>\n<p>Piyasa sonras\u0131 par\u00e7alar\u0131n tahmin edilemezli\u011fi ne kadar sinir bozucu biliyoruz. Bu y\u00fczden <strong>Haisic iPhone 13 pil<\/strong> tasarlad\u0131k, hassas ve tavizsiz g\u00fc\u00e7 sunmak i\u00e7in. K\u00f6\u015fe k\u0131v\u0131rm\u0131yoruz. Ayn\u0131 end\u00fcstriyel g\u00fcvenlik standartlar\u0131n\u0131 b\u00fcy\u00fck \u00f6l\u00e7ekli <a href=\"https:\/\/haisicstorage.com\/tr\/haisic-high-voltage-ess-commercial-energy-storage-system-215kwh-lifepo4-battery-100kw\/\">ticari enerji depolama sistemleri<\/a> kulland\u0131\u011f\u0131m\u0131z gibi do\u011frudan ak\u0131ll\u0131 telefon g\u00fc\u00e7 \u00e7\u00f6z\u00fcmlerimize uyguluyoruz.<\/p>\n<h3>End\u00fcstriyel S\u0131n\u0131f G\u00fcvenlik<\/h3>\n<p>G\u00fcvenlik bizim temelimizdir. Bu <strong>GB31241-2022 standard telefon bataryas\u0131<\/strong> a\u015f\u0131r\u0131 \u015farj, a\u015f\u0131r\u0131 \u0131s\u0131nma ve k\u0131sa devreleri aktif olarak \u00f6nlemek i\u00e7in s\u0131k\u0131, \u00e7ok noktal\u0131 testlerden ge\u00e7er. Cihaz\u0131n\u0131z geli\u015fmi\u015f dahili devreler taraf\u0131ndan tamamen korunur.<\/p>\n<h3>100% Ger\u00e7ek Kapasite<\/h3>\n<p>Yenileme pazar\u0131n\u0131 dolduran \u201csahte kapasite\u201d numaralar\u0131n\u0131 unutun. Bunu bir <strong>iPhone 13 3450mAh batarya<\/strong>, olarak derecelendirdi\u011fimizde, bu say\u0131 tamd\u0131r. Her bir birim laboratuvar testinden ge\u00e7irilerek ger\u00e7ek dereceli kapasiteyi korudu\u011fu garanti edilir, size beklenmedik d\u00fc\u015f\u00fc\u015fler olmadan g\u00fcvenilir, t\u00fcm g\u00fcn s\u00fcren g\u00fc\u00e7 sa\u011flar.<\/p>\n<h3>Premium Lityum-\u0130yon Polimer<\/h3>\n<p>Y\u00fcksek yo\u011funluklu <strong>Haisic lityum-iyon polimer batarya<\/strong> h\u00fccresi, maksimum dayan\u0131kl\u0131l\u0131k i\u00e7in tasarlanm\u0131\u015ft\u0131r. Y\u00fcksek derecede stabil <strong>3.84V<\/strong> nominal voltaj\u0131.<\/p>\n<h3>Performans Analizi<\/h3>\n<table>\n<thead>\n<tr>\n<th style=\"text-align: left;\">Temel \u00d6zellik<\/th>\n<th style=\"text-align: left;\">Do\u011frudan Fayda<\/th>\n<\/tr>\n<\/thead>\n<tbody>\n<tr>\n<td style=\"text-align: left;\"><strong>S\u0131k\u0131 Uyumluluk<\/strong><\/td>\n<td style=\"text-align: left;\">GB31241-2022 sertifikal\u0131, en y\u00fcksek termal ve elektriksel g\u00fcvenlik i\u00e7in.<\/td>\n<\/tr>\n<tr>\n<td style=\"text-align: left;\"><strong>Ger\u00e7ek 3450mAh Derecesi<\/strong><\/td>\n<td style=\"text-align: left;\">100% laboratuvar testli kapasite; kesinlikle \u015fi\u015firilmi\u015f rakamlar yok.<\/td>\n<\/tr>\n<tr>\n<td style=\"text-align: left;\"><strong>Premium H\u00fccre Teknolojisi<\/strong><\/td>\n<td style=\"text-align: left;\">Y\u00fcksek yo\u011funluklu polimer, uzun \u00f6m\u00fcrl\u00fc iPhone 13 batarya de\u011fi\u015fimi sa\u011flar.<\/td>\n<\/tr>\n<tr>\n<td style=\"text-align: left;\"><strong>Stabil Voltaj<\/strong><\/td>\n<td style=\"text-align: left;\">S\u00fcrekli 3.84V \u00e7\u0131k\u0131\u015f, telefonunuzun hassas dahili bile\u015fenlerini korur.<\/td>\n<\/tr>\n<\/tbody>\n<\/table>\n<h2>HS-iP13 Batarya Paketi Uyumlulu\u011fu ve Kurulumu<\/h2>\n<h3>Yaln\u0131zca Standart iPhone 13 \u0130\u00e7in<\/h3>\n<p>Biz tasarlad\u0131k <strong>HS-iP13 batarya paketi<\/strong> \u00f6zellikle standart Apple iPhone 13 kasas\u0131 i\u00e7in tasarlanm\u0131\u015ft\u0131r. Kesinlikle bu model i\u00e7in tasarlanm\u0131\u015ft\u0131r ve Pro, Pro Max veya Mini s\u00fcr\u00fcmleriyle uyumlu de\u011fildir. Tam olarak bir <strong>iPhone 13 OEM spesifikasyonlu pil de\u011fi\u015fimi<\/strong>, olarak hizmet verdi\u011fi i\u00e7in, orijinal cihaz \u00e7er\u00e7evesi i\u00e7ine kusursuz, sorunsuz bir uyum garanti eder.<\/p>\n<h3>Kurulum \u00d6nerileri<\/h3>\n<p>Bir olarak <a href=\"https:\/\/haisicstorage.com\/tr\/professional-energy-storage-system-manufacturer\/\">profesyonel enerji depolama sistemi \u00fcreticisi<\/a>, olarak, her <strong>Haisic iPhone 13 yedek pil<\/strong> \u00fcr\u00fcn\u00fcn\u00fc kat\u0131 g\u00fcvenlik ve yap\u0131sal standartlara g\u00f6re \u00fcretiyoruz. Yeni pilinizden en iyi performans\u0131 almak i\u00e7in \u015fu y\u00f6nergeleri izleyin:<\/p>\n<ul>\n<li><strong>Profesyonel Kurulum \u00d6nerilir:<\/strong> En \u00fcst d\u00fczey g\u00fcvenlik i\u00e7in ve telefonunuzun hassas i\u00e7 kablolar\u0131na zarar vermemek i\u00e7in bu <strong>iPhone 13 pil onar\u0131m par\u00e7as\u0131n\u0131<\/strong> sertifikal\u0131 bir teknisyene g\u00f6t\u00fcrmenizi \u015fiddetle tavsiye ederiz.<\/li>\n<li><strong>Kendin Yap De\u011fi\u015fimi:<\/strong> Ak\u0131ll\u0131 telefonlar\u0131 tamir etme deneyiminiz varsa, do\u011fru \u00f6zel a\u00e7ma aletlerini kulland\u0131\u011f\u0131n\u0131zdan ve pili d\u00fczg\u00fcn bir \u015fekilde sabitlemek i\u00e7in yeni pil yap\u0131\u015fkan \u015feritleri uygulad\u0131\u011f\u0131n\u0131zdan emin olun.<\/li>\n<li><strong>Dikkatli Tutun:<\/strong> De\u011fi\u015fim i\u015flemine ba\u015flamadan \u00f6nce daima telefonunuzu tamamen kapat\u0131n. De\u011fi\u015fim s\u0131ras\u0131nda pili asla b\u00fckmeyin, delmeyin veya do\u011frudan \u0131s\u0131 uygulamay\u0131n.<\/li>\n<\/ul>\n<h2>Neden Haisic iPhone 13 Yedek Pilini Se\u00e7melisiniz<\/h2>\n<p>Sadece telefon par\u00e7alar\u0131 \u00fcretmiyoruz; g\u00fcvenilir Haisic mobil g\u00fc\u00e7 \u00e7\u00f6z\u00fcmleri tasarl\u0131yoruz. Ticari <a href=\"https:\/\/haisicstorage.com\/tr\/lithium-battery-storage-container\/\">lityum pil depolama kab\u0131<\/a> sistemlerimizde kullan\u0131lan ayn\u0131 titiz m\u00fchendislik standartlar\u0131 ve g\u00fcvenlik protokolleri do\u011frudan cebinize yerle\u015ftirilmi\u015ftir.<\/p>\n<p>Haisic ak\u0131ll\u0131 telefon pil h\u00fccresi ile y\u00fckseltme yapt\u0131\u011f\u0131n\u0131zda, b\u00fcy\u00fck \u00f6l\u00e7ekli bir enerji depolama \u00fcreticisi olarak derin uzmanl\u0131\u011f\u0131m\u0131zdan do\u011frudan yararlan\u0131rs\u0131n\u0131z. End\u00fcstriyel d\u00fczeyde g\u00fcvenilirli\u011fi g\u00fcnl\u00fck teknolojinize getiriyoruz.<\/p>\n<h3>Haisic Teknolojisinin Shenzhen Avantaj\u0131<\/h3>\n<table>\n<thead>\n<tr>\n<th style=\"text-align: left;\">\u00d6zellik<\/th>\n<th style=\"text-align: left;\">Sizin \u0130\u00e7in Anlam\u0131<\/th>\n<\/tr>\n<\/thead>\n<tbody>\n<tr>\n<td style=\"text-align: left;\"><strong>End\u00fcstriyel S\u0131n\u0131f M\u00fchendislik<\/strong><\/td>\n<td style=\"text-align: left;\">iPhone 13 i\u00e7in \u00f6l\u00e7eklendirilmi\u015f ticari enerji depolama g\u00fcvenilirli\u011fi.<\/td>\n<\/tr>\n<tr>\n<td style=\"text-align: left;\"><strong>S\u0131k\u0131 Kalite Kontrol<\/strong><\/td>\n<td style=\"text-align: left;\">G\u00fcvenli, uzun \u00f6m\u00fcrl\u00fc bir iPhone 13 pil de\u011fi\u015fimi sa\u011flamak i\u00e7in her \u00fcnite test edilir.<\/td>\n<\/tr>\n<tr>\n<td style=\"text-align: left;\"><strong>Premium Malzemeler<\/strong><\/td>\n<td style=\"text-align: left;\">Maksimum stabilite ve g\u00fcnl\u00fck dayan\u0131kl\u0131l\u0131k i\u00e7in tasarlanm\u0131\u015f y\u00fcksek yo\u011funluklu h\u00fccreler.<\/td>\n<\/tr>\n<\/tbody>\n<\/table>\n<p><strong>Temel Faydalar:<\/strong><\/p>\n<ul>\n<li>\u00d6zel, profesyonel bir enerji depolama \u00fcreticisi taraf\u0131ndan \u00fcretilmi\u015ftir.<\/li>\n<li>Vaat edilen tam 3450mAh kapasiteyi sunar - \u015fi\u015firilmi\u015f say\u0131lar yok.<\/li>\n<li>Devasa g\u00fcne\u015f ve \u015febeke depolama g\u00fcvenlik standartlar\u0131n\u0131 do\u011frudan ak\u0131ll\u0131 telefonunuza getirir.<\/li>\n<\/ul>\n<h2>SSS: Haisic iPhone 13 Yedek Pil<\/h2>\n<p><strong>Bu pil iOS ayarlar\u0131nda \u201cPil Sa\u011fl\u0131\u011f\u0131\u201d y\u00fczdesini g\u00f6sterecek mi?<\/strong><br \/>\nApple, iOS pil sa\u011fl\u0131\u011f\u0131 \u00f6zelli\u011fini orijinal fabrika mikro\u00e7ipine kilitler. Sa\u011fl\u0131k y\u00fczdesini bizim pilimizle g\u00f6r\u00fcnt\u00fclemek i\u00e7in <strong>HS-iP13 batarya paketi<\/strong>, kurulum s\u0131ras\u0131nda orijinal pil y\u00f6netim \u00e7ipini yeni h\u00fccreye aktarmas\u0131 gerekir. Bu ad\u0131m\u0131 atlamazsan\u0131z, iPhone 13'\u00fcn\u00fcz m\u00fckemmel ve g\u00fcvenli bir \u015fekilde \u00e7al\u0131\u015fmaya devam edecektir, ancak ayarlar men\u00fcn\u00fczde sa\u011fl\u0131k y\u00fczdesi g\u00f6r\u00fcnt\u00fclenmeyecektir.<\/p>\n<p><strong>HS-iP13'ten ka\u00e7 \u015farj d\u00f6ng\u00fcs\u00fc bekleyebilirim?<\/strong><br \/>\nG\u00fcvenebilirsiniz <strong>500 ila 800 tam \u015farj d\u00f6ng\u00fcs\u00fc<\/strong> pil kapasitesi do\u011fal olarak ger\u00e7ek 3450mAh derecesinin 'inin alt\u0131na d\u00fc\u015fmeden \u00f6nce. Bu lityum-iyon polimer h\u00fccreleri maksimum \u00f6m\u00fcr i\u00e7in \u00fcretiyoruz. Telefon yedek par\u00e7alar\u0131m\u0131za, b\u00fcy\u00fck \u00f6l\u00e7ekli <a href=\"https:\/\/haisicstorage.com\/tr\/commercial-battery-storage\/\">ticari batarya depolama<\/a> \u00e7\u00f6z\u00fcmlerimize uygulad\u0131\u011f\u0131m\u0131z ayn\u0131 titiz dayan\u0131kl\u0131l\u0131k testlerini uyguluyoruz, bu da kararl\u0131, uzun \u00f6m\u00fcrl\u00fc g\u00fcnl\u00fck g\u00fcc\u00fc garanti ediyor.<\/p>\n<p><strong>Bu yedek par\u00e7a i\u00e7in garanti s\u00fcresi nedir?<\/strong><br \/>\nM\u00fchendisli\u011fimizin arkas\u0131nda duruyoruz. Her <strong>Shenzhen Haisic Teknoloji telefon bataryas\u0131<\/strong> sade bir \u015fekilde gelir <strong>12 ayl\u0131k garanti<\/strong>. Bu, herhangi bir \u00fcretim hatas\u0131 veya ola\u011fand\u0131\u015f\u0131 performans d\u00fc\u015f\u00fc\u015f\u00fcn\u00fc kapsar ve cihaz\u0131n\u0131z\u0131n g\u00fcvenilir bir \u015fekilde g\u00fc\u00e7lenmesini sa\u011flar.<\/p>\n<div id=\"references\" class=\"min-w-0 scroll-mt-8 overflow-hidden\">\n<div class=\"flex flex-col gap-2 text-sm leading-relaxed\"><\/div>\n<\/div>","protected":false},"excerpt":{"rendered":"<p>Haisic iPhone 13 pil 3450mAh HS iP13 y\u00fcksek kapasiteli g\u00fcvenli GB31241 2022 sertifikal\u0131 yedek par\u00e7a, daha uzun pil \u00f6mr\u00fc i\u00e7in<\/p>","protected":false},"featured_media":3828,"template":"","meta":{"site-sidebar-layout":"default","site-content-layout":"","ast-site-content-layout":"default","site-content-style":"default","site-sidebar-style":"default","ast-global-header-display":"","ast-banner-title-visibility":"","ast-main-header-display":"","ast-hfb-above-header-display":"","ast-hfb-below-header-display":"","ast-hfb-mobile-header-display":"","site-post-title":"","ast-breadcrumbs-content":"","ast-featured-img":"","footer-sml-layout":"","ast-disable-related-posts":"","theme-transparent-header-meta":"default","adv-header-id-meta":"","stick-header-meta":"default","header-above-stick-meta":"","header-main-stick-meta":"","header-below-stick-meta":"","astra-migrate-meta-layouts":"set","ast-page-background-enabled":"default","ast-page-background-meta":{"desktop":{"background-color":"var(--ast-global-color-4)","background-image":"","background-repeat":"repeat","background-position":"center center","background-size":"auto","background-attachment":"scroll","background-type":"","background-media":"","overlay-type":"","overlay-color":"","overlay-opacity":"","overlay-gradient":""},"tablet":{"background-color":"","background-image":"","background-repeat":"repeat","background-position":"center center","background-size":"auto","background-attachment":"scroll","background-type":"","background-media":"","overlay-type":"","overlay-color":"","overlay-opacity":"","overlay-gradient":""},"mobile":{"background-color":"","background-image":"","background-repeat":"repeat","background-position":"center center","background-size":"auto","background-attachment":"scroll","background-type":"","background-media":"","overlay-type":"","overlay-color":"","overlay-opacity":"","overlay-gradient":""}},"ast-content-background-meta":{"desktop":{"background-color":"var(--ast-global-color-5)","background-image":"","background-repeat":"repeat","background-position":"center center","background-size":"auto","background-attachment":"scroll","background-type":"","background-media":"","overlay-type":"","overlay-color":"","overlay-opacity":"","overlay-gradient":""},"tablet":{"background-color":"var(--ast-global-color-5)","background-image":"","background-repeat":"repeat","background-position":"center center","background-size":"auto","background-attachment":"scroll","background-type":"","background-media":"","overlay-type":"","overlay-color":"","overlay-opacity":"","overlay-gradient":""},"mobile":{"background-color":"var(--ast-global-color-5)","background-image":"","background-repeat":"repeat","background-position":"center center","background-size":"auto","background-attachment":"scroll","background-type":"","background-media":"","overlay-type":"","overlay-color":"","overlay-opacity":"","overlay-gradient":""}}},"product_brand":[],"product_cat":[59],"product_tag":[],"class_list":{"0":"post-3827","1":"product","2":"type-product","3":"status-publish","4":"has-post-thumbnail","6":"product_cat-iphone-battery-series","7":"desktop-align-left","8":"tablet-align-left","9":"mobile-align-left","10":"ast-product-gallery-layout-horizontal-slider","11":"ast-product-tabs-layout-horizontal","13":"first","14":"instock","15":"shipping-taxable","16":"purchasable","17":"product-type-simple"},"_links":{"self":[{"href":"https:\/\/haisicstorage.com\/tr\/wp-json\/wp\/v2\/product\/3827","targetHints":{"allow":["GET"]}}],"collection":[{"href":"https:\/\/haisicstorage.com\/tr\/wp-json\/wp\/v2\/product"}],"about":[{"href":"https:\/\/haisicstorage.com\/tr\/wp-json\/wp\/v2\/types\/product"}],"version-history":[{"count":0,"href":"https:\/\/haisicstorage.com\/tr\/wp-json\/wp\/v2\/product\/3827\/revisions"}],"wp:featuredmedia":[{"embeddable":true,"href":"https:\/\/haisicstorage.com\/tr\/wp-json\/wp\/v2\/media\/3828"}],"wp:attachment":[{"href":"https:\/\/haisicstorage.com\/tr\/wp-json\/wp\/v2\/media?parent=3827"}],"wp:term":[{"taxonomy":"product_brand","embeddable":true,"href":"https:\/\/haisicstorage.com\/tr\/wp-json\/wp\/v2\/product_brand?post=3827"},{"taxonomy":"product_cat","embeddable":true,"href":"https:\/\/haisicstorage.com\/tr\/wp-json\/wp\/v2\/product_cat?post=3827"},{"taxonomy":"product_tag","embeddable":true,"href":"https:\/\/haisicstorage.com\/tr\/wp-json\/wp\/v2\/product_tag?post=3827"}],"curies":[{"name":"wp","href":"https:\/\/api.w.org\/{rel}","templated":true}]}}