{"id":3824,"date":"2026-03-24T02:17:17","date_gmt":"2026-03-24T02:17:17","guid":{"rendered":"https:\/\/haisicstorage.com\/haisic-iphone-13pro-battery\/"},"modified":"2026-03-24T02:23:09","modified_gmt":"2026-03-24T02:23:09","slug":"haisic-iphone-13pro-battery","status":"publish","type":"product","link":"https:\/\/haisicstorage.com\/tr\/haisic-iphone-13pro-battery\/","title":{"rendered":"Haisic iPhone 13 Pro Batarya 3320mAh LiPo Yedek Par\u00e7a"},"content":{"rendered":"<h2>G\u00fcvenebilece\u011finiz G\u00fc\u00e7: Haisic Avantaj\u0131<\/h2>\n<p>Haisic'te, mobil g\u00fcce end\u00fcstri s\u0131n\u0131f\u0131 uzmanl\u0131kla yakla\u015f\u0131yoruz. 15 y\u0131ldan fazla s\u00fcredir Ar-Ge \u00e7al\u0131\u015fmalar\u0131m\u0131z, b\u00fcy\u00fck \u00f6l\u00e7ekli enerji depolama sistemleri (ESS) m\u00fchendisli\u011fine yo\u011funla\u015fm\u0131\u015ft\u0131r. \u015eimdi, bu a\u011f\u0131r g\u00fc\u00e7 y\u00f6netimi teknolojisini, hassas m\u00fchendislik gerektiren detaylara ba\u015far\u0131yla k\u00fc\u00e7\u00fcltt\u00fck <strong>Haisic iPhone 13 Pro pil<\/strong>. Telefonunuz \u00e7ok h\u0131zl\u0131 bitiyorsa, ger\u00e7ek \u00fcretim kapasitesiyle desteklenen bir \u00e7\u00f6z\u00fcme ihtiyac\u0131n\u0131z var.<\/p>\n<p>Yedek h\u00fccremizle cihaz\u0131n\u0131z\u0131 y\u00fckseltmek, tam bir g\u00fc\u00e7 s\u0131f\u0131rlamas\u0131 sa\u011flar ve donan\u0131m\u0131n\u0131z\u0131n tasarland\u0131\u011f\u0131 gibi \u00e7al\u0131\u015fmas\u0131n\u0131 sa\u011flar.<\/p>\n<h3>Tam G\u00fcvenilirlik \u0130\u00e7in Tasarland\u0131<\/h3>\n<ul>\n<li><strong>En \u00dcst D\u00fczey Performans\u0131 Yeniden Kazand\u0131r\u0131r:<\/strong> An\u0131nda pil t\u00fcketim t\u0131kan\u0131kl\u0131klar\u0131n\u0131 ortadan kald\u0131r\u0131r, cihaz\u0131n\u0131z\u0131 orijinal pil \u00f6mr\u00fcne ve en iyi i\u015flem h\u0131z\u0131na geri getirir.<\/li>\n<li><strong>S\u0131f\u0131r Bellek Etkisi:<\/strong> Geli\u015fmi\u015f lityum iyon polimer kimyam\u0131z sayesinde, pil y\u00fczdesi ne olursa olsun telefonunuzu \u015farj edebilirsiniz ve maksimum kapasitesinin kal\u0131c\u0131 olarak k\u00fc\u00e7\u00fclmesini engeller.<\/li>\n<li><strong>Geli\u015fmi\u015f Ak\u0131ll\u0131 BMS:<\/strong> \u0130\u00e7 pil paketine do\u011frudan entegre edilmi\u015f y\u00fcksek duyarl\u0131 Bir Pil Y\u00f6netim Sistemi bulunmaktad\u0131r. Bu ak\u0131ll\u0131 \u00e7ip, ak\u0131m ak\u0131\u015f\u0131n\u0131 aktif olarak d\u00fczenler, a\u015f\u0131r\u0131 \u015farj\u0131, h\u0131zl\u0131 bozulmay\u0131 ve tehlikeli a\u015f\u0131r\u0131 \u0131s\u0131nmay\u0131 kesinlikle \u00f6nler.<\/li>\n<\/ul>\n<h2>Haisic iPhone 13Pro Pil \u00d6zellikleri<\/h2>\n<p>Cihaz\u0131n\u0131z\u0131n g\u00fc\u00e7 t\u00fcketimini tamir etme zaman\u0131 geldi\u011finde, g\u00fcvenebilece\u011finiz kesin teknik \u00f6zelliklere ihtiyac\u0131n\u0131z var. Shenzhen Haisic Teknoloji Ltd. \u015eti. olarak, HS-iP13Pro pil paketimizi en y\u00fcksek sekt\u00f6r standartlar\u0131na uygun \u015fekilde tasarl\u0131yoruz. Geni\u015f m\u00fchendislik deneyimimizden yola \u00e7\u0131karak <a href=\"https:\/\/haisicstorage.com\/tr\/certified-energy-storage-system-manufacturer\/\">sertifikal\u0131 enerji depolama sistemi \u00fcreticisi<\/a>, olarak, bu y\u00fcksek kapasiteli Li-Po h\u00fccreyi iPhone 13 Pro i\u00e7in s\u0131k\u0131 kalite kontrollerine tabi tutuyoruz.<\/p>\n<p>\u0130\u015fte Haisic iPhone 13Pro pil de\u011fi\u015fimi i\u00e7in kesin teknik detaylar:<\/p>\n<table>\n<thead>\n<tr>\n<th style=\"text-align: left;\">\u00d6zellik<\/th>\n<th style=\"text-align: left;\">\u00d6zellik<\/th>\n<\/tr>\n<\/thead>\n<tbody>\n<tr>\n<td style=\"text-align: left;\"><strong>Marka<\/strong><\/td>\n<td style=\"text-align: left;\">Haisic<\/td>\n<\/tr>\n<tr>\n<td style=\"text-align: left;\"><strong>\u00dcretici<\/strong><\/td>\n<td style=\"text-align: left;\">Shenzhen Haisic Teknoloji A.\u015e.<\/td>\n<\/tr>\n<tr>\n<td style=\"text-align: left;\"><strong>Model Numaras\u0131<\/strong><\/td>\n<td style=\"text-align: left;\">HS-iP13Pro<\/td>\n<\/tr>\n<tr>\n<td style=\"text-align: left;\"><strong>Uyumluluk<\/strong><\/td>\n<td style=\"text-align: left;\">Apple iPhone 13 Pro SADECE<\/td>\n<\/tr>\n<tr>\n<td style=\"text-align: left;\"><strong>Batarya T\u00fcr\u00fc<\/strong><\/td>\n<td style=\"text-align: left;\">Lityum-\u0130yon Polimer (Li-Po)<\/td>\n<\/tr>\n<tr>\n<td style=\"text-align: left;\"><strong>Nominal Kapasite<\/strong><\/td>\n<td style=\"text-align: left;\">3320mAh<\/td>\n<\/tr>\n<tr>\n<td style=\"text-align: left;\"><strong>Nominal Enerji<\/strong><\/td>\n<td style=\"text-align: left;\">12.85Wh<\/td>\n<\/tr>\n<tr>\n<td style=\"text-align: left;\"><strong>Nominal Gerilim<\/strong><\/td>\n<td style=\"text-align: left;\">3.87V<\/td>\n<\/tr>\n<tr>\n<td style=\"text-align: left;\"><strong>\u015earj S\u0131n\u0131r Voltaj\u0131<\/strong><\/td>\n<td style=\"text-align: left;\">4.47V<\/td>\n<\/tr>\n<tr>\n<td style=\"text-align: left;\"><strong>Y\u00fcr\u00fctme Standard\u0131<\/strong><\/td>\n<td style=\"text-align: left;\">4.35V<\/td>\n<\/tr>\n<\/tbody>\n<\/table>\n<h3>3320mAh iPhone 13 Pro Pil \u00d6ne \u00c7\u0131kanlar<\/h3>\n<ul>\n<li><strong>Tam Uyum:<\/strong> M\u00fckemmel kurulum ve performans sa\u011flamak i\u00e7in \u00f6zel olarak Apple iPhone 13 Pro i\u00e7in tasarlanm\u0131\u015ft\u0131r.<\/li>\n<li><strong>Kararl\u0131 G\u00fc\u00e7 Teslimat\u0131:<\/strong> Cihaz\u0131n\u0131z\u0131n en y\u00fcksek verimlilikte \u00e7al\u0131\u015fmas\u0131n\u0131 sa\u011flamak i\u00e7in g\u00fcvenilir 3.87V nominal voltaj ve 12.85Wh dereceli enerji sa\u011flar.<\/li>\n<li><strong>Sertifikal\u0131 G\u00fcvenlik:<\/strong> Bu iPhone 13 Pro lityum-iyon polimer pil i\u00e7in optimum termal ve elektriksel kararl\u0131l\u0131\u011f\u0131 garanti eden titiz GB 31241-2022 y\u00fcr\u00fctme standard\u0131na g\u00f6re \u00fcretilmi\u015ftir.<\/li>\n<\/ul>\n<h2>GB 31241-2022 Sertifikal\u0131 Telefon Pil<\/h2>\n<p>G\u00fcvenlik sadece bir \u00f6zellik de\u011fildir; temelimizdir. Her tek <strong>Haisic iPhone 13 Pro batarya<\/strong> eliniize ula\u015fmadan \u00f6nce ac\u0131mas\u0131z bir kalite kontrol s\u00fcrecinden ge\u00e7er. Cihaz\u0131n\u0131z\u0131n g\u00fcvenli\u011finden \u00f6d\u00fcn vermiyoruz.<\/p>\n<p>\u00dcretimimiz, bu y\u00fcksek kapasiteli Li-Po h\u00fccresinin ta\u015f\u0131nabilir elektronik cihazlar i\u00e7in en y\u00fcksek g\u00fcvenlik standartlar\u0131n\u0131 kar\u015f\u0131lamas\u0131n\u0131 sa\u011flayan GB 31241-2022 standard\u0131na s\u0131k\u0131 s\u0131k\u0131ya uymaktad\u0131r. B\u00fcy\u00fck \u00f6l\u00e7ekli <a href=\"https:\/\/haisicstorage.com\/tr\/10kw-storage-battery\/\">10kw depolama bataryas\u0131<\/a> sistemlerimize uygulad\u0131\u011f\u0131m\u0131z ayn\u0131 a\u011f\u0131r hizmet tipi test ve m\u00fchendislik prensipleri, bu ak\u0131ll\u0131 telefon h\u00fccresine \u00f6l\u00e7eklendirilip paketlenmi\u015ftir.<\/p>\n<h3>Dahili Ak\u0131ll\u0131 Koruma<\/h3>\n<p>iPhone 13 Pro pilin bo\u015falmas\u0131n\u0131 g\u00fcvenli ve kal\u0131c\u0131 olarak gidermek i\u00e7in HS-iP13Pro pil paketi \u00f6zel, geli\u015fmi\u015f bir koruma kart\u0131 i\u00e7erir. Bu h\u00fccreyi g\u00fcnl\u00fck g\u00fc\u00e7 tehditlerine kar\u015f\u0131 otomatik olarak savunacak \u015fekilde tasarlad\u0131k:<\/p>\n<ul>\n<li><strong>A\u015f\u0131r\u0131 Gerilim Korumas\u0131:<\/strong> Dahili bile\u015fenlere zarar verebilecek zararl\u0131 voltaj dalgalanmalar\u0131n\u0131 engeller.<\/li>\n<li><strong>A\u015f\u0131r\u0131 Ak\u0131m Korumas\u0131:<\/strong> G\u00fc\u00e7 teslimat\u0131n\u0131 sorunsuz, sabit ve g\u00fcvenli tutar.<\/li>\n<li><strong>K\u0131sa Devre \u00d6nleme:<\/strong> Elektrik ar\u0131zalar\u0131n\u0131 zarar vermeden \u00f6nce kesmek i\u00e7in devreyi an\u0131nda kapat\u0131r.<\/li>\n<li><strong>Y\u00fcksek S\u0131cakl\u0131k Kalkan\u0131:<\/strong> Tehlikeli a\u015f\u0131r\u0131 \u0131s\u0131nmay\u0131 \u00f6nler, yo\u011fun kullan\u0131m veya h\u0131zl\u0131 \u015farj d\u00f6ng\u00fcleri s\u0131ras\u0131nda bile bataryay\u0131 serin tutar.<\/li>\n<\/ul>\n<h2>OEM iPhone 13 Pro Dahili Batarya Toptan Sat\u0131\u015f<\/h2>\n<p>G\u00fcvenilir Haisic mobil telefon batarya tedarik\u00e7isi olarak, do\u011frudan B2B m\u00fc\u015fterileri, tamir depolar\u0131 ve k\u00fcresel distrib\u00fct\u00f6rlerle ortakl\u0131k kuruyoruz. Operasyonlar\u0131m\u0131z, 11.000m\u00b2'lik b\u00fcy\u00fck bir \u00fcretim tesisine dayan\u0131yor. T\u0131pk\u0131 a\u011f\u0131r hizmet \u00fcretim kapasitemiz gibi <a href=\"https:\/\/haisicstorage.com\/tr\/home-solar-energy-storage-factory\/\">ev g\u00fcne\u015f enerjisi depolama fabrikas\u0131<\/a>, \u00fcretim hatlar\u0131m\u0131zdan \u00e7\u0131kan her Haisic iPhone 13 Pro bataryas\u0131na s\u0131k\u0131, \u00f6l\u00e7eklenebilir \u00fcretim s\u00fcre\u00e7leri uyguluyoruz.<\/p>\n<h3>Distrib\u00fct\u00f6rler \u0130\u00e7in \u00d6l\u00e7eklenebilir \u00c7\u00f6z\u00fcmler<\/h3>\n<p>\u0130\u015finizin sorunsuz devam etmesi i\u00e7in esnek \u00fcretim imkanlar\u0131 sunuyoruz. Sipari\u015f altyap\u0131m\u0131z, h\u0131z, g\u00fcvenilirlik ve B2B b\u00fcy\u00fcme i\u00e7in s\u0131k\u0131 \u015fekilde tasarlanm\u0131\u015ft\u0131r.<\/p>\n<ul>\n<li><strong>\u00d6zel OEM\/ODM:<\/strong> Kendi markan\u0131z\u0131 do\u011frudan y\u00fcksek kapasiteli Li-Po h\u00fccremize uygulay\u0131n iPhone 13 Pro i\u00e7in.<\/li>\n<li><strong>Toplu Sipari\u015f:<\/strong> Rekabet\u00e7i katmanl\u0131 fiyatland\u0131rma ile toptan ak\u0131ll\u0131 telefon yedek bataryas\u0131 stokunuzu g\u00fcvence alt\u0131na al\u0131n.<\/li>\n<li><strong>Tutarl\u0131 \u00d6zellikler:<\/strong> Her parti, tamir at\u00f6lyenizin m\u00fc\u015fterileri memnun etmek i\u00e7in ihtiya\u00e7 duydu\u011fu tam olarak 3.87V ve 3320mAh \u00f6zelliklerini garanti eder.<\/li>\n<\/ul>\n<p>Premium yedek batarya tedarikiniz ve envanterinizi \u00f6l\u00e7eklendirmek i\u00e7in hacim gereksinimlerinizle sat\u0131\u015f ekibimize ula\u015f\u0131n.<\/p>\n<h2>Haisic iPhone 13Pro Batarya SSS<\/h2>\n<p><strong>Bu batarya iPhone 13 veya 13 Pro Max ile uyumlu mu?<\/strong><\/p>\n<ul>\n<li>Hay\u0131r. <strong>HS-iP13Pro batarya paketi<\/strong> sadece iPhone 13 Pro i\u00e7in \u00f6zel olarak tasarlanm\u0131\u015ft\u0131r. Standart iPhone 13 veya 13 Pro Max'te uyumlu veya \u00e7al\u0131\u015fmaz.<\/li>\n<\/ul>\n<p><strong>iOS'ta orijinal pil sa\u011fl\u0131\u011f\u0131 takibini destekliyor mu?<\/strong><\/p>\n<ul>\n<li>Pil sa\u011fl\u0131\u011f\u0131 y\u00fczdesini iOS ayarlar\u0131nda g\u00f6r\u00fcn\u00fcr tutmak i\u00e7in, orijinal BMS kart\u0131n\u0131 bizimkine aktarman\u0131z gerekir <strong>OEM iPhone 13 Pro dahili pili<\/strong>. Kart de\u011fi\u015fimini atlamazsan\u0131z, telefonunuz yine de en y\u00fcksek kapasitede \u00e7al\u0131\u015facak ve iPhone 13 Pro pil t\u00fcketimini d\u00fczeltecek, ancak sistem sa\u011fl\u0131k verilerini g\u00f6stermeyecektir.<\/li>\n<\/ul>\n<p><strong>Toplu sipari\u015fler i\u00e7in garanti s\u00fcresi nedir?<\/strong><\/p>\n<ul>\n<li>T\u00fcm <strong>toplu ak\u0131ll\u0131 telefon yedek pil<\/strong> ile uzun s\u00fcreli koruma garantisi veriyoruz. Bu h\u00fccreleri y\u00fcksek kapasiteli <a href=\"https:\/\/haisicstorage.com\/tr\/touchscreen-20480wh-home-energy-storage-battery\/\">ev enerji depolama bataryas\u0131<\/a> birimlerimizle ayn\u0131 titizlikle \u00fcretti\u011fimiz i\u00e7in, B2B ortaklar\u0131m\u0131za g\u00fcvenilir, uzun vadeli destek sunuyoruz. Belirli toplu sipari\u015f hacminiz i\u00e7in kesin garanti \u015fartlar\u0131n\u0131 almak \u00fczere da\u011f\u0131t\u0131m ekibimizle do\u011frudan ileti\u015fime ge\u00e7in.<\/li>\n<\/ul>\n<div id=\"references\" class=\"min-w-0 scroll-mt-8 overflow-hidden\">\n<div class=\"flex flex-col gap-2 text-sm leading-relaxed\"><\/div>\n<\/div>","protected":false},"excerpt":{"rendered":"<p>Haisic iPhone 13Pro pil 3320mAh 12.85Wh Li Po yedek par\u00e7a GB 31241 2022 g\u00fcvenlik ile g\u00fcvenilir g\u00fc\u00e7 ve toptan OEM al\u0131c\u0131lar i\u00e7in<\/p>","protected":false},"featured_media":3825,"template":"","meta":{"site-sidebar-layout":"default","site-content-layout":"","ast-site-content-layout":"default","site-content-style":"default","site-sidebar-style":"default","ast-global-header-display":"","ast-banner-title-visibility":"","ast-main-header-display":"","ast-hfb-above-header-display":"","ast-hfb-below-header-display":"","ast-hfb-mobile-header-display":"","site-post-title":"","ast-breadcrumbs-content":"","ast-featured-img":"","footer-sml-layout":"","ast-disable-related-posts":"","theme-transparent-header-meta":"default","adv-header-id-meta":"","stick-header-meta":"default","header-above-stick-meta":"","header-main-stick-meta":"","header-below-stick-meta":"","astra-migrate-meta-layouts":"set","ast-page-background-enabled":"default","ast-page-background-meta":{"desktop":{"background-color":"var(--ast-global-color-4)","background-image":"","background-repeat":"repeat","background-position":"center center","background-size":"auto","background-attachment":"scroll","background-type":"","background-media":"","overlay-type":"","overlay-color":"","overlay-opacity":"","overlay-gradient":""},"tablet":{"background-color":"","background-image":"","background-repeat":"repeat","background-position":"center center","background-size":"auto","background-attachment":"scroll","background-type":"","background-media":"","overlay-type":"","overlay-color":"","overlay-opacity":"","overlay-gradient":""},"mobile":{"background-color":"","background-image":"","background-repeat":"repeat","background-position":"center center","background-size":"auto","background-attachment":"scroll","background-type":"","background-media":"","overlay-type":"","overlay-color":"","overlay-opacity":"","overlay-gradient":""}},"ast-content-background-meta":{"desktop":{"background-color":"var(--ast-global-color-5)","background-image":"","background-repeat":"repeat","background-position":"center center","background-size":"auto","background-attachment":"scroll","background-type":"","background-media":"","overlay-type":"","overlay-color":"","overlay-opacity":"","overlay-gradient":""},"tablet":{"background-color":"var(--ast-global-color-5)","background-image":"","background-repeat":"repeat","background-position":"center center","background-size":"auto","background-attachment":"scroll","background-type":"","background-media":"","overlay-type":"","overlay-color":"","overlay-opacity":"","overlay-gradient":""},"mobile":{"background-color":"var(--ast-global-color-5)","background-image":"","background-repeat":"repeat","background-position":"center center","background-size":"auto","background-attachment":"scroll","background-type":"","background-media":"","overlay-type":"","overlay-color":"","overlay-opacity":"","overlay-gradient":""}}},"product_brand":[],"product_cat":[59],"product_tag":[],"class_list":{"0":"post-3824","1":"product","2":"type-product","3":"status-publish","4":"has-post-thumbnail","6":"product_cat-iphone-battery-series","7":"desktop-align-left","8":"tablet-align-left","9":"mobile-align-left","10":"ast-product-gallery-layout-horizontal-slider","11":"ast-product-tabs-layout-horizontal","13":"first","14":"instock","15":"shipping-taxable","16":"purchasable","17":"product-type-simple"},"_links":{"self":[{"href":"https:\/\/haisicstorage.com\/tr\/wp-json\/wp\/v2\/product\/3824","targetHints":{"allow":["GET"]}}],"collection":[{"href":"https:\/\/haisicstorage.com\/tr\/wp-json\/wp\/v2\/product"}],"about":[{"href":"https:\/\/haisicstorage.com\/tr\/wp-json\/wp\/v2\/types\/product"}],"version-history":[{"count":0,"href":"https:\/\/haisicstorage.com\/tr\/wp-json\/wp\/v2\/product\/3824\/revisions"}],"wp:featuredmedia":[{"embeddable":true,"href":"https:\/\/haisicstorage.com\/tr\/wp-json\/wp\/v2\/media\/3825"}],"wp:attachment":[{"href":"https:\/\/haisicstorage.com\/tr\/wp-json\/wp\/v2\/media?parent=3824"}],"wp:term":[{"taxonomy":"product_brand","embeddable":true,"href":"https:\/\/haisicstorage.com\/tr\/wp-json\/wp\/v2\/product_brand?post=3824"},{"taxonomy":"product_cat","embeddable":true,"href":"https:\/\/haisicstorage.com\/tr\/wp-json\/wp\/v2\/product_cat?post=3824"},{"taxonomy":"product_tag","embeddable":true,"href":"https:\/\/haisicstorage.com\/tr\/wp-json\/wp\/v2\/product_tag?post=3824"}],"curies":[{"name":"wp","href":"https:\/\/api.w.org\/{rel}","templated":true}]}}