{"id":3820,"date":"2026-03-24T02:00:18","date_gmt":"2026-03-24T02:00:18","guid":{"rendered":"https:\/\/haisicstorage.com\/haisic-iphone-13pro-max-battery\/"},"modified":"2026-03-24T02:07:28","modified_gmt":"2026-03-24T02:07:28","slug":"haisic-iphone-13pro-max-battery","status":"publish","type":"product","link":"https:\/\/haisicstorage.com\/tr\/haisic-iphone-13pro-max-battery\/","title":{"rendered":"Haisic iPhone 13 Pro Max Batarya 4770mAh Y\u00fcksek Kapasiteli"},"content":{"rendered":"<p>Oyunun ortas\u0131nda veya \u00f6nemli bir video g\u00f6r\u00fc\u015fmesi s\u0131ras\u0131nda telefonunuzun bitmesinden mi b\u0131kt\u0131n\u0131z? Cihaz\u0131n\u0131z g\u00fcnl\u00fck taleplerinizle ba\u015fa \u00e7\u0131kamad\u0131\u011f\u0131nda ne kadar sinir bozucu oldu\u011funu biliyorum. \u0130\u015fte bu y\u00fczden size sunuyoruz <strong>Haisic iPhone 13 Pro Max batarya<\/strong>. Bu y\u00fcksek kapasiteli iPhone 13 Pro Max bataryas\u0131n\u0131 tasarlad\u0131k ki prizden uzakla\u015f\u0131p hayat\u0131n\u0131za geri d\u00f6nebilirsiniz.<\/p>\n<h2>Haisic iPhone 13 Pro Max Batarya Genel Bak\u0131\u015f<\/h2>\n<h3>4770mAh iPhone Batarya Y\u00fckseltmesi<\/h3>\n<p>Y\u00fckseltirken <strong>HS-iP13Pro Max batarya paketi<\/strong>, b\u00fcy\u00fck bir <strong>4770mAh dereceli kapasite<\/strong>. elde edersiniz. Bu sizin i\u00e7in ne anlama geliyor? Ger\u00e7ek g\u00fc\u00e7. Yo\u011fun oyunlar, s\u00fcrekli yay\u0131n ve sonsuz kayd\u0131rma i\u00e7in \u00f6nemli \u00f6l\u00e7\u00fcde daha fazla ekran s\u00fcresi kazan\u0131rs\u0131n\u0131z. Bu, g\u00fcn boyunca sabahlamadan geceye kadar g\u00fc\u00e7 sa\u011flayacak \u015fekilde tasarlanm\u0131\u015f uzun \u00f6m\u00fcrl\u00fc iPhone 13 Pro Max bataryas\u0131d\u0131r.<\/p>\n<h3>Shenzhen Haisic Teknoloji K\u00f6keni<\/h3>\n<p>G\u00fc\u00e7 s\u00f6z konusu oldu\u011funda g\u00fcven \u00f6nemlidir. \u00dcreticimiz, <strong>Shenzhen Haisic Teknoloji A.\u015e.<\/strong>, b\u00fcy\u00fck \u00f6l\u00e7ekli enerji depolama ve geli\u015fmi\u015f LiFePO4 sistemlerinde tan\u0131nm\u0131\u015f bir sekt\u00f6r devidir. Bu end\u00fcstriyel seviyedeki uzmanl\u0131\u011f\u0131 al\u0131p do\u011frudan bu lityum iyon polimer telefon bataryas\u0131na m\u00fchendislik ettik. Sadece standart bir yedek par\u00e7a alm\u0131yorsunuz; kurumsal seviyede g\u00fcvenilirlik, ak\u0131ll\u0131 telefonunuza entegre edilmi\u015ftir.<\/p>\n<h3>Ak\u0131ll\u0131 IC G\u00fcvenlik Korumas\u0131<\/h3>\n<p>G\u00fcvenli\u011finiz bizim en b\u00fcy\u00fck \u00f6nceli\u011fimizdir. En geli\u015fmi\u015f <strong>ak\u0131ll\u0131 IC \u00e7ipini<\/strong> batarya y\u00f6netim sistemine entegre ettik, b\u00f6ylece cihaz\u0131n\u0131z en yayg\u0131n elektriksel tehlikelere kar\u015f\u0131 tamamen korunur.<\/p>\n<table>\n<thead>\n<tr>\n<th style=\"text-align: left;\">G\u00fcvenlik \u00d6zelli\u011fi<\/th>\n<th style=\"text-align: left;\">iPhone 13 Pro Max'inize Sa\u011flad\u0131\u011f\u0131 Faydalar<\/th>\n<\/tr>\n<\/thead>\n<tbody>\n<tr>\n<td style=\"text-align: left;\"><strong>A\u015f\u0131r\u0131 \u015earj Korumas\u0131<\/strong><\/td>\n<td style=\"text-align: left;\">Tam \u015farj tamamland\u0131\u011f\u0131nda otomatik olarak durur, uzun vadeli pil \u00f6mr\u00fcn\u00fc korur.<\/td>\n<\/tr>\n<tr>\n<td style=\"text-align: left;\"><strong>A\u015f\u0131r\u0131 Is\u0131nma Korumas\u0131<\/strong><\/td>\n<td style=\"text-align: left;\">Yo\u011fun oyun veya h\u0131zl\u0131 \u015farj seanslar\u0131 s\u0131ras\u0131nda termal \u00e7\u0131k\u0131\u015f\u0131 d\u00fczenler.<\/td>\n<\/tr>\n<tr>\n<td style=\"text-align: left;\"><strong>K\u0131sa Devre \u00d6nleme<\/strong><\/td>\n<td style=\"text-align: left;\">\u0130\u00e7 donan\u0131m\u0131n\u0131z\u0131 ani elektrik dalgalanmalar\u0131ndan korur.<\/td>\n<\/tr>\n<\/tbody>\n<\/table>\n<h2>Haisic iPhone 13 Pro Max Batarya \u00d6zellikleri<\/h2>\n<h3>HS-iP13Pro Max Batarya Paketi Detaylar\u0131<\/h3>\n<p>G\u00fcvenilir bir \u015feye ihtiyac\u0131n\u0131z oldu\u011funda <strong>4770mAh iPhone batarya y\u00fckseltmesi<\/strong>, say\u0131lar \u00f6nemlidir. Bunu tasarlad\u0131k <strong>lityum iyon polimer telefon bataryas\u0131<\/strong> kesintisiz g\u00fc\u00e7 sa\u011flamak i\u00e7in. G\u00fcvenilir bir g\u00fcnl\u00fck kullan\u0131m ar\u0131yorsan\u0131z veya <a href=\"https:\/\/haisicstorage.com\/tr\/where-can-i-buy-lithium-battery\/\">lityum batarya nereden al\u0131n\u0131r<\/a> s\u0131k\u0131 g\u00fcvenlik standartlar\u0131n\u0131 kar\u015f\u0131layan yedek par\u00e7alar ara\u015ft\u0131r\u0131yorsan\u0131z, \u00f6zelliklerimiz kendini anlat\u0131yor.<\/p>\n<p>\u0130\u015fte tam olarak motorun alt\u0131nda ne var:<\/p>\n<table>\n<thead>\n<tr>\n<th style=\"text-align: left;\">\u00d6zellik<\/th>\n<th style=\"text-align: left;\">Detay<\/th>\n<\/tr>\n<\/thead>\n<tbody>\n<tr>\n<td style=\"text-align: left;\"><strong>Marka<\/strong><\/td>\n<td style=\"text-align: left;\">Haisic<\/td>\n<\/tr>\n<tr>\n<td style=\"text-align: left;\"><strong>Model<\/strong><\/td>\n<td style=\"text-align: left;\">HS-iP13Pro Max<\/td>\n<\/tr>\n<tr>\n<td style=\"text-align: left;\"><strong>Uyumluluk<\/strong><\/td>\n<td style=\"text-align: left;\">Apple iPhone 13 Pro Max SADECE<\/td>\n<\/tr>\n<tr>\n<td style=\"text-align: left;\"><strong>Batarya T\u00fcr\u00fc<\/strong><\/td>\n<td style=\"text-align: left;\">Lityum-\u0130yon Polimer Pil Paketi<\/td>\n<\/tr>\n<tr>\n<td style=\"text-align: left;\"><strong>Nominal Kapasite<\/strong><\/td>\n<td style=\"text-align: left;\">4770mAh<\/td>\n<\/tr>\n<tr>\n<td style=\"text-align: left;\"><strong>Nominal Enerji<\/strong><\/td>\n<td style=\"text-align: left;\">18.37Wh<\/td>\n<\/tr>\n<tr>\n<td style=\"text-align: left;\"><strong>Nominal Gerilim<\/strong><\/td>\n<td style=\"text-align: left;\">3.85V<\/td>\n<\/tr>\n<tr>\n<td style=\"text-align: left;\"><strong>\u015earj S\u0131n\u0131r Voltaj\u0131<\/strong><\/td>\n<td style=\"text-align: left;\">4.47V<\/td>\n<\/tr>\n<tr>\n<td style=\"text-align: left;\"><strong>Y\u00fcr\u00fctme Standard\u0131<\/strong><\/td>\n<td style=\"text-align: left;\">4.35V<\/td>\n<\/tr>\n<\/tbody>\n<\/table>\n<p>Bu <strong>3.85V iPhone yedek batarya<\/strong> ger\u00e7ek bir \u015fekilde \u00e7al\u0131\u015f\u0131r <strong>18.37Wh iPhone bataryas\u0131<\/strong> g\u00fc\u00e7 merkezi. \u00c7\u00fcnk\u00fc bu kesinlikle <strong>GB 31241-2022 sertifikal\u0131 telefon bataryas\u0131d\u0131r<\/strong>, cihaz\u0131n\u0131z\u0131n g\u00fcvenli bir \u015fekilde \u00e7al\u0131\u015fmas\u0131n\u0131 sa\u011flamak i\u00e7in gereken tam voltaj s\u0131n\u0131rlar\u0131n\u0131 ve enerji yo\u011funlu\u011funu garanti eder. Bu \u00fcr\u00fcn\u00fc sadece iPhone 13 Pro Max i\u00e7in \u00f6zel olarak geli\u015ftirdik, b\u00f6ylece telefonunuza sorunsuz ve tavizsiz uyum sa\u011flar.<\/p>\n<h2>Neden Haisic iPhone 13 Pro Max Bataryas\u0131n\u0131 Se\u00e7melisiniz?<\/h2>\n<p>Cihaz\u0131n\u0131z\u0131 y\u00fckseltti\u011finizde, g\u00fcvenebilece\u011finiz bir g\u00fcce ihtiyac\u0131n\u0131z var. A\u011f\u0131r hizmet enerji \u00e7\u00f6z\u00fcmleri \u00fcretiyoruz ve bu ayn\u0131 end\u00fcstriyel kalite testlerini mobil \u00fcr\u00fcn hatt\u0131m\u0131za da uyguluyoruz. G\u00fcvenilirli\u011fin ayn\u0131s\u0131 <a href=\"https:\/\/haisicstorage.com\/tr\/battery-bank-backup-for-home\/\">ev i\u00e7in pil deposu yedeklemesi<\/a> cebinize kadar geliyor.<\/p>\n<p>\u0130\u015fte bizim <strong>Haisic iPhone 13 Pro Max batarya<\/strong> di\u011ferlerinden ay\u0131ran \u00f6zellikler:<\/p>\n<ul>\n<li><strong>OEM-Seviyesi Kalite Kontrol\u00fc:<\/strong> B\u00fcy\u00fck \u00f6l\u00e7ekli enerji b\u00f6l\u00fcm\u00fcm\u00fczden s\u0131k\u0131 \u00fcretim protokolleri kullan\u0131yoruz. Size <strong>OEM kalitesinde iPhone 13 Pro Max bataryas\u0131<\/strong> g\u00fcvenli ve tutarl\u0131 bir \u015fekilde performans g\u00f6sterecek \u015fekilde \u00fcretilmi\u015ftir, g\u00fcnbeg\u00fcn.<\/li>\n<li><strong>M\u00fckemmel Uyum Garantisi:<\/strong> HS-iP13Pro Max batarya paketi hassas m\u00fchendislik ile tasarland\u0131. Telefonunuzun g\u00f6vdesine sorunsuzca oturur, <strong>Apple iPhone 13 Pro Max batarya tamiri<\/strong> g\u00fcvenli ve basit hale gelir.<\/li>\n<li><strong>S\u0131f\u0131r D\u00f6ng\u00fc Teknolojisi:<\/strong> Her bir birimin 0 yeni oldu\u011funu garanti ediyoruz. Size saf <strong>s\u0131f\u0131r d\u00f6ng\u00fc iPhone 13 Pro Max bataryas\u0131<\/strong> hi\u00e7bir \u00f6nceden \u015farj ge\u00e7mi\u015fi olmadan.<\/li>\n<\/ul>\n<h3>Haisic Avantaj\u0131 Bir Bak\u0131\u015fta<\/h3>\n<table>\n<thead>\n<tr>\n<th style=\"text-align: left;\">\u00d6zellik<\/th>\n<th style=\"text-align: left;\">Haisic Standard\u0131<\/th>\n<th style=\"text-align: left;\">Sana Yarar<\/th>\n<\/tr>\n<\/thead>\n<tbody>\n<tr>\n<td style=\"text-align: left;\"><strong>Kalite Kontrol<\/strong><\/td>\n<td style=\"text-align: left;\">End\u00fcstriyel seviyede test<\/td>\n<td style=\"text-align: left;\">G\u00fcvenli, g\u00fcvenilir g\u00fcnl\u00fck performans<\/td>\n<\/tr>\n<tr>\n<td style=\"text-align: left;\"><strong>Uygunluk<\/strong><\/td>\n<td style=\"text-align: left;\">1:1 Hassasiyet tasar\u0131m\u0131<\/td>\n<td style=\"text-align: left;\">Kolay, zahmetsiz kurulum<\/td>\n<\/tr>\n<tr>\n<td style=\"text-align: left;\"><strong>Batarya \u00d6mr\u00fc<\/strong><\/td>\n<td style=\"text-align: left;\">S\u0131f\u0131r \u015farj d\u00f6ng\u00fcs\u00fc<\/td>\n<td style=\"text-align: left;\">\u0130lk g\u00fcnden maksimum \u00f6m\u00fcr<\/td>\n<\/tr>\n<\/tbody>\n<\/table>\n<h2>Kurulum ve Uyumluluk K\u0131lavuzu<\/h2>\n<p>\u0130\u015finiz s\u00f6z konusu oldu\u011funda <strong>Apple iPhone 13 Pro Max batarya tamiri<\/strong>, g\u00fcvenlik ve hassasiyet en \u00f6nceli\u011fimizdir. B\u00fcy\u00fck end\u00fcstriyel ekipmanlar\u0131m\u0131z i\u00e7in s\u0131k\u0131 kullan\u0131m protokollerini vurgulad\u0131\u011f\u0131m\u0131z gibi <a href=\"https:\/\/haisicstorage.com\/tr\/haisic-12v-70ah-lifepo4-deep-cycle-lithium-battery\/\">12V 70Ah LiFePO4 derin d\u00f6ng\u00fc lityum piller<\/a>, y\u00fcksek yo\u011funluklu lityum iyon polimer telefon pilinin kurulumu dikkat gerektirir.<\/p>\n<h3>Pilinizin Kurulumu Nas\u0131l Yap\u0131l\u0131r<\/h3>\n<ul>\n<li><strong>Profesyonel Kurulum:<\/strong> Cihaz\u0131n\u0131z\u0131 sertifikal\u0131 bir teknisyene g\u00f6t\u00fcrmenizi \u015fiddetle tavsiye ederiz. Modern ak\u0131ll\u0131 telefonlar g\u00fc\u00e7l\u00fc su ge\u00e7irmez yap\u0131\u015ft\u0131r\u0131c\u0131lar ve hassas \u015ferit kablolar kullan\u0131r, bu kablolar kolayca y\u0131rt\u0131labilir.<\/li>\n<li><strong>Kendin Yap Yakla\u015f\u0131m\u0131:<\/strong> Deneyimliyseniz ve tam bir <strong>iPhone pil de\u011fi\u015ftirme kiti<\/strong>, kulland\u0131\u011f\u0131n\u0131zda, tam pentalobe tornavidalar, spatula ve yeni yap\u0131\u015ft\u0131r\u0131c\u0131 \u015feritleri oldu\u011fundan emin olun. Onarmaya ba\u015flamadan \u00f6nce eski pilinizi 25%\u2019nin alt\u0131na bo\u015falt\u0131n, b\u00f6ylece yanl\u0131\u015fl\u0131kla delinirse termal olaylar\u0131n \u00f6n\u00fcne ge\u00e7ebilirsiniz.<\/li>\n<\/ul>\n<h3>iOS Pil Sa\u011fl\u0131\u011f\u0131 Notu<\/h3>\n<p>Apple\u2019\u0131n dahili yaz\u0131l\u0131m takibi nedeniyle, yeni kurulumunuzdan sonra bilmeniz gerekenler <strong>Haisic HS-iP13Pro Max pil paketi<\/strong>:<\/p>\n<ul>\n<li><strong>\u201c\u00d6nemli Pil Mesaj\u0131\u201d:<\/strong> Ayarlar\u0131n\u0131zda iOS\u2019un pilin ger\u00e7ek bir Apple par\u00e7as\u0131 olup olmad\u0131\u011f\u0131n\u0131 do\u011frulayamad\u0131\u011f\u0131n\u0131 belirten bir bildirim g\u00f6rebilirsiniz.<\/li>\n<li><strong>Bo\u015f Sa\u011fl\u0131k Y\u00fczdesi:<\/strong> iOS ayarlar\u0131n\u0131zda Maksimum Kapasite okumas\u0131 <em>&gt; Pil &gt; Pil Sa\u011fl\u0131\u011f\u0131 men\u00fcs\u00fc<\/em> y\u00fczde yerine bo\u015f bir \u00e7izgi (-) g\u00f6sterecektir.<\/li>\n<li><strong>Tam Performans:<\/strong> Endi\u015felenmeyin\u2014bu sadece bir yaz\u0131l\u0131m kilididir. Telefonunuz 0 g\u00fcvenlidir ve <strong>4770mAh iPhone batarya y\u00fckseltmesi<\/strong>. ile b\u00fcy\u00fck \u00e7al\u0131\u015fma s\u00fcresi avantajlar\u0131n\u0131n tamam\u0131n\u0131 deneyimleyeceksiniz. S\u0131f\u0131r d\u00f6ng\u00fc, OEM kalitesinde performans al\u0131yorsunuz, yaz\u0131l\u0131m tam say\u0131y\u0131 g\u00f6stermeyi reddetse bile.<\/li>\n<\/ul>\n<h2>Haisic iPhone 13 Pro Max Pil G\u00fcvencesi ve Destek G\u00fcven Fakt\u00f6rleri<\/h2>\n<p>Cihaz\u0131n\u0131z\u0131 y\u00fckseltti\u011finizde, tam bir g\u00fcven huzuru gerekir. Her \u00fcr\u00fcn\u00fcm\u00fcz\u00fcn arkas\u0131nda duruyoruz <strong>Haisic iPhone 13 Pro Max batarya<\/strong> sa\u011flam garantiler, sertifikal\u0131 g\u00fcvenlik standartlar\u0131 ve h\u0131zl\u0131 teknik destek ile.<\/p>\n<h3>GB 31241-2022 Sertifikal\u0131 Telefon Pil<\/h3>\n<p>G\u00fcvenlik bizim en temel \u00f6nceli\u011fimizdir. Bu <strong>HS-iP13Pro Max batarya paketi<\/strong> s\u0131k\u0131 bir \u015fekilde <strong>4.35V<\/strong> uygulama standard\u0131na uyarak a\u015f\u0131r\u0131 \u015farj ve a\u015f\u0131r\u0131 \u0131s\u0131nmay\u0131 \u00f6nler.<\/p>\n<ul>\n<li><strong>Sertifikal\u0131 G\u00fcvenli:<\/strong> CE ve RoHS g\u00fcvenlik i\u015faretlerine tamamen uygundur.<\/li>\n<li><strong>End\u00fcstri S\u0131n\u0131f\u0131 Testler:<\/strong> Sa\u011flam \u00e7\u00f6z\u00fcmler tasarlad\u0131\u011f\u0131m\u0131z gibi <a href=\"https:\/\/haisicstorage.com\/tr\/48-volt-battery-lithium\/\">48 volt lityum pillerimiz<\/a> b\u00fcy\u00fck \u00f6l\u00e7ekli enerji depolama i\u00e7in, mobil g\u00fc\u00e7 \u00fcnitelerimize de ayn\u0131 titizlikle kalite kontrol\u00fc uygular\u0131z.<\/li>\n<\/ul>\n<h3>12 Ayl\u0131k De\u011fi\u015fim Garantisi<\/h3>\n<p>Lityum iyon polimer telefon pillerimizi dayanacak \u015fekilde \u00fcretiyoruz. E\u011fer iPhone 13 Pro Max yedek piliniz normal kullan\u0131m alt\u0131nda performans beklentilerini kar\u015f\u0131lamazsa, kapsaml\u0131 <strong>12 ayl\u0131k de\u011fi\u015fim garantimiz<\/strong>. ile tamamen korunursunuz. De\u011fi\u015fimleri h\u0131zl\u0131 bir \u015fekilde ger\u00e7ekle\u015ftirerek cihaz\u0131n\u0131z\u0131n minimum kesintiye u\u011framas\u0131n\u0131 sa\u011fl\u0131yoruz.<\/p>\n<h3>\u00d6zel Teknik Destek<\/h3>\n<p>\u0130ster iPhone pil de\u011fi\u015ftirme kitinizle ilgili sorular\u0131n\u0131z olsun, ister 18.37Wh kapasitenizi en iyi \u015fekilde kullanmak i\u00e7in tavsiye al\u0131n, yard\u0131ma haz\u0131r\u0131z.<\/p>\n<ul>\n<li><strong>Do\u011frudan Eri\u015fim:<\/strong> Shenzhen Haisic Teknoloji teknik destek ekibine do\u011frudan ba\u011flan\u0131n.<\/li>\n<li><strong>Uzman Rehberli\u011fi:<\/strong> Pil kimyas\u0131 konusunda s\u0131f\u0131rdan anlayan bir \u00fcreticiden ger\u00e7ek cevaplar al\u0131n.<\/li>\n<\/ul>\n<h2>SSS: Haisic iPhone 13 Pro Max Pil<\/h2>\n<h3>Bu yedek par\u00e7a ile iOS Pil Sa\u011fl\u0131\u011f\u0131 g\u00f6sterecek mi?<\/h3>\n<p>Yeni bir <strong>iPhone 13 Pro Max yedek pil<\/strong>, y\u00fckledi\u011finizde, Apple\u2019\u0131n iOS\u2019u ayarlar\u0131n\u0131zda \u201cBilinmeyen Par\u00e7a\u201d mesaj\u0131 g\u00f6sterebilir ve Pil Sa\u011fl\u0131\u011f\u0131 y\u00fczdesi g\u00f6r\u00fcnmez hale gelebilir. Bu, profesyonel bir mikro\u00e7ip transferi yap\u0131lmad\u0131k\u00e7a t\u00fcm yan sanayi piller i\u00e7in standartt\u0131r. Endi\u015felenmeyin, bu yaz\u0131l\u0131m uyar\u0131s\u0131 cihaz\u0131n\u0131z\u0131n maksimum performans\u0131n\u0131 veya ger\u00e7ek \u00e7al\u0131\u015fma s\u00fcresini s\u0131n\u0131rland\u0131rmaz.<\/p>\n<h3>4770mAh kapasite telefonum i\u00e7in g\u00fcvenli mi?<\/h3>\n<p>Kesinlikle. Tasarlad\u0131k <strong>Haisic iPhone 13 Pro Max batarya<\/strong> Ak\u0131ll\u0131 entegre devre \u00e7ipi ile donat\u0131lm\u0131\u015f premium lityum iyon polimer \u00e7ekirde\u011fi kullan\u0131larak. Bu yerle\u015fik sistem a\u015f\u0131r\u0131 \u015farj\u0131, a\u015f\u0131r\u0131 \u0131s\u0131nmay\u0131 ve k\u0131sa devreleri aktif olarak engeller. Tam anlam\u0131yla GB 31241-2022 sertifikas\u0131na sahiptir. Mobil pillerimize, <a href=\"https:\/\/haisicstorage.com\/tr\/urun\/\">daha b\u00fcy\u00fck end\u00fcstriyel ve ticari enerji \u00fcr\u00fcnlerimize uygulad\u0131\u011f\u0131m\u0131z ayn\u0131 titiz g\u00fcvenlik testlerini yap\u0131yoruz<\/a>.<\/p>\n<h3>HS-iP13Pro Max pil paketi h\u0131zl\u0131 \u015farj\u0131 destekliyor mu?<\/h3>\n<p>Evet. Bu <strong>y\u00fcksek kapasiteli iPhone 13 Pro Max pil<\/strong> cihaz\u0131n\u0131z\u0131n orijinal h\u0131zl\u0131 \u015farj ve kablosuz \u015farj protokolleriyle 0% uyumludur. G\u00fcnl\u00fck maksimum kullan\u0131m i\u00e7in m\u00fckemmel \u015fekilde e\u015fle\u015ftirilmi\u015f, al\u0131\u015f\u0131k oldu\u011funuz ayn\u0131 h\u0131zl\u0131 \u015farj h\u0131zlar\u0131n\u0131 al\u0131rs\u0131n\u0131z ve geli\u015ftirilmi\u015f 18.37Wh dereceli enerji ile maksimum performans sa\u011flar.<\/p>\n<div id=\"references\" class=\"min-w-0 scroll-mt-8 overflow-hidden\">\n<div class=\"flex flex-col gap-2 text-sm leading-relaxed\"><\/div>\n<\/div>","protected":false},"excerpt":{"rendered":"<p>Haisic iPhone 13 Pro Max batarya 4770mAh y\u00fcksek kapasiteli GB 31241 2022 sertifikal\u0131 g\u00fcvenli g\u00fcvenilir yedek par\u00e7a<\/p>","protected":false},"featured_media":3822,"template":"","meta":{"site-sidebar-layout":"default","site-content-layout":"","ast-site-content-layout":"default","site-content-style":"default","site-sidebar-style":"default","ast-global-header-display":"","ast-banner-title-visibility":"","ast-main-header-display":"","ast-hfb-above-header-display":"","ast-hfb-below-header-display":"","ast-hfb-mobile-header-display":"","site-post-title":"","ast-breadcrumbs-content":"","ast-featured-img":"","footer-sml-layout":"","ast-disable-related-posts":"","theme-transparent-header-meta":"default","adv-header-id-meta":"","stick-header-meta":"default","header-above-stick-meta":"","header-main-stick-meta":"","header-below-stick-meta":"","astra-migrate-meta-layouts":"set","ast-page-background-enabled":"default","ast-page-background-meta":{"desktop":{"background-color":"var(--ast-global-color-4)","background-image":"","background-repeat":"repeat","background-position":"center center","background-size":"auto","background-attachment":"scroll","background-type":"","background-media":"","overlay-type":"","overlay-color":"","overlay-opacity":"","overlay-gradient":""},"tablet":{"background-color":"","background-image":"","background-repeat":"repeat","background-position":"center center","background-size":"auto","background-attachment":"scroll","background-type":"","background-media":"","overlay-type":"","overlay-color":"","overlay-opacity":"","overlay-gradient":""},"mobile":{"background-color":"","background-image":"","background-repeat":"repeat","background-position":"center center","background-size":"auto","background-attachment":"scroll","background-type":"","background-media":"","overlay-type":"","overlay-color":"","overlay-opacity":"","overlay-gradient":""}},"ast-content-background-meta":{"desktop":{"background-color":"var(--ast-global-color-5)","background-image":"","background-repeat":"repeat","background-position":"center center","background-size":"auto","background-attachment":"scroll","background-type":"","background-media":"","overlay-type":"","overlay-color":"","overlay-opacity":"","overlay-gradient":""},"tablet":{"background-color":"var(--ast-global-color-5)","background-image":"","background-repeat":"repeat","background-position":"center center","background-size":"auto","background-attachment":"scroll","background-type":"","background-media":"","overlay-type":"","overlay-color":"","overlay-opacity":"","overlay-gradient":""},"mobile":{"background-color":"var(--ast-global-color-5)","background-image":"","background-repeat":"repeat","background-position":"center center","background-size":"auto","background-attachment":"scroll","background-type":"","background-media":"","overlay-type":"","overlay-color":"","overlay-opacity":"","overlay-gradient":""}}},"product_brand":[],"product_cat":[59],"product_tag":[],"class_list":{"0":"post-3820","1":"product","2":"type-product","3":"status-publish","4":"has-post-thumbnail","6":"product_cat-iphone-battery-series","7":"desktop-align-left","8":"tablet-align-left","9":"mobile-align-left","10":"ast-product-gallery-layout-horizontal-slider","11":"ast-product-tabs-layout-horizontal","13":"first","14":"instock","15":"shipping-taxable","16":"purchasable","17":"product-type-simple"},"_links":{"self":[{"href":"https:\/\/haisicstorage.com\/tr\/wp-json\/wp\/v2\/product\/3820","targetHints":{"allow":["GET"]}}],"collection":[{"href":"https:\/\/haisicstorage.com\/tr\/wp-json\/wp\/v2\/product"}],"about":[{"href":"https:\/\/haisicstorage.com\/tr\/wp-json\/wp\/v2\/types\/product"}],"version-history":[{"count":0,"href":"https:\/\/haisicstorage.com\/tr\/wp-json\/wp\/v2\/product\/3820\/revisions"}],"wp:featuredmedia":[{"embeddable":true,"href":"https:\/\/haisicstorage.com\/tr\/wp-json\/wp\/v2\/media\/3822"}],"wp:attachment":[{"href":"https:\/\/haisicstorage.com\/tr\/wp-json\/wp\/v2\/media?parent=3820"}],"wp:term":[{"taxonomy":"product_brand","embeddable":true,"href":"https:\/\/haisicstorage.com\/tr\/wp-json\/wp\/v2\/product_brand?post=3820"},{"taxonomy":"product_cat","embeddable":true,"href":"https:\/\/haisicstorage.com\/tr\/wp-json\/wp\/v2\/product_cat?post=3820"},{"taxonomy":"product_tag","embeddable":true,"href":"https:\/\/haisicstorage.com\/tr\/wp-json\/wp\/v2\/product_tag?post=3820"}],"curies":[{"name":"wp","href":"https:\/\/api.w.org\/{rel}","templated":true}]}}