{"id":3795,"date":"2026-03-23T06:53:58","date_gmt":"2026-03-23T06:53:58","guid":{"rendered":"https:\/\/haisicstorage.com\/haisic-iphone-14plus-battery\/"},"modified":"2026-03-23T09:01:57","modified_gmt":"2026-03-23T09:01:57","slug":"haisic-iphone-14plus-battery","status":"publish","type":"product","link":"https:\/\/haisicstorage.com\/tr\/haisic-iphone-14plus-battery\/","title":{"rendered":"Haisic iPhone 14 Plus Pil 4770mAh Y\u00fcksek Kapasiteli Yedek Par\u00e7a"},"content":{"rendered":"<h2>Haisic Y\u00fcksek Kapasiteli Yedek Pil iPhone 14 Plus i\u00e7in (4770mAh) \u2013 DIY Tamir Seti ile birlikte<\/h2>\n<p>Telefonunuz tam ihtiyac\u0131n\u0131z oldu\u011funda bitmekten mi yoruldunuz? S\u00fcrekli duvar prizine ba\u011fl\u0131 kalmak, her yere b\u00fcy\u00fck bir g\u00fc\u00e7 bankas\u0131 ta\u015f\u0131mak veya ani cihaz kapanmalar\u0131yla m\u0131 u\u011fra\u015f\u0131yorsunuz? Kontrol\u00fc ele alma zaman\u0131 geldi. Cihaz\u0131n\u0131z\u0131 tekrar yeni gibi g\u00f6stermek i\u00e7in bir tamirhaneye servet harcaman\u0131za gerek yok. Biz kurduk <strong>Haisic iPhone 14 Plus pili<\/strong> evde tamirleri basit, g\u00fcvenli ve inan\u0131lmaz derecede etkili hale getirmek i\u00e7in kit.<\/p>\n<p>Bu sadece ba\u015fka bir standart yedek par\u00e7a de\u011fil. Size ger\u00e7ek bir <strong>4770mAh iPhone 14 Plus pil<\/strong> geli\u015ftirmesi sunuyoruz, s\u0131f\u0131r d\u00f6ng\u00fc h\u00fccreleriyle donat\u0131lm\u0131\u015ft\u0131r, yani hi\u00e7 kullan\u0131lmam\u0131\u015f, \u015farj edilmemi\u015f veya bo\u015falmam\u0131\u015ft\u0131r ve elinize ula\u015fmadan \u00f6nce. <strong>Kapsaml\u0131 olan\u0131 yakalay\u0131n<\/strong> Apple iPhone 14 Plus pil seti.<\/p>\n<h3>ve g\u00fcnl\u00fck kullan\u0131m\u0131n\u0131za taze bir soluk kazand\u0131r\u0131n.<\/h3>\n<p>H\u0131zl\u0131 \u00d6zellikler: Haisic HS-iP14Plus <strong>En iyi performans ve g\u00fcvenlik sa\u011flamak i\u00e7in, bunu tasarlad\u0131k<\/strong> 3.86V lityum-iyon polimer pil.<\/p>\n<table>\n<thead>\n<tr>\n<th style=\"text-align: left;\">\u00d6zellik<\/th>\n<th style=\"text-align: left;\">Detay<\/th>\n<\/tr>\n<\/thead>\n<tbody>\n<tr>\n<td style=\"text-align: left;\"><strong>\u00dcr\u00fcn Ad\u0131<\/strong><\/td>\n<td style=\"text-align: left;\">Lityum-\u0130yon Polimer Pil Paketi<\/td>\n<\/tr>\n<tr>\n<td style=\"text-align: left;\"><strong>Model Numaras\u0131<\/strong><\/td>\n<td style=\"text-align: left;\"><strong>s\u0131k\u0131 end\u00fcstri standartlar\u0131na uygun olarak.<\/strong> Haisic HS-iP14Plus <strong>(Uyumlu<\/strong>)<\/td>\n<\/tr>\n<tr>\n<td style=\"text-align: left;\"><strong>Nominal Kapasite<\/strong><\/td>\n<td style=\"text-align: left;\">A2886 pil de\u011fi\u015fimi<strong>4770mAh (<\/strong>)<\/td>\n<\/tr>\n<tr>\n<td style=\"text-align: left;\"><strong>Nominal Enerji<\/strong><\/td>\n<td style=\"text-align: left;\"><strong>18.42Wh telefon bataryas\u0131 de\u011fi\u015fimi<\/strong><\/td>\n<\/tr>\n<tr>\n<td style=\"text-align: left;\"><strong>Nominal Gerilim<\/strong><\/td>\n<td style=\"text-align: left;\">3.86V<\/td>\n<\/tr>\n<tr>\n<td style=\"text-align: left;\"><strong>\u015earj S\u0131n\u0131r Voltaj\u0131<\/strong><\/td>\n<td style=\"text-align: left;\">4.47V<\/td>\n<\/tr>\n<tr>\n<td style=\"text-align: left;\"><strong>Y\u00fcr\u00fctme Standard\u0131<\/strong><\/td>\n<td style=\"text-align: left;\">4.35V<\/td>\n<\/tr>\n<tr>\n<td style=\"text-align: left;\"><strong>\u00dcretici<\/strong><\/td>\n<td style=\"text-align: left;\">Shenzhen Haisic Teknoloji A.\u015e.<\/td>\n<\/tr>\n<\/tbody>\n<\/table>\n<h3>OEM Kalite iPhone 14 Plus Bataryas\u0131<\/h3>\n<p>Kendin Yap elektronik tamirinin korkutucu olabilece\u011fini biliyoruz. \u0130\u015fte bu y\u00fczden bunu tasarlad\u0131k <strong>Kendin Yap iPhone 14 Plus batarya tamir kiti<\/strong> premium bile\u015fenlerle ve end\u00fcstriyel s\u0131n\u0131f g\u00fcvenlik protokolleriyle desteklenmi\u015ftir. Haisic'i se\u00e7ti\u011finizde, g\u00fcvenilirli\u011fi tercih ediyorsunuz.<\/p>\n<ul>\n<li><strong>iPhone 14 Plus S\u0131f\u0131r D\u00f6ng\u00fc Bataryas\u0131:<\/strong> Sadece yeni, fabrika \u00e7\u0131k\u0131\u015fl\u0131 h\u00fccreler kullan\u0131yoruz. Bu, maksimum dayan\u0131kl\u0131l\u0131k ve kal\u0131c\u0131 <strong>iPhone 14 Plus batarya sa\u011fl\u0131\u011f\u0131 tamiri sa\u011flar<\/strong>.<\/li>\n<li><strong>Geli\u015fmi\u015f Ak\u0131ll\u0131 Entegre Devre (IC) \u00c7ipi:<\/strong> Yerle\u015fik donan\u0131m korumalar\u0131, pahal\u0131 cihaz\u0131n\u0131z\u0131 a\u015f\u0131r\u0131 \u015farj, a\u015f\u0131r\u0131 \u0131s\u0131nma ve k\u0131sa devreye kar\u015f\u0131 korur.<\/li>\n<li><strong>Hassas M\u00fchendislik:<\/strong> Orijinal bataryan\u0131z\u0131n tam boyutlar\u0131na uygun olarak \u00f6zel olarak \u00fcretilmi\u015f, sorunsuz takma uyumu sa\u011flar.<\/li>\n<li><strong>Tam Kurulum Seti:<\/strong> Her kutu y\u00fcksek dayan\u0131kl\u0131 <strong>iPhone 14 Plus batarya yap\u0131\u015fkan \u015feritleri<\/strong> ve i\u015fi do\u011fru yapmak i\u00e7in hassas ara\u00e7lar i\u00e7erir.<\/li>\n<li><strong>Sertifikal\u0131 G\u00fcvenlik:<\/strong> GB 31241-2022 standartlar\u0131 alt\u0131nda titizlikle test edilmi\u015ftir, yo\u011fun y\u00fck alt\u0131nda stabil ve g\u00fcvenilir g\u00fcnl\u00fck kullan\u0131m garantisi verir.<\/li>\n<\/ul>\n<p>Ekran s\u00fcrenizden \u00f6d\u00fcn vermeyi b\u0131rak\u0131n. <strong>iPhone 14 Plus batarya t\u00fcketimini giderin<\/strong> bug\u00fcn, en zorlu uygulamalar\u0131n\u0131z, oyunlar\u0131n\u0131z ve yay\u0131n oturumlar\u0131n\u0131zla sorunsuzca ba\u015fa \u00e7\u0131kacak g\u00fcvenilir, y\u00fcksek \u00e7\u0131k\u0131\u015fl\u0131 g\u00fc\u00e7 kayna\u011f\u0131 ile.<\/p>\n<h2>\u00dcretici Avantaj\u0131<\/h2>\n<h3>Haisic taraf\u0131ndan tasarland\u0131: 15 Y\u0131ll\u0131k Uzmanl\u0131k<\/h3>\n<p>Birini se\u00e7ti\u011finizde <strong>Haisic iPhone 14 Plus pili<\/strong>, sadece standart bir yan sanayi par\u00e7as\u0131 alm\u0131yorsunuz. Do\u011frudan \u00fcreticiden g\u00fcvenilirlik kazan\u0131yorsunuz. 15 y\u0131l boyunca g\u00fc\u00e7 \u00e7\u00f6z\u00fcmleri \u00fczerinde \u00e7al\u0131\u015ft\u0131k, k\u00fcresel olarak \u00f6nde gelen bir firma olarak faaliyet g\u00f6steriyoruz <a href=\"https:\/\/haisicstorage.com\/tr\/energy-storage-system-supplier\/\">enerji depolama sistemi tedarik\u00e7isinden<\/a>. \u015eimdi, bu end\u00fcstriyel s\u0131n\u0131f m\u00fchendisli\u011fi do\u011frudan sizin elinizde. Enerji depolama konusunda i\u00e7ten d\u0131\u015fa bilgi sahibiyiz, b\u00f6ylece iPhone 14 Plus yedek pilinizin bizim b\u00fcy\u00fck \u00f6l\u00e7ekli ticari \u00fcnitelerimizle ayn\u0131 titizlikte kalite kontrol\u00fc sa\u011flad\u0131\u011f\u0131ndan emin olabilirsiniz.<\/p>\n<h3>Ger\u00e7ek Kapasite<\/h3>\n<p>\u015ei\u015firilmi\u015f rakamlar\u0131 ve yanl\u0131\u015f pazarlamay\u0131 unutun. Bizim <strong>s\u0131k\u0131 end\u00fcstri standartlar\u0131na uygun olarak.<\/strong> etikette yaz\u0131lan\u0131 tam olarak verir.<\/p>\n<ul>\n<li><strong>Do\u011frulanm\u0131\u015f G\u00fc\u00e7:<\/strong> Ger\u00e7ek bir <strong>4770mAh iPhone 14 Plus pil<\/strong>.<\/li>\n<li><strong>D\u00fcr\u00fcst \u00c7\u0131k\u0131\u015f:<\/strong> An <strong>18.42Wh telefon bataryas\u0131 de\u011fi\u015fimi<\/strong> yo\u011fun g\u00fcnl\u00fck kullan\u0131m\u0131 kolayca kar\u015f\u0131lamak \u00fczere tasarland\u0131.<\/li>\n<li><strong>Ger\u00e7ek Sonu\u00e7lar:<\/strong> iPhone 14 Plus pil t\u00fcketimini d\u00fczeltmek ve g\u00fc\u00e7 endi\u015fenizi kal\u0131c\u0131 olarak \u00e7\u00f6zmek i\u00e7in \u00f6zel olarak tasarland\u0131.<\/li>\n<\/ul>\n<h3>Geli\u015fmi\u015f Ak\u0131ll\u0131 Entegre Devre (Smart IC)<\/h3>\n<p>Ham g\u00fc\u00e7 ak\u0131ll\u0131 y\u00f6netim gerektirir. Pillerimizi kat\u0131 g\u00fcvenlik ve performans standartlar\u0131na uygun \u015fekilde in\u015fa ettik.<\/p>\n<ul>\n<li><strong>Entegre Koruma:<\/strong> Geli\u015fmi\u015f Smart IC \u00e7ipimiz, telefonunuzu a\u015f\u0131r\u0131 \u015farj, a\u015f\u0131r\u0131 \u0131s\u0131nma ve k\u0131sa devreye kar\u015f\u0131 aktif olarak korur.<\/li>\n<li><strong>Sorunsuz Entegrasyon:<\/strong> Sunar <strong>OEM kalitesinde iPhone 14 Plus pil<\/strong> performans, cihaz\u0131n\u0131z\u0131n anakart\u0131na d\u00fczg\u00fcn ve stabil g\u00fc\u00e7 iletimi sa\u011flar.<\/li>\n<\/ul>\n<h3>\u00dcst D\u00fczey H\u00fccreler<\/h3>\n<p>G\u00fc\u00e7 kayna\u011f\u0131n\u0131n temel ta\u015f\u0131 h\u00fccre kendisidir. Maksimum dayan\u0131kl\u0131l\u0131k ve g\u00fcvenlik garantisi i\u00e7in sadece en kaliteli malzemeleri kullan\u0131yoruz.<\/p>\n<ul>\n<li><strong>Y\u00fcksek Kalite \u00c7ekirdek:<\/strong> Yo\u011fun, premium <strong>En iyi performans ve g\u00fcvenlik sa\u011flamak i\u00e7in, bunu tasarlad\u0131k<\/strong> pil h\u00fccresi.<\/li>\n<li><strong>Taze \u00d6m\u00fcr:<\/strong> Her bir birim ger\u00e7ek bir <strong>iPhone 14 Plus s\u0131f\u0131r d\u00f6ng\u00fc pili<\/strong> do\u011frudan fabrikam\u0131zdan \u00e7\u0131kma, size kutudan \u00e7\u0131kar \u00e7\u0131kmaz maksimum \u015farj d\u00f6ng\u00fcs\u00fc say\u0131s\u0131n\u0131 sa\u011flar.<\/li>\n<\/ul>\n<h2>Haisic HS-iP14Plus Teknik Verileri<\/h2>\n<p>Haisic'te, \u00f6zelliklerimizi gizlemiyoruz. Ak\u0131ll\u0131 telefon pillerimizi, b\u00fcy\u00fck \u00f6l\u00e7ekli enerji depolama teknolojisinde oldu\u011fu gibi ayn\u0131 hassasiyetle tasarl\u0131yoruz. <a href=\"https:\/\/haisicstorage.com\/tr\/battery-bank-backup-for-home\/\">ev i\u00e7in pil deposu yedeklemesi<\/a>. A\u015fa\u011f\u0131da, yeni Shenzhen Haisic telefon pil y\u00fckseltmeniz i\u00e7in tam teknik veriler yer almaktad\u0131r.<\/p>\n<table>\n<thead>\n<tr>\n<th style=\"text-align: left;\">\u00d6zellik<\/th>\n<th style=\"text-align: left;\">Detaylar<\/th>\n<\/tr>\n<\/thead>\n<tbody>\n<tr>\n<td style=\"text-align: left;\"><strong>\u00dcr\u00fcn Ad\u0131<\/strong><\/td>\n<td style=\"text-align: left;\">3.86V lityum-iyon polimer pil paketi<\/td>\n<\/tr>\n<tr>\n<td style=\"text-align: left;\"><strong>Model Numaras\u0131<\/strong><\/td>\n<td style=\"text-align: left;\">s\u0131k\u0131 end\u00fcstri standartlar\u0131na uygun olarak.<\/td>\n<\/tr>\n<tr>\n<td style=\"text-align: left;\"><strong>Uyumlu Cihaz<\/strong><\/td>\n<td style=\"text-align: left;\">Apple iPhone 14 Plus (A2886 pil de\u011fi\u015fimi i\u00e7in idealdir)<\/td>\n<\/tr>\n<tr>\n<td style=\"text-align: left;\"><strong>Nominal Kapasite<\/strong><\/td>\n<td style=\"text-align: left;\">4770mAh iPhone 14 Plus pil<\/td>\n<\/tr>\n<tr>\n<td style=\"text-align: left;\"><strong>Nominal Enerji<\/strong><\/td>\n<td style=\"text-align: left;\">18.42Wh telefon bataryas\u0131 de\u011fi\u015fimi<\/td>\n<\/tr>\n<tr>\n<td style=\"text-align: left;\"><strong>Nominal Gerilim<\/strong><\/td>\n<td style=\"text-align: left;\">3.86V<\/td>\n<\/tr>\n<tr>\n<td style=\"text-align: left;\"><strong>\u015earj S\u0131n\u0131r\u0131<\/strong><\/td>\n<td style=\"text-align: left;\">4.47V<\/td>\n<\/tr>\n<tr>\n<td style=\"text-align: left;\"><strong>Standart<\/strong><\/td>\n<td style=\"text-align: left;\">4.35V<\/td>\n<\/tr>\n<tr>\n<td style=\"text-align: left;\"><strong>\u00dcretici<\/strong><\/td>\n<td style=\"text-align: left;\">Shenzhen Haisic Teknoloji A.\u015e.<\/td>\n<\/tr>\n<\/tbody>\n<\/table>\n<h2>DIY iPhone 14 Plus Pil Tamir Kiti Deste\u011fi<\/h2>\n<h3>Pilinizde G\u00fcvenle De\u011fi\u015ftirin<\/h3>\n<p>\u0130\u015finizi <strong>iPhone 14 Plus batarya sa\u011fl\u0131\u011f\u0131 tamiri sa\u011flar<\/strong> tamamen basit hale getiriyoruz. Cihaz\u0131n\u0131z\u0131 y\u00fckseltmek korkutucu olmak zorunda de\u011fil. Hi\u00e7 telefon a\u00e7mad\u0131ysan\u0131z bile, kiti\u011fimiz size tam ara\u00e7lar ve g\u00fcven sa\u011flar <strong>(Uyumlu<\/strong> evde yapabilece\u011finiz. Ayn\u0131 titizlikle \u00fcretim ve g\u00fcvenlik standartlar\u0131n\u0131 uyguluyoruz, b\u00fcy\u00fck \u00f6l\u00e7ekli <a href=\"https:\/\/haisicstorage.com\/tr\/battery-for-home-backup\/\">ev yedekleme sistemleri i\u00e7in pilimizde de<\/a> g\u00fcvenilir, uzun \u00f6m\u00fcrl\u00fc g\u00fcnl\u00fck performans sa\u011flamak i\u00e7in.<\/p>\n<h3>Ad\u0131m Ad\u0131m Video E\u011fitimi Entegrasyonu<\/h3>\n<p>Sadece size bir g\u00f6ndermiyoruz <strong>OEM kalitesinde iPhone 14 Plus pil<\/strong> Ve bunu kendi ba\u015f\u0131n\u0131za \u00e7\u00f6zmenize b\u0131rak\u0131n. Paketinizde bulunan QR kodu tarayarak kapsaml\u0131 ve kullan\u0131c\u0131 dostu video rehberimize eri\u015febilirsiniz.<\/p>\n<ul>\n<li><strong>G\u00f6rsel Anlat\u0131m:<\/strong> Her bir par\u00e7an\u0131n s\u00f6kme ve yeniden montaj ad\u0131mlar\u0131n\u0131n net, yak\u0131n \u00e7ekim g\u00f6r\u00fcnt\u00fcleri.<\/li>\n<li><strong>G\u00dcVENL\u0130K \u00d6NCE:<\/strong> Fabrika yap\u0131\u015ft\u0131r\u0131c\u0131s\u0131n\u0131 g\u00fcvenli bir \u015fekilde yumu\u015fatmak ve ekran\u0131 hasar vermeden \u00e7\u0131karmak i\u00e7in uzman ipu\u00e7lar\u0131.<\/li>\n<li><strong>Kendi H\u0131z\u0131n\u0131zda \u00c7al\u0131\u015f\u0131n:<\/strong> Kurulumu ilerletirken kolayca takip edebilir, duraklatabilir ve geri sarabilirsiniz.<\/li>\n<\/ul>\n<h3>\u00d6nemli iOS Bildirimi: Beklentileri Y\u00f6netme<\/h3>\n<p>Yeni kurulumunuzu yapt\u0131ktan sonra <strong>Haisic iPhone 14 Plus yedek pil<\/strong>, iOS pil ayarlar\u0131nda \u201cBilinmeyen Par\u00e7a\u201d mesaj\u0131 g\u00f6receksiniz. Bu, resmi Apple Ma\u011fazas\u0131 d\u0131\u015f\u0131nda tak\u0131lan herhangi bir pil i\u00e7in standart Apple yaz\u0131l\u0131m protokol\u00fcd\u00fcr.<\/p>\n<ul>\n<li><strong>Performans D\u00fc\u015f\u00fc\u015f\u00fc Yok:<\/strong> Cihaz\u0131n\u0131z m\u00fckemmel \u015fekilde en y\u00fcksek h\u0131zlarda \u00e7al\u0131\u015facakt\u0131r.<\/li>\n<li><strong>Ger\u00e7ek G\u00fc\u00e7:<\/strong> Tam \u00e7al\u0131\u015fma s\u00fcresini deneyimleyeceksiniz <strong>4770mAh iPhone 14 Plus pil<\/strong>.<\/li>\n<li><strong>Pil Sa\u011fl\u0131\u011f\u0131 Raporu:<\/strong> iOS, t\u00fcm yan sanayi piller i\u00e7in \u201cMaksimum Kapasite\u201d y\u00fczdesi g\u00f6stergesini devre d\u0131\u015f\u0131 b\u0131rak\u0131r. Bu tamamen bir yaz\u0131l\u0131m engelidir ve pilinizin ger\u00e7ek \u00f6mr\u00fcn\u00fc, h\u0131zl\u0131 \u015farj\u0131n\u0131 veya genel performans\u0131n\u0131 hi\u00e7bir \u015fekilde k\u0131s\u0131tlamaz.<\/li>\n<\/ul>\n<h2>Kutuda Neler Var<\/h2>\n<p>Y\u00fckseltirken <strong>Haisic iPhone 14 Plus pili<\/strong>, \u0130\u015fte kutudan \u00e7\u0131kard\u0131\u011f\u0131n\u0131zda sorunsuz ve ba\u015far\u0131l\u0131 bir kurulum i\u00e7in ihtiyac\u0131n\u0131z olan her \u015fey.<\/p>\n<h3>Pil ve Yap\u0131\u015fkan \u015eeritler<\/h3>\n<ul>\n<li><strong>Y\u00fcksek Kapasiteli G\u00fc\u00e7:<\/strong> Bir adet tamamen yeni, s\u0131f\u0131r d\u00f6ng\u00fc <strong>4770mAh iPhone 14 Plus pil<\/strong> (Model: Haisic HS-iP14Plus).<\/li>\n<li><strong>\u00d6zel Montaj:<\/strong> \u00d6nceden Kesilmi\u015f <strong>iPhone 14 Plus batarya yap\u0131\u015fkan \u015feritleri<\/strong> g\u00fc\u00e7 h\u00fccresini kasa i\u00e7inde sa\u011flam bir \u015fekilde tutmak, fabrika seviyesinde stabilite ve g\u00fcvenli\u011fi korumak i\u00e7in.<\/li>\n<\/ul>\n<h3>Su Ge\u00e7irmez Ekran S\u0131zd\u0131rmazl\u0131k Yap\u0131\u015ft\u0131r\u0131c\u0131s\u0131<\/h3>\n<ul>\n<li><strong>Nem Korumas\u0131:<\/strong> Cihaz\u0131n\u0131z\u0131 a\u00e7mak orijinal fabrika s\u0131zd\u0131rmazl\u0131\u011f\u0131n\u0131 bozar. Ekran\u0131 tekrar takarken telefonunuzun suya ve toza kar\u015f\u0131 direncini yeniden kazand\u0131rmaya yard\u0131mc\u0131 olmak i\u00e7in \u00f6zel uyumlu yedek su ge\u00e7irmez ekran yap\u0131\u015ft\u0131r\u0131c\u0131s\u0131 dahil ediyoruz.<\/li>\n<\/ul>\n<h3>Kapsaml\u0131 Hassas Alet Tak\u0131m\u0131<\/h3>\n<ul>\n<li><strong>Hepsi Bir Arada Ara\u00e7lar:<\/strong> Bunu tam bir paket olarak sunuyoruz <strong>Kendin Yap iPhone 14 Plus batarya tamir kiti<\/strong>. Gerekli hassas tornavidalar (Pentalobe, Tri-point, Phillips), plastik spatulalar, emi\u015f halkas\u0131, c\u0131mb\u0131z ve a\u00e7ma aparat\u0131 i\u00e7erir. Ekran\u0131n\u0131z\u0131 g\u00fcvenli bir \u015fekilde a\u00e7mak ve pili de\u011fi\u015ftirmek i\u00e7in gereken tam ara\u00e7lara sahipsiniz, vida k\u0131rmadan veya hassas i\u00e7 kablolar\u0131 zarar vermeden.<\/li>\n<\/ul>\n<h2>SSS: Haisic iPhone 14 Plus Pil De\u011fi\u015fimi<\/h2>\n<h3>Bu, telefonumun beklenmedik kapanmalar\u0131n\u0131 \u00e7\u00f6zer mi?<\/h3>\n<p>Evet. Beklenmedik kapanmalar genellikle bozulmu\u015f pil art\u0131k zirve g\u00fcc\u00fc sa\u011flayamad\u0131\u011f\u0131nda meydana gelir. G\u00fcncellemeye ge\u00e7mek <strong>4770mAh iPhone 14 Plus pil<\/strong> sabit, y\u00fcksek kapasiteli bir enerji kayna\u011f\u0131 sa\u011flar ve ani g\u00fc\u00e7 d\u00fc\u015f\u00fc\u015flerini \u00e7\u00f6z\u00fcp g\u00fcvenilir performans\u0131 yeniden kazand\u0131r\u0131r.<\/p>\n<h3>Eski pilimi \u00e7\u0131karmadan \u00f6nce de\u015farj etmem gerekiyor mu?<\/h3>\n<p><strong>Kesinlikle.<\/strong> G\u00fcvenlik, herhangi bir g\u00fc\u00e7 h\u00fccresini i\u015flerken \u00f6nceliktir. Cihaz\u0131n\u0131z\u0131 a\u00e7madan \u00f6nce:<\/p>\n<ul>\n<li><strong>Eski pili 25%'nin alt\u0131na de\u015farj edin<\/strong> kald\u0131rma i\u015flemine ba\u015flamadan \u00f6nce.<\/li>\n<li>Tam \u015farjl\u0131 lityum iyon h\u00fccre, ara\u00e7lar\u0131n\u0131zla yanl\u0131\u015fl\u0131kla b\u00fck\u00fcld\u00fc\u011f\u00fcnde veya delinildi\u011finde ciddi bir yang\u0131n tehlikesi olu\u015fturabilir.<\/li>\n<li>B\u00fcy\u00fck \u00f6l\u00e7ekli <a href=\"https:\/\/haisicstorage.com\/tr\/how-do-domestic-energy-storage-batteries-work-in-the-home\/\">ev enerji depolama pilleri<\/a>, konusunda s\u0131k\u0131 g\u00fcvenlik protokollerini vurgulad\u0131\u011f\u0131m\u0131z gibi, dikkatli kullan\u0131m\u0131n\u0131z <strong>iPhone 14 Plus batarya sa\u011fl\u0131\u011f\u0131 tamiri sa\u011flar<\/strong> de\u011fi\u015fmezdir.<\/li>\n<\/ul>\n<h3>Pil, h\u0131zl\u0131 \u015farj ve MagSafe kablosuz \u015farj\u0131 destekliyor mu?<\/h3>\n<p>Evet, tam \u015farj fonksiyonunu koruyorsunuz. The <strong>s\u0131k\u0131 end\u00fcstri standartlar\u0131na uygun olarak.<\/strong> Apple donan\u0131m\u0131n\u0131zla m\u00fckemmel uyum sa\u011flayacak \u015fekilde tasarlanm\u0131\u015ft\u0131r.<\/p>\n<ul>\n<li><strong>Kablolu H\u0131zl\u0131 \u015earj:<\/strong> A\u015f\u0131r\u0131 \u0131s\u0131nmadan tamamen desteklenir.<\/li>\n<li><strong>MagSafe &amp; Qi Kablosuz:<\/strong> T\u00fcm manyetik ve kablosuz \u015farj cihazlar\u0131n\u0131zla sorunsuz \u00e7al\u0131\u015f\u0131r.<\/li>\n<li><strong>Ak\u0131ll\u0131 G\u00fc\u00e7 Y\u00f6netimi:<\/strong> \u00dcst\u00fcn bir <strong>En iyi performans ve g\u00fcvenlik sa\u011flamak i\u00e7in, bunu tasarlad\u0131k<\/strong> ve geli\u015fmi\u015f ak\u0131ll\u0131 IC etraf\u0131nda in\u015fa edilmi\u015ftir, her \u015farj\u0131n h\u0131zl\u0131, verimli ve g\u00fcvenli olmas\u0131n\u0131 sa\u011flar.<\/li>\n<\/ul>\n<div id=\"references\" class=\"min-w-0 scroll-mt-8 overflow-hidden\">\n<div class=\"flex flex-col gap-2 text-sm leading-relaxed\"><\/div>\n<\/div>","protected":false},"excerpt":{"rendered":"<p>Haisic iPhone 14 Plus pil 4770mAh y\u00fcksek kapasiteli g\u00fcvenli LiPo yedek par\u00e7a ile DIY tamir seti ara\u00e7lar\u0131 ve yap\u0131\u015ft\u0131r\u0131c\u0131lar ile sat\u0131n al\u0131n<\/p>","protected":false},"featured_media":3806,"template":"","meta":{"site-sidebar-layout":"default","site-content-layout":"","ast-site-content-layout":"default","site-content-style":"default","site-sidebar-style":"default","ast-global-header-display":"","ast-banner-title-visibility":"","ast-main-header-display":"","ast-hfb-above-header-display":"","ast-hfb-below-header-display":"","ast-hfb-mobile-header-display":"","site-post-title":"","ast-breadcrumbs-content":"","ast-featured-img":"","footer-sml-layout":"","ast-disable-related-posts":"","theme-transparent-header-meta":"default","adv-header-id-meta":"","stick-header-meta":"default","header-above-stick-meta":"","header-main-stick-meta":"","header-below-stick-meta":"","astra-migrate-meta-layouts":"set","ast-page-background-enabled":"default","ast-page-background-meta":{"desktop":{"background-color":"var(--ast-global-color-4)","background-image":"","background-repeat":"repeat","background-position":"center center","background-size":"auto","background-attachment":"scroll","background-type":"","background-media":"","overlay-type":"","overlay-color":"","overlay-opacity":"","overlay-gradient":""},"tablet":{"background-color":"","background-image":"","background-repeat":"repeat","background-position":"center center","background-size":"auto","background-attachment":"scroll","background-type":"","background-media":"","overlay-type":"","overlay-color":"","overlay-opacity":"","overlay-gradient":""},"mobile":{"background-color":"","background-image":"","background-repeat":"repeat","background-position":"center center","background-size":"auto","background-attachment":"scroll","background-type":"","background-media":"","overlay-type":"","overlay-color":"","overlay-opacity":"","overlay-gradient":""}},"ast-content-background-meta":{"desktop":{"background-color":"var(--ast-global-color-5)","background-image":"","background-repeat":"repeat","background-position":"center center","background-size":"auto","background-attachment":"scroll","background-type":"","background-media":"","overlay-type":"","overlay-color":"","overlay-opacity":"","overlay-gradient":""},"tablet":{"background-color":"var(--ast-global-color-5)","background-image":"","background-repeat":"repeat","background-position":"center center","background-size":"auto","background-attachment":"scroll","background-type":"","background-media":"","overlay-type":"","overlay-color":"","overlay-opacity":"","overlay-gradient":""},"mobile":{"background-color":"var(--ast-global-color-5)","background-image":"","background-repeat":"repeat","background-position":"center center","background-size":"auto","background-attachment":"scroll","background-type":"","background-media":"","overlay-type":"","overlay-color":"","overlay-opacity":"","overlay-gradient":""}}},"product_brand":[],"product_cat":[59],"product_tag":[],"class_list":{"0":"post-3795","1":"product","2":"type-product","3":"status-publish","4":"has-post-thumbnail","6":"product_cat-iphone-battery-series","7":"desktop-align-left","8":"tablet-align-left","9":"mobile-align-left","10":"ast-product-gallery-layout-horizontal-slider","11":"ast-product-tabs-layout-horizontal","13":"first","14":"instock","15":"shipping-taxable","16":"purchasable","17":"product-type-simple"},"_links":{"self":[{"href":"https:\/\/haisicstorage.com\/tr\/wp-json\/wp\/v2\/product\/3795","targetHints":{"allow":["GET"]}}],"collection":[{"href":"https:\/\/haisicstorage.com\/tr\/wp-json\/wp\/v2\/product"}],"about":[{"href":"https:\/\/haisicstorage.com\/tr\/wp-json\/wp\/v2\/types\/product"}],"version-history":[{"count":0,"href":"https:\/\/haisicstorage.com\/tr\/wp-json\/wp\/v2\/product\/3795\/revisions"}],"wp:featuredmedia":[{"embeddable":true,"href":"https:\/\/haisicstorage.com\/tr\/wp-json\/wp\/v2\/media\/3806"}],"wp:attachment":[{"href":"https:\/\/haisicstorage.com\/tr\/wp-json\/wp\/v2\/media?parent=3795"}],"wp:term":[{"taxonomy":"product_brand","embeddable":true,"href":"https:\/\/haisicstorage.com\/tr\/wp-json\/wp\/v2\/product_brand?post=3795"},{"taxonomy":"product_cat","embeddable":true,"href":"https:\/\/haisicstorage.com\/tr\/wp-json\/wp\/v2\/product_cat?post=3795"},{"taxonomy":"product_tag","embeddable":true,"href":"https:\/\/haisicstorage.com\/tr\/wp-json\/wp\/v2\/product_tag?post=3795"}],"curies":[{"name":"wp","href":"https:\/\/api.w.org\/{rel}","templated":true}]}}