{"id":3785,"date":"2026-03-23T05:51:59","date_gmt":"2026-03-23T05:51:59","guid":{"rendered":"https:\/\/haisicstorage.com\/haisic-iphone-15-battery\/"},"modified":"2026-03-24T01:43:10","modified_gmt":"2026-03-24T01:43:10","slug":"haisic-iphone-15-battery","status":"publish","type":"product","link":"https:\/\/haisicstorage.com\/tr\/haisic-iphone-15-battery\/","title":{"rendered":"Haisic iPhone 15 Pil 3349mAh HS iP15 Yedek Par\u00e7a"},"content":{"rendered":"<h2>\u0130\u015f End\u00fcstrisi Seviyesinde G\u00fcc\u00fc iPhone 15'inize Getirin<\/h2>\n<p>Telefonunuz g\u00fcn bitmeden bitmekten mi yoruldunuz? Pil y\u00fczdesinin en \u00e7ok ihtiya\u00e7 duydu\u011funuz anda h\u0131zla d\u00fc\u015fmesini izleme hayal k\u0131r\u0131kl\u0131\u011f\u0131n\u0131 anl\u0131yoruz. Bu y\u00fczden tasarlad\u0131k <strong>Haisic iPhone 15 pili<\/strong> bu tam sorunu \u00e7\u00f6zmek i\u00e7in.<\/p>\n<p>Shenzhen Haisic Teknoloji \u015eirketi olarak, zorlu, y\u00fcksek riskli ortamlar i\u00e7in geli\u015fmi\u015f g\u00fc\u00e7 \u00e7\u00f6z\u00fcmleri geli\u015ftirmeye y\u0131llar\u0131m\u0131z\u0131 harcad\u0131k. \u015eimdi, ayn\u0131 end\u00fcstriyel seviyedeki m\u00fchendisli\u011fi do\u011frudan ak\u0131ll\u0131 telefonunuza getiriyoruz <strong>Haisic HS-iP15<\/strong>. Gimmickleri a\u015farak ger\u00e7ek bir <strong>iPhone 15 i\u00e7 yedek pil<\/strong> sa\u011flad\u0131k ve kat\u0131, tavizsiz \u00fcretim toleranslar\u0131na uyuyor.<\/p>\n<p>\u0130\u015fte end\u00fcstriyel m\u00fchendislik ge\u00e7mi\u015fimizin cihaz\u0131n\u0131za anlam\u0131:<\/p>\n<ul>\n<li><strong>Hassas \u00dcretim:<\/strong> OEM \u00f6zelliklerine tam uyumlu, sorunsuz uyum ve optimal g\u00fc\u00e7 ak\u0131\u015f\u0131 i\u00e7in tasarland\u0131.<\/li>\n<li><strong>T\u00fcketiciler \u0130\u00e7in B2B G\u00fcvenilirli\u011fi:<\/strong> End\u00fcstriyel g\u00fc\u00e7 sistemlerindeki geni\u015f Ar-Ge ge\u00e7mi\u015fimizi kullanarak g\u00fcnl\u00fck hayat\u0131n\u0131z i\u00e7in y\u00fcksek g\u00fcvenilirlikte <strong>Apple iPhone 15 pil paketi<\/strong> yaratt\u0131k.<\/li>\n<li><strong>S\u0131f\u0131r Taviz:<\/strong> Beklenmedik kapanmalar\u0131n endi\u015fesini ortadan kald\u0131r\u0131n ve ak\u0131ll\u0131 telefonunuzun en y\u00fcksek performans\u0131n\u0131 tam g\u00fcvenle yeniden kazan\u0131n.<\/li>\n<\/ul>\n<h2>Haisic iPhone 15 Pilinin Temel \u00d6zellikleri<\/h2>\n<p>Haisic HS-iP15'i in\u015fa ederken amac\u0131m\u0131z a\u00e7\u0131kt\u0131: g\u00fcnl\u00fck cihaz\u0131n\u0131za g\u00fcvenilir, end\u00fcstri seviyesinde g\u00fc\u00e7 sa\u011flamak. \u0130\u015fte Haisic iPhone 15 pil de\u011fi\u015fimimizi telefonunuzu geri kazanmak i\u00e7in do\u011fru se\u00e7im yapan \u00f6zellikler.<\/p>\n<ul>\n<li><strong>Ger\u00e7ek 3349mAh Kapasite:<\/strong> Do\u011frulanm\u0131\u015f 3349mAh iPhone 15 pili al\u0131yorsunuz. Bu s\u0131f\u0131r d\u00f6ng\u00fc h\u00fccresi, s\u00fcrekli priz aramadan yo\u011fun kullan\u0131mda dayanabilece\u011finiz ger\u00e7ek, ham kapasiteyi sa\u011flar.<\/li>\n<li><strong>Geli\u015fmi\u015f Pil Y\u00f6netim Sistemi (BMS):<\/strong> G\u00fcvenlik ve verimlilik m\u00fchendisli\u011fimizi y\u00f6nlendiriyor. G\u00fc\u00e7l\u00fc <a href=\"https:\/\/haisicstorage.com\/tr\/10kw-storage-battery\/\">10kW depolama batarya sistemlerimizi d\u00fczenlemek i\u00e7in kullan\u0131lan ayn\u0131 y\u00fcksek seviyeli BMS teknolojisinden yararlanarak<\/a>, bu dahili telefon pili, a\u015f\u0131r\u0131 \u015farj\u0131, k\u0131sa devreleri ve a\u015f\u0131r\u0131 \u0131s\u0131nmay\u0131 \u00f6nlemek i\u00e7in voltaj\u0131 s\u0131k\u0131 bir \u015fekilde izler.<\/li>\n<li><strong>Premium Lityum-\u0130yon Polimer:<\/strong> Y\u00fcksek kaliteli iPhone 15 lityum-iyon polimer pil \u00e7ekirde\u011fi kullan\u0131yoruz. Bu, stabil g\u00fc\u00e7 iletimi, \u00fcst\u00fcn \u0131s\u0131 da\u011f\u0131l\u0131m\u0131 ve standart yan sanayi h\u00fccrelere k\u0131yasla \u00e7ok daha uzun toplam \u00f6m\u00fcr sa\u011flar.<\/li>\n<li><strong>M\u00fckemmel Uyum &amp; Sorunsuz Entegrasyon:<\/strong> Bu, OEM \u00f6zellikli iPhone 15 pilidir. Orijinal Apple iPhone 15 pil paketinin tam boyutlar\u0131na uygun olarak hassasiyetle tasarlanm\u0131\u015ft\u0131r, kusursuz takma kurulum sa\u011flar ve g\u00f6vde \u00fczerinde s\u0131f\u0131r bask\u0131 ile \u00e7al\u0131\u015f\u0131r.<\/li>\n<\/ul>\n<h3>Haisic HS-iP15 H\u0131zl\u0131 \u00d6zellikler<\/h3>\n<table>\n<thead>\n<tr>\n<th style=\"text-align: left;\">\u00d6zellik<\/th>\n<th style=\"text-align: left;\">12V 200Ah lityum pil<\/th>\n<\/tr>\n<\/thead>\n<tbody>\n<tr>\n<td style=\"text-align: left;\"><strong>Model<\/strong><\/td>\n<td style=\"text-align: left;\">Haisic HS-iP15<\/td>\n<\/tr>\n<tr>\n<td style=\"text-align: left;\"><strong>Nominal Kapasite<\/strong><\/td>\n<td style=\"text-align: left;\">3349mAh<\/td>\n<\/tr>\n<tr>\n<td style=\"text-align: left;\"><strong>Pil Teknolojisi<\/strong><\/td>\n<td style=\"text-align: left;\">Premium Lityum-\u0130yon Polimer<\/td>\n<\/tr>\n<tr>\n<td style=\"text-align: left;\"><strong>Koruma Sistemi<\/strong><\/td>\n<td style=\"text-align: left;\">Geli\u015fmi\u015f dahili BMS<\/td>\n<\/tr>\n<tr>\n<td style=\"text-align: left;\"><strong>Uygunluk T\u00fcr\u00fc<\/strong><\/td>\n<td style=\"text-align: left;\">Do\u011frudan OEM de\u011fi\u015fim uyumu<\/td>\n<\/tr>\n<\/tbody>\n<\/table>\n<h2>Kapsaml\u0131 Teknik \u00d6zellikler<\/h2>\n<p>G\u00fcvenilir bir \u015feye ihtiyac\u0131n\u0131z oldu\u011funda <strong>Haisic iPhone 15 pili<\/strong>, tam spesifikasyonlar\u0131 bilmek \u00f6nemlidir. Kendini adayan <a href=\"https:\/\/haisicstorage.com\/tr\/battery-energy-storage-system-company\/\">pil enerji depolama sistemi \u015firketi olarak y\u00f6netiyorum<\/a>, t\u00fcketici ak\u0131ll\u0131 telefon bataryalar\u0131m\u0131z\u0131 b\u00fcy\u00fck \u00f6l\u00e7ekli end\u00fcstriyel projelerimize uygulad\u0131\u011f\u0131m\u0131z ayn\u0131 titiz kalite kontrolleri ve teknik hassasiyetle in\u015fa ediyoruz.<\/p>\n<p>\u0130\u015fte <strong>Haisic HS-iP15<\/strong>:<\/p>\n<table>\n<thead>\n<tr>\n<th style=\"text-align: left;\">\u00d6zellik<\/th>\n<th style=\"text-align: left;\">Detaylar<\/th>\n<\/tr>\n<\/thead>\n<tbody>\n<tr>\n<td style=\"text-align: left;\"><strong>\u00dcretici<\/strong><\/td>\n<td style=\"text-align: left;\">Shenzhen Haisic Teknoloji A.\u015e.<\/td>\n<\/tr>\n<tr>\n<td style=\"text-align: left;\"><strong>\u00dcr\u00fcn Ad\u0131<\/strong><\/td>\n<td style=\"text-align: left;\">Lityum-\u0130yon Polimer Pil Paketi<\/td>\n<\/tr>\n<tr>\n<td style=\"text-align: left;\"><strong>Uyumlu Model<\/strong><\/td>\n<td style=\"text-align: left;\">Apple iPhone 15 (Standart S\u00fcr\u00fcm)<\/td>\n<\/tr>\n<tr>\n<td style=\"text-align: left;\"><strong>Haisic Model Numaras\u0131<\/strong><\/td>\n<td style=\"text-align: left;\">HS-iP15<\/td>\n<\/tr>\n<tr>\n<td style=\"text-align: left;\"><strong>Nominal Kapasite<\/strong><\/td>\n<td style=\"text-align: left;\">3349mAh<\/td>\n<\/tr>\n<tr>\n<td style=\"text-align: left;\"><strong>Nominal Enerji<\/strong><\/td>\n<td style=\"text-align: left;\">12.981Wh<\/td>\n<\/tr>\n<tr>\n<td style=\"text-align: left;\"><strong>Nominal Gerilim<\/strong><\/td>\n<td style=\"text-align: left;\">3.876V<\/td>\n<\/tr>\n<tr>\n<td style=\"text-align: left;\"><strong>\u015earj S\u0131n\u0131r Voltaj\u0131<\/strong><\/td>\n<td style=\"text-align: left;\">4.48V<\/td>\n<\/tr>\n<tr>\n<td style=\"text-align: left;\"><strong>Y\u00fcr\u00fctme Standard\u0131<\/strong><\/td>\n<td style=\"text-align: left;\">4.35V<\/td>\n<\/tr>\n<tr>\n<td style=\"text-align: left;\"><strong>H\u00fccre Tipi<\/strong><\/td>\n<td style=\"text-align: left;\">Premium Lityum-\u0130yon Polimer<\/td>\n<\/tr>\n<\/tbody>\n<\/table>\n<h3>OEM Spesifikasyon iPhone 15 Batarya Standartlar\u0131<\/h3>\n<p>Biz bu <strong>iPhone 15 i\u00e7 yedek pil<\/strong> yo\u011fun g\u00fcnl\u00fck kullan\u0131m\u0131 kar\u015f\u0131lamak i\u00e7in. Nominal 3.876V'de \u00e7al\u0131\u015f\u0131rken ve hassas 4.48V \u015farj s\u0131n\u0131r\u0131yla, bu g\u00fc\u00e7 h\u00fccresi cihaz\u0131n\u0131z\u0131n verimli ve g\u00fcvenli \u00e7al\u0131\u015fmas\u0131n\u0131 sa\u011flar. Her bir birim GB 31241-2022 y\u00fcr\u00fctme standard\u0131na s\u0131k\u0131 s\u0131k\u0131ya uydu\u011fundan, size y\u00fcksek dayan\u0131kl\u0131l\u0131\u011fa sahip, s\u0131f\u0131r d\u00f6ng\u00fcl\u00fc iPhone 15 bataryas\u0131 garantisi veriyoruz ve bu batarya telefonunuzun orijinal performans \u00f6l\u00e7\u00fctleriyle m\u00fckemmel uyum sa\u011flar.<\/p>\n<h2>Tavizsiz G\u00fcvenlik Standartlar\u0131<\/h2>\n<p>G\u00fcnl\u00fck cihaz\u0131n\u0131za yeni bir g\u00fc\u00e7 kayna\u011f\u0131 takarken, g\u00fcvenlik opsiyon de\u011fildir. Size tam g\u00fcvence sa\u011flamak i\u00e7in <strong>Haisic iPhone 15 pili<\/strong> yapt\u0131k. Y\u00fcksek kapasiteli <a href=\"https:\/\/haisicstorage.com\/tr\/48v-lithium-ion-battery-pack-for-golf-cart\/\">48V lityum iyon batarya paketleri<\/a>, bu g\u00fcvenli iPhone 15 yedek bataryas\u0131, donan\u0131m\u0131n\u0131z\u0131 korumak i\u00e7in kat\u0131, tavizsiz g\u00fcvenlik \u00f6nlemleriyle tasarland\u0131.<\/p>\n<p>\u0130\u015fte cihaz\u0131n\u0131z\u0131 nas\u0131l g\u00fcvende tuttu\u011fumuz:<\/p>\n<ul>\n<li><strong>GB 31241-2022 Sertifikal\u0131 Telefon Bataryas\u0131:<\/strong> Her bir birimi bu s\u0131k\u0131 y\u00fcr\u00fctme standard\u0131na uygun \u015fekilde \u00fcretip titizlikle test ediyoruz, b\u00f6ylece kutudan \u00e7\u0131kt\u0131\u011f\u0131 anda \u00fcst d\u00fczey g\u00fcvenilirlik sa\u011fl\u0131yoruz.<\/li>\n<li><strong>Dahili Termal Koruma:<\/strong> Yerle\u015fik ak\u0131ll\u0131 sens\u00f6rler, a\u015f\u0131r\u0131 \u0131s\u0131nmay\u0131 \u00f6nlemek i\u00e7in \u00e7ekirdek s\u0131cakl\u0131klar\u0131n\u0131 aktif olarak izler ve yo\u011fun kullan\u0131m veya h\u0131zl\u0131 \u015farj seanslar\u0131 s\u0131ras\u0131nda korur.<\/li>\n<li><strong>Kesin \u015earj S\u0131n\u0131r\u0131:<\/strong> Pil h\u00fccresini a\u015f\u0131r\u0131 \u015farj\u0131 \u00f6nlemek ve pilin uzun vadeli sa\u011fl\u0131\u011f\u0131n\u0131 maksimize etmek i\u00e7in 4.48V \u015farj s\u0131n\u0131r voltaj\u0131yla tasarlad\u0131k.<\/li>\n<\/ul>\n<p>Pillerimizi, performans d\u00fc\u015f\u00fc\u015fleri veya g\u00fcvenlik riskleri konusunda endi\u015felenmenize gerek kalmamas\u0131 i\u00e7in titizlikle test ediyoruz.<\/p>\n<h2>Kurulum ve Uyum<\/h2>\n<h3>Sadece Standart iPhone 15 i\u00e7in<\/h3>\n<p>Bizim <strong>Haisic iPhone 15 pili<\/strong> (Model: HS-iP15) sadece standart iPhone 15 i\u00e7in hassasiyetle tasarland\u0131. Bu <strong>satmak, takas etmek veya kiralamak<\/strong> iPhone 15 Pro, Plus veya Pro Max ile uyumlu olacak. L\u00fctfen cihaz\u0131n\u0131z\u0131 a\u00e7madan \u00f6nce tam modelinizi do\u011frulay\u0131n.<\/p>\n<h3>Kutuda Neler Var<\/h3>\n<p>Bu <strong>iPhone 15 pil de\u011fi\u015ftirme kitini<\/strong>, ald\u0131\u011f\u0131n\u0131zda, temiz ve g\u00fcvenli bir de\u011fi\u015fim i\u00e7in gereken temel malzemeleri ediniyorsunuz:<\/p>\n<ul>\n<li><strong>1x Haisic HS-iP15:<\/strong> S\u0131f\u0131r d\u00f6ng\u00fc, ger\u00e7ek 3349mAh iPhone 15 pili.<\/li>\n<li><strong>1x \u00d6zel Yap\u0131\u015fkan \u015eerit:<\/strong> Pil sabit kalmas\u0131n\u0131 sa\u011flayan OEM \u00f6zellikli montaj band\u0131.<\/li>\n<\/ul>\n<h3>Kurulum Notlar\u0131 ve Uzman \u0130pu\u00e7lar\u0131<\/h3>\n<p>Bunu <strong>iPhone 15 i\u00e7 yedek pil<\/strong> tam anlam\u0131yla fabrika boyutlar\u0131na uygun olarak tasarlad\u0131k. Ancak, modern ak\u0131ll\u0131 telefonlar s\u0131k\u0131 m\u00fch\u00fcrl\u00fc ve karma\u015f\u0131kt\u0131r.<\/p>\n<ul>\n<li><strong>Dikkatli Tutun:<\/strong> Kurulum s\u0131ras\u0131nda lityum-iyon polimer h\u00fccreye delinme, b\u00fckme veya a\u015f\u0131r\u0131 bask\u0131 uygulamay\u0131n.<\/li>\n<li><strong>Prova:<\/strong> Ekran m\u00fch\u00fcrlerini \u00e7\u0131karma ve hassas flex kablolar\u0131 y\u00f6netme konusunda deneyiminiz yoksa, bunu profesyonel bir teknisyenin yapmas\u0131n\u0131 \u015fiddetle tavsiye ederiz <strong>g\u00fcvenli iPhone 15 yedek pil<\/strong> i\u00e7in.<\/li>\n<li><strong>Kan\u0131tlanm\u0131\u015f G\u00fcvenilirlik:<\/strong> Y\u00fcksek g\u00fcvenilir sistemler tasarlad\u0131\u011f\u0131m\u0131z gibi <a href=\"https:\/\/haisicstorage.com\/tr\/residential-solar-energy\/\">ikametgah g\u00fcne\u015f enerjisi<\/a>, ak\u0131ll\u0131 telefonunuzun her seferinde g\u00fcvenli bir \u015fekilde \u00e7al\u0131\u015fmas\u0131n\u0131 sa\u011flamak i\u00e7in ayn\u0131 end\u00fcstriyel kalite kontrol\u00fcn\u00fc uyguluyoruz.<\/li>\n<\/ul>\n<h2>S\u0131k\u00e7a Sorulan Sorular (SSS)<\/h2>\n<h3>iOS'ta Pil Sa\u011fl\u0131\u011f\u0131 G\u00f6r\u00fcn\u00fcrl\u00fc\u011f\u00fc<\/h3>\n<p><strong>Bu pil, iOS ayarlar\u0131nda Pil Sa\u011fl\u0131\u011f\u0131 y\u00fczdesini g\u00f6sterecek mi?<\/strong><br \/>\nApple\u2019\u0131n iOS\u2019u, t\u00fcm yan sanayi de\u011fi\u015fiklikleri i\u00e7in Pil Sa\u011fl\u0131\u011f\u0131 \u00f6zelli\u011fini k\u0131s\u0131tlar. Bir profesyonel teknisyeninizin orijinal BMS (Pil Y\u00f6netim Sistemi) kart\u0131n\u0131 yeni birime aktarmamas\u0131 durumunda, ayarlar\u0131n\u0131z \u201cBilinmeyen Par\u00e7a\u201d mesaj\u0131 g\u00f6sterebilir. Ancak, <strong>Haisic iPhone 15 pili<\/strong> h\u00e2l\u00e2 tam ve g\u00fcvenli kapasitesiyle m\u00fckemmel \u015fekilde \u00e7al\u0131\u015facakt\u0131r.<\/p>\n<h3>MagSafe ve H\u0131zl\u0131 \u015earj Deste\u011fi<\/h3>\n<p><strong>Bu pil MagSafe ve h\u0131zl\u0131 \u015farj ile uyumlu mu?<\/strong><br \/>\nKesinlikle. iPhone 15 lityum-iyon polimer pilimiz, g\u00fcnl\u00fck MagSafe kablosuz \u015farj ve standart h\u0131zl\u0131 \u015farj rutinlerinizi performans veya verimlilik kayb\u0131 olmadan tam destekler.<\/p>\n<h3>Beklenen \u015earj D\u00f6ng\u00fcleri<\/h3>\n<p><strong>Haisic HS-iP15\u2019den ka\u00e7 \u015farj d\u00f6ng\u00fcs\u00fc bekleyebilirim?<\/strong><br \/>\nKapasite 80%\u2019nin alt\u0131na d\u00fc\u015fmeden \u00f6nce 500 ile 800 aras\u0131nda \u015farj d\u00f6ng\u00fcs\u00fc bekleyebilirsiniz. S\u0131k\u0131 kalite kontrollerimize dayanarak, <a href=\"https:\/\/haisicstorage.com\/tr\/export-energy-storage-system-manufacturer\/\">bir enerji depolama sistemi \u00fcreticisi olarak<\/a>, y\u00fcksek g\u00fcvenilir, <strong>s\u0131f\u0131r d\u00f6ng\u00fc iPhone 15 pili garantisi veriyoruz.<\/strong> Dayanacak \u015fekilde in\u015fa edilmi\u015ftir.<\/p>\n<h3>Yap\u0131\u015ft\u0131r\u0131c\u0131 ve Montaj Aletleri<\/h3>\n<p><strong>Gerekli pil yap\u0131\u015ft\u0131r\u0131c\u0131s\u0131 ile geliyor mu?<\/strong><br \/>\nEvet, \u00f6zel uyumlu pil yap\u0131\u015ft\u0131r\u0131c\u0131 \u015feritlerini do\u011frudan sizin i\u00e7in dahil ediyoruz <strong>iPhone 15 pil de\u011fi\u015ftirme kitini<\/strong>. Bu, yeni y\u00fcksek kapasiteli iPhone 15 pil de\u011fi\u015fiminizin telefon g\u00f6vdesi i\u00e7inde orijinal gibi s\u0131k\u0131ca ve g\u00fcvenli bir \u015fekilde sabit kalmas\u0131n\u0131 sa\u011flar.<\/p>\n<h2>Haisic iPhone 15 Piliniz \u0130\u00e7in Garanti ve M\u00fc\u015fteri Deste\u011fi<\/h2>\n<p>Haisic HS-iP15 kalitesinin arkas\u0131nda duruyoruz. \u00dcr\u00fcn\u00fcm\u00fcz\u00fc se\u00e7ti\u011finizde, <strong>iPhone 15 i\u00e7 yedek pil<\/strong>, g\u00fcvenli\u011finizi sa\u011flamak amac\u0131yla tasarlanm\u0131\u015f sa\u011flam bir garanti ile desteklenirsiniz. G\u00fcvenilir g\u00fc\u00e7 \u00e7\u00f6z\u00fcmlerini \u00f6l\u00e7eklendirmede tan\u0131nan g\u00fcvenilir bir \u00fcretici olarak, <a href=\"https:\/\/haisicstorage.com\/tr\/china-energy-storage-system\/\">\u00c7in enerji depolama sistemleri<\/a>, ayn\u0131 kat\u0131 kalite kontrol\u00fcn\u00fc do\u011frudan ak\u0131ll\u0131 telefonunuza uyguluyoruz.<\/p>\n<h3>Standart Garanti S\u00fcresi<\/h3>\n<ul>\n<li><strong>12 Ayl\u0131k Kapsam:<\/strong> Her <strong>Haisic iPhone 15 pili<\/strong> tam 12 ayl\u0131k \u00fcretici garantisi i\u00e7erir.<\/li>\n<li><strong>Ar\u0131za Korumas\u0131:<\/strong> Normal g\u00fcnl\u00fck kullan\u0131mda beklenmedik \u00fcretim hatalar\u0131n\u0131 veya erken kapasite d\u00fc\u015f\u00fc\u015flerini tamamen kar\u015f\u0131l\u0131yoruz.<\/li>\n<li><strong>Performans Garantisi:<\/strong> G\u00fcvenli bir \u015fekilde tasarland\u0131 <strong>iPhone 15 pil sa\u011fl\u0131\u011f\u0131n\u0131 yeniden kazand\u0131rmak<\/strong>, garantili pillerimizin kutudan \u00e7\u0131kt\u0131\u011f\u0131 gibi belirtilen performansa ula\u015faca\u011f\u0131n\u0131 garanti ediyoruz.<\/li>\n<\/ul>\n<h3>Do\u011frudan T\u00fcketici Deste\u011fi<\/h3>\n<p>E\u011fer <strong>g\u00fcvenli iPhone 15 yedek pil<\/strong>, teknik destek ekibimiz devreye girmeye haz\u0131r. Arac\u0131 ortadan kald\u0131r\u0131yoruz, b\u00f6ylece \u00fcr\u00fcn\u00fc en iyi bilen ki\u015filerden do\u011frudan, do\u011fru cevaplar al\u0131rs\u0131n\u0131z.<\/p>\n<ul>\n<li><strong>E-posta Deste\u011fi:<\/strong> H\u0131zl\u0131 sorun giderme veya garanti talebi ba\u015flatmak i\u00e7in do\u011frudan m\u00fc\u015fteri hizmetlerimize support@haisic.com adresinden ula\u015f\u0131n.<\/li>\n<li><strong>H\u0131zl\u0131 Yan\u0131t S\u00fcresi:<\/strong> T\u00fcm sorgulara 24 i\u015f g\u00fcn\u00fc i\u00e7inde yan\u0131t vermeyi taahh\u00fct ediyoruz, b\u00f6ylece cihaz\u0131n\u0131z s\u00fcrekli \u00e7al\u0131\u015f\u0131r durumda ve haz\u0131r olur.<\/li>\n<\/ul>\n<h2>Haisic iPhone 15 Pil Yorumlar\u0131<\/h2>\n<p>Biz in\u015fa ediyoruz <strong>Haisic iPhone 15 pili<\/strong> dayanacak \u015fekilde ve k\u00fcresel m\u00fc\u015fterilerimiz de bunu destekliyor. Haisic HS-iP15 ile cihaz\u0131n\u0131z\u0131 y\u00fckseltti\u011finizde, ger\u00e7ek kullan\u0131c\u0131lar taraf\u0131ndan do\u011frulanm\u0131\u015f g\u00fcvenilir g\u00fc\u00e7 elde ediyorsunuz.<\/p>\n<h3>Do\u011frulanm\u0131\u015f Al\u0131c\u0131lar\u0131n Ger\u00e7ek Geri Bildirimi<\/h3>\n<p>Sadece bizim s\u00f6z\u00fcm\u00fcze inanmay\u0131n. Di\u011ferlerinin iPhone 15 i\u00e7 yedek pilimizi ba\u015far\u0131yla nas\u0131l geri y\u00fckledi\u011fine bak\u0131n:<\/p>\n<ul>\n<li><strong>Do\u011frulanm\u0131\u015f Sat\u0131n Alma Rozetleri:<\/strong> Do\u011frulanm\u0131\u015f etiketi aray\u0131n. Bu, incelemenin do\u011frudan OEM \u00f6zellikli iPhone 15 pilini platformumuz \u00fczerinden sat\u0131n alan ger\u00e7ek bir m\u00fc\u015fteriden geldi\u011fini garanti eder. Sahte yorumlar yok, sadece d\u00fcr\u00fcst deneyimler.<\/li>\n<li><strong>Toplam Y\u0131ld\u0131z Puanlar\u0131:<\/strong> Genel puan\u0131m\u0131za h\u0131zl\u0131ca g\u00f6z at\u0131n. Kullan\u0131c\u0131lar, bu y\u00fcksek kapasiteli iPhone 15 pil de\u011fi\u015fimini m\u00fckemmel uyumu, g\u00fcvenilir \u015farj\u0131 ve uzun vadeli stabilitesi nedeniyle s\u00fcrekli y\u00fcksek puanlar veriyor.<\/li>\n<li><strong>Kullan\u0131c\u0131 Y\u00fckledi\u011fi Foto\u011fraflar:<\/strong> Ger\u00e7ek m\u00fc\u015fteri g\u00f6rsellerine g\u00f6z at\u0131n. Kutudan \u00e7\u0131karma, ger\u00e7ek h\u00fccre ve g\u00fcvenli iPhone 15 yedek pilinin ba\u015far\u0131l\u0131 montaj\u0131n\u0131 g\u00f6rebilirsiniz.<\/li>\n<\/ul>\n<p>D\u00fcr\u00fcst geri bildirim ve sade konu\u015fmay\u0131 \u00f6nemsiyoruz. A\u015fa\u011f\u0131daki yorumlar\u0131 kontrol edin ve bu s\u0131f\u0131r d\u00f6ng\u00fcl\u00fc iPhone 15 piline neden bu kadar \u00e7ok kullan\u0131c\u0131n\u0131n g\u00fcvendi\u011fini tam olarak g\u00f6r\u00fcn.<\/p>","protected":false},"excerpt":{"rendered":"<p>Haisic iPhone 15 pili 3349mAh GB 31241 2022 sertifikal\u0131 ger\u00e7ek kapasite g\u00fcvenli uzun \u00f6m\u00fcrl\u00fc yedek par\u00e7a<\/p>","protected":false},"featured_media":3816,"template":"","meta":{"site-sidebar-layout":"default","site-content-layout":"","ast-site-content-layout":"default","site-content-style":"default","site-sidebar-style":"default","ast-global-header-display":"","ast-banner-title-visibility":"","ast-main-header-display":"","ast-hfb-above-header-display":"","ast-hfb-below-header-display":"","ast-hfb-mobile-header-display":"","site-post-title":"","ast-breadcrumbs-content":"","ast-featured-img":"","footer-sml-layout":"","ast-disable-related-posts":"","theme-transparent-header-meta":"default","adv-header-id-meta":"","stick-header-meta":"default","header-above-stick-meta":"","header-main-stick-meta":"","header-below-stick-meta":"","astra-migrate-meta-layouts":"set","ast-page-background-enabled":"default","ast-page-background-meta":{"desktop":{"background-color":"var(--ast-global-color-4)","background-image":"","background-repeat":"repeat","background-position":"center center","background-size":"auto","background-attachment":"scroll","background-type":"","background-media":"","overlay-type":"","overlay-color":"","overlay-opacity":"","overlay-gradient":""},"tablet":{"background-color":"","background-image":"","background-repeat":"repeat","background-position":"center center","background-size":"auto","background-attachment":"scroll","background-type":"","background-media":"","overlay-type":"","overlay-color":"","overlay-opacity":"","overlay-gradient":""},"mobile":{"background-color":"","background-image":"","background-repeat":"repeat","background-position":"center center","background-size":"auto","background-attachment":"scroll","background-type":"","background-media":"","overlay-type":"","overlay-color":"","overlay-opacity":"","overlay-gradient":""}},"ast-content-background-meta":{"desktop":{"background-color":"var(--ast-global-color-5)","background-image":"","background-repeat":"repeat","background-position":"center center","background-size":"auto","background-attachment":"scroll","background-type":"","background-media":"","overlay-type":"","overlay-color":"","overlay-opacity":"","overlay-gradient":""},"tablet":{"background-color":"var(--ast-global-color-5)","background-image":"","background-repeat":"repeat","background-position":"center center","background-size":"auto","background-attachment":"scroll","background-type":"","background-media":"","overlay-type":"","overlay-color":"","overlay-opacity":"","overlay-gradient":""},"mobile":{"background-color":"var(--ast-global-color-5)","background-image":"","background-repeat":"repeat","background-position":"center center","background-size":"auto","background-attachment":"scroll","background-type":"","background-media":"","overlay-type":"","overlay-color":"","overlay-opacity":"","overlay-gradient":""}}},"product_brand":[],"product_cat":[59],"product_tag":[],"class_list":{"0":"post-3785","1":"product","2":"type-product","3":"status-publish","4":"has-post-thumbnail","6":"product_cat-iphone-battery-series","7":"desktop-align-left","8":"tablet-align-left","9":"mobile-align-left","10":"ast-product-gallery-layout-horizontal-slider","11":"ast-product-tabs-layout-horizontal","13":"first","14":"instock","15":"shipping-taxable","16":"purchasable","17":"product-type-simple"},"_links":{"self":[{"href":"https:\/\/haisicstorage.com\/tr\/wp-json\/wp\/v2\/product\/3785","targetHints":{"allow":["GET"]}}],"collection":[{"href":"https:\/\/haisicstorage.com\/tr\/wp-json\/wp\/v2\/product"}],"about":[{"href":"https:\/\/haisicstorage.com\/tr\/wp-json\/wp\/v2\/types\/product"}],"version-history":[{"count":0,"href":"https:\/\/haisicstorage.com\/tr\/wp-json\/wp\/v2\/product\/3785\/revisions"}],"wp:featuredmedia":[{"embeddable":true,"href":"https:\/\/haisicstorage.com\/tr\/wp-json\/wp\/v2\/media\/3816"}],"wp:attachment":[{"href":"https:\/\/haisicstorage.com\/tr\/wp-json\/wp\/v2\/media?parent=3785"}],"wp:term":[{"taxonomy":"product_brand","embeddable":true,"href":"https:\/\/haisicstorage.com\/tr\/wp-json\/wp\/v2\/product_brand?post=3785"},{"taxonomy":"product_cat","embeddable":true,"href":"https:\/\/haisicstorage.com\/tr\/wp-json\/wp\/v2\/product_cat?post=3785"},{"taxonomy":"product_tag","embeddable":true,"href":"https:\/\/haisicstorage.com\/tr\/wp-json\/wp\/v2\/product_tag?post=3785"}],"curies":[{"name":"wp","href":"https:\/\/api.w.org\/{rel}","templated":true}]}}