{"id":3771,"date":"2026-03-23T03:16:56","date_gmt":"2026-03-23T03:16:56","guid":{"rendered":"https:\/\/haisicstorage.com\/haisic-iphone-16-battery\/"},"modified":"2026-03-23T03:18:46","modified_gmt":"2026-03-23T03:18:46","slug":"haisic-iphone-16-battery","status":"publish","type":"product","link":"https:\/\/haisicstorage.com\/tr\/haisic-iphone-16-battery\/","title":{"rendered":"Haisic iPhone 16 Pil 3561mAh 3.886V GB 31241 2022"},"content":{"rendered":"<h2>Haisic iPhone 16 Pil Genel Bak\u0131\u015f<\/h2>\n<h3>Kompromis Yok G\u00fc\u00e7 ve G\u00fcvenilirlik<\/h3>\n<p>Cihaz\u0131n\u0131z\u0131n g\u00fcc\u00fcn\u00fcn \u00e7al\u0131\u015fma g\u00fcn\u00fcnden \u00f6nce bitmesini izlemekten b\u0131kt\u0131n\u0131z m\u0131? Pil sa\u011fl\u0131\u011f\u0131 d\u00fc\u015ft\u00fc\u011f\u00fcnde, kusursuz \u00e7al\u0131\u015fan bir yedekleme gerekir. Biz tasarlad\u0131k <strong>Haisic iPhone 16 pil<\/strong> paketimiz telefonunuzu tam anlam\u0131yla maksimum pil sa\u011fl\u0131\u011f\u0131na geri getirir, birinci s\u0131n\u0131f bir cihazdan bekledi\u011finiz tam g\u00fc\u00e7 profilini sa\u011flar.<\/p>\n<p>G\u00fcvenilir bir \u00fcretici olarak, en \u00e7ok sizin i\u00e7in \u00f6nemli olan konulara odaklan\u0131yoruz: toplam sistem kararl\u0131l\u0131\u011f\u0131, maksimum dayan\u0131kl\u0131l\u0131k ve kat\u0131 g\u00fcvenlik standartlar\u0131.<\/p>\n<p>\u0130\u015fte iPhone 16 i\u00e7in lityum iyon polimer pilimizin tavizsiz g\u00fcvenilirli\u011fi nas\u0131l sa\u011flad\u0131\u011f\u0131:<\/p>\n<ul>\n<li><strong>S\u0131f\u0131r D\u00f6ng\u00fc \u00dcretimi:<\/strong> \u00dcretti\u011fimiz her iPhone 16 yedek pil, tamamen yeni ve s\u0131f\u0131r \u00f6nceki \u015farj d\u00f6ng\u00fcs\u00fc ile 100% markas\u0131d\u0131r, b\u00f6ylece maksimum \u00f6mr\u00fc kutudan \u00e7\u0131kar \u00e7\u0131kmaz sa\u011flar.<\/li>\n<li><strong>Sorunsuz Entegrasyon:<\/strong> Tam fabrika \u00f6l\u00e7\u00fclerine uygun olarak tasarlanm\u0131\u015f bu iPhone 16 i\u00e7 pil yedekleme, kusursuz fiziksel uyum ve m\u00fckemmel donan\u0131m uyumlulu\u011fu garanti eder.<\/li>\n<li><strong>\u00dcst D\u00fczey H\u00fccreler:<\/strong> Sadece en kaliteli lityum iyon polimer h\u00fccreleri kullan\u0131yoruz, b\u00f6ylece tutarl\u0131, g\u00fcvenilir g\u00fc\u00e7 sa\u011flar ve m\u00fckemmel termal verimlilik korur.<\/li>\n<\/ul>\n<p>Haisic iPhone 16 h\u00fccresimiz, cihaz\u0131n\u0131z\u0131n yeni gibi \u00e7al\u0131\u015fmaya devam etmesini sa\u011flayan kesin \u00e7\u00f6z\u00fcm olarak tasarlanm\u0131\u015ft\u0131r.<\/p>\n<h2>Haisic iPhone 16 Pil \u00d6zellikleri<\/h2>\n<p>Yedek iPhone 16 pil par\u00e7alar\u0131m\u0131z\u0131, \u00f6nde gelen bir \u00fcreticiden bekleyece\u011finiz tam hassasiyetle tasarl\u0131yoruz. <a href=\"https:\/\/haisicstorage.com\/tr\/energy-storage-system-manufacturer\/\">enerji depolama sistemi \u00fcreticisi<\/a>. Toptan temin etti\u011finizde, tamamen \u015feffaf ve do\u011frulanm\u0131\u015f teknik veriler al\u0131rs\u0131n\u0131z.<\/p>\n<p>\u0130\u015fte iPhone 16 yedek h\u00fccremiz i\u00e7in temel \u00f6zellikler:<\/p>\n<table>\n<thead>\n<tr>\n<th style=\"text-align: left;\">\u00d6zellik<\/th>\n<th style=\"text-align: left;\">Detay<\/th>\n<\/tr>\n<\/thead>\n<tbody>\n<tr>\n<td style=\"text-align: left;\"><strong>Uyumluluk<\/strong><\/td>\n<td style=\"text-align: left;\">Apple iPhone 16<\/td>\n<\/tr>\n<tr>\n<td style=\"text-align: left;\"><strong>Batarya Kimyas\u0131<\/strong><\/td>\n<td style=\"text-align: left;\">Lityum-\u0130yon Polimer<\/td>\n<\/tr>\n<tr>\n<td style=\"text-align: left;\"><strong>Nominal Kapasite<\/strong><\/td>\n<td style=\"text-align: left;\">3561mAh<\/td>\n<\/tr>\n<tr>\n<td style=\"text-align: left;\"><strong>Nominal Enerji<\/strong><\/td>\n<td style=\"text-align: left;\">13.839Wh<\/td>\n<\/tr>\n<tr>\n<td style=\"text-align: left;\"><strong>Nominal Gerilim<\/strong><\/td>\n<td style=\"text-align: left;\">3.886V<\/td>\n<\/tr>\n<tr>\n<td style=\"text-align: left;\"><strong>\u015earj S\u0131n\u0131r Voltaj\u0131<\/strong><\/td>\n<td style=\"text-align: left;\">4.5V<\/td>\n<\/tr>\n<tr>\n<td style=\"text-align: left;\"><strong>Y\u00fcr\u00fctme Standard\u0131<\/strong><\/td>\n<td style=\"text-align: left;\">4.35V<\/td>\n<\/tr>\n<tr>\n<td style=\"text-align: left;\"><strong>\u00dcretici<\/strong><\/td>\n<td style=\"text-align: left;\">Shenzhen Haisic Teknoloji A.\u015e.<\/td>\n<\/tr>\n<\/tbody>\n<\/table>\n<p>\u0130Phone 16 i\u00e7in \u00fcretti\u011fimiz her 3561mAh pil, istikrarl\u0131 ve g\u00fcvenilir g\u00fc\u00e7 \u00e7\u0131k\u0131\u015f\u0131 sa\u011flar. B2B al\u0131c\u0131lar, ger\u00e7ek uzun \u00f6m\u00fcr ve en y\u00fcksek g\u00fcvenlik i\u00e7in tasarlanm\u0131\u015f y\u00fcksek kapasiteli iPhone 16 pili elde eder.<\/p>\n<h2>Ana \u00d6zellikler ve Avantajlar<\/h2>\n<h3>G\u00fcvenlik ve Performans \u0130\u00e7in Tasarland\u0131<\/h3>\n<p>Bir \u015feyi in\u015fa etti\u011fimizde <strong>iPhone 16 i\u00e7in g\u00fcvenli yedek pil<\/strong>, odak noktam\u0131z mutlak g\u00fcvenilirliktir. Geli\u015fmi\u015f \u00e7\u00f6z\u00fcmlerde bulunan ayn\u0131 s\u0131k\u0131 \u00fcretim ilkelerini uyguluyoruz <a href=\"https:\/\/haisicstorage.com\/tr\/lithium-battery-storage-system\/\">lityum pil depolama sistemi<\/a> g\u00fc\u00e7l\u00fc g\u00fcnl\u00fck kullan\u0131m alt\u0131nda mobil cihazlar\u0131n g\u00fcvenli \u00e7al\u0131\u015fmas\u0131n\u0131 sa\u011flamak i\u00e7in. Her <strong>Haisic iPhone 16 pil<\/strong> istikrarl\u0131, kesintisiz g\u00fc\u00e7 sa\u011flamak ve sa\u011flam yerle\u015fik koruyucu \u00f6nlemlerle tasarland\u0131.<\/p>\n<p>\u0130\u015fte tasar\u0131m\u0131m\u0131z\u0131 k\u00fcresel toptan ortaklar i\u00e7in ak\u0131ll\u0131 tercih yapan \u00f6zellikler:<\/p>\n<ul>\n<li><strong>Ger\u00e7ek Kapasite Garantisi:<\/strong> Her h\u00fccre do\u011frulanm\u0131\u015f bir <strong>3561mAh pil iPhone 16 i\u00e7in<\/strong> performans sa\u011flar, m\u00fc\u015fterilerinizin ger\u00e7ek t\u00fcm g\u00fcn g\u00fc\u00e7 almas\u0131n\u0131 garanti eder.<\/li>\n<li><strong>Geli\u015fmi\u015f Ak\u0131ll\u0131 BMS:<\/strong> Ak\u0131ll\u0131 pil y\u00f6netim \u00e7ipimiz, elektrik ak\u0131\u015f\u0131n\u0131 s\u0131k\u0131 bir \u015fekilde izler, telefonu a\u015f\u0131r\u0131 \u015farjdan (g\u00fcvenli 4.5V s\u0131n\u0131r\u0131nda), derin de\u015farjdan ve tehlikeli a\u015f\u0131r\u0131 \u0131s\u0131nmadan korur.<\/li>\n<li><strong>Sorunsuz Kurulum:<\/strong> Bu <strong>sonras\u0131 iPhone 16 pil par\u00e7alar\u0131n\u0131<\/strong> hassas m\u00fchendislikli esnek kablolarla tasarl\u0131yoruz, b\u00f6ylece hizalama sorunlar\u0131 olmadan h\u0131zl\u0131 ve fabrika gibi m\u00fckemmel uyum sa\u011flar.<\/li>\n<\/ul>\n<p><strong>Temel Koruma Genel Bak\u0131\u015f:<\/strong><\/p>\n<table>\n<thead>\n<tr>\n<th style=\"text-align: left;\">Koruma \u00d6zelli\u011fi<\/th>\n<th style=\"text-align: left;\">Ger\u00e7ek D\u00fcnya Avantaj\u0131<\/th>\n<\/tr>\n<\/thead>\n<tbody>\n<tr>\n<td style=\"text-align: left;\"><strong>Ak\u0131ll\u0131 BMS \u00c7ipi<\/strong><\/td>\n<td style=\"text-align: left;\">K\u0131sa devreleri, a\u015f\u0131r\u0131 \u015farj\u0131 ve termal dalgalanmalar\u0131 engeller<\/td>\n<\/tr>\n<tr>\n<td style=\"text-align: left;\"><strong>Do\u011frulanm\u0131\u015f Kapasite<\/strong><\/td>\n<td style=\"text-align: left;\">S\u0131f\u0131r yanl\u0131\u015f iddia ile ger\u00e7ek 3561mAh \u00e7\u0131k\u0131\u015f<\/td>\n<\/tr>\n<tr>\n<td style=\"text-align: left;\"><strong>Standart Uyumluluk<\/strong><\/td>\n<td style=\"text-align: left;\">Kat\u0131 GB 31241-2022 termal ve elektriksel g\u00fcvenlik standartlar\u0131n\u0131 kar\u015f\u0131lar<\/td>\n<\/tr>\n<tr>\n<td style=\"text-align: left;\"><strong>\u00d6zel Esnek Kablolar<\/strong><\/td>\n<td style=\"text-align: left;\">Sorunsuz, s\u0131f\u0131r zahmetli mant\u0131k kart\u0131 ba\u011flant\u0131s\u0131 i\u00e7in tasarland\u0131<\/td>\n<\/tr>\n<\/tbody>\n<\/table>\n<h2>B2B iPhone Pil \u00dcreticisi<\/h2>\n<h3>Neden Haisic iPhone 16 Pilini Kaynak G\u00f6stermelisiniz?<\/h3>\n<p>Tan\u0131nm\u0131\u015f bir y\u00fcksek teknoloji kurulu\u015fu olarak, Shenzhen'deki son teknoloji \u00fcretim tesisimizde <strong>Haisic iPhone 16 pil<\/strong> \u00fcretim yap\u0131yoruz. Montaj hatlar\u0131m\u0131z, s\u0131k\u0131 ISO sertifikal\u0131 s\u00fcre\u00e7lerle \u00e7al\u0131\u015f\u0131r ve titiz kalite kontrol (QC) denetimleri ile desteklenir. Bu, g\u00f6nderdi\u011fimiz her iPhone 16 yedek pilinin en \u00fcst d\u00fczey performans ve nihai g\u00fcvenlik i\u00e7in \u00fcretildi\u011fini garanti eder.<\/p>\n<p>Geni\u015f \u00f6l\u00e7ekli <a href=\"https:\/\/haisicstorage.com\/tr\/energy-storage-system-oem-factory-price\/\">OEM fabrika \u00e7\u00f6z\u00fcmleri<\/a>, alan\u0131ndaki kapsaml\u0131 ge\u00e7mi\u015fimizden yararlanarak, end\u00fcstriyel d\u00fczeyde \u00fcretim standartlar\u0131n\u0131 do\u011frudan ak\u0131ll\u0131 telefon g\u00fc\u00e7 h\u00fccrelerimize uyguluyoruz. Tedarik zincirinizi hareket halinde tutan birinci s\u0131n\u0131f bile\u015fenler sunarak, g\u00fcvenilir OEM iPhone 16 pil tedarik\u00e7iniz olarak hizmet vermeye tam donan\u0131ml\u0131y\u0131z.<\/p>\n<p><strong>K\u00fcresel Toptan Sat\u0131\u015f Avantajlar\u0131m\u0131z:<\/strong><\/p>\n<ul>\n<li><strong>OEM\/ODM \u00d6zelle\u015ftirme:<\/strong> Belirli marka gereksinimlerinize g\u00f6re Shenzhen Haisic telefon pillerini \u00f6zel olarak \u00fcretmek i\u00e7in esnek \u00fcretim.<\/li>\n<li><strong>\u00d6l\u00e7eklenebilir \u00dcretim:<\/strong> iPhone 16 pil paketi toptan sat\u0131\u015f sipari\u015flerini zahmetsizce kar\u015f\u0131lamak \u00fczere tasarlanm\u0131\u015f y\u00fcksek kapasiteli \u00fcretim hatlar\u0131.<\/li>\n<li><strong>\u00d6zel B2B Y\u00f6netimi:<\/strong> Sat\u0131n alma, tahmin ve envanter i\u015flemlerinizi kolayla\u015ft\u0131rmak i\u00e7in bire bir do\u011frudan hesap deste\u011fi.<\/li>\n<li><strong>H\u0131zl\u0131 K\u00fcresel Lojistik:<\/strong> iPhone 16 yedek pil par\u00e7alar\u0131n\u0131z\u0131n d\u00fcnyan\u0131n her yerinde zaman\u0131nda teslim edilmesini sa\u011flamak i\u00e7in optimize edilmi\u015f uluslararas\u0131 nakliye a\u011flar\u0131.<\/li>\n<\/ul>\n<h2>S\u0131k\u00e7a Sorulan Sorular<\/h2>\n<h3>Yayg\u0131n Haisic iPhone 16 Pil Sorular\u0131<\/h3>\n<p>iPhone 16 yedek pil par\u00e7alar\u0131m\u0131z\u0131 tedarik etme hakk\u0131nda en \u00e7ok ald\u0131\u011f\u0131m\u0131z sorular\u0131n do\u011frudan yan\u0131tlar\u0131 a\u015fa\u011f\u0131dad\u0131r:<\/p>\n<ul>\n<li><strong>Bu pil iOS pil sa\u011fl\u0131\u011f\u0131 takibi ile uyumlu mu?<\/strong><br \/>\nEvet. Bizim <strong>Haisic iPhone 16 pil<\/strong> \u00fcr\u00fcn\u00fcm\u00fcz\u00fc, dahili iOS sistemleriyle kusursuz bir \u015fekilde ileti\u015fim kuracak \u015fekilde tasarlad\u0131k. Son kullan\u0131c\u0131lar, ayarlar\u0131ndan pil sa\u011fl\u0131k durumlar\u0131n\u0131 kolayca izleyebilir ve tam 3561mAh kapasitenin do\u011fru okumalar\u0131n\u0131 g\u00f6rebilir, bu da \u00fcst\u00fcn bir kullan\u0131c\u0131 deneyimi sa\u011flar.<\/li>\n<li><strong>Toptan sipari\u015fler i\u00e7in garanti s\u00fcresi nedir?<\/strong><br \/>\nBir <strong>B2B iPhone pil \u00fcreticisi<\/strong>, olarak, t\u00fcm toplu sipari\u015flerde kapsaml\u0131 bir 12 ayl\u0131k garanti ile toptan sat\u0131\u015f ortaklar\u0131m\u0131z\u0131 destekliyoruz. G\u00fcvenilir OEM iPhone 16 pil tedarik\u00e7iniz olmay\u0131 hedefliyoruz, bu da \u00fcr\u00fcnlerimizin uzun vadeli performans\u0131 ve g\u00fcvenilirli\u011fi i\u00e7in tam sorumluluk ald\u0131\u011f\u0131m\u0131z anlam\u0131na gelir. <strong>Shenzhen Haisic telefon pilleri<\/strong>.<\/li>\n<li><strong>Piller sevkiyat \u00f6ncesinde test ediliyor mu?<\/strong><br \/>\nKesinlikle. Her bir <strong>iPhone 16 yedek pil<\/strong> g\u00f6nderilmeden \u00f6nce tesisimizde titiz kalite kontrol\u00fcnden ge\u00e7er. S\u0131f\u0131r d\u00f6ng\u00fc say\u0131s\u0131n\u0131 do\u011frular, 3.886V nominal voltaj\u0131 test eder ve t\u00fcm ak\u0131ll\u0131 BMS korumalar\u0131n\u0131n aktif oldu\u011funu teyit ederiz. Bu ayn\u0131 s\u0131k\u0131 test standartlar\u0131n\u0131, mobil h\u00fccrelerden y\u00fcksek kapasiteli <a href=\"https:\/\/haisicstorage.com\/tr\/power-bank-for-household-appliance\/\">ev aletleri i\u00e7in g\u00fc\u00e7 bankas\u0131<\/a> \u00e7\u00f6z\u00fcmlerimize kadar t\u00fcm \u00fcretim hatt\u0131m\u0131zda uyguluyoruz. Yaln\u0131zca tamamen do\u011frulanm\u0131\u015f, g\u00fcvenli ve an\u0131nda tak\u0131lmaya haz\u0131r yedek piller al\u0131rs\u0131n\u0131z.<\/li>\n<\/ul>","protected":false},"excerpt":{"rendered":"<p>Haisic iPhone 16 pil 3561mAh 13.839Wh 3.886V GB 31241 2022 uyumlu g\u00fcvenli y\u00fcksek kapasite OEM yedekleme<\/p>","protected":false},"featured_media":3772,"template":"","meta":{"site-sidebar-layout":"default","site-content-layout":"","ast-site-content-layout":"default","site-content-style":"default","site-sidebar-style":"default","ast-global-header-display":"","ast-banner-title-visibility":"","ast-main-header-display":"","ast-hfb-above-header-display":"","ast-hfb-below-header-display":"","ast-hfb-mobile-header-display":"","site-post-title":"","ast-breadcrumbs-content":"","ast-featured-img":"","footer-sml-layout":"","ast-disable-related-posts":"","theme-transparent-header-meta":"default","adv-header-id-meta":"","stick-header-meta":"default","header-above-stick-meta":"","header-main-stick-meta":"","header-below-stick-meta":"","astra-migrate-meta-layouts":"set","ast-page-background-enabled":"default","ast-page-background-meta":{"desktop":{"background-color":"var(--ast-global-color-4)","background-image":"","background-repeat":"repeat","background-position":"center center","background-size":"auto","background-attachment":"scroll","background-type":"","background-media":"","overlay-type":"","overlay-color":"","overlay-opacity":"","overlay-gradient":""},"tablet":{"background-color":"","background-image":"","background-repeat":"repeat","background-position":"center center","background-size":"auto","background-attachment":"scroll","background-type":"","background-media":"","overlay-type":"","overlay-color":"","overlay-opacity":"","overlay-gradient":""},"mobile":{"background-color":"","background-image":"","background-repeat":"repeat","background-position":"center center","background-size":"auto","background-attachment":"scroll","background-type":"","background-media":"","overlay-type":"","overlay-color":"","overlay-opacity":"","overlay-gradient":""}},"ast-content-background-meta":{"desktop":{"background-color":"var(--ast-global-color-5)","background-image":"","background-repeat":"repeat","background-position":"center center","background-size":"auto","background-attachment":"scroll","background-type":"","background-media":"","overlay-type":"","overlay-color":"","overlay-opacity":"","overlay-gradient":""},"tablet":{"background-color":"var(--ast-global-color-5)","background-image":"","background-repeat":"repeat","background-position":"center center","background-size":"auto","background-attachment":"scroll","background-type":"","background-media":"","overlay-type":"","overlay-color":"","overlay-opacity":"","overlay-gradient":""},"mobile":{"background-color":"var(--ast-global-color-5)","background-image":"","background-repeat":"repeat","background-position":"center center","background-size":"auto","background-attachment":"scroll","background-type":"","background-media":"","overlay-type":"","overlay-color":"","overlay-opacity":"","overlay-gradient":""}}},"product_brand":[],"product_cat":[59],"product_tag":[],"class_list":{"0":"post-3771","1":"product","2":"type-product","3":"status-publish","4":"has-post-thumbnail","6":"product_cat-iphone-battery-series","7":"desktop-align-left","8":"tablet-align-left","9":"mobile-align-left","10":"ast-product-gallery-layout-horizontal-slider","11":"ast-product-tabs-layout-horizontal","13":"first","14":"instock","15":"shipping-taxable","16":"purchasable","17":"product-type-simple"},"_links":{"self":[{"href":"https:\/\/haisicstorage.com\/tr\/wp-json\/wp\/v2\/product\/3771","targetHints":{"allow":["GET"]}}],"collection":[{"href":"https:\/\/haisicstorage.com\/tr\/wp-json\/wp\/v2\/product"}],"about":[{"href":"https:\/\/haisicstorage.com\/tr\/wp-json\/wp\/v2\/types\/product"}],"version-history":[{"count":0,"href":"https:\/\/haisicstorage.com\/tr\/wp-json\/wp\/v2\/product\/3771\/revisions"}],"wp:featuredmedia":[{"embeddable":true,"href":"https:\/\/haisicstorage.com\/tr\/wp-json\/wp\/v2\/media\/3772"}],"wp:attachment":[{"href":"https:\/\/haisicstorage.com\/tr\/wp-json\/wp\/v2\/media?parent=3771"}],"wp:term":[{"taxonomy":"product_brand","embeddable":true,"href":"https:\/\/haisicstorage.com\/tr\/wp-json\/wp\/v2\/product_brand?post=3771"},{"taxonomy":"product_cat","embeddable":true,"href":"https:\/\/haisicstorage.com\/tr\/wp-json\/wp\/v2\/product_cat?post=3771"},{"taxonomy":"product_tag","embeddable":true,"href":"https:\/\/haisicstorage.com\/tr\/wp-json\/wp\/v2\/product_tag?post=3771"}],"curies":[{"name":"wp","href":"https:\/\/api.w.org\/{rel}","templated":true}]}}