{"id":2869,"date":"2025-12-18T09:51:37","date_gmt":"2025-12-18T09:51:37","guid":{"rendered":"https:\/\/haisicstorage.com\/haisic-2688kwh-high-voltage-lifepo4-home-energy-storage-system\/"},"modified":"2026-02-27T07:19:44","modified_gmt":"2026-02-27T07:19:44","slug":"haisic-2688kwh-high-voltage-lifepo4-home-energy-storage-system","status":"publish","type":"product","link":"https:\/\/haisicstorage.com\/tr\/haisic-2688kwh-high-voltage-lifepo4-home-energy-storage-system\/","title":{"rendered":"Haisic 26.88kWh Y\u00fcksek Gerilim LiFePO4 Ev Enerji Depolama Sistemi"},"content":{"rendered":"<h2>\u00dcr\u00fcn Genel Bak\u0131\u015f<\/h2>\n<p>Haisic 26.88kWh Y\u00fcksek Gerilim LiFePO4 Ev Enerji Depolama Sistemi, verimli konut enerji y\u00f6netimi i\u00e7in tasarlanm\u0131\u015f g\u00fc\u00e7l\u00fc, her \u015fey bir arada \u00e7\u00f6z\u00fcmd\u00fcr. Geli\u015fmi\u015f LiFePO4 (LFP) pil teknolojisini kullanarak, bu y\u00fcksek gerilimli pil depolama \u00fcst\u00fcn g\u00fcvenlik ve 6000 \u00fczerinde \u015farj d\u00f6ng\u00fcs\u00fc ile uzun \u00f6m\u00fcr sa\u011flar. Nominal kapasitesi 26.88kWh ve \u00e7\u0131k\u0131\u015f g\u00fcc\u00fc aral\u0131\u011f\u0131 20kW ile 30kW olan bu sistem, t\u00fcm ev pil depolama, zirve azaltma ve g\u00fcvenilir yedek g\u00fc\u00e7 i\u00e7in idealdir.<\/p>\n<p>Bu istiflenebilir ev enerji depolama sistemi, entegre y\u00fcksek verimli bir invert\u00f6r i\u00e7erir ve g\u00fcne\u015f PV entegrasyonu ile \u015febeke yedeklemesi i\u00e7in sorunsuz hibrit uyumluluk sa\u011flar. IP65 dereceli dayan\u0131kl\u0131 i\u00e7 ve d\u0131\u015f kullan\u0131m i\u00e7in, sistem geni\u015f \u00e7al\u0131\u015fma s\u0131cakl\u0131\u011f\u0131 aral\u0131\u011f\u0131nda (-25\u00b0C ile +60\u00b0C) ve irtifa (&lt;3000m) da dahil olmak \u00fczere dayan\u0131kl\u0131l\u0131\u011f\u0131 garanti eder. CAN ve RS485 ileti\u015fim portlar\u0131 ile ak\u0131ll\u0131 pil y\u00f6netimi performans\u0131 ve g\u00fcvenli\u011fi optimize eder, Haisic 26.88kWh LiFePO4 ev bataryas\u0131n\u0131 enerji ba\u011f\u0131ms\u0131zl\u0131\u011f\u0131 ve d\u00fcnya genelinde maliyet tasarrufu i\u00e7in \u00fcst tercih yapar.<\/p>\n<h2>Haisic 26.88kWh Y\u00fcksek Gerilim LiFePO4 Ev Enerji Depolama Sisteminin Ana \u00d6zellikleri<\/h2>\n<p>Haisic 26.88kWh LiFePO4 ev bataryas\u0131, kullan\u0131m\u0131 kolay ve y\u00fcksek performans i\u00e7in tasarlanm\u0131\u015f ak\u0131ll\u0131 \u00f6zellikler sunar:<\/p>\n<ul>\n<li>\n<h3>\u0130stiflenebilir ve Mod\u00fcler Tasar\u0131m<\/h3>\n<p>Ek mod\u00fcller ekleyerek enerji depolaman\u0131z\u0131 kolayca geni\u015fletin. B\u00fcy\u00fcyen enerji ihtiya\u00e7lar\u0131 i\u00e7in m\u00fckemmeldir.<\/li>\n<li>\n<h3>Entegre Y\u00fcksek Verimli \u0130nvert\u00f6r<\/h3>\n<p>Yerle\u015fik invert\u00f6r \u00e7\u0131k\u0131\u015f\u0131 20kW ile 30kW aral\u0131\u011f\u0131nda olup, t\u00fcm ev enerji y\u00f6netimi i\u00e7in idealdir.<\/li>\n<li>\n<h3>Geli\u015fmi\u015f LiFePO4 Batarya Teknolojisi<\/h3>\n<p>G\u00fcvenli, uzun \u00f6m\u00fcrl\u00fc lityum demir fosfat h\u00fccreleri, geleneksel pillere k\u0131yasla \u00fcst\u00fcn kararl\u0131l\u0131k ve performans sa\u011flar.<\/li>\n<li>\n<h3>IP65 S\u0131n\u0131fland\u0131rmal\u0131 Koruma<\/h3>\n<p>\u0130\u00e7 ve d\u0131\u015f kurulumlar i\u00e7in uygundur, toz ve suya kar\u015f\u0131 dayan\u0131kl\u0131 g\u00fcvenilir \u00e7al\u0131\u015fmay\u0131 sa\u011flar.<\/li>\n<li>\n<h3>Ak\u0131ll\u0131 Pil Y\u00f6netim Sistemi (BMS)<\/h3>\n<p>Ger\u00e7ek zamanl\u0131 izleme ve ev enerji sistemleriyle sorunsuz entegrasyon i\u00e7in CAN ve RS485 ileti\u015fim portlar\u0131na sahiptir.<\/li>\n<li>\n<h3>Hibrit Uyumlu<\/h3>\n<p>G\u00fcne\u015f PV sistemleri ve \u015febeke yedeklemeleri ile sorunsuz \u00e7al\u0131\u015f\u0131r, off-grid veya hibrit enerji kullan\u0131m\u0131n\u0131 m\u00fcmk\u00fcn k\u0131lar.<\/li>\n<\/ul>\n<p>Bu her \u015fey bir arada hibrit inverter pil sistemi kurulum\u0131 basitle\u015ftirir ve enerji tasarrufunu maksimize eder. Uygun inverter se\u00e7enekleri i\u00e7in kontrol edin <a href=\"https:\/\/haisicstorage.com\/tr\/haisic-10kw-ip65-hybrid-solar-inverter-single-phase-mppt-controller-125v500v-pv-input-220260v-ac-output\/\">Haisic 10kW IP65 Hibrit G\u00fcne\u015f Invert\u00f6r\u00fc<\/a> bu istiflenebilir ev enerji depolama \u00e7\u00f6z\u00fcm\u00fcne m\u00fckemmel \u015fekilde uyum sa\u011flayan.<\/p>\n<h2>Haisic 26.88kWh Y\u00fcksek Voltajl\u0131 LiFePO4 Ev Enerji Depolama Sistemi'nin Teknik \u00d6zellikleri<\/h2>\n<p>\u0130\u015fte ana \u00f6zelliklerin net bir \u00f6zeti <strong>Haisic 26.88kWh LiFePO4 ev bataryas\u0131<\/strong>, konut enerji depolamada y\u00fcksek performans ve g\u00fcvenilirlik sa\u011flamak i\u00e7in tasarlanm\u0131\u015ft\u0131r:<\/p>\n<table>\n<thead>\n<tr>\n<th>\u00d6zellik<\/th>\n<th>Detaylar<\/th>\n<\/tr>\n<\/thead>\n<tbody>\n<tr>\n<td><strong>Nominal Kapasite<\/strong><\/td>\n<td>26.88 kWh<\/td>\n<\/tr>\n<tr>\n<td><strong>Batarya Kapasitesi<\/strong><\/td>\n<td>105 Ah<\/td>\n<\/tr>\n<tr>\n<td><strong>Sistem Gerilimi<\/strong><\/td>\n<td>224\u2013292 V (Y\u00fcksek Voltaj)<\/td>\n<\/tr>\n<tr>\n<td><strong>Batarya T\u00fcr\u00fc<\/strong><\/td>\n<td>LiFePO4 (LFP)<\/td>\n<\/tr>\n<tr>\n<td><strong>\u00c7\u0131k\u0131\u015f G\u00fcc\u00fc Aral\u0131\u011f\u0131<\/strong><\/td>\n<td>20 kW \u2013 30 kW<\/td>\n<\/tr>\n<tr>\n<td><strong>D\u00f6ng\u00fc \u00d6mr\u00fc<\/strong><\/td>\n<td>6000+ d\u00f6ng\u00fc<\/td>\n<\/tr>\n<tr>\n<td><strong>Koruma S\u0131n\u0131f\u0131<\/strong><\/td>\n<td>IP65 (\u0130\u00e7\/ d\u0131\u015f mek\u00e2n kullan\u0131ma uygun)<\/td>\n<\/tr>\n<tr>\n<td><strong>\u0130leti\u015fim Portlar\u0131<\/strong><\/td>\n<td>CAN, RS485<\/td>\n<\/tr>\n<tr>\n<td><strong>\u00c7al\u0131\u015fma S\u0131cakl\u0131\u011f\u0131<\/strong><\/td>\n<td>-25\u00b0C ile +60\u00b0C (45\u00b0C \u00fczerinde azal\u0131m)<\/td>\n<\/tr>\n<tr>\n<td><strong>\u00c7al\u0131\u015fma \u0130rtifas\u0131<\/strong><\/td>\n<td>3000 metreden a\u015fa\u011f\u0131<\/td>\n<\/tr>\n<tr>\n<td><strong>Model Referans\u0131<\/strong><\/td>\n<td>Batarya 21kWh + \u0130nverter HS10kw-T serisine benzer (\u00f6l\u00e7eklenebilir)<\/td>\n<\/tr>\n<\/tbody>\n<\/table>\n<p>Bu <strong>y\u00fcksek voltaj LiFePO4 pil paketi<\/strong> uzun \u00e7evrim \u00f6mr\u00fcn\u00fc sa\u011flam g\u00fc\u00e7l\u00fc bir IP65 s\u0131y\u0131rmas\u0131yla birle\u015ftirir, b\u00f6ylece dayan\u0131kl\u0131 ve \u00e7e\u015fitli ortamlara uyumlu olur. CAN ve RS485 \u00fczerinden ileti\u015fim se\u00e7enekleri, ev enerjisi y\u00f6netim sistemleriyle entegrasyonu kolayla\u015ft\u0131r\u0131r.<\/p>\n<p>Daha b\u00fcy\u00fck bir kurulumla ilgilenenler i\u00e7in bak\u0131n\u0131z <a href=\"https:\/\/haisicstorage.com\/tr\/haisic-128v-lifepo4-battery-pack-280ah-358kwh-6000-cycle-life\/\">Haisic\u2019nin 128V LiFePO4 pil paketi 280Ah kapasite ve 6000 \u00e7evrim \u00f6mr\u00fc ile<\/a> - ticari veya daha b\u00fcy\u00fck konut sistemleri i\u00e7in.<\/p>\n<h2>Haisic 26.88kWh Y\u00fcksek Gerilimli LiFePO4 Ev Enerji Depolama Sistemi\u2019nin Yararlar\u0131 ve Avantajlar\u0131<\/h2>\n<p>Haisic 26.88kWh LiFePO4 ev bataryas\u0131 paketi, konut enerji depolamas\u0131 i\u00e7in ak\u0131ll\u0131 bir tercih oldu\u011funu g\u00f6steren belirgin faydalar sunar. \u0130\u015fte elde edilecekleriniz:<\/p>\n<table>\n<thead>\n<tr>\n<th>Fayda<\/th>\n<th>Detaylar<\/th>\n<\/tr>\n<\/thead>\n<tbody>\n<tr>\n<td><strong>Enerji Ba\u011f\u0131ms\u0131zl\u0131\u011f\u0131<\/strong><\/td>\n<td>G\u00fcvenilir yedek g\u00fc\u00e7, kesintiler s\u0131ras\u0131nda evinizi \u00e7al\u0131\u015f\u0131r durumda tutar.<\/td>\n<\/tr>\n<tr>\n<td><strong>Daha D\u00fc\u015f\u00fck Elektrik Maliyetleri<\/strong><\/td>\n<td>Anahtar k\u0131rpma ve g\u00fcne\u015f optimizasyonu elektrik faturalar\u0131n\u0131z\u0131 \u00f6nemli \u00f6l\u00e7\u00fcde azalt\u0131r.<\/td>\n<\/tr>\n<tr>\n<td><strong>G\u00fc\u00e7lendirilmi\u015f G\u00fcvenlik<\/strong><\/td>\n<td>Yanmaz LiFePO4 kimyas\u0131 en g\u00fcvenli batarya t\u00fcrlerinden biridir.<\/td>\n<\/tr>\n<tr>\n<td><strong>Uzun vadeli Dayan\u0131kl\u0131l\u0131k<\/strong><\/td>\n<td>6000\u2019in \u00fczerinde \u00e7evrim, minimum bak\u0131m ile y\u0131llarca istikrarl\u0131 performans sa\u011flar.<\/td>\n<\/tr>\n<tr>\n<td><strong>Esnek Kurulum<\/strong><\/td>\n<td>\u0130stiflenebilir, mod\u00fcler tasar\u0131m \u00e7e\u015fitli ev boyutlar\u0131 ve yerle\u015fimlerine kolayca uyum sa\u011flar.<\/td>\n<\/tr>\n<\/tbody>\n<\/table>\n<p>Bu y\u00fcksek kapasiteli ev ESS, geli\u015fmi\u015f LiFePO4 g\u00fc\u00e7 duvar\u0131 alternatif teknolojisi ile g\u00fcvenilirlik ve maliyet tasarrufu sunar; enerji \u00f6zg\u00fcrl\u00fc\u011f\u00fc ve g\u00fcvenlik arayan ev sahipleri i\u00e7in idealdir. G\u00fcne\u015f enerjisinin kullan\u0131m\u0131n\u0131 en \u00fcst d\u00fczeye \u00e7\u0131karmak ve pil \u00f6mr\u00fcn\u00fc uzatmak isterseniz, ayr\u0131nt\u0131l\u0131 rehberimize bak\u0131n <a href=\"https:\/\/haisicstorage.com\/tr\/cost-of-solar-battery-storage\/\">maliyeti etkin g\u00fcne\u015f pil depolama \u00e7\u00f6z\u00fcmleri<\/a>.<\/p>\n<h2>Haisic 26.88kWh Y\u00fcksek Gerilimli LiFePO4 Ev Enerji Depolama Sisteminin Uygulamalar\u0131<\/h2>\n<p>Haisic 26.88kWh LiFePO4 ev bataryas\u0131, konut enerji depolama alan\u0131nda \u00e7ok y\u00f6nl\u00fc kullan\u0131m i\u00e7in tasarlanm\u0131\u015ft\u0131r. Ev aletlerini g\u00fc\u00e7lendirmek ve kesintiler s\u0131ras\u0131nda t\u00fcm ev i\u00e7in yedek enerji sa\u011flamak i\u00e7in idealdir; temel cihazlar\u0131n\u0131z\u0131n sorunsuz \u00e7al\u0131\u015fmas\u0131n\u0131 sa\u011flar.<\/p>\n<p>Bu y\u00fcksek kapasiteli ev ESS ayr\u0131ca g\u00fcne\u015f PV sistemleriyle sorunsuz bir \u015fekilde entegre olur; off-grid ve hibrit kurulumlar\u0131 destekler. Enerji ba\u011f\u0131ms\u0131zl\u0131\u011f\u0131 m\u0131 hedefliyorsunuz yoksa g\u00fcne\u015f enerjisinden en \u00fcst d\u00fczeyde yararlanmay\u0131 m\u0131 ama\u00e7l\u0131yorsunuz, bu istiflenebilir enerji depolama sistemi ihtiya\u00e7lar\u0131n\u0131za uyum sa\u011flar.<\/p>\n<p>Dengesiz \u015febekelerin bulundu\u011fu b\u00f6lgelerde veya s\u0131k elektrik kesintilerinin ya\u015fand\u0131\u011f\u0131 b\u00f6lgelerdeki ev sahipleri i\u00e7in sistem g\u00fcvenilir, y\u00fcksek g\u00fc\u00e7l\u00fc yedek g\u00fc\u00e7 sunar. Geli\u015fmi\u015f LiFePO4 kimyas\u0131 ve hibrit uyumlulu\u011fu, s\u00fcrekli, yo\u011fun konut y\u00fckleri i\u00e7in m\u00fckemmeldir ve hem g\u00f6n\u00fcl rahatl\u0131\u011f\u0131 hem de maliyet tasarrufu sa\u011flar.<\/p>\n<p>G\u00fcne\u015f hibrit kurulumlar\u0131n\u0131 g\u00fc\u00e7lendirmek i\u00e7in <a href=\"https:\/\/haisicstorage.com\/tr\/10kw-off-grid-solar-power-system\/\">Haisic 10kW Off-Grid G\u00fcne\u015f Enerjisi Sistemi<\/a> veya <a href=\"https:\/\/haisicstorage.com\/tr\/haisic-36kva-hybrid-solar-inverter\/\">Haisic 36kVA Hibrit G\u00fcne\u015f Enerjisi \u0130nvert\u00f6r\u00fc<\/a> ile e\u015fle\u015fmesi, talepk\u00e2r ev ortamlar\u0131na y\u00f6nelik sa\u011flam ve \u00f6l\u00e7eklenebilir bir enerji \u00e7\u00f6z\u00fcm\u00fc sa\u011flar.<\/p>\n<h2>Kurulum ve Uyum<\/h2>\n<p>Haisic 26.88kWh Y\u00fcksek Gerilimli LiFePO4 Ev Enerji Depolama Sistemi, sorunsuz bir kurulum i\u00e7in tasarlanm\u0131\u015ft\u0131r. \u0130stiflenebilir, mod\u00fcler tasar\u0131m\u0131, kapasiteyi kolayca geni\u015fletmenizi sa\u011flayan tak-\u00e7al\u0131\u015ft\u0131r elemanlar\u0131yla kurulumun \u00f6n\u00fcn\u00fczdeki enerji ihtiya\u00e7lar\u0131na g\u00f6re basit olmas\u0131n\u0131 sa\u011flar. \u00c7o\u011fu b\u00fcy\u00fck g\u00fcne\u015f invert\u00f6r\u00fc ve paneliyle uyumludur; mevcut bir g\u00fcne\u015f kurulumu ile eklemek ya da yeni bir hibrit enerji sistemi kurmak istedi\u011finizde sorunsuz entegrasyon sa\u011flar.<\/p>\n<p>En iyi performans ve g\u00fcvenlik i\u00e7in profesyonel kurulum \u00f6nerilir. Bu, proper sistem yap\u0131land\u0131rmas\u0131 ve yerel y\u00f6netmeliklere uyum sa\u011flanmas\u0131na yard\u0131mc\u0131 olur. Daha uyumlu se\u00e7enekler ar\u0131yorsan\u0131z, <a href=\"https:\/\/haisicstorage.com\/tr\/haisic-6kw8kw10kw12kw-hybrid-solar-inverter-ip65-ongrid-offgrid\/\">IP65 korumalara sahip hibrit g\u00fcne\u015f g\u00fc\u00e7 invert\u00f6rlerimiz<\/a> ile Haisic y\u00fcksek voltajl\u0131 batarya depolama sistemiyle sorunsuz bir \u015fekilde e\u015fle\u015fmek i\u00e7in.<\/p>\n<h2>Garanti ve Destek<\/h2>\n<p>Haisic 26.88kWh Y\u00fcksek Voltaj LiFePO4 Ev Enerji Depolama Sistemi, sa\u011flam bir <strong>5 y\u0131ll\u0131k garanti<\/strong>, yat\u0131r\u0131mlar\u0131n\u0131zda g\u00fcven sa\u011flayan bir yap\u0131ya sahiptir. \u00c7in Guangdong merkezli \u00fcretici taraf\u0131ndan do\u011frudan destek sa\u011flan\u0131r; uzman yard\u0131m ve h\u0131zl\u0131 yan\u0131t s\u00fcreleri garantilenir. Kurulum, bak\u0131m veya sorun giderme konusunda yard\u0131ma ihtiyac\u0131n\u0131z oldu\u011funda, Haisic y\u0131llar\u0131n tecr\u00fcbesiyle g\u00fcvenilir hizmet sunar.<\/p>\n<p>Ayr\u0131ca, \u00f6zel proje gereksinimleriniz varsa sistemin \u00f6zelle\u015ftirilmesini kolayla\u015ft\u0131ran OEM ve ODM se\u00e7enekleri de mevcuttur. Bu d\u00fczeyde destek ve esneklik, Haisic y\u00fcksek voltajl\u0131 batarya depolama sistemini konut veya ticari enerji ihtiya\u00e7lar\u0131n\u0131z i\u00e7in g\u00fcvenilir bir tercih yapar.<\/p>\n<p>Bu garanti ile ev batarya kurulumu hakk\u0131nda daha fazla ayr\u0131nt\u0131 i\u00e7in <a href=\"https:\/\/haisicstorage.com\/tr\/battery-storage-for-home\/\">ev i\u00e7in batarya depolama<\/a> Haisic taraf\u0131ndan sunulan \u00e7\u00f6z\u00fcmlere bak\u0131n.<\/p>\n<h2>Ev Enerji Depolama \u0130\u00e7in Neden Haisic Tercih Edilir<\/h2>\n<p>Haisic, <strong>enerji depolama bataryas\u0131<\/strong> end\u00fcstride g\u00fcvenilir bir isim olarak \u00f6ne \u00e7\u0131k\u0131yor <strong>12 y\u0131ldan uzun s\u00fcredir tecr\u00fcbeye sahip<\/strong>. Odaklar\u0131 her zaman <strong>y\u00fcksek kaliteli LiFePO4 \u00e7\u00f6z\u00fcmleri<\/strong> konut ve ticari ihtiya\u00e7lar i\u00e7in \u00f6zelle\u015ftirilmi\u015f olarak sunmak \u00fczerine kurulu. \u0130\u015fte Haisic'in eviniz i\u00e7in ak\u0131ll\u0131ca bir tercih olmas\u0131n\u0131n nedeni <strong>26.88kWh y\u00fcksek voltajl\u0131 LiFePO4 ev enerji depolama sistemi<\/strong>:<\/p>\n<table>\n<thead>\n<tr>\n<th>Avantaj<\/th>\n<th>Detaylar<\/th>\n<\/tr>\n<\/thead>\n<tbody>\n<tr>\n<td><strong>Kan\u0131tlanm\u0131\u015f Uzmanl\u0131k<\/strong><\/td>\n<td>12+ y\u0131l ileri enerji depolama teknolojisine adanm\u0131\u015f<\/td>\n<\/tr>\n<tr>\n<td><strong>Kalite Odakl\u0131l\u0131k<\/strong><\/td>\n<td>G\u00fcvenlik ve uzun \u00f6m\u00fcr sa\u011flayan premium LiFePO4 h\u00fccreler kullan\u0131l\u0131r<\/td>\n<\/tr>\n<tr>\n<td><strong>Yenilik Odakl\u0131<\/strong><\/td>\n<td>S\u00fcrekli verimlilik ve g\u00fcvenilirlik art\u0131r\u0131m\u0131<\/td>\n<\/tr>\n<tr>\n<td><strong>G\u00fcvenilir Destek<\/strong><\/td>\n<td>\u00c7in'in Guangdong b\u00f6lgesinden do\u011frudan \u00fcretici deste\u011fi<\/td>\n<\/tr>\n<tr>\n<td><strong>\u00d6l\u00e7eklenebilir \u00c7\u00f6z\u00fcmler<\/strong><\/td>\n<td>\u00c7e\u015fitli ihtiya\u00e7lara uyacak \u015fekilde y\u0131\u011f\u0131labilir ve mod\u00fcler sistemler sunar<\/td>\n<\/tr>\n<\/tbody>\n<\/table>\n<p>Haisic'i se\u00e7erek sa\u011flam bir <strong>y\u00fcksek kapasiteli ev ESS'i elde edersiniz<\/strong> yenili\u011fe ba\u011fl\u0131 bir \u015firket taraf\u0131ndan desteklenen <strong>yenilik\u00e7ilik<\/strong> ve <strong>uzun vadeli performans<\/strong>. Bu taahh\u00fct, ev enerji kurulumunuzun off-grid, hibrit veya \u015febekeye ba\u011fl\u0131 olsun fark etmeden verimli ve g\u00fcvende kalmas\u0131n\u0131 sa\u011flar.<\/p>\n<p>Daha b\u00fcy\u00fck \u00f6l\u00e7ekli ihtiya\u00e7lar i\u00e7in Haisic ayr\u0131ca <a href=\"https:\/\/haisicstorage.com\/tr\/haisic-200kw-industrial-commercial-energy-storage-battery-430kwh-solar-storage-system\/\">200kW end\u00fcstriyel ticari enerji depolama bataryas\u0131<\/a> \u00f6rnekleri konut kurulumlar\u0131na tamamlay\u0131c\u0131 veya sorunsuz bir \u015fekilde \u00f6l\u00e7eklenebilir projelere uygun.<\/p>\n<h2>SSS: Kapasite, \u015earj, Uyum ve Bak\u0131m<\/h2>\n<h3>Haisic 26,88kWh Y\u00fcksek Gerilim LiFePO4 Ev Enerji Depolama Sisteminin kapasitesini geni\u015fletebilir miyim?<\/h3>\n<p>Evet, bu sistem y\u0131\u011f\u0131t\u0131labilir, mod\u00fcler bir yap\u0131ya sahiptir. Toplam kapasiteyi art\u0131rmak i\u00e7in daha fazla batarya mod\u00fcl\u00fc kolayca ekleyebilirsiniz; bu da b\u00fcy\u00fcyen enerji ihtiya\u00e7lar\u0131 i\u00e7in m\u00fckemmel, \u00f6l\u00e7eklenebilir bir LiFePO4 enerji sistemi yapar.<\/p>\n<h3>Batarya ne kadar s\u00fcrede tamamen \u015farj olur?<\/h3>\n<p>\u015earj s\u00fcresi g\u00fcne\u015f giri\u015fi veya \u015febeke TEDA ve inverter \u00e7\u0131k\u0131\u015f\u0131na ba\u011fl\u0131d\u0131r (20-30kW aral\u0131\u011f\u0131). Optimum ko\u015fullar alt\u0131nda, batarya birka\u00e7 saat i\u00e7inde tamamen \u015farj olabilir; \u00f6zellikle verimli off-grid veya hibrit enerji depolama i\u00e7in g\u00fcne\u015f PV sistemleriyle e\u015fle\u015ftirildi\u011finde.<\/p>\n<h3>Sistem farkl\u0131 g\u00fcne\u015f inverterleri ve konut kurulumlar\u0131yla uyumlu mu?<\/h3>\n<p>Kesinlikle. Haisic 26,88kWh LiFePO4 ev bataryas\u0131 hibrit kurulumlar\u0131 destekler ve \u00e7o\u011fu ana g\u00fcne\u015f inverteri ve paneliyle sorunsuz \u00e7al\u0131\u015f\u0131r. Entegrasyon ve sistem izleme i\u00e7in CAN ve RS485 ileti\u015fim portlar\u0131na sahiptir.<\/p>\n<h3>Bu y\u00fcksek voltajl\u0131 LiFePO4 pil paketinin hangi t\u00fcr bak\u0131ma ihtiya\u00e7 duydu\u011fu?<\/h3>\n<p>Bak\u0131m, a\u015f\u0131r\u0131 \u015farj, de\u015farj ve s\u0131cakl\u0131k sorunlar\u0131na kar\u015f\u0131 koruma sa\u011flayan ak\u0131ll\u0131 batarya y\u00f6netim sistemi (BMS) sayesinde minimum d\u00fczeydedir. D\u00fczenli g\u00f6rsel kontroller ve sistemi temiz tutmak, uzun vadeli g\u00fcvenilirli\u011fini sa\u011flamaya yard\u0131mc\u0131 olacakt\u0131r.<\/p>\n<h3>Sistem zor hava ko\u015fullar\u0131 veya a\u00e7\u0131k ortamlar i\u00e7in \u00e7al\u0131\u015fabilir mi?<\/h3>\n<p>Evet, IP65 s\u0131n\u0131f\u0131na sahip oldu\u011fundan toz ve sudan iyi koruma sa\u011flar; i\u00e7 veya d\u0131\u015f mekanda kurulum i\u00e7in uygun olup zorlu iklimlerde bile kullan\u0131labilir.<\/p>\n<p>Daha fazla se\u00e7enek veya ilgili \u00fcr\u00fcnlerle ilgilenenler i\u00e7in di\u011ferlerini kontrol edin <a href=\"https:\/\/haisicstorage.com\/tr\/urun\/\">LiFePO4 piller ve enerji depolama sistemleri<\/a> Haisic taraf\u0131ndan sunulan.<\/p>\n<h2>\u0130lgili \u00dcr\u00fcnler ve Aksesuarlar<\/h2>\n<p>Enerji depolama sistemlerini \u00f6zelle\u015ftirmeyi hedefleyenler i\u00e7in Haisic, ilgili \u00fcr\u00fcnler ve aksesuarlar yelpazesi sunar. \u015eunlar\u0131 bulabilirsiniz <strong>daha k\u00fc\u00e7\u00fck g\u00fc\u00e7 ihtiya\u00e7lar\u0131 i\u00e7in d\u00fc\u015f\u00fck kapasiteli LiFePO4 konut bataryas\u0131<\/strong> ve mevcut 26.88kWh LiFePO4 konut batarya sisteminizi zahmetsizce geni\u015fleten ek mod\u00fcller. Ayr\u0131ca t\u00fcmle\u015fik hibrit inverter serisi gibi tamamlay\u0131c\u0131 inverterler hem g\u00fcne\u015f enerjisi hem de \u015febeke yedeklemesi i\u00e7in sorunsuz entegrasyon sa\u011flar.<\/p>\n<p>\u015eunlar\u0131 inceleyin <a href=\"https:\/\/haisicstorage.com\/tr\/10kwh-wall-mounted-home-energy-storage\/\">10kWh duvar monteli ev enerjisi depolama<\/a> kompakt, \u00f6l\u00e7eklenebilir bir \u00e7\u00f6z\u00fcm i\u00e7in veya belirli konut uygulamalar\u0131 i\u00e7in alternatif olarak inceleyin <a href=\"https:\/\/haisicstorage.com\/tr\/51-2v-100ah-powerwall-energy-storage\/\">51.2V 100Ah Powerwall enerji depolama<\/a> Bu se\u00e7enekler, evinizin benzersiz enerji taleplerine uyacak \u015fekilde y\u0131\u011f\u0131labilir ev enerji depolama kurulumunuzu \u00f6zelle\u015ftirmeyi kolayla\u015ft\u0131r\u0131rken y\u00fcksek voltajl\u0131 LiFePO4 pil paketlerinin g\u00fcvenli\u011fi ve g\u00fcvenilirli\u011fini de korur.<\/p>\n<p>Esnek boyutland\u0131rma ve ak\u0131ll\u0131 mod\u00fcler yap\u0131yla Haisic sisteminizi geni\u015fletmek veya y\u00fckseltmek a\u00e7\u0131k ve gelece\u011fe haz\u0131rd\u0131r.<\/p>","protected":false},"excerpt":{"rendered":"<p>Haisic 26.88kWh y\u00fcksek gerilimli LiFePO4 ev enerji depolama sistemi, yerle\u015fik invert\u00f6r ile g\u00fcvenli \u00f6l\u00e7eklenebilir g\u00fcne\u015fli yedek g\u00fc\u00e7 ve 6000 \u015farj d\u00f6ng\u00fcs\u00fc \u00f6mr\u00fc sunar.<\/p>","protected":false},"featured_media":3491,"template":"","meta":{"site-sidebar-layout":"default","site-content-layout":"","ast-site-content-layout":"default","site-content-style":"default","site-sidebar-style":"default","ast-global-header-display":"","ast-banner-title-visibility":"","ast-main-header-display":"","ast-hfb-above-header-display":"","ast-hfb-below-header-display":"","ast-hfb-mobile-header-display":"","site-post-title":"","ast-breadcrumbs-content":"","ast-featured-img":"","footer-sml-layout":"","ast-disable-related-posts":"","theme-transparent-header-meta":"default","adv-header-id-meta":"","stick-header-meta":"default","header-above-stick-meta":"","header-main-stick-meta":"","header-below-stick-meta":"","astra-migrate-meta-layouts":"set","ast-page-background-enabled":"default","ast-page-background-meta":{"desktop":{"background-color":"var(--ast-global-color-4)","background-image":"","background-repeat":"repeat","background-position":"center center","background-size":"auto","background-attachment":"scroll","background-type":"","background-media":"","overlay-type":"","overlay-color":"","overlay-opacity":"","overlay-gradient":""},"tablet":{"background-color":"","background-image":"","background-repeat":"repeat","background-position":"center center","background-size":"auto","background-attachment":"scroll","background-type":"","background-media":"","overlay-type":"","overlay-color":"","overlay-opacity":"","overlay-gradient":""},"mobile":{"background-color":"","background-image":"","background-repeat":"repeat","background-position":"center center","background-size":"auto","background-attachment":"scroll","background-type":"","background-media":"","overlay-type":"","overlay-color":"","overlay-opacity":"","overlay-gradient":""}},"ast-content-background-meta":{"desktop":{"background-color":"var(--ast-global-color-5)","background-image":"","background-repeat":"repeat","background-position":"center center","background-size":"auto","background-attachment":"scroll","background-type":"","background-media":"","overlay-type":"","overlay-color":"","overlay-opacity":"","overlay-gradient":""},"tablet":{"background-color":"var(--ast-global-color-5)","background-image":"","background-repeat":"repeat","background-position":"center center","background-size":"auto","background-attachment":"scroll","background-type":"","background-media":"","overlay-type":"","overlay-color":"","overlay-opacity":"","overlay-gradient":""},"mobile":{"background-color":"var(--ast-global-color-5)","background-image":"","background-repeat":"repeat","background-position":"center center","background-size":"auto","background-attachment":"scroll","background-type":"","background-media":"","overlay-type":"","overlay-color":"","overlay-opacity":"","overlay-gradient":""}}},"product_brand":[],"product_cat":[55,45,47],"product_tag":[],"class_list":{"0":"post-2869","1":"product","2":"type-product","3":"status-publish","4":"has-post-thumbnail","6":"product_cat-high-voltage-ess","7":"product_cat-rack-mounted-ess","8":"product_cat-residetial-ess","9":"desktop-align-left","10":"tablet-align-left","11":"mobile-align-left","12":"ast-product-gallery-layout-horizontal-slider","13":"ast-product-tabs-layout-horizontal","15":"first","16":"instock","17":"shipping-taxable","18":"purchasable","19":"product-type-simple"},"_links":{"self":[{"href":"https:\/\/haisicstorage.com\/tr\/wp-json\/wp\/v2\/product\/2869","targetHints":{"allow":["GET"]}}],"collection":[{"href":"https:\/\/haisicstorage.com\/tr\/wp-json\/wp\/v2\/product"}],"about":[{"href":"https:\/\/haisicstorage.com\/tr\/wp-json\/wp\/v2\/types\/product"}],"version-history":[{"count":1,"href":"https:\/\/haisicstorage.com\/tr\/wp-json\/wp\/v2\/product\/2869\/revisions"}],"predecessor-version":[{"id":2871,"href":"https:\/\/haisicstorage.com\/tr\/wp-json\/wp\/v2\/product\/2869\/revisions\/2871"}],"wp:featuredmedia":[{"embeddable":true,"href":"https:\/\/haisicstorage.com\/tr\/wp-json\/wp\/v2\/media\/3491"}],"wp:attachment":[{"href":"https:\/\/haisicstorage.com\/tr\/wp-json\/wp\/v2\/media?parent=2869"}],"wp:term":[{"taxonomy":"product_brand","embeddable":true,"href":"https:\/\/haisicstorage.com\/tr\/wp-json\/wp\/v2\/product_brand?post=2869"},{"taxonomy":"product_cat","embeddable":true,"href":"https:\/\/haisicstorage.com\/tr\/wp-json\/wp\/v2\/product_cat?post=2869"},{"taxonomy":"product_tag","embeddable":true,"href":"https:\/\/haisicstorage.com\/tr\/wp-json\/wp\/v2\/product_tag?post=2869"}],"curies":[{"name":"wp","href":"https:\/\/api.w.org\/{rel}","templated":true}]}}