{"id":2767,"date":"2025-12-15T04:22:48","date_gmt":"2025-12-15T04:22:48","guid":{"rendered":"https:\/\/haisicstorage.com\/haisic-256v-280ah-7168wh-lifepo4-battery-pack\/"},"modified":"2026-02-27T06:44:05","modified_gmt":"2026-02-27T06:44:05","slug":"haisic-256v-280ah-7168wh-lifepo4-battery-pack","status":"publish","type":"product","link":"https:\/\/haisicstorage.com\/tr\/haisic-256v-280ah-7168wh-lifepo4-battery-pack\/","title":{"rendered":"Haisic 25.6V 280Ah LiFePO4 Pil Paketi 7168Wh G\u00fcne\u015f Depolama"},"content":{"rendered":"<h2>\u00dcr\u00fcn Genel Bak\u0131\u015f: G\u00fcvenilir Haisic 25.6V 280Ah LiFePO4 Pil Paketi<\/h2>\n<p>G\u00fcne\u015f enerjisi depolama, ev yede\u011fi veya kendi kendine yeten g\u00fc\u00e7 taleplerini kar\u015f\u0131layabilecek g\u00fcvenilir bir pil mi ar\u0131yorsunuz? \u0130\u015fte <strong>Haisic 25.6V 280Ah 7168Wh LiFePO4 Pil Paketi<\/strong> tam olarak bunu sunmak \u00fczere tasarlanm\u0131\u015ft\u0131r. Geli\u015fmi\u015f lityum demir fosfat (LiFePO4) teknolojisi ile tasarlanan bu 24V nominal pil paketi, <strong>y\u00fcksek enerji yo\u011funlu\u011fu<\/strong>, <strong>uzun d\u00f6ng\u00fc \u00f6mr\u00fc<\/strong>, ve <strong>\u00fcst d\u00fczey g\u00fcvenlik<\/strong>.<\/p>\n<p>Bir konut g\u00fcne\u015f sistemi y\u00fckseltiyor ya da hibrit kendi kendine yeterlilik \u00e7\u00f6z\u00fcm\u00fc kuruyor olsan\u0131z da bu pil, istikrarl\u0131, g\u00fcvenilir g\u00fc\u00e7 sa\u011flamada \u00f6ne \u00e7\u0131kar. <strong>7.17kWh kapasitesi<\/strong> ve derecelendirilmi\u015f enerji <strong>7168Wh<\/strong> gerekti\u011finde yeterli depolanm\u0131\u015f enerjiye sahip olman\u0131z\u0131 sa\u011flar, o s\u0131rada litiyum-demir-fosfat kimyas\u0131, geli\u015fmi\u015f termal kararl\u0131l\u0131k ve termal ka\u00e7a riskinin olmamas\u0131 ile g\u00f6n\u00fcl rahatl\u0131\u011f\u0131 sa\u011flar\u2014di\u011fer litiyum kimyasallar\u0131nda yayg\u0131n bir endi\u015fe olan bir konu.<\/p>\n<p>K\u0131saca, <strong>Haisic HS-LD25280<\/strong> derin \u00e7evrimli g\u00fcne\u015f pil paketi dayan\u0131kl\u0131l\u0131\u011f\u0131 ve verimlili\u011fiyle \u00f6ne \u00e7\u0131kar; g\u00fcvenilir, uzun \u00f6m\u00fcrl\u00fc g\u00fc\u00e7 talep eden g\u00fcne\u015f ev depolama, karavanlar, denizcilik uygulamalar\u0131 ve ticari enerji kurulumlar\u0131 i\u00e7in g\u00fcvenilir bir tercih yapar.<\/p>\n<h2>Haisic 25.6V 280Ah LiFePO4 Pil Paketi Ana \u00d6zellikleri<\/h2>\n<p>Haisic 25.6V 280Ah LiFePO4 pil paketi g\u00fcvenilir enerji depolama i\u00e7in \u00fcst d\u00fczey g\u00fcvenlik ve performans\u0131 birle\u015ftirir. \u0130\u015fte \u00f6ne \u00e7\u0131kan noktalar:<\/p>\n<table>\n<thead>\n<tr>\n<th>\u00d6zellik<\/th>\n<th>Fayda<\/th>\n<\/tr>\n<\/thead>\n<tbody>\n<tr>\n<td><strong>LiFePO4 Kimyas\u0131<\/strong><\/td>\n<td>Y\u00fcksek g\u00fcvenlik, d\u00fc\u015f\u00fck termal risk ile<\/td>\n<\/tr>\n<tr>\n<td><strong>Kullan\u0131mda BMS (Batarya Y\u00f6netim Sistemi) dahildir<\/strong><\/td>\n<td>A\u015f\u0131r\u0131 \u015farj, a\u015f\u0131r\u0131 de\u015farj ve k\u0131sa devrelerden korunur<\/td>\n<\/tr>\n<tr>\n<td><strong>Uzun D\u00f6ng\u00fc \u00d6mr\u00fc<\/strong><\/td>\n<td>80% Derin De\u015farj (DOD) ile 6000'den fazla siklus<\/td>\n<\/tr>\n<tr>\n<td><strong>Mod\u00fcler Tasar\u0131m<\/strong><\/td>\n<td>Paralel olarak en fazla 8 Birime ba\u011flanarak kolayca geni\u015fletilebilir<\/td>\n<\/tr>\n<tr>\n<td><strong>Y\u00fcksek De\u015farj Yetene\u011fi<\/strong><\/td>\n<td>G\u00fcnde 200A maks. s\u00fcrekli de\u015farja kadar talepkar y\u00fckleri destekler<\/td>\n<\/tr>\n<\/tbody>\n<\/table>\n<p>Bu \u00f6zellikler pil paketinin a\u011f\u0131r g\u00fcnl\u00fck kullan\u0131m\u0131 g\u00fcvenlik ve verimlilikten \u00f6d\u00fcn vermeden kar\u015f\u0131lamas\u0131n\u0131 sa\u011flar. G\u00fcne\u015f enerjisi ev depolama veya off-grid sistemler i\u00e7in bu 25.6V LiFePO4 pil s\u00fcrekli g\u00fc\u00e7 ve esneklik sunar.<\/p>\n<p>Geni\u015fletilmi\u015f sistem kurulumlar\u0131 i\u00e7in mod\u00fcler tasar\u0131m paralel geni\u015fletmeyi destekler, artan konut veya ticari g\u00fcne\u015f pili bankalar\u0131 i\u00e7in idealdir.<\/p>\n<p>Uyumlu sistemlerle entegrasyon konusunda daha fazla bilgi i\u00e7in paketimizdeki <a href=\"https:\/\/haisicstorage.com\/tr\/home-lithium-battery-storage\/\">ev lityum batarya depolama \u00e7\u00f6z\u00fcmlerimizi g\u00fc\u00e7lendiriyor<\/a>.<\/p>\n<h2>Haisic 25.6V 280Ah LiFePO4 Pil Paketi Teknik \u00d6zellikleri<\/h2>\n<p>\u0130\u015fte g\u00fcvenilir g\u00fcne\u015f enerjisi depolama ve konut yedek g\u00fcc\u00fc sa\u011flamak \u00fczere \u00fcretilen Haisic 25.6V 280Ah 7168Wh LiFePO4 pil paketinin ana \u00f6zelliklerine h\u0131zl\u0131 bir bak\u0131\u015f:<\/p>\n<table>\n<thead>\n<tr>\n<th><strong>\u00d6zellik<\/strong><\/th>\n<th><strong>Detaylar<\/strong><\/th>\n<\/tr>\n<\/thead>\n<tbody>\n<tr>\n<td><strong>Batarya T\u00fcr\u00fc<\/strong><\/td>\n<td>LiFePO4 (Lityum Demir Fosfat)<\/td>\n<\/tr>\n<tr>\n<td><strong>Model Numaras\u0131<\/strong><\/td>\n<td>HS-LD25280<\/td>\n<\/tr>\n<tr>\n<td><strong>Nominal Gerilim<\/strong><\/td>\n<td>25.6V<\/td>\n<\/tr>\n<tr>\n<td><strong>Nominal Kapasite<\/strong><\/td>\n<td>280Ah<\/td>\n<\/tr>\n<tr>\n<td><strong>Nominal Enerji<\/strong><\/td>\n<td>7168Wh (7.17kWh)<\/td>\n<\/tr>\n<tr>\n<td><strong>D\u00f6ng\u00fc \u00d6mr\u00fc<\/strong><\/td>\n<td>&gt;6000 d\u00f6ng\u00fc (0.5C @ 25\u00b0C, 80% DOD)<\/td>\n<\/tr>\n<tr>\n<td><strong>Boyutlar (U x G x Y)<\/strong><\/td>\n<td>464mm x 273mm x 340mm<\/td>\n<\/tr>\n<tr>\n<td><strong>A\u011f\u0131rl\u0131k<\/strong><\/td>\n<td>53.8 kg<\/td>\n<\/tr>\n<tr>\n<td><strong>\u00d6nerilen \u015earj Ak\u0131m\u0131<\/strong><\/td>\n<td>40A<\/td>\n<\/tr>\n<tr>\n<td><strong>Maksimum \u015earj Ak\u0131m\u0131<\/strong><\/td>\n<td>100A<\/td>\n<\/tr>\n<tr>\n<td><strong>S\u00fcrekli De\u015farj Ak\u0131m\u0131<\/strong><\/td>\n<td>100A<\/td>\n<\/tr>\n<tr>\n<td><strong>Maksimum S\u00fcrekli De\u015farj Ak\u0131m\u0131<\/strong><\/td>\n<td>200A<\/td>\n<\/tr>\n<tr>\n<td><strong>\u00c7al\u0131\u015fma S\u0131cakl\u0131\u011f\u0131<\/strong> (\u015earj\/De\u015farj)<\/td>\n<td>0\u00b0C ile 55\u00b0C aras\u0131<\/td>\n<\/tr>\n<tr>\n<td><strong>Terminal T\u00fcr\u00fc<\/strong><\/td>\n<td>M8<\/td>\n<\/tr>\n<tr>\n<td><strong>Sertifikalar<\/strong><\/td>\n<td>CE, FCC, RoHS, MSDS, UN38.3<\/td>\n<\/tr>\n<\/tbody>\n<\/table>\n<p>Bu paket g\u00fcvenli\u011fe odakl\u0131, sa\u011flam bir performans i\u00e7in tasarlanm\u0131\u015ft\u0131r ve uzun \u00f6m\u00fcrl\u00fc kapasiteye sahiptir. Y\u00fcksek de\u015farj ak\u0131mlar\u0131 talepk\u00e2r y\u00fckleri destekler, konut g\u00fcne\u015f enerjisi ve off-grid uygulamalar\u0131 i\u00e7in idealdir.<\/p>\n<p>Farkl\u0131 voltaj se\u00e7enekleri veya kapasiteler arayan kullan\u0131c\u0131lar i\u00e7in Haisic ayr\u0131ca \u00e7e\u015fitli \u00fcr\u00fcnler sunar; \u00f6rne\u011fin T\u00fcrkiye merkezli T\u00fcrkiye'deki distrib\u00fct\u00f6rleri gibi. <a href=\"https:\/\/haisicstorage.com\/tr\/haisic-48v-100ah-lifepo4-rackmounted-battery-pack\/\">48V 100Ah LiFePO4 raf montajl\u0131 pil paketi<\/a> hibrit invert\u00f6r sistemleriyle iyi uyum sa\u011flar.<\/p>\n<h2>Haisic 25.6V 280Ah 7168Wh LiFePO4 Pil Paketi Uygulamalar\u0131<\/h2>\n<p>Haisic 25.6V 280Ah 7168Wh LiFePO4 pil paketi, geni\u015f bir kullan\u0131m yelpazesi i\u00e7in m\u00fckemmeldir. \u00d6zellikle <strong>konut g\u00fcne\u015f enerjisi depolama<\/strong>, sahiplerine g\u00fcn\u00fcn ve gecenin g\u00fcvenilir g\u00fc\u00e7 sa\u011flar. Bir <strong>hibrit g\u00fcne\u015f enerjisi sistemi<\/strong> kullan\u0131yor ya da tamamen <strong>\u015febeke d\u0131\u015f\u0131<\/strong>, bu pil paketi g\u00fcvenilir enerji sunar.<\/p>\n<p>Ayn\u0131 zamanda i\u00e7in idealdir <strong>ev yedek g\u00fc\u00e7<\/strong>, kesinti s\u0131ras\u0131nda temel cihazlar\u0131 \u00e7al\u0131\u015f\u0131r durumda tutar. Kampanyas\u0131 olanlar i\u00e7in RV, deniz ara\u00e7lar\u0131 veya golf arabalar\u0131 sahipleri i\u00e7in bu <strong>280Ah g\u00fcne\u015f pili paketi<\/strong> ile daha uzun, daha g\u00fcvenli yolculuklar i\u00e7in bol enerji sa\u011flar.<\/p>\n<p>Konut kullan\u0131m\u0131n\u0131n \u00f6tesinde, paket <strong>ticar\u00ee enerji depolama geni\u015flemesini destekler<\/strong>, sa\u011flam, \u00f6l\u00e7eklenebilir lityum pil \u00e7\u00f6z\u00fcmleri isteyen i\u015fletmeler i\u00e7in harika bir tercih yapar. Mod\u00fcler tasar\u0131m\u0131, enerji talepleriniz b\u00fcy\u00fcd\u00fck\u00e7e daha b\u00fcy\u00fck kurulumlara iyi uyum sa\u011flar.<\/p>\n<p>Sorunsuz performans gerektiren entegrasyonlar i\u00e7in Haisic\u2019in di\u011fer enerji depolama se\u00e7eneklerine bak\u0131n, \u00f6rne\u011fin <a href=\"https:\/\/haisicstorage.com\/tr\/5kw-power-energy-storage-solar-system-for-home\/\">ev i\u00e7in 5kW g\u00fcne\u015f enerjisi sistemi<\/a> tam g\u00fcne\u015f \u00e7\u00f6z\u00fcmleri i\u00e7in.<\/p>\n<p>K\u0131sacas\u0131, bu <strong>\"25.6V LiFePO4 battery\"<\/strong> G\u00fcvenilir ev enerji yedeklemesi veya mobil ya da ticari ihtiya\u00e7lar\u0131n\u0131z i\u00e7in g\u00fc\u00e7l\u00fc bir off-grid lityum pil istiyorsan\u0131z, bir\u00e7ok senaryoya uyum sa\u011flar.<\/p>\n<h2>LiFePO4 Teknolojisinin Avantajlar\u0131<\/h2>\n<p>Haisic 25.6V 280Ah paket gibi LiFePO4 piller, geleneksel kur\u015fun-asit pillere g\u00f6re net faydalar sunar; bu onlar\u0131 g\u00fcne\u015f enerjisi depolama ve off-grid kurulumlar i\u00e7in en iyi se\u00e7eneklerden biri yapar. \u0130\u015fte nas\u0131l s\u0131ralan\u0131yorlar:<\/p>\n<table>\n<thead>\n<tr>\n<th>\u00d6zellik<\/th>\n<th>LiFePO4 Pil<\/th>\n<th>Kur\u015fun-asit Pil<\/th>\n<\/tr>\n<\/thead>\n<tbody>\n<tr>\n<td><strong>A\u011f\u0131rl\u0131k<\/strong><\/td>\n<td>\u00c7ok daha hafif<\/td>\n<td>Daha a\u011f\u0131r ve hacimli<\/td>\n<\/tr>\n<tr>\n<td><strong>Derin De\u015farj<\/strong><\/td>\n<td>Hasar almadan 80% kadar<\/td>\n<td>Genellikle 50% ile s\u0131n\u0131rl\u0131<\/td>\n<\/tr>\n<tr>\n<td><strong>\u00d6m\u00fcr<\/strong><\/td>\n<td>6000\u2019den fazla \u00e7evrim<\/td>\n<td>Yakla\u015f\u0131k 500-1000 d\u00f6ng\u00fc<\/td>\n<\/tr>\n<tr>\n<td><strong>Bak\u0131m<\/strong><\/td>\n<td>Bak\u0131m gerektirmez<\/td>\n<td>D\u00fczenli bak\u0131m gerektirir<\/td>\n<\/tr>\n<tr>\n<td><strong>G\u00fcvenlik<\/strong><\/td>\n<td>\u00c7ok g\u00fcvenli, termal ka\u00e7ak riski yok<\/td>\n<td>A\u015f\u0131r\u0131 \u0131s\u0131nma ve patlama riski daha y\u00fcksek<\/td>\n<\/tr>\n<tr>\n<td><strong>Enerji Yo\u011funlu\u011fu<\/strong><\/td>\n<td>kg ba\u015f\u0131na daha y\u00fcksek enerji<\/td>\n<td>D\u00fc\u015f\u00fck enerji yo\u011funlu\u011fu<\/td>\n<\/tr>\n<\/tbody>\n<\/table>\n<p>Daha hafif tasar\u0131m ve derin de\u015farj yetene\u011fi ile Haisic 25.6V 280Ah LiFePO4 batarya, konut g\u00fcne\u015f enerjisi ve yedek g\u00fc\u00e7 sistemleri i\u00e7in daha uzun hizmet \u00f6mr\u00fc ve daha g\u00fcvenilirlik sa\u011flar. Ayr\u0131ca kimyas\u0131 g\u00fcvenli\u011fi art\u0131r\u0131r, ev ve off-grid kullan\u0131m\u0131 i\u00e7in idealdir.<\/p>\n<p>Bu, a\u011f\u0131r ve bak\u0131ml\u0131 kur\u015fun-asit se\u00e7eneklere g\u00f6re daha kullan\u0131\u015fl\u0131 g\u00fc\u00e7, daha az zahmet ve daha g\u00fcvenli bir depolama \u00e7\u00f6z\u00fcm\u00fc anlam\u0131na gelir. RV\u2019lerini veya ev g\u00fcne\u015f enerjisi kurulumlar\u0131n\u0131 y\u00fckselten bir\u00e7ok kullan\u0131c\u0131, eski moda alternatifler yerine Haisic lityum pillerini tercih ediyor.<\/p>\n<h2>Kurulum ve Uyum<\/h2>\n<p>Haisic 25.6V 280Ah LiFePO4 pil paketi, kolay kurulum ve ana hibrit invert\u00f6rlerle sorunsuz entegrasyon i\u00e7in tasarlanm\u0131\u015ft\u0131r; CAN veya RS485 ileti\u015fim protokollerini destekleyen sistemler i\u00e7in uygundur. Bu, konut g\u00fcne\u015f depolama kurulumlar\u0131, off-grid ve yedek g\u00fc\u00e7 sistemleri i\u00e7in m\u00fckemmel bir e\u015fle\u015fme yapar.<\/p>\n<p>Daha b\u00fcy\u00fck kapasite ihtiya\u00e7lar\u0131 i\u00e7in paralelde en fazla 8 pil \u00fcnitesi ba\u011flayabilir veya sistem dengesini ve g\u00fcvenli\u011fi koruyarak depolaman\u0131z\u0131 zahmetsizce \u00f6l\u00e7eklendirebilirsiniz. Kablolama ve montaj s\u0131ras\u0131nda M8 terminal c\u0131vatalar\u0131yla g\u00fcvenli, s\u0131k\u0131 ba\u011flant\u0131lar sa\u011flay\u0131n ve lityum pil kurulumu i\u00e7in standart g\u00fcvenlik uygulamalar\u0131n\u0131 izleyin.<\/p>\n<p>En iyi sonu\u00e7lar i\u00e7in pil paketini Haisic\u2019in LiFePO4 paketleriyle sorunsuz \u00e7al\u0131\u015facak uyumlu hibrit g\u00fcne\u015f invert\u00f6rleriyle e\u015fle\u015ftirin. <a href=\"https:\/\/haisicstorage.com\/tr\/haisic-36kva-hybrid-solar-inverter\/\">hibrit g\u00fcne\u015f inverterleri<\/a> LiFePO4 paketleriyle sorunsuz \u00e7al\u0131\u015facak \u015fekilde tasarlanm\u0131\u015ft\u0131r. Bu, optimum performans, ileti\u015fim ve sistem \u00f6mr\u00fc sa\u011flar.<\/p>\n<p><strong>Kurulum i\u00e7in anahtar ipu\u00e7lar\u0131:<\/strong><\/p>\n<ul>\n<li>Maksimum s\u00fcrekli de\u015farj ak\u0131m\u0131 olan 200A\u2019ya kadar uygun kablo boyutlar\u0131 kullan\u0131n.<\/li>\n<li>Batarya etraf\u0131nda iyi bir havaland\u0131rma sa\u011flay\u0131n ve 0\u00b0C ila 55\u00b0C aral\u0131\u011f\u0131nda g\u00fcvenli \u015fekilde \u00e7al\u0131\u015f\u0131n.<\/li>\n<li>Par\u00e7alar aras\u0131 paralel ba\u011flama s\u0131ras\u0131nda pil t\u00fcrlerini veya kapasiteyi kar\u0131\u015ft\u0131rmaktan ka\u00e7\u0131n\u0131n.<\/li>\n<li>Koruma i\u00e7in sigorta ve kesici de\u011ferleri konusunda \u00fcretici talimatlar\u0131n\u0131 uygulay\u0131n.<\/li>\n<\/ul>\n<p>Haisic 25.6V LiFePO4 pilin kurulumu basittir; g\u00fcne\u015f enerjisi depolama veya yedek sisteminizi g\u00fcven ve esneklikle y\u00fckseltmenizi sa\u011flar.<\/p>\n<h2>G\u00fcvenlik ve Sertifikalar<\/h2>\n<p>Haisic 25.6V 280Ah 7168Wh LiFePO4 pil paketi g\u00fcvenli\u011fi \u00f6ncelikli olarak tasarlanm\u0131\u015ft\u0131r. G\u00fc\u00e7l\u00fc Lityum Demir Fosfat kimyas\u0131 kullan\u0131larak, termal ka\u00e7ak gibi di\u011fer lityum pillerde yayg\u0131n olan riskler \u00f6nemli \u00f6l\u00e7\u00fcde azalt\u0131l\u0131r. Dahili Pil Y\u00f6netim Sistemi (BMS), a\u015f\u0131r\u0131 \u015farj, a\u015f\u0131r\u0131 de\u015farj, k\u0131sa devreler ve s\u0131cakl\u0131k ekstrem de\u011ferleri gibi \u00e7ok katmanl\u0131 korumalar sa\u011flar ve pilin \u00e7e\u015fitli ko\u015fullar alt\u0131nda g\u00fcvenilir \u015fekilde \u00e7al\u0131\u015fmas\u0131n\u0131 sa\u011flar.<\/p>\n<p>Bu 24V nominal LiFePO4 paketinin CE, FCC, RoHS, MSDS ve UN38.3 gibi sertifikalar\u0131 bulunan s\u0131k\u0131 uluslararas\u0131 g\u00fcvenlik standartlar\u0131na uygun oldu\u011fu belirtilir. Bu sertifikalar, k\u00fcresel g\u00fcvenlik ve \u00e7evre reg\u00fclasyonlar\u0131na uyumu garanti eder ve konut g\u00fcne\u015f sistemi, \u015febeke d\u0131\u015f\u0131 sistem veya di\u011fer uygulamalarda kurulum yaparken size g\u00fcven verir.<\/p>\n<p>Bu yerle\u015fik korumalar ve sertifikalar sayesinde, Haisic HS-LD25280 pil g\u00fcvenilir, g\u00fcvenli enerji depolama sunar ve zorlu ortamlarda uzun s\u00fcreli kullan\u0131m i\u00e7in uygundur. G\u00fcvenli enerji depolama se\u00e7enekleri hakk\u0131nda daha fazla bilgi i\u00e7in ayr\u0131nt\u0131l\u0131 rehberimizi inceleyin <a href=\"https:\/\/haisicstorage.com\/tr\/battery-storage-for-home\/\">ev i\u00e7in batarya depolama<\/a>.<\/p>\n<h2>Garanti ve Destek<\/h2>\n<p>Haisic 25.6V 280Ah 7168Wh LiFePO4 Pil Paketi, \u00fcretim kusurlar\u0131 ve performans sorunlar\u0131n\u0131 kapsayan g\u00fcvenilir bir standart garanti ile birlikte gelir ve yat\u0131r\u0131m\u0131n\u0131zdan emin olman\u0131z\u0131 sa\u011flar. Guangdong, \u00c7in merkezli g\u00fcvenilir bir lityum pil \u00fcreticisi olan Haisic, kurulum tavsiyeleri, sorun giderme ve sat\u0131\u015f sonras\u0131 hizmetlerde yard\u0131mc\u0131 olmak i\u00e7in \u00f6zel m\u00fc\u015fteri deste\u011fi sunar.<\/p>\n<p>Haisic\u2019in garantisi ve deste\u011fiyle, g\u00fcne\u015fli ev depolamas\u0131 veya \u015febeke d\u0131\u015f\u0131 uygulamalar i\u00e7in 25.6V LiFePO4 pilinize g\u00fcvenle g\u00fcvenebilirsiniz; uzman yard\u0131m\u0131 aramayla bir telefon veya mesajla ula\u015f\u0131labilir. Daha b\u00fcy\u00fck sistemler i\u00e7in Haisic\u2019in <a href=\"https:\/\/haisicstorage.com\/tr\/haisic-5kwh-256v-lifepo4-battery-pack-200ah\/\">5kWh 25.6V LiFePO4 Pil Paketi 200Ah<\/a> g\u00fcne\u015f enerji depolama \u00e7\u00f6z\u00fcmlerinizi sorunsuz bir \u015fekilde geni\u015fletmek i\u00e7in.<\/p>\n<h2>M\u00fc\u015fteri \u0130ncelemeleri ve Referanslar\u0131<\/h2>\n<p>Belirli geri bildirimler h\u00e2l\u00e2 gelmeye devam ederken, Haisic 25.6V 280Ah 7168Wh LiFePO4 Pil Paketi kullan\u0131c\u0131lar\u0131, g\u00fcne\u015fli ev depolama kurulumlar\u0131nda ve \u015febeke d\u0131\u015f\u0131 sistemlerde g\u00fcvenilirli\u011fi ve sa\u011flam performans\u0131n\u0131 s\u00fcrekli olarak vurguluyor. Uzun d\u00f6ng\u00fc \u00f6mr\u00fcn\u00fc, enerjilerini y\u0131llarca kuvvetli tutan g\u00fcvenlik \u00f6zellikleriyle birlikte takdir eden \u00e7ok say\u0131da kullan\u0131c\u0131, yo\u011fun kullan\u0131mlarda g\u00fcvenliklerini sa\u011flar. Konut yedeklemesi veya RV g\u00fcncellemeleri i\u00e7in bu derin d\u00f6ng\u00fcl\u00fc g\u00fcne\u015f pili, istikrarl\u0131 g\u00fc\u00e7 \u00e7\u0131k\u0131\u015f\u0131 ve kolay kurulumuyla \u00f6vg\u00fc topluyor.<\/p>\n<p>Daha fazla m\u00fc\u015fteri deneyimlerini payla\u015ft\u0131k\u00e7a, Haisic lityum pilinin dayan\u0131kl\u0131l\u0131\u011f\u0131 ve y\u00fcksek de\u015farj yetene\u011fi ile ilgili olumlu raporlar, enerji ba\u011f\u0131msizli\u011fine ciddiye bakanlar i\u00e7in 24V nominal LiFePO4 paketi olarak bir tercih haline gelmesini \u015fekillendiriyor. Benzer kullan\u0131c\u0131 \u00f6yk\u00fclerini ke\u015ffetmek isterseniz, Haisic\u2019in di\u011fer enerji depolama \u00e7\u00f6z\u00fcmleri i\u00e7in gelen yorumlar\u0131, <a href=\"https:\/\/haisicstorage.com\/tr\/10kwh-wall-mounted-home-energy-storage\/\">evde duvara monte 10kWh enerji depolama<\/a> daha b\u00fcy\u00fck kapasite ihtiya\u00e7lar\u0131 i\u00e7in.<\/p>\n<h2>S\u0131k\u00e7a Sorulan Sorular (SSS)<\/h2>\n<h3>Haisic 25.6V 280Ah LiFePO4 pil paketini nas\u0131l \u015farj ederim?<\/h3>\n<p>Uygun \u015farj ayarlar\u0131na sahip uyumlu bir LiFePO4 \u015farj\u00f6r\u00fc veya hibrit inverter kullan\u0131n: \u00f6nerilen \u015farj ak\u0131m\u0131 40A ve azami 100A\u2019d\u0131r. G\u00fcvenlik i\u00e7in dahili BMS\u2019e g\u00fcvenerek a\u015f\u0131r\u0131 \u015farjdan ka\u00e7\u0131n\u0131n.<\/p>\n<h3>Birden fazla 25.6V LiFePO4 pillerini seri veya paralel ba\u011flayabilir miyim?<\/h3>\n<p>Bu pil paketi kapasiteyi art\u0131rmak i\u00e7in en \u00e7ok 8 adede kadar paralel ba\u011flamay\u0131 destekler, ancak voltaj\u0131 art\u0131rmak i\u00e7in seri ba\u011flant\u0131lar genellikle uygun pil y\u00f6netim donan\u0131m\u0131 ile yap\u0131lmal\u0131d\u0131r. \u00c7o\u011fu konut g\u00fcne\u015f lityum paketi kurulumunda paralel geni\u015fleme tercih edilir.<\/p>\n<h3>\u00c7al\u0131\u015fma s\u0131cakl\u0131klar\u0131 i\u00e7in g\u00fcvenli olanlar nelerdir? \u015earj ve de\u015farj?<\/h3>\n<p>Pil, 0\u00b0C ile 55\u00b0C aras\u0131nda g\u00fcvenli olarak \u00e7al\u0131\u015f\u0131r. 0\u00b0C\u2019nin alt\u0131ndaki \u015farj \u00f6nerilmez \u00e7\u00fcnk\u00fc zarar g\u00f6rme riski vard\u0131r, ancak de\u015farj so\u011fuk ba\u015flang\u0131\u00e7 ko\u015fullar\u0131n\u0131 yak\u0131nlarda bile kald\u0131rabilir.<\/p>\n<h3>Bu 25.6V LiFePO4 pil, 51.2V sistemleriyle nas\u0131l kar\u015f\u0131la\u015ft\u0131r\u0131l\u0131r?<\/h3>\n<p>Bir 51.2V sistemi genellikle daha y\u00fcksek voltaj ve daha az paralel ba\u011flant\u0131 sa\u011flar, ancak genelde daha hacimli ve daha pahal\u0131d\u0131r. 25.6V 280Ah model, esnek mod\u00fcler tasar\u0131m ve daha kolay ta\u015f\u0131nabilirlik ile ev yedeklemesi veya ba\u011flant\u0131s\u0131z kullan\u0131m i\u00e7in harika bir denge sunar.<\/p>\n<h3>Haisic 25.6V 280Ah g\u00fcne\u015f pili paketi hibrit invert\u00f6r uyumlulu\u011fu i\u00e7in uygun mudur?<\/h3>\n<p>Evet, \u00e7o\u011fu hibrit inverter ile iyi entegre olur, genellikle CAN veya RS485 ileti\u015fim protokolleri \u00fczerinden, sorunsuz y\u00f6netim ve uzun vadeli g\u00fcvenilir performans sa\u011flar.<\/p>\n<p>Detayl\u0131 sistem entegrasyonu ve kapasite geni\u015flemesi i\u00e7in, <a href=\"https:\/\/haisicstorage.com\/tr\/10kw-off-grid-solar-power-system\/\">10kW kesintisiz enerjiyle \u00e7al\u0131\u015fan g\u00fcne\u015f enerjisi sistemi<\/a> ger\u00e7ek d\u00fcnya uygulamalar\u0131 ve y\u00f6nergeleri i\u00e7in Haisic taraf\u0131ndan bak\u0131n\u0131z.<\/p>\n<h2>\u0130lgili \u00dcr\u00fcnler<\/h2>\n<p>Haisic 25.6V 280Ah 7168Wh LiFePO4 pil paketi ile en iyi verimi almak i\u00e7in, Haisic\u2019in di\u011fer y\u00fcksek kaliteli enerji \u00e7\u00f6z\u00fcmleri ile e\u015fle\u015ftirmeyi d\u00fc\u015f\u00fcn\u00fcn. Daha b\u00fcy\u00fck depolama ihtiya\u00e7lar\u0131 i\u00e7in, <a href=\"https:\/\/haisicstorage.com\/tr\/haisic-15kwh-lifepo4-solar-battery-pack-512v-305ah\/\">Haisic 15kWh LiFePO4 g\u00fcne\u015f enerjisi batarya paketi 51.2V 305Ah<\/a> ba\u011f\u0131ms\u0131z enerji sisteminizi geni\u015fletmek i\u00e7in iyi e\u015fle\u015fen daha y\u00fcksek kapasiteli bir se\u00e7enek sunar.<\/p>\n<p>Kurulumu Haisic\u2019in geli\u015fmi\u015f <a href=\"https:\/\/haisicstorage.com\/tr\/haisic-6kw8kw10kw12kw-hybrid-solar-inverter-ip65-ongrid-offgrid\/\">hibrit g\u00fcne\u015f inverterleri<\/a>, ile 25.6V LiFePO4 pil paketleriyle sorunsuz entegrasyon i\u00e7in tasarlanm\u0131\u015ft\u0131r. Bu invert\u00f6rler, konut g\u00fcne\u015f enerjisi depolama veya ticari kullan\u0131m i\u00e7in esnek g\u00fc\u00e7 y\u00f6netimi sa\u011flayan \u015febeke ba\u011fl\u0131 ve \u015febeke ba\u011flant\u0131s\u0131z modlar\u0131 destekler.<\/p>\n<p>G\u00fcne\u015f enerjisi sisteminizi tamamlamak i\u00e7in, enerji toplama ve depolama verimlili\u011fini optimize eden Haisic\u2019in g\u00fcne\u015f panelleri ve ilgili aksesuarlar yelpazesine bak\u0131n. Bu \u00fcr\u00fcnleri birle\u015ftirmek, \u00f6zel ihtiya\u00e7lar\u0131n\u0131za g\u00f6re g\u00fcvenilir ve \u00f6l\u00e7eklenebilir temiz enerji \u00e7\u00f6z\u00fcm\u00fc sa\u011flar.<\/p>","protected":false},"excerpt":{"rendered":"<p>Haisic 25.6V 280Ah LiFePO4 Pil Paketi 7168Wh g\u00fcvenli, g\u00fcvenilir g\u00fcne\u015f enerjisi depolama sunar ve ev ve kendi kendine yeterlilik i\u00e7in 6000'in \u00fczerinde d\u00f6ng\u00fc sa\u011flar<\/p>","protected":false},"featured_media":3481,"template":"","meta":{"site-sidebar-layout":"default","site-content-layout":"","ast-site-content-layout":"default","site-content-style":"default","site-sidebar-style":"default","ast-global-header-display":"","ast-banner-title-visibility":"","ast-main-header-display":"","ast-hfb-above-header-display":"","ast-hfb-below-header-display":"","ast-hfb-mobile-header-display":"","site-post-title":"","ast-breadcrumbs-content":"","ast-featured-img":"","footer-sml-layout":"","ast-disable-related-posts":"","theme-transparent-header-meta":"default","adv-header-id-meta":"","stick-header-meta":"default","header-above-stick-meta":"","header-main-stick-meta":"","header-below-stick-meta":"","astra-migrate-meta-layouts":"set","ast-page-background-enabled":"default","ast-page-background-meta":{"desktop":{"background-color":"var(--ast-global-color-4)","background-image":"","background-repeat":"repeat","background-position":"center center","background-size":"auto","background-attachment":"scroll","background-type":"","background-media":"","overlay-type":"","overlay-color":"","overlay-opacity":"","overlay-gradient":""},"tablet":{"background-color":"","background-image":"","background-repeat":"repeat","background-position":"center center","background-size":"auto","background-attachment":"scroll","background-type":"","background-media":"","overlay-type":"","overlay-color":"","overlay-opacity":"","overlay-gradient":""},"mobile":{"background-color":"","background-image":"","background-repeat":"repeat","background-position":"center center","background-size":"auto","background-attachment":"scroll","background-type":"","background-media":"","overlay-type":"","overlay-color":"","overlay-opacity":"","overlay-gradient":""}},"ast-content-background-meta":{"desktop":{"background-color":"var(--ast-global-color-5)","background-image":"","background-repeat":"repeat","background-position":"center center","background-size":"auto","background-attachment":"scroll","background-type":"","background-media":"","overlay-type":"","overlay-color":"","overlay-opacity":"","overlay-gradient":""},"tablet":{"background-color":"var(--ast-global-color-5)","background-image":"","background-repeat":"repeat","background-position":"center center","background-size":"auto","background-attachment":"scroll","background-type":"","background-media":"","overlay-type":"","overlay-color":"","overlay-opacity":"","overlay-gradient":""},"mobile":{"background-color":"var(--ast-global-color-5)","background-image":"","background-repeat":"repeat","background-position":"center center","background-size":"auto","background-attachment":"scroll","background-type":"","background-media":"","overlay-type":"","overlay-color":"","overlay-opacity":"","overlay-gradient":""}}},"product_brand":[],"product_cat":[53],"product_tag":[],"class_list":{"0":"post-2767","1":"product","2":"type-product","3":"status-publish","4":"has-post-thumbnail","6":"product_cat-lifepo4-battery-packs","7":"desktop-align-left","8":"tablet-align-left","9":"mobile-align-left","10":"ast-product-gallery-layout-horizontal-slider","11":"ast-product-tabs-layout-horizontal","13":"first","14":"instock","15":"shipping-taxable","16":"purchasable","17":"product-type-simple"},"_links":{"self":[{"href":"https:\/\/haisicstorage.com\/tr\/wp-json\/wp\/v2\/product\/2767","targetHints":{"allow":["GET"]}}],"collection":[{"href":"https:\/\/haisicstorage.com\/tr\/wp-json\/wp\/v2\/product"}],"about":[{"href":"https:\/\/haisicstorage.com\/tr\/wp-json\/wp\/v2\/types\/product"}],"version-history":[{"count":1,"href":"https:\/\/haisicstorage.com\/tr\/wp-json\/wp\/v2\/product\/2767\/revisions"}],"predecessor-version":[{"id":2771,"href":"https:\/\/haisicstorage.com\/tr\/wp-json\/wp\/v2\/product\/2767\/revisions\/2771"}],"wp:featuredmedia":[{"embeddable":true,"href":"https:\/\/haisicstorage.com\/tr\/wp-json\/wp\/v2\/media\/3481"}],"wp:attachment":[{"href":"https:\/\/haisicstorage.com\/tr\/wp-json\/wp\/v2\/media?parent=2767"}],"wp:term":[{"taxonomy":"product_brand","embeddable":true,"href":"https:\/\/haisicstorage.com\/tr\/wp-json\/wp\/v2\/product_brand?post=2767"},{"taxonomy":"product_cat","embeddable":true,"href":"https:\/\/haisicstorage.com\/tr\/wp-json\/wp\/v2\/product_cat?post=2767"},{"taxonomy":"product_tag","embeddable":true,"href":"https:\/\/haisicstorage.com\/tr\/wp-json\/wp\/v2\/product_tag?post=2767"}],"curies":[{"name":"wp","href":"https:\/\/api.w.org\/{rel}","templated":true}]}}