{"id":2746,"date":"2025-12-15T03:44:37","date_gmt":"2025-12-15T03:44:37","guid":{"rendered":"https:\/\/haisicstorage.com\/haisic-128v-lifepo4-battery-pack-280ah-358kwh-6000-cycle-life\/"},"modified":"2026-02-27T06:44:49","modified_gmt":"2026-02-27T06:44:49","slug":"haisic-128v-lifepo4-battery-pack-280ah-358kwh-6000-cycle-life","status":"publish","type":"product","link":"https:\/\/haisicstorage.com\/tr\/haisic-128v-lifepo4-battery-pack-280ah-358kwh-6000-cycle-life\/","title":{"rendered":"Haisic 12.8V 280Ah LiFePO4 Batarya Paketi 3.58kWh 6000 D\u00f6ng\u00fc \u00d6mr\u00fc"},"content":{"rendered":"<h2>G\u00f6z Atmaya De\u011fer Ana \u00d6zellikler<\/h2>\n<p>Bu <strong>Haisic 12.8V LiFePO4 Batarya Paketi (280Ah, 3.58kWh)<\/strong> uzun \u00f6m\u00fcrl\u00fc, g\u00fcvenilir performans i\u00e7in tasarlanm\u0131\u015f sa\u011flam bir \u00f6zellik setiyle \u00f6ne \u00e7\u0131kar:<\/p>\n<table>\n<thead>\n<tr>\n<th>\u00d6zellik<\/th>\n<th>Fayda<\/th>\n<\/tr>\n<\/thead>\n<tbody>\n<tr>\n<td><strong>6000+ D\u00f6ng\u00fc \u00d6mr\u00fc<\/strong><\/td>\n<td>\u00d6nemli kapasite kayb\u0131 olmadan y\u0131llarca kullan\u0131labilirlik i\u00e7in ola\u011fan\u00fcst\u00fc dayan\u0131kl\u0131l\u0131k<\/td>\n<\/tr>\n<tr>\n<td><strong>Yerle\u015fik BMS Korumas\u0131<\/strong><\/td>\n<td>A\u015f\u0131r\u0131 \u015farj, a\u015f\u0131r\u0131 de\u015farj, k\u0131sa devre ve s\u0131cakl\u0131k kontrol\u00fc ile g\u00fcvenli\u011fi sa\u011flar<\/td>\n<\/tr>\n<tr>\n<td><strong>Hafif Tasar\u0131m<\/strong><\/td>\n<td>Sadece 26.5 kg a\u011f\u0131rl\u0131\u011f\u0131nda, ta\u015f\u0131ma ve kurulum geleneksel bataryalara g\u00f6re daha kolay<\/td>\n<\/tr>\n<tr>\n<td><strong>Geni\u015f S\u0131cakl\u0131k Aral\u0131\u011f\u0131<\/strong><\/td>\n<td>Zorlu ortamlara uygun olarak -20\u00b0C ile 70\u00b0C aras\u0131nda g\u00fcvenilir \u00e7al\u0131\u015f\u0131r<\/td>\n<\/tr>\n<tr>\n<td><strong>Y\u00fcksek Enerji Yo\u011funlu\u011fu<\/strong><\/td>\n<td>Kompakt boyutta 3.58 kWh enerji sunar (316 x 195 x 293 mm)<\/td>\n<\/tr>\n<tr>\n<td><strong>\u00c7evre Dostu Kimya<\/strong><\/td>\n<td>Daha g\u00fcvenli, toksik olmayan ve daha \u00e7evre dostu bir pil i\u00e7in Lityum Demir Fosfat kullan\u0131r<\/td>\n<\/tr>\n<\/tbody>\n<\/table>\n<p>Bu \u00f6zellikler Haisic 12.8V 280Ah LiFePO4 bataryas\u0131n\u0131 yenilenebilir enerji depolama, karavanlar, denizcilik uygulamalar\u0131 ve off\u2011grid g\u00fc\u00e7 sistemleri i\u00e7in ideal bir se\u00e7enek yapar; dayan\u0131kl\u0131l\u0131k, g\u00fcvenlik ve verimlili\u011fi tek bir pakette birle\u015ftirir.<\/p>\n<h2>\u00dcr\u00fcn Genel Bak\u0131\u015f<\/h2>\n<p>Haisic 12.8V LiFePO4 Batarya Paketi 280Ah, \u00e7e\u015fitli zorlu uygulamalarda g\u00fcvenilir, y\u00fcksek performansl\u0131 enerji depolama sa\u011flamak \u00fczere tasarlanm\u0131\u015ft\u0131r. G\u00fcne\u015f enerjisi sisteminizi, bir karavan\u0131, denizcilik ara\u00e7lar\u0131n\u0131 veya off\u2011grid kabinleri g\u00fc\u00e7lendiriyorsan\u0131z, bu 3.58kWh batarya paketi istikrarl\u0131 g\u00fc\u00e7 ve uzun \u00f6m\u00fcrl\u00fc dayan\u0131kl\u0131l\u0131k sunar. Bir lider enerji depolama batarya \u00fcreticisi olarak Haisic\u2019in uzmanl\u0131\u011f\u0131yla desteklenen bu LiFePO4 batarya, ger\u00e7ek d\u00fcnya ko\u015fullar\u0131nda verimlili\u011fi ve g\u00fcvenilir performans\u0131 ile \u00f6ne \u00e7\u0131kmaktad\u0131r. Sa\u011flam tasar\u0131m\u0131, zor \u00e7evrelerle ba\u015fa \u00e7\u0131kmas\u0131n\u0131 sa\u011flar ve 12V lityum demir fosfat batarya se\u00e7ene\u011fi arayan k\u00fcresel m\u00fc\u015fteriler i\u00e7in g\u00fcvenilir bir tercih olmas\u0131n\u0131 sa\u011flar.<\/p>\n<p>Daha b\u00fcy\u00fck \u00f6l\u00e7ekli veya ticari enerji ihtiya\u00e7lar\u0131 i\u00e7in Haisic ayr\u0131ca bu paket ile m\u00fckemmel uyum sa\u011flayan <a href=\"https:\/\/haisicstorage.com\/tr\/haisic-200kw-industrial-commercial-energy-storage-battery-430kwh-solar-storage-system\/\">200kW end\u00fcstriyel g\u00fcne\u015f enerjisi depolama sistemi<\/a> sunuyor.<\/p>\n<h2>Haisic 12.8V LiFePO4 Batarya Paketi i\u00e7in Detayl\u0131 \u00d6zellikler<\/h2>\n<p>Haisic 280Ah kapasiteye sahip 12.8V lityum demir fosfat pil i\u00e7in ana teknik \u00f6zelliklere h\u0131zl\u0131 bir bak\u0131\u015f:<\/p>\n<table>\n<thead>\n<tr>\n<th>\u00d6zellik<\/th>\n<th>\u00d6zellik<\/th>\n<\/tr>\n<\/thead>\n<tbody>\n<tr>\n<td><strong>Nominal Gerilim<\/strong><\/td>\n<td>12,8V<\/td>\n<\/tr>\n<tr>\n<td><strong>Nominal Kapasite<\/strong><\/td>\n<td>280Ah<\/td>\n<\/tr>\n<tr>\n<td><strong>Nominal Enerji<\/strong><\/td>\n<td>3.58 kWh (3584Wh)<\/td>\n<\/tr>\n<tr>\n<td><strong>D\u00f6ng\u00fc \u00d6mr\u00fc<\/strong><\/td>\n<td>6000+ d\u00f6ng\u00fc<\/td>\n<\/tr>\n<tr>\n<td><strong>\u00d6l\u00e7\u00fcler (L\u00d7G\u00d7Y)<\/strong><\/td>\n<td>316mm \u00d7 195mm \u00d7 293mm<\/td>\n<\/tr>\n<tr>\n<td><strong>A\u011f\u0131rl\u0131k<\/strong><\/td>\n<td>26.5kg<\/td>\n<\/tr>\n<tr>\n<td><strong>\u00d6nerilen \u015earj Ak\u0131m\u0131<\/strong><\/td>\n<td>40A<\/td>\n<\/tr>\n<tr>\n<td><strong>Maksimum \u015earj Ak\u0131m\u0131<\/strong><\/td>\n<td>75A<\/td>\n<\/tr>\n<tr>\n<td><strong>S\u00fcrekli De\u015farj Ak\u0131m\u0131<\/strong><\/td>\n<td>75A<\/td>\n<\/tr>\n<tr>\n<td><strong>\u00c7al\u0131\u015fma S\u0131cakl\u0131\u011f\u0131<\/strong><\/td>\n<td>-20\u00b0C ila 70\u00b0C<\/td>\n<\/tr>\n<tr>\n<td><strong>Katod Malzemesi<\/strong><\/td>\n<td>Lityum Demir Fosfat (LiFePO4)<\/td>\n<\/tr>\n<tr>\n<td><strong>Maksimum Seri Ba\u011flant\u0131<\/strong><\/td>\n<td>En fazla 10 h\u00fccre<\/td>\n<\/tr>\n<\/tbody>\n<\/table>\n<p>Bu pil, daha b\u00fcy\u00fck sistemler i\u00e7in voltaj\u0131 art\u0131rmak amac\u0131yla seri ba\u011flant\u0131lara olanak tan\u0131r. Dahili \u00f6zellikler, g\u00fcne\u015f enerjisi kurulumlar\u0131nda, RV\u2019lerde ve ba\u011fl\u0131 olmayan g\u00fc\u00e7 \u00e7\u00f6z\u00fcmlerinde derin devir kullan\u0131m\u0131 i\u00e7in ideal olmas\u0131n\u0131 sa\u011flar. Daha y\u00fcksek kapasite ihtiya\u00e7lar\u0131 i\u00e7in Haisic\u2019in benzer kullan\u0131mlar i\u00e7in tasarlanm\u0131\u015f ba\u015fka se\u00e7eneklerini inceleyebilirsiniz. <a href=\"https:\/\/haisicstorage.com\/tr\/haisic-12v-70ah-lifepo4-deep-cycle-lithium-battery\/\">12V 70Ah LiFePO4 derin d\u00f6ng\u00fc pil<\/a> benzer kullan\u0131mlar i\u00e7in tasarlanm\u0131\u015ft\u0131r.<\/p>\n<h2>LiFePO4 Teknolojisinin Avantajlar\u0131<\/h2>\n<p>Haisic 12.8V LiFePO4 Pil Paketi, geleneksel pillere g\u00f6re baz\u0131 net faydalar sunar ve bir\u00e7ok kullan\u0131c\u0131 i\u00e7in ak\u0131ll\u0131 bir tercih yapar:<\/p>\n<ul>\n<li><strong>Daha Uzun \u00d6m\u00fcr:<\/strong> Bir d\u00f6ng\u00fc \u00f6mr\u00fc 6000 d\u00f6ng\u00fcn\u00fcn \u00fczerinde oldu\u011fundan, bu pil tipik kur\u015fun-asit veya di\u011fer lityum t\u00fcrlerinden \u00e7ok daha uzun \u00f6m\u00fcrl\u00fcd\u00fcr. Bu da daha az de\u011fi\u015ftirme ve zaman i\u00e7inde daha iyi de\u011fer anlam\u0131na gelir.<\/li>\n<li><strong>Daha Y\u00fcksek Verimlilik:<\/strong> LiFePO4 kimyas\u0131, verimli \u015farj ve de\u015farj i\u00e7in bilinir; bu da daha kullan\u0131labilir enerji ve kullan\u0131m s\u0131ras\u0131nda daha az at\u0131k anlam\u0131na gelir.<\/li>\n<li><strong>Bak\u0131m Gerektirmez:<\/strong> Kur\u015fun-asit pillere k\u0131yasla su eklemeye veya korozyon konusunda endi\u015felenmeye gerek yoktur, bu da kullan\u0131m\u0131 zahmetsiz k\u0131lar.<\/li>\n<li><strong>Daha G\u00fcvenli Kimya:<\/strong> Lityum Demir Fosfat h\u00fccreleri, termal ve kimyasal stabiliteleri nedeniyle do\u011fas\u0131 gere\u011fi daha g\u00fcvenlidir; a\u015f\u0131r\u0131 \u0131s\u0131nma veya yang\u0131n riskini azalt\u0131r.<\/li>\n<li><strong>Daha Hafif A\u011f\u0131rl\u0131k:<\/strong> Benzer kapasitelerdeki geleneksel pillere k\u0131yasla bu pil paketi daha hafiftir, kurulum ve ta\u015f\u0131ma i\u015flemlerini kolayla\u015ft\u0131r\u0131r.<\/li>\n<li><strong>Tam De\u015farj Derinli\u011fi:<\/strong> Bataryan\u0131n kapasitesinin yakla\u015f\u0131k 100%\u2019sini g\u00fcvenli bir \u015fekilde d\u00fczenli olarak kullanabilirsiniz, zarar vermeden mevcut g\u00fcc\u00fcn\u00fcz\u00fc en \u00fcst d\u00fczeye \u00e7\u0131kar\u0131rs\u0131n\u0131z.<\/li>\n<\/ul>\n<p>Bu, g\u00fcvenilirlik ve g\u00fcvenli\u011fin kilit oldu\u011fu uygulamalar i\u00e7in Haisic 12V 280Ah LiFePO4 pilini g\u00fcne\u015f enerjisi, karavanlar ve deniz kullan\u0131m\u0131 gibi alanlarda ideal k\u0131lar. Daha b\u00fcy\u00fck kurulumlar i\u00e7in, daha fazla g\u00fc\u00e7 ihtiyac\u0131 i\u00e7in Haisic\u2019in 51.2V 100Ah LiFePO4 pil gibi di\u011fer se\u00e7eneklerini incelemeyi d\u00fc\u015f\u00fcn\u00fcn.<\/p>\n<h2>G\u00f6m\u00fcl\u00fc G\u00fcvenlik ve Koruma<\/h2>\n<p>Haisic 12.8V LiFePO4 Pil Paketi, pili g\u00fcvenli ve g\u00fcvenilir tutan entegre Bir Pil Y\u00f6netim Sistemi (BMS) ile birlikte gelir. A\u015f\u0131r\u0131 \u015farj ve a\u015f\u0131r\u0131 de\u015farj \u00f6nleme gibi temel korumalar\u0131 i\u00e7erir; b\u00f6ylece pil \u00e7ok y\u00fcksek veya \u00e7ok d\u00fc\u015f\u00fck voltaj nedeniyle zarar g\u00f6rmez. Ayr\u0131ca elektriksel ar\u0131zalara kar\u015f\u0131 ekstra g\u00fcvenlik i\u00e7in yerle\u015fik k\u0131sa devre korumas\u0131na sahiptir.<\/p>\n<p>S\u0131cakl\u0131k kontrol\u00fc, pilin g\u00fcvenli s\u0131cakl\u0131k aral\u0131\u011f\u0131nda verimli \u00e7al\u0131\u015fmas\u0131n\u0131 sa\u011flayan ve a\u015f\u0131r\u0131 \u0131s\u0131nmay\u0131 \u00f6nleyen bir di\u011fer ana \u00f6zelliktir. BMS ayr\u0131ca h\u00fccreleri otomatik olarak dengeler, bu da istikrarl\u0131 performans\u0131 korumaya ve pil \u00f6mr\u00fcn\u00fc uzatmaya yard\u0131mc\u0131 olur.<\/p>\n<p>Geli\u015fmi\u015f bu g\u00fcvenlik yap\u0131s\u0131, g\u00fcvenilirlik ve g\u00fcvenli \u00e7al\u0131\u015fman\u0131n \u00f6nemli oldu\u011fu uygulamalar i\u00e7in pilin tercihlerden biri olmas\u0131n\u0131 sa\u011flar; g\u00fcne\u015f enerjisi sistemleri ve ba\u011f\u0131ms\u0131z g\u00fc\u00e7 kurulumlar\u0131 dahil. Sorunsuz entegrasyon i\u00e7in Haisic\u2019in tam \u00fcr\u00fcn yelpazesine bak\u0131n <a href=\"https:\/\/haisicstorage.com\/tr\/home-lithium-battery-storage\/\">lityum pil depolama \u00e7\u00f6z\u00fcmleri<\/a> g\u00fcvenli ve verimli g\u00fc\u00e7 y\u00f6netimi i\u00e7in tasarlanm\u0131\u015ft\u0131r.<\/p>\n<h2>Uygulamalar ve Kullan\u0131m Alanlar\u0131<\/h2>\n<p>280Ah kapasiteli ve 3.58kWh enerji ile Haisic 12.8V LiFePO4 Pil Paketi, geni\u015f bir g\u00fc\u00e7 ihtiyac\u0131 yelpazesi i\u00e7in m\u00fckemmeldir. G\u00fcne\u015f enerjisi depolama i\u00e7in idealdir, a\u011f\u0131n d\u00fc\u015ft\u00fc\u011f\u00fc zamanlarda bile evinizi g\u00fcvenilir \u015fekilde \u00e7al\u0131\u015f\u0131r durumda tutman\u0131za yard\u0131mc\u0131 olur. Ev yedekleme sistemleri i\u00e7in harikad\u0131r ve kesintiler s\u0131ras\u0131nda g\u00f6n\u00fcl rahatl\u0131\u011f\u0131 sa\u011flar.<\/p>\n<p>A\u00e7\u0131k hava maceralar\u0131na ilgi duyuyorsan\u0131z, bu pil karavanlarda ve kamp ara\u00e7lar\u0131nda parlar; yolculuklar\u0131n\u0131zda t\u00fcm cihazlar\u0131n\u0131z i\u00e7in g\u00fcvenilir g\u00fc\u00e7 sunar. Denizcilik ve tekne merakl\u0131lar\u0131, uzun \u00f6m\u00fcrl\u00fc enerji ile hafif tasar\u0131m\u0131n\u0131 takdir edecektir. Da\u011f\u0131n\u0131k olmayan kul\u00fcbelerde ve uzaktaki kurulumlarda, bak\u0131m\u0131 kolay dayan\u0131kl\u0131 ve verimli bir enerji kayna\u011f\u0131 sunar.<\/p>\n<p>Ayr\u0131ca ta\u015f\u0131nabilirli\u011fi, ara\u00e7lar, etkinlikler veya acil durum setleri i\u00e7in ta\u015f\u0131nabilir g\u00fc\u00e7 uygulamalar\u0131 i\u00e7in sa\u011flam bir tercih haline getirir.<\/p>\n<p>G\u00fcne\u015f enerjisi kurulumunu geni\u015fletmekle ilgilenenler i\u00e7in, <a href=\"https:\/\/haisicstorage.com\/tr\/5kw-power-energy-storage-solar-system-for-home\/\">Ev i\u00e7in 5kW g\u00fc\u00e7 enerji depolama g\u00fcne\u015f sistemi<\/a> g\u00fc\u00e7 d\u0131\u015f\u0131 \u00e7al\u0131\u015fma kapasitenizi en \u00fcst d\u00fczeye \u00e7\u0131karmak i\u00e7in sa\u011flam bir sistemle e\u015fle\u015ftirmeyi d\u00fc\u015f\u00fcn\u00fcn.<\/p>\n<h2>Haisic 12.8V LiFePO4 Pil Paketi \u015earj ve Kurulum K\u0131lavuzu<\/h2>\n<p>Haisic 12.8V litiyum demir fosfat pilinizden (280Ah) en iyi performans ve en uzun \u00f6m\u00fcr i\u00e7in do\u011fru \u015farj ve kurulum uygulamalar\u0131n\u0131 izlemek \u00f6nemlidir.<\/p>\n<h3>\u00d6nerilen \u015earj Parametreleri<\/h3>\n<ul>\n<li><strong>Nominal voltaj:<\/strong> 12,8V<\/li>\n<li><strong>\u00d6nerilen \u015farj voltaj\u0131:<\/strong> 14,6V<\/li>\n<li><strong>\u00d6nerilen \u015farj ak\u0131m\u0131:<\/strong> 40A<\/li>\n<li><strong>Maksimum \u015farj ak\u0131m\u0131:<\/strong> 75A<\/li>\n<\/ul>\n<p>LiFePO4 pil bak\u0131m\u0131 i\u00e7in a\u015f\u0131r\u0131 \u015farj\u0131 \u00f6nlemek ve en iyi pil sa\u011fl\u0131\u011f\u0131n\u0131 sa\u011flamak amac\u0131yla LiFePO4 piller i\u00e7in tasarlanm\u0131\u015f uyumlu bir \u015farj cihaz\u0131 kullanmak esast\u0131r.<\/p>\n<h3>Uyumlu \u015earj Aletleri ve G\u00fcne\u015f Enerjisi Kurulumlar\u0131<\/h3>\n<p>Bu pil, \u00e7o\u011fu 12V g\u00fcne\u015f enerjisi \u015farj denetleyici ve lityum piller i\u00e7in \u00f6zel olarak tasarlanm\u0131\u015f \u015farj cihazlar\u0131 ile sorunsuz \u00e7al\u0131\u015f\u0131r. G\u00fcne\u015f enerjisi depolama sistemi planl\u0131yorsan\u0131z, lityum demir fosfat kimyas\u0131 deste\u011fi olan bir \u015farj cihaz\u0131 se\u00e7mek kilit noktad\u0131r. Uygun se\u00e7enekleri ke\u015ffetmek i\u00e7in ayr\u0131nt\u0131l\u0131 tavsiyeyi inceleyin <a href=\"https:\/\/haisicstorage.com\/tr\/best-battery-storage-for-solar\/\">g\u00fcne\u015f i\u00e7in pil depolama<\/a>.<\/p>\n<h3>Kablolama \u0130pu\u00e7lar\u0131 ve Yap\u0131land\u0131rmalar\u0131<\/h3>\n<ul>\n<li><strong>Dizi ba\u011flant\u0131s\u0131:<\/strong> Daha y\u00fcksek voltajl\u0131 sistemler i\u00e7in (maks. 48V) Haisic 12V pillerden 4 adede kadar diziye ba\u011flayabilirsiniz.<\/li>\n<li><strong>Paralel ba\u011flant\u0131:<\/strong> G\u00fc\u00e7 kayna\u011f\u0131n\u0131 korurken kapasiteyi art\u0131rmak i\u00e7in birden \u00e7ok pil paralel olarak ba\u011flanabilir.<\/li>\n<\/ul>\n<p>G\u00fcvenli\u011fi ve performans\u0131 art\u0131rmak i\u00e7in her zaman uygun kesitli kablo kullan\u0131n, s\u0131k\u0131 ba\u011flant\u0131lar ve sigorta korumas\u0131 sa\u011flay\u0131n.<\/p>\n<p>Bu \u00f6nerilerle Haisic 12.8V 280Ah LiFePO4 pilinizi kurdu\u011funuzda, g\u00fcne\u015f enerjisi kurulumlar\u0131, Karavanlar veya yedek sistemler i\u00e7in g\u00fcvenilir, verimli g\u00fc\u00e7ten faydalan\u0131rs\u0131n\u0131z. Ev veya off-grid kullan\u0131m i\u00e7in do\u011fru depolama \u00e7\u00f6z\u00fcm\u00fcn\u00fc se\u00e7meye dair ek tavsiye i\u00e7in rehberimizi ziyaret edin <a href=\"https:\/\/haisicstorage.com\/tr\/battery-storage-for-home\/\">ev i\u00e7in batarya depolama<\/a>.<\/p>\n<h2>Haisic 12.8V LiFePO4 Pil Paketi Performans Verileri<\/h2>\n<p>Haisic 12.8V 280Ah LiFePO4 pil paketi, \u00f6mr\u00fc boyunca g\u00fc\u00e7l\u00fc, istikrarl\u0131 performans sunar. 6000+ \u00e7evrim i\u00e7in tasarlanm\u0131\u015ft\u0131r, binlerce derin \u015farj- de\u015farj d\u00f6ng\u00fcs\u00fcnden sonra bile 80% kapasitesinin \u00fczerinde kal\u0131r. Bu uzun \u00e7evrim \u00f6mr\u00fc, daha az de\u011fi\u015ftirme ile g\u00fcvenilir enerji depolama sa\u011flar.<\/p>\n<h3>Anahtar Performans Metrikleri:<\/h3>\n<ul>\n<li><strong>\u00c7evrim \u00d6mr\u00fc:<\/strong> 80% derin de\u015farj ile 6000'in \u00fczerinde \u00e7evrim, geleneksel kur\u015fun-asit pillerin \u00f6tesinde.<\/li>\n<li><strong>De\u015farj E\u011frileri:<\/strong> Pil, de\u015farj s\u0131ras\u0131nda sabit bir voltaj \u00e7\u0131k\u0131\u015f\u0131 sunar, ani d\u00fc\u015f\u00fc\u015fler olmadan istikrarl\u0131 g\u00fc\u00e7 sa\u011flar.<\/li>\n<li><strong>Verimlilik:<\/strong> Ger\u00e7ek d\u00fcnya testleri 95%+ \u015farj\/de\u015farj verimlili\u011fini g\u00f6sterir, g\u00fcne\u015f enerjiniz, karavan veya denizcilik sistemleriniz i\u00e7in kullan\u0131\u015fl\u0131 enerjiyi maksimize eder.<\/li>\n<\/ul>\n<p>Bu performans, daha az bak\u0131m ve ar\u0131za s\u00fcresiyle g\u00fcvenilir, uzun \u00f6m\u00fcrl\u00fc g\u00fc\u00e7 sa\u011flar. Daha b\u00fcy\u00fck kurulumlara veya farkl\u0131 voltajlara ihtiya\u00e7 duyan kullan\u0131c\u0131lar i\u00e7in uyumlu se\u00e7enekleri ke\u015ffedin, \u00f6rne\u011fin <a href=\"https:\/\/haisicstorage.com\/tr\/haisic-128v-200ah-lifepo4-battery-pack-2560wh\/\">Haisic 12.8V 200Ah LiFePO4 pil paketi<\/a> ile ilgili modelleri inceleyin ve esnek enerji depolama \u00e7\u00f6z\u00fcmleri i\u00e7in.<\/p>\n<h2>Garanti ve Destek<\/h2>\n<p>Haisic 12.8V LiFePO4 Pil Paketi, \u00fcretim hatalar\u0131 ve performans sorunlar\u0131n\u0131 kapsayan g\u00fcvenilir bir garanti ile birlikte gelir ve yat\u0131r\u0131mlar\u0131n\u0131zdan emin olman\u0131z\u0131 sa\u011flar. End\u00fcstri sertifikasyonlar\u0131yla desteklenen bu pil, g\u00fcvenli ve istikrarl\u0131 bir operasyon i\u00e7in k\u00fcresel g\u00fcvenlik ve kalite standartlar\u0131na uyar ve uzun \u00f6mr\u00fc boyunca.<\/p>\n<p>Haisic kurulum sorular\u0131, sorun giderme ve \u00fcr\u00fcn bilgileri konusunda yard\u0131ma haz\u0131r g\u00fc\u00e7l\u00fc m\u00fc\u015fteri deste\u011fi sunar. G\u00fcne\u015f enerjisi sisteminizi, karavan\u0131n\u0131z\u0131 veya deniz g\u00fc\u00e7 \u00e7\u00f6z\u00fcm\u00fcn\u00fcz\u00fc kuruyor olun, uzman yard\u0131m\u0131 telefon veya e-posta ile hemen elde edilebilir.<\/p>\n<p>Enerji kurulumunu geni\u015fletmek veya \u00f6zelle\u015ftirmek isteyenler i\u00e7in uyumlu se\u00e7eneklere bak\u0131n: <a href=\"https:\/\/haisicstorage.com\/tr\/haisic-36kva-hybrid-solar-inverter\/\">Haisic 36kVA Hibrit G\u00fcne\u015f Enerjisi \u0130nvert\u00f6r\u00fc<\/a> veya <a href=\"https:\/\/haisicstorage.com\/tr\/51-2v-100ah-powerwall-energy-storage\/\">51.2V 100Ah Powerwall Enerji Depolama<\/a> bataryan\u0131z\u0131n potansiyelini en \u00fcst d\u00fczeye \u00e7\u0131karmak i\u00e7in.<\/p>\n<h2>S\u0131k\u00e7a Sorulan Sorular (SSS)<\/h2>\n<h3>Haisic 12.8V LiFePO4 Pil Paketi benim g\u00fcne\u015f enerjisi sistemimle uyumlu mu?<\/h3>\n<p>Evet, bu 12.8V lityum demir fosfat pil, \u00e7o\u011fu 12V g\u00fcne\u015f enerjisi depolama kurulumlar\u0131, karavanlar, deniz uygulamalar\u0131 ve ba\u011f\u0131ms\u0131z sistemlerle kolay entegrasyon i\u00e7in tasarlanm\u0131\u015ft\u0131r.Standart g\u00fcne\u015f enerji \u015farj denetleyicileri ve invert\u00f6rlerle iyi \u00e7al\u0131\u015f\u0131r.<\/p>\n<h3>280Ah derin \u00e7evrim pilinin bak\u0131m\u0131 ne gerektirir?<\/h3>\n<p>LiFePO4 teknolojisinin b\u00fcy\u00fck bir avantaj\u0131 bak\u0131m\u0131n minimum olmas\u0131d\u0131r. Sadece \u00f6nerilen s\u0131cakl\u0131k aral\u0131\u011f\u0131nda (-20\u00b0C ile 70\u00b0C) tutun ve \u015farj a\u015f\u0131r\u0131ya ka\u00e7ma veya teknik olarak belirtilen derin de\u015farja d\u00fc\u015fmekten ka\u00e7\u0131n\u0131n. Dahili BMS pilinizi otomatik olarak korur.<\/p>\n<h3>Bu 12.8V 280Ah LiFePO4 pil kar\u015f\u0131la\u015ft\u0131r\u0131ld\u0131\u011f\u0131nda kur\u015fun-asit pillerle kar\u015f\u0131la\u015ft\u0131r\u0131ld\u0131\u011f\u0131nda nas\u0131l?<\/h3>\n<p>Kur\u015fun-asit ile kar\u015f\u0131la\u015ft\u0131r\u0131ld\u0131\u011f\u0131nda Haisic lityum pil paketi \u00f6nemli \u00f6l\u00e7\u00fcde daha uzun d\u00f6ng\u00fc \u00f6mr\u00fc (6000+ \u00e7evrim vs. 300-500), daha y\u00fcksek kullan\u0131labilir kapasite (tam de\u015farj derinli\u011fi), daha hafif (26.5 kg) ve bak\u0131m zahmetleri olmadan daha iyi verimlilik sunar.<\/p>\n<h3>Birden fazla pil seri veya paralel olarak ba\u011flanabilir mi?<\/h3>\n<p>Evet, pil geni\u015fletilmi\u015f kapasite veya voltaj i\u00e7in seri ve paralel ba\u011flant\u0131lar\u0131 destekler. Her zaman \u00f6nerilen kablolama y\u00f6nergelerini izleyin ve g\u00fcvenlik ve performans i\u00e7in ayn\u0131 t\u00fcr ve kapasitede piller kullan\u0131n.<\/p>\n<h3>Nakliye ve stok m\u00fcsaitli\u011fi hakk\u0131nda?<\/h3>\n<p>Haisic lityum pil paketleri \u00c7in'in Guangdong b\u00f6lgesinden g\u00f6nderilir ve stok seviyeleri genellikle h\u0131zl\u0131 teslimat i\u00e7in yeterlidir. Nakliye \u015fartlar\u0131 konumunuza g\u00f6re de\u011fi\u015febilir\u2014ayr\u0131nt\u0131lar i\u00e7in m\u00fc\u015fteri destek ile ileti\u015fime ge\u00e7in.<\/p>\n<p>Di\u011fer ev enerjisi se\u00e7enekleriyle ilgileniyorsan\u0131z kontrol edin <a href=\"https:\/\/haisicstorage.com\/tr\/51-2v-305ah-15616wh-touchscreen-home-energy-battery\/\">12.8V 305Ah dokunmatik ev enerjisi pil<\/a> uzun kapasiteli \u00e7\u00f6z\u00fcmler i\u00e7in.<\/p>\n<h2>\u0130lgili \u00dcr\u00fcnler ve Aksesuarlar<\/h2>\n<p>Haisic 12.8V LiFePO4 Pil Paketi | 280Ah 3.58kWh 6000 \u00c7evrim \u00d6mr\u00fc'nden en iyi \u015fekilde faydalanmak i\u00e7in uyumlu g\u00fcne\u015f \u015farj cihazlar\u0131, invert\u00f6rler ve geni\u015fletme piller ile e\u015fle\u015ftirmeyi d\u00fc\u015f\u00fcn\u00fcn. G\u00fcne\u015f \u00e7\u00f6z\u00fcmlerine sorunsuz entegrasyon i\u00e7in, <a href=\"https:\/\/haisicstorage.com\/tr\/haisic-6kw8kw10kw12kw-hybrid-solar-inverter-ip65-ongrid-offgrid\/\">Haisic 6kW-12kW hibrit g\u00fcne\u015f enerjisi inverteri IP65<\/a> g\u00fcvenilir g\u00fc\u00e7 d\u00f6n\u00fc\u015ft\u00fcrme ve sistem verimlili\u011fi sa\u011flar. Enerji depolama kapasitesini art\u0131rmak i\u00e7in \u00f6l\u00e7eklendirme yap\u0131yorsan\u0131z, Haisic geni\u015fletme pilleri performanstan \u00f6d\u00fcn vermeden kapasiteyi art\u0131rmaya yard\u0131mc\u0131 olabilir ve ayr\u0131 bir g\u00fc\u00e7 sistemi ihtiya\u00e7lar\u0131n\u0131za g\u00f6re b\u00fcy\u00fcyebilir.<\/p>\n<p>Uygun aksesuarlar\u0131 kullanmak kurulum ve i\u015fletimi kolayla\u015ft\u0131r\u0131r, ayn\u0131 zamanda pilin \u00f6mr\u00fcn\u00fc ve \u00e7\u0131k\u0131\u015f\u0131n\u0131 maksimize eder. Ev tipi g\u00fcne\u015f enerjisi depolama, RV g\u00fcc\u00fc veya denizcilik i\u00e7in olsun, bu bile\u015fenler sorunsuz, y\u00fcksek kapasiteli lityum pil sistemi i\u00e7in birlikte \u00e7al\u0131\u015f\u0131r.<\/p>","protected":false},"excerpt":{"rendered":"<p>Haisic 12.8V 280Ah LiFePO4 batarya paketi, 6000 d\u00f6ng\u00fc \u00f6mr\u00fc ile 3.58kWh g\u00fc\u00e7 sa\u011flar; g\u00fcne\u015f, RV, denizcilik ve off\u2011grid kullan\u0131m\u0131 i\u00e7in idealdir.<\/p>","protected":false},"featured_media":2749,"template":"","meta":{"site-sidebar-layout":"default","site-content-layout":"","ast-site-content-layout":"default","site-content-style":"default","site-sidebar-style":"default","ast-global-header-display":"","ast-banner-title-visibility":"","ast-main-header-display":"","ast-hfb-above-header-display":"","ast-hfb-below-header-display":"","ast-hfb-mobile-header-display":"","site-post-title":"","ast-breadcrumbs-content":"","ast-featured-img":"","footer-sml-layout":"","ast-disable-related-posts":"","theme-transparent-header-meta":"default","adv-header-id-meta":"","stick-header-meta":"default","header-above-stick-meta":"","header-main-stick-meta":"","header-below-stick-meta":"","astra-migrate-meta-layouts":"set","ast-page-background-enabled":"default","ast-page-background-meta":{"desktop":{"background-color":"var(--ast-global-color-4)","background-image":"","background-repeat":"repeat","background-position":"center center","background-size":"auto","background-attachment":"scroll","background-type":"","background-media":"","overlay-type":"","overlay-color":"","overlay-opacity":"","overlay-gradient":""},"tablet":{"background-color":"","background-image":"","background-repeat":"repeat","background-position":"center center","background-size":"auto","background-attachment":"scroll","background-type":"","background-media":"","overlay-type":"","overlay-color":"","overlay-opacity":"","overlay-gradient":""},"mobile":{"background-color":"","background-image":"","background-repeat":"repeat","background-position":"center center","background-size":"auto","background-attachment":"scroll","background-type":"","background-media":"","overlay-type":"","overlay-color":"","overlay-opacity":"","overlay-gradient":""}},"ast-content-background-meta":{"desktop":{"background-color":"var(--ast-global-color-5)","background-image":"","background-repeat":"repeat","background-position":"center center","background-size":"auto","background-attachment":"scroll","background-type":"","background-media":"","overlay-type":"","overlay-color":"","overlay-opacity":"","overlay-gradient":""},"tablet":{"background-color":"var(--ast-global-color-5)","background-image":"","background-repeat":"repeat","background-position":"center center","background-size":"auto","background-attachment":"scroll","background-type":"","background-media":"","overlay-type":"","overlay-color":"","overlay-opacity":"","overlay-gradient":""},"mobile":{"background-color":"var(--ast-global-color-5)","background-image":"","background-repeat":"repeat","background-position":"center center","background-size":"auto","background-attachment":"scroll","background-type":"","background-media":"","overlay-type":"","overlay-color":"","overlay-opacity":"","overlay-gradient":""}}},"product_brand":[],"product_cat":[53],"product_tag":[],"class_list":{"0":"post-2746","1":"product","2":"type-product","3":"status-publish","4":"has-post-thumbnail","6":"product_cat-lifepo4-battery-packs","7":"desktop-align-left","8":"tablet-align-left","9":"mobile-align-left","10":"ast-product-gallery-layout-horizontal-slider","11":"ast-product-tabs-layout-horizontal","13":"first","14":"instock","15":"shipping-taxable","16":"purchasable","17":"product-type-simple"},"_links":{"self":[{"href":"https:\/\/haisicstorage.com\/tr\/wp-json\/wp\/v2\/product\/2746","targetHints":{"allow":["GET"]}}],"collection":[{"href":"https:\/\/haisicstorage.com\/tr\/wp-json\/wp\/v2\/product"}],"about":[{"href":"https:\/\/haisicstorage.com\/tr\/wp-json\/wp\/v2\/types\/product"}],"version-history":[{"count":1,"href":"https:\/\/haisicstorage.com\/tr\/wp-json\/wp\/v2\/product\/2746\/revisions"}],"predecessor-version":[{"id":2750,"href":"https:\/\/haisicstorage.com\/tr\/wp-json\/wp\/v2\/product\/2746\/revisions\/2750"}],"wp:featuredmedia":[{"embeddable":true,"href":"https:\/\/haisicstorage.com\/tr\/wp-json\/wp\/v2\/media\/2749"}],"wp:attachment":[{"href":"https:\/\/haisicstorage.com\/tr\/wp-json\/wp\/v2\/media?parent=2746"}],"wp:term":[{"taxonomy":"product_brand","embeddable":true,"href":"https:\/\/haisicstorage.com\/tr\/wp-json\/wp\/v2\/product_brand?post=2746"},{"taxonomy":"product_cat","embeddable":true,"href":"https:\/\/haisicstorage.com\/tr\/wp-json\/wp\/v2\/product_cat?post=2746"},{"taxonomy":"product_tag","embeddable":true,"href":"https:\/\/haisicstorage.com\/tr\/wp-json\/wp\/v2\/product_tag?post=2746"}],"curies":[{"name":"wp","href":"https:\/\/api.w.org\/{rel}","templated":true}]}}