{"id":2687,"date":"2025-12-14T09:38:07","date_gmt":"2025-12-14T09:38:07","guid":{"rendered":"https:\/\/haisicstorage.com\/haisic-200kw-industrial-commercial-energy-storage-battery-430kwh-solar-storage-system\/"},"modified":"2026-02-27T06:47:34","modified_gmt":"2026-02-27T06:47:34","slug":"haisic-200kw-industrial-commercial-energy-storage-battery-430kwh-solar-storage-system","status":"publish","type":"product","link":"https:\/\/haisicstorage.com\/tr\/haisic-200kw-industrial-commercial-energy-storage-battery-430kwh-solar-storage-system\/","title":{"rendered":"Haisic 200kW 430kWh End\u00fcstriyel Ticari LiFePO4 Enerji Depolama Sistemi"},"content":{"rendered":"<h2>\u00dcr\u00fcn Genel Bak\u0131\u015f<\/h2>\n<p>Haisic 200kW End\u00fcstriyel ve Ticari Enerji Depolama Bataryas\u0131, ticari ve end\u00fcstriyel g\u00fcne\u015f enerjisi depolamas\u0131 i\u00e7in tasarlanm\u0131\u015f sa\u011flam, y\u00fcksek performansl\u0131 LiFePO4 (Lityum Demir Fosfat) \u00e7\u00f6z\u00fcm\u00fcd\u00fcr. Kapasiteyi 430kWh\u2019a kadar \u00f6l\u00e7eklenebilir \u015fekilde sunacak \u015fekilde tasarlanm\u0131\u015f olup bu sistem PV kurulumlar\u0131yla sorunsuz entegrasyon sa\u011flayarak enerji kullan\u0131m\u0131n\u0131 optimize eder. G\u00fcvenlik ve g\u00fcvenilirli\u011fe \u00f6ncelik veren geli\u015fmi\u015f pil y\u00f6netimi ve so\u011futma teknolojileriyle donat\u0131lm\u0131\u015ft\u0131r ve etkili, uzun \u00f6m\u00fcrl\u00fc enerji depolama arayan i\u015fletmeler i\u00e7in ideal bir se\u00e7imdir. \u015eebekeye ba\u011fl\u0131, ba\u011f\u0131ms\u0131z veya hibrit g\u00fcne\u015f kurulumlar\u0131nda dahi Haisic sistemi \u00e7e\u015fitli uygulamalar i\u00e7in esnek ve g\u00fcvenilir enerji y\u00f6netimini destekler.<\/p>\n<h2>Haisic 200kW End\u00fcstriyel ve Ticari Enerji Depolama Bataryas\u0131n\u0131n Temel Avantajlar\u0131<\/h2>\n<p>Haisic 200kW 430kWh g\u00fcne\u015f depolama sistemi, enerji kullan\u0131m\u0131n\u0131 ve g\u00fcvenilirli\u011fi optimize etmek isteyen ticari ve end\u00fcstriyel kullan\u0131c\u0131lar i\u00e7in net avantajlar sunar:<\/p>\n<ul>\n<li><strong>Maliyet Tasarrufu<\/strong>\n<ul>\n<li>Tepe maliyetlerini d\u00fc\u015f\u00fcren tepe y\u00fck\u00fc tasarrufu<\/li>\n<li>Zaman\u0131na g\u00f6re optimizasyon, d\u00fc\u015f\u00fck maliyetli d\u00f6nemlerde \u015farj edilmesini ve elektrik pahal\u0131 oldu\u011funda de\u015farj edilmesini sa\u011flar<\/li>\n<\/ul>\n<\/li>\n<li><strong>Enerji Ba\u011f\u0131ms\u0131zl\u0131\u011f\u0131<\/strong>\n<ul>\n<li>Hibrit, \u015febekeye ba\u011fl\u0131 ve \u015febekeden ba\u011f\u0131ms\u0131z kurulumlar\u0131 destekler; tesisinizin ihtiya\u00e7lar\u0131na uygun<\/li>\n<li>\u015eebekeye olan ba\u011f\u0131ml\u0131l\u0131\u011f\u0131 azalt\u0131r, g\u00fcne\u015f enerjisinin kendi t\u00fcketimini art\u0131r\u0131r<\/li>\n<\/ul>\n<\/li>\n<li><strong>G\u00fcvenilir Yedek G\u00fc\u00e7<\/strong>\n<ul>\n<li>Kesinti s\u0131ras\u0131nda istikrarl\u0131 g\u00fc\u00e7 sa\u011flar<\/li>\n<li>Kritik y\u00fckleri kesintisiz destekler<\/li>\n<\/ul>\n<\/li>\n<li><strong>Dayan\u0131kl\u0131l\u0131k ve D\u00fc\u015f\u00fck Bak\u0131m<\/strong>\n<ul>\n<li>Sa\u011flam LiFePO4 pil kimyas\u0131 sayesinde uzun hizmet \u00f6mr\u00fc<\/li>\n<li>\u0130\u015fletme maliyetlerini d\u00fc\u015f\u00fcren minimum bak\u0131m gereksinimleri<\/li>\n<\/ul>\n<\/li>\n<\/ul>\n<table>\n<thead>\n<tr>\n<th>Fayda<\/th>\n<th>A\u00e7\u0131klama<\/th>\n<\/tr>\n<\/thead>\n<tbody>\n<tr>\n<td>Tepe \u015eiddeti Tasarrufu<\/td>\n<td>Ticari veya end\u00fcstriyel ortamlarda tepe talep maliyetlerini azalt\u0131r<\/td>\n<\/tr>\n<tr>\n<td>Zaman\u0131nda Kullan\u0131m Optimizasyonu<\/td>\n<td>Elektrik daha ucuzken \u015farj edin, pahal\u0131 oldu\u011funda de\u015farj edin<\/td>\n<\/tr>\n<tr>\n<td>Hibrit ve \u015eebekeye Ba\u011fl\u0131\/Ba\u011f\u0131ms\u0131z<\/td>\n<td>Enerji ihtiya\u00e7lar\u0131na g\u00f6re esnek konu\u015fland\u0131rma se\u00e7enekleri<\/td>\n<\/tr>\n<tr>\n<td>Yedek G\u00fc\u00e7<\/td>\n<td>Kritik operasyonlar i\u00e7in g\u00fcvenilir enerji yedeklemesi<\/td>\n<\/tr>\n<tr>\n<td>Uzun vadeli Dayan\u0131kl\u0131l\u0131k<\/td>\n<td>D\u00fc\u015f\u00fck bak\u0131m ile s\u00fcrekli performans<\/td>\n<\/tr>\n<\/tbody>\n<\/table>\n<p>Bu hibrit enerji depolama sistemi, \u00e7e\u015fitli ticari sekt\u00f6rlerde de\u011fer sunmak \u00fczere tasarland\u0131; maliyeti d\u00fc\u015f\u00fcrmeye ve enerji g\u00fcvenli\u011fini sorunsuz art\u0131rmaya yard\u0131mc\u0131 olur. Daha k\u00fc\u00e7\u00fck \u00f6l\u00e7ekli bir se\u00e7enek i\u00e7in <a href=\"https:\/\/haisicstorage.com\/tr\/10kw-off-grid-solar-power-system\/\">10kW kesintisiz enerjiyle \u00e7al\u0131\u015fan g\u00fcne\u015f enerjisi sistemi<\/a> bizim sundu\u011fumuz esnek enerji depolama \u00e7\u00f6z\u00fcmlerini.<\/p>\n<h2>Haisic 200kW End\u00fcstriyel ve Ticari Enerji Depolama Bataryas\u0131n\u0131n Ana \u00d6zellikleri<\/h2>\n<p>Haisic HS-ESS200kW430kWh sistemi, ticari ve end\u00fcstriyel g\u00fcne\u015f depolamada g\u00fcvenilir, esnek kullan\u0131m i\u00e7in tasarlanm\u0131\u015f ak\u0131ll\u0131 \u00f6zelliklerle doludur.<\/p>\n<p><strong>Ana \u00d6zellikler:<\/strong><\/p>\n<table>\n<thead>\n<tr>\n<th>\u00d6zellik<\/th>\n<th>Detaylar<\/th>\n<\/tr>\n<\/thead>\n<tbody>\n<tr>\n<td><strong>Geli\u015fmi\u015f S\u0131v\u0131 So\u011futma<\/strong><\/td>\n<td>Bataryan\u0131n maksimum performans ve daha uzun \u00f6m\u00fcr i\u00e7in optimum s\u0131cakl\u0131kta kalmas\u0131n\u0131 sa\u011flar<\/td>\n<\/tr>\n<tr>\n<td><strong>IP54 Koruma<\/strong><\/td>\n<td>Toz ve su s\u0131\u00e7ramalar\u0131na dayan\u0131kl\u0131 olarak d\u0131\u015f mekanda veya i\u00e7 mekanda kurulum i\u00e7in uygundur<\/td>\n<\/tr>\n<tr>\n<td><strong>Ak\u0131ll\u0131 BMS &amp; EMS<\/strong><\/td>\n<td>Batarya Y\u00f6netim Sistemi (BMS) ve Enerji Y\u00f6netim Sistemi (EMS), verimlilik ve g\u00fcvenli\u011fi en \u00fcst d\u00fczeye \u00e7\u0131karmak i\u00e7in ger\u00e7ek zamanl\u0131 izleme ve kontrol sa\u011flar<\/td>\n<\/tr>\n<tr>\n<td><strong>Mod\u00fcler Tasar\u0131m<\/strong><\/td>\n<td>Kolay \u00f6l\u00e7eklenebilirlik ve bak\u0131m i\u00e7in 1 G\u00fc\u00e7 D\u00f6n\u00fc\u015ft\u00fcrme \u00dcnitesi (PCS) ve 2 batarya dolab\u0131 i\u00e7erir<\/td>\n<\/tr>\n<\/tbody>\n<\/table>\n<p>Bu ak\u0131ll\u0131 kurulum, ticari enerji depolaman\u0131z\u0131n etkili y\u00f6netimini destekler; zirve a\u015f\u0131m\u0131, yedekleme veya hibrit g\u00fcne\u015f kullan\u0131m\u0131 olsun, g\u00fcvenilirlik ve g\u00fcvenli\u011fi korumaya yard\u0131mc\u0131 olan s\u0131v\u0131 so\u011futmal\u0131 BESS ve IP54 s\u0131n\u0131f\u0131 ile \u00e7e\u015fitli ortamlarda dayan\u0131kl\u0131d\u0131r.<\/p>\n<p>Batarya depolama y\u00f6netimi ve faydalar\u0131 hakk\u0131nda daha fazla ayr\u0131nt\u0131 i\u00e7in k\u0131lavuzumuza bak\u0131n <a href=\"https:\/\/haisicstorage.com\/tr\/battery-storage-do-i-need\/\">pil depolama sistemleri<\/a>.<\/p>\n<h2>Teknik \u00d6zellikler<\/h2>\n<table>\n<thead>\n<tr>\n<th>\u00d6zellik<\/th>\n<th>Detaylar<\/th>\n<\/tr>\n<\/thead>\n<tbody>\n<tr>\n<td><strong>Batarya T\u00fcr\u00fc<\/strong><\/td>\n<td>LiFePO4 (Lityum Demir Fosfat)<\/td>\n<\/tr>\n<tr>\n<td><strong>Model Numaras\u0131<\/strong><\/td>\n<td>HS-ESS200kW430kWh<\/td>\n<\/tr>\n<tr>\n<td><strong>Sistem G\u00fcc\u00fc<\/strong><\/td>\n<td>200 kW (2 saatlik de\u015farj)<\/td>\n<\/tr>\n<tr>\n<td><strong>Enerji Kapasitesi<\/strong><\/td>\n<td>430 kWh<\/td>\n<\/tr>\n<tr>\n<td><strong>Boyutlar (U x G x Y)<\/strong><\/td>\n<td>1450 mm x 1650 mm x 2340 mm (birim ba\u015f\u0131na)<\/td>\n<\/tr>\n<tr>\n<td><strong>PCS ve Pil Dolaplar\u0131<\/strong><\/td>\n<td>1 PCS \/ 2 pil dolab\u0131<\/td>\n<\/tr>\n<tr>\n<td><strong>So\u011futma Y\u00f6ntemi<\/strong><\/td>\n<td>Geli\u015fmi\u015f s\u0131v\u0131 so\u011futma<\/td>\n<\/tr>\n<tr>\n<td><strong>Koruma S\u0131n\u0131f\u0131<\/strong><\/td>\n<td>IP54 (i\u00e7 mekan ve a\u00e7\u0131k alan kullan\u0131m\u0131 i\u00e7in uygun)<\/td>\n<\/tr>\n<tr>\n<td><strong>\u0130leti\u015fim Protokolleri<\/strong><\/td>\n<td>Ethernet, Modbus TCP\/IP<\/td>\n<\/tr>\n<tr>\n<td><strong>\u015eebeke Ba\u011flant\u0131s\u0131<\/strong><\/td>\n<td>\u015eebeke d\u0131\u015f\u0131, Hibrit, \u015eebekeye ba\u011fl\u0131 uyumlu<\/td>\n<\/tr>\n<tr>\n<td><strong>Garanti<\/strong><\/td>\n<td>10 y\u0131l<\/td>\n<\/tr>\n<\/tbody>\n<\/table>\n<p>Bu 200kW 430kWh pil dolab\u0131, ticari ve end\u00fcstriyel g\u00fcne\u015f enerji sistemlerine kolay entegrasyon i\u00e7in tasarlanm\u0131\u015ft\u0131r. S\u0131v\u0131 so\u011futmal\u0131 BESS'i stabil performans sa\u011flar, IP54 korumas\u0131 ise i\u00e7 mekanda veya a\u00e7\u0131k alanda esnek kurulum imkan\u0131 sunar. Di\u011fer ticari LiFePO4 depolama \u00e7\u00f6z\u00fcmlerine kapsaml\u0131 bir bak\u0131\u015f i\u00e7in ayr\u0131nt\u0131l\u0131 genel g\u00f6r\u00fcn\u00fcm\u00fcm\u00fcze bak\u0131n <a href=\"https:\/\/haisicstorage.com\/tr\/best-battery-storage-for-solar\/\">g\u00fcne\u015f enerjisi i\u00e7in en iyi batarya depolama rehberimiz<\/a>.<\/p>\n<h2>Sistem Uygulamalar\u0131<\/h2>\n<p>Haisic 200kW End\u00fcstriyel ve Ticari Enerji Depolama Pilinin tasar\u0131m\u0131, \u00e7e\u015fitli enerji ihtiya\u00e7lar\u0131n\u0131 g\u00fc\u00e7lendirmek i\u00e7in yap\u0131lm\u0131\u015ft\u0131r:<\/p>\n<ul>\n<li><strong>Ticari g\u00fcne\u015f enerjisi depolama:<\/strong> G\u00fcnd\u00fcz fazla g\u00fcne\u015f enerjisini depolay\u0131n ve tarifelerin daha y\u00fcksek oldu\u011fu veya g\u00fcne\u015fin parlamad\u0131\u011f\u0131 zamanlarda kullan\u0131n, g\u00fcne\u015f yat\u0131r\u0131m\u0131n\u0131z\u0131 en \u00fcst d\u00fczeye \u00e7\u0131kar\u0131n.<\/li>\n<li><strong>End\u00fcstriyel en yo\u011funluk talebinin y\u00f6netimi:<\/strong> Y\u00fcksek talep \u00fccretlerinden ka\u00e7\u0131narak enerji maliyetlerini azalt\u0131n, end\u00fcstrilerin y\u00fck\u00fc verimli bir \u015fekilde y\u00f6netmesine ve y\u00fcksek talep \u00fccretlerinden ka\u00e7\u0131nmas\u0131na yard\u0131mc\u0131 olun.<\/li>\n<li><strong>Hibrit g\u00fcne\u015f kurulumlar\u0131:<\/strong> \u015eebekeye ba\u011fl\u0131, \u015febekeden ba\u011f\u0131ms\u0131z veya hibrit kurulumlarla sorunsuz enerji ak\u0131\u015f\u0131 ve artan dayan\u0131kl\u0131l\u0131k i\u00e7in sorunsuz entegrasyon.<\/li>\n<li><strong>Kritik y\u00fckler i\u00e7in yedek g\u00fc\u00e7:<\/strong> Hastaneler, veri merkezleri, \u00fcretim tesisleri veya s\u00fcrekli g\u00fc\u00e7 gerektiren herhangi bir tesis i\u00e7in g\u00fcvenilir yedek g\u00fc\u00e7 sa\u011flay\u0131n.<\/li>\n<\/ul>\n<p>Bu \u00e7ok y\u00f6nl\u00fc 430kWh g\u00fcne\u015f depolama sistemi, \u00e7e\u015fitli ticari ve end\u00fcstriyel ortamlara m\u00fckemmel \u015fekilde uyum sa\u011flar, i\u015fletmelerin enerji ba\u011f\u0131ms\u0131zl\u0131\u011f\u0131 ve istikrar elde etmesine yard\u0131mc\u0131 olur. Daha k\u00fc\u00e7\u00fck \u00f6l\u00e7ekli veya ev enerji \u00e7\u00f6z\u00fcmleri i\u00e7in geli\u015fmi\u015f <a href=\"https:\/\/haisicstorage.com\/tr\/10kwh-wall-mounted-home-energy-storage\/\">10kWh duvar monteli ev enerjisi depolama<\/a> kolay entegrasyon i\u00e7in tasarlanm\u0131\u015f se\u00e7enekler.<\/p>\n<h2>G\u00fcvenlik ve G\u00fcvenilirlik<\/h2>\n<p>Haisic 200kW End\u00fcstriyel ve Ticari Enerji Depolama Bataryas\u0131 LiFePO4 kimyas\u0131 kullan\u0131r; bu kimya, geleneksel lityum bataryalara k\u0131yasla m\u00fckemmel termal kararl\u0131l\u0131k ve daha uzun \u00f6m\u00fcr ile bilinir. Bu, ticari ve end\u00fcstriyel enerji depolama i\u00e7in daha g\u00fcvenli bir se\u00e7enek yapar, a\u015f\u0131r\u0131 \u0131s\u0131nma veya yang\u0131n risklerini azalt\u0131r.<\/p>\n<p>G\u00f6m\u00fcl\u00fc korumalar aras\u0131nda a\u015f\u0131r\u0131 \u015farj, a\u015f\u0131r\u0131 de\u015farj, k\u0131sa devre ve s\u0131cakl\u0131k g\u00fcvenlik \u00f6nlemleri bulunur; sistemin farkl\u0131 ko\u015fullarda sorunsuz ve g\u00fcvenli \u015fekilde \u00e7al\u0131\u015fmas\u0131n\u0131 sa\u011flar. Ayr\u0131ca uluslararas\u0131 g\u00fcvenlik sertifikalar\u0131n\u0131 kar\u015f\u0131lar ve g\u00fcvenilir i\u015fletimde i\u00e7in i\u00e7 rahatl\u0131\u011f\u0131 sunar.<\/p>\n<p>Bir <strong>10 y\u0131ll\u0131k garanti<\/strong>, bu sistem uzun vadeli kullan\u0131m i\u00e7in tasarlanm\u0131\u015ft\u0131r ve minimum bak\u0131m gerektirir; y\u0131llar boyunca g\u00fcvenilir performans garantisi verir. En geli\u015fmi\u015f batarya \u00e7\u00f6z\u00fcmlerimiz hakk\u0131nda daha fazlas\u0131 i\u00e7in di\u011fer tekliflerimize g\u00f6z at\u0131n <a href=\"https:\/\/haisicstorage.com\/tr\/urun\/\">ticari enerji depolama sistemi yelpazemizdeki<\/a>.<\/p>\n<h2>kurulum ve entegrasyon<\/h2>\n<p>Haisic 200kW End\u00fcstriyel ve Ticari Enerji Depolama Bataryas\u0131, \u00e7e\u015fitli ortamlarda kolay kurulum i\u00e7in kompakt bir ayak iziyle tasarlanm\u0131\u015ft\u0131r. Mod\u00fcler tasar\u0131m\u0131 kurulu\u015f s\u00fcresini k\u0131salt\u0131r ve da\u011f\u0131t\u0131m s\u0131ras\u0131nda kesinti s\u00fcresini minimize eder. Bu sistem ana inverterlerle uyumlu olup mevcut g\u00fcne\u015f PV dizilerine veya yeni projelere sorunsuz entegrasyon sa\u011flar.<\/p>\n<p>Sistemi off-grid, hibrit veya on-grid konfig\u00fcrasyonlarda ba\u011flayabilirsiniz; farkl\u0131 enerji ihtiya\u00e7lar\u0131n\u0131 kar\u015f\u0131lamak i\u00e7in esneklik sa\u011flar. IP54 korumas\u0131 ve s\u0131v\u0131 so\u011futma ile, i\u00e7erde veya d\u0131\u015farda kurulu olsa bile g\u00fcvenilir performans g\u00f6sterir. Sorunsuz ileti\u015fim i\u00e7in Ethernet ve Modbus TCP\/IP protokollerini destekler; izleme ve kontrol\u00fc basitle\u015ftirir.<\/p>\n<p>Daha mod\u00fcler LiFePO4 \u00e7\u00f6z\u00fcmleri i\u00e7in <a href=\"https:\/\/haisicstorage.com\/tr\/wall-mounted-51-2v-100ah-5kwh\/\">duvar montajl\u0131 51.2V 100Ah 5kWh batarya<\/a> k\u00fc\u00e7\u00fck \u00f6l\u00e7ekli ticari depolama ihtiya\u00e7lar\u0131 i\u00e7in idealdir.<\/p>\n<h2>Neden Haisic'i Se\u00e7melisiniz<\/h2>\n<p>Haisic, end\u00fcstriyel ve ticari enerji depolama \u00e7\u00f6z\u00fcmlerinde g\u00fcvenilir, y\u00fcksek performansl\u0131 sistemler sunan g\u00fcvenilir bir lider olarak \u00f6ne \u00e7\u0131k\u0131yor. \u0130\u015fte neden do\u011fru tercih oldu\u011fumuz:<\/p>\n<table>\n<thead>\n<tr>\n<th><strong>Haisic\u2019i Se\u00e7mek \u0130\u00e7in Nedenler<\/strong><\/th>\n<th><strong>Detaylar<\/strong><\/th>\n<\/tr>\n<\/thead>\n<tbody>\n<tr>\n<td><strong>End\u00fcstri Uzmanl\u0131\u011f\u0131<\/strong><\/td>\n<td>B\u00fcy\u00fck \u00f6l\u00e7ekli enerji depolama geli\u015ftirme konusunda kan\u0131tlanm\u0131\u015f ba\u015far\u0131yla y\u0131llar\u0131n deneyimi<\/td>\n<\/tr>\n<tr>\n<td><strong>Kalite &amp; \u0130novasyon<\/strong><\/td>\n<td>S\u0131k\u0131 kalite kontrolleri ve en ileri LiFePO4 teknolojisi g\u00fcvenli, verimli ve dayan\u0131kl\u0131 bataryalar sa\u011flar<\/td>\n<\/tr>\n<tr>\n<td><strong>\u00d6zel \u00c7\u00f6z\u00fcmler<\/strong><\/td>\n<td>Benzersiz proje gereksinimlerine uyacak esnek tasar\u0131mlar ve g\u00fcne\u015f ve hibrit sistemlerle sorunsuz entegrasyon<\/td>\n<\/tr>\n<tr>\n<td><strong>Global Destek ve Garanti<\/strong><\/td>\n<td>D\u00fcnya \u00e7ap\u0131nda 10 y\u0131ll\u0131k garanti deste\u011fi ve h\u0131zl\u0131 hizmet<\/td>\n<\/tr>\n<tr>\n<td><strong>\u00d6l\u00e7eklenebilir ve Mod\u00fcler Tasar\u0131m<\/strong><\/td>\n<td>B\u00fcy\u00fcmeye veya de\u011fi\u015fen enerji ihtiya\u00e7lar\u0131na uygun kapasiteyi kolayca geni\u015fletin<\/td>\n<\/tr>\n<\/tbody>\n<\/table>\n<p>Haisic\u2019i se\u00e7mek, g\u00fcne\u015f yat\u0131r\u0131m\u0131n\u0131z\u0131 optimize eden ve enerji sisteminizi gelece\u011fe uygun k\u0131lan g\u00fcvenilir ticari LiFePO4 depolama \u00e7\u00f6z\u00fcmleri sunmaya kendini adayan birilmi\u015fimliklerle i\u015f ortakl\u0131\u011f\u0131 yapmakt\u0131r.<\/p>\n<p>Kalite ve esneklikle \u00e7e\u015fitli enerji taleplerini kar\u015f\u0131layan di\u011fer enerji depolama se\u00e7eneklerimizi ke\u015ffedin, \u00f6rne\u011fin <a href=\"https:\/\/haisicstorage.com\/tr\/25-6v-200ah-lithium-battery-home-energy-storage\/\">ev enerji depolama i\u00e7in 25.6V 200Ah lityum batarya<\/a>, kalite ve esneklikle nas\u0131l kar\u015f\u0131la\u015ft\u0131\u011f\u0131m\u0131z\u0131 g\u00f6rmek i\u00e7in.<\/p>\n<h2>\u0130ndirmeler ve Kaynaklar<\/h2>\n<p>Haisic 200kW End\u00fcstriyel ve Ticari Enerji Depolama Bataryas\u0131 | 430kWh G\u00fcne\u015f Depolama Sistemine ihtiyac\u0131n\u0131z olan t\u00fcm temel belgeleri hemen burada bulun. Sistem yeteneklerini anlaman\u0131za ve kurulumun sorunsuz ve zahmetsiz olmas\u0131na yard\u0131mc\u0131 olacak ayr\u0131nt\u0131l\u0131 veri sayfalar\u0131, bro\u015f\u00fcrler ve kurulum k\u0131lavuzlar\u0131na eri\u015fin. Bu kaynaklar <strong>LiFePO4 ticari batarya<\/strong> sistemi, teknik \u00f6zelliklerden kullan\u0131c\u0131 talimatlar\u0131na kadar her konuyu kapsayacak \u015fekilde g\u00fcvenilir bilgiyi parmaklar\u0131n\u0131z\u0131n ucunda bulundurur.<\/p>\n<p>\u0130ster bir <strong>ticar\u00ee enerji depolama sistemi<\/strong> yerine y\u00f6netiyor olun veya <strong>end\u00fcstriyel g\u00fcne\u015f enerjisi sistemi<\/strong>, bu materyaller ba\u015flang\u0131\u00e7tan sona kadar projenize destek olmak i\u00e7in net, pratik i\u00e7g\u00f6r\u00fcler sunar.<\/p>\n<p>Daha geni\u015f bir bak\u0131\u015f i\u00e7in tekliflerimizde ayr\u0131ca faydal\u0131 bulabilece\u011finiz <a href=\"https:\/\/haisicstorage.com\/tr\/215kwh-100kw-commercial-industrial-container-ess\/\">215kWh 100kW ticari end\u00fcstriyel ESS<\/a> kayna\u011f\u0131, farkl\u0131 sistem boyutlar\u0131 ve konfig\u00fcrasyonlar\u0131n\u0131 kar\u015f\u0131la\u015ft\u0131rman\u0131za yard\u0131mc\u0131 olur.<\/p>\n<h2>SSS: Performans, \u00d6l\u00e7eklenebilirlik, YG getirisi ve Bak\u0131m ile \u0130lgili S\u0131k Sorulan Sorular<\/h2>\n<h3>S: Haisic 200kW End\u00fcstriyel ve Ticari Enerji Depolama Bataryas\u0131 ger\u00e7ek ko\u015fullarda nas\u0131l performans g\u00f6sterir?<\/h3>\n<p>A: 200kW BESS, LiFePO4 kimyas\u0131 ve geli\u015fmi\u015f s\u0131v\u0131 so\u011futma sayesinde y\u00fcksek verimlilik ile tutarl\u0131, g\u00fcvenilir g\u00fc\u00e7 sa\u011flar. \u015eebeye ba\u011fl\u0131 ve ba\u011f\u0131ms\u0131z \u00e7al\u0131\u015fmada istikrarl\u0131 operasyon s\u00fcrd\u00fcr\u00fcr, ticari g\u00fcne\u015f enerjisi depolama ihtiya\u00e7lar\u0131 i\u00e7in idealdir.<\/p>\n<h3>Q: Enerji depolama ihtiya\u00e7lar\u0131m artt\u0131\u011f\u0131nda sistemi \u00f6l\u00e7eklendirebilir miyim?<\/h3>\n<p>A: Kesinlikle. Mod\u00fcler tasar\u0131m, batarya dolaplar\u0131 ekleyerek kolay geni\u015fletme sa\u011flar; b\u00f6ylece i\u015finizin talepleri de\u011fi\u015ftik\u00e7e kapasite 430kWh'in \u00f6tesine \u00e7\u0131kar\u0131labilir.<\/p>\n<h3>Ne kadar yat\u0131r\u0131m getirisi (ROI) bekleyebilirim?<\/h3>\n<p>A: Bu hibrit enerji depolama sistemi, pik k\u0131rpma ve kullan\u0131m s\u00fcresi \u00fccretlerini optimize ederek enerji maliyetlerini d\u00fc\u015f\u00fcrmeye yard\u0131mc\u0131 olur. \u00c7o\u011fu m\u00fc\u015fteri, enerji tasarruflar\u0131 ve operasyonel dayan\u0131kl\u0131l\u0131ktaki art\u0131\u015fla birka\u00e7 y\u0131l i\u00e7inde \u00f6nemli bir yat\u0131r\u0131m getirisi (ROI) g\u00f6r\u00fcr.<\/p>\n<h3>Q: Bu ticari LiFePO4 depolama \u00e7\u00f6z\u00fcm\u00fcn\u00fcn bak\u0131m\u0131n\u0131n ne kadar karma\u015f\u0131k oldu\u011funu nas\u0131l s\u00f6yleyebilirim?<\/h3>\n<p>A: Bak\u0131m minimum d\u00fczeydedir. Ak\u0131ll\u0131 BMS ve EMS sistemi ger\u00e7ek zamanl\u0131 olarak izler, sorunlar\u0131 \u00f6nler; s\u0131v\u0131 so\u011futma ve IP54 korumas\u0131 a\u015f\u0131nmay\u0131 azalt\u0131r. 10 y\u0131ll\u0131k garanti de i\u00e7 huzuru sa\u011flar.<\/p>\n<h3>Q: Sistem mevcut g\u00fcne\u015f enerjisi veya g\u00fc\u00e7 kurulumumla uyumlu mu?<\/h3>\n<p>A: Evet, Haisic ESS HS-ESS200kW430kWh \u00e7o\u011fu ana invert\u00f6r ile sorunsuz entegre olur ve hibrit, ba\u011f\u0131ms\u0131z g\u00fc\u00e7 ve \u015febeke i\u00e7i konfig\u00fcrasyonlar\u0131 destekler; esnek kurulum se\u00e7enekleri sa\u011flar.<\/p>\n<p>Sistem yetenekleri hakk\u0131nda daha fazla bilgi i\u00e7in bak\u0131n\u0131z <a href=\"https:\/\/haisicstorage.com\/tr\/solutions\/\">ticari g\u00fcne\u015f enerjisi depolama \u00e7\u00f6z\u00fcmleri<\/a> projeleriniz i\u00e7in en uygun \u00e7\u00f6z\u00fcm\u00fc bulmak ad\u0131na.<\/p>\n<h2>\u0130leti\u015fim \/ Teklif Al<\/h2>\n<p>Haisic 200kW End\u00fcstriyel ve Ticari Enerji Depolama Bataryas\u0131 | 430kWh G\u00fcne\u015f Depolama Sistemi ile ticari veya end\u00fcstriyel enerji kurulumunuzu geli\u015ftirmeye haz\u0131r m\u0131s\u0131n\u0131z? Ki\u015fiye \u00f6zel dan\u0131\u015fmanl\u0131k, ayr\u0131nt\u0131l\u0131 teklifler veya kurulum ve entegrasyonla ilgili sorular\u0131n\u0131z i\u00e7in ekibimizle ileti\u015fime ge\u00e7in.<\/p>\n<p>Enerji ihtiya\u00e7lar\u0131n\u0131z ve b\u00fct\u00e7enize uygun do\u011fru konfig\u00fcrasyonu se\u00e7menizde size yol g\u00f6stermemiz i\u00e7in buraday\u0131z. Sorgu formunu doldurmak veya h\u0131zl\u0131 yard\u0131m i\u00e7in do\u011frudan ileti\u015fim ayr\u0131nt\u0131lar\u0131n\u0131 bulmak \u00fczere <a href=\"https:\/\/haisicstorage.com\/tr\/contact\/\">Do\u011frudan sorgular ve destek i\u00e7in, ileti\u015fim sayfam\u0131z\u0131 ziyaret edin<\/a> sayfazam\u0131z\u0131 ziyaret edin.<\/p>\n<p>G\u00fcne\u015f yat\u0131r\u0131mlar\u0131n\u0131z\u0131 g\u00fcvenilir, \u00f6l\u00e7eklenebilir LiFePO4 ticari batarya \u00e7\u00f6z\u00fcm\u00fc ile maksimize etmenize yard\u0131mc\u0131 olal\u0131m; i\u015fletmenize \u00f6zel.<\/p>","protected":false},"excerpt":{"rendered":"<p>Haisic 200kW 430kWh LiFePO4 ticari enerji depolama bataryas\u0131, sanayi g\u00fcne\u015f enerjisi sistemleri i\u00e7in tepe olu\u015fturmay\u0131 ve hibrit \u015febeke\/\u015febekeden ba\u011f\u0131ms\u0131z destek sunar<\/p>","protected":false},"featured_media":3476,"template":"","meta":{"site-sidebar-layout":"default","site-content-layout":"","ast-site-content-layout":"default","site-content-style":"default","site-sidebar-style":"default","ast-global-header-display":"","ast-banner-title-visibility":"","ast-main-header-display":"","ast-hfb-above-header-display":"","ast-hfb-below-header-display":"","ast-hfb-mobile-header-display":"","site-post-title":"","ast-breadcrumbs-content":"","ast-featured-img":"","footer-sml-layout":"","ast-disable-related-posts":"","theme-transparent-header-meta":"default","adv-header-id-meta":"","stick-header-meta":"default","header-above-stick-meta":"","header-main-stick-meta":"","header-below-stick-meta":"","astra-migrate-meta-layouts":"set","ast-page-background-enabled":"default","ast-page-background-meta":{"desktop":{"background-color":"var(--ast-global-color-4)","background-image":"","background-repeat":"repeat","background-position":"center center","background-size":"auto","background-attachment":"scroll","background-type":"","background-media":"","overlay-type":"","overlay-color":"","overlay-opacity":"","overlay-gradient":""},"tablet":{"background-color":"","background-image":"","background-repeat":"repeat","background-position":"center center","background-size":"auto","background-attachment":"scroll","background-type":"","background-media":"","overlay-type":"","overlay-color":"","overlay-opacity":"","overlay-gradient":""},"mobile":{"background-color":"","background-image":"","background-repeat":"repeat","background-position":"center center","background-size":"auto","background-attachment":"scroll","background-type":"","background-media":"","overlay-type":"","overlay-color":"","overlay-opacity":"","overlay-gradient":""}},"ast-content-background-meta":{"desktop":{"background-color":"var(--ast-global-color-5)","background-image":"","background-repeat":"repeat","background-position":"center center","background-size":"auto","background-attachment":"scroll","background-type":"","background-media":"","overlay-type":"","overlay-color":"","overlay-opacity":"","overlay-gradient":""},"tablet":{"background-color":"var(--ast-global-color-5)","background-image":"","background-repeat":"repeat","background-position":"center center","background-size":"auto","background-attachment":"scroll","background-type":"","background-media":"","overlay-type":"","overlay-color":"","overlay-opacity":"","overlay-gradient":""},"mobile":{"background-color":"var(--ast-global-color-5)","background-image":"","background-repeat":"repeat","background-position":"center center","background-size":"auto","background-attachment":"scroll","background-type":"","background-media":"","overlay-type":"","overlay-color":"","overlay-opacity":"","overlay-gradient":""}}},"product_brand":[],"product_cat":[44],"product_tag":[],"class_list":{"0":"post-2687","1":"product","2":"type-product","3":"status-publish","4":"has-post-thumbnail","6":"product_cat-commercial-industrial-ess","7":"desktop-align-left","8":"tablet-align-left","9":"mobile-align-left","10":"ast-product-gallery-layout-horizontal-slider","11":"ast-product-tabs-layout-horizontal","13":"first","14":"instock","15":"shipping-taxable","16":"purchasable","17":"product-type-simple"},"_links":{"self":[{"href":"https:\/\/haisicstorage.com\/tr\/wp-json\/wp\/v2\/product\/2687","targetHints":{"allow":["GET"]}}],"collection":[{"href":"https:\/\/haisicstorage.com\/tr\/wp-json\/wp\/v2\/product"}],"about":[{"href":"https:\/\/haisicstorage.com\/tr\/wp-json\/wp\/v2\/types\/product"}],"version-history":[{"count":1,"href":"https:\/\/haisicstorage.com\/tr\/wp-json\/wp\/v2\/product\/2687\/revisions"}],"predecessor-version":[{"id":2691,"href":"https:\/\/haisicstorage.com\/tr\/wp-json\/wp\/v2\/product\/2687\/revisions\/2691"}],"wp:featuredmedia":[{"embeddable":true,"href":"https:\/\/haisicstorage.com\/tr\/wp-json\/wp\/v2\/media\/3476"}],"wp:attachment":[{"href":"https:\/\/haisicstorage.com\/tr\/wp-json\/wp\/v2\/media?parent=2687"}],"wp:term":[{"taxonomy":"product_brand","embeddable":true,"href":"https:\/\/haisicstorage.com\/tr\/wp-json\/wp\/v2\/product_brand?post=2687"},{"taxonomy":"product_cat","embeddable":true,"href":"https:\/\/haisicstorage.com\/tr\/wp-json\/wp\/v2\/product_cat?post=2687"},{"taxonomy":"product_tag","embeddable":true,"href":"https:\/\/haisicstorage.com\/tr\/wp-json\/wp\/v2\/product_tag?post=2687"}],"curies":[{"name":"wp","href":"https:\/\/api.w.org\/{rel}","templated":true}]}}