{"id":2673,"date":"2025-12-14T09:27:49","date_gmt":"2025-12-14T09:27:49","guid":{"rendered":"https:\/\/haisicstorage.com\/haisic-high-voltage-ess-commercial-energy-storage-system-215kwh-lifepo4-battery-100kw\/"},"modified":"2026-02-27T06:48:10","modified_gmt":"2026-02-27T06:48:10","slug":"haisic-high-voltage-ess-commercial-energy-storage-system-215kwh-lifepo4-battery-100kw","status":"publish","type":"product","link":"https:\/\/haisicstorage.com\/tr\/haisic-high-voltage-ess-commercial-energy-storage-system-215kwh-lifepo4-battery-100kw\/","title":{"rendered":"Haisic 215kWh LiFePO4 Y\u00fcksek Gerilimli ESS 100kW Ticar\u00ee Depolama Sistemi"},"content":{"rendered":"<h2>\u00dcr\u00fcn Genel Bak\u0131\u015f<\/h2>\n<p>Haisic Y\u00fcksek Gerilim ESS Ticari Enerji Depolama Sistemi, ticari ve end\u00fcstriyel kullan\u0131mlar i\u00e7in tasarlanm\u0131\u015f g\u00fcvenilir, t\u00fcm\u00fcyle konteyn\u0131rla\u015ft\u0131r\u0131lm\u0131\u015f bir \u00e7\u00f6z\u00fcmd\u00fcr. Bu anahtar teslim 100kW hibrit ESS, i\u015flerin enerji y\u00f6netimini zahmetsizce optimize etmek isteyen i\u015fletmeler i\u00e7in ideal olan 215kWh LiFePO4 pilini g\u00fcvenilir bir \u015fekilde sunar.<\/p>\n<p>Ana yararlar \u015funlar\u0131 i\u00e7erir:<\/p>\n<ul>\n<li><strong>Enerji maliyetlerinde azalma<\/strong> etkili zirve k\u0131rma ve talep \u00fccreti y\u00f6netimi ile<\/li>\n<li><strong>S\u0131zd\u0131rmaz entegrasyon<\/strong> kendi kendine t\u00fcketimi maksimize etmek i\u00e7in mevcut g\u00fcne\u015f PV sistemlerle<\/li>\n<li><strong>G\u00fcvenilir acil durum yedek g\u00fc\u00e7<\/strong> kesinti s\u0131ras\u0131nda operasyonlar\u0131n\u0131z\u0131n sorunsuz \u00e7al\u0131\u015fmas\u0131n\u0131 sa\u011flamak i\u00e7in<\/li>\n<li><strong>Uzun vadeli dayan\u0131kl\u0131l\u0131k<\/strong> Geli\u015fmi\u015f LiFePO4 teknolojisi ve ak\u0131ll\u0131 sistem tasar\u0131m\u0131yla desteklenen<\/li>\n<\/ul>\n<p>\u0130ster bir fabrika, depo, al\u0131\u015fveri\u015f merkezi veya yenilenebilir enerji projesi y\u00f6netin, bu konteynerle\u015ftirilmi\u015f enerji depolama sistemi enerjide ba\u011f\u0131ms\u0131zl\u0131\u011f\u0131n\u0131z\u0131 ve tasarruflar\u0131n\u0131z\u0131 art\u0131rmak i\u00e7in kompakt, g\u00fcvenli ve verimli bir yol sunar.<\/p>\n<h2>Haisic Y\u00fcksek Gerilim ESS\u2019nin Temel \u00d6zellikleri<\/h2>\n<p>Haisic Y\u00fcksek Gerilimli ESS, g\u00fcvenilir ve verimli enerji depolama sa\u011flamak i\u00e7in geli\u015fmi\u015f bile\u015fenler ve ak\u0131ll\u0131 tasar\u0131mla ticari kullan\u0131m i\u00e7in \u00fcretilmi\u015ftir. \u0130\u015fte onu \u00f6ne \u00e7\u0131karan \u00f6zellikler:<\/p>\n<ul>\n<li>\n<h3>LiFePO4 Pil Teknolojisi<\/h3>\n<p>G\u00fc\u00e7l\u00fc \u00f6m\u00fcr ve istikrarl\u0131 performans i\u00e7in uzun \u00f6m\u00fcrl\u00fc ve stabil performans g\u00f6steren g\u00fcvenli, yang\u0131na dayan\u0131kl\u0131 Lityum Demir Fosfat (LiFePO4) h\u00fccreler kullan\u0131l\u0131r. Bu, daha az bak\u0131m ve endi\u015fe anlam\u0131na gelir.<\/li>\n<li>\n<h3>Y\u00fcksek Gerilim Tasar\u0131m\u0131<\/h3>\n<p>358.4V ile 448V aras\u0131nda \u00e7al\u0131\u015f\u0131r, etkili g\u00fc\u00e7 d\u00f6n\u00fc\u015f\u00fcm\u00fc ve tepe s\u0131n\u0131rlama ile enerji y\u00f6netimi i\u00e7in h\u0131zl\u0131 yan\u0131t sa\u011flar.<\/li>\n<li>\n<h3>S\u0131v\u0131 So\u011futma Sistemi<\/h3>\n<p>Giri\u015fim s\u0131cakl\u0131klar\u0131n\u0131 y\u00fcksek s\u0131cakl\u0131klar veya zorlu ortamlarda bile sabit tutar, optimum performans ve daha uzun pil \u00f6mr\u00fc sa\u011flar.<\/li>\n<li>\n<h3>Kolay Geni\u015fletme i\u00e7in Mod\u00fcler Yap\u0131<\/h3>\n<p>Birden \u00e7ok \u00fcnite paralel olarak \u00e7al\u0131\u015fabilir, enerji ihtiyac\u0131n\u0131z artt\u0131k\u00e7a kapasiteyi \u00f6l\u00e7eklendirmek kolayd\u0131r.<\/li>\n<li>\n<h3>Ethernet &amp; Modbus TCP\/IP \u00fczerinden Ak\u0131ll\u0131 \u0130zleme<\/h3>\n<p>Ger\u00e7ek zamanl\u0131 veriye eri\u015fim ve kontrol standart halinde gelir, b\u00f6ylece sistemi uzaktan izleyebilir ve daha h\u0131zl\u0131 tepki verebilirsiniz.<\/li>\n<li>\n<h3>IP54-Sertifikal\u0131 D\u0131\u015f Ortam Kabini<\/h3>\n<p>Toz ve su p\u00fcsk\u00fcrmesine kar\u015f\u0131 dayanacak \u015fekilde tasarlanm\u0131\u015ft\u0131r, bu kabin d\u0131\u015f mek\u00e2n ticari veya end\u00fcstriyel sahalarda esnek kurulum deste\u011fini sa\u011flar.<\/li>\n<\/ul>\n<table>\n<thead>\n<tr>\n<th>\u00d6zellik<\/th>\n<th>Detaylar<\/th>\n<\/tr>\n<\/thead>\n<tbody>\n<tr>\n<td>Batarya T\u00fcr\u00fc<\/td>\n<td>LiFePO4 (Lityum Demir Fosfat)<\/td>\n<\/tr>\n<tr>\n<td>Gerilim Aral\u0131\u011f\u0131<\/td>\n<td>358,4V \u2013 448V<\/td>\n<\/tr>\n<tr>\n<td>So\u011futma<\/td>\n<td>2570 kg<\/td>\n<\/tr>\n<tr>\n<td>Geni\u015fletme<\/td>\n<td>Mod\u00fcler, Paralel \u00c7al\u0131\u015fabilir<\/td>\n<\/tr>\n<tr>\n<td>\u0130leti\u015fim<\/td>\n<td>Ethernet, Modbus TCP\/IP<\/td>\n<\/tr>\n<tr>\n<td>Kabin S\u0131n\u0131fland\u0131rmas\u0131<\/td>\n<td>IP54 (toz ve s\u0131\u00e7rama dayan\u0131kl\u0131)<\/td>\n<\/tr>\n<\/tbody>\n<\/table>\n<p>Bu sistemi g\u00fc\u00e7lendiren LiFePO4 h\u00fccrelerine daha yak\u0131ndan bakmak i\u00e7in, ayr\u0131nt\u0131l\u0131 teknik \u00f6zelliklerimize bak\u0131n <a href=\"https:\/\/haisicstorage.com\/tr\/51-2v-400ah-20480wh-lifepo4-battery\/\">215Ah LiFePO4 pil<\/a> sayfa. Bu temel teknoloji neden Haisic ESS'nin hem y\u00fcksek performans hem de zihin sakinli\u011fi sundu\u011funu a\u00e7\u0131klar.<\/p>\n<h2>Haisic Y\u00fcksek Voltajl\u0131 ESS Teknik \u00d6zellikleri<\/h2>\n<table>\n<thead>\n<tr>\n<th>\u00d6zellik<\/th>\n<th>Detaylar<\/th>\n<\/tr>\n<\/thead>\n<tbody>\n<tr>\n<td><strong>Batarya T\u00fcr\u00fc<\/strong><\/td>\n<td>LiFePO4 (Lityum Demir Fosfat)<\/td>\n<\/tr>\n<tr>\n<td><strong>Model<\/strong><\/td>\n<td>HS-EE100kW215kWh<\/td>\n<\/tr>\n<tr>\n<td><strong>Nominal Enerji<\/strong><\/td>\n<td>Kullan\u0131labilir 114.688kWh (~215kWh nominal)<\/td>\n<\/tr>\n<tr>\n<td><strong>De\u015farj G\u00fcc\u00fc<\/strong><\/td>\n<td>100kW<\/td>\n<\/tr>\n<tr>\n<td><strong>\u015earj Maks. G\u00fcc\u00fc<\/strong><\/td>\n<td>120kW<\/td>\n<\/tr>\n<tr>\n<td><strong>Sistem Gerilim Aral\u0131\u011f\u0131<\/strong><\/td>\n<td>358,4V \u2013 448V<\/td>\n<\/tr>\n<tr>\n<td><strong>Beklenen \u015eebeke Voltaj\u0131<\/strong><\/td>\n<td>AC 320V \u2013 460V<\/td>\n<\/tr>\n<tr>\n<td><strong>50 kW<\/strong><\/td>\n<td>2200mm \u00d7 1100mm \u00d7 2340mm<\/td>\n<\/tr>\n<tr>\n<td><strong>A\u011f\u0131rl\u0131k<\/strong><\/td>\n<td>3100kg<\/td>\n<\/tr>\n<tr>\n<td><strong>So\u011futma<\/strong><\/td>\n<td>2570 kg<\/td>\n<\/tr>\n<tr>\n<td><strong>IP S\u0131n\u0131fland\u0131rmas\u0131<\/strong><\/td>\n<td>IP54 (D\u0131\u015f mekan s\u0131n\u0131fland\u0131rmas\u0131)<\/td>\n<\/tr>\n<tr>\n<td><strong>Ethernet (Modbus TCP\/IP)<\/strong><\/td>\n<td>S\u0131v\u0131 So\u011futma<\/td>\n<\/tr>\n<tr>\n<td><strong>\u00c7al\u0131\u015fma S\u0131cakl\u0131\u011f\u0131<\/strong><\/td>\n<td>Sistem Verimlili\u011fi<\/td>\n<\/tr>\n<tr>\n<td><strong>\u226585%<\/strong><\/td>\n<td>0 \u2013 95% (yo\u011funla\u015fmayan)<\/td>\n<\/tr>\n<tr>\n<td><strong>\u0130leti\u015fim<\/strong><\/td>\n<td>Ethernet, Modbus TCP\/IP<\/td>\n<\/tr>\n<tr>\n<td><strong>\u015eebeke Ba\u011flant\u0131s\u0131<\/strong><\/td>\n<td>Karma (\u015eebeke i\u00e7i ve \u015febeke d\u0131\u015f\u0131 \u00e7al\u0131\u015fabilir)<\/td>\n<\/tr>\n<tr>\n<td><strong>Garanti<\/strong><\/td>\n<td>5 Y\u0131l<\/td>\n<\/tr>\n<\/tbody>\n<\/table>\n<p>Bu ticari enerji depolama sistemi, daha g\u00fcvenli ve daha uzun \u00f6m\u00fcrl\u00fc g\u00fc\u00e7 depolama i\u00e7in y\u00fcksek voltajl\u0131 LiFePO4 piller kullan\u0131r. S\u0131v\u0131 so\u011futma ve IP54 zemin dolap tasar\u0131m\u0131, d\u0131\u015f mekanda ve zorlu end\u00fcstriyel ortamlarda g\u00fcvenilir performans sa\u011flar. Karma \u015febeke ba\u011flant\u0131s\u0131, \u00e7e\u015fitli ticari ve end\u00fcstriyel enerji ihtiya\u00e7lar\u0131 i\u00e7in esnek entegrasyonu destekler.<\/p>\n<p>\u0130lgili daha k\u00fc\u00e7\u00fck \u00f6l\u00e7ekli enerji se\u00e7enekleri i\u00e7in ayr\u0131ca bizim <a href=\"https:\/\/haisicstorage.com\/tr\/low-volt-51-2v-9-5kwh-powerwall\/\">51.2V 9.5kWh G\u00fc\u00e7 Duvar\u0131<\/a> hafif ticari veya konut kullan\u0131m\u0131 i\u00e7in tasarlanm\u0131\u015ft\u0131r.<\/p>\n<h2>Haisic Y\u00fcksek Gerilimli ESS Uygulamalar\u0131<\/h2>\n<p>215kWh LiFePO4 pil ve 100kW g\u00fc\u00e7 kapasitesi ile Haisic Y\u00fcksek Gerilimli ESS, \u00e7e\u015fitli ticari ve end\u00fcstriyel kullan\u0131m i\u00e7in idealdir:<\/p>\n<ul>\n<li><strong>Ticari zirve t\u00fcketiminin k\u0131rp\u0131lmas\u0131 ve talep \u00fccreti azaltma:<\/strong> Y\u00fcksek tarife zamanlar\u0131nda zirve t\u00fcketimini azaltarak enerji maliyetlerini dengeler.<\/li>\n<li><strong>End\u00fcstriyel yedek g\u00fc\u00e7 ve y\u00fck kayd\u0131rma:<\/strong> \u0130\u015fletmeler kesinti s\u0131ras\u0131nda \u00fcretim hatlar\u0131n\u0131 \u00e7al\u0131\u015f\u0131r durumda tutar ve y\u00fckleri d\u00fc\u015f\u00fck-yo\u011funluklu zamanlara kayd\u0131r\u0131r.<\/li>\n<li><strong>G\u00fcne\u015f PV hibrit sistemleri:<\/strong> G\u00fcne\u015f panelleriyle sorunsuz entegrasyon sa\u011flayarak kendi kendine t\u00fcketim ve enerji tasarruflar\u0131n\u0131 maksimize eder.<\/li>\n<li><strong>Mikrogri\u0307d deste\u011fi &amp; \u015febeke d\u0131\u015f\u0131 kurulumlar:<\/strong> \u015eebeke eri\u015fiminin s\u0131n\u0131rl\u0131 oldu\u011fu uzak konumlar ve mikrog\u00fc\u00e7ler i\u00e7in g\u00fcvenilir g\u00fc\u00e7 kayna\u011f\u0131.<\/li>\n<\/ul>\n<p>Bu kapl\u0131, s\u0131v\u0131 so\u011futmal\u0131 sistem, fabrikalar, depolar, al\u0131\u015fveri\u015f merkezleri ve yenilenebilir enerji projeleri i\u00e7in m\u00fckemmel bir \u015fekilde uygundur ve g\u00fcvenilir, \u00f6l\u00e7eklenebilir bir ticari enerji depolama \u00e7\u00f6z\u00fcm\u00fc sunar. \u00c7ok y\u00f6nl\u00fc ticari batarya enerjisi depolama arayan i\u015fletmeler i\u00e7in g\u00fcvenilirlik ve esneklik sa\u011flar.<\/p>\n<p>Ticari kullan\u0131m i\u00e7in enerji depolama sistemlerimizin tam yelpazesini ke\u015ffedin; daha k\u00fc\u00e7\u00fck \u00f6l\u00e7ekli se\u00e7enekler gibi <a href=\"https:\/\/haisicstorage.com\/tr\/5kw-power-energy-storage-solar-system-for-home\/\">evler i\u00e7in 5kW g\u00fcne\u015f enerjisi depolama sistemi<\/a> projelerinizin ihtiya\u00e7lar\u0131na g\u00f6re \u00e7\u00f6z\u00fcmleri nas\u0131l \u00f6zelle\u015ftirebilece\u011fimizi anlamak i\u00e7in.<\/p>\n<h2>G\u00fcvenlik ve G\u00fcvenilirlik<\/h2>\n<p>Haisic Y\u00fcksek Gerilimli ESS Ticari Enerji Depolama Sistemi, her seviyede g\u00fcvenli\u011fi \u00f6nceliklendirir. Geli\u015fmi\u015f \u00e7ok katmanl\u0131 korumas\u0131 a\u015f\u0131r\u0131 \u015farj\u0131, a\u015f\u0131r\u0131 de\u015farj\u0131 \u00f6nler ve termal ko\u015fullar\u0131 y\u00f6neterek istikrarl\u0131 \u00e7al\u0131\u015fmay\u0131 sa\u011flar. Sistem, geleneksel lityum bataryalara g\u00f6re termal ka\u00e7ak riskini \u00f6nemli \u00f6l\u00e7\u00fcde azaltan fire-safe LiFePO4 batarya kimyas\u0131n\u0131 kullan\u0131r.<\/p>\n<p>G\u00fc\u00e7l\u00fc bir Pil Y\u00f6netim Sistemi (BMS) ve Enerji Y\u00f6netim Sistemi (EMS), ger\u00e7ek zamanl\u0131 izleme ve kontrol sa\u011flar, g\u00fcnl\u00fck kullan\u0131m s\u0131ras\u0131nda sistemi sa\u011fl\u0131kl\u0131 ve g\u00fcvenilir tutar. Ayr\u0131ca, ticari enerji depolama konu\u015fland\u0131rmalar\u0131 i\u00e7in s\u0131k\u0131 end\u00fcstri standartlar\u0131n\u0131 kar\u015f\u0131lar; end\u00fcstriyel ve ticari kurulumlar i\u00e7in g\u00fcvenilir bir se\u00e7enek yapar.<\/p>\n<h2>Kurulum ve Bak\u0131m<\/h2>\n<p>Haisic Y\u00fcksek Gerilimli ESS, <strong>tak-\u00e7oz tak \u00e7al\u0131\u015f\u0131r konteyner tasar\u0131m\u0131<\/strong>, kurulumlar\u0131 ticari ve end\u00fcstriyel alanlarda h\u0131zl\u0131 ve sorunsuz hale getirir. Mod\u00fcler kurulumu, <strong>rutin bak\u0131m ve batarya de\u011fi\u015fimi i\u00e7in kolay eri\u015fim sa\u011flar<\/strong>, kesinti s\u00fcresini en aza indirir. Ayr\u0131ca <strong>ethernet ve Modbus TCP\/IP \u00fczerinden<\/strong> ger\u00e7ek zamanl\u0131 sistem kontrolleri ve uzaktan ar\u0131za giderme imkan\u0131 sunar.<\/p>\n<p>\u00c7apraz \u00f6l\u00e7eklenebilirlik bir di\u011fer b\u00fcy\u00fck avantaj \u2014 <strong>parlele \u00e7al\u0131\u015fan birden \u00e7ok konteyneri ba\u011flayarak<\/strong> i\u015fletmeniz b\u00fcy\u00fcd\u00fck\u00e7e enerji depolama kapasitenizi geni\u015fletebilirsiniz. Bu esneklik, sistemi b\u00fcy\u00fck revizyonlar olmadan de\u011fi\u015fen enerji ihtiya\u00e7lar\u0131na uyumlu hale getirir.<\/p>\n<p>Enerji depolama kurulumu ve bak\u0131m maliyetlerini daha ayr\u0131nt\u0131l\u0131 inceleyenler i\u00e7in, bu ayr\u0131nt\u0131l\u0131 k\u0131lavuzu inceleyin: <a href=\"https:\/\/haisicstorage.com\/tr\/cost-of-solar-battery-storage\/\">g\u00fcne\u015f enerjisi batarya depolama maliyeti<\/a>.<\/p>\n<h2>Neden Haisic'i Se\u00e7melisiniz<\/h2>\n<p>Haisic, \u00f6zel olarak <strong>enerji depolama \u00fcreticisi<\/strong>. olarak 12 y\u0131ldan fazla deneyimiyle \u00f6ne \u00e7\u0131k\u0131yor. Odak noktam\u0131z kalitedir ve g\u00fcvenilirliktir; \u00fcst performans\u0131 garanti etmek i\u00e7in yaln\u0131zca premium h\u00fccreler ve y\u00fcksek kaliteli bile\u015fenler kullan\u0131yoruz. Standart \u00e7\u00f6z\u00fcmler veya \u00f6zel OEM\/ODM se\u00e7enekleri gereksiniminiz olsun, sistemi ticari veya end\u00fcstriyel ihtiya\u00e7lar\u0131n\u0131za uyacak \u015fekilde \u00f6zelle\u015ftiriyoruz.<\/p>\n<h3>Ana Avantajlar:<\/h3>\n<table>\n<thead>\n<tr>\n<th>\u00d6zellik<\/th>\n<th>Fayda<\/th>\n<\/tr>\n<\/thead>\n<tbody>\n<tr>\n<td>12+ Y\u0131l Deneyim<\/td>\n<td>Enerji depolamada kan\u0131tlanm\u0131\u015f ba\u015far\u0131ya sahip<\/td>\n<\/tr>\n<tr>\n<td>Premium Batarya H\u00fccreleri<\/td>\n<td>Geli\u015ftirilmi\u015f \u00f6m\u00fcr ve g\u00fcvenlik<\/td>\n<\/tr>\n<tr>\n<td>OEM\/ODM \u00d6zelle\u015ftirme<\/td>\n<td>\u0130htiya\u00e7lar\u0131n\u0131za uygun esnek tasar\u0131mlar<\/td>\n<\/tr>\n<tr>\n<td>K\u00fcresel Ticari Projeler<\/td>\n<td>D\u00fcnya \u00e7ap\u0131nda m\u00fc\u015fteriler taraf\u0131ndan g\u00fcvenilen<\/td>\n<\/tr>\n<\/tbody>\n<\/table>\n<p>Haisic\u2019i se\u00e7mek, g\u00fc\u00e7l\u00fc hizmet ve destekle g\u00fcvenilir bir sistem sunuldu\u011fu anlam\u0131na gelir. \u00c7\u00f6z\u00fcmlerimiz fablikalardan g\u00fcne\u015f hibrit sistemlerine kadar \u00e7e\u015fitli ortamlarda ve uygulamalarda performans g\u00f6stermek \u00fczere tasarlanm\u0131\u015ft\u0131r.<\/p>\n<p>\u00c7e\u015fitli \u00e7\u00f6z\u00fcmlerimiz hakk\u0131nda daha fazla bilgi edinin; belirli-k\u00fc\u00e7\u00fck \u00f6l\u00e7ekli se\u00e7enekler gibi <a href=\"https:\/\/haisicstorage.com\/tr\/touchscreen-20480wh-home-energy-storage-battery\/\">20480Wh ev enerji depolama bataryas\u0131<\/a> hidrojen-kar\u0131\u015f\u0131k kurulumlara veya mod\u00fcler geni\u015flemeye ilgi g\u00f6sterenler i\u00e7in.<\/p>\n<h2>SSS: Haisic Y\u00fcksek Gerilimli ESS Hakk\u0131nda S\u0131k Sorulan Sorular<\/h2>\n<h3>Batarya ne kadar dayan\u0131r?<\/h3>\n<p>Bu sistemdeki 215kWh LiFePO4 batarya tipik olarak uzun bir \u00e7evrim \u00f6mr\u00fc sa\u011flar, genellikle 4.000 tam \u015farj-de\u015farj \u00e7evriminin \u00fczerinde olup y\u0131llar boyunca g\u00fcvenilir performans sa\u011flar.<\/p>\n<h3>Mevcut invert\u00f6r\u00fcmle uyumlu mu?<\/h3>\n<p>Evet, sistem Ethernet ve Modbus TCP\/IP gibi standart ileti\u015fim protokollerini destekler, bu da \u00e7o\u011fu ticari ve end\u00fcstriyel inverter ile hibrit ESS kurulumlar\u0131nda uyumlu olmas\u0131n\u0131 sa\u011flar.<\/p>\n<h3>Sistemi daha sonra geni\u015fletebilir miyim?<\/h3>\n<p>Kesinlikle. Mod\u00fcler tasar\u0131m, enerjinize ba\u011fl\u0131 olarak depolama kapasitesini ve g\u00fcc\u00fc b\u00fcy\u00fctmek i\u00e7in birden \u00e7ok \u00fcniti paralel ba\u011flaman\u0131za olanak tan\u0131r.<\/p>\n<h3>Yat\u0131r\u0131m Getirisi (ROI) nedir?<\/h3>\n<p>ROI, enerji kullan\u0131m\u0131, yerel tarifeler ve g\u00fcne\u015f kurulumuna ba\u011fl\u0131d\u0131r; ancak ticari kullan\u0131c\u0131lar genellikle pik tasarrufu, y\u00fck kayd\u0131rma ve enerji maliyetlerinde azalma ile tasarruf g\u00f6r\u00fcr. \u00d6zelle\u015ftirilmi\u015f tavsiyeler i\u00e7in ticari batarya depolama ve g\u00fcne\u015f hibrit \u00e7\u00f6z\u00fcmler \u00fczerine ayr\u0131nt\u0131l\u0131 k\u0131lavuzlar\u0131m\u0131za bak\u0131n.<\/p>\n<p>Batarya depolaman\u0131n g\u00fcne\u015f enerjisiyle nas\u0131l \u00e7al\u0131\u015ft\u0131\u011f\u0131na dair daha derin bilgi edinmek isterseniz, <a href=\"https:\/\/haisicstorage.com\/tr\/best-battery-storage-for-solar\/\">g\u00fcne\u015f enerjisi i\u00e7in en iyi batarya depolama rehberimiz<\/a> i\u015fbirli\u011fi ve tasarruflar\u0131 anlamak i\u00e7in kaynaklar\u0131m\u0131za bak\u0131n.<\/p>\n<h2>\u0130leti\u015fim ve Sorgu<\/h2>\n<p>Haisic Y\u00fcksek Gerilimli ESS Ticari Enerji Depolama Sistemini ke\u015ffetmeye haz\u0131r m\u0131 veya teknik destek mi gerekiyor? Ayr\u0131nt\u0131l\u0131 teklifler, \u00f6zelle\u015ftirilmi\u015f \u00e7\u00f6z\u00fcmler veya distrib\u00fct\u00f6r bilgileri i\u00e7in bizimle ileti\u015fime ge\u00e7in. Ticari veya end\u00fcstriyel ihtiya\u00e7lar\u0131n\u0131z i\u00e7in do\u011fru 215kWh LiFePO4 batarya sistemini bulman\u0131za yard\u0131mc\u0131 olacak ekibimiz burada. Talebinizi kolayca iletebilece\u011finiz sayfam\u0131z <a href=\"https:\/\/haisicstorage.com\/tr\/contact\/\">Do\u011frudan sorgular ve destek i\u00e7in, ileti\u015fim sayfam\u0131z\u0131 ziyaret edin<\/a> veya mevcut olanlar\u0131 kontrol edin <a href=\"https:\/\/haisicstorage.com\/tr\/quotes-list\/\">\u00fcr\u00fcn teklifleri<\/a> h\u0131zl\u0131 ba\u015flanmas\u0131 i\u00e7in.<\/p>","protected":false},"excerpt":{"rendered":"<p>G\u00fcvenilir end\u00fcstriyel enerji depolama i\u00e7in 215kWh LiFePO4 pil ve 100kW g\u00fc\u00e7 ile Haisic Y\u00fcksek Gerilim ESS Ticari Enerji Depolama Sistemi.<\/p>","protected":false},"featured_media":2680,"template":"","meta":{"site-sidebar-layout":"default","site-content-layout":"","ast-site-content-layout":"default","site-content-style":"default","site-sidebar-style":"default","ast-global-header-display":"","ast-banner-title-visibility":"","ast-main-header-display":"","ast-hfb-above-header-display":"","ast-hfb-below-header-display":"","ast-hfb-mobile-header-display":"","site-post-title":"","ast-breadcrumbs-content":"","ast-featured-img":"","footer-sml-layout":"","ast-disable-related-posts":"","theme-transparent-header-meta":"default","adv-header-id-meta":"","stick-header-meta":"default","header-above-stick-meta":"","header-main-stick-meta":"","header-below-stick-meta":"","astra-migrate-meta-layouts":"set","ast-page-background-enabled":"default","ast-page-background-meta":{"desktop":{"background-color":"var(--ast-global-color-4)","background-image":"","background-repeat":"repeat","background-position":"center center","background-size":"auto","background-attachment":"scroll","background-type":"","background-media":"","overlay-type":"","overlay-color":"","overlay-opacity":"","overlay-gradient":""},"tablet":{"background-color":"","background-image":"","background-repeat":"repeat","background-position":"center center","background-size":"auto","background-attachment":"scroll","background-type":"","background-media":"","overlay-type":"","overlay-color":"","overlay-opacity":"","overlay-gradient":""},"mobile":{"background-color":"","background-image":"","background-repeat":"repeat","background-position":"center center","background-size":"auto","background-attachment":"scroll","background-type":"","background-media":"","overlay-type":"","overlay-color":"","overlay-opacity":"","overlay-gradient":""}},"ast-content-background-meta":{"desktop":{"background-color":"var(--ast-global-color-5)","background-image":"","background-repeat":"repeat","background-position":"center center","background-size":"auto","background-attachment":"scroll","background-type":"","background-media":"","overlay-type":"","overlay-color":"","overlay-opacity":"","overlay-gradient":""},"tablet":{"background-color":"var(--ast-global-color-5)","background-image":"","background-repeat":"repeat","background-position":"center center","background-size":"auto","background-attachment":"scroll","background-type":"","background-media":"","overlay-type":"","overlay-color":"","overlay-opacity":"","overlay-gradient":""},"mobile":{"background-color":"var(--ast-global-color-5)","background-image":"","background-repeat":"repeat","background-position":"center center","background-size":"auto","background-attachment":"scroll","background-type":"","background-media":"","overlay-type":"","overlay-color":"","overlay-opacity":"","overlay-gradient":""}}},"product_brand":[],"product_cat":[44],"product_tag":[],"class_list":{"0":"post-2673","1":"product","2":"type-product","3":"status-publish","4":"has-post-thumbnail","6":"product_cat-commercial-industrial-ess","7":"desktop-align-left","8":"tablet-align-left","9":"mobile-align-left","10":"ast-product-gallery-layout-horizontal-slider","11":"ast-product-tabs-layout-horizontal","13":"first","14":"instock","15":"shipping-taxable","16":"purchasable","17":"product-type-simple"},"_links":{"self":[{"href":"https:\/\/haisicstorage.com\/tr\/wp-json\/wp\/v2\/product\/2673","targetHints":{"allow":["GET"]}}],"collection":[{"href":"https:\/\/haisicstorage.com\/tr\/wp-json\/wp\/v2\/product"}],"about":[{"href":"https:\/\/haisicstorage.com\/tr\/wp-json\/wp\/v2\/types\/product"}],"version-history":[{"count":1,"href":"https:\/\/haisicstorage.com\/tr\/wp-json\/wp\/v2\/product\/2673\/revisions"}],"predecessor-version":[{"id":2681,"href":"https:\/\/haisicstorage.com\/tr\/wp-json\/wp\/v2\/product\/2673\/revisions\/2681"}],"wp:featuredmedia":[{"embeddable":true,"href":"https:\/\/haisicstorage.com\/tr\/wp-json\/wp\/v2\/media\/2680"}],"wp:attachment":[{"href":"https:\/\/haisicstorage.com\/tr\/wp-json\/wp\/v2\/media?parent=2673"}],"wp:term":[{"taxonomy":"product_brand","embeddable":true,"href":"https:\/\/haisicstorage.com\/tr\/wp-json\/wp\/v2\/product_brand?post=2673"},{"taxonomy":"product_cat","embeddable":true,"href":"https:\/\/haisicstorage.com\/tr\/wp-json\/wp\/v2\/product_cat?post=2673"},{"taxonomy":"product_tag","embeddable":true,"href":"https:\/\/haisicstorage.com\/tr\/wp-json\/wp\/v2\/product_tag?post=2673"}],"curies":[{"name":"wp","href":"https:\/\/api.w.org\/{rel}","templated":true}]}}