{"id":2663,"date":"2025-12-14T09:12:02","date_gmt":"2025-12-14T09:12:02","guid":{"rendered":"https:\/\/haisicstorage.com\/haisic-1mwh-ess-solar-energy-storage-container-system\/"},"modified":"2026-02-27T06:48:44","modified_gmt":"2026-02-27T06:48:44","slug":"haisic-1mwh-ess-solar-energy-storage-container-system","status":"publish","type":"product","link":"https:\/\/haisicstorage.com\/tr\/haisic-1mwh-ess-solar-energy-storage-container-system\/","title":{"rendered":"Haisic 1MWh ESS G\u00fcne\u015f Enerjisi Depolama Konteyneri, 500kW Hibrit \u0130nvert\u00f6r"},"content":{"rendered":"<h2>\u00dcr\u00fcn Genel Bak\u0131\u015f<\/h2>\n<p>Geni\u015f \u00f6l\u00e7ekli g\u00fcne\u015f enerjisi depolama i\u00e7in g\u00fcvenilir, verimli bir yol mu ar\u0131yorsunuz? Haisic 1MWh ESS G\u00fcne\u015f Enerjisi Depolama Konteyner Sistemi, ticari ve end\u00fcstriyel ihtiya\u00e7lara y\u00f6nelik g\u00fc\u00e7l\u00fc bir \u00e7\u00f6z\u00fcm sunar. Bu konteynerli pil enerji depolama sistemi (BESS), y\u00fcksek g\u00fcvenlik, uzun \u00f6m\u00fcr ve istikrarl\u0131 performans sa\u011flamak i\u00e7in geli\u015fmi\u015f LiFePO4 lityum-iyon teknolojisini kullan\u0131r.<\/p>\n<p>G\u00fcne\u015f enerjisi santralleri, mikro \u015febekeler ve hibrit \u015febeke uygulamalar\u0131yla kolay entegrasyon i\u00e7in tasarlanm\u0131\u015f olan bu 1MWh g\u00fcne\u015f konteyner depolama, esnek, \u00f6l\u00e7eklenebilir enerji depolama se\u00e7enekleri sunar. Prizden prize konteyner tasar\u0131m\u0131, sa\u011flam IP54 korumas\u0131 sayesinde d\u0131\u015f mekanda bile h\u0131zl\u0131 konu\u015fland\u0131rmaya olanak tan\u0131r.<\/p>\n<p>Ana g\u00fc\u00e7l\u00fc y\u00f6nler, 500kWh'dan 3MWh'a kadar \u00f6l\u00e7eklenen mod\u00fcler tasar\u0131m, y\u00fcksek kapasiteli 500kW hibrit invert\u00f6r ve g\u00fcne\u015f enerjisi kullan\u0131m\u0131n\u0131z\u0131 maksimize etmek i\u00e7in ak\u0131ll\u0131 enerji y\u00f6netimini i\u00e7erir. Enerji maliyetlerini zirve yapaylardan d\u00fc\u015f\u00fcrmek, \u015febeke istikrar\u0131n\u0131 iyile\u015ftirmek veya g\u00fcvenilir yedek g\u00fc\u00e7 almak istiyorsan\u0131z, Haisic sistemi g\u00fcvenli ve dayan\u0131kl\u0131 \u00fcst d\u00fczey standartlarla ihtiya\u00e7lar\u0131n\u0131z\u0131 kar\u015f\u0131lamak i\u00e7in tasarlanm\u0131\u015ft\u0131r.<\/p>\n<h2>Haisic 1MWh ESS G\u00fcne\u015f Enerjisi Depolama Konteyner Sistemi Ana \u00d6zellikleri<\/h2>\n<p>Haisic 1MWh ESS G\u00fcne\u015f Enerjisi Depolama Konteyner Sistemi, g\u00fcvenilirlik ve esneklik i\u00e7in tasarlanm\u0131\u015f \u00fcst d\u00fczey \u00f6zellikler sunar:<\/p>\n<ul>\n<li><strong>Mod\u00fcler &amp; \u00d6l\u00e7eklenebilir Tasar\u0131m:<\/strong> \u00c7e\u015fitli proje b\u00fcy\u00fckl\u00fcklerine uygun olarak 500kWh'dan 3MWh'a kadar esnek kapasite se\u00e7enekleri.<\/li>\n<li><strong>Y\u00fcksek G\u00fcvenlikli LiFePO4 Batarya:<\/strong> G\u00fcvenli\u011fi ve uzun \u00f6m\u00fcr i\u00e7in end\u00fcstri lideri lityum demir fosfat kimyas\u0131 kullan\u0131l\u0131r.<\/li>\n<li><strong>Entegre 500kW Hibrit \u0130nvert\u00f6r:<\/strong> \u00c7evrimi\u00e7i ve \u00e7evrimd\u0131\u015f\u0131 operasyonlar\u0131 sorunsuz g\u00fc\u00e7 d\u00f6n\u00fc\u015ft\u00fcrme ile destekler.<\/li>\n<li><strong>Geli\u015fmi\u015f So\u011futma Se\u00e7enekleri:<\/strong> Standart hava so\u011futmas\u0131, optimum pil performans\u0131 i\u00e7in verimli s\u0131cakl\u0131k kontrol\u00fcn\u00fc sa\u011flar.<\/li>\n<li><strong>Sa\u011flam D\u0131\u015f Ortam Korumas\u0131:<\/strong> IP54 s\u0131n\u0131f\u0131 muhafaza, d\u0131\u015f mek\u00e2n kurulumlar\u0131 i\u00e7in dayan\u0131kl\u0131l\u0131k ve hava ko\u015fullar\u0131na kar\u015f\u0131 diren\u00e7 sa\u011flar.<\/li>\n<li><strong>Ak\u0131ll\u0131 Enerji Y\u00f6netimi:<\/strong> Yerle\u015fik izleme ve kontrol, verimlili\u011fi art\u0131r\u0131r ve sistem operasyonunu basitle\u015ftirir.<\/li>\n<\/ul>\n<table>\n<thead>\n<tr>\n<th>\u00d6zellik<\/th>\n<th>A\u00e7\u0131klama<\/th>\n<\/tr>\n<\/thead>\n<tbody>\n<tr>\n<td>Kapasite<\/td>\n<td>500kWh - 3MWh se\u00e7enekleri<\/td>\n<\/tr>\n<tr>\n<td>Batarya Teknolojisi<\/td>\n<td>LiFePO4 (Lityum Demir Fosfat)<\/td>\n<\/tr>\n<tr>\n<td>\u0130nvert\u00f6r<\/td>\n<td>500kW Hibrit (3W+N+PE)<\/td>\n<\/tr>\n<tr>\n<td>So\u011futma<\/td>\n<td>Havadan so\u011futmal\u0131 (standart)<\/td>\n<\/tr>\n<tr>\n<td>Koruma S\u0131n\u0131f\u0131<\/td>\n<td>D\u0131\u015f mek\u00e2n kullan\u0131ma uygun IP54<\/td>\n<\/tr>\n<tr>\n<td>Enerji Y\u00f6netimi<\/td>\n<td>\u0130nsanc\u0131l izleme ve kontrol<\/td>\n<\/tr>\n<\/tbody>\n<\/table>\n<p>Bu \u00f6l\u00e7eklenebilir batarya enerji depolama sistemi, enerji ihtiya\u00e7lar\u0131n\u0131z b\u00fcy\u00fcd\u00fck\u00e7e kolayca geni\u015fletmenizi sa\u011flar. G\u00fcvenilir LiFePO4 batarya teknolojimiz hakk\u0131nda daha fazla bilgi i\u00e7in ayr\u0131nt\u0131l\u0131 olan\u0131m\u0131za g\u00f6z at\u0131n <a href=\"https:\/\/haisicstorage.com\/tr\/lifepo4-battery-51-2v-100ah\/\">LiFePO4 batarya \u00d6zeti<\/a>.<\/p>\n<h2>Haisic 1MWh ESS G\u00fcne\u015f Enerji Depolama Konteyneri Teknik \u00d6zellikleri<\/h2>\n<p>G\u00fcvenilir g\u00fcne\u015f enerjisi depolamas\u0131 i\u00e7in tasarlanm\u0131\u015f olan Haisic 1MWh konteyner tipi ESS i\u00e7in teknik ayr\u0131nt\u0131lara net bir bak\u0131\u015f \u015f\u00f6yle:<\/p>\n<table>\n<thead>\n<tr>\n<th>\u00d6zellik<\/th>\n<th>Detaylar<\/th>\n<\/tr>\n<\/thead>\n<tbody>\n<tr>\n<td><strong>Batarya T\u00fcr\u00fc<\/strong><\/td>\n<td>Lityum-\u0130yon (LiFePO4)<\/td>\n<\/tr>\n<tr>\n<td><strong>Model Numaras\u0131<\/strong><\/td>\n<td>HS-EE500kW1075kWh (1MWh yap\u0131land\u0131rmas\u0131)<\/td>\n<\/tr>\n<tr>\n<td><strong>Nominal Enerji<\/strong><\/td>\n<td>1MWh'ye<\/td>\n<\/tr>\n<tr>\n<td><strong>S\u0131ral\u0131 \u015earj\/De\u015farj G\u00fcc\u00fc<\/strong><\/td>\n<td>500kW<\/td>\n<\/tr>\n<tr>\n<td><strong>Sistem Gerilim Aral\u0131\u011f\u0131<\/strong><\/td>\n<td>672V \u2013 840V<\/td>\n<\/tr>\n<tr>\n<td><strong>\u0130nvert\u00f6r<\/strong><\/td>\n<td>500kW 3W+N+PE Hibrit<\/td>\n<\/tr>\n<tr>\n<td><strong>Boyutlar (U x G x Y)<\/strong><\/td>\n<td>7550mm x 1100mm x 2340mm<\/td>\n<\/tr>\n<tr>\n<td><strong>A\u011f\u0131rl\u0131k<\/strong><\/td>\n<td>Do\u011frulanacak<\/td>\n<\/tr>\n<tr>\n<td><strong>\u0130leti\u015fim Aray\u00fcz\u00fc<\/strong><\/td>\n<td>Modbus TCP\/IP ile Ethernet<\/td>\n<\/tr>\n<tr>\n<td><strong>\u015eebeke Ba\u011flant\u0131s\u0131<\/strong><\/td>\n<td>Karma (\u015febeke i\u00e7i ve \u015febeke d\u0131\u015f\u0131 kullan\u0131ma uygun)<\/td>\n<\/tr>\n<tr>\n<td><strong>So\u011futma Sistemi<\/strong><\/td>\n<td>Hava So\u011futmal\u0131 (standart)<\/td>\n<\/tr>\n<tr>\n<td><strong>IP S\u0131n\u0131fland\u0131rmas\u0131<\/strong><\/td>\n<td>IP54 (d\u0131\u015f mekanda kullan\u0131m i\u00e7in uygun)<\/td>\n<\/tr>\n<tr>\n<td><strong>Garanti<\/strong><\/td>\n<td>10 Y\u0131l<\/td>\n<\/tr>\n<\/tbody>\n<\/table>\n<p>Bu sa\u011flam sistem, karma \u015febeke ba\u011flant\u0131lar\u0131n\u0131 destekler ve Modbus TCP\/IP \u00fczerinden verimli ileti\u015fim kurar; ticari ve end\u00fcstriyel g\u00fcne\u015f enerjisi kurulumlar\u0131 i\u00e7in idealdir. Hava so\u011futmal\u0131 tasar\u0131m, s\u0131v\u0131 so\u011futman\u0131n karma\u015f\u0131kl\u0131\u011f\u0131 olmadan operasyonlar\u0131 sorunsuz tutar.<\/p>\n<p>Daha k\u00fc\u00e7\u00fck \u00f6l\u00e7ekli g\u00fcne\u015f enerjisi depolama ihtiya\u00e7lar\u0131 i\u00e7in g\u00fcvenilir olan <a href=\"https:\/\/haisicstorage.com\/tr\/5kw-power-energy-storage-solar-system-for-home\/\">evler i\u00e7in 5kW enerji depolama sistemi<\/a> ayn\u0131 g\u00fcvenli, mod\u00fcler batarya \u00e7\u00f6z\u00fcmlerine odaklanan bu \u00fcr\u00fcnle.<\/p>\n<h2>Haisic 1MWh ESS G\u00fcne\u015f Enerjisi Depolama Konteyner Sisteminin Sistem Avantajlar\u0131<\/h2>\n<p>Haisic 1MWh ESS G\u00fcne\u015f Enerjisi Depolama Konteyneri, g\u00fcne\u015f enerjisini depolama ve kullanma bi\u00e7iminizi iyile\u015ftiren bir dizi fayda getirir. Bekleyebilece\u011finiz \u015feyler \u015funlard\u0131r:<\/p>\n<table>\n<thead>\n<tr>\n<th>Fayda<\/th>\n<th>A\u00e7\u0131klama<\/th>\n<\/tr>\n<\/thead>\n<tbody>\n<tr>\n<td><strong>Art\u0131r\u0131lm\u0131\u015f G\u00fcne\u015f Kullan\u0131m\u0131<\/strong><\/td>\n<td>Fazla g\u00fcne\u015f enerjisini depolayarak kendi t\u00fcketimini maksimize eder<\/td>\n<\/tr>\n<tr>\n<td><strong>Tepe Kesme ve Y\u00fck Aktarma<\/strong><\/td>\n<td>Tepe talep s\u0131ras\u0131nda enerji kullan\u0131m\u0131n\u0131 y\u00f6neterek enerji maliyetlerini d\u00fc\u015f\u00fcr\u00fcr<\/td>\n<\/tr>\n<tr>\n<td><strong>Yedek G\u00fc\u00e7 ve \u015eebeke Dengesini Sa\u011flama<\/strong><\/td>\n<td>G\u00fcvenilir yedek g\u00fc\u00e7 sa\u011flar ve istikrarl\u0131 \u015febeke arz\u0131n\u0131 destekler<\/td>\n<\/tr>\n<tr>\n<td><strong>D\u00fc\u015f\u00fck Fosil Yak\u0131t Ba\u011f\u0131ml\u0131l\u0131\u011f\u0131<\/strong><\/td>\n<td>Temiz depolanan enerji kullanarak karbon ayak izini azaltmaya yard\u0131mc\u0131 olur<\/td>\n<\/tr>\n<tr>\n<td><strong>Uzun D\u00f6ng\u00fc \u00d6mr\u00fc ve D\u00fc\u015f\u00fck Bak\u0131m<\/strong><\/td>\n<td>Dayan\u0131kl\u0131 LiFePO4 piller, bir\u00e7ok \u00e7evrimde minimum bak\u0131ma ihtiya\u00e7 duyar<\/td>\n<\/tr>\n<\/tbody>\n<\/table>\n<p>Bu sistem, g\u00fcne\u015f yat\u0131r\u0131m\u0131n\u0131zdan en iyi \u015fekilde yararlanman\u0131z\u0131 sa\u011flar, para tasarrufu ederken daha ye\u015fil bir gelece\u011fi destekler. Maliyetleri y\u00f6netmek ve g\u00fcne\u015f pili performans\u0131n\u0131 art\u0131rmakla ilgilenenler i\u00e7in, detayl\u0131 i\u00e7g\u00f6r\u00fclerimiz bunlar \u00fczerinde <a href=\"https:\/\/haisicstorage.com\/tr\/cost-of-solar-battery-storage\/\">g\u00fcne\u015f enerjisi batarya depolama maliyeti<\/a> de de\u011ferli rehberlik sunabilir.<\/p>\n<h2>Haisic 1MWh ESS G\u00fcne\u015f Enerjisi Depolama Konteyner Sisteminin Uygulamalar\u0131<\/h2>\n<p>Haisic 1MWh ESS G\u00fcne\u015f Enerjisi Depolama Konteyner Sistemi, \u00e7e\u015fitli enerji kurulumlar\u0131yla m\u00fckemmel uyum sa\u011flar. \u0130\u00e7in idealdir <strong>g\u00fcne\u015f enerjisi santralleri ve PV entegrasyonu<\/strong>, g\u00fcne\u015f \u0131\u015f\u0131\u011f\u0131n\u0131n d\u00fc\u015f\u00fck oldu\u011fu d\u00f6nemlerde verimli kullan\u0131m i\u00e7in fazladan enerjiyi depolamaya yard\u0131mc\u0131 olur. Ticari ve end\u00fcstriyel tesisler, enerji y\u00f6netimini optimize etmek, elektrik maliyetlerini azaltmak ve g\u00fcvenilirli\u011fi art\u0131rmak i\u00e7in kapasitesinden faydalan\u0131r.<\/p>\n<p>Bu sistem ayr\u0131ca iyi \u00e7al\u0131\u015f\u0131r <strong>mikro \u015febekelerde ve off-grid sistemlerde<\/strong>, uzaktan eri\u015fimi olan istikrarl\u0131 bir \u015febeke olmad\u0131\u011f\u0131nda bile sabit bir g\u00fc\u00e7 kayna\u011f\u0131 sa\u011flar. Kamu \u00f6l\u00e7e\u011findeki yenilenebilir projeler i\u00e7in, mod\u00fcler tasar\u0131m b\u00fcy\u00fcyen enerji taleplerine kolayca uyum sa\u011flama imkan\u0131 verir. Ayr\u0131ca konteyner <strong>r\u00fczgar-g\u00fcne\u015f hibrit depolama<\/strong>, \u00e7e\u015fitli yenilenebilir kaynaklar\u0131 sorunsuz enerji iletimi i\u00e7in birle\u015ftirir.<\/p>\n<p>B\u00fcy\u00fck bir g\u00fcne\u015f \u00e7iftli\u011fini y\u00f6netiyorsan\u0131z veya yenilenmeleri mevcut bir a\u011fa entegre ediyorsan\u0131z, bu sa\u011flam 1MWh LiFePO4 enerji depolama \u00e7\u00f6z\u00fcm\u00fc esnek ve g\u00fcvenilir enerji kullan\u0131m\u0131n\u0131 destekler ve \u00e7e\u015fitli proje ihtiya\u00e7lar\u0131na uyum sa\u011flar.<\/p>\n<p>Bu t\u00fcr projeleri destekleyen daha k\u00fc\u00e7\u00fck \u00f6l\u00e7ekli veya konut \u00e7\u00f6z\u00fcmler i\u00e7in, Haisic\u2019in <a href=\"https:\/\/haisicstorage.com\/tr\/10kwh-wall-mounted-home-energy-storage\/\">10kWh duvar monteli ev enerjisi depolama<\/a> veya <a href=\"https:\/\/haisicstorage.com\/tr\/51-2v-100ah-5120wh-floor-mounted-home-energy-storage\/\">51.2V 100Ah zemin aya\u011f\u0131 sistemi<\/a>, sahada enerji y\u00f6netimi i\u00e7in m\u00fckemmeldir.<\/p>\n<h2>G\u00fcvenlik ve G\u00fcvenilirlik<\/h2>\n<p>Haisic 1MWh ESS G\u00fcne\u015f Enerjisi Depolama Konteyner Sistemi, \u00e7ok katmanl\u0131 korumalarla g\u00fcvenli\u011fe \u00f6ncelik verir. Batarya sa\u011fl\u0131\u011f\u0131n\u0131 izleyen, a\u015f\u0131r\u0131 \u015farj\u0131 \u00f6nleyen ve h\u00fccreleri dengeleyen geli\u015fmi\u015f Bir Batarya Y\u00f6netim Sistemi (BMS) bulunur ve istikrarl\u0131 \u00e7al\u0131\u015fma sa\u011flar. Sistem ayr\u0131ca acil durumlarda ek bir g\u00fcvenlik katman\u0131 sa\u011flayan yang\u0131n s\u00f6nd\u00fcrme haz\u0131rl\u0131\u011f\u0131yla tasarlanm\u0131\u015ft\u0131r.<\/p>\n<p>Uluslararas\u0131 g\u00fcvenlik standartlar\u0131na uygun olarak \u00fcretilen bu LiFePO4 BESS konteyneri, uygunlu\u011fu ve g\u00fcvenilir performans\u0131 garanti etmek i\u00e7in s\u0131k\u0131 testlerden ge\u00e7er. Zorlu ortamlarda dayan\u0131kl\u0131l\u0131\u011f\u0131n\u0131 kan\u0131tlam\u0131\u015f olup, k\u00f6t\u00fc hava ko\u015fullar\u0131 ve operasyonel zorluklara dayanmas\u0131 gereken d\u0131\u015f mekan g\u00fcne\u015f enerjisi depolama \u00e7\u00f6z\u00fcmleri i\u00e7in g\u00fcvenilir bir tercih olmaya devam eder.<\/p>\n<h2>Kurulum ve \u00d6l\u00e7eklendirme<\/h2>\n<p>Haisic 1MWh ESS G\u00fcne\u015f Enerjisi Depolama Konteyner Sistemi, kurulumunu h\u0131zl\u0131 ve basit k\u0131lan bir tak-\u00e7al\u0131\u015ft\u0131r konteyner tasar\u0131m\u0131 \u00f6zelli\u011fine sahiptir. Bu yap\u0131, karma\u015f\u0131k montaj veya uzun duru\u015f s\u00fcresi olmadan h\u0131zl\u0131 da\u011f\u0131t\u0131m gereken projeler i\u00e7in m\u00fckemmeldir.<\/p>\n<p>B\u00fcy\u00fcyen enerji ihtiya\u00e7lar\u0131 i\u00e7in sistem paralel ba\u011flant\u0131y\u0131 destekler; b\u00f6ylece birden \u00e7ok konteyneri birbirine ba\u011flayarak depolama kapasitenizi kolayca geni\u015fletebilirsiniz. Bu \u00f6l\u00e7eklenebilirlik, depolama \u00e7\u00f6z\u00fcm\u00fcn\u00fcz\u00fcn i\u015finizin veya projenizin taleplerine g\u00f6re b\u00fcy\u00fcyebilmesini sa\u011flar.<\/p>\n<p>Ayr\u0131ca, sistem mevcut g\u00fcne\u015f enerjisi kurulumlar\u0131yla sorunsuz bir \u015fekilde entegre olur; ticari veya end\u00fcstriyel olsun, mevcut altyap\u0131n\u0131zdaki b\u00fcy\u00fck de\u011fi\u015fiklikler olmadan y\u00fckseltmeleri veya yeni kurulumlar\u0131 h\u0131zland\u0131r\u0131r.<\/p>\n<p>G\u00fcne\u015f enerjisi uygulamalar\u0131na uygun \u00f6l\u00e7eklenebilir konteyner tabanl\u0131 batarya depolama sistemi hakk\u0131nda daha fazla bilgi ve nas\u0131l uydu\u011funu ke\u015ffetmek i\u00e7in bizimle <a href=\"https:\/\/haisicstorage.com\/tr\/1075kwh-100kw-commercial-industrial-container-ess\/\">HS-EE500kW1075kWh 1MWh yap\u0131land\u0131rma sayfas\u0131<\/a>.<\/p>\n<h2>Neden Haisic'i Se\u00e7melisiniz<\/h2>\n<p>Enerji depolama end\u00fcstrisinde 12 y\u0131l\u0131 a\u015fk\u0131n bir deneyime sahip olan Haisic, ihtiya\u00e7lar\u0131n\u0131za \u00f6zel g\u00fcvenilir, y\u00fcksek performansl\u0131 \u00e7\u00f6z\u00fcmler sunmas\u0131yla \u00f6ne \u00e7\u0131kmaktad\u0131r. \u0130\u015fte Haisic\u2019i 1MWh ESS g\u00fcne\u015f enerjisi depolama konteyner sistemi i\u00e7in g\u00fcvenilir k\u0131ld\u0131\u011f\u0131n\u0131 d\u00fc\u015f\u00fcnd\u00fc\u011f\u00fcn\u00fcz sebepler:<\/p>\n<table>\n<thead>\n<tr>\n<th><strong>Neden<\/strong><\/th>\n<th><strong>Detaylar<\/strong><\/th>\n<\/tr>\n<\/thead>\n<tbody>\n<tr>\n<td><strong>Kan\u0131tlanm\u0131\u015f Uzmanl\u0131k<\/strong><\/td>\n<td>Bir d\u00f6nemi a\u015fk\u0131n s\u00fcredir geli\u015fmi\u015f batarya sistemleri \u00fczerinde \u00e7al\u0131\u015fma<\/td>\n<\/tr>\n<tr>\n<td><strong>Kaliteli Bile\u015fenler<\/strong><\/td>\n<td>Premium LiFePO4 piller ve g\u00fcvenilir hibrit inverterler kullan\u0131r<\/td>\n<\/tr>\n<tr>\n<td><strong>\u00d6zelle\u015ftirilebilir \u00c7\u00f6z\u00fcmler<\/strong><\/td>\n<td>500kWh\u2019dan 3MWh\u2019a kadar \u00f6l\u00e7eklenebilen mod\u00fcler tasar\u0131mlar<\/td>\n<\/tr>\n<tr>\n<td><strong>Global Tedarik A\u011f\u0131<\/strong><\/td>\n<td>D\u00fcnya genelinde g\u00fcvenilir teslimat ve destek<\/td>\n<\/tr>\n<tr>\n<td><strong>Sat\u0131\u015f Sonras\u0131 Destek<\/strong><\/td>\n<td>Kurulum, bak\u0131m ve sorun giderme i\u00e7in \u00f6zel hizmet<\/td>\n<\/tr>\n<\/tbody>\n<\/table>\n<p>Haisic\u2019i se\u00e7mek, performans, dayan\u0131kl\u0131l\u0131k ve uzun vadeli destek taahh\u00fcd\u00fcnde bulunan bir ortak edinmek anlam\u0131na gelir. Esnek ev veya ticari batarya \u00e7\u00f6z\u00fcmlerine ilgi duyanlar i\u00e7in bak\u0131n <a href=\"https:\/\/haisicstorage.com\/tr\/battery-storage-for-home\/\">ev sistemleri i\u00e7in batarya depolama<\/a> ve <a href=\"https:\/\/haisicstorage.com\/tr\/solutions\/\">enerji depolama \u00e7\u00f6z\u00fcmleri<\/a> Haisic\u2019in k\u00fcresel olarak \u00e7e\u015fitli enerji ihtiya\u00e7lar\u0131n\u0131 nas\u0131l kar\u015f\u0131lad\u0131\u011f\u0131 hakk\u0131nda daha fazla bilgi edinmek i\u00e7in.<\/p>\n<h2>\u0130lgili \u00dcr\u00fcnler ve Aksesuarlar<\/h2>\n<p>Haisic 1MWh ESS G\u00fcne\u015f Enerjisi Depolama Konteyner Sistemi, enerji ihtiya\u00e7lar\u0131n\u0131za uygun \u00f6l\u00e7eklenebilir se\u00e7eneklerle birlikte gelir. Daha k\u00fc\u00e7\u00fck bir 500kWh birimi veya 2MWh ya da 3MWh gibi daha b\u00fcy\u00fck kurulumlar gerekti\u011finde, bu konteyner tabanl\u0131 batarya depolama sistemleri esnek kapasite geni\u015fletmeleri sunar. Depolama konteynerlerinin yan\u0131 s\u0131ra daha iyi performans ve ger\u00e7ek zamanl\u0131 enerji y\u00f6netimi i\u00e7in sorunsuz bir \u015fekilde entegre olan tamamlay\u0131c\u0131 invert\u00f6rler ve geli\u015fmi\u015f izleme Sistemleri de se\u00e7ebilirsiniz. \u00d6zelle\u015ftirilmi\u015f \u00e7\u00f6z\u00fcmler ve Haisic batarya enerji depolama sistemi se\u00e7eneklerinin tam yelpazesini ke\u015ffetmek i\u00e7in <a href=\"https:\/\/haisicstorage.com\/tr\/urun\/\">Haisic \u00fcr\u00fcn sayfas\u0131<\/a>.<\/p>\n<h2>SSS: Boyutland\u0131rma, Uyum, YGROI ve Bak\u0131m<\/h2>\n<h3>1MWh kapal\u0131 ESS i\u00e7in do\u011fru boyutu nas\u0131l se\u00e7erim?<\/h3>\n<p>G\u00fcnl\u00fck enerji ihtiya\u00e7lar\u0131n\u0131z\u0131, pik y\u00fck zamanlar\u0131n\u0131z\u0131 ve yedekleme gereksinimlerinizi belirleyerek ba\u015flay\u0131n. Haisic 1MWh ESS G\u00fcne\u015f Enerjisi Depolama Kontener Sistemi mod\u00fcler ve \u00f6l\u00e7eklenebilir olup \u00e7e\u015fitli ticari ve end\u00fcstriyel uygulamalara uyacak \u015fekilde 500kWh ile 3MWh aras\u0131nda se\u00e7enekler sunar.<\/p>\n<h3>Haisic pil enerji depolama sistemi mevcut g\u00fcne\u015f kurulumlar\u0131yla uyumlu mu?<\/h3>\n<p>Evet, karma\/hibrid \u015febeke ba\u011flant\u0131s\u0131n\u0131 destekler (a\u011f ba\u011flant\u0131l\u0131 ve ba\u011f\u0131ms\u0131z) ve g\u00fcne\u015f enerjisi santrallerine veya mikro \u015febekelere kolayca entegre olur. Modbus TCP\/IP ile Ethernet \u00fczerinden ileti\u015fimi, \u00e7o\u011fu enerji y\u00f6netim sistemiyle sorunsuz entegrasyonu sa\u011flar.<\/p>\n<h3>Ne kadar yat\u0131r\u0131m getirisi (ROI) bekleyebilirim?<\/h3>\n<p>ROI, enerji t\u00fcketiminize, tarife yap\u0131n\u0131za ve kullan\u0131m deseninize ba\u011fl\u0131 olarak de\u011fi\u015fir. Bu sistem g\u00fcne\u015f enerjisi kullan\u0131m\u0131n\u0131 art\u0131rmaya, tepe talep \u00fccretlerini azaltmaya ve yedek g\u00fc\u00e7 sa\u011flamaya yard\u0131mc\u0131 olur\u2014birlikte zamanla maliyet tasarruflar\u0131n\u0131 art\u0131ran faydalar sunar.<\/p>\n<h3>1MWh LiFePO4 enerji depolamas\u0131 ne kadar bak\u0131ma ihtiya\u00e7 duyar?<\/h3>\n<p>Y\u00fcksek g\u00fcvenlikli LiFePO4 pil teknolojisi ve geli\u015fmi\u015f enerji y\u00f6netimi sayesinde bak\u0131m ihtiya\u00e7lar\u0131 minimum d\u00fczeydedir. Ak\u0131ll\u0131 enerji y\u00f6netim sistemi \u00fczerinden d\u00fczenli sistem kontrolleri ve izleme, konteynerin sorunsuz \u00e7al\u0131\u015fmas\u0131n\u0131 sa\u011flar.<\/p>\n<h3>Sistemi daha sonra geni\u015fletebilir miyim?<\/h3>\n<p>Kesinlikle. Konteynerle\u015fmi\u015f pil depolama sistemi, paralel ba\u011flant\u0131 deste\u011fiyle tak-\u00e7\u0131kar kuruluma uygun olarak tasarlanm\u0131\u015ft\u0131r ve gelecekte kapasite geni\u015fletmesini kolayla\u015ft\u0131r\u0131r.<\/p>\n<p>Enerji projeniz i\u00e7in ayr\u0131nt\u0131l\u0131 sorgular ve \u00f6zelle\u015ftirilmi\u015f teklifler i\u00e7in, ziyaret etmeyi d\u00fc\u015f\u00fcn\u00fcn <a href=\"https:\/\/haisicstorage.com\/tr\/quotes-list\/\">teklifler listesi sayfas\u0131<\/a> ki\u015fiselle\u015ftirilmi\u015f destek i\u00e7in.<\/p>","protected":false},"excerpt":{"rendered":"<p>Haisic 1MWh ESS g\u00fcne\u015f enerjisi depolama konteyner sistemi, LiFePO4 piller, 500kW hibrit invert\u00f6r \u00f6l\u00e7eklenebilir tasar\u0131m ve IP54 d\u0131\u015f mekan korumas\u0131 \u00f6zelliklerine sahiptir<\/p>","protected":false},"featured_media":2666,"template":"","meta":{"site-sidebar-layout":"default","site-content-layout":"","ast-site-content-layout":"default","site-content-style":"default","site-sidebar-style":"default","ast-global-header-display":"","ast-banner-title-visibility":"","ast-main-header-display":"","ast-hfb-above-header-display":"","ast-hfb-below-header-display":"","ast-hfb-mobile-header-display":"","site-post-title":"","ast-breadcrumbs-content":"","ast-featured-img":"","footer-sml-layout":"","ast-disable-related-posts":"","theme-transparent-header-meta":"default","adv-header-id-meta":"","stick-header-meta":"default","header-above-stick-meta":"","header-main-stick-meta":"","header-below-stick-meta":"","astra-migrate-meta-layouts":"set","ast-page-background-enabled":"default","ast-page-background-meta":{"desktop":{"background-color":"var(--ast-global-color-4)","background-image":"","background-repeat":"repeat","background-position":"center center","background-size":"auto","background-attachment":"scroll","background-type":"","background-media":"","overlay-type":"","overlay-color":"","overlay-opacity":"","overlay-gradient":""},"tablet":{"background-color":"","background-image":"","background-repeat":"repeat","background-position":"center center","background-size":"auto","background-attachment":"scroll","background-type":"","background-media":"","overlay-type":"","overlay-color":"","overlay-opacity":"","overlay-gradient":""},"mobile":{"background-color":"","background-image":"","background-repeat":"repeat","background-position":"center center","background-size":"auto","background-attachment":"scroll","background-type":"","background-media":"","overlay-type":"","overlay-color":"","overlay-opacity":"","overlay-gradient":""}},"ast-content-background-meta":{"desktop":{"background-color":"var(--ast-global-color-5)","background-image":"","background-repeat":"repeat","background-position":"center center","background-size":"auto","background-attachment":"scroll","background-type":"","background-media":"","overlay-type":"","overlay-color":"","overlay-opacity":"","overlay-gradient":""},"tablet":{"background-color":"var(--ast-global-color-5)","background-image":"","background-repeat":"repeat","background-position":"center center","background-size":"auto","background-attachment":"scroll","background-type":"","background-media":"","overlay-type":"","overlay-color":"","overlay-opacity":"","overlay-gradient":""},"mobile":{"background-color":"var(--ast-global-color-5)","background-image":"","background-repeat":"repeat","background-position":"center center","background-size":"auto","background-attachment":"scroll","background-type":"","background-media":"","overlay-type":"","overlay-color":"","overlay-opacity":"","overlay-gradient":""}}},"product_brand":[],"product_cat":[44],"product_tag":[],"class_list":{"0":"post-2663","1":"product","2":"type-product","3":"status-publish","4":"has-post-thumbnail","6":"product_cat-commercial-industrial-ess","7":"desktop-align-left","8":"tablet-align-left","9":"mobile-align-left","10":"ast-product-gallery-layout-horizontal-slider","11":"ast-product-tabs-layout-horizontal","13":"first","14":"instock","15":"shipping-taxable","16":"purchasable","17":"product-type-simple"},"_links":{"self":[{"href":"https:\/\/haisicstorage.com\/tr\/wp-json\/wp\/v2\/product\/2663","targetHints":{"allow":["GET"]}}],"collection":[{"href":"https:\/\/haisicstorage.com\/tr\/wp-json\/wp\/v2\/product"}],"about":[{"href":"https:\/\/haisicstorage.com\/tr\/wp-json\/wp\/v2\/types\/product"}],"version-history":[{"count":1,"href":"https:\/\/haisicstorage.com\/tr\/wp-json\/wp\/v2\/product\/2663\/revisions"}],"predecessor-version":[{"id":2668,"href":"https:\/\/haisicstorage.com\/tr\/wp-json\/wp\/v2\/product\/2663\/revisions\/2668"}],"wp:featuredmedia":[{"embeddable":true,"href":"https:\/\/haisicstorage.com\/tr\/wp-json\/wp\/v2\/media\/2666"}],"wp:attachment":[{"href":"https:\/\/haisicstorage.com\/tr\/wp-json\/wp\/v2\/media?parent=2663"}],"wp:term":[{"taxonomy":"product_brand","embeddable":true,"href":"https:\/\/haisicstorage.com\/tr\/wp-json\/wp\/v2\/product_brand?post=2663"},{"taxonomy":"product_cat","embeddable":true,"href":"https:\/\/haisicstorage.com\/tr\/wp-json\/wp\/v2\/product_cat?post=2663"},{"taxonomy":"product_tag","embeddable":true,"href":"https:\/\/haisicstorage.com\/tr\/wp-json\/wp\/v2\/product_tag?post=2663"}],"curies":[{"name":"wp","href":"https:\/\/api.w.org\/{rel}","templated":true}]}}