{"id":2623,"date":"2025-12-13T09:54:49","date_gmt":"2025-12-13T09:54:49","guid":{"rendered":"https:\/\/haisicstorage.com\/haisic-10kw-ip65-hybrid-solar-inverter-single-phase-mppt-controller-125v500v-pv-input-220230v-ac-output\/"},"modified":"2026-02-27T07:06:43","modified_gmt":"2026-02-27T07:06:43","slug":"haisic-10kw-ip65-hybrid-solar-inverter-single-phase-mppt-controller-125v500v-pv-input-220230v-ac-output","status":"publish","type":"product","link":"https:\/\/haisicstorage.com\/tr\/haisic-10kw-ip65-hybrid-solar-inverter-single-phase-mppt-controller-125v500v-pv-input-220230v-ac-output\/","title":{"rendered":"Haisic 10kW IP65 Hybrid Solar Inverter Tek Faz MPPT Kontrol\u00f6r\u00fc"},"content":{"rendered":"<h2>\u00dcr\u00fcn Genel Bak\u0131\u015f<\/h2>\n<p>Haisic 10kW Hibrit G\u00fcne\u015f Invert\u00f6r\u00fc, g\u00fcne\u015f enerjisini verimli \u015fekilde y\u00f6netmek i\u00e7in g\u00fc\u00e7l\u00fc ve g\u00fcvenilir bir \u00e7\u00f6z\u00fcmd\u00fcr. Tek fazl\u0131 sistemler i\u00e7in tasarlanm\u0131\u015f olan bu cihaz, geli\u015fmi\u015f MPPT (Maksimum G\u00fc\u00e7 Noktas\u0131 \u0130zleme) \u015farj teknolojisini kesintisiz \u015febeke etkile\u015fimi ve batarya depolama deste\u011fi ile birle\u015ftirir. IP65 s\u0131n\u0131f\u0131 hava ko\u015fullar\u0131na dayan\u0131kl\u0131 kasas\u0131, zorlu d\u0131\u015f ortamlar da dahil olmak \u00fczere dayan\u0131kl\u0131l\u0131k ve optimum performans sa\u011flar. \u0130nvert\u00f6r temiz ve istikrarl\u0131 g\u00fc\u00e7 sa\u011flayan saf kom\u00fctasyon dalga \u00e7\u0131k\u0131\u015f\u0131 verir. Y\u00fcksek verimlilik\u201498% invert\u00f6r verimlili\u011fi ve 98-99% MPPT verimlili\u011fi ile bu hibrit invert\u00f6r g\u00fcne\u015f enerjisini maksimuma \u00e7\u0131kar\u0131r ve \u015febeke, off-grid ve hibrit i\u015fletim modlar\u0131n\u0131 destekler.<\/p>\n<h2>Haisic 10kW IP65 Hibrit G\u00fcne\u015f Invert\u00f6r\u00fc Ana \u00d6zellikleri<\/h2>\n<p>Haisic 10kW hibrit invert\u00f6r\u00fc farkl\u0131 g\u00fcne\u015f kurulumlar\u0131 ve enerji ihtiya\u00e7lar\u0131na uyacak birka\u00e7 ak\u0131ll\u0131 \u00f6zellik paketler:<\/p>\n<table>\n<thead>\n<tr>\n<th>\u00d6zellik<\/th>\n<th>A\u00e7\u0131klama<\/th>\n<\/tr>\n<\/thead>\n<tbody>\n<tr>\n<td><strong>Hibrit Modlar<\/strong><\/td>\n<td>Destekler <strong>\u015febeke \u00fczerinden<\/strong>, <strong>\u015febeke d\u0131\u015f\u0131<\/strong>, ve <strong>hibrit<\/strong> kurulum i\u00e7in esnek kullan\u0131m i\u00e7in modlar.<\/td>\n<\/tr>\n<tr>\n<td><strong>Yerle\u015fik MPPT Kontrol\u00f6r\u00fc<\/strong><\/td>\n<td>maksimum g\u00fcne\u015f enerjisi \u00e7\u0131kar\u0131m\u0131 sa\u011flar <strong>y\u00fcksek MPPT verimlili\u011fi<\/strong>.<\/td>\n<\/tr>\n<tr>\n<td><strong>Saf Harmonik Dalga \u00c7\u0131k\u0131\u015f\u0131<\/strong><\/td>\n<td>Ev aletleri i\u00e7in temiz, istikrarl\u0131 AC g\u00fcc\u00fc.<\/td>\n<\/tr>\n<tr>\n<td><strong>IP65 S\u0131n\u0131f\u0131 Muhafaza<\/strong><\/td>\n<td>G\u00fcvenilir d\u0131\u015f mekan kullan\u0131m\u0131 i\u00e7in hava ko\u015fullar\u0131na dayan\u0131kl\u0131 tasar\u0131m.<\/td>\n<\/tr>\n<tr>\n<td><strong>Batarya Uyumlulu\u011fu<\/strong><\/td>\n<td>Hem <strong>kur\u015fun-asit<\/strong> ve <strong>lityum piller<\/strong>, dahil olmak \u00fczere Haisic\u2019in lityum se\u00e7enekleriyle uyumlu.<\/td>\n<\/tr>\n<tr>\n<td><strong>\u0130smail \u0130zleme<\/strong><\/td>\n<td>Kolay okunabilir verilerle LCD ekran ve <strong>CAN\/RS485 ileti\u015fim portlar\u0131<\/strong> uzaktan izleme i\u00e7in.<\/td>\n<\/tr>\n<tr>\n<td><strong>Koruma \u00d6zellikleri<\/strong><\/td>\n<td>Sistem g\u00fcvenli\u011fi ve uzun \u00f6m\u00fcr i\u00e7in a\u015f\u0131r\u0131 gerilim, a\u015f\u0131r\u0131 ak\u0131m ve di\u011fer yerle\u015fik korumalar.<\/td>\n<\/tr>\n<\/tbody>\n<\/table>\n<p>Bu kombinasyon, \u015febekeye ba\u011flansan\u0131z da ba\u011f\u0131ms\u0131z \u00e7al\u0131\u015fsan\u0131z da veya enerjiyi bataryalarda depolasan\u0131z da, konut g\u00fcne\u015f enerjisi sistemleri i\u00e7in verimli enerji y\u00f6netimini sa\u011flayarak \u00e7ok y\u00f6nl\u00fc bir tercih yapar. Kesintisiz batarya e\u015fle\u015fmesi i\u00e7in Haisic\u2019in batarya e\u015fle\u015ftirme yelpazesini ke\u015ffedin. <a href=\"https:\/\/haisicstorage.com\/tr\/home-lithium-battery-storage\/\">lityum pil depolama \u00e7\u00f6z\u00fcmleri<\/a> bu invert\u00f6rle performans\u0131 maksimize etmek i\u00e7in tasarlanm\u0131\u015ft\u0131r.<\/p>\n<h2>Haisic 10kW IP65 Hibrit G\u00fcne\u015f Invert\u00f6r\u00fc Teknik \u00d6zellikleri<\/h2>\n<table>\n<thead>\n<tr>\n<th>\u00d6zellik<\/th>\n<th>Detaylar<\/th>\n<\/tr>\n<\/thead>\n<tbody>\n<tr>\n<td><strong>PV Giri\u015f Gerilimi Aral\u0131\u011f\u0131<\/strong><\/td>\n<td>125V \u2013 500V DC<\/td>\n<\/tr>\n<tr>\n<td><strong>MPPT Gerilim Aral\u0131\u011f\u0131<\/strong><\/td>\n<td>150V \u2013 430V<\/td>\n<\/tr>\n<tr>\n<td><strong>MPPT Verimlili\u011fi<\/strong><\/td>\n<td>98% \u2013 99%<\/td>\n<\/tr>\n<tr>\n<td><strong>Nominal \u00c7\u0131k\u0131\u015f G\u00fcc\u00fc<\/strong><\/td>\n<td>10kW<\/td>\n<\/tr>\n<tr>\n<td><strong>\u00c7\u0131k\u0131\u015f Gerilimi<\/strong><\/td>\n<td>220\/230V AC<\/td>\n<\/tr>\n<tr>\n<td><strong>\u00c7\u0131k\u0131\u015f Ak\u0131m\u0131<\/strong><\/td>\n<td>30A<\/td>\n<\/tr>\n<tr>\n<td><strong>\u00c7\u0131k\u0131\u015f Frekans\u0131<\/strong><\/td>\n<td>50\/60Hz<\/td>\n<\/tr>\n<tr>\n<td><strong>Dalga Formu<\/strong><\/td>\n<td>Saf Sin\u00fcs Dalga<\/td>\n<\/tr>\n<tr>\n<td><strong>Inverter Verimlili\u011fi<\/strong><\/td>\n<td>En fazla 98%<\/td>\n<\/tr>\n<tr>\n<td><strong>Batarya Uyumlulu\u011fu<\/strong><\/td>\n<td>A\u011f\u0131r-vetarl\u0131 kur\u015fun-asit ve lityum piller<\/td>\n<\/tr>\n<tr>\n<td><strong>\u0130leti\u015fim Portlar\u0131<\/strong><\/td>\n<td>CAN \/ RS485<\/td>\n<\/tr>\n<tr>\n<td><strong>Ekran<\/strong><\/td>\n<td>LCD<\/td>\n<\/tr>\n<tr>\n<td><strong>Boyutlar (Geni\u015flik x Y\u00fckseklik x Derinlik)<\/strong><\/td>\n<td>330 x 580 x 232 mm<\/td>\n<\/tr>\n<tr>\n<td><strong>A\u011f\u0131rl\u0131k<\/strong><\/td>\n<td>31 kg<\/td>\n<\/tr>\n<tr>\n<td><strong>Koruma \u00d6zellikleri<\/strong><\/td>\n<td>A\u015f\u0131r\u0131 Gerilim Korumas\u0131<\/td>\n<\/tr>\n<tr>\n<td><strong>OEM \u00d6zelle\u015ftirme<\/strong><\/td>\n<td>Mevcut<\/td>\n<\/tr>\n<\/tbody>\n<\/table>\n<p>Bu tek fazl\u0131 10kW g\u00fcne\u015f en inverteri MPPT kontrol\u00f6r\u00fc ile y\u00fcksek verimlilik ve g\u00fcvenilirli\u011fi dengeler. Saf sin\u00fcs dalga \u00e7\u0131k\u0131\u015f\u0131 hassas ev veya i\u015f cihazlar\u0131 i\u00e7in temiz g\u00fc\u00e7 sa\u011flar. Geni\u015f PV giri\u015f voltaj\u0131 ve MPPT aral\u0131\u011f\u0131, g\u00fcne\u015f paneli kurulumlar\u0131na iyi uyum sa\u011flamas\u0131n\u0131 ve g\u00fcn boyunca enerji avc\u0131l\u0131\u011f\u0131n\u0131 optimize etmesini sa\u011flar.<\/p>\n<p>Kur\u015fun-asit ve lityum piller i\u00e7in uyumlu olup geli\u015fmi\u015f enerji depolama \u00e7\u00f6z\u00fcmlerini destekler. CAN ve RS485 gibi ak\u0131ll\u0131 ileti\u015fim se\u00e7enekleri, izlemesistemleriyle sorunsuz entegrasyon sa\u011flar; ger\u00e7ek zamanl\u0131 veriye ihtiya\u00e7 duyan konut g\u00fcne\u015f enerjisi sistemleri i\u00e7in idealdir.<\/p>\n<p>Enerji depolama se\u00e7eneklerini d\u00fc\u015f\u00fcnenler i\u00e7in inverter, pop\u00fcler pil \u00e7\u00f6z\u00fcmleriyle m\u00fckemmel \u00e7al\u0131\u015f\u0131r\u2014tavsiye bulunabilir: <a href=\"https:\/\/haisicstorage.com\/tr\/best-battery-storage-for-solar\/\">g\u00fcne\u015f enerjisi i\u00e7in en iyi batarya depolama rehberimiz<\/a> ayarlar\u0131n\u0131z\u0131 optimize etmek i\u00e7in.<\/p>\n<h2>Haisic 10kW IP65 Hibrit G\u00fcne\u015f Invert\u00f6r\u00fc Uygulamalar\u0131<\/h2>\n<p>Haisic 10kW hibrit inverter, enerji ba\u011f\u0131ms\u0131zl\u0131\u011f\u0131 hedefleyen konut g\u00fcne\u015f enerjisi sistemleri i\u00e7in m\u00fckemmeldir. Evinizin enerji ihtiya\u00e7lar\u0131n\u0131 sorunsuz kar\u015f\u0131lar ve kesinti s\u0131ras\u0131nda yedek g\u00fc\u00e7 sa\u011flar. Fazla enerjiyi a\u011fa geri besleme yetene\u011fi elektrik faturalar\u0131n\u0131 d\u00fc\u015f\u00fcrmeye yard\u0131mc\u0131 olur ve ye\u015fil enerji giri\u015fimlerini destekler.<\/p>\n<p>IP65 hava ko\u015fullar\u0131na dayan\u0131kl\u0131 tasar\u0131m\u0131 ve y\u00fcksek verimlili\u011fi sayesinde bu inverter de\u011fi\u015fken hava ko\u015fullar\u0131nda bile g\u00fcvenilir performans g\u00f6sterir ve d\u0131\u015f mek\u00e2n kullan\u0131m\u0131 i\u00e7in idealdir. Sorunsuz bir \u015febeke ba\u011fl\u0131l\u0131\u011f\u0131 veya sa\u011flam bir off-grid kurulumu isterseniz, bu inverter her ikisine de iyi uyum sa\u011flar.<\/p>\n<p>Ev enerjisi depolamas\u0131 i\u00e7in \u00f6zel olarak uyarlanm\u0131\u015f tam \u00e7\u00f6z\u00fcme ula\u015fmak i\u00e7in bak <a href=\"https:\/\/haisicstorage.com\/tr\/10kw-off-grid-solar-power-system\/\">10kW kesintisiz enerjiyle \u00e7al\u0131\u015fan g\u00fcne\u015f enerjisi sistemi<\/a> bu hibrit inverter ile m\u00fckemmel uyum sa\u011flayan.<\/p>\n<h2>Kurulum ve Uyum<\/h2>\n<p>Haisic 10kW IP65 Hibrit G\u00fcne\u015f Inverteri, yer tasarrufu sa\u011flayan duvara monte kurulumuyla basit bir kurulum i\u00e7in tasarlanm\u0131\u015ft\u0131r. Basit kablolama sistemi elektrik\u00e7iler veya kurulum yapanlar i\u00e7in ba\u011flant\u0131y\u0131 kolayla\u015ft\u0131r\u0131r, kurulum s\u00fcresini ve zorlu\u011fu azalt\u0131r. Tek fazl\u0131 g\u00fcne\u015f enerjisi sistemleri i\u00e7in \u00f6zellikle tasarlanm\u0131\u015f olup \u00e7o\u011fu konut ve k\u00fc\u00e7\u00fck ticari enerji kurulumuna iyi s\u0131\u011far.<\/p>\n<p>Bu inverter, Haisic lityum piller ile tam uyumludur, enerji depolama \u00e7\u00f6z\u00fcmleriyle birle\u015fti\u011finde sorunsuz entegrasyon ve optimize edilmi\u015f performans sa\u011flar ve <a href=\"https:\/\/haisicstorage.com\/tr\/25-6v-200ah-lithium-battery-home-energy-storage\/\">Haisic 25.6V 200Ah Lityum Pil<\/a>. ile birlikte g\u00fcvenilir lityum pil paketleriyle uyumlu olmas\u0131, kullan\u0131c\u0131lar\u0131n g\u00fcne\u015f enerjisini yedekleme veya off-grid kullan\u0131m i\u00e7in verimli bir \u015fekilde depolamas\u0131n\u0131 sa\u011flar ve enerji ba\u011f\u0131ms\u0131zl\u0131\u011f\u0131n\u0131 art\u0131r\u0131r.<\/p>\n<p>Mevcut sisteminizi y\u00fckseltiyor ya da yeni g\u00fcne\u015f depolama kurulumuna ge\u00e7iyorsan\u0131z, Haisic 10kW hibrit inverter\u2019in esnek tasar\u0131m\u0131 ve pil uyumlulu\u011fu, kan\u0131tlanm\u0131\u015f bile\u015fenlerle tak-\u00e7al\u0131\u015ft\u0131r deneyimi sunar.<\/p>\n<h2>Neden Haisic'i Se\u00e7melisiniz?<\/h2>\n<p>Haisic\u2019i se\u00e7mek, enerji depolama ve g\u00fcne\u015f inverter \u00e7\u00f6z\u00fcmlerinde kalite ve yenilik ile tan\u0131nan g\u00fcvenilir bir \u00fcreticiyle ortakl\u0131k kurmak anlam\u0131na gelir. \u0130\u015fte Haisic\u2019in neden \u00f6ne \u00e7\u0131kt\u0131\u011f\u0131:<\/p>\n<table>\n<thead>\n<tr>\n<th><strong>Avantajlar<\/strong><\/th>\n<th><strong>Detaylar<\/strong><\/th>\n<\/tr>\n<\/thead>\n<tbody>\n<tr>\n<td><strong>G\u00fcvenilir \u00dcretici<\/strong><\/td>\n<td>G\u00fcvenilir hibrit inverter ve pil \u00fcretiminde y\u0131llara dayanan deneyim.<\/td>\n<\/tr>\n<tr>\n<td><strong>Entegre \u00c7\u00f6z\u00fcmler<\/strong><\/td>\n<td>Enerji depolama sistemlerini invert\u00f6rlerle birle\u015ftirerek sorunsuz performans sa\u011flar. Kapsaml\u0131 sistem se\u00e7enekleri i\u00e7in <a href=\"https:\/\/haisicstorage.com\/tr\/10kwh-wall-mounted-home-energy-storage\/\">evde duvara monte 10kWh enerji depolama<\/a> tam sistem se\u00e7enekleri i\u00e7in.<\/td>\n<\/tr>\n<tr>\n<td><strong>OEM \u00d6zelle\u015ftirme<\/strong><\/td>\n<td>Belirli proje ihtiya\u00e7lar\u0131na g\u00f6re \u00f6zelle\u015ftirilmi\u015f inverter konfig\u00fcrasyonlar\u0131 sunar.<\/td>\n<\/tr>\n<tr>\n<td><strong>G\u00fc\u00e7l\u00fc Teknik Destek<\/strong><\/td>\n<td>D\u00fcnya \u00e7ap\u0131nda adanm\u0131\u015f m\u00fc\u015fteri hizmetleri ve teknik rehberlik.<\/td>\n<\/tr>\n<tr>\n<td><strong>Y\u00fcksek Kalite &amp; Verimlilik<\/strong><\/td>\n<td>98%+ verimlili\u011fine ve sa\u011flam IP65 d\u0131\u015f mekan korumas\u0131na sahip hibrit invert\u00f6rler \u00fcretir.<\/td>\n<\/tr>\n<\/tbody>\n<\/table>\n<p>Haisic ile sadece bir \u00fcr\u00fcn de\u011fil, k\u00fcresel olarak konut ve ticari kurulumlara uyacak tamamen g\u00fcne\u015f enerjisi \u00e7\u00f6z\u00fcmleri elde edersiniz. \u015eebekeye ba\u011fl\u0131 ya da ba\u011f\u0131ms\u0131z sistemler i\u00e7in olsun, Haisic\u2019in hibrit g\u00fcne\u015f enerjisi invert\u00f6rleri s\u00fcrekli, verimli ve dayan\u0131kl\u0131 g\u00fc\u00e7 y\u00f6netimi sunar.<\/p>\n<h2>SSS: Haisic 10kW IP65 Hibrit G\u00fcne\u015f Invert\u00f6r\u00fc<\/h2>\n<h3>S: Haisic 10kW hibrit invert\u00f6r\u00fc nas\u0131l kurulur?<\/h3>\n<p>Kurulum, duvara monte tasar\u0131m ve net kablolama talimatlar\u0131 ile basittir. Tek faz ba\u011flant\u0131lar\u0131n\u0131 destekler ve g\u00fcne\u015f panelleri ile pillerle kolayca entegre olur. PV giri\u015f voltaj\u0131n\u0131 (125-500V) e\u015fle\u015ftirmeniz ve pil t\u00fcr\u00fcn\u00fcz\u00fcn kur\u015fun-asit veya lityumla uyumlu oldu\u011fundan emin olman\u0131z gerekir.<\/p>\n<h3>S: \u0130nvert\u00f6rde hangi garanti vard\u0131r?<\/h3>\n<p>Haisic, \u00fcretim hatalar\u0131 ve performans sorunlar\u0131n\u0131 kapsayan g\u00fcvenilir bir garanti sunar. Tam ayr\u0131nt\u0131lar ve herhangi bir talep i\u00e7in Haisic destek ile ileti\u015fime ge\u00e7ebilir veya resmi web sitesindeki garanti ko\u015fullar\u0131n\u0131 kontrol edebilirsiniz.<\/p>\n<h3>S: Bu invert\u00f6r ile g\u00fcne\u015f enerjisi sistemimi nas\u0131l boyutland\u0131r\u0131r\u0131m?<\/h3>\n<p>Sisteminizin boyutunu belirlerken enerji ihtiya\u00e7lar\u0131n\u0131z\u0131, pil kapasitenizi ve panel \u00e7\u0131k\u0131\u015f voltaj\u0131n\u0131 (150-430V MPPT aral\u0131\u011f\u0131) g\u00f6z \u00f6n\u00fcnde bulundurun. \u0130nvert\u00f6r\u00fcn 10kW g\u00fc\u00e7 de\u011feri ve y\u00fcksek verimlili\u011fi (en yak\u0131n 98%) sistemi a\u015f\u0131r\u0131 boyutland\u0131rmadan en \u00fcst d\u00fczeye \u00e7\u0131karman\u0131za yard\u0131mc\u0131 olur. \u00d6zelle\u015ftirilmi\u015f tavsiyeler i\u00e7in Haisic\u2019in tam \u00fcr\u00fcn yelpazesini, uyumlu piller dahil, incelemeniz karar\u0131n\u0131za rehberlik edebilir.<\/p>\n<h3>S: Sistem performans\u0131n\u0131 uzaktan izleyebilir miyim?<\/h3>\n<p>Evet, invert\u00f6rde LCD ekran\u0131n yan\u0131 s\u0131ra CAN ve RS485 ileti\u015fim portlar\u0131 bulunmaktad\u0131r ve ak\u0131ll\u0131 izleme ile uzaktan sistem y\u00f6netimine izin verir.<\/p>\n<p>Uyumlu pil sistemlerini ke\u015ffetmek isterseniz bak <a href=\"https:\/\/haisicstorage.com\/tr\/12-8v-280ah-bms-battery-storage-system\/\">Haisic invert\u00f6rlerle sorunsuz \u00e7al\u0131\u015fan 12.8V 280Ah BMS pil depolama sistemi<\/a> ile.<\/p>\n<p>Haisic 10kW IP65 Hibrit G\u00fcne\u015f Invert\u00f6r\u00fc i\u00e7in ki\u015fiye \u00f6zel teklif almak veya daha spesifik sorular i\u00e7in ziyaret edin <a href=\"https:\/\/haisicstorage.com\/tr\/quote-received-page\/\">Haisic teklif talep sayfas\u0131<\/a> uzman deste\u011fi almak i\u00e7in.<\/p>","protected":false},"excerpt":{"rendered":"<p>Haisic 10kW IP65 hibrit g\u00fcne\u015f invert\u00f6r\u00fc MPPT kontrol\u00f6r\u00fc ile 125V-500V PV giri\u015fi i\u00e7in tek faz 220V \u00e7\u0131k\u0131\u015f\u0131n\u0131 destekler ve verimli enerji depolama sa\u011flar.<\/p>","protected":false},"featured_media":2626,"template":"","meta":{"site-sidebar-layout":"default","site-content-layout":"","ast-site-content-layout":"default","site-content-style":"default","site-sidebar-style":"default","ast-global-header-display":"","ast-banner-title-visibility":"","ast-main-header-display":"","ast-hfb-above-header-display":"","ast-hfb-below-header-display":"","ast-hfb-mobile-header-display":"","site-post-title":"","ast-breadcrumbs-content":"","ast-featured-img":"","footer-sml-layout":"","ast-disable-related-posts":"","theme-transparent-header-meta":"default","adv-header-id-meta":"","stick-header-meta":"default","header-above-stick-meta":"","header-main-stick-meta":"","header-below-stick-meta":"","astra-migrate-meta-layouts":"set","ast-page-background-enabled":"default","ast-page-background-meta":{"desktop":{"background-color":"var(--ast-global-color-4)","background-image":"","background-repeat":"repeat","background-position":"center center","background-size":"auto","background-attachment":"scroll","background-type":"","background-media":"","overlay-type":"","overlay-color":"","overlay-opacity":"","overlay-gradient":""},"tablet":{"background-color":"","background-image":"","background-repeat":"repeat","background-position":"center center","background-size":"auto","background-attachment":"scroll","background-type":"","background-media":"","overlay-type":"","overlay-color":"","overlay-opacity":"","overlay-gradient":""},"mobile":{"background-color":"","background-image":"","background-repeat":"repeat","background-position":"center center","background-size":"auto","background-attachment":"scroll","background-type":"","background-media":"","overlay-type":"","overlay-color":"","overlay-opacity":"","overlay-gradient":""}},"ast-content-background-meta":{"desktop":{"background-color":"var(--ast-global-color-5)","background-image":"","background-repeat":"repeat","background-position":"center center","background-size":"auto","background-attachment":"scroll","background-type":"","background-media":"","overlay-type":"","overlay-color":"","overlay-opacity":"","overlay-gradient":""},"tablet":{"background-color":"var(--ast-global-color-5)","background-image":"","background-repeat":"repeat","background-position":"center center","background-size":"auto","background-attachment":"scroll","background-type":"","background-media":"","overlay-type":"","overlay-color":"","overlay-opacity":"","overlay-gradient":""},"mobile":{"background-color":"var(--ast-global-color-5)","background-image":"","background-repeat":"repeat","background-position":"center center","background-size":"auto","background-attachment":"scroll","background-type":"","background-media":"","overlay-type":"","overlay-color":"","overlay-opacity":"","overlay-gradient":""}}},"product_brand":[],"product_cat":[46],"product_tag":[],"class_list":{"0":"post-2623","1":"product","2":"type-product","3":"status-publish","4":"has-post-thumbnail","6":"product_cat-solar-hybrid-inverter","7":"desktop-align-left","8":"tablet-align-left","9":"mobile-align-left","10":"ast-product-gallery-layout-horizontal-slider","11":"ast-product-tabs-layout-horizontal","13":"first","14":"instock","15":"shipping-taxable","16":"purchasable","17":"product-type-simple"},"_links":{"self":[{"href":"https:\/\/haisicstorage.com\/tr\/wp-json\/wp\/v2\/product\/2623","targetHints":{"allow":["GET"]}}],"collection":[{"href":"https:\/\/haisicstorage.com\/tr\/wp-json\/wp\/v2\/product"}],"about":[{"href":"https:\/\/haisicstorage.com\/tr\/wp-json\/wp\/v2\/types\/product"}],"version-history":[{"count":2,"href":"https:\/\/haisicstorage.com\/tr\/wp-json\/wp\/v2\/product\/2623\/revisions"}],"predecessor-version":[{"id":3488,"href":"https:\/\/haisicstorage.com\/tr\/wp-json\/wp\/v2\/product\/2623\/revisions\/3488"}],"wp:featuredmedia":[{"embeddable":true,"href":"https:\/\/haisicstorage.com\/tr\/wp-json\/wp\/v2\/media\/2626"}],"wp:attachment":[{"href":"https:\/\/haisicstorage.com\/tr\/wp-json\/wp\/v2\/media?parent=2623"}],"wp:term":[{"taxonomy":"product_brand","embeddable":true,"href":"https:\/\/haisicstorage.com\/tr\/wp-json\/wp\/v2\/product_brand?post=2623"},{"taxonomy":"product_cat","embeddable":true,"href":"https:\/\/haisicstorage.com\/tr\/wp-json\/wp\/v2\/product_cat?post=2623"},{"taxonomy":"product_tag","embeddable":true,"href":"https:\/\/haisicstorage.com\/tr\/wp-json\/wp\/v2\/product_tag?post=2623"}],"curies":[{"name":"wp","href":"https:\/\/api.w.org\/{rel}","templated":true}]}}