{"id":2614,"date":"2025-12-13T09:47:16","date_gmt":"2025-12-13T09:47:16","guid":{"rendered":"https:\/\/haisicstorage.com\/haisic-6kw-ip65-hybrid-solar-inverter-single-phase-mppt-controller-150v430v-dc-input-pure-sine-wave-output\/"},"modified":"2026-02-27T07:06:55","modified_gmt":"2026-02-27T07:06:55","slug":"haisic-6kw-ip65-hybrid-solar-inverter-single-phase-mppt-controller-150v430v-dc-input-pure-sine-wave-output","status":"publish","type":"product","link":"https:\/\/haisicstorage.com\/tr\/haisic-6kw-ip65-hybrid-solar-inverter-single-phase-mppt-controller-150v430v-dc-input-pure-sine-wave-output\/","title":{"rendered":"Haisic 6kW IP65 Tek Fazl\u0131 Hibrit G\u00fcne\u015f Invert\u00f6r\u00fc with MPPT Kontrol\u00f6r\u00fc"},"content":{"rendered":"<h2>\u00dcr\u00fcn Genel Bak\u0131\u015f<\/h2>\n<p>Haisic 6kW Hibrit G\u00fcne\u015f Invert\u00f6r\u00fc, verimli g\u00fcne\u015f enerjisi d\u00f6n\u00fc\u015f\u00fcm\u00fc ve depolamas\u0131 i\u00e7in tasarlanm\u0131\u015f g\u00fcvenilir, her \u015fey dahil bir \u00e7\u00f6z\u00fcmd\u00fcr. Tek fazl\u0131 tasar\u0131m\u0131yla konut ve k\u00fc\u00e7\u00fck i\u015fletme g\u00fcne\u015f enerjisi sistemlerini sorunsuz destekler. IP65 s\u0131n\u0131f\u0131 muhafazas\u0131, toz ve suya kar\u015f\u0131 sa\u011flam koruma sa\u011flar; d\u0131\u015f mekan kurulumlar\u0131 i\u00e7in \u00e7e\u015fitli ortamlarda idealdir. Geli\u015fmi\u015f MPPT (Maksimum G\u00fc\u00e7 Noktas\u0131 \u0130zleme) g\u00fcne\u015f kontrol\u00f6r\u00fc ile donat\u0131lan bu inverter, en iyi voltaj ve ak\u0131m ko\u015fullar\u0131na s\u00fcrekli uyum sa\u011flayarak g\u00fcne\u015f enerjisi verimini optimize eder. Bu kombinasyon maksimum g\u00fcne\u015f verimi, istikrarl\u0131 g\u00fc\u00e7 \u00e7\u0131k\u0131\u015f\u0131 ve geli\u015fmi\u015f toplam sistem verimlili\u011fi garantiler.<\/p>\n<h2>Haisic 6kW IP65 Hibrit G\u00fcne\u015f Invert\u00f6r\u00fc'n\u00fcn Temel \u00d6zellikleri<\/h2>\n<p>Haisic 6kW hibrit invert\u00f6r\u00fc, g\u00fcvenilir ve verimli g\u00fcne\u015f g\u00fcc\u00fc i\u00e7in tasarlanm\u0131\u015f g\u00fc\u00e7l\u00fc \u00f6zellikler i\u00e7erir:<\/p>\n<ul>\n<li>\n<h3>Saf Harmonik Dalga \u00c7\u0131k\u0131\u015f\u0131<\/h3>\n<p>Elektrik sensitif ev aletleri i\u00e7in temiz, istikrarl\u0131 elektrik sa\u011flar.<\/li>\n<li>\n<h3>Yerle\u015fik MPPT Kontrol\u00f6r\u00fc<\/h3>\n<p>G\u00fcne\u015f panellerinizden enerji hasad\u0131n\u0131 maksimize eden 98-99% takip verimlili\u011fi sunar.<\/li>\n<li>\n<h3>Geni\u015f MPPT Gerilim Aral\u0131\u011f\u0131<\/h3>\n<p>150-430V DC giri\u015fi destekler, esnek fotovoltaik (PV) dizilimlerine olanak tan\u0131r.<\/li>\n<li>\n<h3>IP65 S\u0131n\u0131f\u0131 Muhafaza<\/h3>\n<p>Tamamen su ge\u00e7irmez ve toz ge\u00e7irmez, zorlu ortamlar d\u00e2hil olmak \u00fczere d\u0131\u015f mek\u00e2n kurulumlar\u0131 i\u00e7in ideal.<\/li>\n<li>\n<h3>Batarya Uyumlulu\u011fu<\/h3>\n<p>Kur\u015fun asitli ve lityum bataryalar\u0131n her ikisiyle sorunsuz \u00e7al\u0131\u015f\u0131r, y\u00fcksek performansl\u0131 lityum se\u00e7enekleri dahil.<\/li>\n<li>\n<h3>Ak\u0131ll\u0131 \u0130leti\u015fim<\/h3>\n<p>Kolay sistem izleme ve entegrasyon i\u00e7in CAN ve RS485 protokolleri ile donat\u0131lm\u0131\u015ft\u0131r.<\/li>\n<li>\n<h3>G\u00fc\u00e7l\u00fc Koruma<\/h3>\n<p>Gerilim a\u015f\u0131m\u0131 korumas\u0131 ve sistemi g\u00fcvence alt\u0131na almak i\u00e7in \u00e7ok say\u0131da g\u00fcvenlik \u00f6zelli\u011fi i\u00e7erir.<\/li>\n<li>\n<h3>Kullan\u0131c\u0131 Dostu LCD Ekran<\/h3>\n<p>Ger\u00e7ek zamanl\u0131 durumu g\u00f6sterir ve konfig\u00fcrasyonu sadele\u015ftirir, sistem performans\u0131n\u0131 izlemenize yard\u0131mc\u0131 olur.<\/li>\n<\/ul>\n<table>\n<thead>\n<tr>\n<th>\u00d6zellik<\/th>\n<th>Detay<\/th>\n<\/tr>\n<\/thead>\n<tbody>\n<tr>\n<td>\u00c7\u0131k\u0131\u015f Dalga Formu<\/td>\n<td>Saf Sin\u00fcs Dalga<\/td>\n<\/tr>\n<tr>\n<td>MPPT Verimlili\u011fi<\/td>\n<td>98-99%<\/td>\n<\/tr>\n<tr>\n<td>MPPT Gerilim Aral\u0131\u011f\u0131<\/td>\n<td>150-430V DC<\/td>\n<\/tr>\n<tr>\n<td>Toz ve Suya Kar\u015f\u0131 Koruma (Ingress Protection)<\/td>\n<td>IP65 Suya ve Toza Dayan\u0131kl\u0131<\/td>\n<\/tr>\n<tr>\n<td>Pil T\u00fcrleri<\/td>\n<td>Kur\u015fun Asit \/ Lityum<\/td>\n<\/tr>\n<tr>\n<td>\u0130leti\u015fim Portlar\u0131<\/td>\n<td>CAN \/ RS485<\/td>\n<\/tr>\n<tr>\n<td>Koruma Mekanizmalar\u0131<\/td>\n<td>Gerilim A\u015f\u0131m\u0131 ve daha fazlas\u0131<\/td>\n<\/tr>\n<tr>\n<td>Ekran<\/td>\n<td>Durum ve Ayarlar i\u00e7in LCD<\/td>\n<\/tr>\n<\/tbody>\n<\/table>\n<p>Bu \u00f6zelliklerle Haisic 6kW IP65 hibrit invert\u00f6r, konut ve k\u00fc\u00e7\u00fck i\u015fletme g\u00fcne\u015f sistemleri i\u00e7in sa\u011flam ve esnek bir se\u00e7enek olarak \u00f6ne \u00e7\u0131k\u0131yor. \u0130le uyumlu <a href=\"https:\/\/haisicstorage.com\/tr\/home-lithium-battery-storage\/\">Haisic lityum pil depolama \u00e7\u00f6z\u00fcmleri<\/a> g\u00fcvenilir, verimli bir g\u00fcne\u015f enerjisi kurulumu olu\u015fturmak i\u00e7in.<\/p>\n<h2>Haisic 6kW Hibrit G\u00fcne\u015f Invert\u00f6r\u00fc Teknik \u00d6zellikleri<\/h2>\n<p>\u0130\u015fte verimli g\u00fcne\u015f enerjisi d\u00f6n\u00fc\u015f\u00fcm\u00fc ve depolama i\u00e7in tasarlanm\u0131\u015f Haisic 6kW IP65 hibrit inverter i\u00e7in ana \u00f6zelliklere h\u0131zl\u0131 bir bak\u0131\u015f:<\/p>\n<table>\n<thead>\n<tr>\n<th>\u00d6zellik<\/th>\n<th>Detaylar<\/th>\n<\/tr>\n<\/thead>\n<tbody>\n<tr>\n<td><strong>\u0130nverter T\u00fcr\u00fc<\/strong><\/td>\n<td>Hibrit G\u00fc\u00e7 \u0130nverteri<\/td>\n<\/tr>\n<tr>\n<td><strong>Nominal G\u00fc\u00e7<\/strong><\/td>\n<td>6kW<\/td>\n<\/tr>\n<tr>\n<td><strong>Giri\u015f Gerilimi Aral\u0131\u011f\u0131<\/strong><\/td>\n<td>150-430V DC<\/td>\n<\/tr>\n<tr>\n<td><strong>\u00c7\u0131k\u0131\u015f Gerilimi<\/strong><\/td>\n<td>220\/230V AC (Tek Faz)<\/td>\n<\/tr>\n<tr>\n<td><strong>\u00c7\u0131k\u0131\u015f Ak\u0131m\u0131<\/strong><\/td>\n<td>30A<\/td>\n<\/tr>\n<tr>\n<td><strong>\u00c7\u0131k\u0131\u015f Frekans\u0131<\/strong><\/td>\n<td>50\/60Hz<\/td>\n<\/tr>\n<tr>\n<td><strong>Inverter Verimlili\u011fi<\/strong><\/td>\n<td>98%<\/td>\n<\/tr>\n<tr>\n<td><strong>MPPT Verimlili\u011fi<\/strong><\/td>\n<td>98-99%<\/td>\n<\/tr>\n<tr>\n<td><strong>Dalga Formu<\/strong><\/td>\n<td>Saf Sin\u00fcs Dalga<\/td>\n<\/tr>\n<tr>\n<td><strong>Batarya Uyumlulu\u011fu<\/strong><\/td>\n<td>Kur\u015fun Asit \/ Lityum<\/td>\n<\/tr>\n<tr>\n<td><strong>Koruma \u00d6zellikleri<\/strong><\/td>\n<td>Gerilim A\u015f\u0131m\u0131 ve kapsaml\u0131 korumalar<\/td>\n<\/tr>\n<tr>\n<td><strong>\u0130leti\u015fim<\/strong><\/td>\n<td>CAN \/ RS485<\/td>\n<\/tr>\n<tr>\n<td><strong>Ekran<\/strong><\/td>\n<td>LCD<\/td>\n<\/tr>\n<tr>\n<td><strong>Boyutlar (mm)<\/strong><\/td>\n<td>580 x 330 x 252<\/td>\n<\/tr>\n<tr>\n<td><strong>A\u011f\u0131rl\u0131k<\/strong><\/td>\n<td>24kg<\/td>\n<\/tr>\n<tr>\n<td><strong>OEM\/ODM<\/strong><\/td>\n<td>Kabul edilebilir<\/td>\n<\/tr>\n<\/tbody>\n<\/table>\n<p>Bu tek fazl\u0131 g\u00fcne\u015f inverter\u0131 geni\u015f bir MPPT gerilim aral\u0131\u011f\u0131n\u0131 destekler, esnek PV paneli kurulumlar\u0131na olanak tan\u0131r. Saf sin\u00fcs dalga \u00e7\u0131kt\u0131s\u0131 hassas ev aletlerine temiz, istikrarl\u0131 g\u00fc\u00e7 sa\u011flar. Ayr\u0131ca kur\u015fun asit ve lityum bataryalarla uyumlu oldu\u011fu i\u00e7in bir\u00e7ok konut g\u00fcne\u015f sistemi i\u00e7in \u00e7ok y\u00f6nl\u00fc bir se\u00e7imdir.<\/p>\n<p>Optimize edilmi\u015f pil depolama \u00e7\u00f6z\u00fcmleri i\u00e7in Haisic d\u00fc\u015f\u00fck gerilim ile e\u015fle\u015ftirmeyi d\u00fc\u015f\u00fcn\u00fcn <a href=\"https:\/\/haisicstorage.com\/tr\/low-volt-51-2v-9-5kwh-powerwall\/\">9.5kWh G\u00fc\u00e7 Duvar\u0131<\/a> enerji ba\u011f\u0131ms\u0131zl\u0131\u011f\u0131n\u0131 ve depolama yeteneklerini art\u0131rmak i\u00e7in.<\/p>\n<h2>Haisic 6kW IP65 Hibrit G\u00fcne\u015f Invert\u00f6r\u00fc'nin Yararlar\u0131 ve Uygulamalar\u0131<\/h2>\n<p>Haisic 6kW hibrit invert\u00f6r\u00fc, <strong>konut g\u00fcne\u015f sistemleri<\/strong>, enerji ba\u011f\u0131ms\u0131zl\u0131\u011f\u0131 ve elektrik kesintilerinde g\u00fcvenilir yedek g\u00fc\u00e7 sa\u011flar. Griyle etkile\u015fimi sorunsuz hale getirir ve g\u00fcne\u015f enerjisi hasad\u0131n\u0131 en \u00fcst d\u00fczeye \u00e7\u0131kar\u0131r.<\/p>\n<h3>Anahtar Faydalar:<\/h3>\n<ul>\n<li><strong>Enerji Ba\u011f\u0131ms\u0131zl\u0131\u011f\u0131:<\/strong> Kendi g\u00fcne\u015f enerjinizi depolayarak ve y\u00f6neterek \u015febekeye ba\u011f\u0131ml\u0131l\u0131\u011f\u0131 azalt\u0131n.<\/li>\n<li><strong>Yedek G\u00fc\u00e7:<\/strong> Kesintilerde evinizi kesintisiz pil deste\u011fiyle \u00e7al\u0131\u015f\u0131r durumda tutar.<\/li>\n<li><strong>Esnek Kurulum:<\/strong> Evler veya k\u00fc\u00e7\u00fck i\u015fletmeler i\u00e7in \u015febekeye ba\u011fl\u0131, \u015febekeden ba\u011f\u0131ms\u0131z veya hibrit g\u00fcne\u015f sistemleriyle \u00e7al\u0131\u015f\u0131r.<\/li>\n<li><strong>Optimize Edilmi\u015f G\u00fcne\u015f Kullan\u0131m\u0131:<\/strong> Pil \u015farj\u0131n\u0131 destekler ve enerji kullan\u0131m\u0131n\u0131 iyile\u015ftirmek i\u00e7in y\u00fck \u00f6nceliklendirmesini y\u00f6netir.<\/li>\n<\/ul>\n<table>\n<thead>\n<tr>\n<th>Fayda<\/th>\n<th>Uygulama<\/th>\n<\/tr>\n<\/thead>\n<tbody>\n<tr>\n<td>Enerji Ba\u011f\u0131ms\u0131zl\u0131\u011f\u0131<\/td>\n<td>Elektrik Faturas\u0131n\u0131 D\u00fc\u015f\u00fcr\u00fcn<\/td>\n<\/tr>\n<tr>\n<td>Yedek G\u00fc\u00e7<\/td>\n<td>\u015eebeke ar\u0131zas\u0131nda g\u00fc\u00e7<\/td>\n<\/tr>\n<tr>\n<td>\u015eebeke Uyumlulu\u011fu<\/td>\n<td>Art\u0131k g\u00fcne\u015f enerjisini geri sat\u0131n<\/td>\n<\/tr>\n<tr>\n<td>Y\u00fck Y\u00f6netimi<\/td>\n<td>Gerekli cihazlara \u00f6ncelik ver<\/td>\n<\/tr>\n<tr>\n<td>Esnek Kurulum<\/td>\n<td>\u015eebekeye ba\u011fl\u0131, ba\u011f\u0131ms\u0131z, hibrit sistemler<\/td>\n<\/tr>\n<\/tbody>\n<\/table>\n<p>Bu invert\u00f6r, Haisic enerji depolama pillerine iyi uyum sa\u011flar ve g\u00fcvenilir, y\u00fcksek verimli bir cihaz isteyen herkes i\u00e7in idealdir <strong>g\u00fcne\u015f enerjisi depolama inverteri<\/strong> ikamet i\u00e7in. Bakk\u0131m\u0131z\u0131 inceleyin <a href=\"https:\/\/haisicstorage.com\/tr\/5kw-power-energy-storage-solar-system-for-home\/\">Ev i\u00e7in 5kW g\u00fc\u00e7 enerji depolama g\u00fcne\u015f sistemi<\/a> tam sistem se\u00e7eneklerini ke\u015ffetmek i\u00e7in.<\/p>\n<h2>Kurulum ve Uyum<\/h2>\n<p>Haisic 6kW IP65 hibrit g\u00fcne\u015f enerjisi inverteri, i\u00e7 mekanda bir duvara monte edilip edilmedi\u011fine bak\u0131lmaks\u0131z\u0131n kurulumu kolay olacak \u015fekilde tasarlanm\u0131\u015ft\u0131r; sa\u011flam IP65 su ge\u00e7irmezlik s\u0131n\u0131f\u0131 sayesinde d\u0131\u015f mekanda da kurulum i\u00e7in idealdir. Bu, karma\u015f\u0131k muhafazalara ihtiya\u00e7 duymadan kurulumlar\u0131 basitle\u015ftirir ve \u00e7e\u015fitli ortamlarda kullan\u0131m\u0131n\u0131 kolayla\u015ft\u0131r\u0131r.<\/p>\n<p>Haisic\u2019nin enerji depolama pilleriyle tamamen uyumludur, pop\u00fcler modeller dahil <a href=\"https:\/\/haisicstorage.com\/tr\/51-2v-100ah-5120wh-floor-mounted-home-energy-storage\/\">51.2V 100Ah zemin montajl\u0131 enerji depolama sistemi<\/a> ve standart fotovoltaik (PV) panellerle. Bu uyumluluk, mevcut g\u00fcne\u015f enerjisi kurulumunuza veya yeni konut hibrit sistemlerinize sorunsuz entegrasyon sa\u011flar.<\/p>\n<p>Sistem entegrat\u00f6rleri ve kurulum yapanlar i\u00e7in inverter, net kablolama \u015femalar\u0131n\u0131 destekler ve paneller, piller ve y\u00fckler i\u00e7in basit ba\u011flant\u0131 se\u00e7enekleri sunar. Bu, kurulum s\u00fcresini azalt\u0131r ve yayg\u0131n kurulum hatalar\u0131n\u0131 \u00f6nlemeye yard\u0131mc\u0131 olarak, g\u00fcne\u015f enerjisi depolama sisteminizin ilk g\u00fcn\u00fcnden itibaren verimli \u00e7al\u0131\u015fmas\u0131n\u0131 sa\u011flar.<\/p>\n<h2>Neden Haisic'i Se\u00e7melisiniz<\/h2>\n<p>Haisic, sa\u011flam tecr\u00fcbemiz ve kaliteye ba\u011fl\u0131l\u0131\u011f\u0131m\u0131z sayesinde g\u00fcne\u015f enerjisi inverteri ve enerji depolama pazar\u0131nda \u00f6ne \u00e7\u0131kan bir tercihtir. \u00d6nde gelen bir enerji depolama bataryas\u0131 \u00fcreticisi ve tedarik\u00e7isi olarak, uzun \u00f6m\u00fcrl\u00fc ve g\u00fcvenilir performans g\u00f6steren LiFePO4 bataryalar ve g\u00fcne\u015f \u00e7\u00f6z\u00fcmlerinde uzmanla\u015fm\u0131\u015f bulunuyoruz.<\/p>\n<p><strong>Haisic\u2019i g\u00fcvenilir orta\u011f\u0131n\u0131z yapan nedir?<\/strong><\/p>\n<table>\n<thead>\n<tr>\n<th>\u00d6zellik<\/th>\n<th>Fayda<\/th>\n<\/tr>\n<\/thead>\n<tbody>\n<tr>\n<td>Y\u0131llar\u0131n End\u00fcstri Deneyimi<\/td>\n<td>Batarya ve g\u00fcne\u015f teknolojilerinde kan\u0131tlanm\u0131\u015f ge\u00e7mi\u015f<\/td>\n<\/tr>\n<tr>\n<td>Y\u00fcksek Kaliteli Bile\u015fenler<\/td>\n<td>Dayan\u0131kl\u0131, g\u00fcvenli ve verimli \u00fcr\u00fcnler<\/td>\n<\/tr>\n<tr>\n<td>LiFePO4 Batarya Uzmanl\u0131\u011f\u0131<\/td>\n<td>G\u00fcvenli, uzun \u00f6m\u00fcrl\u00fc enerji depolama \u00e7\u00f6z\u00fcmleri<\/td>\n<\/tr>\n<tr>\n<td>OEM\/ODM Hizmetleri<\/td>\n<td>\u0130htiya\u00e7lar\u0131n\u0131za g\u00f6re \u00f6zelle\u015ftirilmi\u015f projeler<\/td>\n<\/tr>\n<tr>\n<td>Global Destek<\/td>\n<td>Yerel ve uluslararas\u0131 pazarlara uygun \u00e7\u00f6z\u00fcmler<\/td>\n<\/tr>\n<\/tbody>\n<\/table>\n<p>Haisic\u2019i se\u00e7mek, istikrarl\u0131 performans sunmay\u0131 hedefleyen g\u00fcvenilir bir hibrit g\u00fcne\u015f inverteri ve batarya kombinasyonu edinmeniz anlam\u0131na gelir. \u0130ster standart bir kurulum ister \u00f6zelle\u015ftirilmi\u015f bir \u015fey istiyor olun, OEM se\u00e7eneklerimiz projenize tam uyan \u00e7\u00f6z\u00fcm\u00fc sunar.<\/p>\n<p>Haisic 6kW hibrit invert\u00f6r ile m\u00fckemmel uyum sa\u011flayan pil se\u00e7eneklerini inceleyin ve ayr\u0131nt\u0131l\u0131 <a href=\"https:\/\/haisicstorage.com\/tr\/lifepo4-battery-51-2v-100ah\/\">LiFePO4 pil 51.2V 100Ah<\/a> ve bunlar\u0131n g\u00fcne\u015f enerjisi depolama sisteminizi nas\u0131l y\u00fckseltebilece\u011fini \u00f6\u011frenin.<\/p>\n<h2>Haisic 6kW IP65 Hibrit G\u00fcne\u015f Invert\u00f6r\u00fcyle ilgili SSS<\/h2>\n<h3>S1: Haisic 6kW hibrit invert\u00f6r\u00fcn verimlili\u011fi nedir?<\/h3>\n<p>Verimli bir \u015fekilde \u00e7al\u0131\u015fan invert\u00f6r, dahili MPPT g\u00fcne\u015f kontrol\u00f6r\u00fc ile maksimum enerji hasad\u0131 i\u00e7in 99%\u2019e kadar izleme verimlili\u011fi elde eden 98% y\u00fcksek verimlilik sunar.<\/p>\n<h3>S2: Bu invert\u00f6rle kur\u015fun asit ve lityum pil kullanabilir miyim?<\/h3>\n<p>Evet, invert\u00f6r kur\u015fun asit ve lityum pil t\u00fcrleriyle uyumludur, farkl\u0131 enerji depolama kurulumlar\u0131 i\u00e7in esneklik sa\u011flar. Lityum pil se\u00e7enekleri hakk\u0131nda daha fazla bilgi edinmek istiyorsan\u0131z <a href=\"https:\/\/haisicstorage.com\/tr\/lithium-golf-cart-battery\/\">lityum golf arabas\u0131 pili \u00e7\u00f6z\u00fcmlerimize bak\u0131n<\/a>.<\/p>\n<h3>S3: Haisic hibrit invert\u00f6r d\u0131\u015f mekanda kuruluma uygun mu?<\/h3>\n<p>Kesinlikle. IP65 dereceli muhafazas\u0131 vard\u0131r; bu da toz ge\u00e7irmez ve su ge\u00e7irmez oldu\u011fu anlam\u0131na gelir, zorlu d\u0131\u015f mekanlar i\u00e7in m\u00fckemmeldir.<\/p>\n<h3>S4: \u0130nvert\u00f6r \u015febeke kesintilerine veya g\u00fc\u00e7 yedeklemelerine nas\u0131l tepki verir?<\/h3>\n<p>Bu invert\u00f6r kesintiler s\u0131ras\u0131nda temel y\u00fcklerin g\u00fc\u00e7lerini s\u00fcrd\u00fcrmek i\u00e7in \u00f6ncelikli y\u00fck y\u00f6netimiyle kesintisiz pil yedeklili\u011fini destekler.<\/p>\n<h3>S5: Hangi koruma \u00f6zellikleri dahil edilmi\u015ftir?<\/h3>\n<p>A\u015f\u0131r\u0131 gerilim korunmas\u0131, k\u0131sa devre ve a\u015f\u0131r\u0131 y\u00fck korumas\u0131 dahil olmak \u00fczere sisteminizi g\u00fcvenli ve g\u00fcvenilir tutmak i\u00e7in kapsaml\u0131 korumalar sunar.<\/p>\n<h3>S6: Sistem durumunu nas\u0131l izleyebilirim?<\/h3>\n<p>Entegre LCD ekran ger\u00e7ek zamanl\u0131 bilgi sa\u011flar ve invert\u00f6r uzaktan izleme i\u00e7in CAN ve RS485 gibi ak\u0131ll\u0131 haberle\u015fme protokollerini destekler.<\/p>\n<h3>S7: Garanti ve destek hakk\u0131nda ne var?<\/h3>\n<p>Haisic g\u00fcvenilir garanti kapsam\u0131 ve kurulum, yap\u0131land\u0131rma ve gerekti\u011finde ar\u0131za giderme konular\u0131nda yard\u0131mc\u0131 olmak i\u00e7in m\u00fc\u015fteri deste\u011fi sunar.<\/p>\n<p>Komple sistem kurulumunu merak ediyorsan\u0131z, ayr\u0131nt\u0131l\u0131 k\u0131lavuzlar\u0131m\u0131z\u0131 inceleyin <a href=\"https:\/\/haisicstorage.com\/tr\/battery-storage-for-home\/\">ev kullan\u0131m\u0131 i\u00e7in batarya depolama<\/a> gelire en iyi \u015fekilde enerji depolama invert\u00f6r\u00fc kullanmak i\u00e7in.<\/p>\n<h2>\u0130lgili \u00dcr\u00fcnler<\/h2>\n<p>Haisic 6kW IP65 hibrit g\u00fcne\u015f enerjisi invert\u00f6r\u00fcn\u00fczden en iyi \u015fekilde yararlanmak i\u00e7in, uygun Haisic enerji depolama pilleri ve g\u00fcne\u015f panelleri ile e\u015fle\u015ftirmek anahtard\u0131r. \u0130nceledi\u011fimiz \u00f6neriyoruz <strong><a href=\"https:\/\/haisicstorage.com\/tr\/51-2v-400ah-20480wh-lifepo4-battery\/\">51.2V 400Ah LiFePO4 pil<\/a><\/strong> g\u00fcvenilir, y\u00fcksek kapasiteli enerji depolama i\u00e7in bu invert\u00f6r\u00fcn pil uyumlu tasar\u0131m\u0131n\u0131 m\u00fckemmel \u015fekilde tamamlar. Ba\u015fka bir m\u00fckemmel se\u00e7enek ise <strong><a href=\"https:\/\/haisicstorage.com\/tr\/51-2v-305ah-15616wh-touchscreen-home-energy-battery\/\">51.2V 305Ah dokunmatik ekranl\u0131 ev enerji pilidir<\/a><\/strong>, sisteminize ak\u0131ll\u0131 izleme ve kolay kontrol sa\u011flar.<\/p>\n<p>Ayr\u0131ca, kapsaml\u0131 \u00fcr\u00fcn yelpazemizi ke\u015ffedin <strong><a href=\"https:\/\/haisicstorage.com\/tr\/urun\/\">Haisic g\u00fcne\u015f \u00fcr\u00fcnleri ve aksesuarlar\u0131<\/a><\/strong> oda\u011f\u0131n\u0131z i\u00e7in kesintisiz, verimli konut hibrit g\u00fcne\u015f kurulumu olu\u015fturmak \u00fczere. Dayan\u0131kl\u0131 PV panellerden geli\u015fmi\u015f pil y\u00f6netim sistemlerine kadar \u00fcr\u00fcnlerimiz, ba\u011f\u0131ms\u0131z veya \u015febekeye ba\u011fl\u0131 kurulumunuzun sa\u011flam ve gelecek i\u00e7in haz\u0131r olmas\u0131n\u0131 sa\u011flar.<\/p>","protected":false},"excerpt":{"rendered":"<p>Haisic 6kW IP65 hibrit g\u00fcne\u015f invert\u00f6r\u00fc, tek faz saf sin\u00fcs dalga \u00e7\u0131k\u0131\u015f\u0131 MPPT kontrol\u00f6r\u00fc ve verimli enerji depolama i\u00e7in 150-430V DC giri\u015fi ile.<\/p>","protected":false},"featured_media":2620,"template":"","meta":{"site-sidebar-layout":"default","site-content-layout":"","ast-site-content-layout":"default","site-content-style":"default","site-sidebar-style":"default","ast-global-header-display":"","ast-banner-title-visibility":"","ast-main-header-display":"","ast-hfb-above-header-display":"","ast-hfb-below-header-display":"","ast-hfb-mobile-header-display":"","site-post-title":"","ast-breadcrumbs-content":"","ast-featured-img":"","footer-sml-layout":"","ast-disable-related-posts":"","theme-transparent-header-meta":"default","adv-header-id-meta":"","stick-header-meta":"default","header-above-stick-meta":"","header-main-stick-meta":"","header-below-stick-meta":"","astra-migrate-meta-layouts":"set","ast-page-background-enabled":"default","ast-page-background-meta":{"desktop":{"background-color":"var(--ast-global-color-4)","background-image":"","background-repeat":"repeat","background-position":"center center","background-size":"auto","background-attachment":"scroll","background-type":"","background-media":"","overlay-type":"","overlay-color":"","overlay-opacity":"","overlay-gradient":""},"tablet":{"background-color":"","background-image":"","background-repeat":"repeat","background-position":"center center","background-size":"auto","background-attachment":"scroll","background-type":"","background-media":"","overlay-type":"","overlay-color":"","overlay-opacity":"","overlay-gradient":""},"mobile":{"background-color":"","background-image":"","background-repeat":"repeat","background-position":"center center","background-size":"auto","background-attachment":"scroll","background-type":"","background-media":"","overlay-type":"","overlay-color":"","overlay-opacity":"","overlay-gradient":""}},"ast-content-background-meta":{"desktop":{"background-color":"var(--ast-global-color-5)","background-image":"","background-repeat":"repeat","background-position":"center center","background-size":"auto","background-attachment":"scroll","background-type":"","background-media":"","overlay-type":"","overlay-color":"","overlay-opacity":"","overlay-gradient":""},"tablet":{"background-color":"var(--ast-global-color-5)","background-image":"","background-repeat":"repeat","background-position":"center center","background-size":"auto","background-attachment":"scroll","background-type":"","background-media":"","overlay-type":"","overlay-color":"","overlay-opacity":"","overlay-gradient":""},"mobile":{"background-color":"var(--ast-global-color-5)","background-image":"","background-repeat":"repeat","background-position":"center center","background-size":"auto","background-attachment":"scroll","background-type":"","background-media":"","overlay-type":"","overlay-color":"","overlay-opacity":"","overlay-gradient":""}}},"product_brand":[],"product_cat":[46],"product_tag":[],"class_list":{"0":"post-2614","1":"product","2":"type-product","3":"status-publish","4":"has-post-thumbnail","6":"product_cat-solar-hybrid-inverter","7":"desktop-align-left","8":"tablet-align-left","9":"mobile-align-left","10":"ast-product-gallery-layout-horizontal-slider","11":"ast-product-tabs-layout-horizontal","13":"first","14":"instock","15":"shipping-taxable","16":"purchasable","17":"product-type-simple"},"_links":{"self":[{"href":"https:\/\/haisicstorage.com\/tr\/wp-json\/wp\/v2\/product\/2614","targetHints":{"allow":["GET"]}}],"collection":[{"href":"https:\/\/haisicstorage.com\/tr\/wp-json\/wp\/v2\/product"}],"about":[{"href":"https:\/\/haisicstorage.com\/tr\/wp-json\/wp\/v2\/types\/product"}],"version-history":[{"count":2,"href":"https:\/\/haisicstorage.com\/tr\/wp-json\/wp\/v2\/product\/2614\/revisions"}],"predecessor-version":[{"id":2622,"href":"https:\/\/haisicstorage.com\/tr\/wp-json\/wp\/v2\/product\/2614\/revisions\/2622"}],"wp:featuredmedia":[{"embeddable":true,"href":"https:\/\/haisicstorage.com\/tr\/wp-json\/wp\/v2\/media\/2620"}],"wp:attachment":[{"href":"https:\/\/haisicstorage.com\/tr\/wp-json\/wp\/v2\/media?parent=2614"}],"wp:term":[{"taxonomy":"product_brand","embeddable":true,"href":"https:\/\/haisicstorage.com\/tr\/wp-json\/wp\/v2\/product_brand?post=2614"},{"taxonomy":"product_cat","embeddable":true,"href":"https:\/\/haisicstorage.com\/tr\/wp-json\/wp\/v2\/product_cat?post=2614"},{"taxonomy":"product_tag","embeddable":true,"href":"https:\/\/haisicstorage.com\/tr\/wp-json\/wp\/v2\/product_tag?post=2614"}],"curies":[{"name":"wp","href":"https:\/\/api.w.org\/{rel}","templated":true}]}}