{"id":2546,"date":"2025-12-13T08:33:37","date_gmt":"2025-12-13T08:33:37","guid":{"rendered":"https:\/\/haisicstorage.com\/haisic-128v-50ah-lifepo4-lithium-battery\/"},"modified":"2026-02-27T06:51:31","modified_gmt":"2026-02-27T06:51:31","slug":"haisic-128v-50ah-lifepo4-lithium-battery","status":"publish","type":"product","link":"https:\/\/haisicstorage.com\/tr\/haisic-128v-50ah-lifepo4-lithium-battery\/","title":{"rendered":"Haisic 12.8V 50Ah LiFePO4 Batarya Y\u00fcksek D\u00f6ng\u00fc \u00d6mr\u00fc ve G\u00fcvenlik"},"content":{"rendered":"<h2>\u00dcr\u00fcn Genel Bak\u0131\u015f<\/h2>\n<p>Geleneksel kur\u015fun-asit se\u00e7eneklerinden daha \u00fcst\u00fcn performans g\u00f6steren g\u00fcvenilir, y\u00fcksek performansl\u0131 bir pil mi ar\u0131yorsunuz? Haisic 12.8V 50Ah LiFePO4 Lityum Batarya tam olarak bunu sunmak i\u00e7in tasarland\u0131. A\u011f\u0131r olmayan ve kompakt bir tasar\u0131mda 640Wh enerji kapasitesiyle bu pil, hacme g\u00f6m\u00fcl\u00fc \u00fcst\u00fcn g\u00fc\u00e7 sa\u011flar.<\/p>\n<p>Yerle\u015fik ak\u0131ll\u0131 Batarya Y\u00f6netim Sistemi (BMS) ile donat\u0131lm\u0131\u015ft\u0131r; a\u015f\u0131r\u0131 \u015farj, a\u015f\u0131r\u0131 de\u015farj, a\u015f\u0131r\u0131 s\u0131cakl\u0131k ve k\u0131sa devre korumas\u0131 ile \u00fcst d\u00fczey g\u00fcvenli\u011fi sa\u011flar. Ayr\u0131ca 6000'in \u00fczerinde \u015farj d\u00f6ng\u00fcs\u00fc dayan\u0131kl\u0131l\u0131\u011f\u0131 uzun vadeli de\u011fer ve istikrarl\u0131 performans sunar.<\/p>\n<p>Kullan\u0131\u015fl\u0131 bir g\u00fcne\u015f depolama bataryas\u0131na, RV lityum piline veya denizcilik derin d\u00f6ng\u00fc bataryas\u0131na ihtiya\u00e7 duyuyorsan\u0131z, Haisic 12.8V 50Ah LiFePO4 a\u011f\u0131r kur\u015fun-asit bataryalar\u0131n ideal bir yede\u011fidir. \u00dcst\u00fcn verimlilik, geli\u015fmi\u015f g\u00fcvenlik ve \u00e7evre dostu i\u015fletim sunar\u2014modern enerji ihtiya\u00e7lar\u0131 i\u00e7in ak\u0131ll\u0131 se\u00e7im yapar.<\/p>\n<h2>Ana \u00d6zellikler ve Faydalar<\/h2>\n<p>Haisic 12.8V 50Ah LiFePO4 Lityum Batarya, g\u00fcnl\u00fck kullan\u0131m i\u00e7in sa\u011flam istikrar ve g\u00fcvenlik sa\u011flayan geli\u015fmi\u015f LiFePO4 teknolojisini i\u00e7erir. \u0130\u00e7inde \u015fu g\u00fcvenlikleri sa\u011flayan ak\u0131ll\u0131 yerle\u015fik BMS vard\u0131r:<\/p>\n<ul>\n<li>A\u015f\u0131r\u0131 \u015farj<\/li>\n<li>A\u015f\u0131r\u0131 de\u015farj<\/li>\n<li>A\u015f\u0131r\u0131 s\u0131cakl\u0131k<\/li>\n<li>K\u0131sa devre<\/li>\n<\/ul>\n<p>Bu pil, 6000'in \u00fczerinde \u015farj d\u00f6ng\u00fcs\u00fc ile ola\u011fan\u00fcst\u00fc bir d\u00f6ng\u00fc \u00f6mr\u00fc sunar; zarar g\u00f6rmeden derin de\u015farj yapmaya olanak tan\u0131r. Geleneksel kur\u015fun-asit pillerle kar\u015f\u0131la\u015ft\u0131r\u0131ld\u0131\u011f\u0131nda \u00e7ok daha hafif ve kompakt oldu\u011fundan kurulum ve ta\u015f\u0131ma daha kolayd\u0131r.<\/p>\n<table>\n<thead>\n<tr>\n<th>\u00d6zellik<\/th>\n<th>Fayda<\/th>\n<\/tr>\n<\/thead>\n<tbody>\n<tr>\n<td>Geli\u015fmi\u015f LiFePO4 Teknolojisi<\/td>\n<td>\u0130stikrarl\u0131, g\u00fcvenli, uzun \u00f6m\u00fcrl\u00fc g\u00fc\u00e7<\/td>\n<\/tr>\n<tr>\n<td>Ak\u0131ll\u0131 BMS Korumas\u0131<\/td>\n<td>G\u00fcvenilir pil y\u00f6netimi<\/td>\n<\/tr>\n<tr>\n<td>6000+ D\u00f6ng\u00fc<\/td>\n<td>Ola\u011fan\u00fcst\u00fc dayan\u0131kl\u0131l\u0131k<\/td>\n<\/tr>\n<tr>\n<td>Hafif ve Kompakt<\/td>\n<td>Kolay i\u015fletme ve kurulum<\/td>\n<\/tr>\n<tr>\n<td>Bak\u0131m Gerektirmez<\/td>\n<td>\u00c7evre dostu, sorunsuz kullan\u0131m<\/td>\n<\/tr>\n<\/tbody>\n<\/table>\n<p>Genel olarak, bak\u0131m gerektirmeyen \u00e7evre dostu bir g\u00fc\u00e7 \u00e7\u00f6z\u00fcm\u00fc ve off-grid kurulumlar, karavanlar, denizcilik kullan\u0131m\u0131 ve daha fazlas\u0131 i\u00e7in ideal olarak uygun. Daha b\u00fcy\u00fck kapasite se\u00e7enekleri veya ilgili \u00e7\u00f6z\u00fcmler i\u00e7in ke\u015ffedin <a href=\"https:\/\/haisicstorage.com\/tr\/lifepo4-battery-51-2v-100ah\/\">12.8V 100Ah LiFePO4 pil<\/a> ve <a href=\"https:\/\/haisicstorage.com\/tr\/51-2v-400ah-20480wh-lifepo4-battery\/\">y\u00fcksek kapasiteli piller<\/a> yo\u011fun uygulamalar i\u00e7in tasarlanm\u0131\u015f.<\/p>\n<h2>Haisic 12.8V 50Ah LiFePO4 Li-Ion Pil Teknik \u00d6zellikleri<\/h2>\n<table>\n<thead>\n<tr>\n<th>\u00d6zellik<\/th>\n<th>Detaylar<\/th>\n<\/tr>\n<\/thead>\n<tbody>\n<tr>\n<td><strong>Batarya T\u00fcr\u00fc<\/strong><\/td>\n<td>LiFePO4 (Lityum Demir Fosfat)<\/td>\n<\/tr>\n<tr>\n<td><strong>Nominal Gerilim<\/strong><\/td>\n<td>12,8V<\/td>\n<\/tr>\n<tr>\n<td><strong>Nominal Kapasite<\/strong><\/td>\n<td>50Ah<\/td>\n<\/tr>\n<tr>\n<td><strong>Nominal Enerji<\/strong><\/td>\n<td>640Wh<\/td>\n<\/tr>\n<tr>\n<td><strong>Maksimum Kesintisiz De\u015farj<\/strong><\/td>\n<td>50A<\/td>\n<\/tr>\n<tr>\n<td><strong>\u015earj Gerilimi<\/strong><\/td>\n<td>14,6V<\/td>\n<\/tr>\n<tr>\n<td><strong>D\u00f6ng\u00fc \u00d6mr\u00fc<\/strong><\/td>\n<td>6000+ d\u00f6ng\u00fc<\/td>\n<\/tr>\n<tr>\n<td><strong>\u00c7al\u0131\u015fma S\u0131cakl\u0131\u011f\u0131<\/strong><\/td>\n<td>-20\u00b0C ile 45\u00b0C<\/td>\n<\/tr>\n<tr>\n<td><strong>Boyutlar (U x G x Y)<\/strong><\/td>\n<td>33.5 x 24 x 25.5 cm<\/td>\n<\/tr>\n<tr>\n<td><strong>A\u011f\u0131rl\u0131k<\/strong><\/td>\n<td>7.035 kg<\/td>\n<\/tr>\n<tr>\n<td><strong>Sertifikalar<\/strong><\/td>\n<td>UL2054, FCC, CE-EMC, UN38.3<\/td>\n<\/tr>\n<tr>\n<td><strong>Dizi\/Kanal Config<\/strong><\/td>\n<td>Dizi i\u00e7inde en fazla 4<\/td>\n<\/tr>\n<tr>\n<td><strong>Garanti<\/strong><\/td>\n<td>1 y\u0131l<\/td>\n<\/tr>\n<\/tbody>\n<\/table>\n<p>Bu pilin sa\u011flam \u00f6zell\u0130kleri, g\u00fcne\u015f enerjisi depolama, karavan g\u00fcc\u00fc veya acil yedekleme i\u00e7in kullan\u0131rken g\u00fcvenilirlik sa\u011flar. Daha b\u00fcy\u00fck kurulumlar i\u00e7in di\u011fer \u00e7\u00f6z\u00fcmlerle e\u015fle\u015ftirmeyi d\u00fc\u015f\u00fcn\u00fcn, \u00f6rne\u011fin <a href=\"https:\/\/haisicstorage.com\/tr\/haisic-15kwh-lifepo4-solar-battery-pack-512v-305ah\/\">Haisic 15kWh LiFePO4 g\u00fcne\u015f pili paketi<\/a> g\u00fc\u00e7 ihtiya\u00e7lar\u0131n\u0131z\u0131 verimli \u015fekilde \u00f6l\u00e7eklendirmek i\u00e7in.<\/p>\n<h2>Uygulamalar ve Kullan\u0131m Alanlar\u0131<\/h2>\n<p>Haisic 12.8V 50Ah LiFePO4 lityum pil, g\u00fcvenilir g\u00fcc\u00fc ve uzun \u00e7evrim \u00f6mr\u00fc sayesinde \u00e7ok \u00e7e\u015fitli kurulumlarda m\u00fckemmel \u015fekilde yerle\u015fir. G\u00fcne\u015f enerjisi depolama sistemleri i\u00e7in harika bir se\u00e7imdir ve off-grid veya yedek kurulumlar i\u00e7in istikrarl\u0131 ve verimli g\u00fc\u00e7 sunar. Bir karavan\u0131 veya kamp r\u00f6morkunu enerjiyle desteklerken, bu pil yol \u00fczerinde veya vah\u015fi do\u011fada hafif, g\u00fcvenilir enerji sa\u011flar.<\/p>\n<p>Denizcilik ve tekne uygulamalar\u0131 da g\u00fc\u00e7 kazan\u0131r; pilin g\u00fc\u00e7l\u00fc derin devir performans\u0131 ve zorlu ortamlara kar\u015f\u0131 direnci sayesinde. \u0130\u015fletmeler ve evler i\u00e7in kesintisiz g\u00fc\u00e7 kaynaklar\u0131 (UPS) ve acil ayd\u0131nlatmada iyi \u00e7al\u0131\u015f\u0131r, \u015febeke d\u00fc\u015ft\u00fc\u011f\u00fcnde kritik sistemleri \u00e7al\u0131\u015f\u0131r durumda tutar.<\/p>\n<p>Ayr\u0131ca pil, \u00e7e\u015fitli ev cihazlar\u0131n\u0131, elektrikli enerji sistemlerini ve off-grid enerji kurulumlar\u0131n\u0131 destekler, farkl\u0131 g\u00fc\u00e7 ihtiya\u00e7lar\u0131na uyumlu hale getirir. Bunun \u00f6tesinde, motosikletler, oyuncak arabalar ve ayd\u0131nlatma ekipmanlar\u0131 i\u00e7in sa\u011flam, uzun \u00f6m\u00fcrl\u00fc geleneksel kur\u015fun-asit pillere g\u00fcvenli ve daha uzun \u00f6m\u00fcrl\u00fc bir alternatif sunar.<\/p>\n<p>Daha b\u00fcy\u00fck enerji ihtiya\u00e7lar\u0131 i\u00e7in, geli\u015fmi\u015f g\u00fcne\u015f enerjisi kurulumlar\u0131yla iyi uyum sa\u011flar <a href=\"https:\/\/haisicstorage.com\/tr\/5kw-power-energy-storage-solar-system-for-home\/\">Ev i\u00e7in 5kW g\u00fc\u00e7 enerji depolama g\u00fcne\u015f sistemi<\/a>, sorunsuz, temiz enerji depolama ve y\u00f6netimi sa\u011flar.<\/p>\n<h2>Neden Haisic LiFePO4'\u00fc Kur\u015fun-Asit'e Tercih Etmelisiniz?<\/h2>\n<p>Haisic 12.8V 50Ah LiFePO4 lityum batarya ile geleneksel kur\u015fun-asit bataryalar\u0131 aras\u0131nda karar verirken birka\u00e7 \u00f6nemli fark \u00f6ne \u00e7\u0131kar. \u0130\u015fte Haisic LiFePO4'\u00fcn \u00e7o\u011fu kullan\u0131c\u0131 i\u00e7in neden daha ak\u0131ll\u0131 bir tercih oldu\u011funu g\u00f6steren h\u0131zl\u0131 bir kar\u015f\u0131la\u015ft\u0131rma:<\/p>\n<table>\n<thead>\n<tr>\n<th>\u00d6zellik<\/th>\n<th>Haisic 12.8V 50Ah LiFePO4<\/th>\n<th>Kur\u015fun-Asit Batarya (50Ah)<\/th>\n<\/tr>\n<\/thead>\n<tbody>\n<tr>\n<td><strong>A\u011f\u0131rl\u0131k<\/strong><\/td>\n<td>\u2248 7 kg (hafif)<\/td>\n<td>\u2248 14-16 kg (a\u011f\u0131r)<\/td>\n<\/tr>\n<tr>\n<td><strong>D\u00f6ng\u00fc \u00d6mr\u00fc<\/strong><\/td>\n<td>\"6000+ derin d\u00f6ng\u00fc\"<\/td>\n<td>300-500 d\u00f6ng\u00fc<\/td>\n<\/tr>\n<tr>\n<td><strong>De\u015farj Derinli\u011fi<\/strong><\/td>\n<td>80-90%'ye kadar<\/td>\n<td>Tipik olarak 50%<\/td>\n<\/tr>\n<tr>\n<td><strong>\u015earj H\u0131z\u0131<\/strong><\/td>\n<td>Daha h\u0131zl\u0131 (ak\u0131ll\u0131 BMS taraf\u0131ndan desteklenir)<\/td>\n<td>Daha yava\u015f<\/td>\n<\/tr>\n<tr>\n<td><strong>Verimlilik<\/strong><\/td>\n<td>95%+ enerji verimlili\u011fi<\/td>\n<td>Yakla\u015f\u0131k 70-80%<\/td>\n<\/tr>\n<tr>\n<td><strong>Bak\u0131m<\/strong><\/td>\n<td>Bak\u0131m gerektirmez<\/td>\n<td>D\u00fczenli bak\u0131m gerektirir<\/td>\n<\/tr>\n<tr>\n<td><strong>\u00c7evresel Etki<\/strong><\/td>\n<td>Toksik olmayan, geri d\u00f6n\u00fc\u015ft\u00fcr\u00fclebilir<\/td>\n<td>Zararl\u0131 kur\u015fun-asit i\u00e7erir<\/td>\n<\/tr>\n<\/tbody>\n<\/table>\n<h3>Uzun Vadeli Maliyet Tasarrufu ve Eko Faydalar<\/h3>\n<ul>\n<li><strong>Daha \u00e7ok \u00e7evrim = daha uzun pil \u00f6mr\u00fc:<\/strong> Pili daha az de\u011fi\u015ftireceksiniz, para tasarrufu sa\u011flars\u0131n\u0131z.<\/li>\n<li><strong>H\u0131zl\u0131 \u015farj ve y\u00fcksek verimlilik:<\/strong> Daha az enerji israf\u0131, daha d\u00fc\u015f\u00fck enerji faturalar\u0131 demektir.<\/li>\n<li><strong>Zehirli malzemeler yok:<\/strong> Sizin i\u00e7in ve \u00e7evre i\u00e7in daha g\u00fcvenli.<\/li>\n<li><strong>Hafif tasar\u0131m:<\/strong> Kurulumu kolayla\u015ft\u0131r\u0131r ve arac\u0131n\u0131za veya kurulumunuza daha az y\u00fck getirir.<\/li>\n<\/ul>\n<p>Haisic LiFePO4 pilini se\u00e7mek sadece performansla ilgili de\u011fildir, ayn\u0131 zamanda ak\u0131ll\u0131 bir yat\u0131r\u0131m ve daha d\u00fc\u015f\u00fck toplam sahip olma maliyetidir. G\u00fcne\u015f enerjisi veya off-grid g\u00fc\u00e7 kurulumlar\u0131 kullananlar i\u00e7in, <strong><a href=\"https:\/\/haisicstorage.com\/tr\/cost-of-solar-battery-storage\/\">g\u00fcne\u015f pili depolama maliyeti<\/a><\/strong> ve LiFePO4'e ge\u00e7menin enerji b\u00fct\u00e7esini nas\u0131l de\u011fi\u015ftirebilece\u011fini ayr\u0131nt\u0131l\u0131 olarak incelemek de\u011fer.<\/p>\n<h2>Kurulum ve \u015earj Rehberi<\/h2>\n<p>Haisic 12.8V 50Ah LiFePO4 Lityum Pilinden en iyi \u015fekilde yararlanmak i\u00e7in do\u011fru \u015farj cihaz\u0131n\u0131 kullanmak anahtar. Biz \u00f6neriyoruz <strong>LiFePO4'e \u00f6zg\u00fc \u015farj cihazlar\u0131<\/strong> \u00e7\u00fcnk\u00fc do\u011fru \u015farj voltaj\u0131 ve ak\u0131m\u0131 sa\u011flar, g\u00fcvenli\u011fi sa\u011flar ve pil \u00f6mr\u00fcn\u00fc uzat\u0131r.<\/p>\n<h3>Seri ve Paralel Ba\u011flant\u0131lar<\/h3>\n<ul>\n<li><strong>Seri Ba\u011flant\u0131:<\/strong> Gerilimi art\u0131rmak i\u00e7in en fazla 4 pil seri ba\u011flanabilir (yakla\u015f\u0131k 51.2V'ye kadar).<\/li>\n<li><strong>Paralel Ba\u011flant\u0131:<\/strong> Birden \u00e7ok bataryay\u0131 kapasiteyi art\u0131rmak i\u00e7in paralel ba\u011flay\u0131n, voltaj\u0131 ise 12.8V'de tutun.<\/li>\n<li>Dengesizlik sorunlar\u0131n\u0131 \u00f6nlemek i\u00e7in her zaman ayn\u0131 kapasite ve ya\u015fta bataryalar\u0131 ba\u011flad\u0131\u011f\u0131n\u0131zdan emin olun.<\/li>\n<\/ul>\n<h3>G\u00fcvenlik \u0130pu\u00e7lar\u0131 ve En \u0130yi Uygulamalar<\/h3>\n<ul>\n<li>Eski ve yeni bataryalar\u0131 tek bir kurulumda kar\u0131\u015ft\u0131rmaktan ka\u00e7\u0131n\u0131n.<\/li>\n<li>K\u0131sa devreleri \u00f6nlemek i\u00e7in kurulum s\u0131ras\u0131nda koruyucu sigortalar ve devre kesiciler kullan\u0131n.<\/li>\n<li>Bataryay\u0131 kuru, havaland\u0131r\u0131lan bir alanda, a\u015f\u0131r\u0131 s\u0131cakl\u0131klardan (\u221220\u00b0C ile 45\u00b0C idealdir) uzak tutun.<\/li>\n<li>Korozyon veya gev\u015fek ba\u011flant\u0131lar i\u00e7in batarya terminallerini d\u00fczenli olarak kontrol edin.<\/li>\n<li>Batarya \u00f6mr\u00fcn\u00fc ve performans\u0131n\u0131 en \u00fcst d\u00fczeye \u00e7\u0131karmak i\u00e7in \u015farj i\u00e7in \u00fcretici talimatlar\u0131n\u0131 izleyin.<\/li>\n<\/ul>\n<p>Detayl\u0131 kurulum tavsiyesi ve uyumlu \u015farj aksesuarlar\u0131 i\u00e7in, bizim <a href=\"https:\/\/haisicstorage.com\/tr\/battery-storage-for-home\/\">ev i\u00e7in batarya depolama \u00e7\u00f6z\u00fcmlerimiz<\/a> Haisic LiFePO4 pillerle iyi uyum sa\u011flayan y\u00f6nlendirme ve \u00fcr\u00fcnler sunar.<\/p>\n<h2>OEM\/ODM Hizmetleri ve \u00d6zelle\u015ftirme<\/h2>\n<p>Haisic, \u00f6zel ihtiya\u00e7lar\u0131n\u0131z\u0131 kar\u015f\u0131lamak i\u00e7in esnek OEM ve ODM hizmetleri sunar. 12.8V 50Ah LiFePO4 lityum pilinin toplu sipari\u015flerine mi ihtiyac\u0131n\u0131z var yoksa benzersiz projeniz i\u00e7in \u00f6zel \u00f6zelliklere mi ihtiyac\u0131n\u0131z var, Haisic gereksinimlerinize uyum sa\u011flar. \u00d6zelle\u015ftirilmi\u015f pil konfig\u00fcrasyonlar\u0131ndan markal\u0131 ambalaja kadar olan s\u00fcre\u00e7te ekipleri sizinle yak\u0131n \u00e7al\u0131\u015f\u0131r ve uygulaman\u0131z i\u00e7in m\u00fckemmel uyumu sa\u011flar.<\/p>\n<p>G\u00fcne\u015f enerjisi depolama sistemleri, karavan pil paketleri veya \u00f6zel da\u011f\u0131t\u0131k g\u00fc\u00e7 \u00e7\u00f6z\u00fcmleri geli\u015ftiriyorsan\u0131z, Haisic uzman rehberlik ve \u00f6l\u00e7eklenebilir se\u00e7enekler sunar. Bu derecede \u00f6zelle\u015ftirme, i\u015fletmelerin ve OEM ortaklar\u0131n\u0131n performans\u0131 optimize ederken kalite ve g\u00fcvenlik standartlar\u0131n\u0131 korumas\u0131na yard\u0131mc\u0131 olur.<\/p>\n<p>Haisic\u2019nin kapsaml\u0131 <a href=\"https:\/\/haisicstorage.com\/tr\/services\/\">enerji depolama hizmetleri<\/a> hakk\u0131nda daha fazla bilgi edinerek bir sonraki projenize nas\u0131l destek olabileceklerini g\u00f6r\u00fcn.<\/p>\n<h2>Ambalaj ve Nakliye Detaylar\u0131<\/h2>\n<p>Haisic 12.8V 50Ah LiFePO4 Lityum Batarya, ta\u015f\u0131ma s\u0131ras\u0131nda bataryay\u0131 korumay\u0131 ama\u00e7layan g\u00fcvenli tekli birim ambalaj\u0131nda gelir. Her batarya darbelere veya titre\u015fimlere kar\u015f\u0131 dayan\u0131kl\u0131 malzemelerle dikkatle paketlenir ve m\u00fckemmel durumda ula\u015fmas\u0131 sa\u011flan\u0131r. Nakliye s\u00fcrecimiz g\u00fcvenlik ve g\u00fcvenilirli\u011fi \u00f6n planda tutar, ki\u015fisel kullan\u0131m veya ticari projeler i\u00e7in sipari\u015f veren m\u00fc\u015fterilere g\u00f6n\u00fcl rahatl\u0131\u011f\u0131 sunar. Bu g\u00fcvenilir ambalaj ve nakliye y\u00f6ntemi d\u00fcnya \u00e7ap\u0131nda sorunsuz teslimat\u0131 destekler, y\u00fcksek kaliteli, hafif bir 12V lityum de\u011fi\u015ftirme ihtiyac\u0131 olan herkes i\u00e7in sorunsuz bir deneyim sunar.<\/p>\n<h2>M\u00fc\u015fteri Deste\u011fi ve Garanti<\/h2>\n<p>Haisic 12.8V 50Ah LiFePO4 Lityum Batarya, ile birlikte gelir <strong>1 y\u0131ll\u0131k garanti<\/strong> g\u00f6z\u00fcn\u00fcz\u00fcn rahatl\u0131\u011f\u0131 i\u00e7in. Bataryan\u0131zla ilgili herhangi bir sorun ya\u015farsan\u0131z veya sorular\u0131n\u0131z varsa, \u00f6zel m\u00fc\u015fteri destek ekibimiz size h\u0131zl\u0131 bir \u015fekilde yard\u0131mc\u0131 olmaya haz\u0131rd\u0131r.<\/p>\n<p>Garanti talepleri veya genel sorgular i\u00e7in resmi ileti\u015fim kanallar\u0131m\u0131z \u00fczerinden bizimle ileti\u015fime ge\u00e7mekten \u00e7ekinmeyin. Haisic enerji depolama bataryan\u0131zdan en iyi \u015fekilde faydalanman\u0131za ve sorunsuz bir deneyim elde etmenize yard\u0131mc\u0131 olmak i\u00e7in buraday\u0131z.<\/p>\n<p>\u00dcr\u00fcnlerimiz ve destek se\u00e7eneklerimiz hakk\u0131nda daha fazla bilgi edinmek i\u00e7in <a href=\"https:\/\/haisicstorage.com\/tr\/solutions\/\">\u00e7\u00f6z\u00fcmler sayfas\u0131<\/a> ile ba\u011flant\u0131da kal\u0131n ve bilgi sahibi olun.<\/p>\n<h2>S\u0131k\u00e7a Sorulan Sorular (SSS)<\/h2>\n<h3>S: Haisic 12.8V 50Ah LiFePO4 batarya, standart 12V sistemlerle uyumlu mu?<\/h3>\n<p>C: Evet, bu 12.8V lityum demir fosfat bataryas\u0131, \u00e7o\u011fu 12V kurulumuyla sorunsuz \u00e7al\u0131\u015facak \u015fekilde tasarlanm\u0131\u015ft\u0131r ve g\u00fcne\u015f enerjisi, kamp, denizcilik ve ba\u011f\u0131ms\u0131z sistemlerde kur\u015fun-asit bataryalar\u0131n do\u011frudan yerine ge\u00e7ebilir.<\/p>\n<h3>S: Bu LiFePO4 bataryas\u0131 i\u00e7in hangi t\u00fcr \u015farj cihaz\u0131 kullanmal\u0131y\u0131m?<\/h3>\n<p>C: LiFePO4 bataryalar\u0131 i\u00e7in \u00f6zel olarak tasarlanm\u0131\u015f bir \u015farj cihaz\u0131 veya LiFePO4 \u015farj moduna sahip ak\u0131ll\u0131 bir \u015farj cihaz\u0131 kullan\u0131n; g\u00fcvenli ve verimli \u015farj sa\u011flamak i\u00e7in.<\/p>\n<h3>S: Batarya genelde ne kadar dayan\u0131r?<\/h3>\n<p>C: 80% enerji bo\u015faltma derinli\u011fiyle 6000'den fazla \u00e7evrim ile, bu derin devirli LiFePO4 batarya y\u0131llarca g\u00fcvenilir g\u00fc\u00e7 sa\u011flayabilir, geleneksel kur\u015fun-asit se\u00e7eneklerini \u00e7ok a\u015far.<\/p>\n<h3>S: Seri veya paralel olarak birden fazla batarya ba\u011flayabilir miyim?<\/h3>\n<p>C: Evet, g\u00fcvenli kurulum y\u00f6nergelerini izleyerek daha y\u00fcksek voltaj i\u00e7in seri olarak en \u00e7ok 4 batarya veya kapasiteyi art\u0131rmak i\u00e7in paralel olarak ba\u011flayabilirsiniz.<\/p>\n<h3>S: Bataryan\u0131n hangi g\u00fcvenlik \u00f6zellikleri vard\u0131r?<\/h3>\n<p>C: Dahili ak\u0131ll\u0131 BMS a\u015f\u0131r\u0131 \u015farjdan, a\u015f\u0131r\u0131 de\u015farja, k\u0131sa devreden ve y\u00fcksek s\u0131cakl\u0131klardan korunur; \u00e7e\u015fitli ko\u015fullarda g\u00fcvenli \u00e7al\u0131\u015fmay\u0131 sa\u011flar.<\/p>\n<h3>S: Bu batarya i\u00e7in herhangi bir bak\u0131m gerekli mi?<\/h3>\n<p>C: Hay\u0131r, herhangi bir bak\u0131m gerekli de\u011fildir. LiFePO4 kimyas\u0131 istikrarl\u0131 ve sorunsuz kullan\u0131m i\u00e7in tasarlanm\u0131\u015ft\u0131r.<\/p>\n<h3>S: Batarya \u015farj olmuyor veya \u015farj\u0131 uzun s\u00fcre tutmuyor ise ne yapmal\u0131y\u0131m?<\/h3>\n<p>A: \u00d6nce \u015farj cihaz\u0131n\u0131z\u0131 ve ba\u011flant\u0131lar\u0131n\u0131z\u0131 kontrol edin. Sorunlar devam ederse, yard\u0131m i\u00e7in 1 y\u0131l garanti s\u00fcresi i\u00e7inde Haisic m\u00fc\u015fteri deste\u011fiyle ileti\u015fime ge\u00e7in.<\/p>\n<p>Daha fazla y\u00fcksek kapasiteli ev enerji depolama \u00e7\u00f6z\u00fcmleri i\u00e7in, ayr\u0131ca bulabilirsiniz <a href=\"https:\/\/haisicstorage.com\/tr\/51-2v-305ah-15616wh-touchscreen-home-energy-battery\/\">12.8V 305Ah ev enerji bataryas\u0131<\/a> daha b\u00fcy\u00fck kurulumlar i\u00e7in kullan\u0131\u015fl\u0131d\u0131r.<\/p>","protected":false},"excerpt":{"rendered":"<p>Haisic 12.8V 50Ah LiFePO4 Lityum Batarya 640Wh kapasite sunar, yerle\u015fik BMS ile birlikte, 6000+ d\u00f6ng\u00fc, g\u00fcne\u015f enerjisi, kamp karavan, denizcilik ve off-grid g\u00fc\u00e7 \u00e7\u00f6z\u00fcmleri i\u00e7in ideal<\/p>","protected":false},"featured_media":2547,"template":"","meta":{"site-sidebar-layout":"default","site-content-layout":"","ast-site-content-layout":"default","site-content-style":"default","site-sidebar-style":"default","ast-global-header-display":"","ast-banner-title-visibility":"","ast-main-header-display":"","ast-hfb-above-header-display":"","ast-hfb-below-header-display":"","ast-hfb-mobile-header-display":"","site-post-title":"","ast-breadcrumbs-content":"","ast-featured-img":"","footer-sml-layout":"","ast-disable-related-posts":"","theme-transparent-header-meta":"default","adv-header-id-meta":"","stick-header-meta":"default","header-above-stick-meta":"","header-main-stick-meta":"","header-below-stick-meta":"","astra-migrate-meta-layouts":"set","ast-page-background-enabled":"default","ast-page-background-meta":{"desktop":{"background-color":"var(--ast-global-color-4)","background-image":"","background-repeat":"repeat","background-position":"center center","background-size":"auto","background-attachment":"scroll","background-type":"","background-media":"","overlay-type":"","overlay-color":"","overlay-opacity":"","overlay-gradient":""},"tablet":{"background-color":"","background-image":"","background-repeat":"repeat","background-position":"center center","background-size":"auto","background-attachment":"scroll","background-type":"","background-media":"","overlay-type":"","overlay-color":"","overlay-opacity":"","overlay-gradient":""},"mobile":{"background-color":"","background-image":"","background-repeat":"repeat","background-position":"center center","background-size":"auto","background-attachment":"scroll","background-type":"","background-media":"","overlay-type":"","overlay-color":"","overlay-opacity":"","overlay-gradient":""}},"ast-content-background-meta":{"desktop":{"background-color":"var(--ast-global-color-5)","background-image":"","background-repeat":"repeat","background-position":"center center","background-size":"auto","background-attachment":"scroll","background-type":"","background-media":"","overlay-type":"","overlay-color":"","overlay-opacity":"","overlay-gradient":""},"tablet":{"background-color":"var(--ast-global-color-5)","background-image":"","background-repeat":"repeat","background-position":"center center","background-size":"auto","background-attachment":"scroll","background-type":"","background-media":"","overlay-type":"","overlay-color":"","overlay-opacity":"","overlay-gradient":""},"mobile":{"background-color":"var(--ast-global-color-5)","background-image":"","background-repeat":"repeat","background-position":"center center","background-size":"auto","background-attachment":"scroll","background-type":"","background-media":"","overlay-type":"","overlay-color":"","overlay-opacity":"","overlay-gradient":""}}},"product_brand":[],"product_cat":[57],"product_tag":[],"class_list":{"0":"post-2546","1":"product","2":"type-product","3":"status-publish","4":"has-post-thumbnail","6":"product_cat-lithium-golf-cart-battery","7":"desktop-align-left","8":"tablet-align-left","9":"mobile-align-left","10":"ast-product-gallery-layout-horizontal-slider","11":"ast-product-tabs-layout-horizontal","13":"first","14":"instock","15":"shipping-taxable","16":"purchasable","17":"product-type-simple"},"_links":{"self":[{"href":"https:\/\/haisicstorage.com\/tr\/wp-json\/wp\/v2\/product\/2546","targetHints":{"allow":["GET"]}}],"collection":[{"href":"https:\/\/haisicstorage.com\/tr\/wp-json\/wp\/v2\/product"}],"about":[{"href":"https:\/\/haisicstorage.com\/tr\/wp-json\/wp\/v2\/types\/product"}],"version-history":[{"count":1,"href":"https:\/\/haisicstorage.com\/tr\/wp-json\/wp\/v2\/product\/2546\/revisions"}],"predecessor-version":[{"id":2553,"href":"https:\/\/haisicstorage.com\/tr\/wp-json\/wp\/v2\/product\/2546\/revisions\/2553"}],"wp:featuredmedia":[{"embeddable":true,"href":"https:\/\/haisicstorage.com\/tr\/wp-json\/wp\/v2\/media\/2547"}],"wp:attachment":[{"href":"https:\/\/haisicstorage.com\/tr\/wp-json\/wp\/v2\/media?parent=2546"}],"wp:term":[{"taxonomy":"product_brand","embeddable":true,"href":"https:\/\/haisicstorage.com\/tr\/wp-json\/wp\/v2\/product_brand?post=2546"},{"taxonomy":"product_cat","embeddable":true,"href":"https:\/\/haisicstorage.com\/tr\/wp-json\/wp\/v2\/product_cat?post=2546"},{"taxonomy":"product_tag","embeddable":true,"href":"https:\/\/haisicstorage.com\/tr\/wp-json\/wp\/v2\/product_tag?post=2546"}],"curies":[{"name":"wp","href":"https:\/\/api.w.org\/{rel}","templated":true}]}}