{"id":2124,"date":"2025-12-08T01:57:20","date_gmt":"2025-12-08T01:57:20","guid":{"rendered":"https:\/\/haisicstorage.com\/?post_type=product&#038;p=2124"},"modified":"2026-02-27T06:46:11","modified_gmt":"2026-02-27T06:46:11","slug":"12-8v-280ah-bms-battery-storage-system","status":"publish","type":"product","link":"https:\/\/haisicstorage.com\/tr\/12-8v-280ah-bms-battery-storage-system\/","title":{"rendered":"12.8V 280Ah Bms Batarya Depolama Sistemi"},"content":{"rendered":"<p>Ak\u0131ll\u0131 Batarya Y\u00f6netim Sistemi: Entegre y\u00fcksek hassasiyetli BMS, a\u015f\u0131r\u0131 \u015farj, a\u015f\u0131r\u0131 de\u015farj, a\u015f\u0131r\u0131 ak\u0131m, k\u0131sa devre ve s\u0131cakl\u0131k korumas\u0131 sa\u011flar. H\u00fccre durumunu ger\u00e7ek zamanl\u0131 izler ve ileti\u015fim aray\u00fczleri (\u00f6r. UART\/RS485) arac\u0131l\u0131\u011f\u0131yla veri sorgulama ve uzaktan y\u00f6netim imkan\u0131 sunar, g\u00fcvenilir ve sorunsuz \u00e7al\u0131\u015fma sa\u011flar.<\/p>\n<p>Sa\u011flam Yap\u0131 &amp; \u00c7ok Y\u00f6nl\u00fc Uygulama: Dayan\u0131kl\u0131 muhafaza ve mod\u00fcler tasar\u0131m \u00f6zellikleri ile m\u00fckemmel darbe ve toz direnci sa\u011flar. -20\u00b0C ile 60\u00b0C aras\u0131nda geni\u015f s\u0131cakl\u0131k aral\u0131\u011f\u0131nda \u00e7al\u0131\u015fmay\u0131 destekler, \u00e7e\u015fitli zorlu ortamlara uygundur.<\/p>\n<p>Otomotiv S\u0131n\u0131f\u0131 G\u00fcvenlik ve Dayan\u0131kl\u0131l\u0131k: \u00c7ok stabil lityum demir fosfat (LiFePO\u2084) kimyas\u0131 temel al\u0131narak, ola\u011fan\u00fcst\u00fc termal stabilite ve g\u00fcvenlik sa\u011flar. 6.000'den fazla standart \u015farj-de\u015farj d\u00f6ng\u00fcs\u00fc ile\u2014kur\u015fun-asit bataryalara k\u0131yasla birka\u00e7 kat daha uzun\u2014toplam sahip olma maliyetini d\u00fc\u015f\u00fcr\u00fcr.<\/p>\n<p>Uygulama Senaryolar\u0131:<\/p>\n<p>Karavan\/Deniz Enerji Depolama: Geleneksel kur\u015fun-asit bataryalar\u0131n yerini alarak ayd\u0131nlatma, buzdolaplar\u0131, klimalar ve di\u011fer cihazlara g\u00fc\u00e7 sa\u011flar.<\/p>\n<p>Konut G\u00fcne\u015f Depolama: \u015eebeke d\u0131\u015f\u0131\/\u015febeke ba\u011flant\u0131l\u0131 fotovoltaik sistemler i\u00e7in ana enerji depolama \u00fcnitesi olarak hizmet eder.<\/p>\n<p>\u00dcst D\u00fczey A\u00e7\u0131k Hava G\u00fcc\u00fc \/ Acil Durum Yedekleme: Kamp, acil durum m\u00fcdahalesi ve ev yedekleme uygulamalar\u0131 i\u00e7in g\u00fcvenilir g\u00fc\u00e7 sa\u011flar.<\/p>\n<p>\u00d6zel Ara\u00e7lar\/D\u00fc\u015f\u00fck H\u0131zl\u0131 Elektrikli Ara\u00e7lar: Golf arabalar\u0131, temizlik ara\u00e7lar\u0131, forkliftler ve benzeri uygulamalar i\u00e7in g\u00fc\u00e7 sa\u011flar.<\/p>\n<p>\u0130leti\u015fim Baz \u0130stasyonu Yedekleme: Uzak veya \u015febeke d\u0131\u015f\u0131 konumlarda ekipmanlar i\u00e7in stabil yedek g\u00fc\u00e7 sunar.<\/p>\n<p>\u00dcr\u00fcn De\u011feri:<br \/>\nBu batarya paketi, y\u00fcksek kapasite, \u00fcst\u00fcn g\u00fcvenlik ve uzun \u00f6m\u00fcr gibi temel avantajlar\u0131 kullanarak, tak ve kullan temiz enerji \u00e7\u00f6z\u00fcm\u00fc olarak ola\u011fan\u00fcst\u00fc performans sunar. Geleneksel bataryalara k\u0131yasla kapsaml\u0131 bir y\u00fckseltme sa\u011flar ve verimli, g\u00fcvenilir ve s\u00fcrd\u00fcr\u00fclebilir enerji uygulamalar\u0131 i\u00e7in ideal bir se\u00e7imdir. \u00d6zellikle son dayan\u0131kl\u0131l\u0131k ve g\u00fcvenlik gerektiren orta-y\u00fcksek g\u00fc\u00e7 depolama senaryolar\u0131na uygundur.<\/p>\n<div class=\"productAttItem\"><\/div>\n<div data-spm-anchor-id=\"a2700.pc-decorate.0.i6.5d033333Lu9Prj\"><strong><span data-spm-anchor-id=\"a2700.pc-decorate.0.i7.5d033333Lu9Prj\">T\u00fcrkiye\/ABD\/Polonya deposunda stok mevcuttur!!!<\/span><\/strong><\/div>\n<div data-spm-anchor-id=\"a2700.pc-decorate.0.i5.5d033333Lu9Prj\"><strong> \u2013 do\u011frudan depodan al\u0131nabilir<\/strong><\/div>\n<div data-spm-anchor-id=\"a2700.pc-decorate.0.i5.5d033333Lu9Prj\"><\/div>\n<div data-spm-anchor-id=\"a2700.pc-decorate.0.i5.5d033333Lu9Prj\"><strong>\u015eirket Profili <\/strong><\/div>\n<div data-spm-anchor-id=\"a2700.pc-decorate.0.i5.5d033333Lu9Prj\"><strong style=\"font-size: 16px;\"><span data-spm-anchor-id=\"a2700.pc-decorate.0.i21.5d033333Lu9Prj\">Haisic Battery 2011 y\u0131l\u0131nda kuruldu, Shenzhen Haisic Technology Co., Ltd. enerji depolama \u00fcr\u00fcnlerinin Ar-Ge ve \u00fcretimine adanm\u0131\u015f ulusal bir y\u00fcksek teknoloji i\u015fletmesidir; LiFePO4 pil paketleri, ticari ve end\u00fcstriyel enerji depolama, daire i\u00e7i enerji depolama, ta\u015f\u0131nabilir g\u00fc\u00e7 istasyonu\/g\u00fcne\u015f jenerat\u00f6r\u00fc, g\u00fcne\u015f inverteri, forklift pil, RV\/manzaral\u0131 otob\u00fcs\/ golf arac\u0131 pil ve di\u011fer OEM\/ODM<\/span><\/strong><\/div>\n<div data-spm-anchor-id=\"a2700.pc-decorate.0.i5.5d033333Lu9Prj\">\n<div><\/div>\n<div><strong>12 y\u0131l\u0131 a\u015fk\u0131n s\u00fcredir bu alanda derinlemesine \u00e7al\u0131\u015fan Haisic Teknoloji, Ar-Ge, inovasyon, kalite kontrol ve y\u00f6netim konusunda derin deneyimler kazanm\u0131\u015ft\u0131r. \u00dcr\u00fcnlerimiz ev enerji depolama, end\u00fcstriyel enerji depolama, ticari enerji depolama, g\u00fc\u00e7 ileti\u015fimi, medikal elektronik, g\u00fcvenlik ileti\u015fimi, ula\u015f\u0131m ve lojistik, yeni enerji g\u00fcc\u00fc, ak\u0131ll\u0131 ev ve di\u011fer ilgili alanlarda kullan\u0131lmaktad\u0131r. <\/strong><\/div>\n<div><strong>\u00a0<\/strong><\/div>\n<div><strong>We have owned our own production base covering more than 14000m located in Dapeng district of Shenzhen with ISO9001, ISO14001, IS045001 and Amfori BSCI, and our products are with CE, FCC, TUV-UL2054, CQC,RoHs, PSE,MSDS, UN38.3 certificates. We\u2019ve already provided safe, stable, environmentallyfriendly, high-quality products and professional OEM\/ODM services to customers in more than 80 countries and regions. <\/strong><\/div>\n<div><\/div>\n<div><\/div>\n<div><strong>SSS <\/strong><\/div>\n<div><strong><span data-spm-anchor-id=\"a2700.pc-decorate.0.i33.5d033333Lu9Prj\">1. Lityum pillerin \u00f6zelli\u011fi nedir?<\/span><\/strong><\/div>\n<div>\n<p><span data-spm-anchor-id=\"a2700.pc-decorate.0.i33.5d033333Lu9Prj\">C: Y\u00fcksek enerji yo\u011funlu\u011fu ile 460-600Wh\/kg'a ula\u015fm\u0131\u015ft\u0131r, bu da kur\u015fun-asit pillerin yakla\u015f\u0131k 6-7 kat\u0131d\u0131r. Uzun hizmet \u00f6mr\u00fc, kullan\u0131m \u00f6mr\u00fc 6 y\u0131ldan fazla olabilir. Hafif a\u011f\u0131rl\u0131k, a\u011f\u0131rl\u0131k ayn\u0131 hacimdeki kur\u015fun-asit \u00fcr\u00fcn\u00fcn yakla\u015f\u0131k 1\/5-6's\u0131d\u0131r.<\/span><\/p>\n<p>&nbsp;<\/p>\n<div data-spm-anchor-id=\"a2700.pc-decorate.0.i34.5d033333Lu9Prj\"><strong>2. Lityum pil ne i\u00e7in kullan\u0131l\u0131r?<br \/>\n<\/strong>A: Lityum pil g\u00fc\u00e7 ve enerji depolama i\u00e7in kullan\u0131l\u0131r. Acil g\u00fc\u00e7 yedeklemesi veya UPS gibi. G\u00fcvenilir elektrik ve rekreasyonel ara\u00e7 g\u00fcc\u00fc, golf arabas\u0131, g\u00fcvenilir ve hafif marin, g\u00fcne\u015f enerjisi depolama, g\u00fcne\u015f evi, k\u00fc\u00e7\u00fck i\u015fleme fabrikas\u0131, uzaktan konumlarda g\u00f6zetim veya alarm sistemleri.3.Boyalar\u0131n\u0131z g\u00fcvenli mi? A: Pilimiz g\u00fcvenli. T\u00fcm Zwayn piller, LiFePO4 katot ve yerle\u015fik Pil Y\u00f6netim Sistemi (BMS) dahil olmak \u00fczere en g\u00fcvenli ve en kararl\u0131 bile\u015fenleri kullan\u0131r. BMS h\u00fccreleri a\u015f\u0131r\u0131 y\u00fcksek veya d\u00fc\u015f\u00fck voltajlar, y\u00fcksek ak\u0131mlar, k\u0131sa devreler ve a\u015f\u0131r\u0131 \u0131s\u0131 veya so\u011fu\u011fa kar\u015f\u0131 korur. Bunlar pil ar\u0131zalar\u0131n\u0131n en yayg\u0131n nedenleridir ve t\u00fcm pillerimizde bu riskleri azaltmak i\u00e7in her t\u00fcrl\u00fc tedbir al\u0131nm\u0131\u015ft\u0131r.<br \/>\n<strong><br \/>\n4. Uygulamam i\u00e7in do\u011fru lityum derin d\u00f6ng\u00fcl\u00fc pili nas\u0131l se\u00e7erim?<br \/>\n<\/strong>C: \u00c7o\u011fu standart 12, 24 veya 48 volt sistemde, en iyi lityum pil se\u00e7imi LiFePO4't\u00fcr (Lityum Demir Fosfat\/<br \/>\nPo\u015fet\/Birincil pil h\u00fccresi). Bu tip pilin voltaj\u0131 bir AGM'ye \u00e7ok benzer ve kolayca<br \/>\nRV'niz, tekneniz, \u015febekeden ba\u011f\u0131ms\u0131z g\u00fc\u00e7 sisteminiz, g\u00fcne\u015f eviniz (TV, buzdolab\u0131, \u00e7ama\u015f\u0131r makinesi, klima<br \/>\nkondisyoner, su \u0131s\u0131t\u0131c\u0131s\u0131, mikrodalga f\u0131r\u0131n, ind\u00fcksiyon oca\u011f\u0131, bula\u015f\u0131k makinesi, yaz\u0131c\u0131, bilgisayar),Telekom\u00fcnikasyon Kulesi, hibrit ve ba\u011f\u0131ms\u0131z g\u00fcne\u015f enerjisi sistemi uygulamalar\u0131.5. Seri mi yoksa paralel mi kullan\u0131labilir? C: Evet efendim, paralel ba\u011flant\u0131da en \u00e7ok 15 adede kadar kullanabilir, Maks. 150 kWh depolama kutusu.<br \/>\n<strong><br \/>\n6. Bu pil paketi invert\u00f6r\u00fcmle uyumlu olabilir mi? Uyumlu invert\u00f6rlerin bir \u015firket listesi var m\u0131?<br \/>\n<\/strong>A:Yes sir, our battery pack can compatible with most brand of inverter on the market, such as Deye, MUST, SMA, Growatt, Solax,Solis, Sungrow, Sofar, Voltronic, Sorotec, Studer, etc.<\/div>\n<\/div>\n<\/div>","protected":false},"excerpt":{"rendered":"<p>Y\u00fcksek Enerji Yo\u011funlu\u011fu, G\u00fc\u00e7l\u00fc Dayan\u0131kl\u0131l\u0131k: 280Ah y\u00fcksek kapasiteli lityum demir fosfat (LiFePO\u2084) h\u00fccreler kullan\u0131larak, batarya paketi toplam 3.584kWh enerji kapasitesi sa\u011flar. Uzun s\u00fcreli, y\u00fcksek enerji t\u00fcketimli uygulamalar\u0131n taleplerini kar\u015f\u0131lamak i\u00e7in s\u00fcrd\u00fcr\u00fclebilir, stabil g\u00fc\u00e7 \u00e7\u0131k\u0131\u015f\u0131 sunar.<\/p>\n<div class=\"productAttItem\">\n<div class=\"productAttTitel\">\n<p>G\u00fc\u00e7l\u00fc Uyumluluk ve Kolayl\u0131k: Nominal voltaj\u0131 12.8V olan bu batarya, ana ak\u0131m 12V kur\u015fun-asit batarya sistemleri ve ekipmanlar\u0131yla (\u00f6r. karavanlar, deniz ara\u00e7lar\u0131, g\u00fcne\u015f inverterleri, a\u00e7\u0131k hava enerji istasyonlar\u0131) sorunsuz entegrasyon sa\u011flar. Do\u011frudan de\u011fi\u015fim ve y\u00fckseltme imkan\u0131 sunar, karma\u015f\u0131k modifikasyonlara gerek kalmadan tak ve kullan fonksiyonelli\u011fi sa\u011flar.<\/p>\n<\/div>\n<\/div>","protected":false},"featured_media":2748,"template":"","meta":{"site-sidebar-layout":"default","site-content-layout":"","ast-site-content-layout":"default","site-content-style":"default","site-sidebar-style":"default","ast-global-header-display":"","ast-banner-title-visibility":"","ast-main-header-display":"","ast-hfb-above-header-display":"","ast-hfb-below-header-display":"","ast-hfb-mobile-header-display":"","site-post-title":"","ast-breadcrumbs-content":"","ast-featured-img":"","footer-sml-layout":"","ast-disable-related-posts":"","theme-transparent-header-meta":"default","adv-header-id-meta":"","stick-header-meta":"default","header-above-stick-meta":"","header-main-stick-meta":"","header-below-stick-meta":"","astra-migrate-meta-layouts":"set","ast-page-background-enabled":"default","ast-page-background-meta":{"desktop":{"background-color":"var(--ast-global-color-4)","background-image":"","background-repeat":"repeat","background-position":"center center","background-size":"auto","background-attachment":"scroll","background-type":"","background-media":"","overlay-type":"","overlay-color":"","overlay-opacity":"","overlay-gradient":""},"tablet":{"background-color":"","background-image":"","background-repeat":"repeat","background-position":"center center","background-size":"auto","background-attachment":"scroll","background-type":"","background-media":"","overlay-type":"","overlay-color":"","overlay-opacity":"","overlay-gradient":""},"mobile":{"background-color":"","background-image":"","background-repeat":"repeat","background-position":"center center","background-size":"auto","background-attachment":"scroll","background-type":"","background-media":"","overlay-type":"","overlay-color":"","overlay-opacity":"","overlay-gradient":""}},"ast-content-background-meta":{"desktop":{"background-color":"var(--ast-global-color-5)","background-image":"","background-repeat":"repeat","background-position":"center center","background-size":"auto","background-attachment":"scroll","background-type":"","background-media":"","overlay-type":"","overlay-color":"","overlay-opacity":"","overlay-gradient":""},"tablet":{"background-color":"var(--ast-global-color-5)","background-image":"","background-repeat":"repeat","background-position":"center center","background-size":"auto","background-attachment":"scroll","background-type":"","background-media":"","overlay-type":"","overlay-color":"","overlay-opacity":"","overlay-gradient":""},"mobile":{"background-color":"var(--ast-global-color-5)","background-image":"","background-repeat":"repeat","background-position":"center center","background-size":"auto","background-attachment":"scroll","background-type":"","background-media":"","overlay-type":"","overlay-color":"","overlay-opacity":"","overlay-gradient":""}}},"product_brand":[],"product_cat":[53],"product_tag":[],"class_list":{"0":"post-2124","1":"product","2":"type-product","3":"status-publish","4":"has-post-thumbnail","6":"product_cat-lifepo4-battery-packs","7":"desktop-align-left","8":"tablet-align-left","9":"mobile-align-left","10":"ast-product-gallery-layout-horizontal-slider","11":"ast-product-tabs-layout-horizontal","13":"first","14":"instock","15":"shipping-taxable","16":"purchasable","17":"product-type-simple"},"_links":{"self":[{"href":"https:\/\/haisicstorage.com\/tr\/wp-json\/wp\/v2\/product\/2124","targetHints":{"allow":["GET"]}}],"collection":[{"href":"https:\/\/haisicstorage.com\/tr\/wp-json\/wp\/v2\/product"}],"about":[{"href":"https:\/\/haisicstorage.com\/tr\/wp-json\/wp\/v2\/types\/product"}],"version-history":[{"count":7,"href":"https:\/\/haisicstorage.com\/tr\/wp-json\/wp\/v2\/product\/2124\/revisions"}],"predecessor-version":[{"id":3480,"href":"https:\/\/haisicstorage.com\/tr\/wp-json\/wp\/v2\/product\/2124\/revisions\/3480"}],"wp:featuredmedia":[{"embeddable":true,"href":"https:\/\/haisicstorage.com\/tr\/wp-json\/wp\/v2\/media\/2748"}],"wp:attachment":[{"href":"https:\/\/haisicstorage.com\/tr\/wp-json\/wp\/v2\/media?parent=2124"}],"wp:term":[{"taxonomy":"product_brand","embeddable":true,"href":"https:\/\/haisicstorage.com\/tr\/wp-json\/wp\/v2\/product_brand?post=2124"},{"taxonomy":"product_cat","embeddable":true,"href":"https:\/\/haisicstorage.com\/tr\/wp-json\/wp\/v2\/product_cat?post=2124"},{"taxonomy":"product_tag","embeddable":true,"href":"https:\/\/haisicstorage.com\/tr\/wp-json\/wp\/v2\/product_tag?post=2124"}],"curies":[{"name":"wp","href":"https:\/\/api.w.org\/{rel}","templated":true}]}}