{"id":2117,"date":"2025-12-08T01:53:58","date_gmt":"2025-12-08T01:53:58","guid":{"rendered":"https:\/\/haisicstorage.com\/?post_type=product&#038;p=2117"},"modified":"2026-02-27T07:07:52","modified_gmt":"2026-02-27T07:07:52","slug":"lifepo4-batterie-lithium-10kwh-5000w","status":"publish","type":"product","link":"https:\/\/haisicstorage.com\/tr\/lifepo4-batterie-lithium-10kwh-5000w\/","title":{"rendered":"Lipo4 batarya lityum 10kwh 5000w"},"content":{"rendered":"<p><strong>Lifepo4 pil lityum 10kwh 5000w Ta\u015f\u0131nabilir G\u00fc\u00e7 \u0130stasyonu Enerji Yedekleme Sistemi<\/strong><\/p>\n<p>Lifepo4 pil lityum 10kwh 5000w ta\u015f\u0131nabilir g\u00fc\u00e7 istasyonu enerji yedekleme sistemi ile e\u015fsiz g\u00fc\u00e7 ve g\u00fcvenilirlik deneyimi ya\u015fay\u0131n.<br \/>\nY\u00fcksek enerji t\u00fcketimi cihazlar\u0131n\u0131n zorlu taleplerini kar\u015f\u0131lamak \u00fczere tasarland\u0131,<br \/>\nbu g\u00fc\u00e7 merkezi, ko\u015fullar ne olursa olsun ba\u011fl\u0131 kalman\u0131z\u0131 ve \u00e7al\u0131\u015f\u0131r durumda olman\u0131z\u0131 sa\u011flar.<\/p>\n<p><strong>E\u015fsiz Enerji Kapasitesi<br \/>\nB\u00fcy\u00fck Depolama:\u00a0<\/strong>G\u00fc\u00e7l\u00fc 10kwh lityum demir fosfat pil ile bu ta\u015f\u0131nabilir g\u00fc\u00e7 istasyonu, uzun \u00f6m\u00fcr ve y\u00fcksek d\u00f6ng\u00fc \u00f6mr\u00fc sunar,<br \/>\nve en \u00e7ok ihtiya\u00e7 duydu\u011funuz anda g\u00fcc\u00fcn\u00fcz\u00fc sa\u011flar.<\/p>\n<p><strong>Verimli G\u00fc\u00e7 D\u00f6n\u00fc\u015f\u00fcm\u00fc<\/strong>: Saf sin\u00fcs dalga invert\u00f6r\u00fc ile donat\u0131lm\u0131\u015ft\u0131r, d\u00fczg\u00fcn ve kesintisiz 5000W \u00e7\u0131k\u0131\u015f sa\u011flar,<br \/>\nev aletleri, t\u0131bbi ekipmanlar ve hatta hassas elektronik cihazlar\u0131n zarar g\u00f6rme riski olmadan \u00e7al\u0131\u015ft\u0131rmaya uygundur.<\/p>\n<p><strong>G\u00fcne\u015f \u015earj Uyumlu<\/strong>: G\u00fcne\u015f paneli uyumlu \u00f6zellikleri ile g\u00fcne\u015fin g\u00fcc\u00fcnden yararlan\u0131n,<br \/>\ngeli\u015fmi\u015f MPPT kontrol\u00f6r\u00fc ile daha h\u0131zl\u0131 ve daha verimli \u015farj s\u00fcreleri sa\u011flar.<\/p>\n<p><strong>Geli\u015fmi\u015f G\u00fcvenlik \u00d6zellikleri<br \/>\nKapsaml\u0131 Koruma:\u00a0<\/strong>Bu g\u00fc\u00e7 istasyonu sadece cihazlar\u0131n\u0131z\u0131 \u00e7al\u0131\u015ft\u0131rmakla kalmaz, ayn\u0131 zamanda onlar\u0131 ve kendisini zararlardan korur.<br \/>\nA\u015f\u0131r\u0131 voltaj, a\u015f\u0131r\u0131 y\u00fck, k\u0131sa devre ve a\u015f\u0131r\u0131 \u0131s\u0131nma korumas\u0131 gibi \u00f6zellikler i\u00e7erir.<\/p>\n<p><strong>Sertifikal\u0131 G\u00fcvenilirlik<\/strong>: G\u00fcvenlik en \u00f6nemli \u00f6nceliktir, bu nedenle CE, FCC, MSDS ve UN38.3 gibi sertifikalarla gelir,<br \/>\nve k\u00fcresel g\u00fcvenlik ve etkinlik standartlar\u0131na uygun oldu\u011funu garanti eder.<\/p>\n<p><strong>Dayan\u0131kl\u0131 ve Ta\u015f\u0131nabilir Tasar\u0131m<br \/>\nSa\u011flam Yap\u0131:\u00a0<\/strong>\u00dcnite su ge\u00e7irmez bir g\u00f6vde ile kaplanm\u0131\u015ft\u0131r, bu da \u00e7e\u015fitli a\u00e7\u0131k hava ortamlar\u0131nda kullan\u0131lmaya uygun hale getirir,<br \/>\nkamp gezilerinden in\u015faat sahalar\u0131na kadar, do\u011fa olaylar\u0131ndan korkmadan kullan\u0131labilir.<\/p>\n<p><strong>\u00c7ok Y\u00f6nl\u00fc Kullan\u0131m Durumlar\u0131<\/strong>: Elektrik kesintileri s\u0131ras\u0131nda ev yedekleme, a\u00e7\u0131k hava etkinlikleri deste\u011fi,<br \/>\nveya \u015febeke d\u0131\u015f\u0131 ya\u015fam i\u00e7in g\u00fcvenilir bir enerji kayna\u011f\u0131 olarak, bu g\u00fc\u00e7 istasyonu g\u00f6reve haz\u0131rd\u0131r.<\/p>\n<p><strong>Temel \u00d6zellikler ve Uygulamalar<br \/>\nOptimal Performans:<\/strong>\u00a0230V sistem voltaj\u0131 ve 220V\/5000W AC \u00e7\u0131k\u0131\u015f\u0131 ile,<br \/>\nayn\u0131 anda birden fazla cihaz\u0131 \u00e7al\u0131\u015ft\u0131rabilir, bu da onu her durum i\u00e7in merkezi bir g\u00fc\u00e7 merkezi yapar.<\/p>\n<p><strong>Geni\u015f Uygulama Alan\u0131<\/strong>: Acil durum g\u00fc\u00e7 yedeklemesi i\u00e7in idealdir, elektrik kesintileri s\u0131ras\u0131nda g\u00f6n\u00fcl rahatl\u0131\u011f\u0131 sa\u011flar,<br \/>\ndo\u011fal afetler ve di\u011fer planlanmam\u0131\u015f olaylar. Ta\u015f\u0131nabilirli\u011fi, onu a\u00e7\u0131k hava rekreasyon etkinlikleri i\u00e7in de m\u00fckemmel k\u0131lar.<\/p>\n<p>Lifepo4 batarya lityum 10kwh 5000w ta\u015f\u0131nabilir g\u00fc\u00e7 istasyonu sadece bir enerji \u00e7\u00f6z\u00fcm\u00fc de\u011fil; modern ya\u015fam\u0131n vazge\u00e7ilmez bir par\u00e7as\u0131d\u0131r,<br \/>\nsizin ve cihazlar\u0131n\u0131z\u0131n her zaman ve her yerde g\u00fcvende ve koruma alt\u0131nda kalmas\u0131n\u0131 sa\u011flar. Verimlilik, g\u00fcvenlik ile d\u00fcnyan\u0131za g\u00fc\u00e7 vermeye haz\u0131rlan\u0131n,<br \/>\nve kolayl\u0131k\u2014hepsi tek bir sa\u011flam pakette.<\/p>","protected":false},"excerpt":{"rendered":"<p>\u00c7\u0131k\u0131\u015f Anl\u0131k G\u00fc\u00e7: Maksimum 6000W anl\u0131k<br \/>\nPil T\u00fcr\u00fc: LiFePO4 200Ah*16Adet 16S1P<br \/>\nAC Giri\u015f: 2500W (Parametreler ayarlanabilir)<\/p>\n<div class=\"productAttItem\">\n<div class=\"productAttTitel\">\u00dcr\u00fcn Kodu: HS-YD10KW<\/div>\n<\/div>\n<div class=\"productAttItem\">\n<div class=\"productAttTitel\">OEM: Mevcut<\/div>\n<\/div>\n<div class=\"productAttItem\">\n<div class=\"productAttTitel\">Numune: Mevcut<\/div>\n<\/div>\n<div class=\"productAttItem\">\n<div class=\"productAttTitel\">Limak: Shenzhen<\/div>\n<\/div>\n<div class=\"productAttItem\">\n<div class=\"productAttTitel\">\u00d6deme: Di\u011fer<\/div>\n<\/div>\n<div class=\"productAttItem\">\n<div class=\"productAttTitel\">Men\u015fei: \u00c7in<\/div>\n<\/div>\n<div class=\"productAttItem\">\n<div class=\"productAttTitel\">Nakliye: Deniz ta\u015f\u0131mac\u0131l\u0131\u011f\u0131 \u00b7 Kara ta\u015f\u0131mac\u0131l\u0131\u011f\u0131 \u00b7 Hava ta\u015f\u0131mac\u0131l\u0131\u011f\u0131<\/div>\n<\/div>\n<div class=\"productAttItem\">\n<div class=\"productAttTitel\">Tedarik Yetene\u011fi: Ayl\u0131k 1000 adet<\/div>\n<\/div>","protected":false},"featured_media":2122,"template":"","meta":{"site-sidebar-layout":"default","site-content-layout":"","ast-site-content-layout":"default","site-content-style":"default","site-sidebar-style":"default","ast-global-header-display":"","ast-banner-title-visibility":"","ast-main-header-display":"","ast-hfb-above-header-display":"","ast-hfb-below-header-display":"","ast-hfb-mobile-header-display":"","site-post-title":"","ast-breadcrumbs-content":"","ast-featured-img":"","footer-sml-layout":"","ast-disable-related-posts":"","theme-transparent-header-meta":"default","adv-header-id-meta":"","stick-header-meta":"default","header-above-stick-meta":"","header-main-stick-meta":"","header-below-stick-meta":"","astra-migrate-meta-layouts":"set","ast-page-background-enabled":"default","ast-page-background-meta":{"desktop":{"background-color":"var(--ast-global-color-4)","background-image":"","background-repeat":"repeat","background-position":"center center","background-size":"auto","background-attachment":"scroll","background-type":"","background-media":"","overlay-type":"","overlay-color":"","overlay-opacity":"","overlay-gradient":""},"tablet":{"background-color":"","background-image":"","background-repeat":"repeat","background-position":"center center","background-size":"auto","background-attachment":"scroll","background-type":"","background-media":"","overlay-type":"","overlay-color":"","overlay-opacity":"","overlay-gradient":""},"mobile":{"background-color":"","background-image":"","background-repeat":"repeat","background-position":"center center","background-size":"auto","background-attachment":"scroll","background-type":"","background-media":"","overlay-type":"","overlay-color":"","overlay-opacity":"","overlay-gradient":""}},"ast-content-background-meta":{"desktop":{"background-color":"var(--ast-global-color-5)","background-image":"","background-repeat":"repeat","background-position":"center center","background-size":"auto","background-attachment":"scroll","background-type":"","background-media":"","overlay-type":"","overlay-color":"","overlay-opacity":"","overlay-gradient":""},"tablet":{"background-color":"var(--ast-global-color-5)","background-image":"","background-repeat":"repeat","background-position":"center center","background-size":"auto","background-attachment":"scroll","background-type":"","background-media":"","overlay-type":"","overlay-color":"","overlay-opacity":"","overlay-gradient":""},"mobile":{"background-color":"var(--ast-global-color-5)","background-image":"","background-repeat":"repeat","background-position":"center center","background-size":"auto","background-attachment":"scroll","background-type":"","background-media":"","overlay-type":"","overlay-color":"","overlay-opacity":"","overlay-gradient":""}}},"product_brand":[],"product_cat":[46],"product_tag":[],"class_list":{"0":"post-2117","1":"product","2":"type-product","3":"status-publish","4":"has-post-thumbnail","6":"product_cat-solar-hybrid-inverter","7":"desktop-align-left","8":"tablet-align-left","9":"mobile-align-left","10":"ast-product-gallery-layout-horizontal-slider","11":"ast-product-tabs-layout-horizontal","13":"first","14":"instock","15":"shipping-taxable","16":"purchasable","17":"product-type-simple"},"_links":{"self":[{"href":"https:\/\/haisicstorage.com\/tr\/wp-json\/wp\/v2\/product\/2117","targetHints":{"allow":["GET"]}}],"collection":[{"href":"https:\/\/haisicstorage.com\/tr\/wp-json\/wp\/v2\/product"}],"about":[{"href":"https:\/\/haisicstorage.com\/tr\/wp-json\/wp\/v2\/types\/product"}],"version-history":[{"count":4,"href":"https:\/\/haisicstorage.com\/tr\/wp-json\/wp\/v2\/product\/2117\/revisions"}],"predecessor-version":[{"id":3490,"href":"https:\/\/haisicstorage.com\/tr\/wp-json\/wp\/v2\/product\/2117\/revisions\/3490"}],"wp:featuredmedia":[{"embeddable":true,"href":"https:\/\/haisicstorage.com\/tr\/wp-json\/wp\/v2\/media\/2122"}],"wp:attachment":[{"href":"https:\/\/haisicstorage.com\/tr\/wp-json\/wp\/v2\/media?parent=2117"}],"wp:term":[{"taxonomy":"product_brand","embeddable":true,"href":"https:\/\/haisicstorage.com\/tr\/wp-json\/wp\/v2\/product_brand?post=2117"},{"taxonomy":"product_cat","embeddable":true,"href":"https:\/\/haisicstorage.com\/tr\/wp-json\/wp\/v2\/product_cat?post=2117"},{"taxonomy":"product_tag","embeddable":true,"href":"https:\/\/haisicstorage.com\/tr\/wp-json\/wp\/v2\/product_tag?post=2117"}],"curies":[{"name":"wp","href":"https:\/\/api.w.org\/{rel}","templated":true}]}}