{"id":1708,"date":"2025-12-03T07:08:52","date_gmt":"2025-12-03T07:08:52","guid":{"rendered":"https:\/\/haisicstorage.com\/?post_type=product&#038;p=1708"},"modified":"2026-02-27T07:25:33","modified_gmt":"2026-02-27T07:25:33","slug":"25-6v-280ah-residential-ess","status":"publish","type":"product","link":"https:\/\/haisicstorage.com\/tr\/25-6v-280ah-residential-ess\/","title":{"rendered":"25.6v 280ah Konut ESS"},"content":{"rendered":"<p class=\"product-des\"><span style=\"font-size: 16px;\">Neden HS-TQS'yi se\u00e7melisiniz?<\/span><\/p>\n<p class=\"product-des\"><span style=\"font-size: 16px;\">\u2705 S\u00fcper g\u00fc\u00e7l\u00fc g\u00fc\u00e7 \u00e7\u0131k\u0131\u015f\u0131, istikrarl\u0131 tedarik<\/span><\/p>\n<p>5kW s\u00fcrekli \u00e7\u0131k\u0131\u015f, tepe g\u00fc\u00e7 7kW+ seviyesine kadar \u00e7\u0131kar, y\u00fcksek g\u00fc\u00e7l\u00fc ev aletleri, ticari ekipmanlar ve \u015febeke d\u0131\u015f\u0131 sistemleri kolayca \u00e7al\u0131\u015ft\u0131r\u0131r.<\/p>\n<p>14.336kWh b\u00fcy\u00fck kapasite, tek bir birlik bir ailenin g\u00fcnl\u00fck elektrik ihtiyac\u0131n\u0131 kar\u015f\u0131layabilir, y\u00fcksek enerji t\u00fcketimi senaryolar\u0131na uygundur.<\/p>\n<p>\u2705 Mod\u00fcler y\u0131\u011f\u0131nlama, ihtiya\u00e7lara g\u00f6re \u00f6l\u00e7eklenebilir<\/p>\n<p>Yenilik\u00e7i \u201ctak ve kullan\u201d y\u0131\u011f\u0131nlama teknolojisi, karma\u015f\u0131k yap\u0131land\u0131rma gerektirmez, 2-4 bataryay\u0131 esnek \u015fekilde birle\u015ftirerek k\u00fc\u00e7\u00fck konut projelerinden ticari projelere kadar esnek enerji depolama ihtiya\u00e7lar\u0131n\u0131 kar\u015f\u0131lar.<\/p>\n<p>\u2705 Askeri s\u0131n\u0131f g\u00fcvenlik, dayan\u0131kl\u0131 ve uzun \u00f6m\u00fcrl\u00fc<\/p>\n<p>Lityum demir fosfat (LiFePO4) batarya h\u00fccreleri, \u22656.000 d\u00f6ng\u00fc \u00f6mr\u00fcne sahip, 10 y\u0131l sonra bile 80% kapasitesini korur.<br \/>\n<span style=\"font-size: 16px;\">IP65 koruma s\u0131n\u0131f\u0131 + ak\u0131ll\u0131 BMS korumas\u0131, voltaj, s\u0131cakl\u0131k ve ak\u0131m\u0131n ger\u00e7ek zamanl\u0131 izlenmesi, a\u015f\u0131r\u0131 \u015farj, a\u015f\u0131r\u0131 de\u015farj veya k\u0131sa devre risklerini ortadan kald\u0131r\u0131r.<\/span><\/p>\n<p><span style=\"font-size: 16px;\">Ak\u0131ll\u0131 enerji y\u00f6netimi, enerji tasarrufu ve g\u00f6n\u00fcl rahatl\u0131\u011f\u0131<br \/>\n<\/span><span style=\"font-size: 16px;\">G\u00fcne\u015f enerjisi, \u015febeke ve jenerat\u00f6rlerden \u00e7oklu kaynak giri\u015fini destekler, otomatik olarak en uygun g\u00fc\u00e7 kayna\u011f\u0131 moduna ge\u00e7er.<\/span><\/p>\n<div class=\"inquiryBasket\">Uygulama senaryolar\u0131<br \/>\nEv enerji depolama | G\u00fcne\u015f enerjisi sistemiyle birle\u015fik olarak s\u0131f\u0131r elektrik faturas\u0131 ve endi\u015fesiz g\u00fc\u00e7 kesintileri elde edin.<br \/>\nTicari yedek g\u00fc\u00e7 | Marketler, klinikler ve veri merkezlerinde kritik ekipmanlar\u0131n 7\/24 kesintisiz \u00e7al\u0131\u015fmas\u0131n\u0131 sa\u011flar.<br \/>\n\ud83d\ude90 \u015eebeke d\u0131\u015f\u0131 g\u00fc\u00e7 kayna\u011f\u0131 | Karavanlar, tekneler ve uzak \u00e7al\u0131\u015fma istasyonlar\u0131 i\u00e7in istikrarl\u0131, temiz enerji sa\u011flar.<\/div>\n<p><strong><span data-spm-anchor-id=\"a2700.pc-decorate.0.i7.5d033333Lu9Prj\"> \u00a0 \u00a0 \u00a0 \u00a0 \u00a0 \u00a0 \u00a0 \u00a0 \u00a0 \u00a0 \u00a0 \u00a0 \u00a0 \u00a0 \u00a0 \u00a0 \u00a0 \u00a0<\/span><\/strong><\/p>\n<div data-spm-anchor-id=\"a2700.pc-decorate.0.i5.5d033333Lu9Prj\"><strong>\u015eirket Profili <\/strong><\/div>\n<div data-spm-anchor-id=\"a2700.pc-decorate.0.i5.5d033333Lu9Prj\">\n<p><strong><span data-spm-anchor-id=\"a2700.pc-decorate.0.i21.5d033333Lu9Prj\">Haisic Battery 2011 y\u0131l\u0131nda kuruldu, Shenzhen Haisic Technology Co., Ltd. enerji depolama \u00fcr\u00fcnlerinin Ar-Ge ve \u00fcretimine adanm\u0131\u015f ulusal bir y\u00fcksek teknoloji i\u015fletmesidir; LiFePO4 pil paketleri, ticari ve end\u00fcstriyel enerji depolama, daire i\u00e7i enerji depolama, ta\u015f\u0131nabilir g\u00fc\u00e7 istasyonu\/g\u00fcne\u015f jenerat\u00f6r\u00fc, g\u00fcne\u015f inverteri, forklift pil, RV\/manzaral\u0131 otob\u00fcs\/ golf arac\u0131 pil ve di\u011fer OEM\/ODM<\/span><\/strong><\/p>\n<div><\/div>\n<div><strong>12 y\u0131l\u0131 a\u015fk\u0131n s\u00fcredir bu alanda derinlemesine \u00e7al\u0131\u015fan Haisic Teknoloji, Ar-Ge, inovasyon, kalite kontrol ve y\u00f6netim konusunda derin deneyimler kazanm\u0131\u015ft\u0131r. \u00dcr\u00fcnlerimiz ev enerji depolama, end\u00fcstriyel enerji depolama, ticari enerji depolama, g\u00fc\u00e7 ileti\u015fimi, medikal elektronik, g\u00fcvenlik ileti\u015fimi, ula\u015f\u0131m ve lojistik, yeni enerji g\u00fcc\u00fc, ak\u0131ll\u0131 ev ve di\u011fer ilgili alanlarda kullan\u0131lmaktad\u0131r. <\/strong><\/div>\n<div><strong>\u00a0<\/strong><\/div>\n<div><strong>We have owned our own production base covering more than 14000m located in Dapeng district of Shenzhen with ISO9001, ISO14001, IS045001 and Amfori BSCI, and our products are with CE, FCC, TUV-UL2054, CQC,RoHs, PSE,MSDS, UN38.3 certificates. We\u2019ve already provided safe, stable, environmentallyfriendly, high-quality products and professional OEM\/ODM services to customers in more than 80 countries and regions. <\/strong><\/div>\n<div><\/div>\n<div><strong>SSS <\/strong><\/div>\n<div><strong><span data-spm-anchor-id=\"a2700.pc-decorate.0.i33.5d033333Lu9Prj\">1. Lityum pillerin \u00f6zelli\u011fi nedir?<\/span><\/strong><\/div>\n<div>\n<p><span data-spm-anchor-id=\"a2700.pc-decorate.0.i33.5d033333Lu9Prj\">C: Y\u00fcksek enerji yo\u011funlu\u011fu ile 460-600Wh\/kg'a ula\u015fm\u0131\u015ft\u0131r, bu da kur\u015fun-asit pillerin yakla\u015f\u0131k 6-7 kat\u0131d\u0131r. Uzun hizmet \u00f6mr\u00fc, kullan\u0131m \u00f6mr\u00fc 6 y\u0131ldan fazla olabilir. Hafif a\u011f\u0131rl\u0131k, a\u011f\u0131rl\u0131k ayn\u0131 hacimdeki kur\u015fun-asit \u00fcr\u00fcn\u00fcn yakla\u015f\u0131k 1\/5-6's\u0131d\u0131r.<\/span><\/p>\n<p>&nbsp;<\/p>\n<div data-spm-anchor-id=\"a2700.pc-decorate.0.i34.5d033333Lu9Prj\"><strong>2. Lityum pil ne i\u00e7in kullan\u0131l\u0131r?<br \/>\n<\/strong>A: Lityum pil g\u00fc\u00e7 ve enerji depolama i\u00e7in kullan\u0131l\u0131r. Acil g\u00fc\u00e7 yedeklemesi veya UPS gibi. G\u00fcvenilir elektrik ve rekreasyonel ara\u00e7 g\u00fcc\u00fc, golf arabas\u0131, g\u00fcvenilir ve hafif marin, g\u00fcne\u015f enerjisi depolama, g\u00fcne\u015f evi, k\u00fc\u00e7\u00fck i\u015fleme fabrikas\u0131, uzaktan konumlarda g\u00f6zetim veya alarm sistemleri.3.Boyalar\u0131n\u0131z g\u00fcvenli mi? A: Pilimiz g\u00fcvenli. T\u00fcm Zwayn piller, LiFePO4 katot ve yerle\u015fik Pil Y\u00f6netim Sistemi (BMS) dahil olmak \u00fczere en g\u00fcvenli ve en kararl\u0131 bile\u015fenleri kullan\u0131r. BMS h\u00fccreleri a\u015f\u0131r\u0131 y\u00fcksek veya d\u00fc\u015f\u00fck voltajlar, y\u00fcksek ak\u0131mlar, k\u0131sa devreler ve a\u015f\u0131r\u0131 \u0131s\u0131 veya so\u011fu\u011fa kar\u015f\u0131 korur. Bunlar pil ar\u0131zalar\u0131n\u0131n en yayg\u0131n nedenleridir ve t\u00fcm pillerimizde bu riskleri azaltmak i\u00e7in her t\u00fcrl\u00fc tedbir al\u0131nm\u0131\u015ft\u0131r.<br \/>\n<strong><br \/>\n4. Uygulamam i\u00e7in do\u011fru lityum derin d\u00f6ng\u00fcl\u00fc pili nas\u0131l se\u00e7erim?<br \/>\n<\/strong>C: \u00c7o\u011fu standart 12, 24 veya 48 volt sistemde, en iyi lityum pil se\u00e7imi LiFePO4't\u00fcr (Lityum Demir Fosfat\/<br \/>\nPo\u015fet\/Birincil pil h\u00fccresi). Bu tip pilin voltaj\u0131 bir AGM'ye \u00e7ok benzer ve kolayca<br \/>\nRV'niz, tekneniz, \u015febekeden ba\u011f\u0131ms\u0131z g\u00fc\u00e7 sisteminiz, g\u00fcne\u015f eviniz (TV, buzdolab\u0131, \u00e7ama\u015f\u0131r makinesi, klima<br \/>\nkondisyoner, su \u0131s\u0131t\u0131c\u0131s\u0131, mikrodalga f\u0131r\u0131n, ind\u00fcksiyon oca\u011f\u0131, bula\u015f\u0131k makinesi, yaz\u0131c\u0131, bilgisayar),Telekom\u00fcnikasyon Kulesi, hibrit ve ba\u011f\u0131ms\u0131z g\u00fcne\u015f enerjisi sistemi uygulamalar\u0131.5. Seri mi yoksa paralel mi kullan\u0131labilir? C: Evet efendim, paralel ba\u011flant\u0131da en \u00e7ok 15 adede kadar kullanabilir, Maks. 150 kWh depolama kutusu.<br \/>\n<strong><br \/>\n6. Bu pil paketi invert\u00f6r\u00fcmle uyumlu olabilir mi? Uyumlu invert\u00f6rlerin bir \u015firket listesi var m\u0131?<br \/>\n<\/strong>A:Yes sir, our battery pack can compatible with most brand of inverter on the market, such as Deye, MUST, SMA, Growatt, Solax,Solis, Sungrow, Sofar, Voltronic, Sorotec, Studer, etc.<\/p>\n<\/div>\n<\/div>\n<\/div>","protected":false},"excerpt":{"rendered":"<p class=\"product-des\">HS-TQS 5kW+14.336kWh Y\u0131\u011f\u0131nl\u0131 Enerji Depolama Batarya Sistemi<br \/>\n\u3016Y\u00fcksek Enerji G\u00fc\u00e7 Kayna\u011f\u0131 | Ak\u0131ll\u0131 Geni\u015fleme | G\u00fcvenli ve Dayan\u0131kl\u0131\u3017<\/p>","protected":false},"featured_media":1709,"template":"","meta":{"site-sidebar-layout":"default","site-content-layout":"","ast-site-content-layout":"default","site-content-style":"default","site-sidebar-style":"default","ast-global-header-display":"","ast-banner-title-visibility":"","ast-main-header-display":"","ast-hfb-above-header-display":"","ast-hfb-below-header-display":"","ast-hfb-mobile-header-display":"","site-post-title":"","ast-breadcrumbs-content":"","ast-featured-img":"","footer-sml-layout":"","ast-disable-related-posts":"","theme-transparent-header-meta":"default","adv-header-id-meta":"","stick-header-meta":"default","header-above-stick-meta":"","header-main-stick-meta":"","header-below-stick-meta":"","astra-migrate-meta-layouts":"set","ast-page-background-enabled":"default","ast-page-background-meta":{"desktop":{"background-color":"var(--ast-global-color-4)","background-image":"","background-repeat":"repeat","background-position":"center center","background-size":"auto","background-attachment":"scroll","background-type":"","background-media":"","overlay-type":"","overlay-color":"","overlay-opacity":"","overlay-gradient":""},"tablet":{"background-color":"","background-image":"","background-repeat":"repeat","background-position":"center center","background-size":"auto","background-attachment":"scroll","background-type":"","background-media":"","overlay-type":"","overlay-color":"","overlay-opacity":"","overlay-gradient":""},"mobile":{"background-color":"","background-image":"","background-repeat":"repeat","background-position":"center center","background-size":"auto","background-attachment":"scroll","background-type":"","background-media":"","overlay-type":"","overlay-color":"","overlay-opacity":"","overlay-gradient":""}},"ast-content-background-meta":{"desktop":{"background-color":"var(--ast-global-color-5)","background-image":"","background-repeat":"repeat","background-position":"center center","background-size":"auto","background-attachment":"scroll","background-type":"","background-media":"","overlay-type":"","overlay-color":"","overlay-opacity":"","overlay-gradient":""},"tablet":{"background-color":"var(--ast-global-color-5)","background-image":"","background-repeat":"repeat","background-position":"center center","background-size":"auto","background-attachment":"scroll","background-type":"","background-media":"","overlay-type":"","overlay-color":"","overlay-opacity":"","overlay-gradient":""},"mobile":{"background-color":"var(--ast-global-color-5)","background-image":"","background-repeat":"repeat","background-position":"center center","background-size":"auto","background-attachment":"scroll","background-type":"","background-media":"","overlay-type":"","overlay-color":"","overlay-opacity":"","overlay-gradient":""}}},"product_brand":[],"product_cat":[56,47,52],"product_tag":[],"class_list":{"0":"post-1708","1":"product","2":"type-product","3":"status-publish","4":"has-post-thumbnail","6":"product_cat-energy-storage-battery-system","7":"product_cat-residetial-ess","8":"product_cat-stackable-ess","9":"desktop-align-left","10":"tablet-align-left","11":"mobile-align-left","12":"ast-product-gallery-layout-horizontal-slider","13":"ast-product-tabs-layout-horizontal","15":"first","16":"instock","17":"shipping-taxable","18":"purchasable","19":"product-type-simple"},"_links":{"self":[{"href":"https:\/\/haisicstorage.com\/tr\/wp-json\/wp\/v2\/product\/1708","targetHints":{"allow":["GET"]}}],"collection":[{"href":"https:\/\/haisicstorage.com\/tr\/wp-json\/wp\/v2\/product"}],"about":[{"href":"https:\/\/haisicstorage.com\/tr\/wp-json\/wp\/v2\/types\/product"}],"version-history":[{"count":6,"href":"https:\/\/haisicstorage.com\/tr\/wp-json\/wp\/v2\/product\/1708\/revisions"}],"predecessor-version":[{"id":3494,"href":"https:\/\/haisicstorage.com\/tr\/wp-json\/wp\/v2\/product\/1708\/revisions\/3494"}],"wp:featuredmedia":[{"embeddable":true,"href":"https:\/\/haisicstorage.com\/tr\/wp-json\/wp\/v2\/media\/1709"}],"wp:attachment":[{"href":"https:\/\/haisicstorage.com\/tr\/wp-json\/wp\/v2\/media?parent=1708"}],"wp:term":[{"taxonomy":"product_brand","embeddable":true,"href":"https:\/\/haisicstorage.com\/tr\/wp-json\/wp\/v2\/product_brand?post=1708"},{"taxonomy":"product_cat","embeddable":true,"href":"https:\/\/haisicstorage.com\/tr\/wp-json\/wp\/v2\/product_cat?post=1708"},{"taxonomy":"product_tag","embeddable":true,"href":"https:\/\/haisicstorage.com\/tr\/wp-json\/wp\/v2\/product_tag?post=1708"}],"curies":[{"name":"wp","href":"https:\/\/api.w.org\/{rel}","templated":true}]}}