{"id":1691,"date":"2025-12-03T06:25:07","date_gmt":"2025-12-03T06:25:07","guid":{"rendered":"https:\/\/haisicstorage.com\/?post_type=product&#038;p=1691"},"modified":"2026-02-27T07:29:01","modified_gmt":"2026-02-27T07:29:01","slug":"25-6v-100ah-2560wh-powerwall-home-energy-storage","status":"publish","type":"product","link":"https:\/\/haisicstorage.com\/tr\/25-6v-100ah-2560wh-powerwall-home-energy-storage\/","title":{"rendered":"25.6v 100ah 2560wh Powerwall Ev Enerji Depolama"},"content":{"rendered":"<table class=\"woocommerce-product-attributes shop_attributes\" aria-label=\"\u00dcr\u00fcn Detaylar\u0131\">\n<tbody>\n<tr class=\"woocommerce-product-attributes-item woocommerce-product-attributes-item--attribute_rated-voltage\">\n<th class=\"woocommerce-product-attributes-item__label\" scope=\"row\">Nominal Gerilim<\/th>\n<td class=\"woocommerce-product-attributes-item__value\">25.6V<\/td>\n<\/tr>\n<tr class=\"woocommerce-product-attributes-item woocommerce-product-attributes-item--attribute_rated-capacity\">\n<th class=\"woocommerce-product-attributes-item__label\" scope=\"row\">Nominal Kapasite<\/th>\n<td class=\"woocommerce-product-attributes-item__value\">100Ah<\/td>\n<\/tr>\n<tr class=\"woocommerce-product-attributes-item woocommerce-product-attributes-item--attribute_rated-energy\">\n<th class=\"woocommerce-product-attributes-item__label\" scope=\"row\">Nominal Enerji<\/th>\n<td class=\"woocommerce-product-attributes-item__value\">2560Wh<\/td>\n<\/tr>\n<tr class=\"woocommerce-product-attributes-item woocommerce-product-attributes-item--attribute_voltage-range\">\n<th class=\"woocommerce-product-attributes-item__label\" scope=\"row\">Gerilim Aral\u0131\u011f\u0131<\/th>\n<td class=\"woocommerce-product-attributes-item__value\">22.4-28V<\/td>\n<\/tr>\n<tr class=\"woocommerce-product-attributes-item woocommerce-product-attributes-item--attribute_charge-voltage-range\">\n<th class=\"woocommerce-product-attributes-item__label\" scope=\"row\">\u015earj Gerilimi Aral\u0131\u011f\u0131<\/th>\n<td class=\"woocommerce-product-attributes-item__value\">28-28.8V<\/td>\n<\/tr>\n<tr class=\"woocommerce-product-attributes-item woocommerce-product-attributes-item--attribute_cut-off-voltage\">\n<th class=\"woocommerce-product-attributes-item__label\" scope=\"row\">Kesme Gerilimi<\/th>\n<td class=\"woocommerce-product-attributes-item__value\">22.4V<\/td>\n<\/tr>\n<tr class=\"woocommerce-product-attributes-item woocommerce-product-attributes-item--attribute_recommend-charge-current\">\n<th class=\"woocommerce-product-attributes-item__label\" scope=\"row\">Tavsiye Edilen \u015earj Ak\u0131m\u0131<\/th>\n<td class=\"woocommerce-product-attributes-item__value\">50A<\/td>\n<\/tr>\n<tr class=\"woocommerce-product-attributes-item woocommerce-product-attributes-item--attribute_max-charge-current\">\n<th class=\"woocommerce-product-attributes-item__label\" scope=\"row\">Maksimum \u015earj Ak\u0131m\u0131<\/th>\n<td class=\"woocommerce-product-attributes-item__value\">100A<\/td>\n<\/tr>\n<tr class=\"woocommerce-product-attributes-item woocommerce-product-attributes-item--attribute_dimensionlwh\">\n<th class=\"woocommerce-product-attributes-item__label\" scope=\"row\">BoyutU*G*Y<\/th>\n<td class=\"woocommerce-product-attributes-item__value\">400\u00d7207\u00d7464mm<\/td>\n<\/tr>\n<tr class=\"woocommerce-product-attributes-item woocommerce-product-attributes-item--attribute_display\">\n<th class=\"woocommerce-product-attributes-item__label\" scope=\"row\">Ekran<\/th>\n<td class=\"woocommerce-product-attributes-item__value\">3.5 in\u00e7 dokunmatik ekran<\/td>\n<\/tr>\n<\/tbody>\n<\/table>\n<p>I. Temel \u00d6zellikler: Sezgisel Etkile\u015fim, Her Kilowatt-Saat'i Y\u00f6netin<\/p>\n<p>The HS-BG25100 features a 3.5-inch high-definition full-colour touchscreen, transforming complex energy data into instantly comprehensible visual information. Bid farewell to the era of obscure indicator lights on traditional devices. With a simple touch, you become your household\u2019s energy commander.<\/p>\n<p>G\u00f6rsel Veri G\u00f6sterge Paneli:<br \/>\nG\u00fcne\u015f \u015farj g\u00fcc\u00fcn\u00fc, ev elektrik t\u00fcketimini, batarya y\u00fczdesini ve kalan \u00e7al\u0131\u015fma s\u00fcresini ger\u00e7ek zamanl\u0131 olarak dinamik \u015fekilde g\u00f6sterir, enerji ak\u0131\u015f\u0131nda tam \u015feffafl\u0131k sa\u011flar.<\/p>\n<p>Parmaklar\u0131n\u0131z\u0131n Ucunda Hassas Kontrol:<br \/>\n\u0130\u015fletim modlar\u0131n\u0131 an\u0131nda de\u011fi\u015ftirin (\u00f6rne\u011fin, G\u00fcne\u015f \u00d6nceli\u011fi, Pik\/D\u0131\u015f\u0131 Pik \u015earj, Bekleme G\u00fcc\u00fc), \u015farj\/de\u015farj programlar\u0131n\u0131 \u00f6zelle\u015ftirin ve ak\u0131ll\u0131 enerji tasarrufunu kolayca ger\u00e7ekle\u015ftirin.<\/p>\n<p>Sistem Sa\u011fl\u0131\u011f\u0131 \u0130zleme: Batarya voltaj\u0131n\u0131, s\u0131cakl\u0131\u011f\u0131n\u0131 ve d\u00f6ng\u00fc say\u0131s\u0131n\u0131 s\u00fcrekli izler, proaktif ar\u0131za uyar\u0131lar\u0131yla g\u00fcvenli\u011fi sizin kontrol\u00fcn\u00fczde tutar.<\/p>\n<p>Faydalar ve \u00c7evresel Etki: G\u00fcnl\u00fck enerji tasarruflar\u0131n\u0131 ve karbondioksit azalt\u0131mlar\u0131n\u0131 net bir \u015fekilde kaydeder, her ye\u015fil yat\u0131r\u0131m\u0131n g\u00f6r\u00fcn\u00fcr \u015fekilde \u00f6d\u00fcllendirilmesini sa\u011flar.<\/p>\n<p>II. G\u00fc\u00e7l\u00fc \u00c7ekirdek: G\u00fcvenli, Dayan\u0131kl\u0131 ve G\u00fc\u00e7l\u00fc<\/p>\n<p>Ola\u011fan\u00fcst\u00fc Kapasite ve G\u00fc\u00e7: 6.000'in \u00fczerinde d\u00f6ng\u00fc \u00f6mr\u00fcne sahip, otomotiv s\u0131n\u0131f\u0131 lityum demir fosfat (LiFePO\u2084) batarya ile entegre 2.5kWh yerle\u015fik batarya. 1000W saf sin\u00fcs dalga invert\u00f6r\u00fc ile stabil ve g\u00fcvenli \u00e7\u0131k\u0131\u015f sa\u011flar, mobil telefonlardan buzdolaplar\u0131na kadar her \u015feyi kolayca besler.<\/p>\n<p>Kapsaml\u0131 G\u00fcvenlik Korumas\u0131: Yedi katmanl\u0131 koruma sa\u011flayan entegre ak\u0131ll\u0131 BMS y\u00f6netim sistemi, a\u015f\u0131r\u0131 \u015farj, a\u015f\u0131r\u0131 de\u015farj, a\u015f\u0131r\u0131 y\u00fckleme, k\u0131sa devre ve anormal s\u0131cakl\u0131klara kar\u015f\u0131 koruma sa\u011flar, ev g\u00fcc\u00fc g\u00fcvenli\u011fi i\u00e7in sa\u011flam g\u00fcvenilirlik sunar.<\/p>\n<p>Verimli \u00c7ift Mod Giri\u015f: G\u00fcne\u015f paneli \u015farj\u0131n\u0131 500W'ye kadar destekler (MPPT teknolojisi ile .1 \u015farj verimlili\u011fi) ve ana \u015farj\u0131 destekler. G\u00fcne\u015fli d\u00f6nemlerde ye\u015fil enerjiyi \u00f6nceliklendirerek ak\u0131ll\u0131 enerji tasarrufu sa\u011flar.<\/p>\n<p>III. \u00c7ok Y\u00f6nl\u00fc Uygulama Senaryolar\u0131<\/p>\n<p>HS-BG25100, ya\u015fam kalitesini art\u0131rmak ve enerji sorunlar\u0131n\u0131 \u00e7\u00f6zmek i\u00e7in \u00e7ok ama\u00e7l\u0131 bir \u00e7\u00f6z\u00fcmd\u00fcr:<\/p>\n<p>Evde Pik-Vadi Arbitraj\u0131: Elektrik tarifesi farklar\u0131ndan yararlanmak i\u00e7in gece \u015farj edip g\u00fcnd\u00fcz de\u015farj ederek ev elektrik maliyetlerini etkin \u015fekilde azalt\u0131n.<\/p>\n<p>Fotovoltaik Enerji Depolama Geli\u015ftirmesi: G\u00fcne\u015f enerjisi sistemleriyle sorunsuz entegrasyon sa\u011flayarak fazla PV enerjisini depolay\u0131n, kendi t\u00fcketim oran\u0131n\u0131 art\u0131r\u0131n.<\/p>\n<p>Kritik Ekipman Yedekleme: Y\u00f6nlendiriciler, bilgisayarlar, buzdolaplar\u0131 ve daha fazlas\u0131 i\u00e7in acil g\u00fc\u00e7 sa\u011flar, beklenmedik kesintilerde kesintisiz \u00e7al\u0131\u015fma sa\u011flar.<\/p>\n<p>D\u0131\u015f Mekan E\u011flence G\u00fcc\u00fc: Kamp, karavan seyahati ve bah\u00e7e partileri i\u00e7in temiz, sessiz mobil g\u00fc\u00e7 \u00e7\u00f6z\u00fcmleri sunar.<\/p>\n<p>HS-BG25100 sadece bir enerji depolama cihaz\u0131 de\u011fildir; daha ak\u0131ll\u0131, daha ba\u011f\u0131ms\u0131z ve daha ye\u015fil bir enerji ya\u015fam tarz\u0131na ilk ad\u0131m\u0131n\u0131zd\u0131r. Art\u0131k enerji parmaklar\u0131n\u0131z\u0131n ucunda, hayat\u0131 daha diren\u00e7li hale getirir.<\/p>\n<p>DeepL.com (\u00fccretsiz s\u00fcr\u00fcm) ile \u00c7evirildi<\/p>\n<div data-spm-anchor-id=\"a2700.pc-decorate.0.i5.5d033333Lu9Prj\"><\/div>\n<div data-spm-anchor-id=\"a2700.pc-decorate.0.i5.5d033333Lu9Prj\"><strong>\u015eirket Profili <\/strong><\/div>\n<div data-spm-anchor-id=\"a2700.pc-decorate.0.i5.5d033333Lu9Prj\">\n<p><strong><span data-spm-anchor-id=\"a2700.pc-decorate.0.i21.5d033333Lu9Prj\">Haisic Battery 2011 y\u0131l\u0131nda kuruldu, Shenzhen Haisic Technology Co., Ltd. enerji depolama \u00fcr\u00fcnlerinin Ar-Ge ve \u00fcretimine adanm\u0131\u015f ulusal bir y\u00fcksek teknoloji i\u015fletmesidir; LiFePO4 pil paketleri, ticari ve end\u00fcstriyel enerji depolama, daire i\u00e7i enerji depolama, ta\u015f\u0131nabilir g\u00fc\u00e7 istasyonu\/g\u00fcne\u015f jenerat\u00f6r\u00fc, g\u00fcne\u015f inverteri, forklift pil, RV\/manzaral\u0131 otob\u00fcs\/ golf arac\u0131 pil ve di\u011fer OEM\/ODM<\/span><\/strong><\/p>\n<div><\/div>\n<div><strong>12 y\u0131l\u0131 a\u015fk\u0131n s\u00fcredir bu alanda derinlemesine \u00e7al\u0131\u015fan Haisic Teknoloji, Ar-Ge, inovasyon, kalite kontrol ve y\u00f6netim konusunda derin deneyimler kazanm\u0131\u015ft\u0131r. \u00dcr\u00fcnlerimiz ev enerji depolama, end\u00fcstriyel enerji depolama, ticari enerji depolama, g\u00fc\u00e7 ileti\u015fimi, medikal elektronik, g\u00fcvenlik ileti\u015fimi, ula\u015f\u0131m ve lojistik, yeni enerji g\u00fcc\u00fc, ak\u0131ll\u0131 ev ve di\u011fer ilgili alanlarda kullan\u0131lmaktad\u0131r. <\/strong><\/div>\n<div><strong>\u00a0<\/strong><\/div>\n<div><strong>We have owned our own production base covering more than 14000m located in Dapeng district of Shenzhen with ISO9001, ISO14001, IS045001 and Amfori BSCI, and our products are with CE, FCC, TUV-UL2054, CQC,RoHs, PSE,MSDS, UN38.3 certificates. We\u2019ve already provided safe, stable, environmentallyfriendly, high-quality products and professional OEM\/ODM services to customers in more than 80 countries and regions. <\/strong><\/div>\n<div><\/div>\n<div><\/div>\n<div><strong>SSS <\/strong><\/div>\n<div><strong><span data-spm-anchor-id=\"a2700.pc-decorate.0.i33.5d033333Lu9Prj\">1. Lityum pillerin \u00f6zelli\u011fi nedir?<\/span><\/strong><\/div>\n<div>\n<p><span data-spm-anchor-id=\"a2700.pc-decorate.0.i33.5d033333Lu9Prj\">C: Y\u00fcksek enerji yo\u011funlu\u011fu ile 460-600Wh\/kg'a ula\u015fm\u0131\u015ft\u0131r, bu da kur\u015fun-asit pillerin yakla\u015f\u0131k 6-7 kat\u0131d\u0131r. Uzun hizmet \u00f6mr\u00fc, kullan\u0131m \u00f6mr\u00fc 6 y\u0131ldan fazla olabilir. Hafif a\u011f\u0131rl\u0131k, a\u011f\u0131rl\u0131k ayn\u0131 hacimdeki kur\u015fun-asit \u00fcr\u00fcn\u00fcn yakla\u015f\u0131k 1\/5-6's\u0131d\u0131r.<\/span><\/p>\n<p>&nbsp;<\/p>\n<div data-spm-anchor-id=\"a2700.pc-decorate.0.i34.5d033333Lu9Prj\"><strong>2. Lityum pil ne i\u00e7in kullan\u0131l\u0131r?<br \/>\n<\/strong>A: Lityum pil g\u00fc\u00e7 ve enerji depolama i\u00e7in kullan\u0131l\u0131r. Acil g\u00fc\u00e7 yedeklemesi veya UPS gibi. G\u00fcvenilir elektrik ve rekreasyonel ara\u00e7 g\u00fcc\u00fc, golf arabas\u0131, g\u00fcvenilir ve hafif marin, g\u00fcne\u015f enerjisi depolama, g\u00fcne\u015f evi, k\u00fc\u00e7\u00fck i\u015fleme fabrikas\u0131, uzaktan konumlarda g\u00f6zetim veya alarm sistemleri.3.Boyalar\u0131n\u0131z g\u00fcvenli mi? A: Pilimiz g\u00fcvenli. T\u00fcm Zwayn piller, LiFePO4 katot ve yerle\u015fik Pil Y\u00f6netim Sistemi (BMS) dahil olmak \u00fczere en g\u00fcvenli ve en kararl\u0131 bile\u015fenleri kullan\u0131r. BMS h\u00fccreleri a\u015f\u0131r\u0131 y\u00fcksek veya d\u00fc\u015f\u00fck voltajlar, y\u00fcksek ak\u0131mlar, k\u0131sa devreler ve a\u015f\u0131r\u0131 \u0131s\u0131 veya so\u011fu\u011fa kar\u015f\u0131 korur. Bunlar pil ar\u0131zalar\u0131n\u0131n en yayg\u0131n nedenleridir ve t\u00fcm pillerimizde bu riskleri azaltmak i\u00e7in her t\u00fcrl\u00fc tedbir al\u0131nm\u0131\u015ft\u0131r.<br \/>\n<strong><br \/>\n4. Uygulamam i\u00e7in do\u011fru lityum derin d\u00f6ng\u00fcl\u00fc pili nas\u0131l se\u00e7erim?<br \/>\n<\/strong>C: \u00c7o\u011fu standart 12, 24 veya 48 volt sistemde, en iyi lityum pil se\u00e7imi LiFePO4't\u00fcr (Lityum Demir Fosfat\/<br \/>\nPo\u015fet\/Birincil pil h\u00fccresi). Bu tip pilin voltaj\u0131 bir AGM'ye \u00e7ok benzer ve kolayca<br \/>\nRV'niz, tekneniz, \u015febekeden ba\u011f\u0131ms\u0131z g\u00fc\u00e7 sisteminiz, g\u00fcne\u015f eviniz (TV, buzdolab\u0131, \u00e7ama\u015f\u0131r makinesi, klima<br \/>\nkondisyoner, su \u0131s\u0131t\u0131c\u0131s\u0131, mikrodalga f\u0131r\u0131n, ind\u00fcksiyon oca\u011f\u0131, bula\u015f\u0131k makinesi, yaz\u0131c\u0131, bilgisayar),Telekom\u00fcnikasyon Kulesi, hibrit ve ba\u011f\u0131ms\u0131z g\u00fcne\u015f enerjisi sistemi uygulamalar\u0131.5. Seri mi yoksa paralel mi kullan\u0131labilir? C: Evet efendim, paralel ba\u011flant\u0131da en \u00e7ok 15 adede kadar kullanabilir, Maks. 150 kWh depolama kutusu.<br \/>\n<strong><br \/>\n6. Bu pil paketi invert\u00f6r\u00fcmle uyumlu olabilir mi? Uyumlu invert\u00f6rlerin bir \u015firket listesi var m\u0131?<br \/>\n<\/strong>A:Yes sir, our battery pack can compatible with most brand of inverter on the market, such as Deye, MUST, SMA, Growatt, Solax,Solis, Sungrow, Sofar, Voltronic, Sorotec, Studer, etc.<\/p>\n<\/div>\n<\/div>\n<\/div>","protected":false},"excerpt":{"rendered":"<p class=\"product-des\">HS-BG25100 Ak\u0131ll\u0131 Ev Enerji Depolama Sistemi Genel Bak\u0131\u015f<\/p>\n<p>Ak\u0131ll\u0131 enerji depolama, parmaklar\u0131n\u0131z\u0131n ucunda \u2013 evinizin enerji y\u00f6netim merkezi<\/p>\n<div class=\"inquiryBasket\"><\/div>","protected":false},"featured_media":1685,"template":"","meta":{"site-sidebar-layout":"default","site-content-layout":"","ast-site-content-layout":"default","site-content-style":"default","site-sidebar-style":"default","ast-global-header-display":"","ast-banner-title-visibility":"","ast-main-header-display":"","ast-hfb-above-header-display":"","ast-hfb-below-header-display":"","ast-hfb-mobile-header-display":"","site-post-title":"","ast-breadcrumbs-content":"","ast-featured-img":"","footer-sml-layout":"","ast-disable-related-posts":"","theme-transparent-header-meta":"default","adv-header-id-meta":"","stick-header-meta":"default","header-above-stick-meta":"","header-main-stick-meta":"","header-below-stick-meta":"","astra-migrate-meta-layouts":"set","ast-page-background-enabled":"default","ast-page-background-meta":{"desktop":{"background-color":"var(--ast-global-color-4)","background-image":"","background-repeat":"repeat","background-position":"center center","background-size":"auto","background-attachment":"scroll","background-type":"","background-media":"","overlay-type":"","overlay-color":"","overlay-opacity":"","overlay-gradient":""},"tablet":{"background-color":"","background-image":"","background-repeat":"repeat","background-position":"center center","background-size":"auto","background-attachment":"scroll","background-type":"","background-media":"","overlay-type":"","overlay-color":"","overlay-opacity":"","overlay-gradient":""},"mobile":{"background-color":"","background-image":"","background-repeat":"repeat","background-position":"center center","background-size":"auto","background-attachment":"scroll","background-type":"","background-media":"","overlay-type":"","overlay-color":"","overlay-opacity":"","overlay-gradient":""}},"ast-content-background-meta":{"desktop":{"background-color":"var(--ast-global-color-5)","background-image":"","background-repeat":"repeat","background-position":"center center","background-size":"auto","background-attachment":"scroll","background-type":"","background-media":"","overlay-type":"","overlay-color":"","overlay-opacity":"","overlay-gradient":""},"tablet":{"background-color":"var(--ast-global-color-5)","background-image":"","background-repeat":"repeat","background-position":"center center","background-size":"auto","background-attachment":"scroll","background-type":"","background-media":"","overlay-type":"","overlay-color":"","overlay-opacity":"","overlay-gradient":""},"mobile":{"background-color":"var(--ast-global-color-5)","background-image":"","background-repeat":"repeat","background-position":"center center","background-size":"auto","background-attachment":"scroll","background-type":"","background-media":"","overlay-type":"","overlay-color":"","overlay-opacity":"","overlay-gradient":""}}},"product_brand":[],"product_cat":[47,56,50],"product_tag":[],"class_list":{"0":"post-1691","1":"product","2":"type-product","3":"status-publish","4":"has-post-thumbnail","6":"product_cat-residetial-ess","7":"product_cat-energy-storage-battery-system","8":"product_cat-floor-standing-ess","9":"desktop-align-left","10":"tablet-align-left","11":"mobile-align-left","12":"ast-product-gallery-layout-horizontal-slider","13":"ast-product-tabs-layout-horizontal","15":"first","16":"instock","17":"shipping-taxable","18":"purchasable","19":"product-type-simple"},"_links":{"self":[{"href":"https:\/\/haisicstorage.com\/tr\/wp-json\/wp\/v2\/product\/1691","targetHints":{"allow":["GET"]}}],"collection":[{"href":"https:\/\/haisicstorage.com\/tr\/wp-json\/wp\/v2\/product"}],"about":[{"href":"https:\/\/haisicstorage.com\/tr\/wp-json\/wp\/v2\/types\/product"}],"version-history":[{"count":6,"href":"https:\/\/haisicstorage.com\/tr\/wp-json\/wp\/v2\/product\/1691\/revisions"}],"predecessor-version":[{"id":2500,"href":"https:\/\/haisicstorage.com\/tr\/wp-json\/wp\/v2\/product\/1691\/revisions\/2500"}],"wp:featuredmedia":[{"embeddable":true,"href":"https:\/\/haisicstorage.com\/tr\/wp-json\/wp\/v2\/media\/1685"}],"wp:attachment":[{"href":"https:\/\/haisicstorage.com\/tr\/wp-json\/wp\/v2\/media?parent=1691"}],"wp:term":[{"taxonomy":"product_brand","embeddable":true,"href":"https:\/\/haisicstorage.com\/tr\/wp-json\/wp\/v2\/product_brand?post=1691"},{"taxonomy":"product_cat","embeddable":true,"href":"https:\/\/haisicstorage.com\/tr\/wp-json\/wp\/v2\/product_cat?post=1691"},{"taxonomy":"product_tag","embeddable":true,"href":"https:\/\/haisicstorage.com\/tr\/wp-json\/wp\/v2\/product_tag?post=1691"}],"curies":[{"name":"wp","href":"https:\/\/api.w.org\/{rel}","templated":true}]}}