{"id":1683,"date":"2025-12-03T06:17:14","date_gmt":"2025-12-03T06:17:14","guid":{"rendered":"https:\/\/haisicstorage.com\/?post_type=product&#038;p=1683"},"modified":"2026-02-27T07:29:36","modified_gmt":"2026-02-27T07:29:36","slug":"25-6v-200ah-lithium-battery-home-energy-storage","status":"publish","type":"product","link":"https:\/\/haisicstorage.com\/tr\/25-6v-200ah-lithium-battery-home-energy-storage\/","title":{"rendered":"25.6V 200ah Lityum Pil Ev Enerji Depolama"},"content":{"rendered":"<div data-spm-anchor-id=\"a2700.pc-decorate.0.i6.5d033333Lu9Prj\">\n<p>I. Ak\u0131ll\u0131 Etkile\u015fim Merkezi: G\u00f6rd\u00fc\u011f\u00fcn\u00fcz, ald\u0131\u011f\u0131n\u0131z her \u015fey, hepsi bir arada dokunmatik kontrol<\/p>\n<p>HS-BG25200, ak\u0131ll\u0131 DNA'y\u0131 miras al\u0131r ve karma\u015f\u0131k enerji y\u00f6netimini basit parmak ucu i\u015flemlerine d\u00f6n\u00fc\u015ft\u00fcren 3.5 in\u00e7 y\u00fcksek \u00e7\u00f6z\u00fcn\u00fcrl\u00fckl\u00fc dokunmatik ekran ile donat\u0131lm\u0131\u015ft\u0131r. Daha b\u00fcy\u00fck kapasite, daha net kontrol gerektirir.<\/p>\n<p>Panoramik Enerji Kokpit: G\u00fcne\u015f giri\u015fi, y\u00fck \u00e7\u0131k\u0131\u015f\u0131 ve batarya durumu (voltaj, s\u0131cakl\u0131k, sa\u011fl\u0131k) ger\u00e7ek zamanl\u0131 izlenir. Dinamik enerji ak\u0131\u015f diyagramlar\u0131, \u00fcretim, depolama ve t\u00fcketimin anl\u0131k g\u00f6r\u00fcn\u00fcm\u00fcn\u00fc sa\u011flar.<\/p>\n<p>\u00d6zelle\u015ftirilebilir Ak\u0131ll\u0131 Stratejiler: \u015earj\/bo\u015faltma \u00f6nceliklerini ve pik\/tepe tarifesi y\u00f6netimini zahmetsizce yap\u0131land\u0131rarak kendi t\u00fcketim oranlar\u0131n\u0131z\u0131 ve ekonomik faydalar\u0131 maksimize edin. Ak\u0131ll\u0131 ya\u015fam tarz\u0131n\u0131z\u0131 tan\u0131mlay\u0131n.<\/p>\n<p>\u00c7ift G\u00fcvenlik \u00d6nlemi: T\u00fcm BMS (Batarya Y\u00f6netim Sistemi) koruma durumlar\u0131n\u0131n sezgisel ekran g\u00f6r\u00fcnt\u00fcs\u00fc. Herhangi bir anormallik (fazla voltaj, a\u015f\u0131r\u0131 s\u0131cakl\u0131k, a\u015f\u0131r\u0131 y\u00fck) i\u00e7in an\u0131nda uyar\u0131 pencereleri, g\u00fcvenlik risklerinin gizlenmesine izin vermez.<\/p>\n<p>Tarihsel Veriler &amp; Ba\u015far\u0131lar: G\u00fcnl\u00fck, ayl\u0131k ve y\u0131ll\u0131k \u00fcretim ve t\u00fcketim e\u011frilerini izleyin. Elektrik tasarruflar\u0131n\u0131z\u0131 ve karbon azalt\u0131m katk\u0131lar\u0131n\u0131z\u0131 \u00f6l\u00e7\u00fcn, ye\u015fil se\u00e7imleri daha \u00f6d\u00fcllendirici hale getirin.<\/p>\n<p>II. G\u00fc\u00e7l\u00fc Performans \u00c7ekirde\u011fi: Y\u00fcksek Kapasite, Uzun \u00c7al\u0131\u015fma S\u00fcresi, \u00dcst\u00fcn G\u00fcvenilirlik<\/p>\n<p>Enerjiyi \u0130ki Kat\u0131na \u00c7\u0131kar\u0131n, Talepleri Kolayca Kar\u015f\u0131lay\u0131n: Entegre 5kWh y\u00fcksek kapasiteli lityum demir fosfat (LiFePO\u2084) batarya h\u00fccresi ile donat\u0131lm\u0131\u015ft\u0131r, artan ev g\u00fcc\u00fc taleplerini zahmetsizce kar\u015f\u0131lar ve \u00e7al\u0131\u015fma s\u00fcresini \u00f6nemli \u00f6l\u00e7\u00fcde uzat\u0131r.<\/p>\n<p>G\u00fcvenlik Temeli, Kayaya Sa\u011flam: Ak\u0131ll\u0131 BMS y\u00f6netim sistemi kullan\u0131r ve a\u015f\u0131r\u0131 \u015farj, a\u015f\u0131r\u0131 de\u015farj, a\u015f\u0131r\u0131 ak\u0131m, k\u0131sa devre ve s\u0131cakl\u0131k korumalar\u0131 dahil olmak \u00fczere \u00e7oklu donan\u0131m seviyesinde koruma sa\u011flar, bu y\u00fcksek kapasiteli birimin g\u00fcvenli ve istikrarl\u0131 \u00e7al\u0131\u015fmas\u0131n\u0131 garanti eder.<\/p>\n<p>Verimli Hibrit \u015earj: 1000W g\u00fcne\u015f giri\u015fi (MPPT teknolojisi, izleme verimlili\u011fi &gt;99%) ve h\u0131zl\u0131 \u015febeke dolumu destekler. \u00c7ift yol paralel \u015farj, h\u0131zl\u0131 toparlanma sa\u011flar ve ard\u0131\u015f\u0131k ya\u011fmurlu g\u00fcnlerde korkusuzca dayan\u0131r.<\/p>\n<p>Saf G\u00fc\u00e7 \u00c7\u0131k\u0131\u015f\u0131: 1500W saf sin\u00fcs dalga inverter ile donat\u0131lm\u0131\u015ft\u0131r, stabil ve temiz \u00e7\u0131k\u0131\u015f dalga bi\u00e7imleri sa\u011flar. Klima, \u00e7ama\u015f\u0131r makinesi ve mutfak ekipmanlar\u0131 gibi hassas cihazlar\u0131 g\u00fcvenle besler.<\/p>\n<p>III. \u00c7ok Y\u00f6nl\u00fc Uygulama Senaryolar\u0131<\/p>\n<p>HS-BG25200, daha y\u00fcksek talepleri olan evler i\u00e7in tasarlanm\u0131\u015f bir enerji \u00e7\u00f6z\u00fcm\u00fcd\u00fcr:<\/p>\n<p>G\u00fcnl\u00fck Yedek G\u00fc\u00e7: Orta ve b\u00fcy\u00fck aileler i\u00e7in uzat\u0131lm\u0131\u015f acil g\u00fc\u00e7 deste\u011fi sa\u011flar, daha kritik cihazlar\u0131 destekler.<\/p>\n<p>T\u00fcm Evi G\u00fcne\u015f Enerjisi ile Destekleyen Sistem: Daha b\u00fcy\u00fck g\u00fcne\u015f sistemleriyle uyumlu olup, g\u00fcnd\u00fcz fazlal\u0131\u011f\u0131n\u0131 depolayarak ger\u00e7ek gece enerjisi ba\u011f\u0131ms\u0131zl\u0131\u011f\u0131 sa\u011flar.<\/p>\n<p>K\u00fc\u00e7\u00fck Ofis\/SOHO G\u00fcc\u00fc: Ev ofisleri ve st\u00fcdyolar i\u00e7in stabil ve kesintisiz g\u00fc\u00e7 sa\u011flar, kesintisiz \u00e7al\u0131\u015fma ak\u0131\u015f\u0131n\u0131 garanti eder.<\/p>\n<p>D\u0131\u015f Mekan G\u00fc\u00e7 Lideri: Uzun kamp ve karavan seyahat ihtiya\u00e7lar\u0131n\u0131 kar\u015f\u0131lar, g\u00fcvenilir bir d\u0131\u015f mekan g\u00fc\u00e7 \u00e7\u00f6z\u00fcm\u00fcd\u00fcr.<\/p>\n<p>HS-BG25200: Kapasitenizi iki kat\u0131na \u00e7\u0131kararak y\u00fcksek kaliteli ya\u015fam tarz\u0131 hayallerinizi ger\u00e7ekle\u015ftirir, ak\u0131ll\u0131 etkile\u015fimle enerji \u00f6zerkli\u011finizi g\u00fc\u00e7lendirir. Sadece bir \u00fcr\u00fcn de\u011fil, ayn\u0131 zamanda ev enerji sisteminizi y\u00fckseltmek i\u00e7in stratejik bir se\u00e7imdir \u2013 elektrik kullan\u0131m\u0131nda daha fazla \u00f6zg\u00fcrl\u00fck ve daha rahat bir ya\u015fam sa\u011flar.<\/p>\n<\/div>\n<div data-spm-anchor-id=\"a2700.pc-decorate.0.i5.5d033333Lu9Prj\"><\/div>\n<div data-spm-anchor-id=\"a2700.pc-decorate.0.i5.5d033333Lu9Prj\"><strong>\u015eirket Profili <\/strong><\/div>\n<div data-spm-anchor-id=\"a2700.pc-decorate.0.i5.5d033333Lu9Prj\"><\/div>\n<div data-spm-anchor-id=\"a2700.pc-decorate.0.i5.5d033333Lu9Prj\">\n<p><strong><span data-spm-anchor-id=\"a2700.pc-decorate.0.i21.5d033333Lu9Prj\">Haisic Battery 2011 y\u0131l\u0131nda kuruldu, Shenzhen Haisic Technology Co., Ltd. enerji depolama \u00fcr\u00fcnlerinin Ar-Ge ve \u00fcretimine adanm\u0131\u015f ulusal bir y\u00fcksek teknoloji i\u015fletmesidir; LiFePO4 pil paketleri, ticari ve end\u00fcstriyel enerji depolama, daire i\u00e7i enerji depolama, ta\u015f\u0131nabilir g\u00fc\u00e7 istasyonu\/g\u00fcne\u015f jenerat\u00f6r\u00fc, g\u00fcne\u015f inverteri, forklift pil, RV\/manzaral\u0131 otob\u00fcs\/ golf arac\u0131 pil ve di\u011fer OEM\/ODM<\/span><\/strong><\/p>\n<div><\/div>\n<div><strong>12 y\u0131l\u0131 a\u015fk\u0131n s\u00fcredir bu alanda derinlemesine \u00e7al\u0131\u015fan Haisic Teknoloji, Ar-Ge, inovasyon, kalite kontrol ve y\u00f6netim konusunda derin deneyimler kazanm\u0131\u015ft\u0131r. \u00dcr\u00fcnlerimiz ev enerji depolama, end\u00fcstriyel enerji depolama, ticari enerji depolama, g\u00fc\u00e7 ileti\u015fimi, medikal elektronik, g\u00fcvenlik ileti\u015fimi, ula\u015f\u0131m ve lojistik, yeni enerji g\u00fcc\u00fc, ak\u0131ll\u0131 ev ve di\u011fer ilgili alanlarda kullan\u0131lmaktad\u0131r. <\/strong><\/div>\n<div><strong>\u00a0<\/strong><\/div>\n<div><strong>We have owned our own production base covering more than 14000m located in Dapeng district of Shenzhen with ISO9001, ISO14001, IS045001 and Amfori BSCI, and our products are with CE, FCC, TUV-UL2054, CQC,RoHs, PSE,MSDS, UN38.3 certificates. We\u2019ve already provided safe, stable, environmentallyfriendly, high-quality products and professional OEM\/ODM services to customers in more than 80 countries and regions. <\/strong><\/div>\n<div><\/div>\n<div><strong>SSS <\/strong><\/div>\n<div><strong><span data-spm-anchor-id=\"a2700.pc-decorate.0.i33.5d033333Lu9Prj\">1. Lityum pillerin \u00f6zelli\u011fi nedir?<\/span><\/strong><\/div>\n<div>\n<p><span data-spm-anchor-id=\"a2700.pc-decorate.0.i33.5d033333Lu9Prj\">C: Y\u00fcksek enerji yo\u011funlu\u011fu ile 460-600Wh\/kg'a ula\u015fm\u0131\u015ft\u0131r, bu da kur\u015fun-asit pillerin yakla\u015f\u0131k 6-7 kat\u0131d\u0131r. Uzun hizmet \u00f6mr\u00fc, kullan\u0131m \u00f6mr\u00fc 6 y\u0131ldan fazla olabilir. Hafif a\u011f\u0131rl\u0131k, a\u011f\u0131rl\u0131k ayn\u0131 hacimdeki kur\u015fun-asit \u00fcr\u00fcn\u00fcn yakla\u015f\u0131k 1\/5-6's\u0131d\u0131r.<\/span><\/p>\n<p>&nbsp;<\/p>\n<div data-spm-anchor-id=\"a2700.pc-decorate.0.i34.5d033333Lu9Prj\"><strong>2. Lityum pil ne i\u00e7in kullan\u0131l\u0131r?<br \/>\n<\/strong>A: Lityum pil g\u00fc\u00e7 ve enerji depolama i\u00e7in kullan\u0131l\u0131r. Acil g\u00fc\u00e7 yedeklemesi veya UPS gibi. G\u00fcvenilir elektrik ve rekreasyonel ara\u00e7 g\u00fcc\u00fc, golf arabas\u0131, g\u00fcvenilir ve hafif marin, g\u00fcne\u015f enerjisi depolama, g\u00fcne\u015f evi, k\u00fc\u00e7\u00fck i\u015fleme fabrikas\u0131, uzaktan konumlarda g\u00f6zetim veya alarm sistemleri.3.Boyalar\u0131n\u0131z g\u00fcvenli mi? A: Pilimiz g\u00fcvenli. T\u00fcm Zwayn piller, LiFePO4 katot ve yerle\u015fik Pil Y\u00f6netim Sistemi (BMS) dahil olmak \u00fczere en g\u00fcvenli ve en kararl\u0131 bile\u015fenleri kullan\u0131r. BMS h\u00fccreleri a\u015f\u0131r\u0131 y\u00fcksek veya d\u00fc\u015f\u00fck voltajlar, y\u00fcksek ak\u0131mlar, k\u0131sa devreler ve a\u015f\u0131r\u0131 \u0131s\u0131 veya so\u011fu\u011fa kar\u015f\u0131 korur. Bunlar pil ar\u0131zalar\u0131n\u0131n en yayg\u0131n nedenleridir ve t\u00fcm pillerimizde bu riskleri azaltmak i\u00e7in her t\u00fcrl\u00fc tedbir al\u0131nm\u0131\u015ft\u0131r.<br \/>\n<strong><br \/>\n4. Uygulamam i\u00e7in do\u011fru lityum derin d\u00f6ng\u00fcl\u00fc pili nas\u0131l se\u00e7erim?<br \/>\n<\/strong>C: \u00c7o\u011fu standart 12, 24 veya 48 volt sistemde, en iyi lityum pil se\u00e7imi LiFePO4't\u00fcr (Lityum Demir Fosfat\/<br \/>\nPo\u015fet\/Birincil pil h\u00fccresi). Bu tip pilin voltaj\u0131 bir AGM'ye \u00e7ok benzer ve kolayca<br \/>\nRV'niz, tekneniz, \u015febekeden ba\u011f\u0131ms\u0131z g\u00fc\u00e7 sisteminiz, g\u00fcne\u015f eviniz (TV, buzdolab\u0131, \u00e7ama\u015f\u0131r makinesi, klima<br \/>\nklima, su \u0131s\u0131t\u0131c\u0131s\u0131, mikrodalga f\u0131r\u0131n, ind\u00fcksiyonlu ocak, bula\u015f\u0131k makinesi, yaz\u0131c\u0131, bilgisayar), Telekom\u00fcnikasyon Kulesi, hibrit ve \u015febekeden ba\u011f\u0131ms\u0131z g\u00fcne\u015f enerjisi sistemi uygulamalar\u0131 i\u00e7in mevcut sistem bile\u015fenleriyle harika \u00e7al\u0131\u015facakt\u0131r. 5. Seri veya paralel olarak kullan\u0131labilir mi?<\/p>\n<p>C: Evet efendim, kullan\u0131m i\u00e7in paralel ba\u011flant\u0131da maksimum 15'i destekleyebilir, Maksimum 150kwh depolama kutusu.<br \/>\n<strong><br \/>\n6. Bu pil paketi invert\u00f6r\u00fcmle uyumlu olabilir mi? Uyumlu invert\u00f6rlerin bir \u015firket listesi var m\u0131?<br \/>\n<\/strong>A:Yes sir, our battery pack can compatible with most brand of inverter on the market, such as Deye, MUST, SMA, Growatt, Solax,Solis, Sungrow, Sofar, Voltronic, Sorotec, Studer, etc.<\/p>\n<\/div>\n<\/div>\n<\/div>","protected":false},"excerpt":{"rendered":"<p>HS-BG25200 Ak\u0131ll\u0131 Ev Enerji Depolama Sistemi Genel Bak\u0131\u015f<\/p>\n<p>Kapasiteyi ikiye katla, \u00f6zg\u00fcrl\u00fc\u011f\u00fc ikiye katla \u2013 3.5 in\u00e7 ekranla gelece\u011fin enerjisini parmaklar\u0131n\u0131n ucunda y\u00f6net<\/p>","protected":false},"featured_media":1684,"template":"","meta":{"site-sidebar-layout":"default","site-content-layout":"","ast-site-content-layout":"default","site-content-style":"default","site-sidebar-style":"default","ast-global-header-display":"","ast-banner-title-visibility":"","ast-main-header-display":"","ast-hfb-above-header-display":"","ast-hfb-below-header-display":"","ast-hfb-mobile-header-display":"","site-post-title":"","ast-breadcrumbs-content":"","ast-featured-img":"","footer-sml-layout":"","ast-disable-related-posts":"","theme-transparent-header-meta":"default","adv-header-id-meta":"","stick-header-meta":"default","header-above-stick-meta":"","header-main-stick-meta":"","header-below-stick-meta":"","astra-migrate-meta-layouts":"set","ast-page-background-enabled":"default","ast-page-background-meta":{"desktop":{"background-color":"var(--ast-global-color-4)","background-image":"","background-repeat":"repeat","background-position":"center center","background-size":"auto","background-attachment":"scroll","background-type":"","background-media":"","overlay-type":"","overlay-color":"","overlay-opacity":"","overlay-gradient":""},"tablet":{"background-color":"","background-image":"","background-repeat":"repeat","background-position":"center center","background-size":"auto","background-attachment":"scroll","background-type":"","background-media":"","overlay-type":"","overlay-color":"","overlay-opacity":"","overlay-gradient":""},"mobile":{"background-color":"","background-image":"","background-repeat":"repeat","background-position":"center center","background-size":"auto","background-attachment":"scroll","background-type":"","background-media":"","overlay-type":"","overlay-color":"","overlay-opacity":"","overlay-gradient":""}},"ast-content-background-meta":{"desktop":{"background-color":"var(--ast-global-color-5)","background-image":"","background-repeat":"repeat","background-position":"center center","background-size":"auto","background-attachment":"scroll","background-type":"","background-media":"","overlay-type":"","overlay-color":"","overlay-opacity":"","overlay-gradient":""},"tablet":{"background-color":"var(--ast-global-color-5)","background-image":"","background-repeat":"repeat","background-position":"center center","background-size":"auto","background-attachment":"scroll","background-type":"","background-media":"","overlay-type":"","overlay-color":"","overlay-opacity":"","overlay-gradient":""},"mobile":{"background-color":"var(--ast-global-color-5)","background-image":"","background-repeat":"repeat","background-position":"center center","background-size":"auto","background-attachment":"scroll","background-type":"","background-media":"","overlay-type":"","overlay-color":"","overlay-opacity":"","overlay-gradient":""}}},"product_brand":[],"product_cat":[47,56,50],"product_tag":[],"class_list":{"0":"post-1683","1":"product","2":"type-product","3":"status-publish","4":"has-post-thumbnail","6":"product_cat-residetial-ess","7":"product_cat-energy-storage-battery-system","8":"product_cat-floor-standing-ess","9":"desktop-align-left","10":"tablet-align-left","11":"mobile-align-left","12":"ast-product-gallery-layout-horizontal-slider","13":"ast-product-tabs-layout-horizontal","15":"first","16":"instock","17":"shipping-taxable","18":"purchasable","19":"product-type-simple"},"_links":{"self":[{"href":"https:\/\/haisicstorage.com\/tr\/wp-json\/wp\/v2\/product\/1683","targetHints":{"allow":["GET"]}}],"collection":[{"href":"https:\/\/haisicstorage.com\/tr\/wp-json\/wp\/v2\/product"}],"about":[{"href":"https:\/\/haisicstorage.com\/tr\/wp-json\/wp\/v2\/types\/product"}],"version-history":[{"count":4,"href":"https:\/\/haisicstorage.com\/tr\/wp-json\/wp\/v2\/product\/1683\/revisions"}],"predecessor-version":[{"id":3498,"href":"https:\/\/haisicstorage.com\/tr\/wp-json\/wp\/v2\/product\/1683\/revisions\/3498"}],"wp:featuredmedia":[{"embeddable":true,"href":"https:\/\/haisicstorage.com\/tr\/wp-json\/wp\/v2\/media\/1684"}],"wp:attachment":[{"href":"https:\/\/haisicstorage.com\/tr\/wp-json\/wp\/v2\/media?parent=1683"}],"wp:term":[{"taxonomy":"product_brand","embeddable":true,"href":"https:\/\/haisicstorage.com\/tr\/wp-json\/wp\/v2\/product_brand?post=1683"},{"taxonomy":"product_cat","embeddable":true,"href":"https:\/\/haisicstorage.com\/tr\/wp-json\/wp\/v2\/product_cat?post=1683"},{"taxonomy":"product_tag","embeddable":true,"href":"https:\/\/haisicstorage.com\/tr\/wp-json\/wp\/v2\/product_tag?post=1683"}],"curies":[{"name":"wp","href":"https:\/\/api.w.org\/{rel}","templated":true}]}}