{"id":1676,"date":"2025-12-03T06:09:22","date_gmt":"2025-12-03T06:09:22","guid":{"rendered":"https:\/\/haisicstorage.com\/?post_type=product&#038;p=1676"},"modified":"2026-02-27T07:30:02","modified_gmt":"2026-02-27T07:30:02","slug":"25-6v-battery-305ah-touch-screen-home-energy-storage","status":"publish","type":"product","link":"https:\/\/haisicstorage.com\/tr\/25-6v-battery-305ah-touch-screen-home-energy-storage\/","title":{"rendered":"25.6V Pil 305Ah Dokunmatik Ekran Ev Enerji Depolama"},"content":{"rendered":"<div data-spm-anchor-id=\"a2700.pc-decorate.0.i6.5d033333Lu9Prj\">\n<p>I. Ak\u0131ll\u0131 \u00c7ekirdek: 3.5 in\u00e7 Tam Dokunmatik Etkile\u015fim, Kapsaml\u0131 Enerji Dinamiklerini Y\u00f6netin<\/p>\n<p>HS-BG25305, g\u00fc\u00e7l\u00fc enerji depolama yetenekleriyle sezgisel 3.5 in\u00e7 y\u00fcksek \u00e7\u00f6z\u00fcn\u00fcrl\u00fckl\u00fc dokunmatik ekran\u0131 sorunsuz \u015fekilde birle\u015ftiren ak\u0131ll\u0131 etkile\u015fim merkezi entegre eder. Bu, karma\u015f\u0131k enerji y\u00f6netimini benzeri g\u00f6r\u00fclmemi\u015f derecede basit ve verimli bir deneyime d\u00f6n\u00fc\u015ft\u00fcr\u00fcr.<\/p>\n<p>Kapsaml\u0131 Enerji G\u00f6rselle\u015ftirme Y\u00f6netimi: Dinamik ak\u0131\u015f diyagramlar\u0131, g\u00fcne\u015f panelleri, \u015febeke elektri\u011fi, piller ve y\u00fckler aras\u0131ndaki enerji ak\u0131\u015f\u0131n\u0131 ger\u00e7ek zamanl\u0131 g\u00f6rselle\u015ftirir. G\u00fc\u00e7 durumu, giri\u015f\/\u00e7\u0131k\u0131\u015f g\u00fcc\u00fc ve tahmini \u00e7al\u0131\u015fma s\u00fcresi net bir \u015fekilde g\u00f6sterilir.<\/p>\n<p>\u00c7ok Modlu Ak\u0131ll\u0131 Strateji \u00d6zelle\u015ftirmesi: \u2018\u015eebeke D\u0131\u015f\u0131 Bekleme\u2019, \u2018Tepe-Vadi Ekonomisi\u2019 ve \u2018PV \u00d6nceli\u011fi\u2019 gibi modlar aras\u0131nda an\u0131nda ge\u00e7i\u015f yapabilir, \u015farj\/de\u015farj zamanlamalar\u0131n\u0131 t\u00fcketim al\u0131\u015fkanl\u0131klar\u0131n\u0131za g\u00f6re hassas \u015fekilde ayarlayarak enerji tasarrufunu maksimize edebilirsiniz.<\/p>\n<p>Sistem Seviyesi \u0130zleme ve Tan\u0131lama: Sa\u011fl\u0131k Durumu (SOH), d\u00f6ng\u00fc say\u0131s\u0131, s\u0131cakl\u0131k ve voltaj gibi temel parametreler \u00fczerinde derinlemesine sorgulamalar sa\u011flar, \u00f6ng\u00f6r\u00fcc\u00fc bak\u0131m ile sorunlar\u0131n ortaya \u00e7\u0131kmadan \u00f6nce \u00f6nlenmesine olanak tan\u0131r.<\/p>\n<p>Entegre Edilmi\u015f Tarih\u00e7e ve G\u00fcvenlik G\u00fcnl\u00fckleri: \u00dcretim ve t\u00fcketim ge\u00e7mi\u015f e\u011frilerini t\u00fcm uyar\u0131 olaylar\u0131yla birlikte kapsaml\u0131 \u015fekilde kaydeder, enerji kullan\u0131m\u0131n\u0131 optimize etmek i\u00e7in veri odakl\u0131 i\u00e7g\u00f6r\u00fcler sunar ve g\u00fcvenlik durumunun tam izlenebilirli\u011fini sa\u011flar.<\/p>\n<p>II. G\u00fc\u00e7l\u00fc Performans: Uzun Vadeli Stabil G\u00fc\u00e7 Kayna\u011f\u0131<\/p>\n<p>Kale Seviyesi G\u00fcvenlik Korumas\u0131: A\u015f\u0131r\u0131 \u015farj, a\u015f\u0131r\u0131 de\u015farj, a\u015f\u0131r\u0131 ak\u0131m, k\u0131sa devre, s\u0131cakl\u0131k anomalileri ve h\u00fccre dengeleme gibi \u00e7oklu koruma \u00f6nlemleri i\u00e7eren ak\u0131ll\u0131, \u00f6l\u00e7eklenebilir BMS y\u00f6netim sistemi kullan\u0131r, ultra y\u00fcksek kapasiteli enerji depolama sistemlerinin kusursuz \u00e7al\u0131\u015fmas\u0131n\u0131 sa\u011flar.<\/p>\n<p>III. \u00c7ok Y\u00f6nl\u00fc Uygulama Senaryolar\u0131<\/p>\n<p>HS-BG25305, enerji ba\u011f\u0131ms\u0131zl\u0131\u011f\u0131 ve huzur arayanlar i\u00e7in ideal se\u00e7imdir:<\/p>\n<p>K\u00fc\u00e7\u00fck ve Orta \u00d6l\u00e7ekli Evler \u0130\u00e7in Uzun S\u00fcreli Yedek G\u00fc\u00e7: \u015eehir apartmanlar\u0131 veya k\u0131rsal konutlar i\u00e7in uzun s\u00fcreli acil elektrik sa\u011flar, elektrik kesintileri s\u0131ras\u0131nda buzdolab\u0131, ayd\u0131nlatma ve ileti\u015fimi kesintisiz s\u00fcrd\u00fcr\u00fcr.<\/p>\n<p>KOB\u0130 Ofis G\u00fc\u00e7 G\u00fcvencesi: Ev ofisleri ve st\u00fcdyolar i\u00e7in sessiz, g\u00fcvenilir yedek g\u00fc\u00e7 sunar, \u00e7al\u0131\u015fma verilerini korur ve ekipman\u0131n stabil \u00e7al\u0131\u015fmas\u0131n\u0131 sa\u011flar.<\/p>\n<p>D\u0131\u015f Mekan E\u011flence G\u00fc\u00e7 \u00c7\u00f6z\u00fcm\u00fc: Hafta sonu kamp, uzun mesafe yolculuklar ve di\u011fer a\u00e7\u0131k hava etkinlikleri i\u00e7in elektrik ihtiyac\u0131n\u0131 kar\u015f\u0131lar, s\u00fcrekli ve stabil ye\u015fil enerji sa\u011flar.<\/p>\n<p>HS-BG25305, ev enerji g\u00fcvenli\u011fini yeniden tan\u0131mlar. Sadece bir g\u00fc\u00e7 rezervi de\u011fil, g\u00fcvenli, ekonomik ve \u00e7evre dostu bir ya\u015fam tarz\u0131 i\u00e7in g\u00fcvenilir bir yolda\u015fd\u0131r, \u00e7e\u015fitli g\u00fc\u00e7 senaryolar\u0131nda kolayca gezinmenizi sa\u011flar ve ak\u0131ll\u0131 ya\u015fam\u0131 benimsemenize olanak tan\u0131r.<\/p>\n<\/div>\n<div data-spm-anchor-id=\"a2700.pc-decorate.0.i5.5d033333Lu9Prj\"><strong>\u015eirket Profili <\/strong><\/div>\n<div data-spm-anchor-id=\"a2700.pc-decorate.0.i5.5d033333Lu9Prj\"><\/div>\n<div data-spm-anchor-id=\"a2700.pc-decorate.0.i5.5d033333Lu9Prj\"><\/div>\n<div data-spm-anchor-id=\"a2700.pc-decorate.0.i5.5d033333Lu9Prj\">\n<p><strong><span data-spm-anchor-id=\"a2700.pc-decorate.0.i21.5d033333Lu9Prj\">Haisic Battery 2011 y\u0131l\u0131nda kuruldu, Shenzhen Haisic Technology Co., Ltd. enerji depolama \u00fcr\u00fcnlerinin Ar-Ge ve \u00fcretimine adanm\u0131\u015f ulusal bir y\u00fcksek teknoloji i\u015fletmesidir; LiFePO4 pil paketleri, ticari ve end\u00fcstriyel enerji depolama, daire i\u00e7i enerji depolama, ta\u015f\u0131nabilir g\u00fc\u00e7 istasyonu\/g\u00fcne\u015f jenerat\u00f6r\u00fc, g\u00fcne\u015f inverteri, forklift pil, RV\/manzaral\u0131 otob\u00fcs\/ golf arac\u0131 pil ve di\u011fer OEM\/ODM<\/span><\/strong><\/p>\n<div><\/div>\n<div><strong>12 y\u0131l\u0131 a\u015fk\u0131n s\u00fcredir bu alanda derinlemesine \u00e7al\u0131\u015fan Haisic Teknoloji, Ar-Ge, inovasyon, kalite kontrol ve y\u00f6netim konusunda derin deneyimler kazanm\u0131\u015ft\u0131r. \u00dcr\u00fcnlerimiz ev enerji depolama, end\u00fcstriyel enerji depolama, ticari enerji depolama, g\u00fc\u00e7 ileti\u015fimi, medikal elektronik, g\u00fcvenlik ileti\u015fimi, ula\u015f\u0131m ve lojistik, yeni enerji g\u00fcc\u00fc, ak\u0131ll\u0131 ev ve di\u011fer ilgili alanlarda kullan\u0131lmaktad\u0131r. <\/strong><\/div>\n<div><strong>\u00a0<\/strong><\/div>\n<div><strong>We have owned our own production base covering more than 14000m located in Dapeng district of Shenzhen with ISO9001, ISO14001, IS045001 and Amfori BSCI, and our products are with CE, FCC, TUV-UL2054, CQC,RoHs, PSE,MSDS, UN38.3 certificates. We\u2019ve already provided safe, stable, environmentallyfriendly, high-quality products and professional OEM\/ODM services to customers in more than 80 countries and regions. <\/strong><\/div>\n<div><\/div>\n<div><\/div>\n<div><strong>SSS <\/strong><\/div>\n<div><strong><span data-spm-anchor-id=\"a2700.pc-decorate.0.i33.5d033333Lu9Prj\">1. Lityum pillerin \u00f6zelli\u011fi nedir?<\/span><\/strong><\/div>\n<div>\n<p><span data-spm-anchor-id=\"a2700.pc-decorate.0.i33.5d033333Lu9Prj\">C: Y\u00fcksek enerji yo\u011funlu\u011fu ile 460-600Wh\/kg'a ula\u015fm\u0131\u015ft\u0131r, bu da kur\u015fun-asit pillerin yakla\u015f\u0131k 6-7 kat\u0131d\u0131r. Uzun hizmet \u00f6mr\u00fc, kullan\u0131m \u00f6mr\u00fc 6 y\u0131ldan fazla olabilir. Hafif a\u011f\u0131rl\u0131k, a\u011f\u0131rl\u0131k ayn\u0131 hacimdeki kur\u015fun-asit \u00fcr\u00fcn\u00fcn yakla\u015f\u0131k 1\/5-6's\u0131d\u0131r.<\/span><\/p>\n<p>&nbsp;<\/p>\n<div data-spm-anchor-id=\"a2700.pc-decorate.0.i34.5d033333Lu9Prj\"><strong>2. Lityum pil ne i\u00e7in kullan\u0131l\u0131r?<br \/>\n<\/strong>A: Lityum pil g\u00fc\u00e7 ve enerji depolama i\u00e7in kullan\u0131l\u0131r. Acil g\u00fc\u00e7 yedeklemesi veya UPS gibi. G\u00fcvenilir elektrik ve rekreasyonel ara\u00e7 g\u00fcc\u00fc, golf arabas\u0131, g\u00fcvenilir ve hafif marin, g\u00fcne\u015f enerjisi depolama, g\u00fcne\u015f evi, k\u00fc\u00e7\u00fck i\u015fleme fabrikas\u0131, uzaktan konumlarda g\u00f6zetim veya alarm sistemleri.3.Boyalar\u0131n\u0131z g\u00fcvenli mi? A: Pilimiz g\u00fcvenli. T\u00fcm Zwayn piller, LiFePO4 katot ve yerle\u015fik Pil Y\u00f6netim Sistemi (BMS) dahil olmak \u00fczere en g\u00fcvenli ve en kararl\u0131 bile\u015fenleri kullan\u0131r. BMS h\u00fccreleri a\u015f\u0131r\u0131 y\u00fcksek veya d\u00fc\u015f\u00fck voltajlar, y\u00fcksek ak\u0131mlar, k\u0131sa devreler ve a\u015f\u0131r\u0131 \u0131s\u0131 veya so\u011fu\u011fa kar\u015f\u0131 korur. Bunlar pil ar\u0131zalar\u0131n\u0131n en yayg\u0131n nedenleridir ve t\u00fcm pillerimizde bu riskleri azaltmak i\u00e7in her t\u00fcrl\u00fc tedbir al\u0131nm\u0131\u015ft\u0131r.<br \/>\n<strong><br \/>\n4. Uygulamam i\u00e7in do\u011fru lityum derin d\u00f6ng\u00fcl\u00fc pili nas\u0131l se\u00e7erim?<br \/>\n<\/strong>C: \u00c7o\u011fu standart 12, 24 veya 48 volt sistemde, en iyi lityum pil se\u00e7imi LiFePO4't\u00fcr (Lityum Demir Fosfat\/<br \/>\nPo\u015fet\/Birincil pil h\u00fccresi). Bu tip pilin voltaj\u0131 bir AGM'ye \u00e7ok benzer ve kolayca<br \/>\nRV'niz, tekneniz, \u015febekeden ba\u011f\u0131ms\u0131z g\u00fc\u00e7 sisteminiz, g\u00fcne\u015f eviniz (TV, buzdolab\u0131, \u00e7ama\u015f\u0131r makinesi, klima<br \/>\nklima, su \u0131s\u0131t\u0131c\u0131s\u0131, mikrodalga f\u0131r\u0131n, ind\u00fcksiyonlu ocak, bula\u015f\u0131k makinesi, yaz\u0131c\u0131, bilgisayar), Telekom\u00fcnikasyon Kulesi, hibrit ve \u015febekeden ba\u011f\u0131ms\u0131z g\u00fcne\u015f enerjisi sistemi uygulamalar\u0131 i\u00e7in mevcut sistem bile\u015fenleriyle harika \u00e7al\u0131\u015facakt\u0131r. 5. Seri veya paralel olarak kullan\u0131labilir mi?<\/p>\n<p>C: Evet efendim, kullan\u0131m i\u00e7in paralel ba\u011flant\u0131da maksimum 15'i destekleyebilir, Maksimum 150kwh depolama kutusu.<br \/>\n<strong><br \/>\n6. Bu pil paketi invert\u00f6r\u00fcmle uyumlu olabilir mi? Uyumlu invert\u00f6rlerin bir \u015firket listesi var m\u0131?<br \/>\n<\/strong>A:Yes sir, our battery pack can compatible with most brand of inverter on the market, such as Deye, MUST, SMA, Growatt, Solax,Solis, Sungrow, Sofar, Voltronic, Sorotec, Studer, etc.<\/p>\n<\/div>\n<\/div>\n<\/div>","protected":false},"excerpt":{"rendered":"<p>HS-BG25305 Ak\u0131ll\u0131 Ev Enerji Depolama Sistemi Genel Bak\u0131\u015f<\/p>\n<p>Parmaklar\u0131n\u0131z\u0131n Ucunda Ak\u0131ll\u0131 Kontrol \u2013 G\u00fc\u00e7 Kayg\u0131s\u0131na Elveda Deyin, Ev Enerji \u00d6zg\u00fcrl\u00fc\u011f\u00fcn\u00fc Yeniden Tan\u0131mlay\u0131n<\/p>","protected":false},"featured_media":1677,"template":"","meta":{"site-sidebar-layout":"default","site-content-layout":"","ast-site-content-layout":"default","site-content-style":"default","site-sidebar-style":"default","ast-global-header-display":"","ast-banner-title-visibility":"","ast-main-header-display":"","ast-hfb-above-header-display":"","ast-hfb-below-header-display":"","ast-hfb-mobile-header-display":"","site-post-title":"","ast-breadcrumbs-content":"","ast-featured-img":"","footer-sml-layout":"","ast-disable-related-posts":"","theme-transparent-header-meta":"default","adv-header-id-meta":"","stick-header-meta":"default","header-above-stick-meta":"","header-main-stick-meta":"","header-below-stick-meta":"","astra-migrate-meta-layouts":"set","ast-page-background-enabled":"default","ast-page-background-meta":{"desktop":{"background-color":"var(--ast-global-color-4)","background-image":"","background-repeat":"repeat","background-position":"center center","background-size":"auto","background-attachment":"scroll","background-type":"","background-media":"","overlay-type":"","overlay-color":"","overlay-opacity":"","overlay-gradient":""},"tablet":{"background-color":"","background-image":"","background-repeat":"repeat","background-position":"center center","background-size":"auto","background-attachment":"scroll","background-type":"","background-media":"","overlay-type":"","overlay-color":"","overlay-opacity":"","overlay-gradient":""},"mobile":{"background-color":"","background-image":"","background-repeat":"repeat","background-position":"center center","background-size":"auto","background-attachment":"scroll","background-type":"","background-media":"","overlay-type":"","overlay-color":"","overlay-opacity":"","overlay-gradient":""}},"ast-content-background-meta":{"desktop":{"background-color":"var(--ast-global-color-5)","background-image":"","background-repeat":"repeat","background-position":"center center","background-size":"auto","background-attachment":"scroll","background-type":"","background-media":"","overlay-type":"","overlay-color":"","overlay-opacity":"","overlay-gradient":""},"tablet":{"background-color":"var(--ast-global-color-5)","background-image":"","background-repeat":"repeat","background-position":"center center","background-size":"auto","background-attachment":"scroll","background-type":"","background-media":"","overlay-type":"","overlay-color":"","overlay-opacity":"","overlay-gradient":""},"mobile":{"background-color":"var(--ast-global-color-5)","background-image":"","background-repeat":"repeat","background-position":"center center","background-size":"auto","background-attachment":"scroll","background-type":"","background-media":"","overlay-type":"","overlay-color":"","overlay-opacity":"","overlay-gradient":""}}},"product_brand":[],"product_cat":[47,56,50],"product_tag":[],"class_list":{"0":"post-1676","1":"product","2":"type-product","3":"status-publish","4":"has-post-thumbnail","6":"product_cat-residetial-ess","7":"product_cat-energy-storage-battery-system","8":"product_cat-floor-standing-ess","9":"desktop-align-left","10":"tablet-align-left","11":"mobile-align-left","12":"ast-product-gallery-layout-horizontal-slider","13":"ast-product-tabs-layout-horizontal","15":"first","16":"instock","17":"shipping-taxable","18":"purchasable","19":"product-type-simple"},"_links":{"self":[{"href":"https:\/\/haisicstorage.com\/tr\/wp-json\/wp\/v2\/product\/1676","targetHints":{"allow":["GET"]}}],"collection":[{"href":"https:\/\/haisicstorage.com\/tr\/wp-json\/wp\/v2\/product"}],"about":[{"href":"https:\/\/haisicstorage.com\/tr\/wp-json\/wp\/v2\/types\/product"}],"version-history":[{"count":4,"href":"https:\/\/haisicstorage.com\/tr\/wp-json\/wp\/v2\/product\/1676\/revisions"}],"predecessor-version":[{"id":3500,"href":"https:\/\/haisicstorage.com\/tr\/wp-json\/wp\/v2\/product\/1676\/revisions\/3500"}],"wp:featuredmedia":[{"embeddable":true,"href":"https:\/\/haisicstorage.com\/tr\/wp-json\/wp\/v2\/media\/1677"}],"wp:attachment":[{"href":"https:\/\/haisicstorage.com\/tr\/wp-json\/wp\/v2\/media?parent=1676"}],"wp:term":[{"taxonomy":"product_brand","embeddable":true,"href":"https:\/\/haisicstorage.com\/tr\/wp-json\/wp\/v2\/product_brand?post=1676"},{"taxonomy":"product_cat","embeddable":true,"href":"https:\/\/haisicstorage.com\/tr\/wp-json\/wp\/v2\/product_cat?post=1676"},{"taxonomy":"product_tag","embeddable":true,"href":"https:\/\/haisicstorage.com\/tr\/wp-json\/wp\/v2\/product_tag?post=1676"}],"curies":[{"name":"wp","href":"https:\/\/api.w.org\/{rel}","templated":true}]}}