{"id":1670,"date":"2025-12-03T05:51:48","date_gmt":"2025-12-03T05:51:48","guid":{"rendered":"https:\/\/haisicstorage.com\/?post_type=product&#038;p=1670"},"modified":"2026-02-27T07:30:56","modified_gmt":"2026-02-27T07:30:56","slug":"10240wh-touchscreen-energy-storage-system","status":"publish","type":"product","link":"https:\/\/haisicstorage.com\/tr\/10240wh-touchscreen-energy-storage-system\/","title":{"rendered":"10240Wh Dokunmatik Ekranl\u0131 Enerji Depolama Sistemi"},"content":{"rendered":"<div data-spm-anchor-id=\"a2700.pc-decorate.0.i6.5d033333Lu9Prj\">\n<p>Temel \u00d6zellikler<br \/>\nB\u00fcy\u00fck Kapasite, S\u00fcrekli G\u00fc\u00e7 Kayna\u011f\u0131<\/p>\n<p>10240Wh B\u00fcy\u00fck Rezerv: G\u00fcnl\u00fck ev elektrik ihtiya\u00e7lar\u0131n\u0131 kar\u015f\u0131lamak, y\u00fcksek g\u00fc\u00e7l\u00fc cihazlara g\u00fc\u00e7 sa\u011flamak ve uzun s\u00fcreli elektrik kesintilerine dayanmak i\u00e7in yeterlidir, ev enerjisi g\u00fcvenli\u011fi i\u00e7in sa\u011flam bir koruma g\u00f6revi g\u00f6r\u00fcr.<\/p>\n<p>Sezgisel Dokunmatik Ekran Aray\u00fcz\u00fc<\/p>\n<p>Y\u00fcksek \u00c7\u00f6z\u00fcn\u00fcrl\u00fckl\u00fc Renkli Dokunmatik Ekran: Ger\u00e7ek zamanl\u0131 pil durumu, \u015farj\/bo\u015faltma g\u00fcc\u00fc, enerji t\u00fcketim analizi ve sistem operasyonunu g\u00f6steren kullan\u0131c\u0131 dostu HD dokunmatik ekran aray\u00fcz\u00fc i\u00e7erir.<\/p>\n<p>Tek Dokunu\u015fla Kontrol: Kullan\u0131c\u0131lar\u0131n t\u00fcm ya\u015f gruplar\u0131na uygun sezgisel kullan\u0131m ile \u00e7al\u0131\u015fma modlar\u0131n\u0131 (\u00f6rne\u011fin, g\u00fcne\u015f \u00f6nceli\u011fi, pik\/tepe fiyatland\u0131rmas\u0131, yedek g\u00fc\u00e7) kolayca yap\u0131land\u0131rmas\u0131n\u0131 sa\u011flar.<\/p>\n<p>Y\u00fcksek Verimli \u0130nverter, G\u00fc\u00e7l\u00fc \u00c7\u0131k\u0131\u015f<\/p>\n<p>Y\u00fcksek Performansl\u0131 \u0130nverter Teknolojisi: .1'den fazla d\u00f6n\u00fc\u015f\u00fcm verimlili\u011fi ile saf sin\u00fcs dalga inverter teknolojisi kullan\u0131r, hassas elektronikler ve end\u00fcktif y\u00fckler i\u00e7in stabil, temiz g\u00fc\u00e7 sa\u011flar.<\/p>\n<p>Y\u00fcksek G\u00fc\u00e7 \u00c7\u0131k\u0131\u015f\u0131: Y\u00fcksek g\u00fc\u00e7 ge\u00e7ici \u00e7\u0131k\u0131\u015f\u0131n\u0131 destekler, klima, su pompas\u0131 ve motor gibi y\u00fcksek t\u00fcketimli ekipmanlar\u0131 kolayca ba\u015flat\u0131r.<\/p>\n<p>\u00c7ok Modlu \u00c7al\u0131\u015fma, Ak\u0131ll\u0131 Enerji Tasarrufu<\/p>\n<p>G\u00fcne\u015f \u00d6nceli\u011fi: G\u00fcne\u015f panellerine ba\u011flan\u0131r, sistem \u015farj\u0131 i\u00e7in ye\u015fil g\u00fcne\u015f enerjisini \u00f6nceliklendirir, \u015febeke t\u00fcketimini azalt\u0131r ve karbon ayak izini d\u00fc\u015f\u00fcr\u00fcr.<\/p>\n<p>Tepe-Vadi Arbitraj\u0131: D\u00fc\u015f\u00fck tarifeli saatlerde \u015farj olur ve y\u00fcksek maliyetli tepe saatlerde bo\u015falt\u0131l\u0131r, elektrik maliyetlerini ak\u0131ll\u0131ca optimize ederek maksimum ekonomik fayda sa\u011flar.<\/p>\n<p>Kesintisiz G\u00fc\u00e7 Kayna\u011f\u0131 (UPS Fonksiyonu): \u015eebeke kesintisi s\u0131ras\u0131nda milisaniyeler i\u00e7inde yedek g\u00fcce ge\u00e7i\u015f yapar, kritik cihazlar\u0131n \u00e7al\u0131\u015fmaya devam etmesini sa\u011flar.<\/p>\n<p>G\u00fcvenlik ve G\u00fcvenilirlik, Sa\u011flam Koruma<\/p>\n<p>Otomotiv Kalitesinde Lityum Demir Fosfat (LiFePO\u2084) H\u00fccreler: Ola\u011fan\u00fcst\u00fc termal stabilite ve uzun d\u00f6ng\u00fc \u00f6mr\u00fc (6.000+ d\u00f6ng\u00fcye kadar), yang\u0131na dayan\u0131kl\u0131, dayan\u0131kl\u0131 ve g\u00fcvenilir.<\/p>\n<p>Intelligent Battery Management System (BMS): Provides multiple hardware-level protections against overcharging, over-discharging, overcurrent, short circuits, and abnormal temperatures, ensuring safe and stable operation throughout the system\u2019s entire lifecycle.<\/p>\n<p>Sa\u011flam Yap\u0131 ve Ak\u0131ll\u0131 Termal Y\u00f6netim: End\u00fcstriyel kalite tasar\u0131m, entegre ak\u0131ll\u0131 so\u011futma fan\u0131 i\u00e7erir, \u00e7e\u015fitli \u00e7evresel ko\u015fullarda cihaz\u0131n optimal performans\u0131n\u0131 sa\u011flar.<\/p>\n<p>Mod\u00fclerlik ve \u00d6l\u00e7eklenebilirlik<\/p>\n<p>Esnek Kapasite Art\u0131r\u0131m\u0131: Mod\u00fcler mimari, kullan\u0131c\u0131lar\u0131n toplam kapasiteyi art\u0131rmak i\u00e7in batarya mod\u00fclleri eklemesine olanak tan\u0131r, ileriye d\u00f6n\u00fck enerji taleplerine uygun yat\u0131r\u0131m sa\u011flar.<\/p>\n<p>Uygulama Senaryolar\u0131<br \/>\nEvsel G\u00fc\u00e7 Kayna\u011f\u0131: T\u00fcm evlere temiz elektrik sa\u011flar, \u00f6zellikle y\u00fcksek t\u00fcketimli ve y\u00fcksek maliyetli elektrik b\u00f6lgelerine uygundur.<\/p>\n<p>Acil Yedek G\u00fc\u00e7: Tayfunlar, depremler veya \u015febeke bak\u0131m\u0131 nedeniyle beklenmedik kesintiler s\u0131ras\u0131nda temel ev fonksiyonlar\u0131n\u0131n kesintisiz \u00e7al\u0131\u015fmas\u0131n\u0131 sa\u011flar.<\/p>\n<p>\u015eebekeden Ba\u011f\u0131ms\u0131z Ya\u015fam: Villalar, \u00e7iftlikler, karavanlar, bal\u0131k\u00e7\u0131 tekneleri ve di\u011fer \u015febekeden ba\u011f\u0131ms\u0131z senaryolar i\u00e7in ba\u011f\u0131ms\u0131z g\u00fc\u00e7 deste\u011fi sunar.<\/p>\n<p>Fotovoltaik Enerji Depolama Sistemi: G\u00fcne\u015f enerjisi \u00fcretim sistemleri i\u00e7in ideal depolama \u00fcnitesi olarak hizmet verir, kendi kendine t\u00fcketim oranlar\u0131n\u0131 maksimize eder ve enerji ba\u011f\u0131ms\u0131zl\u0131\u011f\u0131 sa\u011flar.<\/p>\n<p>HS-BG51200 sadece bir enerji depolama cihaz\u0131 de\u011fildir; ayn\u0131 zamanda gelece\u011fe y\u00f6nelik ak\u0131ll\u0131 ev enerji merkezi. G\u00fc\u00e7l\u00fc depolama kapasitesi, ak\u0131ll\u0131 y\u00f6netim sistemleri ve kullan\u0131c\u0131 dostu i\u015fletimiyle, y\u00fcksek kaliteli, y\u00fcksek g\u00fcvenilirlikte ve maliyet etkin enerji y\u00f6netimi \u00e7\u00f6z\u00fcmleri arayan evler i\u00e7in m\u00fckemmel bir se\u00e7imdir.<\/p>\n<\/div>\n<div data-spm-anchor-id=\"a2700.pc-decorate.0.i5.5d033333Lu9Prj\">\n<p><strong><span data-spm-anchor-id=\"a2700.pc-decorate.0.i21.5d033333Lu9Prj\">Haisic Battery 2011 y\u0131l\u0131nda kuruldu, Shenzhen Haisic Technology Co., Ltd. enerji depolama \u00fcr\u00fcnlerinin Ar-Ge ve \u00fcretimine adanm\u0131\u015f ulusal bir y\u00fcksek teknoloji i\u015fletmesidir; LiFePO4 pil paketleri, ticari ve end\u00fcstriyel enerji depolama, daire i\u00e7i enerji depolama, ta\u015f\u0131nabilir g\u00fc\u00e7 istasyonu\/g\u00fcne\u015f jenerat\u00f6r\u00fc, g\u00fcne\u015f inverteri, forklift pil, RV\/manzaral\u0131 otob\u00fcs\/ golf arac\u0131 pil ve di\u011fer OEM\/ODM<\/span><\/strong><\/p>\n<div><\/div>\n<div><strong>12 y\u0131l\u0131 a\u015fk\u0131n s\u00fcredir bu alanda derinlemesine \u00e7al\u0131\u015fan Haisic Teknoloji, Ar-Ge, inovasyon, kalite kontrol ve y\u00f6netim konusunda derin deneyimler kazanm\u0131\u015ft\u0131r. \u00dcr\u00fcnlerimiz ev enerji depolama, end\u00fcstriyel enerji depolama, ticari enerji depolama, g\u00fc\u00e7 ileti\u015fimi, medikal elektronik, g\u00fcvenlik ileti\u015fimi, ula\u015f\u0131m ve lojistik, yeni enerji g\u00fcc\u00fc, ak\u0131ll\u0131 ev ve di\u011fer ilgili alanlarda kullan\u0131lmaktad\u0131r. <\/strong><\/div>\n<div><strong>\u00a0<\/strong><\/div>\n<div><strong>We have owned our own production base covering more than 14000m located in Dapeng district of Shenzhen with ISO9001, ISO14001, IS045001 and Amfori BSCI, and our products are with CE, FCC, TUV-UL2054, CQC,RoHs, PSE,MSDS, UN38.3 certificates. We\u2019ve already provided safe, stable, environmentallyfriendly, high-quality products and professional OEM\/ODM services to customers in more than 80 countries and regions. <\/strong><\/div>\n<div><\/div>\n<div><\/div>\n<div><strong>SSS <\/strong><\/div>\n<div><strong><span data-spm-anchor-id=\"a2700.pc-decorate.0.i33.5d033333Lu9Prj\">1. Lityum pillerin \u00f6zelli\u011fi nedir?<\/span><\/strong><\/div>\n<div>\n<p><span data-spm-anchor-id=\"a2700.pc-decorate.0.i33.5d033333Lu9Prj\">C: Y\u00fcksek enerji yo\u011funlu\u011fu ile 460-600Wh\/kg'a ula\u015fm\u0131\u015ft\u0131r, bu da kur\u015fun-asit pillerin yakla\u015f\u0131k 6-7 kat\u0131d\u0131r. Uzun hizmet \u00f6mr\u00fc, kullan\u0131m \u00f6mr\u00fc 6 y\u0131ldan fazla olabilir. Hafif a\u011f\u0131rl\u0131k, a\u011f\u0131rl\u0131k ayn\u0131 hacimdeki kur\u015fun-asit \u00fcr\u00fcn\u00fcn yakla\u015f\u0131k 1\/5-6's\u0131d\u0131r.<\/span><\/p>\n<p>&nbsp;<\/p>\n<div data-spm-anchor-id=\"a2700.pc-decorate.0.i34.5d033333Lu9Prj\"><strong>2. Lityum pil ne i\u00e7in kullan\u0131l\u0131r?<br \/>\n<\/strong>A: Lityum pil g\u00fc\u00e7 ve enerji depolama i\u00e7in kullan\u0131l\u0131r. Acil g\u00fc\u00e7 yedeklemesi veya UPS gibi. G\u00fcvenilir elektrik ve rekreasyonel ara\u00e7 g\u00fcc\u00fc, golf arabas\u0131, g\u00fcvenilir ve hafif marin, g\u00fcne\u015f enerjisi depolama, g\u00fcne\u015f evi, k\u00fc\u00e7\u00fck i\u015fleme fabrikas\u0131, uzaktan konumlarda g\u00f6zetim veya alarm sistemleri.3.Boyalar\u0131n\u0131z g\u00fcvenli mi? A: Pilimiz g\u00fcvenli. T\u00fcm Zwayn piller, LiFePO4 katot ve yerle\u015fik Pil Y\u00f6netim Sistemi (BMS) dahil olmak \u00fczere en g\u00fcvenli ve en kararl\u0131 bile\u015fenleri kullan\u0131r. BMS h\u00fccreleri a\u015f\u0131r\u0131 y\u00fcksek veya d\u00fc\u015f\u00fck voltajlar, y\u00fcksek ak\u0131mlar, k\u0131sa devreler ve a\u015f\u0131r\u0131 \u0131s\u0131 veya so\u011fu\u011fa kar\u015f\u0131 korur. Bunlar pil ar\u0131zalar\u0131n\u0131n en yayg\u0131n nedenleridir ve t\u00fcm pillerimizde bu riskleri azaltmak i\u00e7in her t\u00fcrl\u00fc tedbir al\u0131nm\u0131\u015ft\u0131r.<br \/>\n<strong><br \/>\n4. Uygulamam i\u00e7in do\u011fru lityum derin d\u00f6ng\u00fcl\u00fc pili nas\u0131l se\u00e7erim?<br \/>\n<\/strong>C: \u00c7o\u011fu standart 12, 24 veya 48 volt sistemde, en iyi lityum pil se\u00e7imi LiFePO4't\u00fcr (Lityum Demir Fosfat\/<br \/>\nPo\u015fet\/Birincil pil h\u00fccresi). Bu tip pilin voltaj\u0131 bir AGM'ye \u00e7ok benzer ve kolayca<br \/>\nRV'niz, tekneniz, \u015febekeden ba\u011f\u0131ms\u0131z g\u00fc\u00e7 sisteminiz, g\u00fcne\u015f eviniz (TV, buzdolab\u0131, \u00e7ama\u015f\u0131r makinesi, klima<br \/>\nklima, su \u0131s\u0131t\u0131c\u0131s\u0131, mikrodalga f\u0131r\u0131n, ind\u00fcksiyonlu ocak, bula\u015f\u0131k makinesi, yaz\u0131c\u0131, bilgisayar), Telekom\u00fcnikasyon Kulesi, hibrit ve \u015febekeden ba\u011f\u0131ms\u0131z g\u00fcne\u015f enerjisi sistemi uygulamalar\u0131 i\u00e7in mevcut sistem bile\u015fenleriyle harika \u00e7al\u0131\u015facakt\u0131r. 5. Seri veya paralel olarak kullan\u0131labilir mi?<\/p>\n<p>C: Evet efendim, kullan\u0131m i\u00e7in paralel ba\u011flant\u0131da maksimum 15'i destekleyebilir, Maksimum 150kwh depolama kutusu.<br \/>\n<strong><br \/>\n6. Bu pil paketi invert\u00f6r\u00fcmle uyumlu olabilir mi? Uyumlu invert\u00f6rlerin bir \u015firket listesi var m\u0131?<br \/>\n<\/strong>A:Yes sir, our battery pack can compatible with most brand of inverter on the market, such as Deye, MUST, SMA, Growatt, Solax,Solis, Sungrow, Sofar, Voltronic, Sorotec, Studer, etc.<\/p>\n<\/div>\n<\/div>\n<\/div>","protected":false},"excerpt":{"rendered":"<p>HS-BG51200 y\u00fcksek performansl\u0131 lityum piller, verimli inverterler ve ak\u0131ll\u0131 enerji y\u00f6netimi ile birle\u015fen premium entegre ev enerji depolama sistemidir. Temel tasar\u0131m felsefesi \u2018Ak\u0131ll\u0131 Enerji Depolama, Endi\u015fesiz Ya\u015fam\u2019 olan bu sistem, modern evlere g\u00fcvenli, g\u00fcvenilir, temiz ve ekonomik bir enerji \u00e7\u00f6z\u00fcm\u00fc sunmay\u0131 ama\u00e7lamaktad\u0131r. Bu, kullan\u0131c\u0131lara elektrik \u00f6zg\u00fcrl\u00fc\u011f\u00fc sa\u011flar ve ya\u015fam kalitesini art\u0131r\u0131r.<\/p>","protected":false},"featured_media":1662,"template":"","meta":{"site-sidebar-layout":"default","site-content-layout":"","ast-site-content-layout":"default","site-content-style":"default","site-sidebar-style":"default","ast-global-header-display":"","ast-banner-title-visibility":"","ast-main-header-display":"","ast-hfb-above-header-display":"","ast-hfb-below-header-display":"","ast-hfb-mobile-header-display":"","site-post-title":"","ast-breadcrumbs-content":"","ast-featured-img":"","footer-sml-layout":"","ast-disable-related-posts":"","theme-transparent-header-meta":"default","adv-header-id-meta":"","stick-header-meta":"default","header-above-stick-meta":"","header-main-stick-meta":"","header-below-stick-meta":"","astra-migrate-meta-layouts":"set","ast-page-background-enabled":"default","ast-page-background-meta":{"desktop":{"background-color":"var(--ast-global-color-4)","background-image":"","background-repeat":"repeat","background-position":"center center","background-size":"auto","background-attachment":"scroll","background-type":"","background-media":"","overlay-type":"","overlay-color":"","overlay-opacity":"","overlay-gradient":""},"tablet":{"background-color":"","background-image":"","background-repeat":"repeat","background-position":"center center","background-size":"auto","background-attachment":"scroll","background-type":"","background-media":"","overlay-type":"","overlay-color":"","overlay-opacity":"","overlay-gradient":""},"mobile":{"background-color":"","background-image":"","background-repeat":"repeat","background-position":"center center","background-size":"auto","background-attachment":"scroll","background-type":"","background-media":"","overlay-type":"","overlay-color":"","overlay-opacity":"","overlay-gradient":""}},"ast-content-background-meta":{"desktop":{"background-color":"var(--ast-global-color-5)","background-image":"","background-repeat":"repeat","background-position":"center center","background-size":"auto","background-attachment":"scroll","background-type":"","background-media":"","overlay-type":"","overlay-color":"","overlay-opacity":"","overlay-gradient":""},"tablet":{"background-color":"var(--ast-global-color-5)","background-image":"","background-repeat":"repeat","background-position":"center center","background-size":"auto","background-attachment":"scroll","background-type":"","background-media":"","overlay-type":"","overlay-color":"","overlay-opacity":"","overlay-gradient":""},"mobile":{"background-color":"var(--ast-global-color-5)","background-image":"","background-repeat":"repeat","background-position":"center center","background-size":"auto","background-attachment":"scroll","background-type":"","background-media":"","overlay-type":"","overlay-color":"","overlay-opacity":"","overlay-gradient":""}}},"product_brand":[],"product_cat":[56,50,47],"product_tag":[],"class_list":{"0":"post-1670","1":"product","2":"type-product","3":"status-publish","4":"has-post-thumbnail","6":"product_cat-energy-storage-battery-system","7":"product_cat-floor-standing-ess","8":"product_cat-residetial-ess","9":"desktop-align-left","10":"tablet-align-left","11":"mobile-align-left","12":"ast-product-gallery-layout-horizontal-slider","13":"ast-product-tabs-layout-horizontal","15":"first","16":"instock","17":"shipping-taxable","18":"purchasable","19":"product-type-simple"},"_links":{"self":[{"href":"https:\/\/haisicstorage.com\/tr\/wp-json\/wp\/v2\/product\/1670","targetHints":{"allow":["GET"]}}],"collection":[{"href":"https:\/\/haisicstorage.com\/tr\/wp-json\/wp\/v2\/product"}],"about":[{"href":"https:\/\/haisicstorage.com\/tr\/wp-json\/wp\/v2\/types\/product"}],"version-history":[{"count":4,"href":"https:\/\/haisicstorage.com\/tr\/wp-json\/wp\/v2\/product\/1670\/revisions"}],"predecessor-version":[{"id":3502,"href":"https:\/\/haisicstorage.com\/tr\/wp-json\/wp\/v2\/product\/1670\/revisions\/3502"}],"wp:featuredmedia":[{"embeddable":true,"href":"https:\/\/haisicstorage.com\/tr\/wp-json\/wp\/v2\/media\/1662"}],"wp:attachment":[{"href":"https:\/\/haisicstorage.com\/tr\/wp-json\/wp\/v2\/media?parent=1670"}],"wp:term":[{"taxonomy":"product_brand","embeddable":true,"href":"https:\/\/haisicstorage.com\/tr\/wp-json\/wp\/v2\/product_brand?post=1670"},{"taxonomy":"product_cat","embeddable":true,"href":"https:\/\/haisicstorage.com\/tr\/wp-json\/wp\/v2\/product_cat?post=1670"},{"taxonomy":"product_tag","embeddable":true,"href":"https:\/\/haisicstorage.com\/tr\/wp-json\/wp\/v2\/product_tag?post=1670"}],"curies":[{"name":"wp","href":"https:\/\/api.w.org\/{rel}","templated":true}]}}