{"id":1667,"date":"2025-12-03T05:43:20","date_gmt":"2025-12-03T05:43:20","guid":{"rendered":"https:\/\/haisicstorage.com\/?post_type=product&#038;p=1667"},"modified":"2026-02-27T07:31:22","modified_gmt":"2026-02-27T07:31:22","slug":"51-2v-305ah-15616wh-touchscreen-home-energy-battery","status":"publish","type":"product","link":"https:\/\/haisicstorage.com\/tr\/51-2v-305ah-15616wh-touchscreen-home-energy-battery\/","title":{"rendered":"51.2V 305Ah 15616Wh dokunmatik ana vibration home energy battery"},"content":{"rendered":"<div data-spm-anchor-id=\"a2700.pc-decorate.0.i6.5d033333Lu9Prj\">\n<p>Temel \u00d6zellikler<br \/>\nKapsaml\u0131 Kapasite ve Ola\u011fan\u00fcst\u00fc G\u00fc\u00e7<\/p>\n<p>15.616Wh Kapsaml\u0131 Rezerv: Birden fazla g\u00fcn boyunca ev elektri\u011fi ihtiya\u00e7lar\u0131n\u0131 kar\u015f\u0131lar.<\/p>\n<p>Ak\u0131ll\u0131 \u00c7ift Mod \u00c7\u0131k\u0131\u015f\u0131 \u00c7e\u015fitli Senaryolar \u0130\u00e7in<\/p>\n<p>Standart Mod: G\u00fcnl\u00fck cihazlar i\u00e7in stabil, saf sin\u00fcs dalgas\u0131 AC g\u00fcc\u00fc sa\u011flar, y\u00fcksek verimlilik ve enerji tasarrufu sa\u011flar.<\/p>\n<p>Y\u00fcksek G\u00fc\u00e7 Modu: Tek dokunu\u015fla etkinle\u015ftirilen sa\u011flam \u00e7\u0131k\u0131\u015f modu, a\u011f\u0131r hizmet ekipmanlar\u0131n\u0131 (\u00f6rne\u011fin motorlar, kompres\u00f6rler) kolayca y\u00f6netir ve b\u00fcy\u00fck giri\u015f ak\u0131mlar\u0131n\u0131 kar\u015f\u0131lar, ola\u011fan\u00fcst\u00fc \u00e7ok y\u00f6nl\u00fcl\u00fck sunar.<\/p>\n<p>Yapay Zeka Destekli Dokunmatik Ekran: Enerjiye Genel Bak\u0131\u015f<\/p>\n<p>Y\u00fcksek \u00e7\u00f6z\u00fcn\u00fcrl\u00fckl\u00fc tam renkli ak\u0131ll\u0131 dokunmatik ekran: Enerji ak\u0131\u015flar\u0131n\u0131n (PV, \u015febeke, y\u00fckler, batarya durumu) ger\u00e7ek zamanl\u0131 g\u00f6rselle\u015ftirmesiyle \u00fcst\u00fcn kullan\u0131c\u0131 deneyimi sa\u011flar.<\/p>\n<p>Yapay Zeka \u00d6\u011frenme ve Tavsiyeleri: Sistem, ev elektri\u011fi kullan\u0131m al\u0131\u015fkanl\u0131klar\u0131n\u0131 \u00f6\u011frenir ve yerel elektrik fiyatland\u0131rma verileriyle birle\u015ferek, elektrik faturalar\u0131n\u0131 en \u00fcst d\u00fczeyde tasarruf etmek i\u00e7in en uygun \u015farj ve de\u015farj stratejilerini ak\u0131ll\u0131ca \u00f6nerir.<\/p>\n<p>D\u00f6rt Boyutlu Ak\u0131ll\u0131 Y\u00f6netim, Ekonomik \u0130\u015fletme Uzman\u0131<\/p>\n<p>G\u00fcne\u015f Enerjisi \u00d6ncelikli Mod: G\u00fcne\u015f enerjisinin kullan\u0131m\u0131n\u0131 en \u00fcst d\u00fczeye \u00e7\u0131kararak temiz enerjiye kendi kendine yeterlilik sa\u011flar.<\/p>\n<p>Hassas Tepe-Vadi Arbitraj\u0131: D\u00fc\u015f\u00fck\/flat-rate d\u00f6nemlerinde otomatik \u015farj olur ve tepe zamanlar\u0131nda de\u015farj ederek elektrik maliyetlerini titizlikle azalt\u0131r.<\/p>\n<p>Sorunsuz Kesintisiz G\u00fc\u00e7 Kayna\u011f\u0131 (UPS) \u0130\u015flevi: &lt;20ms h\u0131zl\u0131 ge\u00e7i\u015f ile kritik cihazlar (\u00f6rne\u011fin buzdolaplar\u0131, internet, bilgisayarlar) i\u00e7in kesintisiz g\u00fc\u00e7 sa\u011flar.<\/p>\n<p>Se\u00e7ilebilir Off-Grid\/\u015eebeke Ba\u011flant\u0131l\u0131 Modlar: \u00c7e\u015fitli senaryolara uyum sa\u011flar, \u015febeke ba\u011fl\u0131 enerji tasarrufu ve ba\u011f\u0131ms\u0131z off-grid i\u015fletimi aras\u0131nda kolayca ge\u00e7i\u015f yapar.<\/p>\n<p>Askeri Standart G\u00fcvenlik, Endi\u015fe Etmeden Koruma<\/p>\n<p>Otomotiv s\u0131n\u0131f\u0131 lityum demir fosfat (LiFePO\u2084) h\u00fccreler: Do\u011fal olarak g\u00fcvenli, ola\u011fan\u00fcst\u00fc d\u00f6ng\u00fc \u00f6mr\u00fcne sahiptir (\u22656000 d\u00f6ng\u00fc @ 80% DoD).<\/p>\n<p>Yedi katmanl\u0131 ak\u0131ll\u0131 koruma sistemi: Entegre ak\u0131ll\u0131 BMS (Batarya Y\u00f6netim Sistemi) ve EMS (Enerji Y\u00f6netim Sistemi), a\u015f\u0131r\u0131 voltaj, d\u00fc\u015f\u00fck voltaj, a\u015f\u0131r\u0131 ak\u0131m, a\u015f\u0131r\u0131 s\u0131cakl\u0131k ve k\u0131sa devreye kar\u015f\u0131 kapsaml\u0131 koruma sa\u011flar.<\/p>\n<p>Gelece\u011fe y\u00f6nelik \u00f6l\u00e7eklenebilirlik i\u00e7in mod\u00fcler y\u0131\u011f\u0131nlama<\/p>\n<p>Esnek geni\u015fleme: Ayn\u0131 batarya mod\u00fcllerinin paralel istiflenmesini destekler, talep artt\u0131k\u00e7a kapasite y\u00fckseltmelerini zahmetsizce sa\u011flar ve ilk yat\u0131r\u0131ma zarar vermez.<\/p>\n<p>Uygulama Senaryolar\u0131<br \/>\nL\u00fcks konutlar ve villalar: Merkezi klima, yerden \u0131s\u0131tma, y\u00fczme havuzlar\u0131 ve benzeri olanaklara sahip y\u00fcksek elektrik talebine sahip haneler i\u00e7in ana g\u00fc\u00e7 kayna\u011f\u0131 olarak hizmet eder.<\/p>\n<p>K\u00fc\u00e7\u00fck ticari alanlar ve st\u00fcdyolar: Kafe, market ve st\u00fcdyolar i\u00e7in yedek g\u00fc\u00e7 ve pik-\u015febeke d\u0131\u015f\u0131 elektrik y\u00f6netim arac\u0131 olarak i\u015flev g\u00f6r\u00fcr, i\u015fletme maliyetlerini azalt\u0131r.<\/p>\n<p>Acil Durum Haz\u0131rl\u0131\u011f\u0131 &amp; \u015eebeke D\u0131\u015f\u0131 Ya\u015fam: Do\u011fal afetler, saha operasyonlar\u0131 ve karavan seyahatleri i\u00e7in en iyi enerji \u00e7\u00f6z\u00fcm\u00fcd\u00fcr.<\/p>\n<p>Fotovoltaik + Enerji Depolama Sistemi: G\u00fcne\u015f enerjisi kurulumlar\u0131yla sorunsuz entegrasyon sa\u011flayarak ola\u011fan\u00fcst\u00fc enerji ba\u011f\u0131ms\u0131zl\u0131\u011f\u0131 elde eder, s\u0131f\u0131r elektrik faturas\u0131 potansiyeline ula\u015fabilir.<\/p>\n<p>HS-BG51305 yaln\u0131zca bir \u00fcr\u00fcn versiyonu de\u011fil, ayn\u0131 zamanda ev enerji merkezleri i\u00e7in bir performans k\u0131stas\u0131n\u0131 temsil eder. B\u00fcy\u00fck kapasite ve \u00fcst\u00fcn g\u00fc\u00e7 \u00e7\u0131k\u0131\u015f\u0131n\u0131 sorunsuz \u015fekilde entegre ederek, ev depolama \u00e7\u00f6z\u00fcmlerinin potansiyelini yeniden tan\u0131mlar ve kullan\u0131c\u0131lar\u0131n en y\u00fcksek performans, kapsaml\u0131 koruma ve ak\u0131ll\u0131 ya\u015fam aray\u0131\u015f\u0131na en uygun se\u00e7ene\u011fi sunar.<\/p>\n<\/div>\n<div data-spm-anchor-id=\"a2700.pc-decorate.0.i5.5d033333Lu9Prj\"><strong>\u015eirket Profili <\/strong><\/div>\n<div data-spm-anchor-id=\"a2700.pc-decorate.0.i5.5d033333Lu9Prj\"><\/div>\n<div data-spm-anchor-id=\"a2700.pc-decorate.0.i5.5d033333Lu9Prj\">\n<p><strong><span data-spm-anchor-id=\"a2700.pc-decorate.0.i21.5d033333Lu9Prj\">Haisic Battery 2011 y\u0131l\u0131nda kuruldu, Shenzhen Haisic Technology Co., Ltd. enerji depolama \u00fcr\u00fcnlerinin Ar-Ge ve \u00fcretimine adanm\u0131\u015f ulusal bir y\u00fcksek teknoloji i\u015fletmesidir; LiFePO4 pil paketleri, ticari ve end\u00fcstriyel enerji depolama, daire i\u00e7i enerji depolama, ta\u015f\u0131nabilir g\u00fc\u00e7 istasyonu\/g\u00fcne\u015f jenerat\u00f6r\u00fc, g\u00fcne\u015f inverteri, forklift pil, RV\/manzaral\u0131 otob\u00fcs\/ golf arac\u0131 pil ve di\u011fer OEM\/ODM<\/span><\/strong><\/p>\n<div><\/div>\n<div><strong>12 y\u0131l\u0131 a\u015fk\u0131n s\u00fcredir bu alanda derinlemesine \u00e7al\u0131\u015fan Haisic Teknoloji, Ar-Ge, inovasyon, kalite kontrol ve y\u00f6netim konusunda derin deneyimler kazanm\u0131\u015ft\u0131r. \u00dcr\u00fcnlerimiz ev enerji depolama, end\u00fcstriyel enerji depolama, ticari enerji depolama, g\u00fc\u00e7 ileti\u015fimi, medikal elektronik, g\u00fcvenlik ileti\u015fimi, ula\u015f\u0131m ve lojistik, yeni enerji g\u00fcc\u00fc, ak\u0131ll\u0131 ev ve di\u011fer ilgili alanlarda kullan\u0131lmaktad\u0131r. <\/strong><\/div>\n<div><strong>\u00a0<\/strong><\/div>\n<div><strong>We have owned our own production base covering more than 14000m located in Dapeng district of Shenzhen with ISO9001, ISO14001, IS045001 and Amfori BSCI, and our products are with CE, FCC, TUV-UL2054, CQC,RoHs, PSE,MSDS, UN38.3 certificates. We\u2019ve already provided safe, stable, environmentallyfriendly, high-quality products and professional OEM\/ODM services to customers in more than 80 countries and regions. <\/strong><\/div>\n<div><\/div>\n<div><\/div>\n<div><\/div>\n<div><strong>SSS <\/strong><\/div>\n<div><strong><span data-spm-anchor-id=\"a2700.pc-decorate.0.i33.5d033333Lu9Prj\">1. Lityum pillerin \u00f6zelli\u011fi nedir?<\/span><\/strong><\/div>\n<div>\n<p><span data-spm-anchor-id=\"a2700.pc-decorate.0.i33.5d033333Lu9Prj\">C: Y\u00fcksek enerji yo\u011funlu\u011fu ile 460-600Wh\/kg'a ula\u015fm\u0131\u015ft\u0131r, bu da kur\u015fun-asit pillerin yakla\u015f\u0131k 6-7 kat\u0131d\u0131r. Uzun hizmet \u00f6mr\u00fc, kullan\u0131m \u00f6mr\u00fc 6 y\u0131ldan fazla olabilir. Hafif a\u011f\u0131rl\u0131k, a\u011f\u0131rl\u0131k ayn\u0131 hacimdeki kur\u015fun-asit \u00fcr\u00fcn\u00fcn yakla\u015f\u0131k 1\/5-6's\u0131d\u0131r.<\/span><\/p>\n<p>&nbsp;<\/p>\n<div data-spm-anchor-id=\"a2700.pc-decorate.0.i34.5d033333Lu9Prj\"><strong>2. Lityum pil ne i\u00e7in kullan\u0131l\u0131r?<br \/>\n<\/strong>A: Lityum pil g\u00fc\u00e7 ve enerji depolama i\u00e7in kullan\u0131l\u0131r. Acil g\u00fc\u00e7 yedeklemesi veya UPS gibi. G\u00fcvenilir elektrik ve rekreasyonel ara\u00e7 g\u00fcc\u00fc, golf arabas\u0131, g\u00fcvenilir ve hafif marin, g\u00fcne\u015f enerjisi depolama, g\u00fcne\u015f evi, k\u00fc\u00e7\u00fck i\u015fleme fabrikas\u0131, uzaktan konumlarda g\u00f6zetim veya alarm sistemleri.3.Boyalar\u0131n\u0131z g\u00fcvenli mi? A: Pilimiz g\u00fcvenli. T\u00fcm Zwayn piller, LiFePO4 katot ve yerle\u015fik Pil Y\u00f6netim Sistemi (BMS) dahil olmak \u00fczere en g\u00fcvenli ve en kararl\u0131 bile\u015fenleri kullan\u0131r. BMS h\u00fccreleri a\u015f\u0131r\u0131 y\u00fcksek veya d\u00fc\u015f\u00fck voltajlar, y\u00fcksek ak\u0131mlar, k\u0131sa devreler ve a\u015f\u0131r\u0131 \u0131s\u0131 veya so\u011fu\u011fa kar\u015f\u0131 korur. Bunlar pil ar\u0131zalar\u0131n\u0131n en yayg\u0131n nedenleridir ve t\u00fcm pillerimizde bu riskleri azaltmak i\u00e7in her t\u00fcrl\u00fc tedbir al\u0131nm\u0131\u015ft\u0131r.<br \/>\n<strong><br \/>\n4. Uygulamam i\u00e7in do\u011fru lityum derin d\u00f6ng\u00fcl\u00fc pili nas\u0131l se\u00e7erim?<br \/>\n<\/strong>C: \u00c7o\u011fu standart 12, 24 veya 48 volt sistemde, en iyi lityum pil se\u00e7imi LiFePO4't\u00fcr (Lityum Demir Fosfat\/<br \/>\nPo\u015fet\/Birincil pil h\u00fccresi). Bu tip pilin voltaj\u0131 bir AGM'ye \u00e7ok benzer ve kolayca<br \/>\nRV'niz, tekneniz, \u015febekeden ba\u011f\u0131ms\u0131z g\u00fc\u00e7 sisteminiz, g\u00fcne\u015f eviniz (TV, buzdolab\u0131, \u00e7ama\u015f\u0131r makinesi, klima<br \/>\nklima, su \u0131s\u0131t\u0131c\u0131s\u0131, mikrodalga f\u0131r\u0131n, ind\u00fcksiyonlu ocak, bula\u015f\u0131k makinesi, yaz\u0131c\u0131, bilgisayar), Telekom\u00fcnikasyon Kulesi, hibrit ve \u015febekeden ba\u011f\u0131ms\u0131z g\u00fcne\u015f enerjisi sistemi uygulamalar\u0131 i\u00e7in mevcut sistem bile\u015fenleriyle harika \u00e7al\u0131\u015facakt\u0131r. 5. Seri veya paralel olarak kullan\u0131labilir mi?<\/p>\n<p>C: Evet efendim, kullan\u0131m i\u00e7in paralel ba\u011flant\u0131da maksimum 15'i destekleyebilir, Maksimum 150kwh depolama kutusu.<br \/>\n<strong><br \/>\n6. Bu pil paketi invert\u00f6r\u00fcmle uyumlu olabilir mi? Uyumlu invert\u00f6rlerin bir \u015firket listesi var m\u0131?<br \/>\n<\/strong>A:Yes sir, our battery pack can compatible with most brand of inverter on the market, such as Deye, MUST, SMA, Growatt, Solax,Solis, Sungrow, Sofar, Voltronic, Sorotec, Studer, etc.<\/p>\n<\/div>\n<div data-spm-anchor-id=\"a2700.pc-decorate.0.i34.5d033333Lu9Prj\"><\/div>\n<\/div>\n<\/div>","protected":false},"excerpt":{"rendered":"<p>HS-BG51305, g\u00fc\u00e7 \u00e7\u0131k\u0131\u015f\u0131nda b\u00fcy\u00fck bir s\u0131\u00e7rama sa\u011flayan, \u00f6nemli kapasitesiyle birlikte yeni nesil ak\u0131ll\u0131 entegre ev enerji depolama \u00e7\u00f6z\u00fcmlerini temsil eder. Y\u00fcksek performansl\u0131 lityum demir fosfat piller, \u00e7ift modlu y\u00fcksek verimli inverter ve yapay zeka destekli ak\u0131ll\u0131 enerji y\u00f6netim sistemi entegre edilmi\u015ftir. Modern evlere ve y\u00fcksek g\u00fc\u00e7l\u00fc uygulamalara daha sa\u011flam, esnek ve ak\u0131ll\u0131 enerji deste\u011fi sa\u011flamak \u00fczere tasarlanm\u0131\u015f olup, ev i\u00e7i enerji g\u00fcvenli\u011fini ve ekonomik verimlili\u011fi kapsaml\u0131 \u015fekilde korur.<\/p>","protected":false},"featured_media":1663,"template":"","meta":{"site-sidebar-layout":"default","site-content-layout":"","ast-site-content-layout":"default","site-content-style":"default","site-sidebar-style":"default","ast-global-header-display":"","ast-banner-title-visibility":"","ast-main-header-display":"","ast-hfb-above-header-display":"","ast-hfb-below-header-display":"","ast-hfb-mobile-header-display":"","site-post-title":"","ast-breadcrumbs-content":"","ast-featured-img":"","footer-sml-layout":"","ast-disable-related-posts":"","theme-transparent-header-meta":"default","adv-header-id-meta":"","stick-header-meta":"default","header-above-stick-meta":"","header-main-stick-meta":"","header-below-stick-meta":"","astra-migrate-meta-layouts":"set","ast-page-background-enabled":"default","ast-page-background-meta":{"desktop":{"background-color":"var(--ast-global-color-4)","background-image":"","background-repeat":"repeat","background-position":"center center","background-size":"auto","background-attachment":"scroll","background-type":"","background-media":"","overlay-type":"","overlay-color":"","overlay-opacity":"","overlay-gradient":""},"tablet":{"background-color":"","background-image":"","background-repeat":"repeat","background-position":"center center","background-size":"auto","background-attachment":"scroll","background-type":"","background-media":"","overlay-type":"","overlay-color":"","overlay-opacity":"","overlay-gradient":""},"mobile":{"background-color":"","background-image":"","background-repeat":"repeat","background-position":"center center","background-size":"auto","background-attachment":"scroll","background-type":"","background-media":"","overlay-type":"","overlay-color":"","overlay-opacity":"","overlay-gradient":""}},"ast-content-background-meta":{"desktop":{"background-color":"var(--ast-global-color-5)","background-image":"","background-repeat":"repeat","background-position":"center center","background-size":"auto","background-attachment":"scroll","background-type":"","background-media":"","overlay-type":"","overlay-color":"","overlay-opacity":"","overlay-gradient":""},"tablet":{"background-color":"var(--ast-global-color-5)","background-image":"","background-repeat":"repeat","background-position":"center center","background-size":"auto","background-attachment":"scroll","background-type":"","background-media":"","overlay-type":"","overlay-color":"","overlay-opacity":"","overlay-gradient":""},"mobile":{"background-color":"var(--ast-global-color-5)","background-image":"","background-repeat":"repeat","background-position":"center center","background-size":"auto","background-attachment":"scroll","background-type":"","background-media":"","overlay-type":"","overlay-color":"","overlay-opacity":"","overlay-gradient":""}}},"product_brand":[],"product_cat":[47,56,50],"product_tag":[],"class_list":{"0":"post-1667","1":"product","2":"type-product","3":"status-publish","4":"has-post-thumbnail","6":"product_cat-residetial-ess","7":"product_cat-energy-storage-battery-system","8":"product_cat-floor-standing-ess","9":"desktop-align-left","10":"tablet-align-left","11":"mobile-align-left","12":"ast-product-gallery-layout-horizontal-slider","13":"ast-product-tabs-layout-horizontal","15":"first","16":"instock","17":"shipping-taxable","18":"product-type-simple"},"_links":{"self":[{"href":"https:\/\/haisicstorage.com\/tr\/wp-json\/wp\/v2\/product\/1667","targetHints":{"allow":["GET"]}}],"collection":[{"href":"https:\/\/haisicstorage.com\/tr\/wp-json\/wp\/v2\/product"}],"about":[{"href":"https:\/\/haisicstorage.com\/tr\/wp-json\/wp\/v2\/types\/product"}],"version-history":[{"count":4,"href":"https:\/\/haisicstorage.com\/tr\/wp-json\/wp\/v2\/product\/1667\/revisions"}],"predecessor-version":[{"id":3503,"href":"https:\/\/haisicstorage.com\/tr\/wp-json\/wp\/v2\/product\/1667\/revisions\/3503"}],"wp:featuredmedia":[{"embeddable":true,"href":"https:\/\/haisicstorage.com\/tr\/wp-json\/wp\/v2\/media\/1663"}],"wp:attachment":[{"href":"https:\/\/haisicstorage.com\/tr\/wp-json\/wp\/v2\/media?parent=1667"}],"wp:term":[{"taxonomy":"product_brand","embeddable":true,"href":"https:\/\/haisicstorage.com\/tr\/wp-json\/wp\/v2\/product_brand?post=1667"},{"taxonomy":"product_cat","embeddable":true,"href":"https:\/\/haisicstorage.com\/tr\/wp-json\/wp\/v2\/product_cat?post=1667"},{"taxonomy":"product_tag","embeddable":true,"href":"https:\/\/haisicstorage.com\/tr\/wp-json\/wp\/v2\/product_tag?post=1667"}],"curies":[{"name":"wp","href":"https:\/\/api.w.org\/{rel}","templated":true}]}}