{"id":1656,"date":"2025-12-03T03:53:03","date_gmt":"2025-12-03T03:53:03","guid":{"rendered":"https:\/\/haisicstorage.com\/?post_type=product&#038;p=1656"},"modified":"2026-02-27T07:34:46","modified_gmt":"2026-02-27T07:34:46","slug":"10kwh-wall-mounted-home-energy-storage","status":"publish","type":"product","link":"https:\/\/haisicstorage.com\/tr\/10kwh-wall-mounted-home-energy-storage\/","title":{"rendered":"10Kwh duvara monte ev enerji depolama"},"content":{"rendered":"<p>Bu \u00fcr\u00fcn, y\u00fcksek g\u00fcvenlikli lityum demir fosfat (LiFePO\u2084) h\u00fccrelerle in\u015fa edilmi\u015f y\u00fcksek kapasiteli 51.2V 200Ah enerji depolama batarya sistemidir ve toplam enerji kapasitesi 10.24 kilowatt-saat (kWh) sa\u011flar. Temel tasar\u0131m felsefesi g\u00fcvenlik, dayan\u0131kl\u0131l\u0131k ve ak\u0131ll\u0131 y\u00f6netimi \u00f6n planda tutar, uzun vadeli, istikrarl\u0131 ve maliyet etkin enerji \u00e7\u00f6z\u00fcmleri arayan evler ve ticari ortamlar i\u00e7in idealdir\u2014geleneksel kur\u015fun-asit bataryalara m\u00fckemmel bir alternatif.<\/p>\n<p>Temel \u00d6zellikler<br \/>\nOla\u011fan\u00fcst\u00fc G\u00fcvenlik, Huzur \u0130\u00e7inde<\/p>\n<p>\u0130\u00e7sel G\u00fcvenli Malzeme: Lityum demir fosfat, ola\u011fan\u00fcst\u00fc termal stabilite g\u00f6sterir ve yang\u0131n ve patlama risklerini temel olarak ortadan kald\u0131r\u0131r.<\/p>\n<p>\u00c7ok Katmanl\u0131 Ak\u0131ll\u0131 Koruma: Entegre geli\u015fmi\u015f BMS y\u00f6netim sistemi, a\u015f\u0131r\u0131 \u015farj, a\u015f\u0131r\u0131 de\u015farj, a\u015f\u0131r\u0131 ak\u0131m, k\u0131sa devre ve s\u0131cakl\u0131k korumas\u0131 sa\u011flar.<\/p>\n<p>Sa\u011flam Yap\u0131sal Tasar\u0131m: \u0130\u00e7 destekli y\u00fcksek mukavemetli kasa, darbe ve \u015fok direncini sa\u011flar ve \u00e7e\u015fitli ortamlara uyum sa\u011flar.<\/p>\n<p>Ola\u011fan\u00fcst\u00fc \u00d6m\u00fcr, \u00d6nemli Yat\u0131r\u0131m Getirisi<\/p>\n<p>Geni\u015fletilmi\u015f D\u00f6ng\u00fc \u00d6mr\u00fc: Standart ko\u015fullarda 6.000'in \u00fczerinde d\u00f6ng\u00fc (80%+ kapasiteyi koruyarak) sa\u011flar ve tasar\u0131m \u00f6mr\u00fc 10-15 y\u0131ld\u0131r.<\/p>\n<p>D\u00fc\u015f\u00fck Toplam Sahip Olma Maliyeti: Kur\u015fun-asit bataryalara k\u0131yasla (yakla\u015f\u0131k 300-500 d\u00f6ng\u00fc), g\u00fcnl\u00fck kullan\u0131m maliyetlerini \u00f6nemli \u00f6l\u00e7\u00fcde azalt\u0131r ve uzun vadeli yat\u0131r\u0131m de\u011feri sunar.<\/p>\n<p>Y\u00fcksek Kapasite ve G\u00fc\u00e7, \u00c7ok Y\u00f6nl\u00fc Uygulamalar<\/p>\n<p>Bol Enerji Rezervi: 10.24kWh kapasite, acil durumlarda kritik ev y\u00fcklerini (ayd\u0131nlatma, buzdolab\u0131, y\u00f6nlendirici vb.) 24-48 saat boyunca s\u00fcrd\u00fcrebilir veya y\u00fcksek watt'l\u0131 cihazlar\u0131 (klima gibi) birka\u00e7 saat \u00e7al\u0131\u015ft\u0131rabilir.<\/p>\n<p>Sa\u011flam S\u00fcr\u00fc\u015f Yetene\u011fi: S\u00fcrekli 1C de\u015farj\u0131 (200A) destekler ve tepe g\u00fcc\u00fc 10kW'yi a\u015far, motorlu ekipmanlar\u0131 kolayca ba\u015flat\u0131r.<\/p>\n<p>Ak\u0131ll\u0131 ve Kullan\u0131\u015fl\u0131, Kolay Y\u00f6netim<\/p>\n<h2>Shenzhen Batarya 51.2V 200ah Batarya Lityum 10kWh Powerwall Ev Enerji Depolama \u0130\u00e7in<\/h2>\n<p>Shenzhen Battery Powerwall ile ev enerji depolamada en iyi \u00e7\u00f6z\u00fcm\u00fc ke\u015ffedin, evinizin enerji ba\u011f\u0131ms\u0131zl\u0131\u011f\u0131n\u0131 art\u0131rmak i\u00e7in tasarlanm\u0131\u015f sa\u011flam ve verimli bir sistem.<br \/>\nBu son teknoloji \u00fcr\u00fcn, geli\u015fmi\u015f teknolojiyi kullan\u0131c\u0131 dostu \u00f6zelliklerle birle\u015ftirir ve ye\u015fil enerji \u00e7\u00f6z\u00fcmlerini benimsemek isteyen evler i\u00e7in ideal bir se\u00e7imdir.<\/p>\n<div>51.2V 200ah LiFePO4 Batarya Anahtar \u00d6zellikleri<\/div>\n<div><strong>Y\u00fcksek Kapasiteli Depolama<\/strong>: 10kWh kapasite ile bu sistem, g\u00fcnl\u00fck enerji ihtiya\u00e7lar\u0131n\u0131z\u0131 kar\u015f\u0131lamak i\u00e7in yeterli g\u00fcc\u00fc sa\u011flar, \u015febekeye olan ba\u011f\u0131ml\u0131l\u0131\u011f\u0131n\u0131z\u0131 etkin \u015fekilde azalt\u0131r.<\/div>\n<div><strong>Uzun \u00d6m\u00fcr D\u00f6ng\u00fcs\u00fc<\/strong>: Dayan\u0131kl\u0131l\u0131k i\u00e7in tasarlanm\u0131\u015f olan batarya, 6000'in \u00fczerinde d\u00f6ng\u00fcye sahiptir ve uzun s\u00fcreli performans ve uygun maliyet sa\u011flar.<br \/>\n<strong>Geli\u015fmi\u015f BMS Teknolojisi<\/strong>: Ak\u0131ll\u0131 Batarya Y\u00f6netim Sistemi (BMS) ile donat\u0131lm\u0131\u015ft\u0131r, a\u015f\u0131r\u0131 \u015farj ve a\u015f\u0131r\u0131 \u0131s\u0131nmaya kar\u015f\u0131 koruma sa\u011flar, g\u00fcvenli\u011fi art\u0131r\u0131r ve batarya \u00f6mr\u00fcn\u00fc uzat\u0131r.<\/div>\n<div><\/div>\n<h3>Modern Evler \u0130\u00e7in Tasarland\u0131<\/h3>\n<div><strong>Kompakt ve \u015e\u0131k<\/strong>: Duvara monte tasar\u0131m\u0131 (718x450x1110MM) her eve alan kazand\u0131r\u0131r, hafif yap\u0131s\u0131 (120KG) ise kolay kurulum sa\u011flar.<\/div>\n<div><strong>Hava Ko\u015fullar\u0131na Dayan\u0131kl\u0131 ve G\u00fcvenli<\/strong>: IP55 koruma s\u0131n\u0131f\u0131 ile g\u00fc\u00e7 duvar\u0131 \u00e7evresel fakt\u00f6rlere dayanacak \u015fekilde tasarlanm\u0131\u015ft\u0131r, \u00e7e\u015fitli iklimlerde g\u00fcvenilir \u00e7al\u0131\u015fma sa\u011flar.<\/div>\n<div><strong>Ak\u0131ll\u0131 Ba\u011flant\u0131<\/strong>: RS485 ileti\u015fim portu sayesinde ev sistemleri ile sorunsuz entegrasyon, enerji kullan\u0131m\u0131n\u0131z\u0131n ak\u0131ll\u0131 y\u00f6netimini sa\u011flar.<\/div>\n<table border=\"1\">\n<tbody>\n<tr>\n<td>\n<div>Nominal Gerilim<\/div>\n<\/td>\n<td>51.2V<\/td>\n<\/tr>\n<tr>\n<td>\n<div>Nominal Kapasite<\/div>\n<\/td>\n<td>200Ah<\/td>\n<\/tr>\n<tr>\n<td>\n<div>Nominal Enerji<\/div>\n<\/td>\n<td>sahip oldu\u011fu 10240Wh<\/td>\n<\/tr>\n<tr>\n<td>\n<div>Gerilim Aral\u0131\u011f\u0131<\/div>\n<\/td>\n<td>44.8-56V<\/td>\n<\/tr>\n<tr>\n<td>\n<div>\u015earj Gerilimi Aral\u0131\u011f\u0131<\/div>\n<\/td>\n<td>56-57.6V<\/td>\n<\/tr>\n<tr>\n<td>\n<div>Kesme Gerilimi<\/div>\n<\/td>\n<td>44.8V<\/td>\n<\/tr>\n<tr>\n<td>\n<div>\n<div>Tavsiye Edilen \u015earj Ak\u0131m\u0131<\/div>\n<\/div>\n<\/td>\n<td>100A<\/td>\n<\/tr>\n<tr>\n<td>\n<div>\n<div>Maksimum \u015earj Ak\u0131m\u0131<\/div>\n<\/div>\n<\/td>\n<td>200A<\/td>\n<\/tr>\n<tr>\n<td>\n<div>\n<div>Maksimum De\u015farj Ak\u0131m\u0131<\/div>\n<\/div>\n<\/td>\n<td>200A<\/td>\n<\/tr>\n<tr>\n<td>\n<div>\n<div>BoyutU*G*Y<\/div>\n<\/div>\n<\/td>\n<td>\n<div>418*228*670(Taban olmadan)<\/div>\n<\/td>\n<\/tr>\n<tr>\n<td>\n<div>\n<div>A\u011f\u0131rl\u0131k<\/div>\n<\/div>\n<\/td>\n<td>84.3KG<\/td>\n<\/tr>\n<tr>\n<td>\n<div>\n<div>\u0130leti\u015fim Portu<\/div>\n<\/div>\n<\/td>\n<td>\n<div>RS485, CAN<\/div>\n<\/td>\n<\/tr>\n<tr>\n<td>\n<div>\n<div>\n<div>Ekran<\/div>\n<\/div>\n<\/div>\n<\/td>\n<td>\n<div>LED+LCD<\/div>\n<\/td>\n<\/tr>\n<tr>\n<td>\n<div>\n<div>\n<div>Terminal<\/div>\n<\/div>\n<\/div>\n<\/td>\n<td>\n<div>Eklenti<\/div>\n<\/td>\n<\/tr>\n<tr>\n<td>\n<div>\n<div>\n<div>D\u00f6ng\u00fc \u00d6mr\u00fc<\/div>\n<\/div>\n<\/div>\n<\/td>\n<td>\n<div>\uff1e6000 (0.5C @ 25\u2103\uff0c80% DOD)<\/div>\n<\/td>\n<\/tr>\n<tr>\n<td>\n<div>\n<div>\n<div>\n<div>Uyumlu inverter<\/div>\n<\/div>\n<\/div>\n<\/div>\n<\/td>\n<td>\n<div>Growatt, Goodwe, Sol-Ark, SRNE, DEYE<\/div>\n<\/td>\n<\/tr>\n<tr>\n<td>\n<div>\n<div>\n<div>\n<div>Sertifika<\/div>\n<\/div>\n<\/div>\n<\/div>\n<\/td>\n<td>\n<div>CE, FCC, RoHs, MSDS, UN38.3<\/div>\n<\/td>\n<\/tr>\n<\/tbody>\n<\/table>\n<h2><\/h2>\n<div>\u00c7evresel Etki ve G\u00fcvenlik<\/div>\n<div><strong>\u00c7evre Dostu Teknoloji<\/strong>: LiFePO4 teknolojisi kullan\u0131larak \u00fcretilmi\u015f g\u00fc\u00e7 duvar\u0131, sadece verimli de\u011fil ayn\u0131 zamanda \u00e7evre a\u00e7\u0131s\u0131ndan g\u00fcvenlidir, karbon ayak izinizi azalt\u0131r.<br \/>\n<strong>Sertifikal\u0131 ve G\u00fcvenilir<\/strong>: CE, RoHS, UN38.3 ve MSDS sertifikalar\u0131na uygunluk, kalite ve g\u00fcvenlik standartlar\u0131n\u0131n kar\u015f\u0131land\u0131\u011f\u0131n\u0131 garanti eder, size g\u00fcven verir.<\/div>","protected":false},"excerpt":{"rendered":"<p>51.2V 200Ah Lityum Demir Fosfat Enerji Depolama Bataryas\u0131<\/p>\n<p>10.24kWh Uzun \u00d6m\u00fcrl\u00fc Enerji Depolama Sistemi | Evler ve \u0130\u015fletmeler i\u00e7in G\u00fcvenli ve G\u00fcvenilir Enerji \u00d6zg\u00fcrl\u00fc\u011f\u00fc Sa\u011flar<\/p>","protected":false},"featured_media":3493,"template":"","meta":{"site-sidebar-layout":"default","site-content-layout":"","ast-site-content-layout":"default","site-content-style":"default","site-sidebar-style":"default","ast-global-header-display":"","ast-banner-title-visibility":"","ast-main-header-display":"","ast-hfb-above-header-display":"","ast-hfb-below-header-display":"","ast-hfb-mobile-header-display":"","site-post-title":"","ast-breadcrumbs-content":"","ast-featured-img":"","footer-sml-layout":"","ast-disable-related-posts":"","theme-transparent-header-meta":"default","adv-header-id-meta":"","stick-header-meta":"default","header-above-stick-meta":"","header-main-stick-meta":"","header-below-stick-meta":"","astra-migrate-meta-layouts":"set","ast-page-background-enabled":"default","ast-page-background-meta":{"desktop":{"background-color":"var(--ast-global-color-4)","background-image":"","background-repeat":"repeat","background-position":"center center","background-size":"auto","background-attachment":"scroll","background-type":"","background-media":"","overlay-type":"","overlay-color":"","overlay-opacity":"","overlay-gradient":""},"tablet":{"background-color":"","background-image":"","background-repeat":"repeat","background-position":"center center","background-size":"auto","background-attachment":"scroll","background-type":"","background-media":"","overlay-type":"","overlay-color":"","overlay-opacity":"","overlay-gradient":""},"mobile":{"background-color":"","background-image":"","background-repeat":"repeat","background-position":"center center","background-size":"auto","background-attachment":"scroll","background-type":"","background-media":"","overlay-type":"","overlay-color":"","overlay-opacity":"","overlay-gradient":""}},"ast-content-background-meta":{"desktop":{"background-color":"var(--ast-global-color-5)","background-image":"","background-repeat":"repeat","background-position":"center center","background-size":"auto","background-attachment":"scroll","background-type":"","background-media":"","overlay-type":"","overlay-color":"","overlay-opacity":"","overlay-gradient":""},"tablet":{"background-color":"var(--ast-global-color-5)","background-image":"","background-repeat":"repeat","background-position":"center center","background-size":"auto","background-attachment":"scroll","background-type":"","background-media":"","overlay-type":"","overlay-color":"","overlay-opacity":"","overlay-gradient":""},"mobile":{"background-color":"var(--ast-global-color-5)","background-image":"","background-repeat":"repeat","background-position":"center center","background-size":"auto","background-attachment":"scroll","background-type":"","background-media":"","overlay-type":"","overlay-color":"","overlay-opacity":"","overlay-gradient":""}}},"product_brand":[],"product_cat":[56,47,49],"product_tag":[],"class_list":{"0":"post-1656","1":"product","2":"type-product","3":"status-publish","4":"has-post-thumbnail","6":"product_cat-energy-storage-battery-system","7":"product_cat-residetial-ess","8":"product_cat-wall-mounted-ess","9":"desktop-align-left","10":"tablet-align-left","11":"mobile-align-left","12":"ast-product-gallery-layout-horizontal-slider","13":"ast-product-tabs-layout-horizontal","15":"first","16":"instock","17":"shipping-taxable","18":"purchasable","19":"product-type-simple"},"_links":{"self":[{"href":"https:\/\/haisicstorage.com\/tr\/wp-json\/wp\/v2\/product\/1656","targetHints":{"allow":["GET"]}}],"collection":[{"href":"https:\/\/haisicstorage.com\/tr\/wp-json\/wp\/v2\/product"}],"about":[{"href":"https:\/\/haisicstorage.com\/tr\/wp-json\/wp\/v2\/types\/product"}],"version-history":[{"count":4,"href":"https:\/\/haisicstorage.com\/tr\/wp-json\/wp\/v2\/product\/1656\/revisions"}],"predecessor-version":[{"id":3507,"href":"https:\/\/haisicstorage.com\/tr\/wp-json\/wp\/v2\/product\/1656\/revisions\/3507"}],"wp:featuredmedia":[{"embeddable":true,"href":"https:\/\/haisicstorage.com\/tr\/wp-json\/wp\/v2\/media\/3493"}],"wp:attachment":[{"href":"https:\/\/haisicstorage.com\/tr\/wp-json\/wp\/v2\/media?parent=1656"}],"wp:term":[{"taxonomy":"product_brand","embeddable":true,"href":"https:\/\/haisicstorage.com\/tr\/wp-json\/wp\/v2\/product_brand?post=1656"},{"taxonomy":"product_cat","embeddable":true,"href":"https:\/\/haisicstorage.com\/tr\/wp-json\/wp\/v2\/product_cat?post=1656"},{"taxonomy":"product_tag","embeddable":true,"href":"https:\/\/haisicstorage.com\/tr\/wp-json\/wp\/v2\/product_tag?post=1656"}],"curies":[{"name":"wp","href":"https:\/\/api.w.org\/{rel}","templated":true}]}}