{"id":1643,"date":"2025-12-03T03:43:19","date_gmt":"2025-12-03T03:43:19","guid":{"rendered":"https:\/\/haisicstorage.com\/?post_type=product&#038;p=1643"},"modified":"2026-02-27T07:39:51","modified_gmt":"2026-02-27T07:39:51","slug":"51-2v-100ah-powerwall-energy-storage","status":"publish","type":"product","link":"https:\/\/haisicstorage.com\/tr\/51-2v-100ah-powerwall-energy-storage\/","title":{"rendered":"5Kwh duvara monte ev Enerji Depolama"},"content":{"rendered":"<p>\u00dcr\u00fcn Genel Bak\u0131\u015f<br \/>\nHS-BG5000W-A6, y\u00fcksek verimli inverterler, ak\u0131ll\u0131 enerji depolama ve enerji y\u00f6netimini entegre eden yeni nesil konut enerji depolama \u00e7\u00f6z\u00fcm\u00fcd\u00fcr. Kullan\u0131c\u0131lara g\u00fcvenli, istikrarl\u0131 ve ekonomik t\u00fcm hava ko\u015fullar\u0131nda g\u00fc\u00e7 garantisi sa\u011flar ve ev enerjisi ba\u011f\u0131ms\u0131zl\u0131\u011f\u0131 elde etmek i\u00e7in temel ekipman olarak hizmet eder.<\/p>\n<p>\u00c7ekirdek Avantajlar<br \/>\n1. Y\u00fcksek Entegre, Alan Tasarrufu Sa\u011flayan Tasar\u0131m<\/p>\n<p>Duvara monte\/zemin ayakl\u0131 \u00e7ift ama\u00e7l\u0131 kurulum, 0.5\u33a1'den az alan kaplar<\/p>\n<p>Minimalist end\u00fcstriyel estetik, modern ev ortamlar\u0131yla sorunsuz uyum sa\u011flar<\/p>\n<p>2. Uzun Vadeli G\u00fcvenlik, G\u00fcvenilir Dayan\u0131kl\u0131l\u0131k<br \/>\nBatarya Sistemi:<\/p>\n<p>Otomotiv s\u0131n\u0131f\u0131 lityum demir fosfat h\u00fccreler, &gt;6000 d\u00f6ng\u00fc \u00f6mr\u00fc ile<\/p>\n<p>Ak\u0131ll\u0131 s\u0131v\u0131 so\u011futma s\u0131cakl\u0131k kontrol\u00fc, \u00e7al\u0131\u015fma aral\u0131\u011f\u0131 -20\u00b0C ile 50\u00b0C aras\u0131nda<\/p>\n<p>Be\u015f seviyeli koruma mekanizmas\u0131 (a\u015f\u0131r\u0131 voltaj\/a\u015f\u0131r\u0131 d\u00fc\u015f\u00fck voltaj\/a\u015f\u0131r\u0131 ak\u0131m\/k\u0131sa devre\/a\u015f\u0131r\u0131 s\u0131cakl\u0131k)<\/p>\n<p>Sistem G\u00fcvenli\u011fi:<\/p>\n<p>IP65 koruma s\u0131n\u0131f\u0131, \u00e7e\u015fitli i\u00e7 ve d\u0131\u015f mekan ortamlar\u0131na uygun<\/p>\n<p><strong>Haisic 51.2V 100Ah Lifepo4 Battery \u2013 Revolutionize Your Home Energy Management<br \/>\n5kWh Powerwall ile G\u00fcc\u00fc ve Verimlili\u011fi Serbest B\u0131rak\u0131n<\/strong><\/p>\n<p>Haisic 5kWh Lifepo4 batarya ile ev enerji \u00e7\u00f6z\u00fcmlerinin en ileri seviyesini deneyimleyin,<br \/>\ng\u00fc\u00e7 kullan\u0131m\u0131n\u0131z\u0131 optimize etmek ve s\u00fcrd\u00fcr\u00fclebilirli\u011fi art\u0131rmak i\u00e7in tasarlanm\u0131\u015f premium enerji depolama sistemi.<br \/>\nBu son teknoloji batarya paketi, sadece daha \u00e7evreci bir ayak izi sa\u011flamaz, ayn\u0131 zamanda verimli enerji y\u00f6netimi sayesinde sa\u011flam bir yat\u0131r\u0131m getirisi de vaat eder.<\/p>\n<p>Optimize Edilen Enerji Kullan\u0131m\u0131: G\u00fcnl\u00fck kullan\u0131m al\u0131\u015fkanl\u0131klar\u0131na ve pik talep zamanlar\u0131na g\u00f6re enerji t\u00fcketiminizi otomatik olarak ayarlay\u0131n.<br \/>\nHibrit \u015eebeke Uyumlulu\u011fu: Hem \u015febeke d\u0131\u015f\u0131 hem de \u015febeke i\u00e7i sistemlerle sorunsuz entegrasyon sa\u011flar, elektrik kesintilerinde veya \u015febeke ar\u0131zalar\u0131nda g\u00fcvenilirlik ve esneklik sa\u011flar.<br \/>\nH\u0131zl\u0131 \u015earj \u00d6zelli\u011fi: Enerji depolar\u0131n\u0131 h\u0131zla tam kapasiteye doldurur, en \u00e7ok ihtiya\u00e7 duydu\u011funuz anda g\u00fc\u00e7 kayb\u0131 ya\u015famaman\u0131z\u0131 sa\u011flar.<\/p>\n<table border=\"1\">\n<tbody>\n<tr>\n<td>Nominal Gerilim<\/td>\n<td>51.2V<\/td>\n<\/tr>\n<tr>\n<td>Nominal Kapasite<\/td>\n<td>100Ah<\/td>\n<\/tr>\n<tr>\n<td>Nominal Enerji<\/td>\n<td>5120Wh<\/td>\n<\/tr>\n<tr>\n<td>Gerilim Aral\u0131\u011f\u0131<\/td>\n<td>44.8-56V<\/td>\n<\/tr>\n<tr>\n<td>\u015earj Gerilimi Aral\u0131\u011f\u0131<\/td>\n<td>55.2-56V<\/td>\n<\/tr>\n<tr>\n<td>Kesme Gerilimi<\/td>\n<td>44.8V<\/td>\n<\/tr>\n<tr>\n<td>Tavsiye Edilen \u015earj Ak\u0131m\u0131<\/td>\n<td>50A<\/td>\n<\/tr>\n<tr>\n<td>Maksimum \u015earj Ak\u0131m\u0131<\/td>\n<td>100A<\/td>\n<\/tr>\n<tr>\n<td>Maksimum De\u015farj Ak\u0131m\u0131<\/td>\n<td>100A<\/td>\n<\/tr>\n<tr>\n<td>\u0130leti\u015fim Portu<\/td>\n<td>\u00a0RS485, CAN<\/td>\n<\/tr>\n<tr>\n<td>Su ge\u00e7irmezlik derecesi<\/td>\n<td>IP20<\/td>\n<\/tr>\n<tr>\n<td>Terminal<\/td>\n<td>Eklenti<\/td>\n<\/tr>\n<tr>\n<td>Nem<\/td>\n<td>5-95% RH<\/td>\n<\/tr>\n<tr>\n<td>\u015earj S\u0131cakl\u0131k Aral\u0131\u011f\u0131<\/td>\n<td>0-45\u2103<\/td>\n<\/tr>\n<tr>\n<td>De\u015farj S\u0131cakl\u0131k Aral\u0131\u011f\u0131<\/td>\n<td>-20-60\u2103<\/td>\n<\/tr>\n<tr>\n<td>Depolama S\u0131cakl\u0131\u011f\u0131 Aral\u0131\u011f\u0131<\/td>\n<td>-20-45\u2103<\/td>\n<\/tr>\n<tr>\n<td>D\u00f6ng\u00fc \u00d6mr\u00fc<\/td>\n<td>\uff1e6000 \uff080.5C@ 25\u2103\uff0c80% DOD\uff09<\/td>\n<\/tr>\n<tr>\n<td>Uyumlu inverter<\/td>\n<td>Growatt, Goodwe, Sol-Ark, SRNE, DEYE, Luxpower, Megarevo<\/td>\n<\/tr>\n<\/tbody>\n<\/table>\n<p>Geli\u015fmi\u015f Teknik \u00d6zellikler<\/p>\n<p>Haisic Ev G\u00fc\u00e7 Duvar\u0131 Bataryas\u0131n\u0131n teknolojik g\u00fcc\u00fcne dal\u0131n, burada yenilik\u00e7ilik pratiklikle bulu\u015fuyor.<br \/>\nDuvara monte sistemimiz sadece alan tasarrufu sa\u011flamakla kalmaz, ayn\u0131 zamanda en y\u00fcksek g\u00fcvenlik ve performans standartlar\u0131na uygun olarak in\u015fa edilmi\u015ftir.<\/p>\n<p>Uzun \u00d6m\u00fcr D\u00f6ng\u00fcs\u00fc: 6000'in \u00fczerinde \u015farj ve de\u015farj d\u00f6ng\u00fcs\u00fc ile geleneksel batarya sistemlerini \u00f6nemli \u00f6l\u00e7\u00fcde geride b\u0131rak\u0131r.<br \/>\nAk\u0131ll\u0131 BMS Sistemi: H\u00fccre sa\u011fl\u0131\u011f\u0131n\u0131, voltaj\u0131 ve s\u0131cakl\u0131\u011f\u0131 izler ve y\u00f6netir, maksimum g\u00fcvenlik ve dayan\u0131kl\u0131l\u0131k sa\u011flar.<br \/>\nSa\u011flam Tasar\u0131m: 718x450x1110MM \u00f6l\u00e7\u00fclerinde \u015f\u0131k bir tasar\u0131m ve IP55 dayan\u0131kl\u0131l\u0131k s\u0131n\u0131f\u0131 ile \u00e7evresel de\u011fi\u015fkenlere dayanacak \u015fekilde tasarlanm\u0131\u015ft\u0131r.<\/p>\n<p>&nbsp;<\/p>\n<p>G\u00fcvenlik ve Sertifikasyon<\/p>\n<p>G\u00fcvenlik ve uyumlulu\u011fu \u00f6n planda tutan Haisic g\u00fc\u00e7 duvar\u0131, en y\u00fcksek sekt\u00f6r standartlar\u0131n\u0131 kar\u015f\u0131lamak \u00fczere titizlikle test edilmi\u015f ve sertifikaland\u0131r\u0131lm\u0131\u015ft\u0131r.<br \/>\nYerle\u015fik devre korumas\u0131, a\u015f\u0131r\u0131 \u015farj, a\u015f\u0131r\u0131 \u0131s\u0131nma ve k\u0131sa devreye kar\u015f\u0131 koruma sa\u011flar, ev enerji sisteminizin g\u00fcvenilirli\u011fini art\u0131r\u0131r.<\/p>\n<p>Kapsaml\u0131 Sertifikalar: CE, RoHS, UN38.3 ve MSDS onaylar\u0131, kalite ve g\u00fcvenli\u011fe olan ba\u011fl\u0131l\u0131\u011f\u0131m\u0131z\u0131 vurgular.<br \/>\n\u00c7evre Koruma: \u00c7evre dostu malzemelerle \u00fcretilmi\u015f batarya, karbon ayak izinizi azaltan s\u00fcrd\u00fcr\u00fclebilir bir \u00e7\u00f6z\u00fcm sunar.<\/p>\n<p>&nbsp;<\/p>\n<p>Esnek ve Kullan\u0131c\u0131 Dostu Entegrasyon<\/p>\n<p>RS485 \u0130leti\u015fim Portu: Mevcut ev enerji y\u00f6netim sistemleriyle kolay entegrasyon sa\u011flar.<br \/>\n\u00c7ok Ama\u00e7l\u0131 Uygulamalar: G\u00fcnl\u00fck ev aletlerinden daha talepkar g\u00fc\u00e7 yedekleme ihtiya\u00e7lar\u0131na kadar \u00e7e\u015fitli kullan\u0131mlar i\u00e7in idealdir.<\/p>\n<p>OEM\/ODM Hizmetleri: \u00d6zelle\u015ftirilebilir se\u00e7eneklerimizle sistemi belirli ihtiya\u00e7lara g\u00f6re uyarlay\u0131n.<br \/>\nBug\u00fcn Haisic 51.2V 100Ah Lifepo4 batarya ile ev enerji \u00e7\u00f6z\u00fcmlerinizi y\u00fckseltin ve enerji ba\u011f\u0131ms\u0131zl\u0131\u011f\u0131 ve s\u00fcrd\u00fcr\u00fclebilirlik yolunda \u00f6nemli bir ad\u0131m at\u0131n.<br \/>\nG\u00fcvenilir, verimli ve g\u00fcvenli g\u00fc\u00e7 depolama sistemi ile modern hanelerin benzersiz taleplerine uygun huzur i\u00e7inde ya\u015fay\u0131n.<\/p>","protected":false},"excerpt":{"rendered":"<p class=\"product-des\">HS-BG5000W-A6 Ak\u0131ll\u0131 Entegre Enerji Depolama Sistemi<\/p>","protected":false},"featured_media":3493,"template":"","meta":{"site-sidebar-layout":"default","site-content-layout":"","ast-site-content-layout":"default","site-content-style":"default","site-sidebar-style":"default","ast-global-header-display":"","ast-banner-title-visibility":"","ast-main-header-display":"","ast-hfb-above-header-display":"","ast-hfb-below-header-display":"","ast-hfb-mobile-header-display":"","site-post-title":"","ast-breadcrumbs-content":"","ast-featured-img":"","footer-sml-layout":"","ast-disable-related-posts":"","theme-transparent-header-meta":"default","adv-header-id-meta":"","stick-header-meta":"default","header-above-stick-meta":"","header-main-stick-meta":"","header-below-stick-meta":"","astra-migrate-meta-layouts":"set","ast-page-background-enabled":"default","ast-page-background-meta":{"desktop":{"background-color":"var(--ast-global-color-4)","background-image":"","background-repeat":"repeat","background-position":"center center","background-size":"auto","background-attachment":"scroll","background-type":"","background-media":"","overlay-type":"","overlay-color":"","overlay-opacity":"","overlay-gradient":""},"tablet":{"background-color":"","background-image":"","background-repeat":"repeat","background-position":"center center","background-size":"auto","background-attachment":"scroll","background-type":"","background-media":"","overlay-type":"","overlay-color":"","overlay-opacity":"","overlay-gradient":""},"mobile":{"background-color":"","background-image":"","background-repeat":"repeat","background-position":"center center","background-size":"auto","background-attachment":"scroll","background-type":"","background-media":"","overlay-type":"","overlay-color":"","overlay-opacity":"","overlay-gradient":""}},"ast-content-background-meta":{"desktop":{"background-color":"var(--ast-global-color-5)","background-image":"","background-repeat":"repeat","background-position":"center center","background-size":"auto","background-attachment":"scroll","background-type":"","background-media":"","overlay-type":"","overlay-color":"","overlay-opacity":"","overlay-gradient":""},"tablet":{"background-color":"var(--ast-global-color-5)","background-image":"","background-repeat":"repeat","background-position":"center center","background-size":"auto","background-attachment":"scroll","background-type":"","background-media":"","overlay-type":"","overlay-color":"","overlay-opacity":"","overlay-gradient":""},"mobile":{"background-color":"var(--ast-global-color-5)","background-image":"","background-repeat":"repeat","background-position":"center center","background-size":"auto","background-attachment":"scroll","background-type":"","background-media":"","overlay-type":"","overlay-color":"","overlay-opacity":"","overlay-gradient":""}}},"product_brand":[],"product_cat":[56,47,49],"product_tag":[],"class_list":{"0":"post-1643","1":"product","2":"type-product","3":"status-publish","4":"has-post-thumbnail","6":"product_cat-energy-storage-battery-system","7":"product_cat-residetial-ess","8":"product_cat-wall-mounted-ess","9":"desktop-align-left","10":"tablet-align-left","11":"mobile-align-left","12":"ast-product-gallery-layout-horizontal-slider","13":"ast-product-tabs-layout-horizontal","15":"first","16":"instock","17":"shipping-taxable","18":"purchasable","19":"product-type-simple"},"_links":{"self":[{"href":"https:\/\/haisicstorage.com\/tr\/wp-json\/wp\/v2\/product\/1643","targetHints":{"allow":["GET"]}}],"collection":[{"href":"https:\/\/haisicstorage.com\/tr\/wp-json\/wp\/v2\/product"}],"about":[{"href":"https:\/\/haisicstorage.com\/tr\/wp-json\/wp\/v2\/types\/product"}],"version-history":[{"count":6,"href":"https:\/\/haisicstorage.com\/tr\/wp-json\/wp\/v2\/product\/1643\/revisions"}],"predecessor-version":[{"id":3521,"href":"https:\/\/haisicstorage.com\/tr\/wp-json\/wp\/v2\/product\/1643\/revisions\/3521"}],"wp:featuredmedia":[{"embeddable":true,"href":"https:\/\/haisicstorage.com\/tr\/wp-json\/wp\/v2\/media\/3493"}],"wp:attachment":[{"href":"https:\/\/haisicstorage.com\/tr\/wp-json\/wp\/v2\/media?parent=1643"}],"wp:term":[{"taxonomy":"product_brand","embeddable":true,"href":"https:\/\/haisicstorage.com\/tr\/wp-json\/wp\/v2\/product_brand?post=1643"},{"taxonomy":"product_cat","embeddable":true,"href":"https:\/\/haisicstorage.com\/tr\/wp-json\/wp\/v2\/product_cat?post=1643"},{"taxonomy":"product_tag","embeddable":true,"href":"https:\/\/haisicstorage.com\/tr\/wp-json\/wp\/v2\/product_tag?post=1643"}],"curies":[{"name":"wp","href":"https:\/\/api.w.org\/{rel}","templated":true}]}}