{"id":1628,"date":"2025-12-03T02:47:37","date_gmt":"2025-12-03T02:47:37","guid":{"rendered":"https:\/\/haisicstorage.com\/?post_type=product&#038;p=1628"},"modified":"2026-02-27T07:39:35","modified_gmt":"2026-02-27T07:39:35","slug":"high-volt-stacked-30kwh","status":"publish","type":"product","link":"https:\/\/haisicstorage.com\/tr\/high-volt-stacked-30kwh\/","title":{"rendered":"Y\u00fcksek Voltajl\u0131 Y\u0131\u011f\u0131nl\u0131 30KWH"},"content":{"rendered":"<div class=\"row\">\n<div class=\"col-md-12 col-sm-12\">\n<div class=\"product-tabs\">\n<ul class=\"pro-details-tab\" role=\"tablist\">\n<li class=\"active\" role=\"presentation\">\n<h2>\u00dcr\u00fcn Detaylar\u0131<\/h2>\n<\/li>\n<\/ul>\n<div class=\"tab-content\">\n<div id=\"tab-desc\" class=\"tab-pane active\" role=\"tabpanel\">\n<div class=\"product-tab-desc\">\n<p>&nbsp;<\/p>\n<p>G\u00fcne\u015f bataryas\u0131 depolama (yayg\u0131n olarak g\u00fcne\u015f+depolama olarak adland\u0131r\u0131l\u0131r) h\u0131zla b\u00fcy\u00fcyen bir sekt\u00f6rd\u00fcr. G\u00fcne\u015f panellerinizi batarya depolama ile e\u015fle\u015ftirdi\u011finizde, g\u00fcne\u015f panelleriniz taraf\u0131ndan \u00fcretilen fazla elektri\u011fi depolayabilir, g\u00fcne\u015f enerjinizi kullanma ve bundan kar etme se\u00e7eneklerinizi geni\u015fletebilirsiniz. G\u00fcne\u015f bataryas\u0131 depolama, maliyetleri potansiyel olarak d\u00fc\u015f\u00fcrmek ve gelirinizi art\u0131rmak i\u00e7in elektrik \u015febekesine olan ba\u011f\u0131ml\u0131l\u0131\u011f\u0131 azaltman\u0131za olanak tan\u0131r.<\/p>\n<p>&nbsp;<\/p>\n<p><strong>T\u00fcrleri\u00a0<a href=\"https:\/\/www.haisicbattery.com\/products\/solar-energy-storage-batterylrydz\" target=\"_blank\" rel=\"noopener\">G\u00fcne\u015f Bataryalar\u0131<\/a><\/strong><\/p>\n<p>&nbsp;<\/p>\n<p>\u0130\u00e7in\u00a0<a href=\"https:\/\/www.haisicbattery.com\/products\/solar-energy-storage-batterylrydz\" target=\"_blank\" rel=\"noopener\">konut depolama<\/a>, kur\u015fun-asit bataryalar d\u00fc\u015f\u00fck maliyet, geri d\u00f6n\u00fc\u015f\u00fcm ve uzun raf \u00f6mr\u00fc gibi avantajlara sahiptir, az bak\u0131m gerektirirler, ancak a\u011f\u0131rd\u0131rlar ve \u015farj s\u00fcreleri uzundur. Lityum-iyon bataryalar daha h\u0131zl\u0131 \u015farj olur ve k\u00fctle ba\u015f\u0131na daha fazla enerji tutabilir, bu da onlar\u0131 g\u00fcn\u00fcm\u00fczde en \u00e7ok tercih edilen ev tipi g\u00fcne\u015f depolama sistemleri yapar, Solar Enerji End\u00fcstrileri Birli\u011fi'ne g\u00f6re.<\/p>\n<p>&nbsp;<\/p>\n<p>D\u00f6ng\u00fc \u00f6mr\u00fc, performans ve maliyetlerini dikkate ald\u0131\u011f\u0131n\u0131zda, lityum-iyon bataryalar en y\u00fcksek maliyet-fayda oran\u0131na sahiptir, bu oran teknolojinin geli\u015fmeye devam etmesi ve fiyatlar\u0131n d\u00fc\u015fmesiyle \u00f6n\u00fcm\u00fczdeki y\u0131llarda daha da artacakt\u0131r. 10% kalan k\u0131s\u0131m enerji depolama se\u00e7enekleri\u2014pompal\u0131 hidroelektrik, ak\u0131\u015f bataryalar\u0131, sodyum-\u015feker bataryalar\u0131, erimi\u015f tuzlar, flywheel'lar ve s\u0131k\u0131\u015ft\u0131r\u0131lm\u0131\u015f hava\u2014ise ev sahiplerinin \u00f6l\u00e7e\u011finin \u00e7ok d\u0131\u015f\u0131ndad\u0131r.<\/p>\n<p>&nbsp;<\/p>\n<p>Bir\u00e7ok di\u011fer batarya \u00f6zelli\u011fi de g\u00fcne\u015f+depolama sistemlerinin maliyet etkinli\u011fi ve kullan\u0131\u015fl\u0131l\u0131\u011f\u0131n\u0131 belirler.<\/p>\n<p>&nbsp;<\/p>\n<p><strong>Batarya parametreleri<\/strong><\/p>\n<p><strong><img decoding=\"async\" src=\"https:\/\/shopic.mcmcclass.com\/20221103140952390945648.jpg\" alt=\"30kw g\u00fcne\u015f enerjisi depolama bataryas\u0131\" \/><\/strong><\/p>\n<p>&nbsp;<\/p>\n<p><strong>G\u00fc\u00e7 ve Kapasite<\/strong><\/p>\n<p>\u0130ki benzer g\u00f6r\u00fcn\u00fcml\u00fc \u00f6l\u00e7\u00fcm\u2014kW ve kWh\u2014s\u0131ras\u0131yla bir bataryan\u0131n g\u00fc\u00e7 ve kapasite \u00f6l\u00e7\u00fcmleridir. Bir kilowatt, bir bataryan\u0131n herhangi bir zamanda sa\u011flayabilece\u011fi g\u00fc\u00e7 miktar\u0131d\u0131r, oysa bir kilowatt-saat, bataryan\u0131n depolayabilece\u011fi toplam enerji miktar\u0131d\u0131r.<\/p>\n<p>&nbsp;<\/p>\n<p><strong>Geri D\u00f6n\u00fc\u015f Verimlili\u011fi<\/strong><\/p>\n<p>Geri d\u00f6n\u00fc\u015f verimlili\u011fi, elektronlar\u0131n batarya i\u00e7ine ve d\u0131\u015f\u0131na transferi ve depolanmas\u0131 s\u0131ras\u0131nda ne kadar enerji kaybedildi\u011finin \u00f6l\u00e7\u00fcs\u00fcd\u00fcr. Kay\u0131p genellikle yakla\u015f\u0131k 'dir.<\/p>\n<p>&nbsp;<\/p>\n<p><strong>Batarya \u00d6mr\u00fc<\/strong><\/p>\n<p>&nbsp;<\/p>\n<p>Batarya \u00f6mr\u00fc, \u015farj ve de\u015farj d\u00f6ng\u00fcs\u00fc say\u0131s\u0131 ile \u00f6l\u00e7\u00fcl\u00fcr. Sonunda, bataryalar zamanla bozulur ve ayn\u0131 \u015farj seviyesini tutma yeteneklerini kaybederler.<\/p>\n<p>&nbsp;<\/p>\n<p><strong>\u0130nverter parametreleri<\/strong><\/p>\n<table border=\"0\" cellspacing=\"0\" cellpadding=\"0\">\n<colgroup>\n<col \/>\n<col \/><\/colgroup>\n<tbody>\n<tr>\n<td>Model<\/td>\n<td>R12KL1<\/td>\n<\/tr>\n<tr>\n<td colspan=\"2\">Giri\u015f (PV)<\/td>\n<\/tr>\n<tr>\n<td>Maks. g\u00fc\u00e7(kW)<\/td>\n<td>15.6<\/td>\n<\/tr>\n<tr>\n<td>Maks. DC gerilim(V)<\/td>\n<td>500<\/td>\n<\/tr>\n<tr>\n<td>MPPT gerilim aral\u0131\u011f\u0131(V)<\/td>\n<td>120~500<\/td>\n<\/tr>\n<tr>\n<td>Tek MPPT'nin Maks. giri\u015f ak\u0131m\u0131(A)<\/td>\n<td>12<\/td>\n<\/tr>\n<tr>\n<td>Maks. k\u0131sa devre ak\u0131m\u0131(A)<\/td>\n<td>15<\/td>\n<\/tr>\n<tr>\n<td colspan=\"2\">AC \u00e7\u0131k\u0131\u015f<\/td>\n<\/tr>\n<tr>\n<td>Nominal \u00e7\u0131k\u0131\u015f g\u00fcc\u00fc(kVA)<\/td>\n<td>12<\/td>\n<\/tr>\n<tr>\n<td>Maks. \u00e7\u0131k\u0131\u015f g\u00fcc\u00fc(kVA)<\/td>\n<td>13.2<\/td>\n<\/tr>\n<tr>\n<td>Maks. \u00e7\u0131k\u0131\u015f ak\u0131m\u0131(A)<\/td>\n<td>57.4<\/td>\n<\/tr>\n<tr>\n<td>AC \u00e7\u0131k\u0131\u015f gerilimi(V)<\/td>\n<td>220,230,240<\/td>\n<\/tr>\n<tr>\n<td>Frekans (Hz)<\/td>\n<td>50\/60\uff0845 ~ 55, 55 ~ 65\uff09<\/td>\n<\/tr>\n<tr>\n<td>PF<\/td>\n<td>0.8 geriye, 0.8 ileri<\/td>\n<\/tr>\n<tr>\n<td>THDi<\/td>\n<td>&lt; 2%<\/td>\n<\/tr>\n<tr>\n<td colspan=\"2\">Batarya<\/td>\n<\/tr>\n<tr>\n<td>Nominal gerilim (V)<\/td>\n<td>48<\/td>\n<\/tr>\n<tr>\n<td>Batarya gerilim aral\u0131\u011f\u0131 (V)<\/td>\n<td>40~60<\/td>\n<\/tr>\n<tr>\n<td>Maks. \u015farj\/de\u015farj ak\u0131m\u0131 (A)<\/td>\n<td>250\/250<\/td>\n<\/tr>\n<tr>\n<td>Pil tipi<\/td>\n<td>Lityum \/ Kur\u015fun-asit<\/td>\n<\/tr>\n<tr>\n<td>Li-\u0130on batarya i\u00e7in \u015farj stratejisi<\/td>\n<td>BMS'ye kendini uyarlama<\/td>\n<\/tr>\n<tr>\n<td colspan=\"2\">EPS \u00e7\u0131k\u0131\u015f\u0131<\/td>\n<\/tr>\n<tr>\n<td>Nominal g\u00fc\u00e7 (kVA)<\/td>\n<td>12<\/td>\n<\/tr>\n<tr>\n<td>Nominal \u00e7\u0131k\u0131\u015f gerilimi (V)<\/td>\n<td>220, 230 ,240<\/td>\n<\/tr>\n<tr>\n<td>Nominal frekans (Hz)<\/td>\n<td>50\/60<\/td>\n<\/tr>\n<tr>\n<td>THDu<\/td>\n<td>&lt; 2%<\/td>\n<\/tr>\n<tr>\n<td colspan=\"2\">Koruma<\/td>\n<\/tr>\n<tr>\n<td>Topraklama tespiti<\/td>\n<td>EVET<\/td>\n<\/tr>\n<tr>\n<td>Ark ar\u0131zas\u0131 korumas\u0131<\/td>\n<td>\u0130ste\u011fe ba\u011fl\u0131<\/td>\n<\/tr>\n<tr>\n<td>Ada korumas\u0131<\/td>\n<td>EVET<\/td>\n<\/tr>\n<tr>\n<td>Batarya ters polarite<\/td>\n<td>EVET<\/td>\n<\/tr>\n<tr>\n<td>\u0130zolasyon diren\u00e7 tespiti<\/td>\n<td>EVET<\/td>\n<\/tr>\n<tr>\n<td>Kalan ak\u0131m izleme \u00fcnitesi<\/td>\n<td>EVET<\/td>\n<\/tr>\n<tr>\n<td>\u00c7\u0131k\u0131\u015f a\u015f\u0131r\u0131 ak\u0131m korumas\u0131<\/td>\n<td>EVET<\/td>\n<\/tr>\n<tr>\n<td>Yedek \u00e7\u0131k\u0131\u015f k\u0131sa devre korumas\u0131<\/td>\n<td>EVET<\/td>\n<\/tr>\n<tr>\n<td>Terminal s\u0131cakl\u0131k tespiti<\/td>\n<td>EVET<\/td>\n<\/tr>\n<tr>\n<td>\u00c7\u0131k\u0131\u015f a\u015f\u0131r\u0131 gerilim\/az gerilim korumas\u0131<\/td>\n<td>EVET<\/td>\n<\/tr>\n<tr>\n<td colspan=\"2\">Genel veriler<\/td>\n<\/tr>\n<tr>\n<td>Avrupa verimlili\u011fi (PV)<\/td>\n<td>\u226597.8%<\/td>\n<\/tr>\n<tr>\n<td>Maks. batarya y\u00fck verimlili\u011fi<\/td>\n<td>\u226597.2%<\/td>\n<\/tr>\n<tr>\n<td>Suya dayan\u0131kl\u0131l\u0131k korumas\u0131<\/td>\n<td>IP65<\/td>\n<\/tr>\n<tr>\n<td>G\u00fcr\u00fclt\u00fc emisyonu(dB)<\/td>\n<td>&lt;38<\/td>\n<\/tr>\n<tr>\n<td>\u00c7al\u0131\u015fma s\u0131cakl\u0131\u011f\u0131<\/td>\n<td>-25\u2103 ~ 60\u2103<\/td>\n<\/tr>\n<tr>\n<td>So\u011futma<\/td>\n<td>Fan So\u011futma<\/td>\n<\/tr>\n<tr>\n<td>Ba\u011f\u0131l nem<\/td>\n<td>0 ~95% (kondensasyon yok)<\/td>\n<\/tr>\n<tr>\n<td>\u0130rtifa<\/td>\n<td>2.000m (&gt;2.000 Azaltma)<\/td>\n<\/tr>\n<tr>\n<td>Boyutlar G *D *Y (mm)<\/td>\n<td>430*220*710<\/td>\n<\/tr>\n<tr>\n<td>A\u011f\u0131rl\u0131k(kg)<\/td>\n<td>41<\/td>\n<\/tr>\n<tr>\n<td>Ekran<\/td>\n<td>LCD, Dokunmatik panel (opsiyonel)<\/td>\n<\/tr>\n<tr>\n<td>BMS\/\u00f6l\u00e7er\/EMS ile ileti\u015fim<\/td>\n<td>RS485, CAN<\/td>\n<\/tr>\n<tr>\n<td>\u0130leti\u015fim aray\u00fcz\u00fc<\/td>\n<td>RS485, WLAN, 4G (opsiyonel)<\/td>\n<\/tr>\n<tr>\n<td>Gece kendi t\u00fcketimi<\/td>\n<td>&lt; 2.5 W (batarya etkinle\u015ftirildi\u011finde &lt; 5 W)<\/td>\n<\/tr>\n<tr>\n<td>Sertifikalar<\/td>\n<td>T\u00fcrkiye NRS, IEC 62109-1\/-2, IEC 61000-6-1, IEC 61000-6-3<\/td>\n<\/tr>\n<\/tbody>\n<\/table>\n<p>&nbsp;<\/p>\n<p>&nbsp;<\/p>\n<\/div>\n<\/div>\n<\/div>\n<\/div>\n<\/div>\n<\/div>","protected":false},"excerpt":{"rendered":"<p>G\u00fcne\u015f bataryas\u0131 depolama (ayn\u0131 zamanda g\u00fcne\u015f+depolama olarak da bilinir) geli\u015fen bir sekt\u00f6rd\u00fcr. G\u00fcne\u015f panellerinizi batarya depolama ile birle\u015ftirdi\u011finizde, g\u00fcne\u015f panelleriniz taraf\u0131ndan \u00fcretilen fazla elektri\u011fi depolayabilir, g\u00fcne\u015f enerjinizi kullanma ve bundan kar etme se\u00e7eneklerinizi art\u0131rabilirsiniz. G\u00fcne\u015f bataryas\u0131 depolama, elektrik \u015febekesine olan ba\u011f\u0131ml\u0131l\u0131\u011f\u0131 azaltman\u0131za olanak tan\u0131r, maliyetleri d\u00fc\u015f\u00fcrebilir ve hatta gelirinizi art\u0131rabilir.<\/p>","protected":false},"featured_media":1631,"template":"","meta":{"site-sidebar-layout":"default","site-content-layout":"","ast-site-content-layout":"default","site-content-style":"default","site-sidebar-style":"default","ast-global-header-display":"","ast-banner-title-visibility":"","ast-main-header-display":"","ast-hfb-above-header-display":"","ast-hfb-below-header-display":"","ast-hfb-mobile-header-display":"","site-post-title":"","ast-breadcrumbs-content":"","ast-featured-img":"","footer-sml-layout":"","ast-disable-related-posts":"","theme-transparent-header-meta":"default","adv-header-id-meta":"","stick-header-meta":"default","header-above-stick-meta":"","header-main-stick-meta":"","header-below-stick-meta":"","astra-migrate-meta-layouts":"set","ast-page-background-enabled":"default","ast-page-background-meta":{"desktop":{"background-color":"var(--ast-global-color-4)","background-image":"","background-repeat":"repeat","background-position":"center center","background-size":"auto","background-attachment":"scroll","background-type":"","background-media":"","overlay-type":"","overlay-color":"","overlay-opacity":"","overlay-gradient":""},"tablet":{"background-color":"","background-image":"","background-repeat":"repeat","background-position":"center center","background-size":"auto","background-attachment":"scroll","background-type":"","background-media":"","overlay-type":"","overlay-color":"","overlay-opacity":"","overlay-gradient":""},"mobile":{"background-color":"","background-image":"","background-repeat":"repeat","background-position":"center center","background-size":"auto","background-attachment":"scroll","background-type":"","background-media":"","overlay-type":"","overlay-color":"","overlay-opacity":"","overlay-gradient":""}},"ast-content-background-meta":{"desktop":{"background-color":"var(--ast-global-color-5)","background-image":"","background-repeat":"repeat","background-position":"center center","background-size":"auto","background-attachment":"scroll","background-type":"","background-media":"","overlay-type":"","overlay-color":"","overlay-opacity":"","overlay-gradient":""},"tablet":{"background-color":"var(--ast-global-color-5)","background-image":"","background-repeat":"repeat","background-position":"center center","background-size":"auto","background-attachment":"scroll","background-type":"","background-media":"","overlay-type":"","overlay-color":"","overlay-opacity":"","overlay-gradient":""},"mobile":{"background-color":"var(--ast-global-color-5)","background-image":"","background-repeat":"repeat","background-position":"center center","background-size":"auto","background-attachment":"scroll","background-type":"","background-media":"","overlay-type":"","overlay-color":"","overlay-opacity":"","overlay-gradient":""}}},"product_brand":[],"product_cat":[47,56,45],"product_tag":[],"class_list":{"0":"post-1628","1":"product","2":"type-product","3":"status-publish","4":"has-post-thumbnail","6":"product_cat-residetial-ess","7":"product_cat-energy-storage-battery-system","8":"product_cat-rack-mounted-ess","9":"desktop-align-left","10":"tablet-align-left","11":"mobile-align-left","12":"ast-product-gallery-layout-horizontal-slider","13":"ast-product-tabs-layout-horizontal","15":"first","16":"instock","17":"shipping-taxable","18":"purchasable","19":"product-type-simple"},"_links":{"self":[{"href":"https:\/\/haisicstorage.com\/tr\/wp-json\/wp\/v2\/product\/1628","targetHints":{"allow":["GET"]}}],"collection":[{"href":"https:\/\/haisicstorage.com\/tr\/wp-json\/wp\/v2\/product"}],"about":[{"href":"https:\/\/haisicstorage.com\/tr\/wp-json\/wp\/v2\/types\/product"}],"version-history":[{"count":4,"href":"https:\/\/haisicstorage.com\/tr\/wp-json\/wp\/v2\/product\/1628\/revisions"}],"predecessor-version":[{"id":3520,"href":"https:\/\/haisicstorage.com\/tr\/wp-json\/wp\/v2\/product\/1628\/revisions\/3520"}],"wp:featuredmedia":[{"embeddable":true,"href":"https:\/\/haisicstorage.com\/tr\/wp-json\/wp\/v2\/media\/1631"}],"wp:attachment":[{"href":"https:\/\/haisicstorage.com\/tr\/wp-json\/wp\/v2\/media?parent=1628"}],"wp:term":[{"taxonomy":"product_brand","embeddable":true,"href":"https:\/\/haisicstorage.com\/tr\/wp-json\/wp\/v2\/product_brand?post=1628"},{"taxonomy":"product_cat","embeddable":true,"href":"https:\/\/haisicstorage.com\/tr\/wp-json\/wp\/v2\/product_cat?post=1628"},{"taxonomy":"product_tag","embeddable":true,"href":"https:\/\/haisicstorage.com\/tr\/wp-json\/wp\/v2\/product_tag?post=1628"}],"curies":[{"name":"wp","href":"https:\/\/api.w.org\/{rel}","templated":true}]}}