{"id":1625,"date":"2025-12-03T02:44:28","date_gmt":"2025-12-03T02:44:28","guid":{"rendered":"https:\/\/haisicstorage.com\/?post_type=product&#038;p=1625"},"modified":"2026-02-27T07:39:16","modified_gmt":"2026-02-27T07:39:16","slug":"low-volt-51-2v-9-5kwh-powerwall","status":"publish","type":"product","link":"https:\/\/haisicstorage.com\/tr\/low-volt-51-2v-9-5kwh-powerwall\/","title":{"rendered":"D\u00fc\u015f\u00fck Voltaj 51.2V 9.5KWH g\u00fc\u00e7 duvar\u0131"},"content":{"rendered":"<p><strong>Nedir\u00a0<a href=\"https:\/\/www.haisicbattery.com\/products\/solar-energy-storage-batterylrydz\" target=\"_blank\" rel=\"noopener\">ev batarya depolama<\/a>?<\/strong><\/p>\n<p>&nbsp;<\/p>\n<p>Bu\u00a0<a href=\"https:\/\/www.haisicbattery.com\/products\/solar-energy-storage-batterylrydz\" target=\"_blank\" rel=\"noopener\">enerji depolama bataryas\u0131<\/a>\u00a0g\u00fcne\u015f enerjisi, r\u00fczgar enerjisi veya yerel elektrik \u015febekesinden elektrik enerjisi depolamak i\u00e7in kullan\u0131l\u0131r. Genellikle elektrik enerjisi depolamak ve s\u0131kl\u0131kla bir\u00a0<a href=\"https:\/\/www.haisicbattery.com\/products\/solar-energy-storage-system\" target=\"_blank\" rel=\"noopener\">yedek g\u00fc\u00e7 kayna\u011f\u0131<\/a>\u00a0olarak kullan\u0131l\u0131r. Aileler, i\u015fletmeler ve \u00e7iftlikler i\u00e7in. Son y\u0131llarda, g\u00fcne\u015f enerjisi teknolojisinin s\u00fcrekli geli\u015fimiyle, enerji depolama bataryalar\u0131 evler i\u00e7in enerji ba\u011f\u0131ms\u0131zl\u0131\u011f\u0131 da sa\u011flayabilir.<\/p>\n<p>&nbsp;<\/p>\n<p><strong>Ev bataryas\u0131 depolama almak i\u00e7in izin gerekiyor mu?<\/strong><\/p>\n<p>Evet, \u00e7o\u011fu \u015fehir ve b\u00f6lgede, evinize enerji depolama bataryas\u0131 kurmak i\u00e7in lisans alman\u0131z gerekir. Daha fazla bilgi i\u00e7in, yerel ilgili kurumlara dan\u0131\u015f\u0131n\u0131z.<\/p>\n<p>&nbsp;<\/p>\n<p><strong>Nas\u0131l \u00e7al\u0131\u015f\u0131r\u00a0<a href=\"https:\/\/www.haisicbattery.com\/products\/solar-energy-storage-batterylrydz\/51-2v--10752wh-stacked-lfp-solar-energy-storage-battery-household-energy-storage-sytempazbw\" target=\"_blank\" rel=\"noopener\">ev enerji depolama sistemi<\/a>\u00a0?<\/strong><\/p>\n<p>Ev enerji depolama sistemleri, g\u00fcne\u015f panelleri veya \u015febekeye ba\u011fl\u0131 olarak elektrik al\u0131r. Ayn\u0131 anda ev y\u00fck\u00fc ve enerji depolama sistemi ba\u011fland\u0131\u011f\u0131nda, g\u00fcne\u015f enerjisi veya elektrik \u015febekesi \u00f6ncelikle ev y\u00fck\u00fcne g\u00fc\u00e7 sa\u011flar ve enerji depolama sistemi, yaln\u0131zca fazla g\u00fc\u00e7 oldu\u011funda \u015farj olur.<\/p>\n<p>Evde elektrik kesintisi oldu\u011funda, enerji depolama sistemi hemen elektrik kesintisini tan\u0131mlar ve otomatik olarak anahtar\u0131 de\u011fi\u015ftirerek enerji depolama bataryas\u0131n\u0131 kullanarak evi besler, manuel i\u015flem gerekmez.<\/p>\n<p><strong>Powerwall parametreleri<\/strong><\/p>\n<table border=\"0\" cellspacing=\"0\" cellpadding=\"0\">\n<colgroup>\n<col \/>\n<col \/><\/colgroup>\n<tbody>\n<tr>\n<td>Model<\/td>\n<td>HS-BG9500W<\/td>\n<\/tr>\n<tr>\n<td>Nominal Gerilim\uff08V\uff09<\/td>\n<td>51.2<\/td>\n<\/tr>\n<tr>\n<td>Nominal Kapasite\uff08Ah\uff09<\/td>\n<td>186<\/td>\n<\/tr>\n<tr>\n<td>De\u011ferlendirilmi\u015f Enerji\uff08Wh\uff09<\/td>\n<td>9523<\/td>\n<\/tr>\n<tr>\n<td>Gerilim Aral\u0131\u011f\u0131\uff08V\uff09<\/td>\n<td>44.8-56<\/td>\n<\/tr>\n<tr>\n<td>\u015earj Gerilimi Aral\u0131\u011f\u0131\uff08V\uff09<\/td>\n<td>55.2-56<\/td>\n<\/tr>\n<tr>\n<td>Kesme Gerilimi\uff08V\uff09<\/td>\n<td>44.8<\/td>\n<\/tr>\n<tr>\n<td>Tavsiye Edilen \u015earj Ak\u0131m\u0131\uff08A\uff09<\/td>\n<td>100<\/td>\n<\/tr>\n<tr>\n<td>Maksimum \u015earj Ak\u0131m\u0131\uff08A\uff09<\/td>\n<td>166<\/td>\n<\/tr>\n<tr>\n<td>Maksimum De\u015farj Ak\u0131m\u0131\uff08A\uff09<\/td>\n<td>166<\/td>\n<\/tr>\n<tr>\n<td>Boyutlar\uff1aUzunluk*Geni\u015flik*Y\u00fckseklik\uff08mm\uff09<\/td>\n<td>457*163*760<\/td>\n<\/tr>\n<tr>\n<td>A\u011f\u0131rl\u0131k\uff08kg\uff09<\/td>\n<td>70<\/td>\n<\/tr>\n<tr>\n<td>\u0130leti\u015fim Portu<\/td>\n<td>RS485, CAN<\/td>\n<\/tr>\n<tr>\n<td>Ekran<\/td>\n<td>LED+LCD<\/td>\n<\/tr>\n<tr>\n<td>Terminal<\/td>\n<td>Eklenti<\/td>\n<\/tr>\n<tr>\n<td>Uyumlu inverter<\/td>\n<td>Growatt, Goodwe, Sol-Ark, SRNE, DEYE<\/td>\n<\/tr>\n<tr>\n<td>Nem\uff08%\uff09<\/td>\n<td>5-95% RH<\/td>\n<\/tr>\n<tr>\n<td>\u015earj S\u0131cakl\u0131k Aral\u0131\u011f\u0131\uff08\u2103\uff09<\/td>\n<td>0-45<\/td>\n<\/tr>\n<tr>\n<td>De\u015farj S\u0131cakl\u0131k Aral\u0131\u011f\u0131\uff08\u2103\uff09<\/td>\n<td>-20-60<\/td>\n<\/tr>\n<tr>\n<td>Depolama S\u0131cakl\u0131k Aral\u0131\u011f\u0131\uff08\u2103\uff09<\/td>\n<td>-20-45<\/td>\n<\/tr>\n<tr>\n<td>D\u00f6ng\u00fc \u00d6mr\u00fc<\/td>\n<td>\uff1e6000 \uff080.5C@ 25\u2103\uff0c80% DOD\uff09<\/td>\n<\/tr>\n<tr>\n<td>Tasar\u0131m \u00d6mr\u00fc (Y\u0131l)<\/td>\n<td>15<\/td>\n<\/tr>\n<tr>\n<td>G\u00fcvenlik &amp; Sertifikasyon<\/td>\n<td>CE, EMC, TUV (IEC62619), UL1973<\/td>\n<\/tr>\n<tr>\n<td>Nakliye<\/td>\n<td>UN38.3<\/td>\n<\/tr>\n<\/tbody>\n<\/table>\n<p>&nbsp;<\/p>\n<p>&nbsp;<\/p>\n<p><strong>Bir ev bataryas\u0131 depolama ne kadar dayan\u0131r?<\/strong><\/p>\n<p>&nbsp;<\/p>\n<p>Enerji depolama bataryalar\u0131n\u0131n tan\u0131t\u0131m\u0131, \u00e7ok say\u0131da ev sahibinin ilgisini \u00e7ekti. Hepsi ilk enerji depolama bataryas\u0131n\u0131 se\u00e7erken bu sorunla kar\u015f\u0131la\u015fabilir. Ancak, enerji depolama bataryas\u0131n\u0131n pil \u00f6mr\u00fc bir\u00e7ok fakt\u00f6re ba\u011fl\u0131d\u0131r: pil kapasitesi, pil tipi, kullan\u0131m modu, ba\u011fl\u0131 cihaz say\u0131s\u0131 ve cihazlar\u0131n g\u00fcc\u00fc vb.<\/p>\n<p>&nbsp;<\/p>\n<p><strong>5 kWh depolama bataryas\u0131 olarak hesaplanm\u0131\u015ft\u0131r:<\/strong><\/p>\n<p>400W buzdolab\u0131 12.5 saat dayanabilir<\/p>\n<p>10W lamba 500 saat dayanabilir<\/p>\n<p>Televizyon izlemek yakla\u015f\u0131k 5 saat kesintisiz oynayabilir<\/p>\n<p>\u0130\u00e7 mekan klima so\u011futmas\u0131 6.25 saat<\/p>\n<p>&nbsp;<\/p>\n<p>Bir evin g\u00fcne\u015f enerjisi depolama bataryas\u0131yla donat\u0131lmas\u0131, elektrik kesintisi durumunda baz\u0131 \u00f6nemli temel cihazlar\u0131n \u00e7al\u0131\u015fmaya devam etmesini sa\u011flayabilir. \u00d6rne\u011fin, buzdolab\u0131ndaki yiyecekler taze tutulabilir ve cep telefonu her zaman tam \u015farjl\u0131 tutulabilir.<\/p>\n<p>&nbsp;<\/p>\n<p><strong>\u0130nverter parametreleri<\/strong><\/p>\n<table border=\"0\" cellspacing=\"0\" cellpadding=\"0\">\n<colgroup>\n<col \/>\n<col \/><\/colgroup>\n<tbody>\n<tr>\n<td>Model<\/td>\n<td>R8KL1<\/td>\n<\/tr>\n<tr>\n<td colspan=\"2\">Giri\u015f (PV)<\/td>\n<\/tr>\n<tr>\n<td>Maks. g\u00fc\u00e7(kW)<\/td>\n<td>12<\/td>\n<\/tr>\n<tr>\n<td>Maks. DC gerilim(V)<\/td>\n<td>500<\/td>\n<\/tr>\n<tr>\n<td>MPPT gerilim aral\u0131\u011f\u0131(V)<\/td>\n<td>120~500<\/td>\n<\/tr>\n<tr>\n<td>Tek MPPT'nin Maks. giri\u015f ak\u0131m\u0131(A)<\/td>\n<td>12<\/td>\n<\/tr>\n<tr>\n<td>Maks. k\u0131sa devre ak\u0131m\u0131(A)<\/td>\n<td>15<\/td>\n<\/tr>\n<tr>\n<td colspan=\"2\">AC \u00e7\u0131k\u0131\u015f<\/td>\n<\/tr>\n<tr>\n<td>Nominal \u00e7\u0131k\u0131\u015f g\u00fcc\u00fc(kVA)<\/td>\n<td>8<\/td>\n<\/tr>\n<tr>\n<td>Maks. \u00e7\u0131k\u0131\u015f g\u00fcc\u00fc(kVA)<\/td>\n<td>8.8<\/td>\n<\/tr>\n<tr>\n<td>Maks. \u00e7\u0131k\u0131\u015f ak\u0131m\u0131(A)<\/td>\n<td>38.3<\/td>\n<\/tr>\n<tr>\n<td>AC \u00e7\u0131k\u0131\u015f gerilimi(V)<\/td>\n<td>220,230,240<\/td>\n<\/tr>\n<tr>\n<td>Frekans (Hz)<\/td>\n<td>50\/60\uff0845 ~ 55, 55 ~ 65\uff09<\/td>\n<\/tr>\n<tr>\n<td>PF<\/td>\n<td>0.8 geriye, 0.8 ileri<\/td>\n<\/tr>\n<tr>\n<td>THDi<\/td>\n<td>&lt; 2%<\/td>\n<\/tr>\n<tr>\n<td colspan=\"2\">Batarya<\/td>\n<\/tr>\n<tr>\n<td>Nominal gerilim (V)<\/td>\n<td>48<\/td>\n<\/tr>\n<tr>\n<td>Batarya gerilim aral\u0131\u011f\u0131 (V)<\/td>\n<td>40~60<\/td>\n<\/tr>\n<tr>\n<td>Maks. \u015farj\/de\u015farj ak\u0131m\u0131 (A)<\/td>\n<td>190\/190<\/td>\n<\/tr>\n<tr>\n<td>Pil tipi<\/td>\n<td>Lityum \/ Kur\u015fun-asit<\/td>\n<\/tr>\n<tr>\n<td>Li-\u0130on batarya i\u00e7in \u015farj stratejisi<\/td>\n<td>BMS'ye kendini uyarlama<\/td>\n<\/tr>\n<tr>\n<td colspan=\"2\">EPS \u00e7\u0131k\u0131\u015f\u0131<\/td>\n<\/tr>\n<tr>\n<td>Nominal g\u00fc\u00e7 (kVA)<\/td>\n<td>8<\/td>\n<\/tr>\n<tr>\n<td>Nominal \u00e7\u0131k\u0131\u015f gerilimi (V)<\/td>\n<td>220, 230 ,240<\/td>\n<\/tr>\n<tr>\n<td>Nominal frekans (Hz)<\/td>\n<td>50\/60<\/td>\n<\/tr>\n<tr>\n<td>THDu<\/td>\n<td>&lt; 2%<\/td>\n<\/tr>\n<tr>\n<td colspan=\"2\">Koruma<\/td>\n<\/tr>\n<tr>\n<td>Topraklama tespiti<\/td>\n<td>EVET<\/td>\n<\/tr>\n<tr>\n<td>Ark ar\u0131zas\u0131 korumas\u0131<\/td>\n<td>\u0130ste\u011fe ba\u011fl\u0131<\/td>\n<\/tr>\n<tr>\n<td>Ada korumas\u0131<\/td>\n<td>EVET<\/td>\n<\/tr>\n<tr>\n<td>Batarya ters polarite<\/td>\n<td>EVET<\/td>\n<\/tr>\n<tr>\n<td>\u0130zolasyon diren\u00e7 tespiti<\/td>\n<td>EVET<\/td>\n<\/tr>\n<tr>\n<td>Kalan ak\u0131m izleme \u00fcnitesi<\/td>\n<td>EVET<\/td>\n<\/tr>\n<tr>\n<td>\u00c7\u0131k\u0131\u015f a\u015f\u0131r\u0131 ak\u0131m korumas\u0131<\/td>\n<td>EVET<\/td>\n<\/tr>\n<tr>\n<td>Yedek \u00e7\u0131k\u0131\u015f k\u0131sa devre korumas\u0131<\/td>\n<td>EVET<\/td>\n<\/tr>\n<tr>\n<td>Terminal s\u0131cakl\u0131k tespiti<\/td>\n<td>EVET<\/td>\n<\/tr>\n<tr>\n<td>\u00c7\u0131k\u0131\u015f a\u015f\u0131r\u0131 gerilim\/az gerilim korumas\u0131<\/td>\n<td>EVET<\/td>\n<\/tr>\n<tr>\n<td colspan=\"2\">Genel veriler<\/td>\n<\/tr>\n<tr>\n<td>Avrupa verimlili\u011fi (PV)<\/td>\n<td>\u226597.8%<\/td>\n<\/tr>\n<tr>\n<td>Maks. batarya y\u00fck verimlili\u011fi<\/td>\n<td>\u226597.2%<\/td>\n<\/tr>\n<tr>\n<td>Suya dayan\u0131kl\u0131l\u0131k korumas\u0131<\/td>\n<td>IP65<\/td>\n<\/tr>\n<tr>\n<td>G\u00fcr\u00fclt\u00fc emisyonu(dB)<\/td>\n<td>&lt;38<\/td>\n<\/tr>\n<tr>\n<td>\u00c7al\u0131\u015fma s\u0131cakl\u0131\u011f\u0131<\/td>\n<td>-25\u2103 ~ 60\u2103<\/td>\n<\/tr>\n<tr>\n<td>So\u011futma<\/td>\n<td>Fan So\u011futma<\/td>\n<\/tr>\n<tr>\n<td>Ba\u011f\u0131l nem<\/td>\n<td>0 ~95% (kondensasyon yok)<\/td>\n<\/tr>\n<tr>\n<td>\u0130rtifa<\/td>\n<td>2.000m (&gt;2.000 Azaltma)<\/td>\n<\/tr>\n<tr>\n<td>Boyutlar G *D *Y (mm)<\/td>\n<td>430*220*710<\/td>\n<\/tr>\n<tr>\n<td>A\u011f\u0131rl\u0131k(kg)<\/td>\n<td>41<\/td>\n<\/tr>\n<tr>\n<td>Ekran<\/td>\n<td>LCD, Dokunmatik panel (opsiyonel)<\/td>\n<\/tr>\n<tr>\n<td>BMS\/\u00f6l\u00e7er\/EMS ile ileti\u015fim<\/td>\n<td>RS485, CAN<\/td>\n<\/tr>\n<tr>\n<td>\u0130leti\u015fim aray\u00fcz\u00fc<\/td>\n<td>RS485, WLAN, 4G (opsiyonel)<\/td>\n<\/tr>\n<tr>\n<td>Gece kendi t\u00fcketimi<\/td>\n<td>&lt; 2.5 W (batarya etkinle\u015ftirildi\u011finde &lt; 5 W)<\/td>\n<\/tr>\n<tr>\n<td>Sertifikalar<\/td>\n<td>T\u00fcrkiye NRS, IEC 62109-1\/-2, IEC 61000-6-1, IEC 61000-6-3<\/td>\n<\/tr>\n<\/tbody>\n<\/table>\n<p>&nbsp;<\/p>\n<p>In general, the energy solution of \u201csolar + energy storage battery\u201d has become the primary choice of most homeowners. Solar storage batteries also reduce your day-to-day dependence on the grid. Before purchasing, we should understand the relevant knowledge of energy storage batteries to better select and purchase them.<\/p>","protected":false},"excerpt":{"rendered":"<p>D\u00fc\u015f\u00fck Voltaj 51.2V 9.5KWH g\u00fc\u00e7 duvar\u0131, evinizi kesintilerden koruyabilir ve enerji depolama ile \u015febekeden ba\u011f\u0131ms\u0131z hale getirebilir. Duvara montajl\u0131 kurulum. Derin devir &gt; 6000 kez. Y\u00fcksek g\u00fcvenlikli lityum demir fosfat batarya. Konut enerji depolama i\u00e7in ideal \u00e7\u00f6z\u00fcm.<\/p>","protected":false},"featured_media":1626,"template":"","meta":{"site-sidebar-layout":"default","site-content-layout":"","ast-site-content-layout":"default","site-content-style":"default","site-sidebar-style":"default","ast-global-header-display":"","ast-banner-title-visibility":"","ast-main-header-display":"","ast-hfb-above-header-display":"","ast-hfb-below-header-display":"","ast-hfb-mobile-header-display":"","site-post-title":"","ast-breadcrumbs-content":"","ast-featured-img":"","footer-sml-layout":"","ast-disable-related-posts":"","theme-transparent-header-meta":"default","adv-header-id-meta":"","stick-header-meta":"default","header-above-stick-meta":"","header-main-stick-meta":"","header-below-stick-meta":"","astra-migrate-meta-layouts":"set","ast-page-background-enabled":"default","ast-page-background-meta":{"desktop":{"background-color":"var(--ast-global-color-4)","background-image":"","background-repeat":"repeat","background-position":"center center","background-size":"auto","background-attachment":"scroll","background-type":"","background-media":"","overlay-type":"","overlay-color":"","overlay-opacity":"","overlay-gradient":""},"tablet":{"background-color":"","background-image":"","background-repeat":"repeat","background-position":"center center","background-size":"auto","background-attachment":"scroll","background-type":"","background-media":"","overlay-type":"","overlay-color":"","overlay-opacity":"","overlay-gradient":""},"mobile":{"background-color":"","background-image":"","background-repeat":"repeat","background-position":"center center","background-size":"auto","background-attachment":"scroll","background-type":"","background-media":"","overlay-type":"","overlay-color":"","overlay-opacity":"","overlay-gradient":""}},"ast-content-background-meta":{"desktop":{"background-color":"var(--ast-global-color-5)","background-image":"","background-repeat":"repeat","background-position":"center center","background-size":"auto","background-attachment":"scroll","background-type":"","background-media":"","overlay-type":"","overlay-color":"","overlay-opacity":"","overlay-gradient":""},"tablet":{"background-color":"var(--ast-global-color-5)","background-image":"","background-repeat":"repeat","background-position":"center center","background-size":"auto","background-attachment":"scroll","background-type":"","background-media":"","overlay-type":"","overlay-color":"","overlay-opacity":"","overlay-gradient":""},"mobile":{"background-color":"var(--ast-global-color-5)","background-image":"","background-repeat":"repeat","background-position":"center center","background-size":"auto","background-attachment":"scroll","background-type":"","background-media":"","overlay-type":"","overlay-color":"","overlay-opacity":"","overlay-gradient":""}}},"product_brand":[],"product_cat":[47,56,50],"product_tag":[],"class_list":{"0":"post-1625","1":"product","2":"type-product","3":"status-publish","4":"has-post-thumbnail","6":"product_cat-residetial-ess","7":"product_cat-energy-storage-battery-system","8":"product_cat-floor-standing-ess","9":"desktop-align-left","10":"tablet-align-left","11":"mobile-align-left","12":"ast-product-gallery-layout-horizontal-slider","13":"ast-product-tabs-layout-horizontal","15":"first","16":"instock","17":"shipping-taxable","18":"purchasable","19":"product-type-simple"},"_links":{"self":[{"href":"https:\/\/haisicstorage.com\/tr\/wp-json\/wp\/v2\/product\/1625","targetHints":{"allow":["GET"]}}],"collection":[{"href":"https:\/\/haisicstorage.com\/tr\/wp-json\/wp\/v2\/product"}],"about":[{"href":"https:\/\/haisicstorage.com\/tr\/wp-json\/wp\/v2\/types\/product"}],"version-history":[{"count":4,"href":"https:\/\/haisicstorage.com\/tr\/wp-json\/wp\/v2\/product\/1625\/revisions"}],"predecessor-version":[{"id":3519,"href":"https:\/\/haisicstorage.com\/tr\/wp-json\/wp\/v2\/product\/1625\/revisions\/3519"}],"wp:featuredmedia":[{"embeddable":true,"href":"https:\/\/haisicstorage.com\/tr\/wp-json\/wp\/v2\/media\/1626"}],"wp:attachment":[{"href":"https:\/\/haisicstorage.com\/tr\/wp-json\/wp\/v2\/media?parent=1625"}],"wp:term":[{"taxonomy":"product_brand","embeddable":true,"href":"https:\/\/haisicstorage.com\/tr\/wp-json\/wp\/v2\/product_brand?post=1625"},{"taxonomy":"product_cat","embeddable":true,"href":"https:\/\/haisicstorage.com\/tr\/wp-json\/wp\/v2\/product_cat?post=1625"},{"taxonomy":"product_tag","embeddable":true,"href":"https:\/\/haisicstorage.com\/tr\/wp-json\/wp\/v2\/product_tag?post=1625"}],"curies":[{"name":"wp","href":"https:\/\/api.w.org\/{rel}","templated":true}]}}