{"id":1620,"date":"2025-12-03T02:36:59","date_gmt":"2025-12-03T02:36:59","guid":{"rendered":"https:\/\/haisicstorage.com\/?post_type=product&#038;p=1620"},"modified":"2026-02-27T07:38:58","modified_gmt":"2026-02-27T07:38:58","slug":"10kw-off-grid-solar-power-system","status":"publish","type":"product","link":"https:\/\/haisicstorage.com\/tr\/10kw-off-grid-solar-power-system\/","title":{"rendered":"10kw Off Grid G\u00fcne\u015f Enerji Sistemi"},"content":{"rendered":"<p>Tam Set G\u00fcne\u015f Paneli G\u00fc\u00e7 Sistemi 10kw Off Grid G\u00fcne\u015f Enerjisi Sistemi ve Off Grid \u0130nverter ile<\/p>\n<p>&nbsp;<\/p>\n<p>Kolay Kurulum ve Tam Set G\u00fcne\u015f Paneli G\u00fc\u00e7 Sistemi<br \/>\nEv veya i\u015f yeriniz i\u00e7in enerji sa\u011flayabilecek kolay kurulabilir bir g\u00fcne\u015f paneli g\u00fc\u00e7 sistemi mi ar\u0131yorsunuz?<br \/>\nArad\u0131\u011f\u0131n\u0131z \u00e7\u00f6z\u00fcm, 10kw off grid g\u00fcne\u015f enerjisi sistemimizdir.<br \/>\nTam set g\u00fcne\u015f paneli g\u00fc\u00e7 sistemimiz, yer kurulumunuz i\u00e7in gereken her \u015feyi i\u00e7erir,<br \/>\nmaksimum kullan\u0131m kolayl\u0131\u011f\u0131 i\u00e7in e\u011fimli montaj g\u00fcne\u015f yer sistemi ve BIPV montaj sistemi dahil.<br \/>\nTak ve kullan tasar\u0131m\u0131yla, k\u0131sa s\u00fcrede \u00e7al\u0131\u015fmaya ba\u015flayabilir, kendi temiz, yenilenebilir enerjinizi \u00fcretmeye haz\u0131r olursunuz.<\/p>\n<table border=\"1\">\n<tbody>\n<tr>\n<td colspan=\"2\">Batarya Temel Parametreleri<\/td>\n<\/tr>\n<tr>\n<td>Nominal Gerilim (V)<\/td>\n<td>51.2<\/td>\n<\/tr>\n<tr>\n<td>Nominal Kapasite (Ah)<\/td>\n<td>200<\/td>\n<\/tr>\n<tr>\n<td>De\u011ferlendirilmi\u015f Enerji (Wh)<\/td>\n<td>10240<\/td>\n<\/tr>\n<tr>\n<td colspan=\"2\">\u00c7al\u0131\u015fma Parametresi<\/td>\n<\/tr>\n<tr>\n<td>Gerilim Aral\u0131\u011f\u0131 (V)<\/td>\n<td>44.8-56<\/td>\n<\/tr>\n<tr>\n<td>\u015earj Gerilimi Aral\u0131\u011f\u0131 (V)<\/td>\n<td>55.2-56<\/td>\n<\/tr>\n<tr>\n<td>Kesme Gerilimi (V)<\/td>\n<td>44.8<\/td>\n<\/tr>\n<tr>\n<td>Tavsiye Edilen \u015earj Ak\u0131m\u0131 (A)<\/td>\n<td>100<\/td>\n<\/tr>\n<tr>\n<td>Maksimum \u015earj Ak\u0131m\u0131 (A)<\/td>\n<td>200<\/td>\n<\/tr>\n<tr>\n<td>Maksimum De\u015farj Ak\u0131m\u0131 (A)<\/td>\n<td>200<\/td>\n<\/tr>\n<tr>\n<td colspan=\"2\">Fiziksel Parametre<\/td>\n<\/tr>\n<tr>\n<td>Boyut: G*Y (mm)<\/td>\n<td>457*163*760<\/td>\n<\/tr>\n<tr>\n<td>A\u011f\u0131rl\u0131k (kg)<\/td>\n<td>70<\/td>\n<\/tr>\n<tr>\n<td>\u0130leti\u015fim Portu<\/td>\n<td>RS485, CAN<\/td>\n<\/tr>\n<tr>\n<td>Ekran<\/td>\n<td>LED+LCD<\/td>\n<\/tr>\n<tr>\n<td>Terminal<\/td>\n<td>Eklenti<\/td>\n<\/tr>\n<tr>\n<td>Uyumlu inverter<\/td>\n<td>Growatt, Goodwe, Sol-Ark, SRNE, DEYE<\/td>\n<\/tr>\n<tr>\n<td colspan=\"2\">\u00c7evresel Parametre<\/td>\n<\/tr>\n<tr>\n<td>Nem (%)<\/td>\n<td>5-95% RH<\/td>\n<\/tr>\n<tr>\n<td>\u015earj S\u0131cakl\u0131k Aral\u0131\u011f\u0131 (\u2103)<\/td>\n<td>0-45<\/td>\n<\/tr>\n<tr>\n<td>De\u015farj S\u0131cakl\u0131k Aral\u0131\u011f\u0131 (\u2103)<\/td>\n<td>-20-60<\/td>\n<\/tr>\n<tr>\n<td>Depolama S\u0131cakl\u0131k Aral\u0131\u011f\u0131 (\u2103)<\/td>\n<td>-20-45<\/td>\n<\/tr>\n<tr>\n<td colspan=\"2\">Servis \u00d6mr\u00fc<\/td>\n<\/tr>\n<tr>\n<td>D\u00f6ng\u00fc \u00d6mr\u00fc<\/td>\n<td>&gt;6000 (0.5C@ 25C, 80% DOD)<\/td>\n<\/tr>\n<tr>\n<td>Tasar\u0131m \u00d6mr\u00fc (Y\u0131l)<\/td>\n<td>15<\/td>\n<\/tr>\n<tr>\n<td colspan=\"2\">Sertifikasyon<\/td>\n<\/tr>\n<tr>\n<td>G\u00fcvenlik &amp; Sertifikasyon<\/td>\n<td>CE, EMC, TUV (IEC62619), UL1973<\/td>\n<\/tr>\n<tr>\n<td>Nakliye<\/td>\n<td>UN38.3<\/td>\n<\/tr>\n<\/tbody>\n<\/table>\n<p>Y\u00fcksek Kaliteli Bile\u015fenler<br \/>\nG\u00fcne\u015f paneli g\u00fc\u00e7 sistemimiz, MPPT kontrol\u00f6r\u00fc ve y\u00fcksek verimli monokristal silikon g\u00fcne\u015f panelleri dahil olmak \u00fczere en kaliteli bile\u015fenlerle yap\u0131lm\u0131\u015ft\u0131r.<br \/>\nLityum iyon batarya, 200Ah nominal kapasiteye sahiptir ve 10KWh enerji depolayabilir, eviniz veya i\u015finiz i\u00e7in g\u00fcvenilir g\u00fc\u00e7 sa\u011flar.<br \/>\nG\u00fcne\u015f enerjisi sistemimiz ayr\u0131ca saf sin\u00fcs dalga \u00e7\u0131k\u0131\u015f voltaj dalga formu ile gelir, b\u00f6ylece istikrarl\u0131 ve g\u00fcvenilir elektrik temini sa\u011flar.<\/p>\n<table border=\"1\">\n<tbody>\n<tr>\n<td colspan=\"2\">G\u00fcne\u015f inverter parametresi<\/td>\n<\/tr>\n<tr>\n<td colspan=\"2\">\n<div>Giri\u015f (PV)<\/div>\n<\/td>\n<\/tr>\n<tr>\n<td>\n<div>Maks. g\u00fc\u00e7(kW)<\/div>\n<\/td>\n<td>12<\/td>\n<\/tr>\n<tr>\n<td>\n<div>Maks. DC gerilim(V)<\/div>\n<\/td>\n<td>500<\/td>\n<\/tr>\n<tr>\n<td>\n<div>MPPT gerilim aral\u0131\u011f\u0131()<\/div>\n<\/td>\n<td>120-500<\/td>\n<\/tr>\n<tr>\n<td>Tek MPPT'nin Maks. giri\u015f ak\u0131m\u0131(A)<\/td>\n<td>12<\/td>\n<\/tr>\n<tr>\n<td>Maks. k\u0131sa devre ak\u0131m\u0131(A)<\/td>\n<td>15<\/td>\n<\/tr>\n<tr>\n<td colspan=\"2\">AC \u00e7\u0131k\u0131\u015f<\/td>\n<\/tr>\n<tr>\n<td>Nominal \u00e7\u0131k\u0131\u015f g\u00fcc\u00fc(kVA)<\/td>\n<td>8<\/td>\n<\/tr>\n<tr>\n<td>Maks. \u00e7\u0131k\u0131\u015f g\u00fcc\u00fc(kVA)<\/td>\n<td>8.8<\/td>\n<\/tr>\n<tr>\n<td>AC \u00e7\u0131k\u0131\u015f gerilimi(V)<\/td>\n<td>220,230,240<\/td>\n<\/tr>\n<tr>\n<td>Frekans (Hz)<\/td>\n<td>50\/60 (45 \u2013 55,55 \u2013 65)<\/td>\n<\/tr>\n<tr>\n<td>PF<\/td>\n<td>0.8 geriye, 0.8 ileri<\/td>\n<\/tr>\n<tr>\n<td>THDi<\/td>\n<td>&lt; 2%<\/td>\n<\/tr>\n<tr>\n<td>Maks. \u00e7\u0131k\u0131\u015f ak\u0131m\u0131(A)<\/td>\n<td>38.3<\/td>\n<\/tr>\n<tr>\n<td colspan=\"2\">Batarya<\/td>\n<\/tr>\n<tr>\n<td>Nominal gerilim (V)<\/td>\n<td>48<\/td>\n<\/tr>\n<tr>\n<td>Batarya gerilim aral\u0131\u011f\u0131 (V)<\/td>\n<td>40~60<\/td>\n<\/tr>\n<tr>\n<td>Maks. \u015farj\/de\u015farj ak\u0131m\u0131 (A)<\/td>\n<td>190\/190<\/td>\n<\/tr>\n<tr>\n<td>Pil tipi<\/td>\n<td>Lityum \/ Kur\u015fun-asit<\/td>\n<\/tr>\n<tr>\n<td>Li-ion batarya i\u00e7in \u015farj stratejisi<\/td>\n<td>BMS'ye kendini uyarlama<\/td>\n<\/tr>\n<tr>\n<td colspan=\"2\">EPS \u00e7\u0131k\u0131\u015f\u0131<\/td>\n<\/tr>\n<tr>\n<td>Nominal g\u00fc\u00e7 (kVA)<\/td>\n<td>8<\/td>\n<\/tr>\n<tr>\n<td>Nominal \u00e7\u0131k\u0131\u015f gerilimi (V)<\/td>\n<td><\/td>\n<\/tr>\n<tr>\n<td>Nominal frekans (Hz)<\/td>\n<td><\/td>\n<\/tr>\n<tr>\n<td>THDu<\/td>\n<td><\/td>\n<\/tr>\n<tr>\n<td colspan=\"2\">Koruma<\/td>\n<\/tr>\n<tr>\n<td>Topraklama tespiti<\/td>\n<td>EVET<\/td>\n<\/tr>\n<tr>\n<td>Ark ar\u0131zas\u0131 korumas\u0131<\/td>\n<td>\u0130ste\u011fe ba\u011fl\u0131<\/td>\n<\/tr>\n<tr>\n<td>Ada korumas\u0131<\/td>\n<td>EVET<\/td>\n<\/tr>\n<tr>\n<td>Batarya ters polarite<\/td>\n<td>EVET<\/td>\n<\/tr>\n<tr>\n<td>\u0130zolasyon diren\u00e7 tespiti<\/td>\n<td>EVET<\/td>\n<\/tr>\n<tr>\n<td>Kalan ak\u0131m izleme \u00fcnitesi<\/td>\n<td>EVET<\/td>\n<\/tr>\n<tr>\n<td>\u00c7\u0131k\u0131\u015f a\u015f\u0131r\u0131 ak\u0131m korumas\u0131<\/td>\n<td>EVET<\/td>\n<\/tr>\n<tr>\n<td>Yedek \u00e7\u0131k\u0131\u015f k\u0131sa devre korumas\u0131<\/td>\n<td>EVET<\/td>\n<\/tr>\n<tr>\n<td>Terminal s\u0131cakl\u0131k tespiti<\/td>\n<td>EVET<\/td>\n<\/tr>\n<tr>\n<td>\u00c7\u0131k\u0131\u015f a\u015f\u0131r\u0131 gerilim\/az gerilim korumas\u0131<\/td>\n<td>EVET<\/td>\n<\/tr>\n<tr>\n<td colspan=\"2\">Genel veriler<\/td>\n<\/tr>\n<tr>\n<td>Avrupa verimlili\u011fi (PV)<\/td>\n<td>97.8%<\/td>\n<\/tr>\n<tr>\n<td>Maks. batarya y\u00fck verimlili\u011fi<\/td>\n<td>97.2%<\/td>\n<\/tr>\n<tr>\n<td>Suya dayan\u0131kl\u0131l\u0131k korumas\u0131<\/td>\n<td>IP65<\/td>\n<\/tr>\n<tr>\n<td>G\u00fcr\u00fclt\u00fc emisyonu(dB)<\/td>\n<td>&lt;38<\/td>\n<\/tr>\n<tr>\n<td>\u00c7al\u0131\u015fma s\u0131cakl\u0131\u011f\u0131<\/td>\n<td>-25C-60%C<\/td>\n<\/tr>\n<tr>\n<td>So\u011futma<\/td>\n<td>Fan So\u011futma<\/td>\n<\/tr>\n<tr>\n<td>Ba\u011f\u0131l nem<\/td>\n<td>0 -95% (yo\u011fu\u015fmas\u0131z)<\/td>\n<\/tr>\n<tr>\n<td>Boyutlar G D*Y (mm)<\/td>\n<td>430*220*710<\/td>\n<\/tr>\n<tr>\n<td>A\u011f\u0131rl\u0131k(kg)<\/td>\n<td>41<\/td>\n<\/tr>\n<tr>\n<td>BMS\/\u00f6l\u00e7er\/EMS ile ileti\u015fim<\/td>\n<td>RS485, CAN<\/td>\n<\/tr>\n<tr>\n<td>Ekran<\/td>\n<td>LCD, Dokunmatik panel (iste\u011fe ba\u011fl\u0131)<\/td>\n<\/tr>\n<tr>\n<td>\u0130leti\u015fim aray\u00fcz\u00fc<\/td>\n<td>RS485, WLAN, 4G (iste\u011fe ba\u011fl\u0131)<\/td>\n<\/tr>\n<tr>\n<td>Gece kendi t\u00fcketimi<\/td>\n<td>&lt; 2.5 W (batarya etkinle\u015ftirildi\u011finde &lt; 5 W)<\/td>\n<\/tr>\n<tr>\n<td>Sertifikalar<\/td>\n<td>T\u00fcrkiye NRS, IEC 62109-1\/-2 IEC 61000-6-1.<br \/>\nIEC 61000-6-3<\/td>\n<\/tr>\n<\/tbody>\n<\/table>\n<p>Sat\u0131\u015f \u00d6ncesi Proje Tasar\u0131m\u0131 ve 5 Y\u0131ll\u0131k Garanti<br \/>\nUzman ekibimiz, g\u00fcne\u015f enerjisi sisteminizin ihtiya\u00e7lar\u0131n\u0131za m\u00fckemmel uyum sa\u011flamas\u0131 i\u00e7in sat\u0131\u015f \u00f6ncesi proje tasar\u0131m hizmetleri sunar.<br \/>\nKapsaml\u0131 5 y\u0131ll\u0131k garantimizle, \u00fcr\u00fcnlerimizin y\u0131llarca g\u00fcvenilir performans sa\u011flayaca\u011f\u0131na g\u00fcvenebilirsiniz.<br \/>\nMen\u015fei: Guangdong, \u00c7in<\/p>\n<p>G\u00fcvenilir ve kolay kurulabilen bir g\u00fcne\u015f paneli g\u00fc\u00e7 sistemi mi ar\u0131yorsunuz?<br \/>\nTam Set G\u00fcne\u015f Paneli G\u00fc\u00e7 Sistemimiz 10kw Off Grid G\u00fcne\u015f G\u00fc\u00e7 Sistemi ve Off Grid \u0130nvert\u00f6r ile eviniz veya i\u015f yeriniz i\u00e7in m\u00fckemmel bir \u00e7\u00f6z\u00fcmd\u00fcr.<br \/>\nZemin montaj e\u011fimli g\u00fcne\u015f paneli yer sistemi ve BIPV montaj sistemi kurulumda kolayl\u0131k sa\u011flar, y\u00fcksek kaliteli bile\u015fenlerimiz,<br \/>\nMPPT kontrol\u00f6r ve monokristal silikon g\u00fcne\u015f panelleri dahil, g\u00fcvenilir performans sa\u011flar. Saf sin\u00fcs dalga \u00e7\u0131k\u0131\u015f voltaj dalga formumuzla,<br \/>\nstabil ve g\u00fcvenilir elektrik temini keyfini \u00e7\u0131karabilirsiniz. Sat\u0131\u015f \u00f6ncesi proje tasar\u0131m hizmetlerimiz ve 5 y\u0131ll\u0131k garantimiz memnuniyetinizi garanti eder.<br \/>\nHaisic'i se\u00e7in ve bug\u00fcn kendi temiz, yenilenebilir enerjinizi \u00fcretmeye ba\u015flay\u0131n!<\/p>","protected":false},"excerpt":{"rendered":"<p>\u203b T\u00fcm sistem, 10kWh duvara monte batarya, 8kVa hibrit inverter, 425W g\u00fcne\u015f panelleri, montaj braketi ve ba\u011flant\u0131 aksesuarlar\u0131n\u0131 i\u00e7erir<br \/>\n\u203b Kendi ihtiya\u00e7lar\u0131n\u0131za g\u00f6re uzaktan dan\u0131\u015fmanl\u0131k hizmetleri ve sistem tasar\u0131m hizmetleri sa\u011flar<br \/>\n\u203b T\u00fcm sistem basit ve kolay kuruludur<br \/>\n\u203b 5 y\u0131l garanti<\/p>","protected":false},"featured_media":1629,"template":"","meta":{"site-sidebar-layout":"default","site-content-layout":"","ast-site-content-layout":"default","site-content-style":"default","site-sidebar-style":"default","ast-global-header-display":"","ast-banner-title-visibility":"","ast-main-header-display":"","ast-hfb-above-header-display":"","ast-hfb-below-header-display":"","ast-hfb-mobile-header-display":"","site-post-title":"","ast-breadcrumbs-content":"","ast-featured-img":"","footer-sml-layout":"","ast-disable-related-posts":"","theme-transparent-header-meta":"default","adv-header-id-meta":"","stick-header-meta":"default","header-above-stick-meta":"","header-main-stick-meta":"","header-below-stick-meta":"","astra-migrate-meta-layouts":"set","ast-page-background-enabled":"default","ast-page-background-meta":{"desktop":{"background-color":"var(--ast-global-color-4)","background-image":"","background-repeat":"repeat","background-position":"center center","background-size":"auto","background-attachment":"scroll","background-type":"","background-media":"","overlay-type":"","overlay-color":"","overlay-opacity":"","overlay-gradient":""},"tablet":{"background-color":"","background-image":"","background-repeat":"repeat","background-position":"center center","background-size":"auto","background-attachment":"scroll","background-type":"","background-media":"","overlay-type":"","overlay-color":"","overlay-opacity":"","overlay-gradient":""},"mobile":{"background-color":"","background-image":"","background-repeat":"repeat","background-position":"center center","background-size":"auto","background-attachment":"scroll","background-type":"","background-media":"","overlay-type":"","overlay-color":"","overlay-opacity":"","overlay-gradient":""}},"ast-content-background-meta":{"desktop":{"background-color":"var(--ast-global-color-5)","background-image":"","background-repeat":"repeat","background-position":"center center","background-size":"auto","background-attachment":"scroll","background-type":"","background-media":"","overlay-type":"","overlay-color":"","overlay-opacity":"","overlay-gradient":""},"tablet":{"background-color":"var(--ast-global-color-5)","background-image":"","background-repeat":"repeat","background-position":"center center","background-size":"auto","background-attachment":"scroll","background-type":"","background-media":"","overlay-type":"","overlay-color":"","overlay-opacity":"","overlay-gradient":""},"mobile":{"background-color":"var(--ast-global-color-5)","background-image":"","background-repeat":"repeat","background-position":"center center","background-size":"auto","background-attachment":"scroll","background-type":"","background-media":"","overlay-type":"","overlay-color":"","overlay-opacity":"","overlay-gradient":""}}},"product_brand":[],"product_cat":[47,56,50],"product_tag":[],"class_list":{"0":"post-1620","1":"product","2":"type-product","3":"status-publish","4":"has-post-thumbnail","6":"product_cat-residetial-ess","7":"product_cat-energy-storage-battery-system","8":"product_cat-floor-standing-ess","9":"desktop-align-left","10":"tablet-align-left","11":"mobile-align-left","12":"ast-product-gallery-layout-horizontal-slider","13":"ast-product-tabs-layout-horizontal","15":"first","16":"instock","17":"shipping-taxable","18":"purchasable","19":"product-type-simple"},"_links":{"self":[{"href":"https:\/\/haisicstorage.com\/tr\/wp-json\/wp\/v2\/product\/1620","targetHints":{"allow":["GET"]}}],"collection":[{"href":"https:\/\/haisicstorage.com\/tr\/wp-json\/wp\/v2\/product"}],"about":[{"href":"https:\/\/haisicstorage.com\/tr\/wp-json\/wp\/v2\/types\/product"}],"version-history":[{"count":3,"href":"https:\/\/haisicstorage.com\/tr\/wp-json\/wp\/v2\/product\/1620\/revisions"}],"predecessor-version":[{"id":3517,"href":"https:\/\/haisicstorage.com\/tr\/wp-json\/wp\/v2\/product\/1620\/revisions\/3517"}],"wp:featuredmedia":[{"embeddable":true,"href":"https:\/\/haisicstorage.com\/tr\/wp-json\/wp\/v2\/media\/1629"}],"wp:attachment":[{"href":"https:\/\/haisicstorage.com\/tr\/wp-json\/wp\/v2\/media?parent=1620"}],"wp:term":[{"taxonomy":"product_brand","embeddable":true,"href":"https:\/\/haisicstorage.com\/tr\/wp-json\/wp\/v2\/product_brand?post=1620"},{"taxonomy":"product_cat","embeddable":true,"href":"https:\/\/haisicstorage.com\/tr\/wp-json\/wp\/v2\/product_cat?post=1620"},{"taxonomy":"product_tag","embeddable":true,"href":"https:\/\/haisicstorage.com\/tr\/wp-json\/wp\/v2\/product_tag?post=1620"}],"curies":[{"name":"wp","href":"https:\/\/api.w.org\/{rel}","templated":true}]}}