{"id":1616,"date":"2025-12-03T02:28:58","date_gmt":"2025-12-03T02:28:58","guid":{"rendered":"https:\/\/haisicstorage.com\/?post_type=product&#038;p=1616"},"modified":"2026-02-27T07:38:39","modified_gmt":"2026-02-27T07:38:39","slug":"low-volt-51-2v-3-5kwh-powerwall","status":"publish","type":"product","link":"https:\/\/haisicstorage.com\/tr\/low-volt-51-2v-3-5kwh-powerwall\/","title":{"rendered":"D\u00fc\u015f\u00fck Voltaj 51.2V 3.5KWH g\u00fc\u00e7 duvar\u0131"},"content":{"rendered":"<div class=\"row\">\n<div class=\"col-md-12 col-sm-12\">\n<div class=\"product-tabs\">\n<div class=\"tab-content\">\n<div id=\"tab-desc\" class=\"tab-pane active\" role=\"tabpanel\">\n<div class=\"product-tab-desc\">\n<table class=\"woocommerce-product-attributes shop_attributes\" aria-label=\"\u00dcr\u00fcn Detaylar\u0131\">\n<tbody>\n<tr class=\"woocommerce-product-attributes-item woocommerce-product-attributes-item--attribute_rated-energy\">\n<th class=\"woocommerce-product-attributes-item__label\" scope=\"row\">Nominal Enerji<\/th>\n<td class=\"woocommerce-product-attributes-item__value\">3584Wh<\/td>\n<\/tr>\n<tr class=\"woocommerce-product-attributes-item woocommerce-product-attributes-item--attribute_rated-capacity\">\n<th class=\"woocommerce-product-attributes-item__label\" scope=\"row\">Nominal Kapasite<\/th>\n<td class=\"woocommerce-product-attributes-item__value\">70Ah<\/td>\n<\/tr>\n<tr class=\"woocommerce-product-attributes-item woocommerce-product-attributes-item--attribute_rated-voltage\">\n<th class=\"woocommerce-product-attributes-item__label\" scope=\"row\">Nominal Gerilim<\/th>\n<td class=\"woocommerce-product-attributes-item__value\">51.2V<\/td>\n<\/tr>\n<tr class=\"woocommerce-product-attributes-item woocommerce-product-attributes-item--attribute_voltage-range\">\n<th class=\"woocommerce-product-attributes-item__label\" scope=\"row\">Gerilim Aral\u0131\u011f\u0131<\/th>\n<td class=\"woocommerce-product-attributes-item__value\">44.8-56V<\/td>\n<\/tr>\n<tr class=\"woocommerce-product-attributes-item woocommerce-product-attributes-item--attribute_charge-voltage-range\">\n<th class=\"woocommerce-product-attributes-item__label\" scope=\"row\">\u015earj Gerilimi Aral\u0131\u011f\u0131<\/th>\n<td class=\"woocommerce-product-attributes-item__value\">55.2-56V<\/td>\n<\/tr>\n<tr class=\"woocommerce-product-attributes-item woocommerce-product-attributes-item--attribute_cut-off-voltage\">\n<th class=\"woocommerce-product-attributes-item__label\" scope=\"row\">Kesme Gerilimi<\/th>\n<td class=\"woocommerce-product-attributes-item__value\">44.8V<\/td>\n<\/tr>\n<tr class=\"woocommerce-product-attributes-item woocommerce-product-attributes-item--attribute_recommend-charge-current\">\n<th class=\"woocommerce-product-attributes-item__label\" scope=\"row\">Tavsiye Edilen \u015earj Ak\u0131m\u0131<\/th>\n<td class=\"woocommerce-product-attributes-item__value\">30A<\/td>\n<\/tr>\n<tr class=\"woocommerce-product-attributes-item woocommerce-product-attributes-item--attribute_max-discharge-current\">\n<th class=\"woocommerce-product-attributes-item__label\" scope=\"row\">Maksimum De\u015farj Ak\u0131m\u0131<\/th>\n<td class=\"woocommerce-product-attributes-item__value\">60A<\/td>\n<\/tr>\n<tr class=\"woocommerce-product-attributes-item woocommerce-product-attributes-item--attribute_max-charge-current\">\n<th class=\"woocommerce-product-attributes-item__label\" scope=\"row\">Maksimum \u015earj Ak\u0131m\u0131<\/th>\n<td class=\"woocommerce-product-attributes-item__value\">60A<\/td>\n<\/tr>\n<\/tbody>\n<\/table>\n<p><strong>Powerwall nedir?<\/strong><\/p>\n<p><a href=\"https:\/\/www.haisicbattery.com\/products\/solar-energy-storage-system\/low-volt-51-2v-5-1kwh-powerwall-residential-energy-storage-system\" target=\"_blank\" rel=\"noopener\">Powerwall<\/a>\u00a0yedek koruma i\u00e7in g\u00fcne\u015f enerjinizi depolayan entegre bir batarya sistemidir, b\u00f6ylece \u015febeke kesildi\u011finde g\u00fcc\u00fcn\u00fcz devam eder. Sisteminiz kesintileri tespit eder ve otomatik olarak g\u00fcne\u015f \u0131\u015f\u0131\u011f\u0131yla \u015farj olur, cihazlar\u0131n\u0131z\u0131n g\u00fcnlerce \u00e7al\u0131\u015fmas\u0131n\u0131 sa\u011flar.<\/p>\n<p>Her g\u00fcne\u015f enerjisi sat\u0131n al\u0131m\u0131, g\u00fcne\u015f \u0131\u015f\u0131\u011f\u0131 g\u00f6r\u00fcnmedi\u011finde kullanmak \u00fczere g\u00fcne\u015f enerjinizi depolayan kompakt bir ev bataryas\u0131 olan Powerwall'\u0131 i\u00e7erir ve \u015febekeye olan ba\u011f\u0131ml\u0131l\u0131\u011f\u0131n\u0131z\u0131 azalt\u0131r.<\/p>\n<p>Kolay kurulum ve minimalist tasar\u0131m\u0131yla Powerwall, \u00e7e\u015fitli ev tarzlar\u0131 ve\u00a0<a href=\"https:\/\/www.haisicbattery.com\/products\/solar-energy-storage-system\" target=\"_blank\" rel=\"noopener\">g\u00fcne\u015f enerjisi sistemleri<\/a>. ile uyum sa\u011flar. Kompakt, t\u00fcmle\u015fik yap\u0131s\u0131, i\u00e7 veya d\u0131\u015f mekanlar i\u00e7in \u00e7ok y\u00f6nl\u00fc montaj se\u00e7enekleri sunar.<\/p>\n<p>&nbsp;<\/p>\n<p><strong>Neden enerji depolama sistemine ihtiyac\u0131m\u0131z var?<\/strong><\/p>\n<p>&nbsp;<\/p>\n<p>Enerji depolama, y\u00fcksek altyap\u0131 maliyetleri olmadan maliyetleri azaltman\u0131n en iyi \u00e7\u00f6z\u00fcmlerinden biridir. Bu, ev sahipleri, i\u015fletmeler ve hizmet sa\u011flay\u0131c\u0131lar\u0131n g\u00fcc\u00fc kullanma \u015feklini d\u00f6n\u00fc\u015ft\u00fcr\u00fcr.<\/p>\n<p>Enerji depolama sisteminin ayn\u0131 zamanda ak\u0131ll\u0131ca bir yat\u0131r\u0131m oldu\u011funu ve \u00f6zellikle pandemi veya orman yang\u0131n\u0131 gibi beklenmedik durumlar nedeniyle finansal bask\u0131 alt\u0131nda oldu\u011funuzda elektrik maliyetlerini etkili \u015fekilde azaltabilece\u011fine inan\u0131yoruz.<\/p>\n<p>&nbsp;<\/p>\n<p>Enerji ba\u011f\u0131ms\u0131zl\u0131\u011f\u0131na eri\u015fim sa\u011flay\u0131n ve kazalar nedeniyle \u015febeke ar\u0131zas\u0131 olsa bile elektrik arz\u0131n\u0131 g\u00fcvence alt\u0131na al\u0131n.<\/p>\n<p>&nbsp;<\/p>\n<p>\u2013 Decreasing ecological footprint by storing renewable energy such as solar power.<\/p>\n<p>\u2013 Live a green life safe and sound by using a LiFePO4 battery and totally cobalt free.<\/p>\n<p>\u2013 By storing the surplus PV generation in a battery storage unit, you can maximize self-consumption and reduce your electricity bill.<\/p>\n<p>\u2013 Reduce your electricity bill by storing electricity during the off-peak time and shifting energy to be used at peak time.<\/p>\n<p>\u2013 Selling excess renewable energy to the grid or directly to other users in the microgrid.<\/p>\n<p>&nbsp;<\/p>\n<p><strong>Powerwall parametreleri<\/strong><\/p>\n<table border=\"0\" cellspacing=\"0\" cellpadding=\"0\">\n<colgroup>\n<col \/>\n<col \/><\/colgroup>\n<tbody>\n<tr>\n<td>Model<\/td>\n<td>HS-BG3000W<\/td>\n<\/tr>\n<tr>\n<td>Nominal Gerilim\uff08V\uff09<\/td>\n<td>51.2<\/td>\n<\/tr>\n<tr>\n<td>Nominal Kapasite\uff08Ah\uff09<\/td>\n<td>70<\/td>\n<\/tr>\n<tr>\n<td>De\u011ferlendirilmi\u015f Enerji\uff08Wh\uff09<\/td>\n<td>3584<\/td>\n<\/tr>\n<tr>\n<td>Gerilim Aral\u0131\u011f\u0131\uff08V\uff09<\/td>\n<td>44.8-56<\/td>\n<\/tr>\n<tr>\n<td>\u015earj Gerilimi Aral\u0131\u011f\u0131\uff08V\uff09<\/td>\n<td>55.2-56<\/td>\n<\/tr>\n<tr>\n<td>Kesme Gerilimi\uff08V\uff09<\/td>\n<td>44.8<\/td>\n<\/tr>\n<tr>\n<td>Tavsiye Edilen \u015earj Ak\u0131m\u0131\uff08A\uff09<\/td>\n<td>30<\/td>\n<\/tr>\n<tr>\n<td>Maksimum \u015earj Ak\u0131m\u0131\uff08A\uff09<\/td>\n<td>60<\/td>\n<\/tr>\n<tr>\n<td>Maksimum De\u015farj Ak\u0131m\u0131\uff08A\uff09<\/td>\n<td>60<\/td>\n<\/tr>\n<tr>\n<td>Boyutlar\uff1aUzunluk*Geni\u015flik*Y\u00fckseklik\uff08mm\uff09<\/td>\n<td>374*138*530<\/td>\n<\/tr>\n<tr>\n<td>A\u011f\u0131rl\u0131k\uff08kg\uff09<\/td>\n<td>32<\/td>\n<\/tr>\n<tr>\n<td>\u0130leti\u015fim Portu<\/td>\n<td>RS485, CAN<\/td>\n<\/tr>\n<tr>\n<td>Ekran<\/td>\n<td>LED+LCD<\/td>\n<\/tr>\n<tr>\n<td>Terminal<\/td>\n<td>Eklenti<\/td>\n<\/tr>\n<tr>\n<td>Uyumlu inverter<\/td>\n<td>Growatt, Goodwe, Sol-Ark, SRNE, DEYE<\/td>\n<\/tr>\n<tr>\n<td>Nem\uff08%\uff09<\/td>\n<td>5-95% RH<\/td>\n<\/tr>\n<tr>\n<td>\u015earj S\u0131cakl\u0131k Aral\u0131\u011f\u0131\uff08\u2103\uff09<\/td>\n<td>0-45<\/td>\n<\/tr>\n<tr>\n<td>De\u015farj S\u0131cakl\u0131k Aral\u0131\u011f\u0131\uff08\u2103\uff09<\/td>\n<td>-20-60<\/td>\n<\/tr>\n<tr>\n<td>Depolama S\u0131cakl\u0131k Aral\u0131\u011f\u0131\uff08\u2103\uff09<\/td>\n<td>-20-45<\/td>\n<\/tr>\n<tr>\n<td>D\u00f6ng\u00fc \u00d6mr\u00fc<\/td>\n<td>\uff1e6000 \uff080.5C@ 25\u2103\uff0c80% DOD\uff09<\/td>\n<\/tr>\n<tr>\n<td>Tasar\u0131m \u00d6mr\u00fc (Y\u0131l)<\/td>\n<td>15<\/td>\n<\/tr>\n<tr>\n<td>G\u00fcvenlik &amp; Sertifikasyon<\/td>\n<td>CE, EMC, TUV (IEC62619), UL1973<\/td>\n<\/tr>\n<tr>\n<td>Nakliye<\/td>\n<td>UN38.3<\/td>\n<\/tr>\n<\/tbody>\n<\/table>\n<p>&nbsp;<\/p>\n<p><strong>\u0130nverter parametreleri<\/strong><\/p>\n<table border=\"0\" cellspacing=\"0\" cellpadding=\"0\">\n<colgroup>\n<col \/>\n<col \/><\/colgroup>\n<tbody>\n<tr>\n<td>Model<\/td>\n<td>HF4830S60-145<\/td>\n<\/tr>\n<tr>\n<td colspan=\"2\">AC modu<\/td>\n<\/tr>\n<tr>\n<td>De\u011ferlendirilmi\u015f giri\u015f gerilimi<\/td>\n<td>220\/230Vac<\/td>\n<\/tr>\n<tr>\n<td>Giri\u015f gerilimi aral\u0131\u011f\u0131<\/td>\n<td>(170Vac~280Vac) \u00b12%\/(90Vac-280Vac)\u00b12%<\/td>\n<\/tr>\n<tr>\n<td>Frekans<\/td>\n<td>50Hz\/ 60Hz (Otomatik tespit)<\/td>\n<\/tr>\n<tr>\n<td>Frekans Aral\u0131\u011f\u0131<\/td>\n<td>47\u00b10.3Hz ~ 55\u00b10.3Hz (50Hz)\/57\u00b10.3Hz ~ 65\u00b10.3Hz (60Hz);<\/td>\n<\/tr>\n<tr>\n<td>A\u015f\u0131r\u0131 y\u00fck\/ k\u0131sa devre korumas\u0131<\/td>\n<td>Devre kesici<\/td>\n<\/tr>\n<tr>\n<td>Verimlilik<\/td>\n<td>&gt;95%<\/td>\n<\/tr>\n<tr>\n<td>D\u00f6n\u00fc\u015f\u00fcm s\u00fcresi (kapatma ve invert\u00f6r)<\/td>\n<td>10ms (tipik)<\/td>\n<\/tr>\n<tr>\n<td>AC ters koruma<\/td>\n<td>Mevcut<\/td>\n<\/tr>\n<tr>\n<td>Maksimum kapatma a\u015f\u0131r\u0131 y\u00fck ak\u0131m\u0131<\/td>\n<td>30A<\/td>\n<\/tr>\n<tr>\n<td colspan=\"2\">\u0130nvert\u00f6r modu<\/td>\n<\/tr>\n<tr>\n<td>\u00c7\u0131k\u0131\u015f gerilimi dalga formu<\/td>\n<td>Saf sin\u00fcs dalgas\u0131<\/td>\n<\/tr>\n<tr>\n<td>Nominal \u00e7\u0131k\u0131\u015f g\u00fcc\u00fc (VA)<\/td>\n<td>3300<\/td>\n<\/tr>\n<tr>\n<td>Nominal \u00e7\u0131k\u0131\u015f g\u00fcc\u00fc (W)<\/td>\n<td>3300<\/td>\n<\/tr>\n<tr>\n<td>G\u00fc\u00e7 fakt\u00f6r\u00fc<\/td>\n<td>1<\/td>\n<\/tr>\n<tr>\n<td>Nominal \u00e7\u0131k\u0131\u015f gerilimi (Vac)<\/td>\n<td>230Vac<\/td>\n<\/tr>\n<tr>\n<td>\u00c7\u0131k\u0131\u015f gerilimi hatas\u0131<\/td>\n<td>\u00b15%<\/td>\n<\/tr>\n<tr>\n<td>\u00c7\u0131k\u0131\u015f frekans aral\u0131\u011f\u0131 (Hz)<\/td>\n<td>50Hz \u00b1 0.3Hz\/60Hz \u00b1 0.3Hz<\/td>\n<\/tr>\n<tr>\n<td>Maksimum Verimlilik<\/td>\n<td>&gt;92%<\/td>\n<\/tr>\n<tr>\n<td>A\u015f\u0131r\u0131 y\u00fck korumas\u0131<\/td>\n<td>(110% &lt; y\u00fck &lt;125%) \u00b110%: hata raporla ve \u00e7\u0131k\u0131\u015f\u0131 5 dakika sonra kapat;(125% &lt; y\u00fck 150% \u00b110%: hata raporla ve \u00e7\u0131k\u0131\u015f\u0131 5 saniye sonra kapat;<\/td>\n<\/tr>\n<tr>\n<td>Tepe g\u00fc\u00e7<\/td>\n<td>6000VA<\/td>\n<\/tr>\n<tr>\n<td>Y\u00fckl\u00fc motor kapasitesi<\/td>\n<td>2HP<\/td>\n<\/tr>\n<tr>\n<td>\u00c7\u0131k\u0131\u015f k\u0131sa devre korumas\u0131<\/td>\n<td>Devre kesici<\/td>\n<\/tr>\n<tr>\n<td>Atlat\u0131c\u0131 \u015falter \u00f6zellikleri<\/td>\n<td>30A<\/td>\n<\/tr>\n<tr>\n<td>Nominal batarya giri\u015f gerilimi<\/td>\n<td>48V (Minimum ba\u015flang\u0131\u00e7 gerilimi 44V)<\/td>\n<\/tr>\n<tr>\n<td>Batarya gerilimi aral\u0131\u011f\u0131<\/td>\n<td>Undervoltage alarm\/shutdown voltage\/overvoltage alarm \/overvoltage recovery\u2026 settable on LCD screen)<\/td>\n<\/tr>\n<tr>\n<td>Enerji tasarrufu modu<\/td>\n<td>Y\u00fck \u226450W<\/td>\n<\/tr>\n<tr>\n<td colspan=\"2\">AC \u015farj<\/td>\n<\/tr>\n<tr>\n<td>Pil tipi<\/td>\n<td>Kur\u015fun asit veya lityum pil<\/td>\n<\/tr>\n<tr>\n<td>Maksimum \u015farj ak\u0131m\u0131<\/td>\n<td>60A<\/td>\n<\/tr>\n<tr>\n<td>\u015earj gerilim aral\u0131\u011f\u0131<\/td>\n<td>40 \u201358Vdc<\/td>\n<\/tr>\n<tr>\n<td>K\u0131sa devre korumas\u0131<\/td>\n<td>Devre kesici ve att\u0131 sigorta<\/td>\n<\/tr>\n<tr>\n<td>Devre kesici \u00f6zellikleri<\/td>\n<td>30A<\/td>\n<\/tr>\n<tr>\n<td>A\u015f\u0131r\u0131 \u015farj korumas\u0131<\/td>\n<td>Alarm ve 1 dakika sonra \u015farj\u0131 kapatma<\/td>\n<\/tr>\n<tr>\n<td colspan=\"2\">G\u00fcne\u015f paneli \u015farj\u0131<\/td>\n<\/tr>\n<tr>\n<td>Maksimum g\u00fcne\u015f paneli a\u00e7\u0131k devre gerilimi<\/td>\n<td>145Vdc<\/td>\n<\/tr>\n<tr>\n<td>G\u00fcne\u015f paneli \u00e7al\u0131\u015fma gerilimi aral\u0131\u011f\u0131<\/td>\n<td>60-145Vdc<\/td>\n<\/tr>\n<tr>\n<td>MPPT gerilim aral\u0131\u011f\u0131<\/td>\n<td>60-115Vdc<\/td>\n<\/tr>\n<tr>\n<td>Batarya gerilimi aral\u0131\u011f\u0131<\/td>\n<td>40-60Vdc<\/td>\n<\/tr>\n<tr>\n<td>Maksimum giri\u015f g\u00fcc\u00fc<\/td>\n<td>3400W<\/td>\n<\/tr>\n<tr>\n<td>G\u00fcne\u015f paneli \u015farj ak\u0131m aral\u0131\u011f\u0131 (ayarlanabilir)<\/td>\n<td>0-60A<\/td>\n<\/tr>\n<tr>\n<td>\u015earj k\u0131sa devre korumas\u0131<\/td>\n<td>Sigorta att\u0131<\/td>\n<\/tr>\n<tr>\n<td>Tesisat korumas\u0131<\/td>\n<td>Ters polarite korumas\u0131<\/td>\n<\/tr>\n<tr>\n<td colspan=\"2\">Sertifikal\u0131 \u00f6zellikler<\/td>\n<\/tr>\n<tr>\n<td>Sertifikasyon<\/td>\n<td>CE(IEC 62109-1)<\/td>\n<\/tr>\n<tr>\n<td>EMC sertifikasyon seviyesi<\/td>\n<td>EN61000, C2<\/td>\n<\/tr>\n<tr>\n<td>\u00c7al\u0131\u015fma s\u0131cakl\u0131k aral\u0131\u011f\u0131<\/td>\n<td>-15\u00b0C ile 55\u00b0C aras\u0131nda<\/td>\n<\/tr>\n<tr>\n<td>Depolama s\u0131cakl\u0131k aral\u0131\u011f\u0131<\/td>\n<td>-25\u00b0C ~ 60\u00b0C<\/td>\n<\/tr>\n<tr>\n<td>Nem aral\u0131\u011f\u0131<\/td>\n<td>5% ile 95% (Uygulamal\u0131 kaplama korumas\u0131)<\/td>\n<\/tr>\n<tr>\n<td>G\u00fcr\u00fclt\u00fc<\/td>\n<td>\u226460dB<\/td>\n<\/tr>\n<tr>\n<td>Is\u0131 da\u011f\u0131l\u0131m\u0131<\/td>\n<td>Zorunlu hava so\u011futma, fan\u0131n de\u011fi\u015fken h\u0131z\u0131<\/td>\n<\/tr>\n<tr>\n<td>\u0130leti\u015fim aray\u00fcz\u00fc<\/td>\n<td>CAN\/USB\/RS485(WiFi\/GPRS)\/Kuru d\u00fc\u011fme kontrol\u00fc<\/td>\n<\/tr>\n<tr>\n<td>Boyut (Uzunluk*Geni\u015flik*Y\u00fckseklik)<\/td>\n<td>340mm*280mm*103mm<\/td>\n<\/tr>\n<tr>\n<td>A\u011f\u0131rl\u0131k (kg)<\/td>\n<td>6.2<\/td>\n<\/tr>\n<\/tbody>\n<\/table>\n<p>&nbsp;<\/p>\n<p><strong>Ev Batarya Depolama Sistemlerinde Nelere Dikkat Edilmeli?<\/strong><\/p>\n<p>&nbsp;<\/p>\n<p><strong>Y\u0131\u011f\u0131labilirlik<\/strong><\/p>\n<p>Tek bir batarya t\u00fcm evinizi g\u00fc\u00e7lendiremeyebilir, bu y\u00fczden \u0131\u015f\u0131klar, prizler, klima, su pompas\u0131 gibi temel ihtiya\u00e7lara \u00f6ncelik vermeniz gerekir. Ancak evinizde her \u015feyi \u00e7al\u0131\u015ft\u0131rmak istiyorsan\u0131z, baz\u0131 sistemler birden fazla birimi y\u0131\u011fman\u0131za veya \u00fcst \u00fcste koyman\u0131za izin vererek ihtiya\u00e7 duydu\u011funuz yedekleme seviyesini sa\u011flar.<\/p>\n<p>&nbsp;<\/p>\n<p><strong>AC ve DC Ba\u011flant\u0131l\u0131 Sistemler<\/strong><\/p>\n<p>Bataryalar ve g\u00fcne\u015f panelleri enerjiyi do\u011fru ak\u0131m veya DC olarak depolar. DC ba\u011flant\u0131l\u0131 sistemleri g\u00fcne\u015fle ba\u011flamak, daha az g\u00fc\u00e7 kayb\u0131na neden olur. \u015eebeke ve eviniz alternatif ak\u0131m veya AC g\u00fc\u00e7le \u00e7al\u0131\u015f\u0131r. AC sistemler biraz daha az verimli olsa da daha esnektir ve kurulumlar\u0131 daha kolayd\u0131r, \u00f6zellikle zaten g\u00fcne\u015f paneliniz varsa.<\/p>\n<p>&nbsp;<\/p>\n<p><strong>Y\u00fck Ba\u015flatma Yetene\u011fi<\/strong><\/p>\n<p>Merkezi klima veya su pompas\u0131 gibi baz\u0131 cihazlar, \u00e7al\u0131\u015fmaya ba\u015flad\u0131ktan sonra de\u011fil, ba\u015flatmak i\u00e7in daha fazla g\u00fc\u00e7 gerektirir. Sistemin, evinizin \u00f6zel cihaz ihtiya\u00e7lar\u0131n\u0131 kar\u015f\u0131layabilece\u011finden emin olun.<\/p>\n<p>&nbsp;<\/p>\n<\/div>\n<\/div>\n<\/div>\n<\/div>\n<\/div>\n<\/div>","protected":false},"excerpt":{"rendered":"<p>Powerwall, yedek koruma i\u00e7in g\u00fcne\u015f enerjinizi depolayan entegre bir batarya sistemidir, \u015febeke kesildi\u011finde bile g\u00fcc\u00fcn\u00fcz\u00fcn devam etmesini sa\u011flar. Sisteminiz g\u00fc\u00e7 kesintilerini tespit eder ve otomatik olarak g\u00fcne\u015f \u0131\u015f\u0131\u011f\u0131yla \u015farj olur, cihazlar\u0131n\u0131z\u0131n birka\u00e7 g\u00fcn boyunca \u00e7al\u0131\u015fmas\u0131n\u0131 sa\u011flar.<\/p>\n<p>Powerwall, a compact home battery that reduces your reliance on the grid by storing your solar energy for use when the sun isn\u2019t shining, is included with every solar purchase.<\/p>","protected":false},"featured_media":1617,"template":"","meta":{"site-sidebar-layout":"default","site-content-layout":"","ast-site-content-layout":"default","site-content-style":"default","site-sidebar-style":"default","ast-global-header-display":"","ast-banner-title-visibility":"","ast-main-header-display":"","ast-hfb-above-header-display":"","ast-hfb-below-header-display":"","ast-hfb-mobile-header-display":"","site-post-title":"","ast-breadcrumbs-content":"","ast-featured-img":"","footer-sml-layout":"","ast-disable-related-posts":"","theme-transparent-header-meta":"default","adv-header-id-meta":"","stick-header-meta":"default","header-above-stick-meta":"","header-main-stick-meta":"","header-below-stick-meta":"","astra-migrate-meta-layouts":"set","ast-page-background-enabled":"default","ast-page-background-meta":{"desktop":{"background-color":"var(--ast-global-color-4)","background-image":"","background-repeat":"repeat","background-position":"center center","background-size":"auto","background-attachment":"scroll","background-type":"","background-media":"","overlay-type":"","overlay-color":"","overlay-opacity":"","overlay-gradient":""},"tablet":{"background-color":"","background-image":"","background-repeat":"repeat","background-position":"center center","background-size":"auto","background-attachment":"scroll","background-type":"","background-media":"","overlay-type":"","overlay-color":"","overlay-opacity":"","overlay-gradient":""},"mobile":{"background-color":"","background-image":"","background-repeat":"repeat","background-position":"center center","background-size":"auto","background-attachment":"scroll","background-type":"","background-media":"","overlay-type":"","overlay-color":"","overlay-opacity":"","overlay-gradient":""}},"ast-content-background-meta":{"desktop":{"background-color":"var(--ast-global-color-5)","background-image":"","background-repeat":"repeat","background-position":"center center","background-size":"auto","background-attachment":"scroll","background-type":"","background-media":"","overlay-type":"","overlay-color":"","overlay-opacity":"","overlay-gradient":""},"tablet":{"background-color":"var(--ast-global-color-5)","background-image":"","background-repeat":"repeat","background-position":"center center","background-size":"auto","background-attachment":"scroll","background-type":"","background-media":"","overlay-type":"","overlay-color":"","overlay-opacity":"","overlay-gradient":""},"mobile":{"background-color":"var(--ast-global-color-5)","background-image":"","background-repeat":"repeat","background-position":"center center","background-size":"auto","background-attachment":"scroll","background-type":"","background-media":"","overlay-type":"","overlay-color":"","overlay-opacity":"","overlay-gradient":""}}},"product_brand":[],"product_cat":[47,56,50],"product_tag":[],"class_list":{"0":"post-1616","1":"product","2":"type-product","3":"status-publish","4":"has-post-thumbnail","6":"product_cat-residetial-ess","7":"product_cat-energy-storage-battery-system","8":"product_cat-floor-standing-ess","9":"desktop-align-left","10":"tablet-align-left","11":"mobile-align-left","12":"ast-product-gallery-layout-horizontal-slider","13":"ast-product-tabs-layout-horizontal","15":"first","16":"instock","17":"shipping-taxable","18":"purchasable","19":"product-type-simple"},"_links":{"self":[{"href":"https:\/\/haisicstorage.com\/tr\/wp-json\/wp\/v2\/product\/1616","targetHints":{"allow":["GET"]}}],"collection":[{"href":"https:\/\/haisicstorage.com\/tr\/wp-json\/wp\/v2\/product"}],"about":[{"href":"https:\/\/haisicstorage.com\/tr\/wp-json\/wp\/v2\/types\/product"}],"version-history":[{"count":6,"href":"https:\/\/haisicstorage.com\/tr\/wp-json\/wp\/v2\/product\/1616\/revisions"}],"predecessor-version":[{"id":3515,"href":"https:\/\/haisicstorage.com\/tr\/wp-json\/wp\/v2\/product\/1616\/revisions\/3515"}],"wp:featuredmedia":[{"embeddable":true,"href":"https:\/\/haisicstorage.com\/tr\/wp-json\/wp\/v2\/media\/1617"}],"wp:attachment":[{"href":"https:\/\/haisicstorage.com\/tr\/wp-json\/wp\/v2\/media?parent=1616"}],"wp:term":[{"taxonomy":"product_brand","embeddable":true,"href":"https:\/\/haisicstorage.com\/tr\/wp-json\/wp\/v2\/product_brand?post=1616"},{"taxonomy":"product_cat","embeddable":true,"href":"https:\/\/haisicstorage.com\/tr\/wp-json\/wp\/v2\/product_cat?post=1616"},{"taxonomy":"product_tag","embeddable":true,"href":"https:\/\/haisicstorage.com\/tr\/wp-json\/wp\/v2\/product_tag?post=1616"}],"curies":[{"name":"wp","href":"https:\/\/api.w.org\/{rel}","templated":true}]}}