{"id":1556,"date":"2025-11-30T02:48:43","date_gmt":"2025-11-30T02:48:43","guid":{"rendered":"https:\/\/haisicstorage.com\/?post_type=product&#038;p=1556"},"modified":"2026-02-27T07:38:11","modified_gmt":"2026-02-27T07:38:11","slug":"wall-mounted-51-2v-100ah-5kwh","status":"publish","type":"product","link":"https:\/\/haisicstorage.com\/tr\/wall-mounted-51-2v-100ah-5kwh\/","title":{"rendered":"Duvara Monte 51.2V 100Ah 5kWh"},"content":{"rendered":"<p><strong>Verimli ve G\u00fcvenilir Duvara Monte 51.2V 100Ah 5kWh Solar Batarya Lifepo4 Powerwall Ev Enerji Depolama \u0130\u00e7in<br \/>\n<\/strong><\/p>\n<p><strong>Ak\u0131ll\u0131 Ev Enerji Depolama \u00c7\u00f6z\u00fcm\u00fc<br \/>\n<\/strong><br \/>\nS\u00fcrd\u00fcr\u00fclebilir enerji \u00e7\u00f6z\u00fcmleri alan\u0131nda, Duvara Monte 48v 51.2v 100ah 16s1p Lifepo4 Solar Batarya, yenilik ve g\u00fcvenilirli\u011fin zirvesidir.<br \/>\n-Verimli G\u00fcne\u015f Enerjisi Depolama: 5kWh kapasitesiyle, bu batarya g\u00fcne\u015f enerjisi fazlal\u0131\u011f\u0131n\u0131z i\u00e7in yeterli depolama sa\u011flar,<br \/>\nyenilenebilir enerjinizin hi\u00e7biri bo\u015fa gitmez.<\/p>\n<p>-Sorunsuz Entegrasyon: Evinize sorunsuz entegrasyon i\u00e7in tasarlanm\u0131\u015f,<br \/>\nince, duvara monte yap\u0131s\u0131 de\u011ferli alan tasarrufu sa\u011flar ve optimal enerji depolama sunar.<\/p>\n<p>-G\u00fcvenlik \u00d6nceliklidir: Ak\u0131ll\u0131 koruma mekanizmalar\u0131yla donat\u0131lm\u0131\u015ft\u0131r,<br \/>\nev elektrik g\u00fcvenli\u011fine \u00f6ncelik verir,.<\/p>\n<p><strong><br \/>\ng\u00fcne\u015fin g\u00fcc\u00fcn\u00fc kullan\u0131rken i\u00e7iniz rahat eder.<br \/>\n<\/strong><br \/>\nE\u015fsiz Performans ve Dayan\u0131kl\u0131l\u0131k,<br \/>\n-Sa\u011flam Yap\u0131: Hassasiyet ve dayan\u0131kl\u0131l\u0131k d\u00fc\u015f\u00fcn\u00fclerek tasarlanm\u0131\u015f,.<\/p>\n<p>bataryam\u0131z sa\u011flam bir yap\u0131ya sahiptir ve g\u00fcnl\u00fck kullan\u0131m\u0131n zorluklar\u0131na dayanabilir.,<br \/>\n-\u00d6m\u00fcr: G\u00fc\u00e7l\u00fc LiFePO4 bile\u015fimiyle desteklenmi\u015f,<br \/>\n80% derin de\u015farjda 6000'in \u00fczerinde d\u00f6ng\u00fc \u00f6mr\u00fc sunar,.<\/p>\n<p>-\u00c7ok Y\u00f6nl\u00fc Ba\u011flant\u0131: CAN, RS232 ve RS485 dahil ileti\u015fim portlar\u0131yla donat\u0131lm\u0131\u015ft\u0131r,<br \/>\nfarkl\u0131 enerji y\u00f6netim sistemleriyle sorunsuz entegrasyon sa\u011flar,<br \/>\nesneklik ve enerji kullan\u0131m\u0131n\u0131z \u00fczerinde kontrol sunar.<\/p>\n<table border=\"1\">\n<tbody>\n<tr>\n<td>Model<\/td>\n<td>HS-TQS5000W<\/td>\n<\/tr>\n<tr>\n<td>Nominal Gerilim<\/td>\n<td>51.2V<\/td>\n<\/tr>\n<tr>\n<td>Nominal Kapasite<\/td>\n<td>100Ah<\/td>\n<\/tr>\n<tr>\n<td>Nominal Enerji<\/td>\n<td>5120Wh<\/td>\n<\/tr>\n<tr>\n<td>Gerilim Aral\u0131\u011f\u0131<\/td>\n<td>44.8-56V<\/td>\n<\/tr>\n<tr>\n<td>\u015earj Gerilimi Aral\u0131\u011f\u0131<\/td>\n<td>56-57.6V<\/td>\n<\/tr>\n<tr>\n<td>Kesme Gerilimi<\/td>\n<td>44.8V<\/td>\n<\/tr>\n<tr>\n<td>Tavsiye Edilen \u015earj Ak\u0131m\u0131<\/td>\n<td>50A<\/td>\n<\/tr>\n<tr>\n<td>Maksimum \u015earj Ak\u0131m\u0131<\/td>\n<td>100A<\/td>\n<\/tr>\n<tr>\n<td>Maksimum De\u015farj Ak\u0131m\u0131<\/td>\n<td>100A<\/td>\n<\/tr>\n<tr>\n<td>\u00c7\u0131k\u0131\u015f Zirve G\u00fcc\u00fc<\/td>\n<td>\u00a0Maksimum 6000W zirve<\/td>\n<\/tr>\n<tr>\n<td>Batarya T\u00fcr\u00fc<\/td>\n<td>LiFePO4 100Ah*16Adet 16S1P<\/td>\n<\/tr>\n<tr>\n<td>AC Giri\u015f<\/td>\n<td>2500W (Parametreler ayarlanabilir)<\/td>\n<\/tr>\n<tr>\n<td>MPPT PV Giri\u015fi<\/td>\n<td>120-500V 5500W Maks<\/td>\n<\/tr>\n<tr>\n<td>AC \u00e7\u0131k\u0131\u015f<\/td>\n<td>\u00a0AC 220V-240V 5000W Saf sin\u00fcs dalgas\u0131<\/td>\n<\/tr>\n<\/tbody>\n<\/table>\n<p><strong>Performans\u0131 Art\u0131ran \u00dcst\u00fcn \u00d6zellikler<\/strong><\/p>\n<p>-Yerle\u015fik Batarya Y\u00f6netim Sistemi (BMS): Bataryam\u0131z, performans\u0131n\u0131 aktif olarak izleyen ve d\u00fczenleyen geli\u015fmi\u015f bir BMS ile donat\u0131lm\u0131\u015ft\u0131r,<br \/>\nverimlili\u011fi optimize eder ve a\u015f\u0131r\u0131 \u015farj, a\u015f\u0131r\u0131 de\u015farj ve k\u0131sa devreye kar\u015f\u0131 koruma sa\u011flar.<\/p>\n<p>-Yang\u0131n S\u00f6nd\u00fcrme Sistemi: G\u00fcvenlik en \u00f6n plandad\u0131r, bu y\u00fczden bataryam\u0131zda yerle\u015fik bir yang\u0131n s\u00f6nd\u00fcrme sistemi bulunmaktad\u0131r,<br \/>\npotansiyel tehlikelere kar\u015f\u0131 ek koruma katman\u0131 sa\u011flar.<\/p>\n<p>-Sertifikal\u0131 Kalite: CE, EMC, TUV (IEC62619) ve UL1973 sertifikalar\u0131yla,<br \/>\n\u00dcr\u00fcn\u00fcm\u00fcz\u00fcn kalitesine ve g\u00fcvenilirli\u011fine g\u00fcvenebilirsiniz, kapsaml\u0131 5 y\u0131l garanti ile desteklenmektedir.<\/p>\n<p><strong>Sonu\u00e7:<br \/>\n<\/strong>Enerjinin gelece\u011fini Wall-Mounted 5kWh G\u00fcne\u015f Bataryam\u0131zla benimseyin. Verimlilik, g\u00fcvenilirlik ve g\u00fcvenlik i\u00e7in tasarland\u0131,<br \/>\nve ev enerji depolama \u00e7\u00f6z\u00fcmlerinin zirvesini temsil ediyor. Enerji israf\u0131na veda edin ve eviniz i\u00e7in s\u00fcrd\u00fcr\u00fclebilir g\u00fcce merhaba deyin.<\/p>","protected":false},"excerpt":{"rendered":"<p class=\"product-des\">1. Tam uyumluluk, G\u00fcne\u015f Fotovoltaik ve Dizel Jenerat\u00f6rlerle Uyumlu<\/p>\n<p>2. Kompakt tasar\u0131m, D\u00fczenli hepsi-bir arada, duvara monte ince tasar\u0131m<\/p>\n<p>3. Mod\u00fcler ve \u00f6l\u00e7eklenebilir, Gelecekte kolayca kapasite ekleyebilirsiniz<\/p>\n<p>4. Ak\u0131ll\u0131 g\u00fcvenlik \u00f6nlemleri, Ev Elektrik G\u00fcvenli\u011fi i\u00e7in Zeki Koruma<\/p>\n<p>5. Basit kurulum, H\u0131zl\u0131, tek ki\u015fi kurulum<\/p>\n<div class=\"inquiryBasket\"><\/div>","protected":false},"featured_media":1557,"template":"","meta":{"site-sidebar-layout":"default","site-content-layout":"","ast-site-content-layout":"default","site-content-style":"default","site-sidebar-style":"default","ast-global-header-display":"","ast-banner-title-visibility":"","ast-main-header-display":"","ast-hfb-above-header-display":"","ast-hfb-below-header-display":"","ast-hfb-mobile-header-display":"","site-post-title":"","ast-breadcrumbs-content":"","ast-featured-img":"","footer-sml-layout":"","ast-disable-related-posts":"","theme-transparent-header-meta":"default","adv-header-id-meta":"","stick-header-meta":"default","header-above-stick-meta":"","header-main-stick-meta":"","header-below-stick-meta":"","astra-migrate-meta-layouts":"set","ast-page-background-enabled":"default","ast-page-background-meta":{"desktop":{"background-color":"var(--ast-global-color-4)","background-image":"","background-repeat":"repeat","background-position":"center center","background-size":"auto","background-attachment":"scroll","background-type":"","background-media":"","overlay-type":"","overlay-color":"","overlay-opacity":"","overlay-gradient":""},"tablet":{"background-color":"","background-image":"","background-repeat":"repeat","background-position":"center center","background-size":"auto","background-attachment":"scroll","background-type":"","background-media":"","overlay-type":"","overlay-color":"","overlay-opacity":"","overlay-gradient":""},"mobile":{"background-color":"","background-image":"","background-repeat":"repeat","background-position":"center center","background-size":"auto","background-attachment":"scroll","background-type":"","background-media":"","overlay-type":"","overlay-color":"","overlay-opacity":"","overlay-gradient":""}},"ast-content-background-meta":{"desktop":{"background-color":"var(--ast-global-color-5)","background-image":"","background-repeat":"repeat","background-position":"center center","background-size":"auto","background-attachment":"scroll","background-type":"","background-media":"","overlay-type":"","overlay-color":"","overlay-opacity":"","overlay-gradient":""},"tablet":{"background-color":"var(--ast-global-color-5)","background-image":"","background-repeat":"repeat","background-position":"center center","background-size":"auto","background-attachment":"scroll","background-type":"","background-media":"","overlay-type":"","overlay-color":"","overlay-opacity":"","overlay-gradient":""},"mobile":{"background-color":"var(--ast-global-color-5)","background-image":"","background-repeat":"repeat","background-position":"center center","background-size":"auto","background-attachment":"scroll","background-type":"","background-media":"","overlay-type":"","overlay-color":"","overlay-opacity":"","overlay-gradient":""}}},"product_brand":[],"product_cat":[47,56,49],"product_tag":[],"class_list":{"0":"post-1556","1":"product","2":"type-product","3":"status-publish","4":"has-post-thumbnail","6":"product_cat-residetial-ess","7":"product_cat-energy-storage-battery-system","8":"product_cat-wall-mounted-ess","9":"desktop-align-left","10":"tablet-align-left","11":"mobile-align-left","12":"ast-product-gallery-layout-horizontal-slider","13":"ast-product-tabs-layout-horizontal","15":"first","16":"instock","17":"shipping-taxable","18":"purchasable","19":"product-type-simple"},"_links":{"self":[{"href":"https:\/\/haisicstorage.com\/tr\/wp-json\/wp\/v2\/product\/1556","targetHints":{"allow":["GET"]}}],"collection":[{"href":"https:\/\/haisicstorage.com\/tr\/wp-json\/wp\/v2\/product"}],"about":[{"href":"https:\/\/haisicstorage.com\/tr\/wp-json\/wp\/v2\/types\/product"}],"version-history":[{"count":3,"href":"https:\/\/haisicstorage.com\/tr\/wp-json\/wp\/v2\/product\/1556\/revisions"}],"predecessor-version":[{"id":3513,"href":"https:\/\/haisicstorage.com\/tr\/wp-json\/wp\/v2\/product\/1556\/revisions\/3513"}],"wp:featuredmedia":[{"embeddable":true,"href":"https:\/\/haisicstorage.com\/tr\/wp-json\/wp\/v2\/media\/1557"}],"wp:attachment":[{"href":"https:\/\/haisicstorage.com\/tr\/wp-json\/wp\/v2\/media?parent=1556"}],"wp:term":[{"taxonomy":"product_brand","embeddable":true,"href":"https:\/\/haisicstorage.com\/tr\/wp-json\/wp\/v2\/product_brand?post=1556"},{"taxonomy":"product_cat","embeddable":true,"href":"https:\/\/haisicstorage.com\/tr\/wp-json\/wp\/v2\/product_cat?post=1556"},{"taxonomy":"product_tag","embeddable":true,"href":"https:\/\/haisicstorage.com\/tr\/wp-json\/wp\/v2\/product_tag?post=1556"}],"curies":[{"name":"wp","href":"https:\/\/api.w.org\/{rel}","templated":true}]}}