{"id":1552,"date":"2025-11-30T02:33:41","date_gmt":"2025-11-30T02:33:41","guid":{"rendered":"https:\/\/haisicstorage.com\/?post_type=product&#038;p=1552"},"modified":"2026-02-27T07:38:01","modified_gmt":"2026-02-27T07:38:01","slug":"high-volt-stacked-20kwh","status":"publish","type":"product","link":"https:\/\/haisicstorage.com\/tr\/high-volt-stacked-20kwh\/","title":{"rendered":"Y\u00fcksek Voltajl\u0131 Y\u0131\u011f\u0131n 20KWH"},"content":{"rendered":"<p><strong>Yayg\u0131n enerji depolama sistemleri kategorileri nelerdir? <a href=\"https:\/\/www.haisicbattery.com\/products\/solar-energy-storage-system\" target=\"_blank\" rel=\"noopener\">enerji depolama sistemleri<\/a>?<\/strong><\/p>\n<p>Piyasada birka\u00e7 t\u00fcrde yayg\u0131n enerji depolama bataryas\u0131 bulunmaktad\u0131r:<\/p>\n<p>Hepsi bir arada ESS (dahili invert\u00f6r)<\/p>\n<p>\u0130stiflenmi\u015f<\/p>\n<p>Duvara monte<\/p>\n<p>Tekerlekli<\/p>\n<p>Rafa monte<\/p>\n<p><strong>Batarya parametreleri<\/strong><\/p>\n<p><strong><img decoding=\"async\" src=\"https:\/\/shopic.mcmcclass.com\/20221103140934089576076.jpg\" alt=\"g\u00fcne\u015f enerjisi depolama sistemleri\" \/><\/strong><\/p>\n<p>&nbsp;<\/p>\n<p><strong>Nas\u0131l kurar\u0131m?\u00a0<a href=\"https:\/\/www.haisicbattery.com\/products\/solar-energy-storage-system\" target=\"_blank\" rel=\"noopener\">enerji depolama sistemi<\/a>?<\/strong><\/p>\n<p>&nbsp;<\/p>\n<p>E\u011fer bir elektrik\u00e7i gibi sertifikal\u0131 bir kurulumcuysan\u0131z, kendiniz kurabilirsiniz\u00a0<a href=\"https:\/\/www.haisicbattery.com\/products\/solar-energy-storage-batterylrydz\" target=\"_blank\" rel=\"noopener\">enerji depolama bataryalar\u0131<\/a>\u00a0eviniz i\u00e7in. Kurulumdan \u00f6nce, l\u00fctfen al\u0131nan \u00fcr\u00fcn\u00fcn iyi paketlendi\u011finden ve hasars\u0131z oldu\u011fundan emin olun ve ilgili garanti belgesini saklay\u0131n.<\/p>\n<p>&nbsp;<\/p>\n<p>Profesyonel bir g\u00fcne\u015f enerjisi kurulumcusu de\u011filseniz, l\u00fctfen yerel kurulumcularla ileti\u015fime ge\u00e7in ve kurulumu onlar\u0131n yapmas\u0131n\u0131 sa\u011flay\u0131n. Kurulumdan \u00f6nce, kurulumcunun batarya depolama sisteminizi kurmaya yetkili oldu\u011funu g\u00f6steren ilgili kimlik bilgilerini kontrol edin.<\/p>\n<p>&nbsp;<\/p>\n<p>Kurulumcu, kurulum s\u0131ras\u0131nda bir s\u00fcreli\u011fine evin elektri\u011fini kesebilir, ancak bu s\u00fcre k\u0131sa olmal\u0131d\u0131r. \u015eayet saya\u00e7 veya saya\u00e7 kutunuzun y\u00fckseltilmesi gerekiyorsa, elektri\u011finizin daha uzun s\u00fcre kapal\u0131 kalmas\u0131 gerekebilir. T\u00fcm kurulum s\u00fcresi boyunca, l\u00fctfen gerekli t\u00fcm belgeleri ald\u0131\u011f\u0131n\u0131z\u0131 onaylay\u0131n ve saklay\u0131n. Garanti veya talepte bulunman\u0131z gerekirse, bu en \u00f6nemli belgedir.<\/p>\n<p>Kurulum yapan ki\u015fiden enerji depolama bataryas\u0131n\u0131 d\u00fczg\u00fcn kullanmay\u0131 \u00f6\u011frenmenin de \u00e7ok \u00f6nemli oldu\u011funu unutmay\u0131n.<\/p>\n<p>&nbsp;<\/p>\n<p><strong>\u0130nverter parametreleri<\/strong><\/p>\n<table border=\"0\" cellspacing=\"0\" cellpadding=\"0\">\n<colgroup>\n<col \/>\n<col \/><\/colgroup>\n<tbody>\n<tr>\n<td>Model<\/td>\n<td>R10KL1<\/td>\n<\/tr>\n<tr>\n<td colspan=\"2\">Giri\u015f (PV)<\/td>\n<\/tr>\n<tr>\n<td>Maks. g\u00fc\u00e7(kW)<\/td>\n<td>13<\/td>\n<\/tr>\n<tr>\n<td>Maks. DC gerilim(V)<\/td>\n<td>500<\/td>\n<\/tr>\n<tr>\n<td>MPPT gerilim aral\u0131\u011f\u0131(V)<\/td>\n<td>120~500<\/td>\n<\/tr>\n<tr>\n<td>Tek MPPT'nin Maks. giri\u015f ak\u0131m\u0131(A)<\/td>\n<td>12<\/td>\n<\/tr>\n<tr>\n<td>Maks. k\u0131sa devre ak\u0131m\u0131(A)<\/td>\n<td>15<\/td>\n<\/tr>\n<tr>\n<td colspan=\"2\">AC \u00e7\u0131k\u0131\u015f<\/td>\n<\/tr>\n<tr>\n<td>Nominal \u00e7\u0131k\u0131\u015f g\u00fcc\u00fc(kVA)<\/td>\n<td>10<\/td>\n<\/tr>\n<tr>\n<td>Maks. \u00e7\u0131k\u0131\u015f g\u00fcc\u00fc(kVA)<\/td>\n<td>11<\/td>\n<\/tr>\n<tr>\n<td>Maks. \u00e7\u0131k\u0131\u015f ak\u0131m\u0131(A)<\/td>\n<td>47.8<\/td>\n<\/tr>\n<tr>\n<td>AC \u00e7\u0131k\u0131\u015f gerilimi(V)<\/td>\n<td>220,230,240<\/td>\n<\/tr>\n<tr>\n<td>Frekans (Hz)<\/td>\n<td>50\/60\uff0845 ~ 55, 55 ~ 65\uff09<\/td>\n<\/tr>\n<tr>\n<td>PF<\/td>\n<td>0.8 geriye, 0.8 ileri<\/td>\n<\/tr>\n<tr>\n<td>THDi<\/td>\n<td>&lt; 2%<\/td>\n<\/tr>\n<tr>\n<td colspan=\"2\">Batarya<\/td>\n<\/tr>\n<tr>\n<td>Nominal gerilim (V)<\/td>\n<td>48<\/td>\n<\/tr>\n<tr>\n<td>Batarya gerilim aral\u0131\u011f\u0131 (V)<\/td>\n<td>40~60<\/td>\n<\/tr>\n<tr>\n<td>Maks. \u015farj\/de\u015farj ak\u0131m\u0131 (A)<\/td>\n<td>210\/210<\/td>\n<\/tr>\n<tr>\n<td>Pil tipi<\/td>\n<td>Lityum \/ Kur\u015fun-asit<\/td>\n<\/tr>\n<tr>\n<td>Li-\u0130on batarya i\u00e7in \u015farj stratejisi<\/td>\n<td>BMS'ye kendini uyarlama<\/td>\n<\/tr>\n<tr>\n<td colspan=\"2\">EPS \u00e7\u0131k\u0131\u015f\u0131<\/td>\n<\/tr>\n<tr>\n<td>Nominal g\u00fc\u00e7 (kVA)<\/td>\n<td>10<\/td>\n<\/tr>\n<tr>\n<td>Nominal \u00e7\u0131k\u0131\u015f gerilimi (V)<\/td>\n<td>220, 230 ,240<\/td>\n<\/tr>\n<tr>\n<td>Nominal frekans (Hz)<\/td>\n<td>50\/60<\/td>\n<\/tr>\n<tr>\n<td>THDu<\/td>\n<td>&lt; 2%<\/td>\n<\/tr>\n<tr>\n<td colspan=\"2\">Koruma<\/td>\n<\/tr>\n<tr>\n<td>Topraklama tespiti<\/td>\n<td>EVET<\/td>\n<\/tr>\n<tr>\n<td>Ark ar\u0131zas\u0131 korumas\u0131<\/td>\n<td>\u0130ste\u011fe ba\u011fl\u0131<\/td>\n<\/tr>\n<tr>\n<td>Ada korumas\u0131<\/td>\n<td>EVET<\/td>\n<\/tr>\n<tr>\n<td>Batarya ters polarite<\/td>\n<td>EVET<\/td>\n<\/tr>\n<tr>\n<td>\u0130zolasyon diren\u00e7 tespiti<\/td>\n<td>EVET<\/td>\n<\/tr>\n<tr>\n<td>Kalan ak\u0131m izleme \u00fcnitesi<\/td>\n<td>EVET<\/td>\n<\/tr>\n<tr>\n<td>\u00c7\u0131k\u0131\u015f a\u015f\u0131r\u0131 ak\u0131m korumas\u0131<\/td>\n<td>EVET<\/td>\n<\/tr>\n<tr>\n<td>Yedek \u00e7\u0131k\u0131\u015f k\u0131sa devre korumas\u0131<\/td>\n<td>EVET<\/td>\n<\/tr>\n<tr>\n<td>Terminal s\u0131cakl\u0131k tespiti<\/td>\n<td>EVET<\/td>\n<\/tr>\n<tr>\n<td>\u00c7\u0131k\u0131\u015f a\u015f\u0131r\u0131 gerilim\/az gerilim korumas\u0131<\/td>\n<td>EVET<\/td>\n<\/tr>\n<tr>\n<td colspan=\"2\">Genel veriler<\/td>\n<\/tr>\n<tr>\n<td>Avrupa verimlili\u011fi (PV)<\/td>\n<td>\u226597.8%<\/td>\n<\/tr>\n<tr>\n<td>Maks. batarya y\u00fck verimlili\u011fi<\/td>\n<td>\u226597.2%<\/td>\n<\/tr>\n<tr>\n<td>Suya dayan\u0131kl\u0131l\u0131k korumas\u0131<\/td>\n<td>IP65<\/td>\n<\/tr>\n<tr>\n<td>G\u00fcr\u00fclt\u00fc emisyonu(dB)<\/td>\n<td>&lt;38<\/td>\n<\/tr>\n<tr>\n<td>\u00c7al\u0131\u015fma s\u0131cakl\u0131\u011f\u0131<\/td>\n<td>-25\u2103 ~ 60\u2103<\/td>\n<\/tr>\n<tr>\n<td>So\u011futma<\/td>\n<td>Fan So\u011futma<\/td>\n<\/tr>\n<tr>\n<td>Ba\u011f\u0131l nem<\/td>\n<td>0 ~95% (kondensasyon yok)<\/td>\n<\/tr>\n<tr>\n<td>\u0130rtifa<\/td>\n<td>2.000m (&gt;2.000 Azaltma)<\/td>\n<\/tr>\n<tr>\n<td>Boyutlar G *D *Y (mm)<\/td>\n<td>430*220*710<\/td>\n<\/tr>\n<tr>\n<td>A\u011f\u0131rl\u0131k(kg)<\/td>\n<td>41<\/td>\n<\/tr>\n<tr>\n<td>Ekran<\/td>\n<td>LCD, Dokunmatik panel (opsiyonel)<\/td>\n<\/tr>\n<tr>\n<td>BMS\/\u00f6l\u00e7er\/EMS ile ileti\u015fim<\/td>\n<td>RS485, CAN<\/td>\n<\/tr>\n<tr>\n<td>\u0130leti\u015fim aray\u00fcz\u00fc<\/td>\n<td>RS485, WLAN, 4G (opsiyonel)<\/td>\n<\/tr>\n<tr>\n<td>Gece kendi t\u00fcketimi<\/td>\n<td>&lt; 2.5 W (batarya etkinle\u015ftirildi\u011finde &lt; 5 W)<\/td>\n<\/tr>\n<tr>\n<td>Sertifikalar<\/td>\n<td>T\u00fcrkiye NRS, IEC 62109-1\/-2, IEC 61000-6-1, IEC 61000-6-3<\/td>\n<\/tr>\n<\/tbody>\n<\/table>\n<p>&nbsp;<\/p>\n<p><strong>Enerji depolama bataryas\u0131n\u0131 kullan\u0131rken nelere dikkat etmeliyim?<\/strong><\/p>\n<p>&nbsp;<\/p>\n<p>Hizmet \u00f6mr\u00fcn\u00fc uzatmak istiyorsan\u0131z\u00a0<a href=\"https:\/\/www.haisicbattery.com\/products\/solar-energy-storage-batterylrydz\" target=\"_blank\" rel=\"noopener\">enerji depolama bataryas\u0131<\/a>, bataryan\u0131n tam de\u015farj d\u00f6ng\u00fcs\u00fcn\u00fc d\u00fczenli olarak ger\u00e7ekle\u015ftirin.<\/p>\n<p>Bataryay\u0131 \u015farj ve de\u015farj s\u0131ras\u0131nda yakla\u015f\u0131k 25 \u2103 ortamda tutun. Yang\u0131n ve patlama riskini \u00f6nlemek i\u00e7in ate\u015f kaynaklar\u0131ndan ve y\u00fcksek s\u0131cakl\u0131klardan uzak tutun. Kullanmad\u0131\u011f\u0131n\u0131z zamanlarda, d\u00fc\u015f\u00fck nemli ve iyi havaland\u0131r\u0131lan bir yerde saklay\u0131n.<\/p>\n<p>\u0130\u00e7\u00a0<a href=\"https:\/\/www.haisicbattery.com\/products\/lifepo4-battery-packetdwr\" target=\"_blank\" rel=\"noopener\">LFP batarya<\/a>\u00a0enerji depolama bataryas\u0131n\u0131n kendi kendine bo\u015falma oran\u0131 ayda yakla\u015f\u0131k 3% oldu\u011fu i\u00e7in, depolama s\u0131ras\u0131nda y\u00fck olmad\u0131\u011f\u0131ndan emin olun ve bataryay\u0131 d\u00fczenli olarak \u015farj etmeyi unutmay\u0131n.<\/p>\n<p>Batarya kullan\u0131m\u0131 s\u0131ras\u0131nda, depolama veya \u015farjda garip bir koku, \u0131s\u0131nma, renk de\u011fi\u015fimi, deformasyon veya herhangi bir anormallik fark ederseniz, hemen durdurun ve ekipman incelemesi i\u00e7in bir uzmana ba\u015fvurun.<\/p>\n<p>Batarya ekipman\u0131n\u0131 kendiniz eklemeyin, \u00e7\u0131karmay\u0131n veya zarar vermeyin.<\/p>\n<p>&nbsp;<\/p>\n<p>&nbsp;<\/p>","protected":false},"excerpt":{"rendered":"<p>Kolay kurulumu ve minimalist tasar\u0131m\u0131 ile Ta\u015f\u0131nabilir mod\u00fcl lityum batarya, \u00e7e\u015fitli ev stillerini tamamlar. Batarya kapasitesi, ev kullan\u0131m durumuna g\u00f6re serbest\u00e7e ve esnek bir \u015fekilde art\u0131r\u0131labilir. Maliyetleri d\u00fc\u015f\u00fcrmek i\u00e7in en iyi g\u00fcvenlikli LiFePO4 bataryay\u0131 kullan\u0131n. G\u00fc\u00e7 depolama ihtiya\u00e7lar\u0131na g\u00f6re kolay kurulum ve farkl\u0131 batarya paketlerini birle\u015ftirme.<\/p>","protected":false},"featured_media":1553,"template":"","meta":{"site-sidebar-layout":"default","site-content-layout":"","ast-site-content-layout":"default","site-content-style":"default","site-sidebar-style":"default","ast-global-header-display":"","ast-banner-title-visibility":"","ast-main-header-display":"","ast-hfb-above-header-display":"","ast-hfb-below-header-display":"","ast-hfb-mobile-header-display":"","site-post-title":"","ast-breadcrumbs-content":"","ast-featured-img":"","footer-sml-layout":"","ast-disable-related-posts":"","theme-transparent-header-meta":"default","adv-header-id-meta":"","stick-header-meta":"default","header-above-stick-meta":"","header-main-stick-meta":"","header-below-stick-meta":"","astra-migrate-meta-layouts":"set","ast-page-background-enabled":"default","ast-page-background-meta":{"desktop":{"background-color":"var(--ast-global-color-4)","background-image":"","background-repeat":"repeat","background-position":"center center","background-size":"auto","background-attachment":"scroll","background-type":"","background-media":"","overlay-type":"","overlay-color":"","overlay-opacity":"","overlay-gradient":""},"tablet":{"background-color":"","background-image":"","background-repeat":"repeat","background-position":"center center","background-size":"auto","background-attachment":"scroll","background-type":"","background-media":"","overlay-type":"","overlay-color":"","overlay-opacity":"","overlay-gradient":""},"mobile":{"background-color":"","background-image":"","background-repeat":"repeat","background-position":"center center","background-size":"auto","background-attachment":"scroll","background-type":"","background-media":"","overlay-type":"","overlay-color":"","overlay-opacity":"","overlay-gradient":""}},"ast-content-background-meta":{"desktop":{"background-color":"var(--ast-global-color-5)","background-image":"","background-repeat":"repeat","background-position":"center center","background-size":"auto","background-attachment":"scroll","background-type":"","background-media":"","overlay-type":"","overlay-color":"","overlay-opacity":"","overlay-gradient":""},"tablet":{"background-color":"var(--ast-global-color-5)","background-image":"","background-repeat":"repeat","background-position":"center center","background-size":"auto","background-attachment":"scroll","background-type":"","background-media":"","overlay-type":"","overlay-color":"","overlay-opacity":"","overlay-gradient":""},"mobile":{"background-color":"var(--ast-global-color-5)","background-image":"","background-repeat":"repeat","background-position":"center center","background-size":"auto","background-attachment":"scroll","background-type":"","background-media":"","overlay-type":"","overlay-color":"","overlay-opacity":"","overlay-gradient":""}}},"product_brand":[],"product_cat":[47,56,45],"product_tag":[],"class_list":{"0":"post-1552","1":"product","2":"type-product","3":"status-publish","4":"has-post-thumbnail","6":"product_cat-residetial-ess","7":"product_cat-energy-storage-battery-system","8":"product_cat-rack-mounted-ess","9":"desktop-align-left","10":"tablet-align-left","11":"mobile-align-left","12":"ast-product-gallery-layout-horizontal-slider","13":"ast-product-tabs-layout-horizontal","15":"first","16":"instock","17":"shipping-taxable","18":"purchasable","19":"product-type-simple"},"_links":{"self":[{"href":"https:\/\/haisicstorage.com\/tr\/wp-json\/wp\/v2\/product\/1552","targetHints":{"allow":["GET"]}}],"collection":[{"href":"https:\/\/haisicstorage.com\/tr\/wp-json\/wp\/v2\/product"}],"about":[{"href":"https:\/\/haisicstorage.com\/tr\/wp-json\/wp\/v2\/types\/product"}],"version-history":[{"count":4,"href":"https:\/\/haisicstorage.com\/tr\/wp-json\/wp\/v2\/product\/1552\/revisions"}],"predecessor-version":[{"id":3512,"href":"https:\/\/haisicstorage.com\/tr\/wp-json\/wp\/v2\/product\/1552\/revisions\/3512"}],"wp:featuredmedia":[{"embeddable":true,"href":"https:\/\/haisicstorage.com\/tr\/wp-json\/wp\/v2\/media\/1553"}],"wp:attachment":[{"href":"https:\/\/haisicstorage.com\/tr\/wp-json\/wp\/v2\/media?parent=1552"}],"wp:term":[{"taxonomy":"product_brand","embeddable":true,"href":"https:\/\/haisicstorage.com\/tr\/wp-json\/wp\/v2\/product_brand?post=1552"},{"taxonomy":"product_cat","embeddable":true,"href":"https:\/\/haisicstorage.com\/tr\/wp-json\/wp\/v2\/product_cat?post=1552"},{"taxonomy":"product_tag","embeddable":true,"href":"https:\/\/haisicstorage.com\/tr\/wp-json\/wp\/v2\/product_tag?post=1552"}],"curies":[{"name":"wp","href":"https:\/\/api.w.org\/{rel}","templated":true}]}}