{"id":1458,"date":"2025-11-27T04:50:57","date_gmt":"2025-11-27T04:50:57","guid":{"rendered":"https:\/\/haisicstorage.com\/?post_type=product&#038;p=1458"},"modified":"2026-02-27T07:37:26","modified_gmt":"2026-02-27T07:37:26","slug":"lifepo4-battery-51-2v-100ah","status":"publish","type":"product","link":"https:\/\/haisicstorage.com\/tr\/lifepo4-battery-51-2v-100ah\/","title":{"rendered":"Lifepo4 Pil 51.2v 100ah"},"content":{"rendered":"<div class=\"ProductAttr\">\n<div class=\"ProductAttrItem\">\n<div>\u00dcr\u00fcn Vurgular\u0131:<br \/>\n\u2714 Y\u00fcksek Enerji Yo\u011funlu\u011fu: 5kWh b\u00fcy\u00fck kapasiteli tasar\u0131m, kompakt raf montaj yap\u0131s\u0131yla alan tasarrufu sa\u011flar ve uzun \u00f6m\u00fcrl\u00fc g\u00fc\u00e7 deste\u011fi sunar.<br \/>\n\u2714 Y\u00fcksek Gerilim Verimlili\u011fi: Y\u00fcksek gerilimli sistem tasar\u0131m\u0131 enerji kayb\u0131n\u0131 azalt\u0131r, \u015farj ve de\u015farj verimlili\u011fini art\u0131r\u0131r ve ticari, end\u00fcstriyel ve konut uygulamalar\u0131n\u0131n enerji depolama ihtiya\u00e7lar\u0131n\u0131 kar\u015f\u0131lar.<br \/>\n\u2714 Ak\u0131ll\u0131 Y\u00f6netim: Dahili BMS batarya y\u00f6netim sistemi, voltaj, s\u0131cakl\u0131k ve ak\u0131m\u0131 ger\u00e7ek zamanl\u0131 izleyerek g\u00fcvenli \u00e7al\u0131\u015fmay\u0131 sa\u011flar ve servis \u00f6mr\u00fcn\u00fc uzat\u0131r.<br \/>\n\u2714 Esnek \u00d6l\u00e7eklenebilirlik: Birden fazla mod\u00fcl\u00fcn paralel ba\u011flanmas\u0131n\u0131 destekler, \u00e7e\u015fitli enerji depolama senaryolar\u0131n\u0131 kar\u015f\u0131lamak i\u00e7in onlarca kWh'a kolayca \u00f6l\u00e7eklenebilir.<br \/>\n\u2714 Stabil ve Dayan\u0131kl\u0131: 6.000\u2019den fazla d\u00f6ng\u00fc \u00f6mr\u00fcne sahip y\u00fcksek kaliteli lityum iyon h\u00fccreler kullan\u0131r, -20\u00b0C ile 60\u00b0C aras\u0131nda geni\u015f s\u0131cakl\u0131k aral\u0131\u011f\u0131nda dayan\u0131kl\u0131d\u0131r ve zor ko\u015fullara kar\u015f\u0131 diren\u00e7lidir.<br \/>\nUygulama Senaryolar\u0131:<br \/>\nTicari ve End\u00fcstriyel Enerji Depolama: \u015eebeke y\u00fck\u00fcn\u00fc dengeleyerek elektrik maliyetlerini d\u00fc\u015f\u00fcr\u00fcr ve pik-\u00e7ift elektrik fiyatlar\u0131n\u0131 kar\u015f\u0131lar.<br \/>\nKonut Fotovoltaik Enerji Depolama: G\u00fcne\u015f enerjisini depolayarak ye\u015fil enerjide kendi kendine yetmeyi sa\u011flar.<br \/>\nAcil Yedek G\u00fc\u00e7 Kayna\u011f\u0131: Veri merkezleri ve t\u0131bbi ekipman gibi kritik tesisler i\u00e7in kesintisiz g\u00fc\u00e7 sa\u011flar.<br \/>\nNeden HS-GS5000WHV tercih edilmeli?<br \/>\nEn son teknolojiyi ve UL\/CE gibi s\u0131k\u0131 g\u00fcvenlik sertifikalar\u0131n\u0131 kullanarak g\u00fcvenilir, ak\u0131ll\u0131 enerji depolama \u00e7\u00f6z\u00fcmleri sunuyoruz. Enerji tasarrufu, emisyon azalt\u0131m\u0131 veya g\u00fc\u00e7 optimizasyonu i\u00e7in, HS-GS5000WHV sizin ideal enerji orta\u011f\u0131n\u0131zd\u0131r.<\/div>\n<div><\/div>\n<div class=\"ProductAttr-title\">H\u00fccre Kimyas\u0131\u00a0 \u00a0 LiFePO4\u00a0 \u00a0 \u00a0 \u00a0 \u00a0 \u00a0 \u00a0 \u00a0 \u00a0 \u00a0 \u00a0 \u00a0 \u00a0 \u00a0 \u00a0<span style=\"font-size: 16px;\">Mod\u00fcl Enerjisi(kWh)\u00a0 \u00a0 <\/span><span style=\"font-size: 16px;\">5.12<\/span><\/div>\n<\/div>\n<div class=\"ProductAttrItem\">\n<div class=\"ProductAttr-title\">Mod\u00fcl Nominal Gerilim (V)\u00a0 \u00a0 51.2\u00a0 \u00a0 \u00a0 \u00a0 \u00a0 \u00a0 <span style=\"font-size: 16px;\">Mod\u00fcl Kapasitesi(Ah)\u00a0 \u00a0 <\/span><span style=\"font-size: 16px;\">100<\/span><\/div>\n<\/div>\n<div class=\"ProductAttrItem\">\n<div class=\"ProductAttr-title\">\u00c7al\u0131\u015fma S\u0131cakl\u0131\u011f\u0131(\u00b0C)\u00a0 \u00a0\u015earj\u00a0 \u00a0 \u00a0 \u00a0 \u00a0 \u00a0 <span style=\"font-size: 16px;\">\u0130leti\u015fim Portu\u00a0 \u00a0 <\/span><span style=\"font-size: 16px;\">\u22642000m<\/span><\/div>\n<\/div>\n<div class=\"ProductAttrItem\">\n<div class=\"ProductAttr-title\">Nem\u00a0 \u00a05~85%RH\u00a0 \u00a0 \u00a0 \u00a0 \u00a0 \u00a0 \u00a0 \u00a0 \u00a0 \u00a0 \u00a0 \u00a0 \u00a0 \u00a0 \u00a0 \u00a0 \u00a0 \u00a0 \u00a0<span style=\"font-size: 16px;\">\u0130rtifa\u00a0 \u00a0<\/span><span style=\"font-size: 16px;\">\uff1a&lt;40dB<\/span><\/div>\n<\/div>\n<div class=\"ProductAttrItem\">\n<div class=\"ProductAttr-title\">Kasa IP Derecesi\u00a0 \u00a0IP20<strong style=\"font-size: 16px;\"><span data-spm-anchor-id=\"a2700.pc-decorate.0.i7.5d033333Lu9Prj\">\u00a0 \u00a0<\/span><\/strong><\/div>\n<\/div>\n<\/div>\n<div class=\"product-tab-desc\">\n<div data-spm-anchor-id=\"a2700.pc-decorate.0.i6.5d033333Lu9Prj\">\n<div data-spm-anchor-id=\"a2700.pc-decorate.0.i5.5d033333Lu9Prj\"><strong>\u00dcr\u00fcn Tan\u0131m\u0131<\/strong><\/div>\n<div data-spm-anchor-id=\"a2700.pc-decorate.0.i5.5d033333Lu9Prj\"><img fetchpriority=\"high\" decoding=\"async\" src=\"https:\/\/shopic.mcmcclass.com\/66f55da59d7344f69c2f85f6729c01c8\/20250731\/image\/1268207834349189692\/20250731140510319169072.png\" alt=\"\" width=\"1000\" height=\"1000\" data-natural-size=\"1000,1000\" \/><\/div>\n<div data-spm-anchor-id=\"a2700.pc-decorate.0.i5.5d033333Lu9Prj\"><\/div>\n<div data-spm-anchor-id=\"a2700.pc-decorate.0.i5.5d033333Lu9Prj\"><\/div>\n<div data-spm-anchor-id=\"a2700.pc-decorate.0.i5.5d033333Lu9Prj\"><\/div>\n<div data-spm-anchor-id=\"a2700.pc-decorate.0.i5.5d033333Lu9Prj\"><strong>\u00dcr\u00fcn Avantajlar\u0131 <\/strong><\/div>\n<div data-spm-anchor-id=\"a2700.pc-decorate.0.i5.5d033333Lu9Prj\">\n<p><strong data-spm-anchor-id=\"a2700.pc-decorate.0.i5.1b2f3333Uc02wM\">\u2666Daha Uzun D\u00f6ng\u00fc \u00d6mr\u00fc :<\/strong>\u00c7evrim say\u0131s\u0131 6000+ d\u00f6ng\u00fcye ula\u015f\u0131r, \u00c7al\u0131\u015fma s\u0131cakl\u0131\u011f\u0131 aral\u0131\u011f\u0131 -25\u00b0C ile 60\u00b0C aras\u0131ndad\u0131r, m\u00fckemmel de\u015farj performans\u0131 ve d\u00f6ng\u00fc \u00f6mr\u00fc sa\u011flar.<\/p>\n<div><\/div>\n<div>\u2666<strong data-spm-anchor-id=\"a2700.pc-decorate.0.i4.1b2f3333Uc02wM\">Daha Az \u00c7evresel Kirlilik:<\/strong>Toksik olmayan malzemelerle: demir, grafit ve bak\u0131r, T\u00fcm mod\u00fcl toksik olmayan, kirletici olmayan ve \u00e7evre dostudur.<\/div>\n<div><\/div>\n<div>\u2666<strong>G\u00fcvenli ve G\u00fcvenilir<\/strong> :Katot malzemesi g\u00fcvenlik performans\u0131 ve uzun d\u00f6ng\u00fc \u00f6mr\u00fc ile LiFePO4'tan yap\u0131lm\u0131\u015ft\u0131r, Mod\u00fcl daha az kendi kendine de\u015farj olur, rafta 6 aya kadar \u015farj edilmeden kullan\u0131labilir, haf\u0131za etkisi yok, s\u0131\u011f \u015farj ve de\u015farjda m\u00fckemmel performans sa\u011flar.<\/div>\n<div><\/div>\n<div>\u2666<strong>Y\u00fcksek de\u015farj verimlili\u011fi:<\/strong>Batarya Verimlili\u011fi &gt;98.10%<\/div>\n<div><strong>\u00a0<\/strong><\/div>\n<div><strong>\u2666<\/strong><strong>Esnek Konfig\u00fcrasyon:<\/strong>Birden fazla batarya mod\u00fcl\u00fc, kapasite ve g\u00fcc\u00fc art\u0131rmak i\u00e7in paralel ba\u011flanabilir.<\/div>\n<div><strong>\u2666d\u00fc\u015f\u00fck g\u00fcr\u00fclt\u00fc<\/strong>HS-GS5000WHV<\/div>\n<\/div>\n<div data-spm-anchor-id=\"a2700.pc-decorate.0.i5.5d033333Lu9Prj\"><\/div>\n<div data-spm-anchor-id=\"a2700.pc-decorate.0.i5.5d033333Lu9Prj\"><strong>\u015eirket Profili <\/strong><\/div>\n<div data-spm-anchor-id=\"a2700.pc-decorate.0.i5.5d033333Lu9Prj\"><\/div>\n<div data-spm-anchor-id=\"a2700.pc-decorate.0.i5.5d033333Lu9Prj\"><\/div>\n<div data-spm-anchor-id=\"a2700.pc-decorate.0.i5.5d033333Lu9Prj\">\n<p><strong><span data-spm-anchor-id=\"a2700.pc-decorate.0.i21.5d033333Lu9Prj\">Haisic Battery 2011 y\u0131l\u0131nda kuruldu, Shenzhen Haisic Technology Co., Ltd. enerji depolama \u00fcr\u00fcnlerinin Ar-Ge ve \u00fcretimine adanm\u0131\u015f ulusal bir y\u00fcksek teknoloji i\u015fletmesidir; LiFePO4 pil paketleri, ticari ve end\u00fcstriyel enerji depolama, daire i\u00e7i enerji depolama, ta\u015f\u0131nabilir g\u00fc\u00e7 istasyonu\/g\u00fcne\u015f jenerat\u00f6r\u00fc, g\u00fcne\u015f inverteri, forklift pil, RV\/manzaral\u0131 otob\u00fcs\/ golf arac\u0131 pil ve di\u011fer OEM\/ODM<\/span><\/strong><\/p>\n<div><\/div>\n<div><strong>12 y\u0131l\u0131 a\u015fk\u0131n s\u00fcredir bu alanda derinlemesine \u00e7al\u0131\u015fan Haisic Teknoloji, Ar-Ge, inovasyon, kalite kontrol ve y\u00f6netim konusunda derin deneyimler kazanm\u0131\u015ft\u0131r. \u00dcr\u00fcnlerimiz ev enerji depolama, end\u00fcstriyel enerji depolama, ticari enerji depolama, g\u00fc\u00e7 ileti\u015fimi, medikal elektronik, g\u00fcvenlik ileti\u015fimi, ula\u015f\u0131m ve lojistik, yeni enerji g\u00fcc\u00fc, ak\u0131ll\u0131 ev ve di\u011fer ilgili alanlarda kullan\u0131lmaktad\u0131r. <\/strong><\/div>\n<div><strong>\u00a0<\/strong><\/div>\n<div><strong>We have owned our own production base covering more than 14000m located in Dapeng district of Shenzhen with ISO9001, ISO14001, IS045001 and Amfori BSCI, and our products are with CE, FCC, TUV-UL2054, CQC,RoHs, PSE,MSDS, UN38.3 certificates. We\u2019ve already provided safe, stable, environmentallyfriendly, high-quality products and professional OEM\/ODM services to customers in more than 80 countries and regions. <\/strong><\/div>\n<div><\/div>\n<div><strong>SSS <\/strong><\/div>\n<div><strong><span data-spm-anchor-id=\"a2700.pc-decorate.0.i33.5d033333Lu9Prj\">1. Lityum pillerin \u00f6zelli\u011fi nedir?<\/span><\/strong><\/div>\n<div>\n<p><span data-spm-anchor-id=\"a2700.pc-decorate.0.i33.5d033333Lu9Prj\">C: Y\u00fcksek enerji yo\u011funlu\u011fu ile 460-600Wh\/kg'a ula\u015fm\u0131\u015ft\u0131r, bu da kur\u015fun-asit pillerin yakla\u015f\u0131k 6-7 kat\u0131d\u0131r. Uzun hizmet \u00f6mr\u00fc, kullan\u0131m \u00f6mr\u00fc 6 y\u0131ldan fazla olabilir. Hafif a\u011f\u0131rl\u0131k, a\u011f\u0131rl\u0131k ayn\u0131 hacimdeki kur\u015fun-asit \u00fcr\u00fcn\u00fcn yakla\u015f\u0131k 1\/5-6's\u0131d\u0131r.<\/span><\/p>\n<p>&nbsp;<\/p>\n<div data-spm-anchor-id=\"a2700.pc-decorate.0.i34.5d033333Lu9Prj\"><strong>2. Lityum pil ne i\u00e7in kullan\u0131l\u0131r?<br \/>\n<\/strong>A: Lityum pil g\u00fc\u00e7 ve enerji depolama i\u00e7in kullan\u0131l\u0131r. Acil g\u00fc\u00e7 yedeklemesi veya UPS gibi. G\u00fcvenilir elektrik ve rekreasyonel ara\u00e7 g\u00fcc\u00fc, golf arabas\u0131, g\u00fcvenilir ve hafif marin, g\u00fcne\u015f enerjisi depolama, g\u00fcne\u015f evi, k\u00fc\u00e7\u00fck i\u015fleme fabrikas\u0131, uzaktan konumlarda g\u00f6zetim veya alarm sistemleri.3.Boyalar\u0131n\u0131z g\u00fcvenli mi? A: Pilimiz g\u00fcvenli. T\u00fcm Zwayn piller, LiFePO4 katot ve yerle\u015fik Pil Y\u00f6netim Sistemi (BMS) dahil olmak \u00fczere en g\u00fcvenli ve en kararl\u0131 bile\u015fenleri kullan\u0131r. BMS h\u00fccreleri a\u015f\u0131r\u0131 y\u00fcksek veya d\u00fc\u015f\u00fck voltajlar, y\u00fcksek ak\u0131mlar, k\u0131sa devreler ve a\u015f\u0131r\u0131 \u0131s\u0131 veya so\u011fu\u011fa kar\u015f\u0131 korur. Bunlar pil ar\u0131zalar\u0131n\u0131n en yayg\u0131n nedenleridir ve t\u00fcm pillerimizde bu riskleri azaltmak i\u00e7in her t\u00fcrl\u00fc tedbir al\u0131nm\u0131\u015ft\u0131r.<br \/>\n<strong><br \/>\n4. Uygulamam i\u00e7in do\u011fru lityum derin d\u00f6ng\u00fcl\u00fc pili nas\u0131l se\u00e7erim?<br \/>\n<\/strong>C: \u00c7o\u011fu standart 12, 24 veya 48 volt sistemde, en iyi lityum pil se\u00e7imi LiFePO4't\u00fcr (Lityum Demir Fosfat\/<br \/>\nPo\u015fet\/Birincil pil h\u00fccresi). Bu tip pilin voltaj\u0131 bir AGM'ye \u00e7ok benzer ve kolayca<br \/>\nRV'niz, tekneniz, \u015febekeden ba\u011f\u0131ms\u0131z g\u00fc\u00e7 sisteminiz, g\u00fcne\u015f eviniz (TV, buzdolab\u0131, \u00e7ama\u015f\u0131r makinesi, klima<br \/>\nkondisyoner, su \u0131s\u0131t\u0131c\u0131s\u0131, mikrodalga f\u0131r\u0131n, ind\u00fcksiyon oca\u011f\u0131, bula\u015f\u0131k makinesi, yaz\u0131c\u0131, bilgisayar),Telekom\u00fcnikasyon Kulesi, hibrit ve ba\u011f\u0131ms\u0131z g\u00fcne\u015f enerjisi sistemi uygulamalar\u0131.5. Seri mi yoksa paralel mi kullan\u0131labilir? C: Evet efendim, paralel ba\u011flant\u0131da en \u00e7ok 15 adede kadar kullanabilir, Maks. 150 kWh depolama kutusu.<br \/>\n<strong><br \/>\n6. Bu pil paketi invert\u00f6r\u00fcmle uyumlu olabilir mi? Uyumlu invert\u00f6rlerin bir \u015firket listesi var m\u0131?<br \/>\n<\/strong>A:Yes sir, our battery pack can compatible with most brand of inverter on the market, such as Deye, MUST, SMA, Growatt, Solax,Solis, Sungrow, Sofar, Voltronic, Sorotec, Studer, etc.<\/p>\n<\/div>\n<\/div>\n<\/div>\n<\/div>\n<\/div>","protected":false},"excerpt":{"rendered":"<p>HS-GS5000WHV Y\u00fcksek Gerilimli Raf \u00dczerine Montaj Enerji Depolama Bataryas\u0131 \u2014 Verimli, Stabil, Enerji Gelece\u011finizi G\u00fc\u00e7lendiren<\/p>","protected":false},"featured_media":3492,"template":"","meta":{"site-sidebar-layout":"default","site-content-layout":"","ast-site-content-layout":"default","site-content-style":"default","site-sidebar-style":"default","ast-global-header-display":"","ast-banner-title-visibility":"","ast-main-header-display":"","ast-hfb-above-header-display":"","ast-hfb-below-header-display":"","ast-hfb-mobile-header-display":"","site-post-title":"","ast-breadcrumbs-content":"","ast-featured-img":"","footer-sml-layout":"","ast-disable-related-posts":"","theme-transparent-header-meta":"default","adv-header-id-meta":"","stick-header-meta":"default","header-above-stick-meta":"","header-main-stick-meta":"","header-below-stick-meta":"","astra-migrate-meta-layouts":"set","ast-page-background-enabled":"default","ast-page-background-meta":{"desktop":{"background-color":"var(--ast-global-color-4)","background-image":"","background-repeat":"repeat","background-position":"center center","background-size":"auto","background-attachment":"scroll","background-type":"","background-media":"","overlay-type":"","overlay-color":"","overlay-opacity":"","overlay-gradient":""},"tablet":{"background-color":"","background-image":"","background-repeat":"repeat","background-position":"center center","background-size":"auto","background-attachment":"scroll","background-type":"","background-media":"","overlay-type":"","overlay-color":"","overlay-opacity":"","overlay-gradient":""},"mobile":{"background-color":"","background-image":"","background-repeat":"repeat","background-position":"center center","background-size":"auto","background-attachment":"scroll","background-type":"","background-media":"","overlay-type":"","overlay-color":"","overlay-opacity":"","overlay-gradient":""}},"ast-content-background-meta":{"desktop":{"background-color":"var(--ast-global-color-5)","background-image":"","background-repeat":"repeat","background-position":"center center","background-size":"auto","background-attachment":"scroll","background-type":"","background-media":"","overlay-type":"","overlay-color":"","overlay-opacity":"","overlay-gradient":""},"tablet":{"background-color":"var(--ast-global-color-5)","background-image":"","background-repeat":"repeat","background-position":"center center","background-size":"auto","background-attachment":"scroll","background-type":"","background-media":"","overlay-type":"","overlay-color":"","overlay-opacity":"","overlay-gradient":""},"mobile":{"background-color":"var(--ast-global-color-5)","background-image":"","background-repeat":"repeat","background-position":"center center","background-size":"auto","background-attachment":"scroll","background-type":"","background-media":"","overlay-type":"","overlay-color":"","overlay-opacity":"","overlay-gradient":""}}},"product_brand":[],"product_cat":[45,56,47],"product_tag":[],"class_list":{"0":"post-1458","1":"product","2":"type-product","3":"status-publish","4":"has-post-thumbnail","6":"product_cat-rack-mounted-ess","7":"product_cat-energy-storage-battery-system","8":"product_cat-residetial-ess","9":"desktop-align-left","10":"tablet-align-left","11":"mobile-align-left","12":"ast-product-gallery-layout-horizontal-slider","13":"ast-product-tabs-layout-horizontal","15":"first","16":"instock","17":"shipping-taxable","18":"purchasable","19":"product-type-simple"},"_links":{"self":[{"href":"https:\/\/haisicstorage.com\/tr\/wp-json\/wp\/v2\/product\/1458","targetHints":{"allow":["GET"]}}],"collection":[{"href":"https:\/\/haisicstorage.com\/tr\/wp-json\/wp\/v2\/product"}],"about":[{"href":"https:\/\/haisicstorage.com\/tr\/wp-json\/wp\/v2\/types\/product"}],"version-history":[{"count":6,"href":"https:\/\/haisicstorage.com\/tr\/wp-json\/wp\/v2\/product\/1458\/revisions"}],"predecessor-version":[{"id":3510,"href":"https:\/\/haisicstorage.com\/tr\/wp-json\/wp\/v2\/product\/1458\/revisions\/3510"}],"wp:featuredmedia":[{"embeddable":true,"href":"https:\/\/haisicstorage.com\/tr\/wp-json\/wp\/v2\/media\/3492"}],"wp:attachment":[{"href":"https:\/\/haisicstorage.com\/tr\/wp-json\/wp\/v2\/media?parent=1458"}],"wp:term":[{"taxonomy":"product_brand","embeddable":true,"href":"https:\/\/haisicstorage.com\/tr\/wp-json\/wp\/v2\/product_brand?post=1458"},{"taxonomy":"product_cat","embeddable":true,"href":"https:\/\/haisicstorage.com\/tr\/wp-json\/wp\/v2\/product_cat?post=1458"},{"taxonomy":"product_tag","embeddable":true,"href":"https:\/\/haisicstorage.com\/tr\/wp-json\/wp\/v2\/product_tag?post=1458"}],"curies":[{"name":"wp","href":"https:\/\/api.w.org\/{rel}","templated":true}]}}