{"id":1450,"date":"2025-11-27T04:45:06","date_gmt":"2025-11-27T04:45:06","guid":{"rendered":"https:\/\/haisicstorage.com\/?post_type=product&#038;p=1450"},"modified":"2026-02-27T06:50:16","modified_gmt":"2026-02-27T06:50:16","slug":"1075kwh-100kw-commercial-industrial-container-ess","status":"publish","type":"product","link":"https:\/\/haisicstorage.com\/tr\/1075kwh-100kw-commercial-industrial-container-ess\/","title":{"rendered":"215KWH 100KW Ticari ve End\u00fcstriyel Konteyner ESS"},"content":{"rendered":"<p><strong>G\u00fcne\u015f Enerjisi Sistemleri i\u00e7in \u015eebeke Ba\u011flant\u0131l\u0131 ve \u015eebekeden Ba\u011f\u0131ms\u0131z Hava So\u011futmal\u0131 200kW PCS 1mWh LiFePO4 Batarya ESS<\/strong><\/p>\n<p>End\u00fcstriyel ve Ticari Enerji Depolama sekt\u00f6r\u00fc i\u00e7in tasarlanm\u0131\u015f, Entegre \u015eebeke Ba\u011flant\u0131l\u0131 ve \u015eebekeden Ba\u011f\u0131ms\u0131z Hava So\u011futmal\u0131 200kW PCS 1mWh LiFePO4 Batarya Enerji Depolama Sistemi (ESS) en geli\u015fmi\u015f \u00e7\u00f6z\u00fcmd\u00fcr.<br \/>\nVerimlilik ve g\u00fcvenilirli\u011fi en \u00fcst d\u00fczeye \u00e7\u0131karmak \u00fczere tasarlanm\u0131\u015f bu sistem, geli\u015fmi\u015f teknolojiyi sorunsuz bir \u015fekilde entegre ederek i\u015fletmelerin enerji y\u00f6netimini devrim niteli\u011finde de\u011fi\u015ftirir.<\/p>\n<p>&nbsp;<\/p>\n<p>Sorunsuz Entegrasyon \u0130\u00e7in T\u00fcmle\u015fik Tasar\u0131m<br \/>\n\u00dcr\u00fcn\u00fcm\u00fcz, mevcut g\u00fcne\u015f enerjisi sistemlerine sorunsuz entegrasyon sa\u011flayan t\u00fcmle\u015fik tasar\u0131m \u00f6zelli\u011fine sahiptir.<br \/>\nAC ba\u011flant\u0131l\u0131 \u00e7\u00f6z\u00fcm ile \u00e7ok y\u00f6nl\u00fc uyumluluk sunar, kolay kurulum ve i\u015fletim imkan\u0131 sa\u011flar.<br \/>\nD\u0131\u015f muhafaza, \u00e7e\u015fitli \u00e7evresel ko\u015fullara dayanacak \u015fekilde tasarlanm\u0131\u015f olup, \u015febeke ba\u011fl\u0131, \u015febekeden ba\u011f\u0131ms\u0131z veya hibrit \u015febeke uygulamalar\u0131 i\u00e7in uygun hale getirilmi\u015ftir.<\/p>\n<p>\u00dcst\u00fcn Performans ve Dayan\u0131kl\u0131l\u0131k<br \/>\nY\u00fcksek performansl\u0131 200kW inverter ile donat\u0131lm\u0131\u015f sistemimiz, istikrarl\u0131 ve g\u00fcvenilir g\u00fc\u00e7 d\u00f6n\u00fc\u015f\u00fcm\u00fc sa\u011flar, enerji kullan\u0131m\u0131n\u0131 optimize eder.<br \/>\n1075,2kWh nominal enerjiye sahip LiFePO4 batarya, 15 y\u0131l tasar\u0131m \u00f6mr\u00fc ile uzun s\u00fcreli performans sa\u011flar.<br \/>\n-20\u00b0C ile 50\u00b0C aras\u0131nda geni\u015f bir s\u0131cakl\u0131k aral\u0131\u011f\u0131nda \u00e7al\u0131\u015fabilen ve IP65 koruma s\u0131n\u0131f\u0131na sahip olan sistemimiz, zorlu end\u00fcstriyel ortamlara dayanacak \u015fekilde tasarlanm\u0131\u015f olup, kesintisiz \u00e7al\u0131\u015fma sa\u011flar.<\/p>\n<p>Geli\u015fmi\u015f Teknoloji ile Art\u0131r\u0131lm\u0131\u015f Verimlilik<br \/>\nS\u0131v\u0131 so\u011futma teknolojisi ile donat\u0131lm\u0131\u015f sistemimiz, optimal \u00e7al\u0131\u015fma s\u0131cakl\u0131klar\u0131n\u0131 koruyarak genel verimlili\u011fi art\u0131r\u0131r ve g\u00fcr\u00fclt\u00fcy\u00fc \u226475dB seviyesine d\u00fc\u015f\u00fcr\u00fcr.<br \/>\nEthernet ve Modbus TCP\/IP ileti\u015fim \u00f6zellikleri ile sistemin izlenmesi ve kontrol\u00fc kolay ve eri\u015filebilir hale gelir.<br \/>\nMPPT voltaj aral\u0131\u011f\u0131 200~800V olan sistemimiz, g\u00fcne\u015f panellerinden verimli enerji toplamas\u0131n\u0131 sa\u011flar, yenilenebilir enerji kaynaklar\u0131n\u0131n kullan\u0131m\u0131n\u0131 maksimize eder.<\/p>\n<p>\u00dcr\u00fcn \u00d6zellikleri:<br \/>\nSorunsuz entegrasyon i\u00e7in t\u00fcmle\u015fik tasar\u0131m<br \/>\n\u00c7ok y\u00f6nl\u00fc uyumluluk i\u00e7in AC-\u015farjl\u0131 \u00e7\u00f6z\u00fcm<br \/>\nHerhangi bir kurulum alan\u0131na uygun a\u00e7\u0131k muhafaza<br \/>\nUzun \u00f6m\u00fcrl\u00fc performans i\u00e7in 15 y\u0131l tasar\u0131m \u00f6mr\u00fc<br \/>\nBak\u0131m gerektirmeyen \u00e7al\u0131\u015fma ile stabil performans<\/p>\n<p>\u00dcr\u00fcn \u00d6zellikleri:<br \/>\nModel Numaras\u0131: 200kW\/1075kWh<br \/>\n\u00c7al\u0131\u015fma S\u0131cakl\u0131\u011f\u0131 Aral\u0131\u011f\u0131: -20~50\u2103<br \/>\nAk\u00fc T\u00fcr\u00fc: LiFePO4<br \/>\nG\u00fcr\u00fclt\u00fc: \u226475dB<br \/>\nSistem Verimlili\u011fi: \u226585%<br \/>\nMarka Ad\u0131: Haisic<br \/>\nBoyut (Uzunluk x Geni\u015flik x Y\u00fckseklik): 2700mm x 2400mm x 2550mm<br \/>\nA\u011f\u0131rl\u0131k: 9000KG<br \/>\nSo\u011futma: S\u0131v\u0131 So\u011futma<br \/>\nGerilim Aral\u0131\u011f\u0131: 448V~560V<br \/>\nBa\u011f\u0131l Nem: 0~95% (Yo\u011fu\u015fma yok)<br \/>\n\u0130leti\u015fim: Ethernet, Modbus TCP\/IP<br \/>\nMen\u015fei: Guangdong, \u00c7in<br \/>\n\u015eebeke Ba\u011flant\u0131s\u0131: Off-grid, Hibrit \u015febeke, \u015eebeke ba\u011flant\u0131l\u0131<br \/>\nKoruma S\u0131n\u0131f\u0131: IP65<br \/>\nMPPT Gerilim Aral\u0131\u011f\u0131: 200~800V<br \/>\nDe\u011ferlendirilmi\u015f \u015earj\/De\u015farj G\u00fcc\u00fc: 200kW<br \/>\n\u0130leti\u015fim Portu: Ethernet, Modbus TCP\/IP<br \/>\n\u0130nvert\u00f6r: Hibrit<\/p>\n<p>\u00d6zetle, On Grid Off Grid Hava So\u011futmal\u0131 200kW PCS 1mWh LiFePO4 Batarya ESS \u00e7\u00f6z\u00fcm\u00fcm\u00fcz, g\u00fcvenilir, verimli ve<br \/>\nve s\u00fcrd\u00fcr\u00fclebilir enerji depolama \u00e7\u00f6z\u00fcmleri arayan i\u015fletmeler i\u00e7in kapsaml\u0131 bir \u00e7\u00f6z\u00fcm sunar. Geli\u015fmi\u015f teknoloji, \u00fcst\u00fcn performans ve sa\u011flam yap\u0131s\u0131yla, end\u00fcstriyel ve ticari enerji depolama uygulamalar\u0131 i\u00e7in ideal se\u00e7imdir<\/p>","protected":false},"excerpt":{"rendered":"<p>End\u00fcstriyel ve Ticari Enerji Depolama sekt\u00f6r\u00fc i\u00e7in tasarlanm\u0131\u015f, Entegre \u015eebeke Ba\u011flant\u0131l\u0131 ve \u015eebekeden Ba\u011f\u0131ms\u0131z Hava So\u011futmal\u0131 200kW PCS 1mWh LiFePO4 Batarya Enerji Depolama Sistemi (ESS) en geli\u015fmi\u015f \u00e7\u00f6z\u00fcmd\u00fcr. Verimlilik ve g\u00fcvenilirli\u011fi en \u00fcst d\u00fczeye \u00e7\u0131karmak \u00fczere tasarlanm\u0131\u015f bu sistem, geli\u015fmi\u015f teknolojiyi sorunsuz bir \u015fekilde entegre ederek i\u015fletmelerin enerji y\u00f6netimini devrim niteli\u011finde de\u011fi\u015ftirir.<\/p>","protected":false},"featured_media":3473,"template":"","meta":{"site-sidebar-layout":"default","site-content-layout":"","ast-site-content-layout":"default","site-content-style":"default","site-sidebar-style":"default","ast-global-header-display":"","ast-banner-title-visibility":"","ast-main-header-display":"","ast-hfb-above-header-display":"","ast-hfb-below-header-display":"","ast-hfb-mobile-header-display":"","site-post-title":"","ast-breadcrumbs-content":"","ast-featured-img":"","footer-sml-layout":"","ast-disable-related-posts":"","theme-transparent-header-meta":"default","adv-header-id-meta":"","stick-header-meta":"default","header-above-stick-meta":"","header-main-stick-meta":"","header-below-stick-meta":"","astra-migrate-meta-layouts":"set","ast-page-background-enabled":"default","ast-page-background-meta":{"desktop":{"background-color":"var(--ast-global-color-4)","background-image":"","background-repeat":"repeat","background-position":"center center","background-size":"auto","background-attachment":"scroll","background-type":"","background-media":"","overlay-type":"","overlay-color":"","overlay-opacity":"","overlay-gradient":""},"tablet":{"background-color":"","background-image":"","background-repeat":"repeat","background-position":"center center","background-size":"auto","background-attachment":"scroll","background-type":"","background-media":"","overlay-type":"","overlay-color":"","overlay-opacity":"","overlay-gradient":""},"mobile":{"background-color":"","background-image":"","background-repeat":"repeat","background-position":"center center","background-size":"auto","background-attachment":"scroll","background-type":"","background-media":"","overlay-type":"","overlay-color":"","overlay-opacity":"","overlay-gradient":""}},"ast-content-background-meta":{"desktop":{"background-color":"var(--ast-global-color-5)","background-image":"","background-repeat":"repeat","background-position":"center center","background-size":"auto","background-attachment":"scroll","background-type":"","background-media":"","overlay-type":"","overlay-color":"","overlay-opacity":"","overlay-gradient":""},"tablet":{"background-color":"var(--ast-global-color-5)","background-image":"","background-repeat":"repeat","background-position":"center center","background-size":"auto","background-attachment":"scroll","background-type":"","background-media":"","overlay-type":"","overlay-color":"","overlay-opacity":"","overlay-gradient":""},"mobile":{"background-color":"var(--ast-global-color-5)","background-image":"","background-repeat":"repeat","background-position":"center center","background-size":"auto","background-attachment":"scroll","background-type":"","background-media":"","overlay-type":"","overlay-color":"","overlay-opacity":"","overlay-gradient":""}}},"product_brand":[],"product_cat":[44,56],"product_tag":[],"class_list":{"0":"post-1450","1":"product","2":"type-product","3":"status-publish","4":"has-post-thumbnail","6":"product_cat-commercial-industrial-ess","7":"product_cat-energy-storage-battery-system","8":"desktop-align-left","9":"tablet-align-left","10":"mobile-align-left","11":"ast-product-gallery-layout-horizontal-slider","12":"ast-product-tabs-layout-horizontal","14":"first","15":"instock","16":"shipping-taxable","17":"purchasable","18":"product-type-simple"},"_links":{"self":[{"href":"https:\/\/haisicstorage.com\/tr\/wp-json\/wp\/v2\/product\/1450","targetHints":{"allow":["GET"]}}],"collection":[{"href":"https:\/\/haisicstorage.com\/tr\/wp-json\/wp\/v2\/product"}],"about":[{"href":"https:\/\/haisicstorage.com\/tr\/wp-json\/wp\/v2\/types\/product"}],"version-history":[{"count":5,"href":"https:\/\/haisicstorage.com\/tr\/wp-json\/wp\/v2\/product\/1450\/revisions"}],"predecessor-version":[{"id":3484,"href":"https:\/\/haisicstorage.com\/tr\/wp-json\/wp\/v2\/product\/1450\/revisions\/3484"}],"wp:featuredmedia":[{"embeddable":true,"href":"https:\/\/haisicstorage.com\/tr\/wp-json\/wp\/v2\/media\/3473"}],"wp:attachment":[{"href":"https:\/\/haisicstorage.com\/tr\/wp-json\/wp\/v2\/media?parent=1450"}],"wp:term":[{"taxonomy":"product_brand","embeddable":true,"href":"https:\/\/haisicstorage.com\/tr\/wp-json\/wp\/v2\/product_brand?post=1450"},{"taxonomy":"product_cat","embeddable":true,"href":"https:\/\/haisicstorage.com\/tr\/wp-json\/wp\/v2\/product_cat?post=1450"},{"taxonomy":"product_tag","embeddable":true,"href":"https:\/\/haisicstorage.com\/tr\/wp-json\/wp\/v2\/product_tag?post=1450"}],"curies":[{"name":"wp","href":"https:\/\/api.w.org\/{rel}","templated":true}]}}