{"id":1410,"date":"2025-11-26T14:54:08","date_gmt":"2025-11-26T14:54:08","guid":{"rendered":"https:\/\/haisicstorage.com\/?post_type=product&#038;p=1410"},"modified":"2026-02-27T07:35:05","modified_gmt":"2026-02-27T07:35:05","slug":"51-2v-400ah-20480wh-lifepo4-battery","status":"publish","type":"product","link":"https:\/\/haisicstorage.com\/tr\/51-2v-400ah-20480wh-lifepo4-battery\/","title":{"rendered":"51.2v 400ah 20480WH Lifepo4 Batarya"},"content":{"rendered":"<div>\n<p>\u00dcr\u00fcn Vurgular\u0131:<\/p>\n<p>\u2714 G\u00fcvenli ve G\u00fcvenilir: Ak\u0131ll\u0131 BMS pil y\u00f6netim sistemi, voltaj\u0131 ve s\u0131cakl\u0131\u011f\u0131 ger\u00e7ek zamanl\u0131 olarak izler, ek g\u00fcvenlik i\u00e7in \u00e7oklu g\u00fcvenlik korumalar\u0131yla donat\u0131lm\u0131\u015ft\u0131r.<\/p>\n<p>\u2714 Uzun \u00d6m\u00fcrl\u00fc Tasar\u0131m: 6.000 d\u00f6ng\u00fcy\u00fc a\u015fan \u00e7evrim \u00f6mr\u00fc ile dayan\u0131kl\u0131d\u0131r ve sorunsuzdur, y\u00fcksek yat\u0131r\u0131m getirisi sunar.<\/p>\n<p>\u2714 Quiet and Eco-Friendly: Operates silently with zero emissions, safeguarding your family\u2019s sustainable development with green energy.<\/p>\n<p>\u0130ster yo\u011fun olmayan zamanlarda elektrik maliyeti tasarrufu, ister acil durum yedek g\u00fcc\u00fc veya \u015febekeden ba\u011f\u0131ms\u0131z kullan\u0131m i\u00e7in olsun, HS-LD20KW modern haneler i\u00e7in ideal enerji orta\u011f\u0131d\u0131r!<\/p>\n<p>Ak\u0131ll\u0131 enerji depolama \u00e7a\u011f\u0131na ba\u015flay\u0131n ve daha fazla enerji \u00f6zg\u00fcrl\u00fc\u011f\u00fcn\u00fcn tad\u0131n\u0131 \u00e7\u0131kar\u0131n!<\/p>\n<p><strong>G\u00fcne\u015f Enerjisi Depolama Bataryas\u0131 51.2v 400ah 20kwh Ev Tipi Lityum Batarya<\/strong><\/p>\n<p>Ev Enerji Depolama i\u00e7in 20kWh Lityum Bataryaya Giri\u015f<br \/>\nEv Aletleri ve G\u00fcne\u015f Enerjisi Sistemleri i\u00e7in \u0130deal<\/p>\n<\/div>\n<div>\n<p>G\u00fcvenilir ve Uzun \u00d6m\u00fcrl\u00fc G\u00fc\u00e7 \u00c7\u00f6z\u00fcm\u00fc\u00c7evre Dostu ve G\u00fcvenli<\/p>\n<p>Bu\u00a0<strong>G\u00fcne\u015f Enerjisi Depolama Bataryas\u0131 51.2v 400ah 20kwh Ev Tipi Lityum Batarya<\/strong>\u00a0evinizin enerji ihtiya\u00e7lar\u0131 i\u00e7in m\u00fckemmel bir \u00e7\u00f6z\u00fcmd\u00fcr.<br \/>\nBu 20kWh lityum batarya, istikrarl\u0131 ve g\u00fcvenilir bir g\u00fc\u00e7 kayna\u011f\u0131 sa\u011flamak \u00fczere tasarlanm\u0131\u015ft\u0131r ve herhangi bir ev enerji depolama sistemi i\u00e7in vazge\u00e7ilmez bir bile\u015fendir.<br \/>\nGeli\u015fmi\u015f LiFePO4 pil teknolojisi ile y\u00fcksek kapasite, dahili devre korumas\u0131,<br \/>\nve h\u0131zl\u0131 \u015farj \u00f6zellikleri sunarak evinizin her zaman enerjili kalmas\u0131n\u0131 sa\u011flar.<\/p>\n<p><strong>20kWh Lityum Bataryan\u0131n Temel \u00d6zellikleri<\/strong><\/p>\n<p>Y\u00fcksek Kapasite ve Verimli Enerji Depolama<br \/>\n20kWh kapasiteli 51.2V (48V) \u00e7\u0131k\u0131\u015f.<br \/>\n\u00c7e\u015fitli ev aletlerini ve g\u00fcne\u015f enerjisi sistemlerini destekleyebilir.<br \/>\nKesintiler s\u0131ras\u0131nda bile tutarl\u0131 g\u00fc\u00e7 kayna\u011f\u0131 sa\u011flar.<\/p>\n<p><strong>Geli\u015fmi\u015f G\u00fcvenlik i\u00e7in Ak\u0131ll\u0131 BMS Sistemi<br \/>\n<\/strong>Optimal performans i\u00e7in yerle\u015fik Ak\u0131ll\u0131 Batarya Y\u00f6netim Sistemi (BMS).<br \/>\nA\u015f\u0131r\u0131 \u015farj, a\u015f\u0131r\u0131 de\u015farj ve k\u0131sa devreye kar\u015f\u0131 koruma sa\u011flar.<br \/>\nBatarya \u00f6mr\u00fcn\u00fc 6000 d\u00f6ng\u00fcye kadar uzat\u0131r.<\/p>\n<p><strong>Dayan\u0131kl\u0131 ve \u00c7evre Dostu Tasar\u0131m<br \/>\n<\/strong>\u00dcst\u00fcn g\u00fcvenlik ve uzun \u00f6m\u00fcr i\u00e7in LiFePO4 batarya tipi ile in\u015fa edilmi\u015ftir.<br \/>\nKalite g\u00fcvencesi i\u00e7in CE, RoHS, UN38.3 ve MSDS sertifikalar\u0131na sahiptir.<br \/>\n\u00c7evre dostu, minimal \u00e7evresel etki ile.<\/p>\n<\/div>\n<div>\n<h3>20kWh Lityum \u0130yon Batarya Se\u00e7menin Faydalar\u0131<br \/>\n<strong><br \/>\n\u00c7ok y\u00f6nl\u00fc kullan\u0131m i\u00e7in Hibrit \u015eebeke Ba\u011flant\u0131s\u0131<br \/>\n<\/strong><\/h3>\n<p>\u015eebeke ba\u011flant\u0131l\u0131 ve \u015febekeden ba\u011f\u0131ms\u0131z sistemlerle uyumlu.<br \/>\nMevcut enerji d\u00fczenleriyle sorunsuz entegrasyon sa\u011flar.<br \/>\nG\u00fcne\u015f enerjisi depolama sistemlerinin verimlili\u011fini art\u0131r\u0131r.<\/p>\n<p><strong>Alan tasarrufu sa\u011flayan Duvara Monte Sistem<br \/>\n<\/strong>600* \u00f6l\u00e7\u00fclerinde kompakt tasar\u0131m<em>300*<\/em>702mm (taban olmadan).<br \/>\nD\u00fczenli duvara montaj kolayl\u0131\u011f\u0131, de\u011ferli alan tasarrufu sa\u011flar.<br \/>\nEstetik a\u00e7\u0131dan ho\u015f ve ev i\u00e7i dekorasyonla uyum sa\u011flar.<\/p>\n<p><strong>G\u00fcvenilir Performans ve Uzun Garanti<br \/>\n<\/strong>Rahatl\u0131k i\u00e7in 5 y\u0131l garanti ile birlikte gelir.<br \/>\nG\u00fc\u00e7l\u00fc bir enerji depolama end\u00fcstrisinde g\u00fcvenilir bir marka olan Haisic taraf\u0131ndan desteklenmektedir.<br \/>\n130kg a\u011f\u0131rl\u0131kla tutarl\u0131 performans sunar.<\/p>\n<table border=\"1\">\n<tbody>\n<tr>\n<td>\n<div>Model<\/div>\n<\/td>\n<td>\n<div>HS-LD20KW<\/div>\n<\/td>\n<\/tr>\n<tr>\n<td>\n<div>Nominal Gerilim<\/div>\n<\/td>\n<td>\n<div>51.2V<\/div>\n<\/td>\n<\/tr>\n<tr>\n<td>\n<div>Nominal Kapasite<\/div>\n<\/td>\n<td>\n<div>400Ah<\/div>\n<\/td>\n<\/tr>\n<tr>\n<td>\n<div>Nominal Enerji<\/div>\n<\/td>\n<td>\n<div>20480Wh<\/div>\n<\/td>\n<\/tr>\n<tr>\n<td>\n<div>Gerilim Aral\u0131\u011f\u0131<\/div>\n<\/td>\n<td>\n<div>44.8-56V<\/div>\n<\/td>\n<\/tr>\n<tr>\n<td>\n<div>\u015earj Gerilimi Aral\u0131\u011f\u0131<\/div>\n<\/td>\n<td>\n<div>56-57.6V<\/div>\n<\/td>\n<\/tr>\n<tr>\n<td>\n<div>Kesme Gerilimi<\/div>\n<\/td>\n<td>\n<div>44.8V<\/div>\n<\/td>\n<\/tr>\n<tr>\n<td>\n<div>Tavsiye Edilen \u015earj Ak\u0131m\u0131<\/div>\n<\/td>\n<td>\n<div>100A<\/div>\n<\/td>\n<\/tr>\n<tr>\n<td>\n<div>Maksimum \u015earj Ak\u0131m\u0131<\/div>\n<\/td>\n<td>\n<div>200A<\/div>\n<\/td>\n<\/tr>\n<tr>\n<td>\n<div>Maksimum De\u015farj Ak\u0131m\u0131<\/div>\n<\/td>\n<td>\n<div>: 200A<\/div>\n<\/td>\n<\/tr>\n<tr>\n<td>\n<div>\n<div>BoyutU*G*Y<\/div>\n<\/div>\n<\/td>\n<td>\n<div>\n<div>600*300*702(Taban hari\u00e7)<\/div>\n<\/div>\n<\/td>\n<\/tr>\n<tr>\n<td>\n<div>\n<div>A\u011f\u0131rl\u0131k<\/div>\n<\/div>\n<\/td>\n<td>\n<div>\n<div>\u2248165kg<\/div>\n<\/div>\n<\/td>\n<\/tr>\n<tr>\n<td>\n<div>\n<div>\u0130leti\u015fim Portu<\/div>\n<\/div>\n<\/td>\n<td>\n<div>\n<div>RS485, CAN<\/div>\n<\/div>\n<\/td>\n<\/tr>\n<tr>\n<td>\n<div>\n<div>Terminal<\/div>\n<\/div>\n<\/td>\n<td>\n<div>M8<\/div>\n<\/td>\n<\/tr>\n<tr>\n<td>\n<div>\n<div>\n<div>D\u00f6ng\u00fc \u00d6mr\u00fc<\/div>\n<\/div>\n<\/div>\n<\/td>\n<td>\n<div>\n<div>\uff1e6000 (0.5C @ 25\u2103\uff0c80% DOD)<\/div>\n<\/div>\n<\/td>\n<\/tr>\n<tr>\n<td>\n<div>\n<div>\n<div>Ekran<\/div>\n<\/div>\n<\/div>\n<\/td>\n<td>\n<div>LED+LCD<\/div>\n<\/td>\n<\/tr>\n<\/tbody>\n<\/table>\n<p><strong>20kWh Lityum Pilin Uygulama ve \u00c7ok Y\u00f6nl\u00fcl\u00fc\u011f\u00fc<\/strong><\/p>\n<p>Ev Enerji Depolama Sistemleri i\u00e7in M\u00fckemmel<br \/>\nG\u00fcne\u015f enerjisini depolamak i\u00e7in konut ortamlar\u0131nda kullan\u0131m i\u00e7in idealdir.<br \/>\nKesintisiz enerji sa\u011flamak i\u00e7in kesinti s\u0131ras\u0131nda yedek g\u00fc\u00e7 sa\u011flar.<br \/>\nGeni\u015f bir ev aleti yelpazesini destekler, genel enerji verimlili\u011fini art\u0131r\u0131r.<\/p>\n<p><strong>\u00d6zelle\u015ftirilmi\u015f \u00c7\u00f6z\u00fcmler \u0130\u00e7in OEM\/ODM Uygun<br \/>\n<\/strong>Belirli ihtiya\u00e7 ve gereksinimleri kar\u015f\u0131lamak i\u00e7in \u00f6zelle\u015ftirilebilir se\u00e7enekler mevcuttur.<br \/>\nEv d\u0131\u015f\u0131ndaki \u00e7e\u015fitli uygulamalara, ticari ve end\u00fcstriyel kurulumlara uygundur.<br \/>\nFarkl\u0131 enerji depolama taleplerine uygun \u00e7\u00f6z\u00fcmler sa\u011flar.<\/p>\n<p><strong>Neden Ev \u0130\u00e7in Solar Enerji Depolama Bataryas\u0131 51.2v 400ah 20kwh Lityum Pil Tercih Edilmeli?\u00a0<\/strong><\/p>\n<p><strong>\u00dcst\u00fcn Performans i\u00e7in Geli\u015fmi\u015f Teknoloji\u00a0<\/strong>Optimum enerji depolama i\u00e7in en yeni lityum iyon teknolojisini i\u00e7erir.<br \/>\nH\u0131zl\u0131 \u015farj \u00f6zelli\u011fi, ihtiya\u00e7 duyuldu\u011funda haz\u0131r olmay\u0131 sa\u011flar.<br \/>\nG\u00fcvenilir d\u0131\u015f ve i\u00e7 mekan kullan\u0131m\u0131 i\u00e7in y\u00fcksek koruma s\u0131n\u0131f\u0131 (IP55).<\/p>\n<p><strong>Kapsaml\u0131 \u0130leti\u015fim ve Kontrol\u00a0<\/strong><br \/>\nKolay izleme ve kontrol i\u00e7in RS485 ileti\u015fim portu ile donat\u0131lm\u0131\u015ft\u0131r.<br \/>\nAk\u0131ll\u0131 ev sistemleri ve enerji y\u00f6netimi platformlar\u0131 ile entegrasyona olanak tan\u0131r.<br \/>\nGeli\u015fmi\u015f kontrol \u00f6zellikleri ile kullan\u0131c\u0131 deneyimini art\u0131r\u0131r.<\/p>\n<p><strong>Uygun Maliyetli ve Verimli Enerji \u00c7\u00f6z\u00fcm\u00fc<br \/>\n<\/strong>Rekabet\u00e7i bir 20 kwh lityum iyon pil fiyat\u0131 sunar.<br \/>\n\u015eebekeye olan ba\u011f\u0131ml\u0131l\u0131\u011f\u0131 azalt\u0131r, enerji faturalar\u0131n\u0131 d\u00fc\u015f\u00fcr\u00fcr.<br \/>\nUzun vadeli tasarruflar i\u00e7in s\u00fcrd\u00fcr\u00fclebilir ve yenilenebilir bir enerji kayna\u011f\u0131 sa\u011flar.<\/p>\n<p>Sonu\u00e7 olarak,\u00a0<strong>G\u00fcne\u015f Enerjisi Depolama Bataryas\u0131 51.2v 400ah 20kwh Ev Tipi Lityum Batarya<\/strong>\u00a0ev enerji depolama sistemini geli\u015ftirmek isteyen herkes i\u00e7in m\u00fckemmel bir yat\u0131r\u0131md\u0131r.<br \/>\nY\u00fcksek kapasitesi, ak\u0131ll\u0131 BMS sistemi ve dayan\u0131kl\u0131 tasar\u0131m\u0131 ile benzersiz performans ve g\u00fcvenilirlik sunar. \u0130ster ev aletlerinize g\u00fc\u00e7 vermek, g\u00fcne\u015f enerjisi depolamak,<br \/>\nister kesintisiz g\u00fc\u00e7 kayna\u011f\u0131 sa\u011flamak isteyin, bu 20kWh lityum pil enerji ihtiya\u00e7lar\u0131n\u0131z i\u00e7in m\u00fckemmel bir se\u00e7imdir.<\/p>\n<\/div>","protected":false},"excerpt":{"rendered":"<p>HS-LD20KW Ev Enerji Depolama Sistemi Bataryas\u0131 \u2014 Ak\u0131ll\u0131 Enerji Depolama, Ye\u015fil Bir Ya\u015fam Tarz\u0131n\u0131n Keyfini \u00c7\u0131kar\u0131n<\/p>\n<p>Y\u00fcksek verimli ve kararl\u0131, eviniz i\u00e7in g\u00fcvenilir g\u00fc\u00e7 kayna\u011f\u0131 sa\u011flar! HS-LD20KW Ev Enerji Depolama Sistemi Bataryas\u0131, g\u00fcnl\u00fck ev aletleri, ayd\u0131nlatma ve acil durum g\u00fc\u00e7 ihtiya\u00e7lar\u0131n\u0131 zahmetsizce kar\u015f\u0131lamak i\u00e7in 20kWh ultra geni\u015f kapasiteye sahip geli\u015fmi\u015f lityum iyon pil teknolojisini kullan\u0131r. Fotovoltaik enerji depolama entegrasyonunu destekler, g\u00fcnd\u00fcz g\u00fcne\u015f enerjisini depolar ve gece ak\u0131ll\u0131ca g\u00fc\u00e7 sa\u011flayarak elektrik maliyetlerini \u00f6nemli \u00f6l\u00e7\u00fcde azalt\u0131r ve enerji kendi kendine yeterlili\u011fini art\u0131r\u0131r.<\/p>","protected":false},"featured_media":1411,"template":"","meta":{"site-sidebar-layout":"default","site-content-layout":"","ast-site-content-layout":"default","site-content-style":"default","site-sidebar-style":"default","ast-global-header-display":"","ast-banner-title-visibility":"","ast-main-header-display":"","ast-hfb-above-header-display":"","ast-hfb-below-header-display":"","ast-hfb-mobile-header-display":"","site-post-title":"","ast-breadcrumbs-content":"","ast-featured-img":"","footer-sml-layout":"","ast-disable-related-posts":"","theme-transparent-header-meta":"default","adv-header-id-meta":"","stick-header-meta":"default","header-above-stick-meta":"","header-main-stick-meta":"","header-below-stick-meta":"","astra-migrate-meta-layouts":"set","ast-page-background-enabled":"default","ast-page-background-meta":{"desktop":{"background-color":"var(--ast-global-color-4)","background-image":"","background-repeat":"repeat","background-position":"center center","background-size":"auto","background-attachment":"scroll","background-type":"","background-media":"","overlay-type":"","overlay-color":"","overlay-opacity":"","overlay-gradient":""},"tablet":{"background-color":"","background-image":"","background-repeat":"repeat","background-position":"center center","background-size":"auto","background-attachment":"scroll","background-type":"","background-media":"","overlay-type":"","overlay-color":"","overlay-opacity":"","overlay-gradient":""},"mobile":{"background-color":"","background-image":"","background-repeat":"repeat","background-position":"center center","background-size":"auto","background-attachment":"scroll","background-type":"","background-media":"","overlay-type":"","overlay-color":"","overlay-opacity":"","overlay-gradient":""}},"ast-content-background-meta":{"desktop":{"background-color":"var(--ast-global-color-5)","background-image":"","background-repeat":"repeat","background-position":"center center","background-size":"auto","background-attachment":"scroll","background-type":"","background-media":"","overlay-type":"","overlay-color":"","overlay-opacity":"","overlay-gradient":""},"tablet":{"background-color":"var(--ast-global-color-5)","background-image":"","background-repeat":"repeat","background-position":"center center","background-size":"auto","background-attachment":"scroll","background-type":"","background-media":"","overlay-type":"","overlay-color":"","overlay-opacity":"","overlay-gradient":""},"mobile":{"background-color":"var(--ast-global-color-5)","background-image":"","background-repeat":"repeat","background-position":"center center","background-size":"auto","background-attachment":"scroll","background-type":"","background-media":"","overlay-type":"","overlay-color":"","overlay-opacity":"","overlay-gradient":""}}},"product_brand":[],"product_cat":[56,50,47],"product_tag":[],"class_list":{"0":"post-1410","1":"product","2":"type-product","3":"status-publish","4":"has-post-thumbnail","6":"product_cat-energy-storage-battery-system","7":"product_cat-floor-standing-ess","8":"product_cat-residetial-ess","9":"desktop-align-left","10":"tablet-align-left","11":"mobile-align-left","12":"ast-product-gallery-layout-horizontal-slider","13":"ast-product-tabs-layout-horizontal","15":"first","16":"instock","17":"shipping-taxable","18":"product-type-simple"},"_links":{"self":[{"href":"https:\/\/haisicstorage.com\/tr\/wp-json\/wp\/v2\/product\/1410","targetHints":{"allow":["GET"]}}],"collection":[{"href":"https:\/\/haisicstorage.com\/tr\/wp-json\/wp\/v2\/product"}],"about":[{"href":"https:\/\/haisicstorage.com\/tr\/wp-json\/wp\/v2\/types\/product"}],"version-history":[{"count":4,"href":"https:\/\/haisicstorage.com\/tr\/wp-json\/wp\/v2\/product\/1410\/revisions"}],"predecessor-version":[{"id":3508,"href":"https:\/\/haisicstorage.com\/tr\/wp-json\/wp\/v2\/product\/1410\/revisions\/3508"}],"wp:featuredmedia":[{"embeddable":true,"href":"https:\/\/haisicstorage.com\/tr\/wp-json\/wp\/v2\/media\/1411"}],"wp:attachment":[{"href":"https:\/\/haisicstorage.com\/tr\/wp-json\/wp\/v2\/media?parent=1410"}],"wp:term":[{"taxonomy":"product_brand","embeddable":true,"href":"https:\/\/haisicstorage.com\/tr\/wp-json\/wp\/v2\/product_brand?post=1410"},{"taxonomy":"product_cat","embeddable":true,"href":"https:\/\/haisicstorage.com\/tr\/wp-json\/wp\/v2\/product_cat?post=1410"},{"taxonomy":"product_tag","embeddable":true,"href":"https:\/\/haisicstorage.com\/tr\/wp-json\/wp\/v2\/product_tag?post=1410"}],"curies":[{"name":"wp","href":"https:\/\/api.w.org\/{rel}","templated":true}]}}