{"id":3,"date":"2024-01-21T08:45:15","date_gmt":"2024-01-21T08:45:15","guid":{"rendered":"https:\/\/ivory-stingray-401240.hostingersite.com\/?page_id=3"},"modified":"2025-12-13T06:15:08","modified_gmt":"2025-12-13T06:15:08","slug":"privacy-policy","status":"publish","type":"page","link":"https:\/\/haisicstorage.com\/tr\/privacy-policy\/","title":{"rendered":"Gizlilik Politikas\u0131"},"content":{"rendered":"<div data-elementor-type=\"wp-page\" data-elementor-id=\"3\" class=\"elementor elementor-3\" data-elementor-post-type=\"page\">\n\t\t\t\t<div class=\"elementor-element elementor-element-26027344 e-flex e-con-boxed e-con e-parent\" data-id=\"26027344\" data-element_type=\"container\" data-e-type=\"container\">\n\t\t\t\t\t<div class=\"e-con-inner\">\n\t\t\t\t<div class=\"elementor-element elementor-element-118bea7 elementor-widget elementor-widget-text-editor\" data-id=\"118bea7\" data-element_type=\"widget\" data-e-type=\"widget\" data-widget_type=\"text-editor.default\">\n\t\t\t\t<div class=\"elementor-widget-container\">\n\t\t\t\t\t\t\t\t\t\n<h1 class=\"wp-block-heading\" data-start=\"133\" data-end=\"149\">Gizlilik Politikas\u0131<\/h1>\n<p data-start=\"151\" data-end=\"273\"><strong data-start=\"151\" data-end=\"168\">Son G\u00fcncelleme:<\/strong> 4 Aral\u0131k 2025<br data-start=\"185\" data-end=\"188\" \/><strong data-start=\"188\" data-end=\"200\">Web Sitesi:<\/strong> <a class=\"decorated-link\" href=\"https:\/\/haisicstorage.com\/tr\/\" target=\"_new\" rel=\"noopener\" data-start=\"201\" data-end=\"251\">haisicstorage.com<\/a><\/p>\n<p data-start=\"275\" data-end=\"493\">Haisic (\u201cbiz,\u201d \u201cbizim,\u201d veya \u201cbize\u201d) gizlili\u011finize sayg\u0131 duyar ve ki\u015fisel bilgilerinizin korunmas\u0131na kendini adam\u0131\u015ft\u0131r. Bu Gizlilik Politikas\u0131, web sitemizi ziyaret etti\u011finizde bilgilerinizi nas\u0131l toplad\u0131\u011f\u0131m\u0131z\u0131, kulland\u0131\u011f\u0131m\u0131z\u0131 ve korudu\u011fumuzu a\u00e7\u0131klar.<\/p>\n<h2 data-start=\"495\" data-end=\"523\">1. Toplad\u0131\u011f\u0131m\u0131z Bilgiler<\/h2>\n<p data-start=\"525\" data-end=\"577\">A\u015fa\u011f\u0131daki t\u00fcrde bilgileri toplayabiliriz:<\/p>\n<ul data-start=\"579\" data-end=\"924\">\n<li data-start=\"579\" data-end=\"739\">\n<p data-start=\"581\" data-end=\"739\"><strong data-start=\"581\" data-end=\"606\">Ki\u015fisel Bilgiler:<\/strong> \u0130sim, e-posta adresi, telefon numaras\u0131, \u015firket ad\u0131 ve bizimle ileti\u015fime ge\u00e7ti\u011finizde veya sorgu g\u00f6nderdi\u011finizde sa\u011flad\u0131\u011f\u0131n\u0131z di\u011fer ileti\u015fim detaylar\u0131.<\/p>\n<\/li>\n<li data-start=\"740\" data-end=\"924\">\n<p data-start=\"742\" data-end=\"924\"><strong data-start=\"742\" data-end=\"771\">Ki\u015fisel Olmayan Bilgiler:<\/strong> Taray\u0131c\u0131 tipi, IP adresi, cihaz bilgileri, ziyaret edilen sayfalar ve \u00e7erezler veya benzeri teknolojiler arac\u0131l\u0131\u011f\u0131yla otomatik olarak toplanan di\u011fer analiz verileri.<\/p>\n<\/li>\n<\/ul>\n<h2 data-start=\"926\" data-end=\"959\">2. Bilgilerinizi Nas\u0131l Kullan\u0131yoruz<\/h2>\n<p data-start=\"961\" data-end=\"1020\">Toplad\u0131\u011f\u0131m\u0131z bilgileri \u015fu ama\u00e7larla kullan\u0131yoruz:<\/p>\n<ul data-start=\"1022\" data-end=\"1254\">\n<li data-start=\"1022\" data-end=\"1086\">\n<p data-start=\"1024\" data-end=\"1086\">Sorgular\u0131n\u0131za yan\u0131t vermek ve m\u00fc\u015fteri deste\u011fi sa\u011flamak.<\/p>\n<\/li>\n<li data-start=\"1087\" data-end=\"1158\">\n<p data-start=\"1089\" data-end=\"1158\">\u00dcr\u00fcnlerimiz, hizmetlerimiz veya web sitemiz hakk\u0131nda \u00f6nemli g\u00fcncellemeler g\u00f6ndermek.<\/p>\n<\/li>\n<li data-start=\"1159\" data-end=\"1216\">\n<p data-start=\"1161\" data-end=\"1216\">Web sitemizi, hizmetlerimizi ve kullan\u0131c\u0131 deneyimini geli\u015ftirmek.<\/p>\n<\/li>\n<li data-start=\"1217\" data-end=\"1254\">\n<p data-start=\"1219\" data-end=\"1254\">Yasal y\u00fck\u00fcml\u00fcl\u00fcklere uymak.<\/p>\n<\/li>\n<\/ul>\n<h2 data-start=\"1256\" data-end=\"1295\">3. \u00c7erezler ve Takip Teknolojileri<\/h2>\n<p data-start=\"1297\" data-end=\"1519\">Web sitemiz, gezinme deneyiminizi geli\u015ftirmek i\u00e7in \u00e7erezler ve benzeri teknolojiler kullanabilir. Taray\u0131c\u0131 ayarlar\u0131n\u0131zda \u00e7erezleri devre d\u0131\u015f\u0131 b\u0131rakmay\u0131 se\u00e7ebilirsiniz, ancak baz\u0131 \u00f6zellikler d\u00fczg\u00fcn \u00e7al\u0131\u015fmayabilir.<\/p>\n<h2 data-start=\"1521\" data-end=\"1551\">4. Bilgilerinizi Payla\u015fma<\/h2>\n<p data-start=\"1553\" data-end=\"1657\">Biz <strong data-start=\"1559\" data-end=\"1566\">satmak, takas etmek veya kiralamak<\/strong> yok<\/p>\n<ul data-start=\"1659\" data-end=\"1845\">\n<li data-start=\"1659\" data-end=\"1783\">\n<p data-start=\"1661\" data-end=\"1783\">bilgilerinizi ba\u015fkalar\u0131yla. Bilgilerinizi payla\u015fabiliriz:.<\/p>\n<\/li>\n<li data-start=\"1784\" data-end=\"1845\">\n<p data-start=\"1786\" data-end=\"1845\">Yasalar taraf\u0131ndan zorunlu k\u0131l\u0131nd\u0131\u011f\u0131nda veya haklar\u0131m\u0131z\u0131 ve g\u00fcvenli\u011fimizi korumak amac\u0131yla.<\/p>\n<\/li>\n<\/ul>\n<h2 data-start=\"1847\" data-end=\"1866\">5. Veri G\u00fcvenli\u011fi<\/h2>\n<p data-start=\"1868\" data-end=\"2088\">Ki\u015fisel bilgilerinizi korumak i\u00e7in makul idari, teknik ve fiziksel \u00f6nlemler uygular\u0131z. Ancak, hi\u00e7bir web sitesi veya internet iletimi tamamen g\u00fcvenli de\u011fildir ve mutlak g\u00fcvenli\u011fi garanti edemeyiz.<\/p>\n<h2 data-start=\"2090\" data-end=\"2115\">6. Uluslararas\u0131 Kullan\u0131c\u0131lar<\/h2>\n<p data-start=\"2117\" data-end=\"2307\">Web sitemizi kullanarak, bilgilerinizin ikamet etti\u011finiz \u00fclkeden farkl\u0131 \u00fclkelere, farkl\u0131 veri koruma yasalar\u0131na sahip \u00fclkeler de dahil olmak \u00fczere aktar\u0131lmas\u0131na izin vermi\u015f olursunuz.<\/p>\n<h2 data-start=\"2309\" data-end=\"2334\">7. Gizlilik Haklar\u0131n\u0131z<\/h2>\n<p data-start=\"2336\" data-end=\"2392\">Konumunuza ba\u011fl\u0131 olarak, \u015fu haklara sahip olabilirsiniz:<\/p>\n<ul data-start=\"2394\" data-end=\"2545\">\n<li data-start=\"2394\" data-end=\"2451\">\n<p data-start=\"2396\" data-end=\"2451\">Ki\u015fisel bilgilerinize eri\u015fmek, d\u00fczeltmek veya silmek.<\/p>\n<\/li>\n<li data-start=\"2452\" data-end=\"2506\">\n<p data-start=\"2454\" data-end=\"2506\">Verilerinizin i\u015flenmesine itiraz etmek veya s\u0131n\u0131rlamak.<\/p>\n<\/li>\n<li data-start=\"2507\" data-end=\"2545\">\n<p data-start=\"2509\" data-end=\"2545\">R\u0131zan\u0131z\u0131 herhangi bir zamanda geri almak.<\/p>\n<\/li>\n<\/ul>\n<p data-start=\"2547\" data-end=\"2660\">Bu haklar\u0131 kullanmak i\u00e7in l\u00fctfen bizimle ileti\u015fime ge\u00e7in <strong data-start=\"2594\" data-end=\"2659\"><a class=\"decorated-link cursor-pointer\" rel=\"noopener\" data-start=\"2596\" data-end=\"2657\">celia@haisicstorage.com<\/a><\/strong>.<\/p>\n<h2 data-start=\"2662\" data-end=\"2685\">8. \u00dc\u00e7\u00fcnc\u00fc Taraf Ba\u011flant\u0131lar\u0131<\/h2>\n<p data-start=\"2687\" data-end=\"2858\">Web sitemizde \u00fc\u00e7\u00fcnc\u00fc taraf web sitelerine ba\u011flant\u0131lar bulunabilir. Bu web sitelerinin gizlilik uygulamalar\u0131ndan sorumlu de\u011filiz. Gizlilik politikalar\u0131n\u0131 okuman\u0131z\u0131 \u00f6neririz.<\/p>\n<h2 data-start=\"2860\" data-end=\"2884\">9. \u00c7ocuklar\u0131n Gizlili\u011fi<\/h2>\n<p data-start=\"2886\" data-end=\"3018\">Web sitemiz <strong data-start=\"2901\" data-end=\"2949\">13 ya\u015f\u0131n alt\u0131ndaki \u00e7ocuklar i\u00e7in tasarlanmam\u0131\u015ft\u0131r<\/strong>, ve \u00e7ocuklardan bilin\u00e7li olarak ki\u015fisel bilgi toplam\u0131yoruz.<\/p>\n<h2 data-start=\"3020\" data-end=\"3057\">10. Bu Gizlilik Politikas\u0131nda De\u011fi\u015fiklikler<\/h2>\n<p data-start=\"3059\" data-end=\"3221\">Bu Gizlilik Politikas\u0131n\u0131 zaman zaman g\u00fcncelleyebiliriz. \u201cSon G\u00fcncelleme\u201d tarihi en son s\u00fcr\u00fcm\u00fc yans\u0131tacakt\u0131r. Bu politikay\u0131 d\u00fczenli olarak g\u00f6zden ge\u00e7irmenizi \u00f6neririz.<\/p>\n<h2 data-start=\"3223\" data-end=\"3240\">11. Bize Ula\u015f\u0131n<\/h2>\n<p data-start=\"3242\" data-end=\"3327\">Bu Gizlilik Politikas\u0131 hakk\u0131nda herhangi bir sorunuz veya endi\u015feniz varsa, l\u00fctfen bizimle ileti\u015fime ge\u00e7in:<\/p>\n<p data-start=\"3329\" data-end=\"3469\"><strong data-start=\"3329\" data-end=\"3339\">E-posta:<\/strong> <a class=\"decorated-link cursor-pointer\" rel=\"noopener\" data-start=\"3340\" data-end=\"3401\">celia@haisicstorage.com<\/a><br data-start=\"3401\" data-end=\"3404\" \/><strong data-start=\"3404\" data-end=\"3416\">Web Sitesi:<\/strong> <a class=\"decorated-link\" href=\"https:\/\/haisicstorage.com\/tr\/\" target=\"_new\" rel=\"noopener\" data-start=\"3417\" data-end=\"3467\">haisicstorage.com<\/a><\/p>\n\t\t\t\t\t\t\t\t<\/div>\n\t\t\t\t<\/div>\n\t\t\t\t\t<\/div>\n\t\t\t\t<\/div>\n\t\t\t\t<\/div>","protected":false},"excerpt":{"rendered":"<p>Privacy Policy Last Updated: December 4, 2025Website: haisicstorage.com Haisic (\u201cwe,\u201d \u201cour,\u201d or \u201cus\u201d) respects your privacy and is committed to protecting your personal information. This Privacy Policy explains how we collect, use, and safeguard your information when you visit our website. 1. Information We Collect We may collect the following types of information: Personal Information: [&hellip;]<\/p>\n","protected":false},"author":1,"featured_media":0,"parent":0,"menu_order":0,"comment_status":"closed","ping_status":"closed","template":"","meta":{"site-sidebar-layout":"default","site-content-layout":"","ast-site-content-layout":"default","site-content-style":"default","site-sidebar-style":"default","ast-global-header-display":"","ast-banner-title-visibility":"","ast-main-header-display":"","ast-hfb-above-header-display":"","ast-hfb-below-header-display":"","ast-hfb-mobile-header-display":"","site-post-title":"disabled","ast-breadcrumbs-content":"","ast-featured-img":"","footer-sml-layout":"","ast-disable-related-posts":"","theme-transparent-header-meta":"","adv-header-id-meta":"","stick-header-meta":"","header-above-stick-meta":"","header-main-stick-meta":"","header-below-stick-meta":"","astra-migrate-meta-layouts":"set","ast-page-background-enabled":"default","ast-page-background-meta":{"desktop":{"background-color":"var(--ast-global-color-4)","background-image":"","background-repeat":"repeat","background-position":"center center","background-size":"auto","background-attachment":"scroll","background-type":"","background-media":"","overlay-type":"","overlay-color":"","overlay-opacity":"","overlay-gradient":""},"tablet":{"background-color":"","background-image":"","background-repeat":"repeat","background-position":"center center","background-size":"auto","background-attachment":"scroll","background-type":"","background-media":"","overlay-type":"","overlay-color":"","overlay-opacity":"","overlay-gradient":""},"mobile":{"background-color":"","background-image":"","background-repeat":"repeat","background-position":"center center","background-size":"auto","background-attachment":"scroll","background-type":"","background-media":"","overlay-type":"","overlay-color":"","overlay-opacity":"","overlay-gradient":""}},"ast-content-background-meta":{"desktop":{"background-color":"var(--ast-global-color-5)","background-image":"","background-repeat":"repeat","background-position":"center center","background-size":"auto","background-attachment":"scroll","background-type":"","background-media":"","overlay-type":"","overlay-color":"","overlay-opacity":"","overlay-gradient":""},"tablet":{"background-color":"var(--ast-global-color-5)","background-image":"","background-repeat":"repeat","background-position":"center center","background-size":"auto","background-attachment":"scroll","background-type":"","background-media":"","overlay-type":"","overlay-color":"","overlay-opacity":"","overlay-gradient":""},"mobile":{"background-color":"var(--ast-global-color-5)","background-image":"","background-repeat":"repeat","background-position":"center center","background-size":"auto","background-attachment":"scroll","background-type":"","background-media":"","overlay-type":"","overlay-color":"","overlay-opacity":"","overlay-gradient":""}},"footnotes":""},"class_list":["post-3","page","type-page","status-publish","hentry"],"_links":{"self":[{"href":"https:\/\/haisicstorage.com\/tr\/wp-json\/wp\/v2\/pages\/3","targetHints":{"allow":["GET"]}}],"collection":[{"href":"https:\/\/haisicstorage.com\/tr\/wp-json\/wp\/v2\/pages"}],"about":[{"href":"https:\/\/haisicstorage.com\/tr\/wp-json\/wp\/v2\/types\/page"}],"author":[{"embeddable":true,"href":"https:\/\/haisicstorage.com\/tr\/wp-json\/wp\/v2\/users\/1"}],"replies":[{"embeddable":true,"href":"https:\/\/haisicstorage.com\/tr\/wp-json\/wp\/v2\/comments?post=3"}],"version-history":[{"count":11,"href":"https:\/\/haisicstorage.com\/tr\/wp-json\/wp\/v2\/pages\/3\/revisions"}],"predecessor-version":[{"id":2455,"href":"https:\/\/haisicstorage.com\/tr\/wp-json\/wp\/v2\/pages\/3\/revisions\/2455"}],"wp:attachment":[{"href":"https:\/\/haisicstorage.com\/tr\/wp-json\/wp\/v2\/media?parent=3"}],"curies":[{"name":"wp","href":"https:\/\/api.w.org\/{rel}","templated":true}]}}