{"id":2767,"date":"2025-12-15T04:22:48","date_gmt":"2025-12-15T04:22:48","guid":{"rendered":"https:\/\/haisicstorage.com\/haisic-256v-280ah-7168wh-lifepo4-battery-pack\/"},"modified":"2026-02-27T06:44:05","modified_gmt":"2026-02-27T06:44:05","slug":"haisic-256v-280ah-7168wh-lifepo4-battery-pack","status":"publish","type":"product","link":"https:\/\/haisicstorage.com\/pt\/haisic-256v-280ah-7168wh-lifepo4-battery-pack\/","title":{"rendered":"Conjunto de Bateria LiFePO4 25.6V 280Ah 7168Wh Armazenamento Solar"},"content":{"rendered":"<h2>Vis\u00e3o geral do produto: Bateria Haisic 25.6V 280Ah LiFePO4 fi\u00e1vel<\/h2>\n<p>Procuras uma bateria fi\u00e1vel que possa lidar com armazenamento de energia solar, reserva para casa ou exig\u00eancias de energia off-grid? O <strong>Haisic Bateria de Pack LiFePO4 de 25,6V 280Ah 7168Wh<\/strong> foi concebida para oferecer exatamente isso. Projetada com tecnologia avancada de l\u00edtio ferro Fosfato (LiFePO4), este pack de baterias nominal de 24V oferece um equil\u00edbrio perfeito de <strong>alta densidade de energia<\/strong>, <strong>longo ciclo de vida<\/strong>, e <strong>seguran\u00e7a de topo<\/strong>.<\/p>\n<p>Se estiver a atualizar um sistema solar residencial ou a configurar uma solu\u00e7\u00e3o h\u00edbrida off-grid, esta bateria destaca-se na entrega de energia consistente e fi\u00e1vel. A sua <strong>capacidade de 7,17 kWh<\/strong> e energia nominal de <strong>7168Wh<\/strong> garantem que ter\u00e1 energia armazenada substancial pronta quando mais precisar, enquanto a qu\u00edmica de l\u00edtio ferro fosfato proporciona tranquilidade com estabilidade t\u00e9rmica melhorada e sem risco de propaga\u00e7\u00e3o t\u00e9rmica \u2014 uma preocupa\u00e7\u00e3o comum noutras qu\u00edmicas de l\u00edtio.<\/p>\n<p>Em resumo, a <strong>Haisic HS-LD25280<\/strong> bateria de ciclo profundo solar destaca-se pela durabilidade e efici\u00eancia, tornando-a uma op\u00e7\u00e3o de confian\u00e7a para armazenamento solar residencial, autocaravanas, aplica\u00e7\u00f5es marinhas e configura\u00e7\u00f5es energ\u00e9ticas comerciais que exigem poder fi\u00e1vel e duradouro.<\/p>\n<h2>Principais Caracter\u00edsticas da Bateria Haisic 25.6V 280Ah LiFePO4<\/h2>\n<p>A bateria Haisic 25.6V 280Ah LiFePO4 combina seguran\u00e7a de topo e desempenho para armazenamento de energia fi\u00e1vel. Eis o que a faz destacar-se:<\/p>\n<table>\n<thead>\n<tr>\n<th>Caracter\u00edstica<\/th>\n<th>Benef\u00edcio<\/th>\n<\/tr>\n<\/thead>\n<tbody>\n<tr>\n<td><strong>Qu\u00edmica LiFePO4<\/strong><\/td>\n<td>Seguran\u00e7a superior com baixo risco t\u00e9rmico<\/td>\n<\/tr>\n<tr>\n<td><strong>BMS (Sistema de Gest\u00e3o de Baterias) integrado<\/strong><\/td>\n<td>Protege contra sobrecarregamento, sobretens\u00e3o e curtos-circuitos<\/td>\n<\/tr>\n<tr>\n<td><strong>Longevidade de Ciclos<\/strong><\/td>\n<td>Mais de 6000 ciclos em Profundidade de Descarga (DOD) 80%<\/td>\n<\/tr>\n<tr>\n<td><strong>Design Modular<\/strong><\/td>\n<td>F\u00e1cil expans\u00e3o conectando at\u00e9 8 unidades em paralelo<\/td>\n<\/tr>\n<tr>\n<td><strong>Alta Capacidade de Descarga<\/strong><\/td>\n<td>Suporta cargas exigentes com descarga cont\u00ednua m\u00e1xima de at\u00e9 200A<\/td>\n<\/tr>\n<\/tbody>\n<\/table>\n<p>Estas caracter\u00edsticas asseguram que o conjunto de baterias suporte uso di\u00e1rio intenso mantendo seguran\u00e7a e efici\u00eancia. Quer seja para armazenamento solar dom\u00e9stico ou sistemas fora da rede, esta bateria LiFePO4 de 25,6V oferece pot\u00eancia est\u00e1vel e flexibilidade.<\/p>\n<p>Para configura\u00e7\u00f5es de sistema estendidas, o design modular suporta expans\u00e3o em paralelo, ideal para bancos de baterias solares residenciais ou comerciais em crescimento.<\/p>\n<p>Explore mais sobre a integra\u00e7\u00e3o deste pack com sistemas compat\u00edveis em nosso <a href=\"https:\/\/haisicstorage.com\/pt\/home-lithium-battery-storage\/\">solu\u00e7\u00f5es de armazenamento de bateria de l\u00edtio dom\u00e9stico<\/a>.<\/p>\n<h2>Especifica\u00e7\u00f5es T\u00e9cnicas da Bateria LiFePO4 de 25,6V 280Ah Haisic<\/h2>\n<p>Aqui est\u00e1 uma vis\u00e3o r\u00e1pida das principais especifica\u00e7\u00f5es da bateria LiFePO4 de 25,6V 280Ah 7168Wh da Haisic, constru\u00edda para fornecer armazenamento confi\u00e1vel de energia solar e energia de reserva dom\u00e9stica:<\/p>\n<table>\n<thead>\n<tr>\n<th><strong>Especifica\u00e7\u00e3o<\/strong><\/th>\n<th><strong>Detalhes<\/strong><\/th>\n<\/tr>\n<\/thead>\n<tbody>\n<tr>\n<td><strong>Tipo de Bateria<\/strong><\/td>\n<td>LiFePO4 (Fosfato de Ferro de L\u00edtio)<\/td>\n<\/tr>\n<tr>\n<td><strong>N\u00famero do Modelo<\/strong><\/td>\n<td>HS-LD25280<\/td>\n<\/tr>\n<tr>\n<td><strong>Tens\u00e3o Nominal<\/strong><\/td>\n<td>25,6V<\/td>\n<\/tr>\n<tr>\n<td><strong>Capacidade Nominal<\/strong><\/td>\n<td>280Ah<\/td>\n<\/tr>\n<tr>\n<td><strong>Energia Nominal<\/strong><\/td>\n<td>7168Wh (7,17kWh)<\/td>\n<\/tr>\n<tr>\n<td><strong>Ciclo de Vida<\/strong><\/td>\n<td>&gt;6000 ciclos (0,5C a 25\u00b0C, 80% DOD)<\/td>\n<\/tr>\n<tr>\n<td><strong>Dimens\u00f5es (L x C x A)<\/strong><\/td>\n<td>464mm x 273mm x 340mm<\/td>\n<\/tr>\n<tr>\n<td><strong>Peso<\/strong><\/td>\n<td>53,8 kg<\/td>\n<\/tr>\n<tr>\n<td><strong>Corrente de Carga Recomendada<\/strong><\/td>\n<td>40A<\/td>\n<\/tr>\n<tr>\n<td><strong>Corrente M\u00e1xima de Carga<\/strong><\/td>\n<td>100A<\/td>\n<\/tr>\n<tr>\n<td><strong>Corrente de Descarga Cont\u00ednua<\/strong><\/td>\n<td>100A<\/td>\n<\/tr>\n<tr>\n<td><strong>Corrente M\u00e1xima de Descarga Cont\u00ednua<\/strong><\/td>\n<td>200A<\/td>\n<\/tr>\n<tr>\n<td><strong>Temperatura de funcionamento<\/strong> (Carga\/Descarga)<\/td>\n<td>0\u00b0C a 55\u00b0C<\/td>\n<\/tr>\n<tr>\n<td><strong>Tipo de terminal<\/strong><\/td>\n<td>M8<\/td>\n<\/tr>\n<tr>\n<td><strong>Certifica\u00e7\u00f5es<\/strong><\/td>\n<td>CE, FCC, RoHS, MSDS, UN38.3<\/td>\n<\/tr>\n<\/tbody>\n<\/table>\n<p>Este pack foi concebido para um desempenho s\u00f3lido, com um forte foco em seguran\u00e7a e capacidade de longa dura\u00e7\u00e3o. As altas correntes de descarga suportam cargas exigentes, tornando-o ideal para aplica\u00e7\u00f5es residenciais solares e fora da rede.<\/p>\n<p>Para utilizadores que procuram op\u00e7\u00f5es de tens\u00e3o ou capacidades diferentes, a Haisic tamb\u00e9m oferece uma variedade de produtos relacionados como o deles <a href=\"https:\/\/haisicstorage.com\/pt\/haisic-48v-100ah-lifepo4-rackmounted-battery-pack\/\">pack de bateria LiFePO4 de 48V 100Ah montado em rack<\/a> que se combina bem com sistemas de inversor h\u00edbridos.<\/p>\n<h2>Aplica\u00e7\u00f5es da Bateria LiFePO4 Haisic de 25,6V 280Ah 7168Wh<\/h2>\n<p>A bateria LiFePO4 de 25,6V 280Ah 7168Wh da Haisic \u00e9 perfeita para uma vasta gama de utiliza\u00e7\u00f5es. Destaca-se em <strong>armazenamento de energia solar residencial<\/strong>, oferecendo \u00e0 casa power confi\u00e1vel dia e noite. Quer tenha um <strong>sistema solar h\u00edbrido<\/strong> ou opere totalmente <strong>aut\u00f4nomo<\/strong>, esta bateria entrega energia est\u00e1vel na qual pode confiar.<\/p>\n<p>Tamb\u00e9m \u00e9 ideal para <strong>energia de reserva dom\u00e9sticafi\u00e1vel<\/strong>, mantendo dispositivos essenciais a funcionar durante cortes de energia. Para quem tem autocaravanas, embarca\u00e7\u00f5es ou carrinhos de golfe, a atualiza\u00e7\u00e3o para este <strong>pack de bateria solar de 280Ah<\/strong> significa viagens mais longas e seguras com bastante energia.<\/p>\n<p>Para al\u00e9m do uso residencial, o pack suporta <strong>expans\u00e3o de armazenamento de energia comercial<\/strong>, tornando-o uma excelente escolha para empresas que desejam solu\u00e7\u00f5es de baterias de l\u00edtio robustas e escal\u00e1veis. O seu design modular encaixa-se bem em setups maiores \u00e0 medida que crescem as suas necessidades energ\u00e9ticas.<\/p>\n<p>Para integra\u00e7\u00f5es que requerem desempenho cont\u00ednuo, consulte outras op\u00e7\u00f5es de armazenamento de energia da Haisic, como as deles <a href=\"https:\/\/haisicstorage.com\/pt\/5kw-power-energy-storage-solar-system-for-home\/\">Sistema de energia solar de 5 kW para o lar<\/a> para solu\u00e7\u00f5es solares completas.<\/p>\n<p>Em resumo, isto <strong>bateria LiFePO4 de 25,6 V<\/strong> se enquadra em muitos cen\u00e1rios\u2014quer pretenda uma fonte de energia dom\u00e9stica fi\u00e1vel de reserva ou uma bateria de l\u00edtio potente para condu\u00e7\u00e3o off-grid para as suas necessidades m\u00f3veis ou comerciais.<\/p>\n<h2>Vantagens da tecnologia LiFePO4<\/h2>\n<p>As baterias LiFePO4, como o pack Haisic de 25,6 V 280 Ah, oferecem benef\u00edcios claros em compara\u00e7\u00e3o com baterias de chumbo-\u00e1cido tradicionais, tornando-as uma escolha principal para armazenamento de energia solar e configura\u00e7\u00f5es off-grid. Eis como se apresentam:<\/p>\n<table>\n<thead>\n<tr>\n<th>Caracter\u00edstica<\/th>\n<th>Bateria LiFePO4<\/th>\n<th>Bateria de chumbo-\u00e1cido<\/th>\n<\/tr>\n<\/thead>\n<tbody>\n<tr>\n<td><strong>Peso<\/strong><\/td>\n<td>Muito mais leves<\/td>\n<td>Mais pesada e volumosa<\/td>\n<\/tr>\n<tr>\n<td><strong>Profundidade de Descarga<\/strong><\/td>\n<td>At\u00e9 80% sem danifica\u00e7\u00e3o<\/td>\n<td>Normalmente limitado a 50%<\/td>\n<\/tr>\n<tr>\n<td><strong>Vida \u00fatil<\/strong><\/td>\n<td>Mais de 6000 ciclos<\/td>\n<td>Entre 500-1000 ciclos<\/td>\n<\/tr>\n<tr>\n<td><strong>Manuten\u00e7\u00e3o<\/strong><\/td>\n<td>Manuten\u00e7\u00e3o zero<\/td>\n<td>Requer manuten\u00e7\u00e3o regular<\/td>\n<\/tr>\n<tr>\n<td><strong>Seguran\u00e7a<\/strong><\/td>\n<td>Muito seguro, sem risco de procura t\u00e9rmica<\/td>\n<td>Risco mais elevado de sobreaquecimento e explos\u00e3o<\/td>\n<\/tr>\n<tr>\n<td><strong>Densidade de Energia<\/strong><\/td>\n<td>Maior energia por kg<\/td>\n<td>Menor densidade de energia<\/td>\n<\/tr>\n<\/tbody>\n<\/table>\n<p>Com um design mais leve e capacidade de descarga profunda, a bateria LiFePO4 Haisic de 25,6 V 280 Ah oferece uma vida \u00fatil mais longa e maior fiabilidade para sistemas residenciais de solar e de reserva de energia. Al\u00e9m disso, a qu\u00edmica assegura maior seguran\u00e7a, ideal para uso dom\u00e9stico e off-grid.<\/p>\n<p>Isto significa mais energia utiliz\u00e1vel, menos aborrecimentos e uma solu\u00e7\u00e3o de armazenamento mais segura em compara\u00e7\u00e3o com as op\u00e7\u00f5es de chumbo-\u00e1cido pesadas e exigentes de manuten\u00e7\u00e3o. \u00c9 por isso que muitos utilizadores que melhoram as suas casas m\u00f3veis (RVs) ou instala\u00e7\u00f5es solares dom\u00e9sticas escolhem baterias de l\u00edtio Haisic em vez das alternativas tradicionais.<\/p>\n<h2>Instala\u00e7\u00e3o e Compatibilidade<\/h2>\n<p>O pacote de baterias LiFePO4 Haisic de 25,6 V e 280 Ah foi concebido para instala\u00e7\u00e3o f\u00e1cil e integra\u00e7\u00e3o perfeita com inversores h\u00edbridos principais, incluindo os que suportam protocolos de comunica\u00e7\u00e3o CAN ou RS485 se o seu sistema estiver equipado. Isto o torna uma combina\u00e7\u00e3o perfeita para sistemas de armazenamento solar residenciais, fora da rede e de reserva de energia.<\/p>\n<p>Para necessidades de maior capacidade, pode ligar at\u00e9 8 unidades de bateria em paralelo, permitindo dimensionar o seu armazenamento de forma f\u00e1cil mantendo o equil\u00edbrio do sistema e a seguran\u00e7a. Ao ligar e montar, assegure liga\u00e7\u00f5es firmes e seguras com os parafusos de_term habe M8 e siga as pr\u00e1ticas padr\u00e3o de seguran\u00e7a para instala\u00e7\u00e3o de baterias de l\u00edtio.<\/p>\n<p>Para obter os melhores resultados, associe o pack de baterias a inversores solares h\u00edbridos compat\u00edveis, como os da gama da Haisic de <a href=\"https:\/\/haisicstorage.com\/pt\/haisic-36kva-hybrid-solar-inverter\/\">inversores solares h\u00edbridos<\/a> concebidos para funcionar suavemente com packs LiFePO4. Isto garante desempenho \u00f3timo, comunica\u00e7\u00e3o e longevidade do sistema.<\/p>\n<p><strong>Dicas-chave para a instala\u00e7\u00e3o:<\/strong><\/p>\n<ul>\n<li>Use dimens\u00f5es de cabos corretas para suportar at\u00e9 200 A de corrente de descarga cont\u00ednua m\u00e1xima.<\/li>\n<li>Mantenha boa ventila\u00e7\u00e3o \u00e0 volta da bateria para operar com seguran\u00e7a entre 0\u00b0C e 55\u00b0C.<\/li>\n<li>Evite misturar tipos ou capacidades de baterias ao ligar em paralelo.<\/li>\n<li>Siga as orienta\u00e7\u00f5es do fabricante quanto \u00e0s classifica\u00e7\u00f5es de fus\u00edveis e disjuntores para prote\u00e7\u00e3o.<\/li>\n<\/ul>\n<p>Instalar a bateria Haisic de LiFePO4 25,6 V \u00e9 simples, permitindo atualizar o seu armazenamento solar ou sistema de reserva com confian\u00e7a e flexibilidade.<\/p>\n<h2>Seguran\u00e7a e Certifica\u00e7\u00f5es<\/h2>\n<p>O pack de baterias LiFePO4 de 25,6 V, 280 Ah, 7168 Wh da Haisic foi concebido com a seguran\u00e7a como prioridade m\u00e1xima. Utilizando uma qu\u00edmica robusta de L\u00edtio Ferro Fosfato, reduz drasticamente riscos como o aparecimento de falhas t\u00e9rmicas \u2014 algo comum noutras baterias de l\u00edtio. O Sistema de Gest\u00e3o de Bateria (BMS) integrado oferece m\u00faltiplas camadas de prote\u00e7\u00e3o, incluindo salvaguardas contra sobrecarga, sobre-descarga, curtos-circuitos e temperaturas extremas, assegurando que a sua bateria funciona de forma fi\u00e1vel em diversas condi\u00e7\u00f5es.<\/p>\n<p>Este pack LiFePO4 de 24 V nominal atende a padr\u00f5es internacionais rigorosos de seguran\u00e7a, possuindo certifica\u00e7\u00f5es como CE, FCC, RoHS, MSDS e UN38.3. Estas certifica\u00e7\u00f5es garantem conformidade com regulamentos globais de seguran\u00e7a e ambientais, proporcionando tranquilidade quer o v\u00e1 instalar numa configura\u00e7\u00e3o solar residencial, num sistema fora de rede, ou noutras aplica\u00e7\u00f5es.<\/p>\n<p>Gra\u00e7as a estas prote\u00e7\u00f5es e certifica\u00e7\u00f5es integradas, a bateria Haisic HS-LD25280 oferece armazenamento de energia fi\u00e1vel e seguro, adequado para uso a longo prazo em ambientes exigentes. Para mais op\u00e7\u00f5es de armazenamento de energia segura, explore o nosso guia detalhado sobre <a href=\"https:\/\/haisicstorage.com\/pt\/battery-storage-for-home\/\">armazenamento de bateria para casa<\/a>.<\/p>\n<h2>Garantia e Suporte<\/h2>\n<p>A bateria LiFePO4 Haisic de 25,6 V, 280 Ah, 7168 Wh vem com uma garantia padr\u00e3o fi\u00e1vel que cobre defeitos de fabrica\u00e7\u00e3o e problemas de desempenho, dando-lhe tranquilidade com o seu investimento. Como fabricante de baterias de l\u00edtio de confian\u00e7a com sede em Guangdong, China, a Haisic oferece suporte ao cliente dedicado para o ajudar com aconselhamento de instala\u00e7\u00e3o, resolu\u00e7\u00e3o de problemas e servi\u00e7o p\u00f3s-venda.<\/p>\n<p>Com a garantia e o apoio da Haisic, pode confiar com confian\u00e7a na sua bateria LiFePO4 de 25,6 V para armazenamento solar dom\u00e9stico ou aplica\u00e7\u00f5es fora de rede, sabendo que ajuda especializada est\u00e1 a apenas uma chamada ou mensagem de dist\u00e2ncia. Para sistemas maiores, pode tamb\u00e9m estar interessado em explorar o que a Haisic tem para oferecer em <a href=\"https:\/\/haisicstorage.com\/pt\/haisic-5kwh-256v-lifepo4-battery-pack-200ah\/\">Bateria LiFePO4 de 25,6 V 5 kWh 200Ah<\/a> para expandir de forma integrada as suas solu\u00e7\u00f5es de armazenamento de energia solar.<\/p>\n<h2>Avalia\u00e7\u00f5es e Testemunhos de Clientes<\/h2>\n<p>Enquanto o feedback espec\u00edfico ainda est\u00e1 a chegar, os utilizadores da Bateria LiFePO4 Haisic de 25,6 V, 280 Ah, 7168 Wh destacam consistentemente a sua fiabilidade e desempenho s\u00f3lido em configura\u00e7\u00f5es de armazenamento solar dom\u00e9stico e sistemas fora de rede. Muitos apreciam o longo ciclo de vida que mant\u00e9m os seus sistemas energ\u00e9ticos a funcionar bem durante anos, juntamente com as caracter\u00edsticas de seguran\u00e7a que transmitem tranquilidade durante utiliza\u00e7\u00e3o intensa. Quer seja para reserva residencial ou atualiza\u00e7\u00f5es de autocaravanas, esta bateria solar de ciclo profundo \u00e9 elogiada pela sua pot\u00eancia est\u00e1vel e instala\u00e7\u00e3o f\u00e1cil.<\/p>\n<p>\u00c0 medida que mais clientes partilham as suas experi\u00eancias, os relatos positivos sobre a durabilidade da bateria de l\u00edtio Haisic e a sua elevada capacidade de descarga est\u00e3o a mold\u00e1-la como um pack LiFePO4 de 24 V nominal de elei\u00e7\u00e3o para quem est\u00e1 empenhado na independ\u00eancia energ\u00e9tica. Se pretender explorar hist\u00f3rias de utilizadores semelhantes, consulte as avalia\u00e7\u00f5es sobre as outras solu\u00e7\u00f5es de armazenamento de energia da Haisic, incluindo o <a href=\"https:\/\/haisicstorage.com\/pt\/10kwh-wall-mounted-home-energy-storage\/\">10 kWh de armazenamento de energia dom\u00e9stico montado na parede<\/a> para necessidades de maior capacidade.<\/p>\n<h2>Perguntas Frequentes (FAQ)<\/h2>\n<h3>Como \u00e9 que carrego o conjunto de baterias LiFePO4 de 25,6 V e 280 Ah da Haisic?<\/h3>\n<p>Use um carregador LiFePO4 compat\u00edvel ou inversor h\u00edbrido com configura\u00e7\u00f5es de carregamento adequadas: uma corrente de carga recomendada de 40 A e um m\u00e1ximo de 100 A. Evite sobrecarregar confiando no BMS embutido para seguran\u00e7a.<\/p>\n<h3>Posso conectar v\u00e1rias baterias LiFePO4 de 25,6 V em s\u00e9rie ou em paralelo?<\/h3>\n<p>Este pack de baterias suporta liga\u00e7\u00f5es em paralelo at\u00e9 8 unidades para aumentar a capacidade, mas liga\u00e7\u00f5es em s\u00e9rie para aumentar a tens\u00e3o devem ser feitas com cuidado, normalmente com hardware de gest\u00e3o de baterias adequado. Para a maioria das configura\u00e7\u00f5es residenciais de packs de l\u00edtio para solar, a expans\u00e3o em paralelo \u00e9 preferida.<\/p>\n<h3>Quais s\u00e3o as temperaturas de opera\u00e7\u00e3o seguras para carregamento e descarga?<\/h3>\n<p>A bateria funciona em seguran\u00e7a entre 0\u00b0C e 55\u00b0C. Carregar abaixo de 0\u00b0C n\u00e3o \u00e9 recomendado para evitar danos, embora a descarga possa lidar com condi\u00e7\u00f5es de arranque frio perto do congelamento.<\/p>\n<h3>Como \u00e9 que esta bateria LiFePO4 de 25,6 V se compara a sistemas de 51,2 V?<\/h3>\n<p>Um sistema de 51,2 V normalmente oferece maior tens\u00e3o e menos liga\u00e7\u00f5es em paralelo, mas tende a ser mais volumoso e caro. O modelo de 25,6 V 280 Ah oferece um \u00f3timo equil\u00edbrio para backup dom\u00e9stico ou uso fora da rede, com desenho modular flex\u00edvel e maior manuseabilidade.<\/p>\n<h3>A bateria solar Haisic de 25,6 V 280 Ah \u00e9 adequada para compatibilidade com inversor h\u00edbrido?<\/h3>\n<p>Sim, integra-se bem com a maioria dos inversores h\u00edbridos, muitas vezes via protocolos de comunica\u00e7\u00e3o CAN ou RS485, assegurando uma gest\u00e3o suave e desempenho fi\u00e1vel a longo prazo.<\/p>\n<p>Para integra\u00e7\u00e3o de sistema detalhada e expans\u00e3o de capacidade, consulte o <a href=\"https:\/\/haisicstorage.com\/pt\/10kw-off-grid-solar-power-system\/\">sistema solar off-grid de 10kW<\/a> pela Haisic para aplica\u00e7\u00f5es no mundo real e orienta\u00e7\u00f5es.<\/p>\n<h2>Produtos Relacionados<\/h2>\n<p>Para obter o m\u00e1ximo da sua bateria LiFePO4 Haisic de 25,6 V 280 Ah 7168 Wh, considere combin\u00e1-la com outras solu\u00e7\u00f5es de energia de alta qualidade da Haisic. Para necessidades de armazenamento maiores, o <a href=\"https:\/\/haisicstorage.com\/pt\/haisic-15kwh-lifepo4-solar-battery-pack-512v-305ah\/\">Bateria solar LiFePO4 Haisic de 15 kWh 51,2 V 305 Ah<\/a> oferece uma op\u00e7\u00e3o de maior capacidade que combina bem para expandir o seu sistema de energia fora da rede ou de backup.<\/p>\n<p>Pode tamb\u00e9m melhorar a sua configura\u00e7\u00e3o com as avan\u00e7adas <a href=\"https:\/\/haisicstorage.com\/pt\/haisic-6kw8kw10kw12kw-hybrid-solar-inverter-ip65-ongrid-offgrid\/\">inversores solares h\u00edbridos<\/a>, concebidas para integra\u00e7\u00e3o cont\u00ednua com os packs de baterias LiFePO4 de 25,6 V. Estes inversores suportam modos on-grid e off-grid, proporcionando uma gest\u00e3o de energia flex\u00edvel quer para armazenamento solar residencial quer para uso comercial.<\/p>\n<p>Para completar o seu sistema de energia solar, consulte a gama de pain\u00e9is solares da Haisic e acess\u00f3rios relacionados que otimizam a colheita de energia e a efici\u00eancia de armazenamento. Combinar estes produtos assegura uma solu\u00e7\u00e3o de energia limpa fi\u00e1vel e escal\u00e1vel, adaptada \u00e0s suas necessidades espec\u00edficas.<\/p>","protected":false},"excerpt":{"rendered":"<p>Haisic 25.6V 280Ah LiFePO4 Battery Pack 7168Wh oferece armazenamento de energia solar seguro e fi\u00e1vel com mais de 6000 ciclos para uso dom\u00e9stico e fora da rede<\/p>","protected":false},"featured_media":3481,"template":"","meta":{"site-sidebar-layout":"default","site-content-layout":"","ast-site-content-layout":"default","site-content-style":"default","site-sidebar-style":"default","ast-global-header-display":"","ast-banner-title-visibility":"","ast-main-header-display":"","ast-hfb-above-header-display":"","ast-hfb-below-header-display":"","ast-hfb-mobile-header-display":"","site-post-title":"","ast-breadcrumbs-content":"","ast-featured-img":"","footer-sml-layout":"","ast-disable-related-posts":"","theme-transparent-header-meta":"default","adv-header-id-meta":"","stick-header-meta":"default","header-above-stick-meta":"","header-main-stick-meta":"","header-below-stick-meta":"","astra-migrate-meta-layouts":"set","ast-page-background-enabled":"default","ast-page-background-meta":{"desktop":{"background-color":"var(--ast-global-color-4)","background-image":"","background-repeat":"repeat","background-position":"center center","background-size":"auto","background-attachment":"scroll","background-type":"","background-media":"","overlay-type":"","overlay-color":"","overlay-opacity":"","overlay-gradient":""},"tablet":{"background-color":"","background-image":"","background-repeat":"repeat","background-position":"center center","background-size":"auto","background-attachment":"scroll","background-type":"","background-media":"","overlay-type":"","overlay-color":"","overlay-opacity":"","overlay-gradient":""},"mobile":{"background-color":"","background-image":"","background-repeat":"repeat","background-position":"center center","background-size":"auto","background-attachment":"scroll","background-type":"","background-media":"","overlay-type":"","overlay-color":"","overlay-opacity":"","overlay-gradient":""}},"ast-content-background-meta":{"desktop":{"background-color":"var(--ast-global-color-5)","background-image":"","background-repeat":"repeat","background-position":"center center","background-size":"auto","background-attachment":"scroll","background-type":"","background-media":"","overlay-type":"","overlay-color":"","overlay-opacity":"","overlay-gradient":""},"tablet":{"background-color":"var(--ast-global-color-5)","background-image":"","background-repeat":"repeat","background-position":"center center","background-size":"auto","background-attachment":"scroll","background-type":"","background-media":"","overlay-type":"","overlay-color":"","overlay-opacity":"","overlay-gradient":""},"mobile":{"background-color":"var(--ast-global-color-5)","background-image":"","background-repeat":"repeat","background-position":"center center","background-size":"auto","background-attachment":"scroll","background-type":"","background-media":"","overlay-type":"","overlay-color":"","overlay-opacity":"","overlay-gradient":""}}},"product_brand":[],"product_cat":[53],"product_tag":[],"class_list":{"0":"post-2767","1":"product","2":"type-product","3":"status-publish","4":"has-post-thumbnail","6":"product_cat-lifepo4-battery-packs","7":"desktop-align-left","8":"tablet-align-left","9":"mobile-align-left","10":"ast-product-gallery-layout-horizontal-slider","11":"ast-product-tabs-layout-horizontal","13":"first","14":"instock","15":"shipping-taxable","16":"purchasable","17":"product-type-simple"},"_links":{"self":[{"href":"https:\/\/haisicstorage.com\/pt\/wp-json\/wp\/v2\/product\/2767","targetHints":{"allow":["GET"]}}],"collection":[{"href":"https:\/\/haisicstorage.com\/pt\/wp-json\/wp\/v2\/product"}],"about":[{"href":"https:\/\/haisicstorage.com\/pt\/wp-json\/wp\/v2\/types\/product"}],"version-history":[{"count":1,"href":"https:\/\/haisicstorage.com\/pt\/wp-json\/wp\/v2\/product\/2767\/revisions"}],"predecessor-version":[{"id":2771,"href":"https:\/\/haisicstorage.com\/pt\/wp-json\/wp\/v2\/product\/2767\/revisions\/2771"}],"wp:featuredmedia":[{"embeddable":true,"href":"https:\/\/haisicstorage.com\/pt\/wp-json\/wp\/v2\/media\/3481"}],"wp:attachment":[{"href":"https:\/\/haisicstorage.com\/pt\/wp-json\/wp\/v2\/media?parent=2767"}],"wp:term":[{"taxonomy":"product_brand","embeddable":true,"href":"https:\/\/haisicstorage.com\/pt\/wp-json\/wp\/v2\/product_brand?post=2767"},{"taxonomy":"product_cat","embeddable":true,"href":"https:\/\/haisicstorage.com\/pt\/wp-json\/wp\/v2\/product_cat?post=2767"},{"taxonomy":"product_tag","embeddable":true,"href":"https:\/\/haisicstorage.com\/pt\/wp-json\/wp\/v2\/product_tag?post=2767"}],"curies":[{"name":"wp","href":"https:\/\/api.w.org\/{rel}","templated":true}]}}