{"id":2746,"date":"2025-12-15T03:44:37","date_gmt":"2025-12-15T03:44:37","guid":{"rendered":"https:\/\/haisicstorage.com\/haisic-128v-lifepo4-battery-pack-280ah-358kwh-6000-cycle-life\/"},"modified":"2026-02-27T06:44:49","modified_gmt":"2026-02-27T06:44:49","slug":"haisic-128v-lifepo4-battery-pack-280ah-358kwh-6000-cycle-life","status":"publish","type":"product","link":"https:\/\/haisicstorage.com\/pt\/haisic-128v-lifepo4-battery-pack-280ah-358kwh-6000-cycle-life\/","title":{"rendered":"Conjunto de Bateria LiFePO4 12.8V 280Ah 3.58kWh Vida \u00fatil de 6000 Ciclos"},"content":{"rendered":"<h2>Principais Caracter\u00edsticas de Relance<\/h2>\n<p>O <strong>Pacote de Bateria Haisic 12,8V LiFePO4 (280Ah, 3,58kWh)<\/strong> destaca-se por um conjunto robusto de caracter\u00edsticas concebidas para um desempenho duradouro e fi\u00e1vel:<\/p>\n<table>\n<thead>\n<tr>\n<th>Caracter\u00edstica<\/th>\n<th>Benef\u00edcio<\/th>\n<\/tr>\n<\/thead>\n<tbody>\n<tr>\n<td><strong>Vida \u00datil de 6000+ Ciclos<\/strong><\/td>\n<td>Longevidade excecional para anos de utiliza\u00e7\u00e3o sem perda significativa de capacidade<\/td>\n<\/tr>\n<tr>\n<td><strong>Prote\u00e7\u00e3o BMS Integrada<\/strong><\/td>\n<td>Garante seguran\u00e7a com prote\u00e7\u00e3o contra sobrecarga, descarga excessiva, curto-circuito e controlo de temperatura<\/td>\n<\/tr>\n<tr>\n<td><strong>Design Leve<\/strong><\/td>\n<td>Pesa apenas 26,5 kg, facilitando o transporte e a instala\u00e7\u00e3o em compara\u00e7\u00e3o com baterias tradicionais<\/td>\n<\/tr>\n<tr>\n<td><strong>Ampla Faixa de Temperatura<\/strong><\/td>\n<td>Opera de forma fi\u00e1vel de -20\u00b0C a 70\u00b0C, adequado para ambientes agressivos<\/td>\n<\/tr>\n<tr>\n<td><strong>Alta Densidade de Energia<\/strong><\/td>\n<td>Fornece 3,58 kWh de energia num tamanho compacto (316 x 195 x 293 mm)<\/td>\n<\/tr>\n<tr>\n<td><strong>Qu\u00edmica Ecol\u00f3gica<\/strong><\/td>\n<td>Utiliza Fosfato de Ferro de L\u00edtio para uma bateria mais segura, n\u00e3o t\u00f3xica e mais amiga do ambiente<\/td>\n<\/tr>\n<\/tbody>\n<\/table>\n<p>Estas caracter\u00edsticas fazem da bateria Haisic 12,8V 280Ah LiFePO4 uma escolha ideal para armazenamento de energias renov\u00e1veis, autocaravanas, aplica\u00e7\u00f5es mar\u00edtimas e sistemas de energia fora da rede, combinando durabilidade, seguran\u00e7a e efici\u00eancia num \u00fanico pacote.<\/p>\n<h2>Vis\u00e3o Geral do Produto<\/h2>\n<p>O Pacote de Bateria Haisic 12,8V LiFePO4 280Ah foi concebido para fornecer armazenamento de energia fi\u00e1vel e de alto desempenho para uma variedade de aplica\u00e7\u00f5es exigentes. Quer esteja a alimentar um sistema de energia solar, uma autocaravana, embarca\u00e7\u00f5es mar\u00edtimas ou cabanas fora da rede, este pacote de bateria de 3,58kWh oferece energia consistente e durabilidade prolongada. Apoiado pela experi\u00eancia da Haisic como fabricante l\u00edder de baterias de armazenamento de energia, esta bateria LiFePO4 destaca-se pela sua efici\u00eancia e desempenho fi\u00e1vel em condi\u00e7\u00f5es reais. O seu design robusto assegura que suporta ambientes dif\u00edceis, tornando-a ideal para clientes em Portugal que procuram uma op\u00e7\u00e3o de bateria de fosfato de ferro de l\u00edtio de 12V confi\u00e1vel.<\/p>\n<p>Para necessidades energ\u00e9ticas de maior escala ou comerciais, a Haisic tamb\u00e9m oferece solu\u00e7\u00f5es de bateria avan\u00e7adas como o <a href=\"https:\/\/haisicstorage.com\/pt\/haisic-200kw-industrial-commercial-energy-storage-battery-430kwh-solar-storage-system\/\">200 kW sistema de armazenamento solar industrial<\/a> que complementa este pack na perfei\u00e7\u00e3o.<\/p>\n<h2>Especifica\u00e7\u00f5es detalhadas do Pacote de Bateria LiFePO4 Haisic de 12,8 V<\/h2>\n<p>Aqui est\u00e1 um olhar r\u00e1pido sobre as especifica\u00e7\u00f5es-chave da bateria de l\u00edtio f\u00f3sforo de ferro Haisic de 12,8 V com capacidade de 280 Ah:<\/p>\n<table>\n<thead>\n<tr>\n<th>Caracter\u00edstica<\/th>\n<th>Especifica\u00e7\u00e3o<\/th>\n<\/tr>\n<\/thead>\n<tbody>\n<tr>\n<td><strong>Tens\u00e3o Nominal<\/strong><\/td>\n<td>12,8V<\/td>\n<\/tr>\n<tr>\n<td><strong>Capacidade Nominal<\/strong><\/td>\n<td>280Ah<\/td>\n<\/tr>\n<tr>\n<td><strong>Energia Nominal<\/strong><\/td>\n<td>3,58 kWh (3584 Wh)<\/td>\n<\/tr>\n<tr>\n<td><strong>Ciclo de Vida<\/strong><\/td>\n<td>6000+ ciclos<\/td>\n<\/tr>\n<tr>\n<td><strong>Dimens\u00f5es (L\u00d7W\u00d7A)<\/strong><\/td>\n<td>316 mm \u00d7 195 mm \u00d7 293 mm<\/td>\n<\/tr>\n<tr>\n<td><strong>Peso<\/strong><\/td>\n<td>26,5 kg<\/td>\n<\/tr>\n<tr>\n<td><strong>Corrente de Carga Recomendada<\/strong><\/td>\n<td>40A<\/td>\n<\/tr>\n<tr>\n<td><strong>Corrente M\u00e1xima de Carregamento<\/strong><\/td>\n<td>75A<\/td>\n<\/tr>\n<tr>\n<td><strong>Corrente de Descarga Cont\u00ednua<\/strong><\/td>\n<td>75A<\/td>\n<\/tr>\n<tr>\n<td><strong>Temperatura de funcionamento<\/strong><\/td>\n<td>-20\u00b0C a 70\u00b0C<\/td>\n<\/tr>\n<tr>\n<td><strong>Material do C\u00e1todo<\/strong><\/td>\n<td>L\u00edtio Ferro Fosfato (LiFePO4)<\/td>\n<\/tr>\n<tr>\n<td><strong>Conex\u00e3o em S\u00e9rie M\u00e1xima<\/strong><\/td>\n<td>At\u00e9 10 c\u00e9lulas<\/td>\n<\/tr>\n<\/tbody>\n<\/table>\n<p>Esta bateria suporta liga\u00e7\u00f5es em s\u00e9rie para aumentar a voltagem para sistemas maiores. As especifica\u00e7\u00f5es j\u00e1 existentes tornam-na ideal para uso em ciclo profundo em instala\u00e7\u00f5es solares, caravanas e solu\u00e7\u00f5es de energia fora da rede. Para necessidades de maior capacidade, pode explorar outras op\u00e7\u00f5es da Haisic, como as deles <a href=\"https:\/\/haisicstorage.com\/pt\/haisic-12v-70ah-lifepo4-deep-cycle-lithium-battery\/\">Bateria LiFePO4 de 12V 70Ah para ciclos profundos<\/a> desenhadas para utiliza\u00e7\u00f5es semelhantes.<\/p>\n<h2>Vantagens da tecnologia LiFePO4<\/h2>\n<p>O Pacote de Bateria LiFePO4 Haisic de 12,8 V oferece algumas vantagens claras sobre baterias tradicionais, tornando-o uma escolha inteligente para muitos utilizadores:<\/p>\n<ul>\n<li><strong>Vida \u00fatil mais longa:<\/strong> Com uma vida \u00fatil de mais de 6000 ciclos, esta bateria dura significativamente mais do que baterias de chumbo-\u00e1cido ou outros tipos de l\u00edtio. Isso significa menos substitui\u00e7\u00f5es e melhor rela\u00e7\u00e3o qualidade-pre\u00e7o ao longo do tempo.<\/li>\n<li><strong>Maior efici\u00eancia:<\/strong> A qu\u00edmica LiFePO4 \u00e9 conhecida pela carga e descarga eficiente, o que significa mais energia utiliz\u00e1vel e menos desperd\u00edcio durante o uso.<\/li>\n<li><strong>Sem necessidade de manuten\u00e7\u00e3o:<\/strong> Ao contr\u00e1rio das baterias de chumbo-\u00e1cido, n\u00e3o \u00e9 necess\u00e1rio reabastecer \u00e1gua ou preocupar-se com corros\u00e3o, proporcionando facilidade de uso.<\/li>\n<li><strong>Qu\u00edmica mais segura:<\/strong> As c\u00e9lulas de LiFePO4 s\u00e3o inerentemente mais seguras devido \u00e0 sua estabilidade t\u00e9rmica e qu\u00edmica, reduzindo riscos de sobreaquecimento ou inc\u00eandio.<\/li>\n<li><strong>Peso mais leve:<\/strong> Em compara\u00e7\u00e3o com baterias tradicionais com capacidades semelhantes, este conjunto de baterias \u00e9 mais leve, facilitando a instala\u00e7\u00e3o e o transporte.<\/li>\n<li><strong>Profundidade de descarga total:<\/strong> Pode utilizar com seguran\u00e7a quase 100% da capacidade da bateria regularmente sem a danificar, maximizando o poder dispon\u00edvel.<\/li>\n<\/ul>\n<p>Isso torna a bateria Haisic 12V 280Ah LiFePO4 ideal para aplica\u00e7\u00f5es como energia solar, autocaravanas e uso mar\u00edtimo, onde a fiabilidade e a seguran\u00e7a s\u00e3o fundamentais. Para configura\u00e7\u00f5es maiores, considere verificar as outras op\u00e7\u00f5es da Haisic, como a bateria LiFePO4 de 51.2V 100Ah, para necessidades de pot\u00eancia adicionais.<\/p>\n<h2>Seguran\u00e7a e prote\u00e7\u00e3o integradas<\/h2>\n<p>O Conjunto de Baterias Haisic 12.8V LiFePO4 vem com um Sistema de Gest\u00e3o de Bateria (BMS) integrado que mant\u00e9m a sua bateria segura e fi\u00e1vel. Inclui prote\u00e7\u00f5es essenciais como preven\u00e7\u00e3o de sobrecarga e de descarga excessiva, para que a bateria n\u00e3o seja danificada por voltagem demasiado alta ou demasiado baixa. Tamb\u00e9m possui prote\u00e7\u00e3o embutida contra curto-circuito para maior tranquilidade perante falhas el\u00e9tricas.<\/p>\n<p>O controlo de temperatura \u00e9 outra caracter\u00edstica-chave, garantindo que a bateria opere de forma eficiente dentro do seu intervalo de temperatura seguro e evitando o sobreaquecimento. O BMS tamb\u00e9m equilibra as c\u00e9lulas automaticamente, o que ajuda a manter um desempenho consistente e a prolongar a vida \u00fatil da bateria.<\/p>\n<p>Este avan\u00e7ado sistema de seguran\u00e7a faz da bateria uma op\u00e7\u00e3o de topo para aplica\u00e7\u00f5es onde a fiabilidade e a opera\u00e7\u00e3o segura s\u00e3o importantes, incluindo sistemas de energia solar e configura\u00e7\u00f5es de energia fora da rede. Para uma integra\u00e7\u00e3o sem falhas, consulte a gama completa da <a href=\"https:\/\/haisicstorage.com\/pt\/home-lithium-battery-storage\/\">solu\u00e7\u00f5es de armazenamento de baterias de l\u00edtio<\/a> desenhadas para gest\u00e3o de energia segura e eficiente.<\/p>\n<h2>Aplica\u00e7\u00f5es e Casos de Uso<\/h2>\n<p>O Conjunto de Baterias Haisic 12.8V LiFePO4 com capacidade de 280Ah e energia de 3.58kWh \u00e9 perfeito para uma ampla gama de necessidades de pot\u00eancia. \u00c9 ideal para armazenamento de energia solar, ajudando-o a manter a casa alimentada de forma fi\u00e1vel mesmo quando a rede fica abaixo. \u00d3ptimo para sistemas de backup dom\u00e9sticos, oferece tranquilidade durante falhas de energia.<\/p>\n<p>Se aprecia aventuras ao ar livre, esta bateria destaca-se em autocaravanas e campistas, fornecendo energia fi\u00e1vel para todos os seus dispositivos na estrada. Os entusiastas de mar\u00edtimo e de vela ir\u00e3o apreciar o seu design leve, combinado com energia de longa dura\u00e7\u00e3o. Para cabanas fora da rede e configura\u00e7\u00f5es remotas, oferece uma fonte de energia duradoura e eficiente que \u00e9 f\u00e1cil de manter.<\/p>\n<p>Al\u00e9m disso, a sua portabilidade faz dela uma escolha s\u00f3lida para aplica\u00e7\u00f5es de energia port\u00e1til, seja para ferramentas, eventos ou kits de emerg\u00eancia.<\/p>\n<p>Para quem pretende expandir o seu sistema de energia solar, considere combin\u00e1-la com um sistema robusto como o <a href=\"https:\/\/haisicstorage.com\/pt\/5kw-power-energy-storage-solar-system-for-home\/\">Sistema de armazenamento de energia solar de 5 kW para casa<\/a> para maximizar a sua capacidade fora da rede.<\/p>\n<h2>Diretrizes de Carregamento e Instala\u00e7\u00e3o para o Conjunto de Baterias Haisic 12.8V LiFePO4<\/h2>\n<p>Para obter o melhor desempenho e maior vida \u00fatil da sua bateria de l\u00edtio-ferro-fosfato Haisic 12.8V (280Ah), \u00e9 importante seguir as pr\u00e1ticas corretas de carregamento e instala\u00e7\u00e3o.<\/p>\n<h3>Par\u00e2metros de Carregamento Recomendados<\/h3>\n<ul>\n<li><strong>Tens\u00e3o nominal:<\/strong> 12,8V<\/li>\n<li><strong>Tens\u00e3o de carregamento recomendada:<\/strong> 14,6V<\/li>\n<li><strong>Corrente de carregamento recomendada:<\/strong> 40A<\/li>\n<li><strong>Corrente de carregamento m\u00e1xima:<\/strong> 75A<\/li>\n<\/ul>\n<p>Utilizar um carregador compat\u00edvel concebido para baterias LiFePO4 \u00e9 essencial para evitar sobrecarregar e garantir a sa\u00fade \u00f3tima da bateria.<\/p>\n<h3>Carregadores Compat\u00edveis e Configura\u00e7\u00f5es Solares<\/h3>\n<p>Esta bateria funciona de forma fluida com a maioria dos controladores de carregamento solares de 12V e carregadores concebidos para baterias de l\u00edtio. Se estiver a planear um sistema de armazenamento de energia solar, escolher um carregador que suporte a qu\u00edmica de fosfato de ferro de l\u00edtio \u00e9 fundamental. Para explorar op\u00e7\u00f5es adequadas, consulte o aconselhamento detalhado em <a href=\"https:\/\/haisicstorage.com\/pt\/best-battery-storage-for-solar\/\">armazenamento de bateria para solar<\/a>.<\/p>\n<h3>Dicas de Fia\u00e7\u00e3o e Configura\u00e7\u00f5es<\/h3>\n<ul>\n<li><strong>Conex\u00e3o em s\u00e9rie:<\/strong> Pode ligar at\u00e9 4 baterias Haisic de 12V em s\u00e9rie para sistemas de maior tens\u00e3o (at\u00e9 48V).<\/li>\n<li><strong>Conex\u00e3o em paralelo:<\/strong> M\u00faltiplas baterias podem ser ligadas em paralelo para aumentar a capacidade mantendo a tens\u00e3o.<\/li>\n<\/ul>\n<p>Utilize sempre fia\u00e7\u00e3o de bitola adequada, liga\u00e7\u00f5es firmes e prote\u00e7\u00e3o por fus\u00edvel para melhorar a seguran\u00e7a e o desempenho.<\/p>\n<p>Ao instalar a sua bateria LiFePO4 Haisic de 12.8V 280Ah com estas recomenda\u00e7\u00f5es, obter\u00e1 energia fi\u00e1vel e eficiente quer para instala\u00e7\u00f5es solares, autocaravanas ou sistemas de apoio. Para aconselhamento adicional sobre a escolha da solu\u00e7\u00e3o de armazenamento certa para uso dom\u00e9stico ou fora da rede, visite o nosso guia sobre <a href=\"https:\/\/haisicstorage.com\/pt\/battery-storage-for-home\/\">armazenamento de bateria para casa<\/a>.<\/p>\n<h2>Dados de Desempenho do Conjunto de Baterias LiFePO4 Haisic de 12.8V 280Ah<\/h2>\n<p>O conjunto de baterias LiFePO4 Haisic de 12.8V 280Ah oferece um desempenho s\u00f3lido e est\u00e1vel ao longo da sua vida \u00fatil. Projetado para 6000+ ciclos, mant\u00e9m uma capacidade acima de 80% mesmo ap\u00f3s milhares de ciclos de carga e descarga profundas. Este longo ciclo de vida significa que obt\u00e9m armazenamento de energia fi\u00e1vel com menos substitui\u00e7\u00f5es.<\/p>\n<h3>M\u00e9tricas de Desempenho Principais:<\/h3>\n<ul>\n<li><strong>Vida de Ciclo:<\/strong> Mais de 6000 ciclos em profundidade de descarga 80%, superando amplamente as baterias tradicionais de chumbo-\u00e1cido.<\/li>\n<li><strong>Curvas de Descarga:<\/strong> A bateria oferece uma tens\u00e3o de sa\u00edda est\u00e1vel ao longo da descarga, assegurando energia constante sem quedas repentinas.<\/li>\n<li><strong>Efici\u00eancia:<\/strong> Testes do mundo real mostram efici\u00eancia de carregamento\/descarga de 95%+ , maximizando a energia utiliz\u00e1vel para os seus setups solares, de autocaravana ou mar\u00edtimos.<\/li>\n<\/ul>\n<p>Este desempenho traduz-se em energia fi\u00e1vel e de longa dura\u00e7\u00e3o com menos manuten\u00e7\u00e3o e tempo de inatividade. Para utilizadores que necessitam de setups maiores ou voltagens diferentes, explore op\u00e7\u00f5es compat\u00edveis como o <a href=\"https:\/\/haisicstorage.com\/pt\/haisic-128v-200ah-lifepo4-battery-pack-2560wh\/\">pacote de Bateria LiFePO4 Haisic 12.8V 200Ah<\/a> para solu\u00e7\u00f5es flex\u00edveis de armazenamento de energia.<\/p>\n<h2>Garantia e Suporte<\/h2>\n<p>O Pack de Bateria LiFePO4 Haisic 12.8V vem com uma garantia fi\u00e1vel que cobre defeitos de fabrica\u00e7\u00e3o e problemas de desempenho, dando-lhe tranquilidade com o seu investimento. Recomendado por certifica\u00e7\u00f5es da ind\u00fastria, esta bateria cumpre normas globais de seguran\u00e7a e qualidade para assegurar opera\u00e7\u00e3o segura e est\u00e1vel ao longo de toda a sua longa vida \u00fatil.<\/p>\n<p>A Haisic oferece tamb\u00e9m um forte suporte ao cliente para ajudar com quest\u00f5es de instala\u00e7\u00e3o, resolu\u00e7\u00e3o de problemas e informa\u00e7\u00f5es sobre o produto. Quer esteja a montar o seu sistema solar, autocaravana ou solu\u00e7\u00e3o de energia mar\u00edtima, ajuda especializada est\u00e1 a apenas uma chamada ou e-mail.<\/p>\n<p>Para quem procura expandir ou personalizar o seu sistema de energia, veja op\u00e7\u00f5es compat\u00edveis como o <a href=\"https:\/\/haisicstorage.com\/pt\/haisic-36kva-hybrid-solar-inverter\/\">Haisic 36kVA Inverter Solar H\u00edbrido<\/a> ou o <a href=\"https:\/\/haisicstorage.com\/pt\/51-2v-100ah-powerwall-energy-storage\/\">Armazenamento de Energia Powerwall 51.2V 100Ah<\/a> para maximizar o potencial da sua bateria.<\/p>\n<h2>Perguntas Frequentes (FAQ)<\/h2>\n<h3>O Pack LiFePO4 de 12.8V \u00eanfase \u00e9 compat\u00edvel com o meu sistema solar?<\/h3>\n<p>Sim, esta bateria de l\u00edtio ferro fosfato de 12.8V foi desenhada para integra\u00e7\u00e3o f\u00e1cil com a maioria dos setups de armazenamento de energia solar de 12V, autocaravanas, aplica\u00e7\u00f5es mar\u00edtimas e sistemas off-grid. Funciona bem com controladores de carregamento solares padr\u00e3o e inversores.<\/p>\n<h3>Que manuten\u00e7\u00e3o exige a bateria de 280Ah de ciclo profundo?<\/h3>\n<p>Uma grande vantagem da tecnologia LiFePO4 \u00e9 a manuten\u00e7\u00e3o m\u00ednima. Basta mant\u00ea-la dentro da faixa de temperatura recomendada (-20\u00b0C a 70\u00b0C) e evitar sobrecarregar ou descarregar profundamente al\u00e9m das especifica\u00e7\u00f5es. O BMS integrado ajuda a proteger a sua bateria automaticamente.<\/p>\n<h3>Como \u00e9 que esta bateria LiFePO4 de 12.8V 280Ah se compara com baterias de chumbo-\u00e1cido?<\/h3>\n<p>Em compara\u00e7\u00e3o com chumbo-\u00e1cido, o pack de l\u00edtio da Haisic oferece vida \u00fatil de ciclo significativamente maior (6000+ ciclos vs. 300-500), maior capacidade utiliz\u00e1vel (profundidade de descarga total), menos peso (26,5 kg) e melhor efici\u00eancia sem as complica\u00e7\u00f5es de manuten\u00e7\u00e3o.<\/p>\n<h3>Posso ligar v\u00e1rias baterias em s\u00e9rie ou em paralelo?<\/h3>\n<p>Sim, a bateria suporta liga\u00e7\u00f5es em s\u00e9rie e em paralelo para capacidade ou voltagem expandidas. Sempre siga as diretrizes de fia\u00e7\u00e3o recomendadas e utilize baterias do mesmo tipo e capacidade para assegurar seguran\u00e7a e desempenho.<\/p>\n<h3>E quanto ao envio e \u00e0 disponibilidade de stock?<\/h3>\n<p>Os conjuntos de baterias de i\u00f5es de l\u00edtio Haisic s\u00e3o enviados a partir de Guangdong, China, com n\u00edveis de stock tipicamente suficientes para atendimento r\u00e1pido. Os termos de envio podem variar consoante a sua localiza\u00e7\u00e3o\u2014 contacte o suporte ao cliente para detalhes.<\/p>\n<p>Se estiver interessado noutras op\u00e7\u00f5es de energia dom\u00e9stica, verifique o nosso <a href=\"https:\/\/haisicstorage.com\/pt\/51-2v-305ah-15616wh-touchscreen-home-energy-battery\/\">bateria dom\u00e9stica de 12,8 V 305 Ah com ecr\u00e3 sens\u00edvel ao toque<\/a> para solu\u00e7\u00f5es de maior capacidade.<\/p>\n<h2>Produtos Relacionados e Acess\u00f3rios<\/h2>\n<p>Para tirar o m\u00e1ximo partido do seu Haisic 12,8 V LiFePO4 Battery Pack | 280Ah 3,58 kWh 6000 Ciclos de Vida, considere emparelh\u00e1-lo com carregadores solares, inversores e baterias de expans\u00e3o compat\u00edveis. Para uma integra\u00e7\u00e3o suave em configura\u00e7\u00f5es solares, inversores h\u00edbridos solares como o <a href=\"https:\/\/haisicstorage.com\/pt\/haisic-6kw8kw10kw12kw-hybrid-solar-inverter-ip65-ongrid-offgrid\/\">inversor h\u00edbrido solar Haisic 6 kW-12 kW IP65<\/a> proporcionam uma convers\u00e3o de energia fi\u00e1vel e efici\u00eancia do sistema. Se estiver a dimensionar o seu armazenamento de energia, baterias de expans\u00e3o da Haisic podem ajudar a aumentar a capacidade sem comprometer o desempenho, assegurando que o seu sistema aut\u00f3nomo ou de backup cresce com as suas necessidades.<\/p>\n<p>Utilizar os acess\u00f3rios certos facilita a instala\u00e7\u00e3o e a opera\u00e7\u00e3o, ao mesmo tempo que maximiza a vida \u00fatil e o desempenho da bateria. Quer seja para armazenamento de energia solar residencial, energia para autocaravana (RV) ou uso mar\u00edtimo, estes componentes trabalham em conjunto para um sistema de baterias de l\u00edtio de alta capacidade sem falhas.<\/p>","protected":false},"excerpt":{"rendered":"<p>O pacote de bateria Haisic 12,8V 280Ah LiFePO4 fornece 3,58kWh de energia com 6000 ciclos de vida, ideal para solar, autocaravanas, aplica\u00e7\u00f5es mar\u00edtimas e uso fora da rede.<\/p>","protected":false},"featured_media":2749,"template":"","meta":{"site-sidebar-layout":"default","site-content-layout":"","ast-site-content-layout":"default","site-content-style":"default","site-sidebar-style":"default","ast-global-header-display":"","ast-banner-title-visibility":"","ast-main-header-display":"","ast-hfb-above-header-display":"","ast-hfb-below-header-display":"","ast-hfb-mobile-header-display":"","site-post-title":"","ast-breadcrumbs-content":"","ast-featured-img":"","footer-sml-layout":"","ast-disable-related-posts":"","theme-transparent-header-meta":"default","adv-header-id-meta":"","stick-header-meta":"default","header-above-stick-meta":"","header-main-stick-meta":"","header-below-stick-meta":"","astra-migrate-meta-layouts":"set","ast-page-background-enabled":"default","ast-page-background-meta":{"desktop":{"background-color":"var(--ast-global-color-4)","background-image":"","background-repeat":"repeat","background-position":"center center","background-size":"auto","background-attachment":"scroll","background-type":"","background-media":"","overlay-type":"","overlay-color":"","overlay-opacity":"","overlay-gradient":""},"tablet":{"background-color":"","background-image":"","background-repeat":"repeat","background-position":"center center","background-size":"auto","background-attachment":"scroll","background-type":"","background-media":"","overlay-type":"","overlay-color":"","overlay-opacity":"","overlay-gradient":""},"mobile":{"background-color":"","background-image":"","background-repeat":"repeat","background-position":"center center","background-size":"auto","background-attachment":"scroll","background-type":"","background-media":"","overlay-type":"","overlay-color":"","overlay-opacity":"","overlay-gradient":""}},"ast-content-background-meta":{"desktop":{"background-color":"var(--ast-global-color-5)","background-image":"","background-repeat":"repeat","background-position":"center center","background-size":"auto","background-attachment":"scroll","background-type":"","background-media":"","overlay-type":"","overlay-color":"","overlay-opacity":"","overlay-gradient":""},"tablet":{"background-color":"var(--ast-global-color-5)","background-image":"","background-repeat":"repeat","background-position":"center center","background-size":"auto","background-attachment":"scroll","background-type":"","background-media":"","overlay-type":"","overlay-color":"","overlay-opacity":"","overlay-gradient":""},"mobile":{"background-color":"var(--ast-global-color-5)","background-image":"","background-repeat":"repeat","background-position":"center center","background-size":"auto","background-attachment":"scroll","background-type":"","background-media":"","overlay-type":"","overlay-color":"","overlay-opacity":"","overlay-gradient":""}}},"product_brand":[],"product_cat":[53],"product_tag":[],"class_list":{"0":"post-2746","1":"product","2":"type-product","3":"status-publish","4":"has-post-thumbnail","6":"product_cat-lifepo4-battery-packs","7":"desktop-align-left","8":"tablet-align-left","9":"mobile-align-left","10":"ast-product-gallery-layout-horizontal-slider","11":"ast-product-tabs-layout-horizontal","13":"first","14":"instock","15":"shipping-taxable","16":"purchasable","17":"product-type-simple"},"_links":{"self":[{"href":"https:\/\/haisicstorage.com\/pt\/wp-json\/wp\/v2\/product\/2746","targetHints":{"allow":["GET"]}}],"collection":[{"href":"https:\/\/haisicstorage.com\/pt\/wp-json\/wp\/v2\/product"}],"about":[{"href":"https:\/\/haisicstorage.com\/pt\/wp-json\/wp\/v2\/types\/product"}],"version-history":[{"count":1,"href":"https:\/\/haisicstorage.com\/pt\/wp-json\/wp\/v2\/product\/2746\/revisions"}],"predecessor-version":[{"id":2750,"href":"https:\/\/haisicstorage.com\/pt\/wp-json\/wp\/v2\/product\/2746\/revisions\/2750"}],"wp:featuredmedia":[{"embeddable":true,"href":"https:\/\/haisicstorage.com\/pt\/wp-json\/wp\/v2\/media\/2749"}],"wp:attachment":[{"href":"https:\/\/haisicstorage.com\/pt\/wp-json\/wp\/v2\/media?parent=2746"}],"wp:term":[{"taxonomy":"product_brand","embeddable":true,"href":"https:\/\/haisicstorage.com\/pt\/wp-json\/wp\/v2\/product_brand?post=2746"},{"taxonomy":"product_cat","embeddable":true,"href":"https:\/\/haisicstorage.com\/pt\/wp-json\/wp\/v2\/product_cat?post=2746"},{"taxonomy":"product_tag","embeddable":true,"href":"https:\/\/haisicstorage.com\/pt\/wp-json\/wp\/v2\/product_tag?post=2746"}],"curies":[{"name":"wp","href":"https:\/\/api.w.org\/{rel}","templated":true}]}}