{"id":2687,"date":"2025-12-14T09:38:07","date_gmt":"2025-12-14T09:38:07","guid":{"rendered":"https:\/\/haisicstorage.com\/haisic-200kw-industrial-commercial-energy-storage-battery-430kwh-solar-storage-system\/"},"modified":"2026-02-27T06:47:34","modified_gmt":"2026-02-27T06:47:34","slug":"haisic-200kw-industrial-commercial-energy-storage-battery-430kwh-solar-storage-system","status":"publish","type":"product","link":"https:\/\/haisicstorage.com\/pt\/haisic-200kw-industrial-commercial-energy-storage-battery-430kwh-solar-storage-system\/","title":{"rendered":"Sistema de Armazenamento de Energia Industrial Comercial LiFePO4 Haisic 200 kW 430 kWh"},"content":{"rendered":"<h2>Vis\u00e3o Geral do Produto<\/h2>\n<p>A Bateria de Armazenamento de Energia Industrial &amp; Comercial Haisic 200kW \u00e9 uma solu\u00e7\u00e3o robusta de alto desempenho LiFePO4 (Fosfato de Ferro de L\u00edtio) concebida para armazenamento de energia solar comercial e industrial. Projetada para fornecer capacidade escal\u00e1vel at\u00e9 430kWh, este sistema integra-se perfeitamente com instala\u00e7\u00f5es fotovoltaicas (PV) para otimizar o uso de energia. Priorizando a seguran\u00e7a e a fiabilidade, apresenta tecnologias avan\u00e7adas de gest\u00e3o de baterias e de arrefecimento, tornando-o uma op\u00e7\u00e3o ideal para empresas que procuram armazenamento de energia eficiente e duradouro. Quer seja implementado em configura\u00e7\u00f5es on-grid, off-grid ou h\u00edbridas, o sistema Haisic suporta gest\u00e3o de energia flex\u00edvel e fi\u00e1vel para aplica\u00e7\u00f5es diversas.<\/p>\n<h2>Principais Benef\u00edcios da Bateria de Armazenamento de Energia Industrial &amp; Comercial Haisic 200kW<\/h2>\n<p>O sistema de armazenamento solar Haisic 200kW 430kWh oferece vantagens claras para utilizadores comerciais e industriais que procuram otimizar o uso de energia e fiabilidade:<\/p>\n<ul>\n<li><strong>Economia de Custos<\/strong>\n<ul>\n<li>O reatingimento de pico reduz encargos de pot\u00eancia ao diminuir o consumo durante as horas de pico<\/li>\n<li>Otimiza\u00e7\u00e3o de Hor\u00e1rio de Tarifa permite carregamento durante per\u00edodos de tarifas baixas e descarga quando a eletricidade \u00e9 cara<\/li>\n<\/ul>\n<\/li>\n<li><strong>Autonomia<\/strong>\n<ul>\n<li>Suporta configura\u00e7\u00f5es h\u00edbridas, on-grid e off-grid para atender \u00e0s necessidades do seu local<\/li>\n<li>Reduz a depend\u00eancia da rede, aumentando o autoconsumo de energia solar<\/li>\n<\/ul>\n<\/li>\n<li><strong>Energia de Reserva Fi\u00e1vel<\/strong>\n<ul>\n<li>Fornece energia est\u00e1vel durante quedas de energia<\/li>\n<li>Suporta cargas cr\u00edticas sem interrup\u00e7\u00e3o<\/li>\n<\/ul>\n<\/li>\n<li><strong>Durabilidade e Baixa Manuten\u00e7\u00e3o<\/strong>\n<ul>\n<li>Longa vida \u00fatil gra\u00e7as \u00e0 robusta qu\u00edmica de baterias LiFePO4<\/li>\n<li>Requisitos de manuten\u00e7\u00e3o m\u00ednimos mant\u00eam os custos operacionais baixos<\/li>\n<\/ul>\n<\/li>\n<\/ul>\n<table>\n<thead>\n<tr>\n<th>Benef\u00edcio<\/th>\n<th>Descri\u00e7\u00e3o<\/th>\n<\/tr>\n<\/thead>\n<tbody>\n<tr>\n<td>Reatingimento de Pico<\/td>\n<td>Reduz custos de pico de procura em ambientes comerciais ou industriais<\/td>\n<\/tr>\n<tr>\n<td>Otimiza\u00e7\u00e3o de Hor\u00e1rio de Uso<\/td>\n<td>Carregue quando a eletricidade \u00e9 mais barata, descarregue quando cara<\/td>\n<\/tr>\n<tr>\n<td>H\u00edbrido &amp; On\/Off-Grid<\/td>\n<td>Op\u00e7\u00f5es de implanta\u00e7\u00e3o flex\u00edveis com base nas necessidades energ\u00e9ticas<\/td>\n<\/tr>\n<tr>\n<td>Energia de reserva<\/td>\n<td>Energia de reserva confi\u00e1vel para opera\u00e7\u00f5es cr\u00edticas<\/td>\n<\/tr>\n<tr>\n<td>Durabilidade a Longo Prazo<\/td>\n<td>Desempenho duradouro com manuten\u00e7\u00e3o reduzida<\/td>\n<\/tr>\n<\/tbody>\n<\/table>\n<p>Este sistema h\u00edbrido de armazenamento de energia foi concebido para entregar valor em v\u00e1rios setores comerciais, ajudando a reduzir custos e a melhorar a seguran\u00e7a energ\u00e9tica de forma integrada. Para uma op\u00e7\u00e3o de maior escala, veja o nosso <a href=\"https:\/\/haisicstorage.com\/pt\/10kw-off-grid-solar-power-system\/\">sistema solar off-grid de 10kW<\/a> que oferece solu\u00e7\u00f5es de armazenamento de energia flex\u00edveis.<\/p>\n<h2>Recursos centrais do Haisic 200kW Industrial &amp; Commercial Energy Storage Battery<\/h2>\n<p>O sistema Haisic HS-ESS200kW430kWh est\u00e1 carregado de recursos inteligentes concebidos para uso fi\u00e1vel e flex\u00edvel em armazenamento solar comercial e industrial.<\/p>\n<p><strong>Recursos-chave:<\/strong><\/p>\n<table>\n<thead>\n<tr>\n<th>Caracter\u00edstica<\/th>\n<th>Detalhes<\/th>\n<\/tr>\n<\/thead>\n<tbody>\n<tr>\n<td><strong>Arrefecimento l\u00edquido avan\u00e7ado<\/strong><\/td>\n<td>Garante que a bateria se mantenha a uma temperatura \u00f3tima para desempenho m\u00e1ximo e vida \u00fatil mais longa<\/td>\n<\/tr>\n<tr>\n<td><strong>Prote\u00e7\u00e3o IP54<\/strong><\/td>\n<td>Classificado para poeira e salpicos de \u00e1gua, adequado para instala\u00e7\u00e3o interior ou exterior<\/td>\n<\/tr>\n<tr>\n<td><strong>BMS inteligente &amp; EMS<\/strong><\/td>\n<td>O Sistema de Gest\u00e3o da Bateria (BMS) e o Sistema de Gest\u00e3o de Energia (EMS) proporcionam monitoriza\u00e7\u00e3o em tempo real e controlo para maximizar a efici\u00eancia e a seguran\u00e7a<\/td>\n<\/tr>\n<tr>\n<td><strong>Design Modular<\/strong><\/td>\n<td>Consiste em 1 Sistema de Convers\u00e3o de Energia (PCS) e 2 arm\u00e1rios de baterias para f\u00e1cil escalabilidade e manuten\u00e7\u00e3o<\/td>\n<\/tr>\n<\/tbody>\n<\/table>\n<p>Esta configura\u00e7\u00e3o inteligente apoia a gest\u00e3o eficaz do seu armazenamento de energia comercial, quer se trate de limita\u00e7\u00e3o de picos, backup ou uso h\u00edbrido de solar. A BESS com arrefecimento l\u00edquido e a classifica\u00e7\u00e3o IP54 tornam-na robusta em diversos ambientes, ajudando a manter a fiabilidade e a seguran\u00e7a.<\/p>\n<p>Para mais detalhes sobre gest\u00e3o de armazenamento de baterias e benef\u00edcios, consulte o nosso guia sobre <a href=\"https:\/\/haisicstorage.com\/pt\/battery-storage-do-i-need\/\">sistemas de armazenamento de baterias<\/a>.<\/p>\n<h2>Especifica\u00e7\u00f5es T\u00e9cnicas<\/h2>\n<table>\n<thead>\n<tr>\n<th>Especifica\u00e7\u00e3o<\/th>\n<th>Detalhes<\/th>\n<\/tr>\n<\/thead>\n<tbody>\n<tr>\n<td><strong>Tipo de Bateria<\/strong><\/td>\n<td>LiFePO4 (Fosfato de Ferro de L\u00edtio)<\/td>\n<\/tr>\n<tr>\n<td><strong>N\u00famero do Modelo<\/strong><\/td>\n<td>HS-ESS200kW430kWh<\/td>\n<\/tr>\n<tr>\n<td><strong>Pot\u00eancia do Sistema<\/strong><\/td>\n<td>200 kW (descarga de 2 horas)<\/td>\n<\/tr>\n<tr>\n<td><strong>Capacidade de Energia<\/strong><\/td>\n<td>430 kWh<\/td>\n<\/tr>\n<tr>\n<td><strong>Dimens\u00f5es (L x C x A)<\/strong><\/td>\n<td>1450 mm x 1650 mm x 2340 mm (por unidade)<\/td>\n<\/tr>\n<tr>\n<td><strong>Arm\u00e1rios de PCS e Bateria<\/strong><\/td>\n<td>1 PCS \/ 2 arm\u00e1rios de bateria<\/td>\n<\/tr>\n<tr>\n<td><strong>M\u00e9todo de Arrefecimento<\/strong><\/td>\n<td>Arrefecimento l\u00edquido avan\u00e7ado<\/td>\n<\/tr>\n<tr>\n<td><strong>Classifica\u00e7\u00e3o de Prote\u00e7\u00e3o<\/strong><\/td>\n<td>IP54 (adequado para uso interior e exterior)<\/td>\n<\/tr>\n<tr>\n<td><strong>Protocolos de Comunica\u00e7\u00e3o<\/strong><\/td>\n<td>Ethernet, Modbus TCP\/IP<\/td>\n<\/tr>\n<tr>\n<td><strong>Conex\u00e3o \u00e0 rede<\/strong><\/td>\n<td>Compat\u00edvel com off-grid, h\u00edbrido e on-grid<\/td>\n<\/tr>\n<tr>\n<td><strong>Garantia<\/strong><\/td>\n<td>10 anos<\/td>\n<\/tr>\n<\/tbody>\n<\/table>\n<p>Este arm\u00e1rio de bateria de 200 kW 430 kWh \u00e9 concebido para integra\u00e7\u00e3o f\u00e1cil em sistemas solares comerciais e industriais. O seu BESS de arrefecimento l\u00edquido assegura um desempenho est\u00e1vel, enquanto a prote\u00e7\u00e3o IP54 permite instala\u00e7\u00e3o flex\u00edvel em interior ou exterior. Para uma vis\u00e3o abrangente de outras solu\u00e7\u00f5es de armazenamento de LiFePO4 comerciais, consulte a nossa vis\u00e3o geral detalhada de <a href=\"https:\/\/haisicstorage.com\/pt\/best-battery-storage-for-solar\/\">a melhor armazenagem de baterias para energia solar<\/a>.<\/p>\n<h2>Aplica\u00e7\u00f5es do Sistema<\/h2>\n<p>A Bateria de Armazenamento de Energia Industrial e Comercial Haisic de 200 kW \u00e9 concebida para atender a uma ampla gama de necessidades energ\u00e9ticas:<\/p>\n<ul>\n<li><strong>Armazenamento de energia solar comercial:<\/strong> Armazene o excedente de energia solar durante o dia e utilize-o quando as tarifas forem mais altas ou quando o sol n\u00e3o brilhar, maximizando o seu investimento solar.<\/li>\n<li><strong>Gest\u00e3o de procura m\u00e1xima industrial:<\/strong> Reduza os custos energ\u00e9ticos ao reduzir a procura de pot\u00eancia de pico, ajudando as ind\u00fastrias a gerir a carga de forma eficiente e a evitar encargos por demanda elevados.<\/li>\n<li><strong>Instala\u00e7\u00f5es solares h\u00edbridas:<\/strong> Integre-se de forma cont\u00ednua com configura\u00e7\u00f5es on-grid, off-grid ou h\u00edbridas para assegurar um fluxo de energia suave e maior resili\u00eancia.<\/li>\n<li><strong>Reserva para cargas cr\u00edticas:<\/strong> Fornecer alimenta\u00e7\u00e3o de backup fi\u00e1vel para hospitais, centros de dados, f\u00e1bricas ou qualquer instala\u00e7\u00e3o onde a energia cont\u00ednua seja essencial.<\/li>\n<\/ul>\n<p>Este vers\u00e1til sistema de armazenamento solar de 430kWh encaixa-se perfeitamente em diversos ambientes comerciais e industriais, ajudando as empresas a alcan\u00e7arem independ\u00eancia energ\u00e9tica e estabilidade. Para solu\u00e7\u00f5es energ\u00e9ticas de menor escala ou para o lar, explore as nossas avan\u00e7adas <a href=\"https:\/\/haisicstorage.com\/pt\/10kwh-wall-mounted-home-energy-storage\/\">armazenamento de energia dom\u00e9stico de 10 kWh numa parede<\/a> op\u00e7\u00f5es concebidas para f\u00e1cil integra\u00e7\u00e3o.<\/p>\n<h2>Seguran\u00e7a e Fiabilidade<\/h2>\n<p>A bateria de Armazenamento de Energia Industrial e Comercial Haisic de 200kW utiliza a qu\u00edmica LiFePO4, conhecida pela excelente estabilidade t\u00e9rmica e maior durabilidade em compara\u00e7\u00e3o com baterias de l\u00edtio tradicionais. Isto torna-a uma op\u00e7\u00e3o mais segura para armazenamento de energia comercial e industrial, reduzindo os riscos de sobreaquecimento ou inc\u00eandio.<\/p>\n<p>As prote\u00e7\u00f5es integradas incluem sobrecarga, sobredescarga, curto-circuito e salvaguardas de temperatura, assegurando que o sistema funcione de forma est\u00e1vel e segura sob diferentes condi\u00e7\u00f5es. Tamb\u00e9m cumpre certifica\u00e7\u00f5es internacionais de seguran\u00e7a, proporcionando tranquilidade numa opera\u00e7\u00e3o fi\u00e1vel.<\/p>\n<p>Apoiado por um <strong>10 anos<\/strong>, este sistema \u00e9 concebido para uso a longo prazo com manuten\u00e7\u00e3o m\u00ednima, garantindo desempenho fi\u00e1vel durante muitos anos. Para mais informa\u00e7\u00f5es sobre as nossas solu\u00e7\u00f5es de baterias de \u00faltima gera\u00e7\u00e3o, consulte outras ofertas na nossa <a href=\"https:\/\/haisicstorage.com\/pt\/produto\/\">gama de sistemas de armazenamento de energia comerciais<\/a>.<\/p>\n<h2>Instala\u00e7\u00e3o e Integra\u00e7\u00e3o<\/h2>\n<p>A bateria de Armazenamento de Energia Industrial e Comercial Haisic de 200kW apresenta uma pegada compacta concebida para uma instala\u00e7\u00e3o f\u00e1cil em v\u00e1rios ambientes. O seu design modular permite uma configura\u00e7\u00e3o r\u00e1pida, minimizando o tempo de inatividade durante a implementa\u00e7\u00e3o. Este sistema \u00e9 compat\u00edvel com inversores relevantes, garantindo uma integra\u00e7\u00e3o suave em arrays solares PV existentes ou em novos projetos.<\/p>\n<p>Pode ligar o sistema em configura\u00e7\u00f5es off-grid, h\u00edbridas ou on-grid, proporcionando flexibilidade para satisfazer diferentes necessidades energ\u00e9ticas. Com prote\u00e7\u00e3o IP54 e arrefecimento l\u00edquido, funciona de forma fi\u00e1vel quer seja instalado em espa\u00e7o interior ou exterior. Para uma comunica\u00e7\u00e3o sem falhas, suporta os protocolos Ethernet e Modbus TCP\/IP, simplificando a monitoriza\u00e7\u00e3o e o controlo.<\/p>\n<p>Para mais solu\u00e7\u00f5es modulares de LiFePO4, consulte o nosso <a href=\"https:\/\/haisicstorage.com\/pt\/wall-mounted-51-2v-100ah-5kwh\/\">bateria montada na parede 51,2V 100Ah 5kWh<\/a> ideal para necessidades de armazenamento comerciais mais pequenas.<\/p>\n<h2>Porqu\u00ea Escolher a Haisic<\/h2>\n<p>A Haisic destaca-se como um l\u00edder de confian\u00e7a em solu\u00e7\u00f5es de armazenamento de energia industriais e comerciais, proporcionando sistemas fi\u00e1veis e de alto desempenho ajustados \u00e0s suas necessidades. Eis por que somos a escolha certa:<\/p>\n<table>\n<thead>\n<tr>\n<th><strong>Raz\u00f5es para escolher a Haisic<\/strong><\/th>\n<th><strong>Detalhes<\/strong><\/th>\n<\/tr>\n<\/thead>\n<tbody>\n<tr>\n<td><strong>Especializa\u00e7\u00e3o na Ind\u00fastria<\/strong><\/td>\n<td>Anos de experi\u00eancia no desenvolvimento de armazenamento de energia em grande escala com sucesso comprovado<\/td>\n<\/tr>\n<tr>\n<td><strong>Qualidade e Inova\u00e7\u00e3o<\/strong><\/td>\n<td>Controlo de qualidade rigoroso e tecnologia de LiFePO4 de ponta asseguram baterias seguras, eficientes e dur\u00e1veis<\/td>\n<\/tr>\n<tr>\n<td><strong>Solu\u00e7\u00f5es Personalizadas<\/strong><\/td>\n<td>Designs flex\u00edveis para se adequarem aos requisitos \u00fanicos do projeto e integra\u00e7\u00e3o perfeita com sistemas solares e h\u00edbridos<\/td>\n<\/tr>\n<tr>\n<td><strong>Suporte Global e Garantia<\/strong><\/td>\n<td>Garantia de 10 anos e servi\u00e7o responsivo em todo o mundo<\/td>\n<\/tr>\n<tr>\n<td><strong>Design Escal\u00e1vel e Modular<\/strong><\/td>\n<td>Expanda a capacidade facilmente para acompanhar o crescimento ou mudan\u00e7as nas necessidades energ\u00e9ticas<\/td>\n<\/tr>\n<\/tbody>\n<\/table>\n<p>Escolher a Haisic significa associar-se a um fabricante comprometido em fornecer solu\u00e7\u00f5es de armazenamento comercial de LiFePO4 fi\u00e1veis que otimizam os seus investimentos solares e protegem o seu sistema de energia para o futuro.<\/p>\n<p>Descubra as nossas outras op\u00e7\u00f5es de armazenamento de energia, como o <a href=\"https:\/\/haisicstorage.com\/pt\/25-6v-200ah-lithium-battery-home-energy-storage\/\">bateria de l\u00edtio de 25,6V 200Ah para armazenamento de energia dom\u00e9stica<\/a>, para ver como atendemos v\u00e1rias necessidades energ\u00e9ticas com qualidade e flexibilidade.<\/p>\n<h2>Downloads e Recursos<\/h2>\n<p>Obtenha todos os documentos essenciais de que necessita para a Bateria de Armazenamento de Energia Industrial e Comercial 200kW da Haisic | Sistema de Armazenamento Solar de 430kWh logo aqui. Acede a folhas de dados detalhadas, brochuras e guias de instala\u00e7\u00e3o para compreender as capacidades do sistema e tornar a instala\u00e7\u00e3o f\u00e1cil e sem complica\u00e7\u00f5es. Estes recursos cobrem todos os aspetos do <strong>bateria comercial de LiFePO4<\/strong> do sistema, desde especifica\u00e7\u00f5es t\u00e9cnicas at\u00e9 instru\u00e7\u00f5es de utilizador, assegurando que tem informa\u00e7\u00f5es fi\u00e1veis ao seu alcance.<\/p>\n<p>Quer esteja a planear um <strong>sistema de armazenamento de energia comercial<\/strong> ou a gerir um <strong>sistema industrial de energia solar<\/strong>, estes materiais oferecem perce\u00e7\u00f5es claras e pr\u00e1ticas para apoiar o seu projeto desde o in\u00edcio at\u00e9 \u00e0 conclus\u00e3o.<\/p>\n<p>Para uma vis\u00e3o mais ampla das nossas ofertas, pode tamb\u00e9m encontrar o nosso <a href=\"https:\/\/haisicstorage.com\/pt\/215kwh-100kw-commercial-industrial-container-ess\/\">ESS industrial comercial de 215kWh 100kW<\/a> recurso \u00fatil para comparar diferentes tamanhos de sistema e configura\u00e7\u00f5es.<\/p>\n<h2>FAQ: Perguntas comuns sobre desempenho, escalabilidade, ROI e manuten\u00e7\u00e3o<\/h2>\n<h3>Q: Como funciona o Bateria de Armazenamento de Energia Industrial &amp; Comercial Haisic de 200kW em condi\u00e7\u00f5es reais?<\/h3>\n<p>A: O BESS de 200kW fornece energia est\u00e1vel e confi\u00e1vel com alta efici\u00eancia gra\u00e7as \u00e0 sua qu\u00edmica LiFePO4 e ao seu avan\u00e7ado sistema de arrefecimento l\u00edquido. Mant\u00e9m opera\u00e7\u00e3o est\u00e1vel tanto em grid como off-grid, ideal para necessidades de armazenamento solar comercial.<\/p>\n<h3>Q: Posso dimensionar o sistema se as minhas necessidades de armazenamento aumentarem?<\/h3>\n<p>A: Absolutamente. O design modular permite expans\u00e3o f\u00e1cil adicionando arm\u00e1rios de baterias, para que possa aumentar a capacidade al\u00e9m de 430kWh \u00e0 medida que as necessidades do seu neg\u00f3cio mudarem.<\/p>\n<h3>Q: Que tipo de retorno sobre o investimento (ROI) posso esperar?<\/h3>\n<p>A: Este sistema h\u00edbrido de armazenamento de energia ajuda a reduzir custos energ\u00e9ticos atrav\u00e9s de pico de carga e otimiza\u00e7\u00e3o de tarifas por tempo de uso. A maioria dos clientes v\u00ea um ROI significativo dentro de alguns anos atrav\u00e9s de poupan\u00e7as de energia e de maior resili\u00eancia operacional.<\/p>\n<h3>Q: Qu\u00e3o complexa \u00e9 a manuten\u00e7\u00e3o desta solu\u00e7\u00e3o de armazenamento LiFePO4 comercial?<\/h3>\n<p>A: A manuten\u00e7\u00e3o \u00e9 m\u00ednima. O BMS inteligente e o EMS monitorizam o sistema em tempo real para evitar problemas, enquanto o arrefecimento l\u00edquido e a prote\u00e7\u00e3o IP54 reduzem o desgaste. A garantia de 10 anos tamb\u00e9m proporciona tranquilidade.<\/p>\n<h3>Q: O sistema \u00e9 compat\u00edvel com a minha configura\u00e7\u00e3o solar ou de energia existente?<\/h3>\n<p>A: Sim, o Haisic ESS HS-ESS200kW430kWh integra-se de forma cont\u00ednua com a maioria dos inversores principais e suporta configura\u00e7\u00f5es h\u00edbridas, off-grid e on-grid para op\u00e7\u00f5es de instala\u00e7\u00e3o flex\u00edveis.<\/p>\n<p>Para mais detalhes sobre as capacidades do sistema, consulte o nosso <a href=\"https:\/\/haisicstorage.com\/pt\/solutions\/\">solu\u00e7\u00f5es comerciais de armazenamento de energia solar<\/a> para encontrar o ajuste ideal para o seu projeto.<\/p>\n<h2>Contacte-nos \/ Obter um or\u00e7amento<\/h2>\n<p>Pronto para melhorar a sua configura\u00e7\u00e3o de energia comercial ou industrial com a Bateria de Armazenamento de Energia Industrial &amp; Comercial Haisic de 200kW | Sistema de Armazenamento Solar de 430kWh? Entre em contato com a nossa equipa para aconselhamento personalizado, or\u00e7amentos detalhados ou quaisquer d\u00favidas sobre instala\u00e7\u00e3o e integra\u00e7\u00e3o.<\/p>\n<p>Estamos aqui para o orientar na escolha da configura\u00e7\u00e3o certa que se enquadre nas suas necessidades energ\u00e9ticas e or\u00e7amento. Visite o nosso <a href=\"https:\/\/haisicstorage.com\/pt\/contact\/\">p\u00e1gina de contacto<\/a> para preencher o formul\u00e1rio de consulta ou encontrar informa\u00e7\u00f5es de contacto diretas para assist\u00eancia r\u00e1pida.<\/p>\n<p>Vamos ajudar a maximizar o seu investimento em energia solar com uma solu\u00e7\u00e3o de bateria comercial LiFePO4 fi\u00e1vel e escal\u00e1vel, adaptada ao seu neg\u00f3cio.<\/p>","protected":false},"excerpt":{"rendered":"<p>Haisic 200kW 430kWh LiFePO4 bateria de armazenamento de energia comercial para sistemas industriais de energia solar com reatingimento de pico e suporte h\u00edbrido on-grid\/off-grid<\/p>","protected":false},"featured_media":3476,"template":"","meta":{"site-sidebar-layout":"default","site-content-layout":"","ast-site-content-layout":"default","site-content-style":"default","site-sidebar-style":"default","ast-global-header-display":"","ast-banner-title-visibility":"","ast-main-header-display":"","ast-hfb-above-header-display":"","ast-hfb-below-header-display":"","ast-hfb-mobile-header-display":"","site-post-title":"","ast-breadcrumbs-content":"","ast-featured-img":"","footer-sml-layout":"","ast-disable-related-posts":"","theme-transparent-header-meta":"default","adv-header-id-meta":"","stick-header-meta":"default","header-above-stick-meta":"","header-main-stick-meta":"","header-below-stick-meta":"","astra-migrate-meta-layouts":"set","ast-page-background-enabled":"default","ast-page-background-meta":{"desktop":{"background-color":"var(--ast-global-color-4)","background-image":"","background-repeat":"repeat","background-position":"center center","background-size":"auto","background-attachment":"scroll","background-type":"","background-media":"","overlay-type":"","overlay-color":"","overlay-opacity":"","overlay-gradient":""},"tablet":{"background-color":"","background-image":"","background-repeat":"repeat","background-position":"center center","background-size":"auto","background-attachment":"scroll","background-type":"","background-media":"","overlay-type":"","overlay-color":"","overlay-opacity":"","overlay-gradient":""},"mobile":{"background-color":"","background-image":"","background-repeat":"repeat","background-position":"center center","background-size":"auto","background-attachment":"scroll","background-type":"","background-media":"","overlay-type":"","overlay-color":"","overlay-opacity":"","overlay-gradient":""}},"ast-content-background-meta":{"desktop":{"background-color":"var(--ast-global-color-5)","background-image":"","background-repeat":"repeat","background-position":"center center","background-size":"auto","background-attachment":"scroll","background-type":"","background-media":"","overlay-type":"","overlay-color":"","overlay-opacity":"","overlay-gradient":""},"tablet":{"background-color":"var(--ast-global-color-5)","background-image":"","background-repeat":"repeat","background-position":"center center","background-size":"auto","background-attachment":"scroll","background-type":"","background-media":"","overlay-type":"","overlay-color":"","overlay-opacity":"","overlay-gradient":""},"mobile":{"background-color":"var(--ast-global-color-5)","background-image":"","background-repeat":"repeat","background-position":"center center","background-size":"auto","background-attachment":"scroll","background-type":"","background-media":"","overlay-type":"","overlay-color":"","overlay-opacity":"","overlay-gradient":""}}},"product_brand":[],"product_cat":[44],"product_tag":[],"class_list":{"0":"post-2687","1":"product","2":"type-product","3":"status-publish","4":"has-post-thumbnail","6":"product_cat-commercial-industrial-ess","7":"desktop-align-left","8":"tablet-align-left","9":"mobile-align-left","10":"ast-product-gallery-layout-horizontal-slider","11":"ast-product-tabs-layout-horizontal","13":"first","14":"instock","15":"shipping-taxable","16":"purchasable","17":"product-type-simple"},"_links":{"self":[{"href":"https:\/\/haisicstorage.com\/pt\/wp-json\/wp\/v2\/product\/2687","targetHints":{"allow":["GET"]}}],"collection":[{"href":"https:\/\/haisicstorage.com\/pt\/wp-json\/wp\/v2\/product"}],"about":[{"href":"https:\/\/haisicstorage.com\/pt\/wp-json\/wp\/v2\/types\/product"}],"version-history":[{"count":1,"href":"https:\/\/haisicstorage.com\/pt\/wp-json\/wp\/v2\/product\/2687\/revisions"}],"predecessor-version":[{"id":2691,"href":"https:\/\/haisicstorage.com\/pt\/wp-json\/wp\/v2\/product\/2687\/revisions\/2691"}],"wp:featuredmedia":[{"embeddable":true,"href":"https:\/\/haisicstorage.com\/pt\/wp-json\/wp\/v2\/media\/3476"}],"wp:attachment":[{"href":"https:\/\/haisicstorage.com\/pt\/wp-json\/wp\/v2\/media?parent=2687"}],"wp:term":[{"taxonomy":"product_brand","embeddable":true,"href":"https:\/\/haisicstorage.com\/pt\/wp-json\/wp\/v2\/product_brand?post=2687"},{"taxonomy":"product_cat","embeddable":true,"href":"https:\/\/haisicstorage.com\/pt\/wp-json\/wp\/v2\/product_cat?post=2687"},{"taxonomy":"product_tag","embeddable":true,"href":"https:\/\/haisicstorage.com\/pt\/wp-json\/wp\/v2\/product_tag?post=2687"}],"curies":[{"name":"wp","href":"https:\/\/api.w.org\/{rel}","templated":true}]}}