{"id":2663,"date":"2025-12-14T09:12:02","date_gmt":"2025-12-14T09:12:02","guid":{"rendered":"https:\/\/haisicstorage.com\/haisic-1mwh-ess-solar-energy-storage-container-system\/"},"modified":"2026-02-27T06:48:44","modified_gmt":"2026-02-27T06:48:44","slug":"haisic-1mwh-ess-solar-energy-storage-container-system","status":"publish","type":"product","link":"https:\/\/haisicstorage.com\/pt\/haisic-1mwh-ess-solar-energy-storage-container-system\/","title":{"rendered":"Haisic 1MWh ESS Solar Storage Container com inversor h\u00edbrido de 500 kW"},"content":{"rendered":"<h2>Vis\u00e3o Geral do Produto<\/h2>\n<p>Est\u00e1 \u00e0 procura de uma maneira fi\u00e1vel e eficiente de armazenar energia solar em grande escala? O sistema de Contentor de Armazenamento de Energia Solar Haisic 1MWh oferece uma solu\u00e7\u00e3o poderosa, concebida para necessidades comerciais e industriais. Este sistema de armazenamento de energia em bateria (BESS) em contentor utiliza tecnologia de l\u00edtio LiFePO4 para assegurar alta seguran\u00e7a, vida \u00fatil longa e desempenho est\u00e1vel.<\/p>\n<p>Proposto para integra\u00e7\u00e3o f\u00e1cil com centrais solares, micro redes e aplica\u00e7\u00f5es de rede h\u00edbrida, este armazenamento de energia solar em contentor de 1MWh oferece op\u00e7\u00f5es de armazenamento de energia flex\u00edveis e escal\u00e1veis. O seu design em contentor plug-and-play permite uma implanta\u00e7\u00e3o r\u00e1pida em qualquer lugar\u2014mesmo ao ar livre\u2014gra\u00e7as \u00e0 robusta prote\u00e7\u00e3o IP54.<\/p>\n<p>As principais vantagens incluem um design modular que pode crescer de 500kWh at\u00e9 3MWh, um inversor h\u00edbrido de alta capacidade de 500kW e gest\u00e3o inteligente de energia para maximizar o uso da sua energia solar. Quer pretenda reduzir os custos energ\u00e9ticos com pico de consumo, melhorar a estabilidade da rede ou ter energia de reserva fi\u00e1vel, o sistema Haisic foi concebido para satisfazer as suas necessidades com durabilidade comprovada e padr\u00f5es de seguran\u00e7a de topo.<\/p>\n<h2>Principais caracter\u00edsticas do Haisic 1MWh ESS Solar Energy Storage Container System<\/h2>\n<p>O Haisic 1MWh ESS Solar Energy Storage Container System oferece caracter\u00edsticas de alto n\u00edvel projetadas para fiabilidade e flexibilidade:<\/p>\n<ul>\n<li><strong>Design Modular e Escal\u00e1vel:<\/strong> Op\u00e7\u00f5es de capacidade flex\u00edveis de 500kWh at\u00e9 3MWh para adequar a v\u00e1rios tamanhos de projeto.<\/li>\n<li><strong>Bateria LiFePO4 de Alta Seguran\u00e7a:<\/strong> Utiliza a qu\u00edmica de fosfato de ferro de l\u00edtio l\u00edder da ind\u00fastria para maior seguran\u00e7a e vida \u00fatil longa.<\/li>\n<li><strong>Inversor H\u00edbrido Integrado de 500kW:<\/strong> Suporta opera\u00e7\u00e3o tanto ligada \u00e0 rede como fora da rede com convers\u00e3o de pot\u00eancia suave.<\/li>\n<li><strong>Op\u00e7\u00f5es Avan\u00e7adas de Arrefecimento:<\/strong> Arrefecimento padr\u00e3o por ar assegura controlo de temperatura eficiente para desempenho \u00f3timo da bateria.<\/li>\n<li><strong>Prote\u00e7\u00e3o Robusta Externa:<\/strong> Inv\u00f3lucro com classifica\u00e7\u00e3o IP54 garante durabilidade e resist\u00eancia \u00e0s intemp\u00e9ries para instala\u00e7\u00f5es ao ar livre.<\/li>\n<li><strong>Gest\u00e3o Inteligente de Energia:<\/strong> Monitoriza\u00e7\u00e3o e controlo integrados melhoram a efici\u00eancia e simplificam a opera\u00e7\u00e3o do sistema.<\/li>\n<\/ul>\n<table>\n<thead>\n<tr>\n<th>Caracter\u00edstica<\/th>\n<th>Descri\u00e7\u00e3o<\/th>\n<\/tr>\n<\/thead>\n<tbody>\n<tr>\n<td>Capacidade<\/td>\n<td>Op\u00e7\u00f5es de 500kWh a 3MWh<\/td>\n<\/tr>\n<tr>\n<td>Tecnologia de Bateria<\/td>\n<td>LiFePO4 (Fosfato de Ferro de L\u00edtio)<\/td>\n<\/tr>\n<tr>\n<td>Inversor<\/td>\n<td>500kW H\u00edbrido (3F+N+PE)<\/td>\n<\/tr>\n<tr>\n<td>Arrefecimento<\/td>\n<td>Refrigera\u00e7\u00e3o a ar (padr\u00e3o)<\/td>\n<\/tr>\n<tr>\n<td>Classifica\u00e7\u00e3o de Prote\u00e7\u00e3o<\/td>\n<td>IP54 para uso exterior<\/td>\n<\/tr>\n<tr>\n<td>Gest\u00e3o de Energia<\/td>\n<td>Monitoriza\u00e7\u00e3o e controlo inteligentes<\/td>\n<\/tr>\n<\/tbody>\n<\/table>\n<p>Este sistema de armazenamento de energia com bateria escal\u00e1vel facilita a expans\u00e3o \u00e0 medida que as suas necessidades energ\u00e9ticas crescem. Para saber mais sobre a nossa fi\u00e1vel tecnologia de bateria LiFePO4, consulte o nosso detalhado <a href=\"https:\/\/haisicstorage.com\/pt\/lifepo4-battery-51-2v-100ah\/\">Vis\u00e3o geral da bateria LiFePO4<\/a>.<\/p>\n<h2>Especifica\u00e7\u00f5es T\u00e9cnicas do Haisic 1MWh ESS Solar Energy Storage Container<\/h2>\n<p>Aqui est\u00e1 uma vis\u00e3o clara dos detalhes t\u00e9cnicos do ESS Haisic de 1MWh em contentor, concebido para armazenamento fi\u00e1vel de energia solar:<\/p>\n<table>\n<thead>\n<tr>\n<th>Especifica\u00e7\u00e3o<\/th>\n<th>Detalhes<\/th>\n<\/tr>\n<\/thead>\n<tbody>\n<tr>\n<td><strong>Tipo de Bateria<\/strong><\/td>\n<td>L\u00edtio-Ion (LiFePO4)<\/td>\n<\/tr>\n<tr>\n<td><strong>N\u00famero do Modelo<\/strong><\/td>\n<td>HS-EE500kW1075kWh (configura\u00e7\u00e3o 1MWh)<\/td>\n<\/tr>\n<tr>\n<td><strong>Energia Nominal<\/strong><\/td>\n<td>1MWh<\/td>\n<\/tr>\n<tr>\n<td><strong>Pot\u00eancia de Carga\/Descarga Nominal<\/strong><\/td>\n<td>500kW<\/td>\n<\/tr>\n<tr>\n<td><strong>Gama de tens\u00e3o do sistema<\/strong><\/td>\n<td>672V \u2013 840V<\/td>\n<\/tr>\n<tr>\n<td><strong>Inversor<\/strong><\/td>\n<td>H\u00edbrido 500kW 3F+N+PE<\/td>\n<\/tr>\n<tr>\n<td><strong>Dimens\u00f5es (L x C x A)<\/strong><\/td>\n<td>7550mm x 1100mm x 2340mm<\/td>\n<\/tr>\n<tr>\n<td><strong>Peso<\/strong><\/td>\n<td>A confirmar<\/td>\n<\/tr>\n<tr>\n<td><strong>Interface de Comunica\u00e7\u00e3o<\/strong><\/td>\n<td>Ethernet com Modbus TCP\/IP<\/td>\n<\/tr>\n<tr>\n<td><strong>Conex\u00e3o \u00e0 rede<\/strong><\/td>\n<td>H\u00edbrido (em rede e fora de rede suportado)<\/td>\n<\/tr>\n<tr>\n<td><strong>Sistema de arrefecimento<\/strong><\/td>\n<td>Arrefecido a ar (padr\u00e3o)<\/td>\n<\/tr>\n<tr>\n<td><strong>Classifica\u00e7\u00e3o IP<\/strong><\/td>\n<td>IP54 (adequado para uso exterior)<\/td>\n<\/tr>\n<tr>\n<td><strong>Garantia<\/strong><\/td>\n<td>10 Anos<\/td>\n<\/tr>\n<\/tbody>\n<\/table>\n<p>Este sistema robusto suporta liga\u00e7\u00f5es h\u00edbridas \u00e0 rede e comunica de forma eficiente via Modbus TCP\/IP, tornando-o ideal para instala\u00e7\u00f5es solares comerciais e industriais. O design arrefecido a ar mant\u00e9m as opera\u00e7\u00f5es suaves sem a complexidade do arrefecimento l\u00edquido.<\/p>\n<p>Para necessidades de armazenamento de energia solar de menor escala, consulte o nosso fi\u00e1vel <a href=\"https:\/\/haisicstorage.com\/pt\/5kw-power-energy-storage-solar-system-for-home\/\">sistema de armazenamento de energia de 5 kW para resid\u00eancias<\/a> que partilha o mesmo foco em solu\u00e7\u00f5es de baterias seguras e modulares.<\/p>\n<h2>Vantagens do Sistema do Cont\u00eainer de Armazenamento de Energia Solar Haisic 1MWh ESS<\/h2>\n<p>O Cont\u00eainer de Armazenamento de Energia Solar Haisic 1MWh ESS traz uma s\u00e9rie de vantagens que melhoram a forma como armazena e utiliza a energia solar. Eis o que pode esperar:<\/p>\n<table>\n<thead>\n<tr>\n<th>Benef\u00edcio<\/th>\n<th>Descri\u00e7\u00e3o<\/th>\n<\/tr>\n<\/thead>\n<tbody>\n<tr>\n<td><strong>Maior Aproveitamento Solar<\/strong><\/td>\n<td>Maximiza o autoconsumo ao armazenar o excesso de energia solar<\/td>\n<\/tr>\n<tr>\n<td><strong>Redu\u00e7\u00e3o de Picos e Transfer\u00eancia de Carga<\/strong><\/td>\n<td>Reduz os custos de energia ao gerir o consumo durante a procura m\u00e1xima<\/td>\n<\/tr>\n<tr>\n<td><strong>Energia de Reserva e Estabilidade da Rede<\/strong><\/td>\n<td>Fornece energia de reserva fi\u00e1vel e apoia um fornecimento est\u00e1vel \u00e0 rede<\/td>\n<\/tr>\n<tr>\n<td><strong>Menor Depend\u00eancia de Combust\u00edveis F\u00f3sseis<\/strong><\/td>\n<td>Ajuda a reduzir a pegada de carbono ao utilizar energia limpa armazenada<\/td>\n<\/tr>\n<tr>\n<td><strong>Longa Vida \u00datil de Ciclos e Baixa Manuten\u00e7\u00e3o<\/strong><\/td>\n<td>Baterias LiFePO4 dur\u00e1veis que requerem manuten\u00e7\u00e3o m\u00ednima ao longo de muitos ciclos<\/td>\n<\/tr>\n<\/tbody>\n<\/table>\n<p>Este sistema garante que aproveita ao m\u00e1ximo o seu investimento solar, poupando dinheiro ao mesmo tempo que apoia um futuro mais verde. Para quem est\u00e1 interessado em gerir custos e melhorar o desempenho das baterias solares, os nossos insights detalhados sobre <a href=\"https:\/\/haisicstorage.com\/pt\/cost-of-solar-battery-storage\/\">custo de armazenamento de bateria solar<\/a> pode oferecer orienta\u00e7\u00f5es valiosas.<\/p>\n<h2>Aplica\u00e7\u00f5es do Sistema de Armazenamento Solar com ESS Haisic de 1 MWh<\/h2>\n<p>O Sistema de Armazenamento Solar com ESS Haisic de 1 MWh encaixa-se perfeitamente em v\u00e1rias configura\u00e7\u00f5es energ\u00e9ticas. \u00c9 ideal para <strong>plantas de energia solar e integra\u00e7\u00e3o de PV<\/strong>, ajudando a armazenar energia excedente para uso eficiente em dias com pouca luz solar. Instala\u00e7\u00f5es comerciais e industriais beneficiam da sua capacidade de otimizar a gest\u00e3o de energia, reduzindo custos de eletricidade e melhorando a fiabilidade.<\/p>\n<p>Este sistema tamb\u00e9m funciona bem em <strong>micro-redes e sistemas off-grid<\/strong>, garantindo um fornecimento est\u00e1vel de energia mesmo em locais remotos sem acesso est\u00e1vel \u00e0 rede. Para projetos de energia renov\u00e1vel em escala de utilidade, o design modular permite escalar facilmente para atender \u00e0s crescentes necessidades energ\u00e9ticas. Al\u00e9m disso, o contentor suporta <strong>armazenamento h\u00edbrido vento-solar<\/strong>, combinando v\u00e1rias fontes renov\u00e1veis para uma entrega de energia cont\u00ednua.<\/p>\n<p>Se estiver a gerir uma grande quinta solar ou a integrar energias renov\u00e1veis numa rede existente, esta robusta solu\u00e7\u00e3o de armazenamento de energia LiFePO4 de 1 MWh apoia o uso de energia flex\u00edvel e fi\u00e1vel, adaptando-se a diversas necessidades de projeto.<\/p>\n<p>Para solu\u00e7\u00f5es de menor escala ou residenciais que complementem estes projetos, pode tamb\u00e9m considerar o <a href=\"https:\/\/haisicstorage.com\/pt\/10kwh-wall-mounted-home-energy-storage\/\">armazenamento de energia dom\u00e9stico de 10 kWh numa parede<\/a> ou o <a href=\"https:\/\/haisicstorage.com\/pt\/51-2v-100ah-5120wh-floor-mounted-home-energy-storage\/\">sistema em piso de 51,2 V 100 Ah<\/a>, perfeito para a gest\u00e3o de energia no local.<\/p>\n<h2>Seguran\u00e7a e Fiabilidade<\/h2>\n<p>O Sistema de Armazenamento Solar com ESS Haisic de 1 MWh d\u00e1 prioridade \u00e0 seguran\u00e7a com prote\u00e7\u00f5es em v\u00e1rios n\u00edveis. Apresenta um avan\u00e7ado Battery Management System (BMS) que monitoriza a sa\u00fade da bateria, impede a sobrecarga e equilibra as c\u00e9lulas para garantir opera\u00e7\u00e3o est\u00e1vel. O sistema tamb\u00e9m \u00e9 concebido com prontid\u00e3o de extin\u00e7\u00e3o de fogo, adicionando uma camada extra de seguran\u00e7a em caso de emerg\u00eancias.<\/p>\n<p>Projetado para cumprir padr\u00f5es internacionais de seguran\u00e7a, este contentor BESS de LiFePO4 passa por testes rigorosos para garantir conformidade e desempenho fi\u00e1vel. J\u00e1 provou a sua resili\u00eancia em ambientes exigentes, tornando-o uma escolha fi\u00e1vel para solu\u00e7\u00f5es de armazenamento de energia solar ao ar livre que precisam de resistir a condi\u00e7\u00f5es clim\u00e1ticas adversas e operacionais.<\/p>\n<h2>Instala\u00e7\u00e3o e Escalabilidade<\/h2>\n<p>O Sistema de Armazenamento Solar com ESS Haisic de 1 MWh apresenta um design de contentor plug-and-play, tornando a instala\u00e7\u00e3o r\u00e1pida e simples. Esta configura\u00e7\u00e3o \u00e9 perfeita para projetos que precisam de implementa\u00e7\u00e3o r\u00e1pida sem montagem complicada ou longos per\u00edodos de inatividade.<\/p>\n<p>Para necessidades energ\u00e9ticas crescentes, o sistema suporta liga\u00e7\u00e3o em paralelo, permitindo expandir facilmente a capacidade de armazenamento ao ligar m\u00faltiplos contentores. Esta escalabilidade assegura que a sua solu\u00e7\u00e3o de armazenamento possa crescer com o seu neg\u00f3cio ou exig\u00eancias do projeto.<\/p>\n<p>Al\u00e9m disso, o sistema integra-se de forma transparente com instala\u00e7\u00f5es solares existentes, quer comerciais ou industriais, simplificando melhorias ou novas configura\u00e7\u00f5es sem grandes altera\u00e7\u00f5es \u00e0 sua infraestrutura atual.<\/p>\n<p>Explore mais sobre o nosso sistema de armazenamento de baterias em contentor escal\u00e1vel e como ele se enquadra nas aplica\u00e7\u00f5es de energia solar no nosso <a href=\"https:\/\/haisicstorage.com\/pt\/1075kwh-100kw-commercial-industrial-container-ess\/\">HS-EE500kW1075kWh 1MWh p\u00e1gina de configura\u00e7\u00e3o<\/a>.<\/p>\n<h2>Porqu\u00ea Escolher a Haisic<\/h2>\n<p>Com mais de 12 anos de experi\u00eancia na ind\u00fastria de armazenamento de energia, a Haisic destaca-se por fornecer solu\u00e7\u00f5es fi\u00e1veis de alto desempenho feitas \u00e0 medida das suas necessidades. Eis por que pode confiar na Haisic para o seu sistema de armazenamento de energia solar ESS de 1MWh em contentor:<\/p>\n<table>\n<thead>\n<tr>\n<th><strong>Raz\u00e3o<\/strong><\/th>\n<th><strong>Detalhes<\/strong><\/th>\n<\/tr>\n<\/thead>\n<tbody>\n<tr>\n<td><strong>Especializa\u00e7\u00e3o comprovada<\/strong><\/td>\n<td>Mais de uma d\u00e9cada a desenvolver sistemas de baterias avan\u00e7ados<\/td>\n<\/tr>\n<tr>\n<td><strong>Componentes de Qualidade<\/strong><\/td>\n<td>Utiliza baterias LiFePO4 premium e inversores h\u00edbridos de confian\u00e7a<\/td>\n<\/tr>\n<tr>\n<td><strong>Solu\u00e7\u00f5es Personaliz\u00e1veis<\/strong><\/td>\n<td>Desenhos modulares que escalam de 500kWh at\u00e9 3MWh<\/td>\n<\/tr>\n<tr>\n<td><strong>Rede Global de Fornecimento<\/strong><\/td>\n<td>Entrega fi\u00e1vel e suporte em todo o mundo<\/td>\n<\/tr>\n<tr>\n<td><strong>Suporte P\u00f3s-Venda<\/strong><\/td>\n<td>Servi\u00e7o dedicado para instala\u00e7\u00e3o, manuten\u00e7\u00e3o e resolu\u00e7\u00e3o de problemas<\/td>\n<\/tr>\n<\/tbody>\n<\/table>\n<p>Escolher a Haisic significa ter um parceiro comprometido com desempenho, durabilidade e suporte a longo prazo. Para quem esteja interessado em solu\u00e7\u00f5es de baterias flex\u00edveis para habita\u00e7\u00e3o ou uso comercial, consulte o nosso <a href=\"https:\/\/haisicstorage.com\/pt\/battery-storage-for-home\/\">armazenamento de baterias para sistemas dom\u00e9sticos<\/a> e <a href=\"https:\/\/haisicstorage.com\/pt\/solutions\/\">solu\u00e7\u00f5es de armazenamento de energia<\/a> para aprender mais sobre como a Haisic satisfaz as diversas necessidades energ\u00e9ticas globalmente.<\/p>\n<h2>Produtos Relacionados e Acess\u00f3rios<\/h2>\n<p>O Sistema de Armazenamento de Energia Solar ESS de 1MWh da Haisic vem com op\u00e7\u00f5es escal\u00e1veis para corresponder \u00e0s suas necessidades energ\u00e9ticas. Quer precise de uma unidade menor de 500kWh ou de configura\u00e7\u00f5es maiores de 2MWh ou 3MWh, estes sistemas de armazenamento em contentor oferecem expans\u00f5es de capacidade flex\u00edveis. Al\u00e9m dos contentores de armazenamento, pode tamb\u00e9m escolher inversores complementares e sistemas avan\u00e7ados de monitoriza\u00e7\u00e3o que se integram de forma harmoniosa para um melhor desempenho e gest\u00e3o de energia em tempo real. Para solu\u00e7\u00f5es sob medida e para explorar a gama completa de op\u00e7\u00f5es escal\u00e1veis de sistemas de armazenamento de energia da Haisic, visite o <a href=\"https:\/\/haisicstorage.com\/pt\/produto\/\">p\u00e1gina de produtos Haisic<\/a>.<\/p>\n<h2>FAQ: Dimensionamento, Compatibilidade, ROI e Manuten\u00e7\u00e3o<\/h2>\n<h3>Como escolho o tamanho certo para o meu ESS em contentor de 1MWh?<\/h3>\n<p>Comece por avaliar as suas necessidades di\u00e1rias de energia, hor\u00e1rios de carga de pico e requisitos de backup. O Sistema de Armazenamento de Energia Solar ESS de 1MWh da Haisic \u00e9 modular e escal\u00e1vel, oferecendo op\u00e7\u00f5es desde 500kWh at\u00e9 3MWh para se adequar a v\u00e1rias aplica\u00e7\u00f5es comerciais e industriais.<\/p>\n<h3>O sistema de armazenamento de energia da bateria da Haisic \u00e9 compat\u00edvel com configura\u00e7\u00f5es solares existentes?<\/h3>\n<p>Sim, suporta liga\u00e7\u00e3o \u00e0 rede h\u00edbrida (na rede e fora da rede) e integra-se facilmente com centrais solares ou microrredes. A sua comunica\u00e7\u00e3o via Ethernet com Modbus TCP\/IP garante uma integra\u00e7\u00e3o perfeita com a maioria dos sistemas de gest\u00e3o de energia.<\/p>\n<h3>Q: Que tipo de retorno sobre o investimento (ROI) posso esperar?<\/h3>\n<p>O ROI varia consoante o seu consumo de energia, a estrutura tarif\u00e1ria e o padr\u00e3o de utiliza\u00e7\u00e3o. Este sistema ajuda a potenciar o uso de energia solar, reduzir as tarifas de pot\u00eancia m\u00e1xima e fornecer energia de reserva \u2014 benef\u00edcios que se combinam para melhorar as poupan\u00e7as ao longo do tempo.<\/p>\n<h3>Qual \u00e9 a manuten\u00e7\u00e3o necess\u00e1ria para o armazenamento de energia LiFePO4 de 1 MWh?<\/h3>\n<p>Gra\u00e7as \u00e0 tecnologia de bateria LiFePO4 de alta seguran\u00e7a e \u00e0 gest\u00e3o avan\u00e7ada de energia, as necessidades de manuten\u00e7\u00e3o s\u00e3o m\u00ednimas. Verifica\u00e7\u00f5es regulares do sistema e monitoriza\u00e7\u00e3o atrav\u00e9s do sistema de gest\u00e3o de energia inteligente mant\u00eam o contentor a funcionar sem problemas.<\/p>\n<h3>Posso expandir o sistema mais tarde?<\/h3>\n<p>Continua. O sistema de armazenamento de energia em bateria, em contentor, \u00e9 concebido para instala\u00e7\u00e3o plug-and-play com suporte de liga\u00e7\u00e3o em paralelo, tornando a expans\u00e3o de capacidade futura simples.<\/p>\n<p>Para informa\u00e7\u00f5es detalhadas e cota\u00e7\u00f5es personalizadas para o seu projeto de energia, considere visitar a nossa <a href=\"https:\/\/haisicstorage.com\/pt\/quotes-list\/\">p\u00e1gina de listagem de cota\u00e7\u00f5es<\/a> para suporte personalizado.<\/p>","protected":false},"excerpt":{"rendered":"<p>O sistema de contentor de armazenamento de energia solar Haisic 1MWh ESS apresenta baterias LiFePO4, inversor h\u00edbrido de 500kW, design escal\u00e1vel e prote\u00e7\u00e3o externa IP54<\/p>","protected":false},"featured_media":2666,"template":"","meta":{"site-sidebar-layout":"default","site-content-layout":"","ast-site-content-layout":"default","site-content-style":"default","site-sidebar-style":"default","ast-global-header-display":"","ast-banner-title-visibility":"","ast-main-header-display":"","ast-hfb-above-header-display":"","ast-hfb-below-header-display":"","ast-hfb-mobile-header-display":"","site-post-title":"","ast-breadcrumbs-content":"","ast-featured-img":"","footer-sml-layout":"","ast-disable-related-posts":"","theme-transparent-header-meta":"default","adv-header-id-meta":"","stick-header-meta":"default","header-above-stick-meta":"","header-main-stick-meta":"","header-below-stick-meta":"","astra-migrate-meta-layouts":"set","ast-page-background-enabled":"default","ast-page-background-meta":{"desktop":{"background-color":"var(--ast-global-color-4)","background-image":"","background-repeat":"repeat","background-position":"center center","background-size":"auto","background-attachment":"scroll","background-type":"","background-media":"","overlay-type":"","overlay-color":"","overlay-opacity":"","overlay-gradient":""},"tablet":{"background-color":"","background-image":"","background-repeat":"repeat","background-position":"center center","background-size":"auto","background-attachment":"scroll","background-type":"","background-media":"","overlay-type":"","overlay-color":"","overlay-opacity":"","overlay-gradient":""},"mobile":{"background-color":"","background-image":"","background-repeat":"repeat","background-position":"center center","background-size":"auto","background-attachment":"scroll","background-type":"","background-media":"","overlay-type":"","overlay-color":"","overlay-opacity":"","overlay-gradient":""}},"ast-content-background-meta":{"desktop":{"background-color":"var(--ast-global-color-5)","background-image":"","background-repeat":"repeat","background-position":"center center","background-size":"auto","background-attachment":"scroll","background-type":"","background-media":"","overlay-type":"","overlay-color":"","overlay-opacity":"","overlay-gradient":""},"tablet":{"background-color":"var(--ast-global-color-5)","background-image":"","background-repeat":"repeat","background-position":"center center","background-size":"auto","background-attachment":"scroll","background-type":"","background-media":"","overlay-type":"","overlay-color":"","overlay-opacity":"","overlay-gradient":""},"mobile":{"background-color":"var(--ast-global-color-5)","background-image":"","background-repeat":"repeat","background-position":"center center","background-size":"auto","background-attachment":"scroll","background-type":"","background-media":"","overlay-type":"","overlay-color":"","overlay-opacity":"","overlay-gradient":""}}},"product_brand":[],"product_cat":[44],"product_tag":[],"class_list":{"0":"post-2663","1":"product","2":"type-product","3":"status-publish","4":"has-post-thumbnail","6":"product_cat-commercial-industrial-ess","7":"desktop-align-left","8":"tablet-align-left","9":"mobile-align-left","10":"ast-product-gallery-layout-horizontal-slider","11":"ast-product-tabs-layout-horizontal","13":"first","14":"instock","15":"shipping-taxable","16":"purchasable","17":"product-type-simple"},"_links":{"self":[{"href":"https:\/\/haisicstorage.com\/pt\/wp-json\/wp\/v2\/product\/2663","targetHints":{"allow":["GET"]}}],"collection":[{"href":"https:\/\/haisicstorage.com\/pt\/wp-json\/wp\/v2\/product"}],"about":[{"href":"https:\/\/haisicstorage.com\/pt\/wp-json\/wp\/v2\/types\/product"}],"version-history":[{"count":1,"href":"https:\/\/haisicstorage.com\/pt\/wp-json\/wp\/v2\/product\/2663\/revisions"}],"predecessor-version":[{"id":2668,"href":"https:\/\/haisicstorage.com\/pt\/wp-json\/wp\/v2\/product\/2663\/revisions\/2668"}],"wp:featuredmedia":[{"embeddable":true,"href":"https:\/\/haisicstorage.com\/pt\/wp-json\/wp\/v2\/media\/2666"}],"wp:attachment":[{"href":"https:\/\/haisicstorage.com\/pt\/wp-json\/wp\/v2\/media?parent=2663"}],"wp:term":[{"taxonomy":"product_brand","embeddable":true,"href":"https:\/\/haisicstorage.com\/pt\/wp-json\/wp\/v2\/product_brand?post=2663"},{"taxonomy":"product_cat","embeddable":true,"href":"https:\/\/haisicstorage.com\/pt\/wp-json\/wp\/v2\/product_cat?post=2663"},{"taxonomy":"product_tag","embeddable":true,"href":"https:\/\/haisicstorage.com\/pt\/wp-json\/wp\/v2\/product_tag?post=2663"}],"curies":[{"name":"wp","href":"https:\/\/api.w.org\/{rel}","templated":true}]}}