{"id":2659,"date":"2025-12-14T09:04:44","date_gmt":"2025-12-14T09:04:44","guid":{"rendered":"https:\/\/haisicstorage.com\/haisic-ess-energy-storage-container-100kw200kw500kw-solar-power-system\/"},"modified":"2026-02-27T06:48:59","modified_gmt":"2026-02-27T06:48:59","slug":"haisic-ess-energy-storage-container-100kw200kw500kw-solar-power-system","status":"publish","type":"product","link":"https:\/\/haisicstorage.com\/pt\/haisic-ess-energy-storage-container-100kw200kw500kw-solar-power-system\/","title":{"rendered":"Armazenamento de Energia em Contentor ESS Haisic 100kW 200kW 500kW Sistema Solar"},"content":{"rendered":"<h2>Vis\u00e3o Geral do Produto<\/h2>\n<p>A s\u00e9rie ESS containerizada da Haisic oferece uma solu\u00e7\u00e3o de armazenamento de energia compacta e tudo-em-um, concebida especificamente para sistemas solares comerciais e industriais. Constru\u00eddos em torno da tecnologia de bateria LiFePO4 (Bateria de Fosfato de Ferro de L\u00edtio), estes contentores proporcionam desempenho fi\u00e1vel e duradouro com seguran\u00e7a melhorada.<\/p>\n<p>Dispon\u00edvel em op\u00e7\u00f5es de pot\u00eancia flex\u00edveis\u2014100kW, 200kW e 500kW\u2014o ESS da Haisic integra-se de forma perfeita em redes solares h\u00edbridas, apoiando tanto configura\u00e7\u00f5es on-grid como off-grid. Esta flexibilidade torna-o ideal para melhorar a utiliza\u00e7\u00e3o solar, gerir cargas energ\u00e9ticas e garantir fornecimento cont\u00ednuo de energia em diversas aplica\u00e7\u00f5es.<\/p>\n<p>Com foco na durabilidade e efici\u00eancia, o contentor de armazenamento de energia solar Haisic \u00e9 concebido para lidar com ambientes exigentes, ao mesmo tempo que oferece armazenamento de energia escal\u00e1vel que cresce com as suas necessidades.<\/p>\n<h2>Principais Benef\u00edcios do Contentor de Armazenamento de Energia Haisic ESS<\/h2>\n<p>O Contentor de Armazenamento de Energia ESS da Haisic oferece uma variedade de benef\u00edcios adaptados a configura\u00e7\u00f5es solares comerciais e industriais:<\/p>\n<ul>\n<li>\n<h3>Gest\u00e3o Fi\u00e1vel de Energia<\/h3>\n<p>Gerencia suavemente a redu\u00e7\u00e3o de pico, desloca\u00e7\u00e3o de carga e energia de reserva, assegurando um uso est\u00e1vel de energia e menos tens\u00e3o na rede.<\/li>\n<li>\n<h3>M\u00e1xima Produ\u00e7\u00e3o Solar<\/h3>\n<p>Inversores h\u00edbridos de alta efici\u00eancia de 200kW aumentam a utiliza\u00e7\u00e3o de energia solar, tornando o seu sistema mais inteligente e limpo.<\/li>\n<li>\n<h3>Escal\u00e1vel e Modular<\/h3>\n<p>Expanda facilmente a sua capacidade de energia com design modular\u2014adicione mais contentores \u00e0 medida que as suas necessidades energ\u00e9ticas crescem.<\/li>\n<li>\n<h3>Recursos de Seguran\u00e7a de Alto N\u00edvel<\/h3>\n<p>As c\u00e9lulas de bateria LiFePO4 reduzem riscos t\u00e9rmicos, enquanto o sistema de supress\u00e3o de inc\u00eandios integrado oferece tranquilidade adicional.<\/li>\n<li>\n<h3>Economia de Custos<\/h3>\n<p>Menor Depend\u00eancia da Rede significa Contas de Eletricidade Mais Baixas. Al\u00e9m disso, o longo ciclo de vida reduz custos de substitui\u00e7\u00e3o ao longo do tempo.<\/li>\n<\/ul>\n<table>\n<thead>\n<tr>\n<th>Benef\u00edcio<\/th>\n<th>Descri\u00e7\u00e3o<\/th>\n<\/tr>\n<\/thead>\n<tbody>\n<tr>\n<td>Pico de Economia de Energia &amp; Backup<\/td>\n<td>Utiliza\u00e7\u00e3o de energia suave, fornecimento de energia de reserva confi\u00e1vel<\/td>\n<\/tr>\n<tr>\n<td>Melhor Utiliza\u00e7\u00e3o Solar<\/td>\n<td>Inversores h\u00edbridos eficientes para ganho m\u00e1ximo solar<\/td>\n<\/tr>\n<tr>\n<td>Expans\u00e3o escal\u00e1vel<\/td>\n<td>Configura\u00e7\u00e3o modular permite o crescimento f\u00e1cil do sistema<\/td>\n<\/tr>\n<tr>\n<td>Seguran\u00e7a Superior<\/td>\n<td>Supress\u00e3o de inc\u00eandios e tecnologia segura de LiFePO4<\/td>\n<\/tr>\n<tr>\n<td>Efici\u00eancia de custos<\/td>\n<td>Reduzida utiliza\u00e7\u00e3o da rede e longa dura\u00e7\u00e3o da bateria<\/td>\n<\/tr>\n<\/tbody>\n<\/table>\n<p>Para um mergulho mais profundo em poupan\u00e7a de energia e op\u00e7\u00f5es de sistema, consulte as nossas perspetivas sobre o <a href=\"https:\/\/haisicstorage.com\/pt\/cost-of-solar-battery-storage\/\">custo de armazenamento de bateria solar<\/a>.<\/p>\n<h2>Recursos Principais do Haisic ESS Contentor de Armazenamento de Energia<\/h2>\n<p>O Contentor de Armazenamento de Energia Haisic ESS est\u00e1 repleto de recursos inteligentes concebidos para fiabilidade e efici\u00eancia em instala\u00e7\u00f5es solares comerciais e industriais. Eis o que o torna distinto:<\/p>\n<ul>\n<li><strong>Sistema de Arrefecimento Avan\u00e7ado:<\/strong> Escolha entre arrefecimento l\u00edquido ou ar condicionado para manter a temperatura da bateria est\u00e1vel e o desempenho \u00f3timo, mesmo em climas rigorosos.<\/li>\n<li><strong>Sistemas Integrados de Gest\u00e3o:<\/strong> Inclui um Sistema de Gest\u00e3o de Bateria (BMS) de alto desempenho, um Sistema de Gest\u00e3o de Energia (EMS) e suporta comunica\u00e7\u00e3o Modbus TCP\/IP para monitoriza\u00e7\u00e3o e controlo suave.<\/li>\n<li><strong>Concep\u00e7\u00e3o Exterior Robusta:<\/strong> O contentor tem classifica\u00e7\u00e3o IP54, garantindo resist\u00eancia a p\u00f3 e \u00e1gua. \u00c9 constru\u00eddo para suportar condi\u00e7\u00f5es exteriores exigentes sem comprometer a seguran\u00e7a.<\/li>\n<li><strong>Opera\u00e7\u00e3o Flex\u00edvel da Rede:<\/strong> Suporta modos h\u00edbridos ligado \u00e0 rede e off-grid, tornando-o ajust\u00e1vel a v\u00e1rios setups de energia solar.<\/li>\n<li><strong>Sistema de Supress\u00e3o de Inc\u00eandios:<\/strong> Vem com um sistema de combate autom\u00e1tico a inc\u00eandios integrado para proporcionar maior seguran\u00e7a e prevenir riscos de aquecimento descontrolado.<\/li>\n<\/ul>\n<table>\n<thead>\n<tr>\n<th>Caracter\u00edstica<\/th>\n<th>Descri\u00e7\u00e3o<\/th>\n<\/tr>\n<\/thead>\n<tbody>\n<tr>\n<td>Arrefecimento<\/td>\n<td>Arrefecimento l\u00edquido ou ventila\u00e7\u00e3o de calor AC<\/td>\n<\/tr>\n<tr>\n<td>Sistemas de Gest\u00e3o<\/td>\n<td>BMS integrado, EMS, Modbus TCP\/IP<\/td>\n<\/tr>\n<tr>\n<td>Classifica\u00e7\u00e3o de Prote\u00e7\u00e3o<\/td>\n<td>IP54 para uso exterior<\/td>\n<\/tr>\n<tr>\n<td>Modo de Opera\u00e7\u00e3o<\/td>\n<td>H\u00edbrido ligado \u00e0 rede e fora da rede<\/td>\n<\/tr>\n<tr>\n<td>Seguran\u00e7a<\/td>\n<td>Sistema de extin\u00e7\u00e3o de inc\u00eandos integrado<\/td>\n<\/tr>\n<\/tbody>\n<\/table>\n<p>Estas caracter\u00edsticas centrais asseguram que o BESS em contentor Haisic fornece armazenamento de energia solar est\u00e1vel, seguro e eficiente. Para uma vis\u00e3o mais aprofundada das nossas solu\u00e7\u00f5es ESS em contentor, consulte o nosso <a href=\"https:\/\/haisicstorage.com\/pt\/215kwh-100kw-commercial-industrial-container-ess\/\">container ESS industrial comercial de 215kWh 100kW<\/a> para informa\u00e7\u00f5es detalhadas.<\/p>\n<h2>Especifica\u00e7\u00f5es T\u00e9cnicas Detalhadas<\/h2>\n<p>Aqui est\u00e1 uma vis\u00e3o geral clara das principais especifica\u00e7\u00f5es da s\u00e9rie de Armazenamento de Energia ESS em Contentor da Haisic, baseada na tecnologia de bateria LiFePO4. O modelo de exemplo HS-EE100kW215kWh serve de linha de base, com op\u00e7\u00f5es escal\u00e1veis at\u00e9 500kW.<\/p>\n<table>\n<thead>\n<tr>\n<th>Especifica\u00e7\u00e3o<\/th>\n<th>Modelo de 100kW<\/th>\n<th>Modelo de 200kW<\/th>\n<th>Modelo de 500kW<\/th>\n<\/tr>\n<\/thead>\n<tbody>\n<tr>\n<td><strong>Tipo de Bateria<\/strong><\/td>\n<td>LiFePO4 (Fosfato de Ferro de L\u00edtio)<\/td>\n<td>LiFePO4<\/td>\n<td>LiFePO4<\/td>\n<\/tr>\n<tr>\n<td><strong>N\u00famero do Modelo<\/strong><\/td>\n<td>HS-EE100kW215kWh<\/td>\n<td>HS-EE200kWxxxkWh<\/td>\n<td>HS-EE500kWxxxkWh<\/td>\n<\/tr>\n<tr>\n<td><strong>Energia Nominal<\/strong><\/td>\n<td>114,688 kWh<\/td>\n<td>230 kWh (aprox.)<\/td>\n<td>575 kWh (aprox.)<\/td>\n<\/tr>\n<tr>\n<td><strong>Pot\u00eancia de Descarga<\/strong><\/td>\n<td>100 kW<\/td>\n<td>200 kW<\/td>\n<td>500 kW<\/td>\n<\/tr>\n<tr>\n<td><strong>Pot\u00eancia M\u00e1xima de Carregamento<\/strong><\/td>\n<td>120 kW+<\/td>\n<td>240 kW+<\/td>\n<td>600 kW+<\/td>\n<\/tr>\n<tr>\n<td><strong>Gama de tens\u00e3o do sistema<\/strong><\/td>\n<td>358,4 V \u2013 448 V<\/td>\n<td>358,4 V \u2013 448 V<\/td>\n<td>358,4 V \u2013 448 V<\/td>\n<\/tr>\n<tr>\n<td><strong>Tens\u00e3o de Rede (AC)<\/strong><\/td>\n<td>320 V \u2013 460 V<\/td>\n<td>320 V \u2013 460 V<\/td>\n<td>320 V \u2013 460 V<\/td>\n<\/tr>\n<tr>\n<td><strong>Dimens\u00f5es (L x C x A)<\/strong><\/td>\n<td>3200 x 1100 x 2340 mm<\/td>\n<td>Semelhante ao modelo de 100kW<\/td>\n<td>Semelhante (d design modular)<\/td>\n<\/tr>\n<tr>\n<td><strong>Peso<\/strong><\/td>\n<td>Aprox. 3100 kg<\/td>\n<td>Aprox. 6200 kg<\/td>\n<td>Aprox. 15500 kg<\/td>\n<\/tr>\n<tr>\n<td><strong>Efici\u00eancia<\/strong><\/td>\n<td>\u226585%<\/td>\n<td>\u226585%<\/td>\n<td>\u226585%<\/td>\n<\/tr>\n<tr>\n<td><strong>Temperatura de funcionamento<\/strong><\/td>\n<td>-20\u00b0C a 50\u00b0C<\/td>\n<td>-20\u00b0C a 50\u00b0C<\/td>\n<td>-20\u00b0C a 50\u00b0C<\/td>\n<\/tr>\n<tr>\n<td><strong>Faixa de Humidade<\/strong><\/td>\n<td>0-95% (sem condensa\u00e7\u00e3o)<\/td>\n<td>0-95%<\/td>\n<td>0-95%<\/td>\n<\/tr>\n<tr>\n<td><strong>Garantia<\/strong><\/td>\n<td>10 anos<\/td>\n<td>10 anos<\/td>\n<td>10 anos<\/td>\n<\/tr>\n<tr>\n<td><strong>Classifica\u00e7\u00e3o de Prote\u00e7\u00e3o<\/strong><\/td>\n<td>IP54 (\u00e0 prova de intemp\u00e9ries)<\/td>\n<td>IP54<\/td>\n<td>IP54<\/td>\n<\/tr>\n<tr>\n<td><strong>Sistema de arrefecimento<\/strong><\/td>\n<td>Refrigera\u00e7\u00e3o l\u00edquida \/ Ar cond.<\/td>\n<td>Refrigera\u00e7\u00e3o l\u00edquida \/ Ar cond.<\/td>\n<td>Refrigera\u00e7\u00e3o l\u00edquida \/ Ar cond.<\/td>\n<\/tr>\n<tr>\n<td><strong>Extin\u00e7\u00e3o de inc\u00eandios<\/strong><\/td>\n<td>Sistema de inc\u00eandio integrado<\/td>\n<td>Sistema de inc\u00eandio integrado<\/td>\n<td>Sistema de inc\u00eandio integrado<\/td>\n<\/tr>\n<tr>\n<td><strong>Interface de Comunica\u00e7\u00e3o<\/strong><\/td>\n<td>Ethernet, Modbus TCP\/IP<\/td>\n<td>Ethernet, Modbus TCP\/IP<\/td>\n<td>Ethernet, Modbus TCP\/IP<\/td>\n<\/tr>\n<\/tbody>\n<\/table>\n<p>Todos os modelos apresentam um design compacto, encapsulado em contentor, concebido para uso externo, resistente a ambientes dif\u00edceis. A voltagem do sistema e as faixas de tens\u00e3o de rede s\u00e3o ajust\u00e1veis para corresponder \u00e0 sua configura\u00e7\u00e3o de energia. Al\u00e9m disso, com refrigera\u00e7\u00e3o l\u00edquida avan\u00e7ada e supress\u00e3o de inc\u00eandio integrada, os contentores proporcionam desempenho est\u00e1vel e seguro.<\/p>\n<p>Para uma vis\u00e3o mais pr\u00f3xima de armazenamento de energia em escala menor, veja o nosso <a href=\"https:\/\/haisicstorage.com\/pt\/high-volt-stacked-20kwh\/\">sistema empilhado de alta tens\u00e3o de 20 kWh<\/a> e <a href=\"https:\/\/haisicstorage.com\/pt\/high-volt-stacked-30kwh\/\">solu\u00e7\u00e3o de 30kWh<\/a> para integra\u00e7\u00e3o solar eficiente em outra escala.<\/p>\n<h2>Aplica\u00e7\u00f5es do Sistema<\/h2>\n<p>O Contentor de Armazenamento de Energia ESS Haisic encaixa-se perfeitamente em v\u00e1rias configura\u00e7\u00f5es solares, desde fazendas solares comerciais at\u00e9 instala\u00e7\u00f5es em telhado. \u00c9 ideal para instala\u00e7\u00f5es industriais que pretendem reduzir custos de energia e aumentar a efici\u00eancia. Quer necessite de uma solu\u00e7\u00e3o fora da rede ou de um sistema de energia solar h\u00edbrido, este BESS contentorizado oferece a flexibilidade de que precisa.<\/p>\n<p>\u00c9 tamb\u00e9m um forte candidato para projetos de escala utilit\u00e1ria que integram energia renov\u00e1vel, ajudando a equilibrar a procura de rede. Al\u00e9m disso, o seu desempenho de reserva fi\u00e1vel e a gest\u00e3o de pico de procura tornam-no uma escolha inteligente em emerg\u00eancias ou per\u00edodos de alto consumo.<\/p>\n<p>Para quem est\u00e1 interessado em maximizar o investimento solar, veja o nosso guia detalhado sobre o <a href=\"https:\/\/haisicstorage.com\/pt\/best-battery-storage-for-solar\/\">a melhor armazenagem de baterias para energia solar<\/a> para ver como as solu\u00e7\u00f5es Haisic se enquadram.<\/p>\n<h2>Seguran\u00e7a e Conformidade<\/h2>\n<p>O Haisic ESS Energy Storage Container d\u00e1 prioridade \u00e0 seguran\u00e7a com sistemas de prote\u00e7\u00e3o de m\u00faltiplos n\u00edveis. Possui um avan\u00e7ado Battery Management System (BMS) que monitoriza a sa\u00fade das c\u00e9lulas, a voltagem e a temperatura para evitar falhas. O sistema integrado de gest\u00e3o t\u00e9rmica mant\u00e9m as temperaturas est\u00e1veis, enquanto o sistema autom\u00e1tico de combate a inc\u00eandos garante uma resposta r\u00e1pida em emerg\u00eancias, adicionando uma camada extra de seguran\u00e7a.<\/p>\n<p>Gra\u00e7as \u00e0 sua tecnologia de bateria LiFePO4, o risco de propaga\u00e7\u00e3o t\u00e9rmica \u00e9 praticamente eliminado, tornando-o uma escolha mais segura em compara\u00e7\u00e3o com outras qu\u00edmicas de l\u00edtio. O contentor tamb\u00e9m cumpre certifica\u00e7\u00f5es internacionais rigorosas e est\u00e1 em conformidade com padr\u00f5es relevantes da ind\u00fastria, garantindo opera\u00e7\u00e3o fi\u00e1vel e segura em ambientes comerciais e industriais.<\/p>\n<p>Este foco na seguran\u00e7a e conformidade faz do BESS em contentor da Haisic uma op\u00e7\u00e3o ideal para utilizadores que procuram tranquilidade aliada a um armazenamento de energia de alto desempenho.<\/p>\n<h2>Instala\u00e7\u00e3o e Manuten\u00e7\u00e3o<\/h2>\n<p>O Haisic ESS Energy Storage Container vem com um design de contentor plug-and-play, tornando a instala\u00e7\u00e3o r\u00e1pida e sem complica\u00e7\u00f5es. Pode ter o seu sistema a funcionar em pouco tempo, ideal para prazos de projeto r\u00e1pidos. A monitoriza\u00e7\u00e3o remota est\u00e1 integrada via Ethernet, oferecendo-lhe insights e controlo em tempo real de qualquer lugar.<\/p>\n<p>A manuten\u00e7\u00e3o \u00e9 simples gra\u00e7as a componentes modulares que s\u00e3o f\u00e1ceis de aceder e substituir, minimizando o tempo de inatividade e os custos de servi\u00e7o. Al\u00e9m disso, se precisar de mais capacidade, estes sistemas suportam opera\u00e7\u00e3o em paralelo, permitindo expandir o seu armazenamento de energia \u00e0 medida que as necessidades crescem.<\/p>\n<p>Para mais detalhes sobre op\u00e7\u00f5es de armazenamento de baterias e facilidades de integra\u00e7\u00e3o, consulte o nosso guia sobre <a href=\"https:\/\/haisicstorage.com\/pt\/battery-storage-for-home\/\">armazenamento de bateria para casa<\/a> e descubra como os sistemas modulares de ESS solar simplificam a gest\u00e3o de energia.<\/p>\n<h2>Porqu\u00ea Escolher a Haisic<\/h2>\n<p>Escolher a Haisic significa confiar mais de 12 anos de experi\u00eancia como fabricante l\u00edder de baterias de armazenamento de energia. Combinamos tecnologia de ponta com um know-how profundo, gra\u00e7as \u00e0s nossas instala\u00e7\u00f5es de I&amp;D e produ\u00e7\u00e3o pr\u00f3prias. Isto permite-nos fornecer solu\u00e7\u00f5es de armazenamento de energia de alta qualidade e fi\u00e1veis em cada oportunidade.<\/p>\n<h3>O que diferencia a Haisic<\/h3>\n<table>\n<thead>\n<tr>\n<th>Caracter\u00edstica<\/th>\n<th>Benef\u00edcio<\/th>\n<\/tr>\n<\/thead>\n<tbody>\n<tr>\n<td>Mais de 12 anos de experi\u00eancia na ind\u00fastria<\/td>\n<td>Experi\u00eancia comprovada e fiabilidade do produto<\/td>\n<\/tr>\n<tr>\n<td>I&amp;D e produ\u00e7\u00e3o internos<\/td>\n<td>Inova\u00e7\u00e3o mais r\u00e1pida e controlo de qualidade rigoroso<\/td>\n<\/tr>\n<tr>\n<td>Op\u00e7\u00f5es personalizadas OEM\/ODM<\/td>\n<td>Soluc\u00f5es ajustadas \u00e0s necessidades \u00fanicas<\/td>\n<\/tr>\n<tr>\n<td>Historial global de projetos<\/td>\n<td>Confiado por clientes em todo o mundo<\/td>\n<\/tr>\n<\/tbody>\n<\/table>\n<p>O nosso compromisso com a qualidade e satisfa\u00e7\u00e3o do cliente \u00e9 s\u00f3lido \u2014 as solu\u00e7\u00f5es de armazenamento de baterias da Haisic t\u00eam sido implementadas com sucesso em projetos comerciais, industriais e de utilidade p\u00fablica globalmente. Quer necessite de um BESS em contentor personalizado ou de um sistema ESS solar escal\u00e1vel, a Haisic tem a experi\u00eancia e a flexibilidade para alcan\u00e7ar os seus objetivos energ\u00e9ticos de forma eficiente e segura.<\/p>\n<p>Para op\u00e7\u00f5es de armazenamento de energia em escala menor ou dom\u00e9stico, pode tamb\u00e9m explorar as solu\u00e7\u00f5es confi\u00e1veis da Haisic <a href=\"https:\/\/haisicstorage.com\/pt\/touchscreen-20480wh-home-energy-storage-battery\/\">bateria de armazenamento de energia dom\u00e9stica com ecr\u00e3 t\u00e1til<\/a> para complementar a sua instala\u00e7\u00e3o solar.<\/p>\n<h2>Produtos Relacionados e Acess\u00f3rios<\/h2>\n<p>Os Cont\u00eaineres de Armazenamento de Energia Haisic ESS funcionam perfeitamente com uma gama de inversores e pain\u00e9is solares compat\u00edveis, assegurando desempenho \u00f3timo e integra\u00e7\u00e3o suave da energia solar. Para projetos que precisam de mais capacidade, oferecemos extens\u00f5es de maior capacidade, incluindo sistemas de grande escala acima de 1 MWh, perfeitos para aplica\u00e7\u00f5es de utilidade p\u00fablica ou industriais.<\/p>\n<p>Se procura op\u00e7\u00f5es de menor escala, veja as nossas alternativas de armazenamento residencial e port\u00e1til concebidas para uso dom\u00e9stico ou necessidades de energia m\u00f3veis. Estas solu\u00e7\u00f5es mant\u00eam a mesma tecnologia LiFePO4 de alta qualidade e fiabilidade que espera da Haisic.<\/p>\n<p>Explore a nossa linha completa de op\u00e7\u00f5es de armazenamento de energia, incluindo <a href=\"https:\/\/haisicstorage.com\/pt\/51-2v-100ah-5120wh-floor-mounted-home-energy-storage\/\">armazenamento de energia dom\u00e9st\u00e1rio a piso<\/a> e compacto <a href=\"https:\/\/haisicstorage.com\/pt\/haisic-15kwh-lifepo4-solar-battery-pack-512v-305ah\/\">pacotes de baterias solares<\/a>, para encontrar a combina\u00e7\u00e3o perfeita para o seu sistema de energia solar.<\/p>\n<h2>FAQ: Perguntas Comuns sobre Dimensionamento, Integra\u00e7\u00e3o, ROI e Suporte<\/h2>\n<h3>Como escolher o tamanho certo para o meu cont\u00eainer de armazenamento de energia?<\/h3>\n<p>Escolher o cont\u00eainer de Armazenamento de Energia ESS da Haisic certo depende das suas necessidades energ\u00e9ticas, seja para regula\u00e7\u00e3o de picos, energia de reserva ou desloca\u00e7\u00e3o de carga. As nossas op\u00e7\u00f5es de 100 kW, 200 kW e 500 kW cobrem uma ampla gama de requisitos comerciais e industriais. Recomendamos consultar a nossa equipa para avaliar a sua gera\u00e7\u00e3o solar, padr\u00f5es de consumo e planos de expans\u00e3o futura.<\/p>\n<h3>O cont\u00eainer ESS pode integrar-se facilmente com sistemas solares existentes?<\/h3>\n<p>Sim. Estes sistemas foram concebidos para funcionar de forma integrada com instala\u00e7\u00f5es solares h\u00edbridas e ligadas \u00e0 rede. Gra\u00e7as \u00e0 comunica\u00e7\u00e3o avan\u00e7ada Modbus TCP\/IP e \u00e0 compatibilidade com inversores h\u00edbridos, a integra\u00e7\u00e3o \u00e9 suave. Se utilizar inversores ou pain\u00e9is solares compat\u00edveis, a integra\u00e7\u00e3o torna-se ainda mais r\u00e1pida.<\/p>\n<h3>Qual \u00e9 o retorno t\u00edpico do investimento (ROI) para estes cont\u00eaineres de armazenamento de energia solar?<\/h3>\n<p>O ROI varia com base no uso, custos energ\u00e9ticos e incentivos, mas os clientes costumam ver poupan\u00e7as de custos atrav\u00e9s da redu\u00e7\u00e3o da depend\u00eancia da rede, gest\u00e3o de picos de demanda e melhor aproveitamento da energia solar. O longo ciclo de vida das baterias LiFePO4 e a baixa manuten\u00e7\u00e3o ajudam a melhorar o ROI global.<\/p>\n<h3>O monitoriza\u00e7\u00e3o e suporte remoto est\u00e3o dispon\u00edveis?<\/h3>\n<p>Com certeza. Os nossos cont\u00eaineres ESS permitem monitoriza\u00e7\u00e3o remota via Ethernet, possibilitando verifica\u00e7\u00f5es do sistema e resolu\u00e7\u00e3o de problemas sem visitas ao local. Isto significa menos tempo de inatividade e uma manuten\u00e7\u00e3o mais eficiente.<\/p>\n<h3>Qu\u00e3o escal\u00e1vel \u00e9 o sistema se as minhas necessidades energ\u00e9ticas crescerem?<\/h3>\n<p>O design modular da Haisic suporta opera\u00e7\u00e3o em parallel, permitindo expandir a capacidade adicionando mais cont\u00eaineres ou baterias facilmente. Esta flexibilidade ajuda a atender \u00e0s crescentes necessidades energ\u00e9ticas sem substituir infraestruturas existentes.<\/p>\n<p>Se procura solu\u00e7\u00f5es de menor escala, considere tamb\u00e9m o nosso <a href=\"https:\/\/haisicstorage.com\/pt\/wall-mounted-51-2v-100ah-5kwh\/\">ESS residencial de parede<\/a> op\u00e7\u00f5es concebidas para armazenamento de energia dom\u00e9stica. Para perguntas espec\u00edficas, a nossa equipa de apoio est\u00e1 sempre dispon\u00edvel para o ajudar a personalizar e otimizar o seu sistema de energia.<\/p>\n<h2>Contacte-nos \/ Obter um or\u00e7amento<\/h2>\n<p>Pronto para melhorar o seu projeto solar com o Haisic ESS Energy Storage Container? Quer precise de um sistema de armazenamento de energia solar h\u00edbrido de 100 kW, 200 kW ou 500 kW, estamos aqui para ajudar com solu\u00e7\u00f5es personalizadas para se adequar \u00e0s suas necessidades comerciais ou industriais. Entre em contacto hoje para consulta especializada, configura\u00e7\u00f5es personalizadas ou um or\u00e7amento detalhado.<\/p>\n<p>A nossa equipa tem prazer em ajudar com aconselhamento de dimensionamento, apoio \u00e0 integra\u00e7\u00e3o e tudo o resto entre ambos. Descubra mais sobre as nossas solu\u00e7\u00f5es de armazenamento de baterias e obtenha a sua proposta personalizada ao visitar a nossa <a href=\"https:\/\/haisicstorage.com\/pt\/solutions\/\">p\u00e1gina de consulta de projetos de armazenamento de energia<\/a> ou solicitando um or\u00e7amento direto atrav\u00e9s do nosso <a href=\"https:\/\/haisicstorage.com\/pt\/quotes-list\/\">formul\u00e1rio de consulta personalizado<\/a>.<\/p>\n<p>Vamos trabalhar juntos para otimizar o seu sistema de energia solar com armazenamento de energia fi\u00e1vel, escal\u00e1vel e seguro da Haisic.<\/p>","protected":false},"excerpt":{"rendered":"<p>A Haisic ESS Energy Storage Container oferece sistemas solares h\u00edbridos LiFePO4 escal\u00e1veis de 100kW a 500kW com seguran\u00e7a avan\u00e7ada e elevada efici\u00eancia.<\/p>","protected":false},"featured_media":3477,"template":"","meta":{"site-sidebar-layout":"default","site-content-layout":"","ast-site-content-layout":"default","site-content-style":"default","site-sidebar-style":"default","ast-global-header-display":"","ast-banner-title-visibility":"","ast-main-header-display":"","ast-hfb-above-header-display":"","ast-hfb-below-header-display":"","ast-hfb-mobile-header-display":"","site-post-title":"","ast-breadcrumbs-content":"","ast-featured-img":"","footer-sml-layout":"","ast-disable-related-posts":"","theme-transparent-header-meta":"default","adv-header-id-meta":"","stick-header-meta":"default","header-above-stick-meta":"","header-main-stick-meta":"","header-below-stick-meta":"","astra-migrate-meta-layouts":"set","ast-page-background-enabled":"default","ast-page-background-meta":{"desktop":{"background-color":"var(--ast-global-color-4)","background-image":"","background-repeat":"repeat","background-position":"center center","background-size":"auto","background-attachment":"scroll","background-type":"","background-media":"","overlay-type":"","overlay-color":"","overlay-opacity":"","overlay-gradient":""},"tablet":{"background-color":"","background-image":"","background-repeat":"repeat","background-position":"center center","background-size":"auto","background-attachment":"scroll","background-type":"","background-media":"","overlay-type":"","overlay-color":"","overlay-opacity":"","overlay-gradient":""},"mobile":{"background-color":"","background-image":"","background-repeat":"repeat","background-position":"center center","background-size":"auto","background-attachment":"scroll","background-type":"","background-media":"","overlay-type":"","overlay-color":"","overlay-opacity":"","overlay-gradient":""}},"ast-content-background-meta":{"desktop":{"background-color":"var(--ast-global-color-5)","background-image":"","background-repeat":"repeat","background-position":"center center","background-size":"auto","background-attachment":"scroll","background-type":"","background-media":"","overlay-type":"","overlay-color":"","overlay-opacity":"","overlay-gradient":""},"tablet":{"background-color":"var(--ast-global-color-5)","background-image":"","background-repeat":"repeat","background-position":"center center","background-size":"auto","background-attachment":"scroll","background-type":"","background-media":"","overlay-type":"","overlay-color":"","overlay-opacity":"","overlay-gradient":""},"mobile":{"background-color":"var(--ast-global-color-5)","background-image":"","background-repeat":"repeat","background-position":"center center","background-size":"auto","background-attachment":"scroll","background-type":"","background-media":"","overlay-type":"","overlay-color":"","overlay-opacity":"","overlay-gradient":""}}},"product_brand":[],"product_cat":[44],"product_tag":[],"class_list":{"0":"post-2659","1":"product","2":"type-product","3":"status-publish","4":"has-post-thumbnail","6":"product_cat-commercial-industrial-ess","7":"desktop-align-left","8":"tablet-align-left","9":"mobile-align-left","10":"ast-product-gallery-layout-horizontal-slider","11":"ast-product-tabs-layout-horizontal","13":"first","14":"instock","15":"shipping-taxable","16":"purchasable","17":"product-type-simple"},"_links":{"self":[{"href":"https:\/\/haisicstorage.com\/pt\/wp-json\/wp\/v2\/product\/2659","targetHints":{"allow":["GET"]}}],"collection":[{"href":"https:\/\/haisicstorage.com\/pt\/wp-json\/wp\/v2\/product"}],"about":[{"href":"https:\/\/haisicstorage.com\/pt\/wp-json\/wp\/v2\/types\/product"}],"version-history":[{"count":1,"href":"https:\/\/haisicstorage.com\/pt\/wp-json\/wp\/v2\/product\/2659\/revisions"}],"predecessor-version":[{"id":2662,"href":"https:\/\/haisicstorage.com\/pt\/wp-json\/wp\/v2\/product\/2659\/revisions\/2662"}],"wp:featuredmedia":[{"embeddable":true,"href":"https:\/\/haisicstorage.com\/pt\/wp-json\/wp\/v2\/media\/3477"}],"wp:attachment":[{"href":"https:\/\/haisicstorage.com\/pt\/wp-json\/wp\/v2\/media?parent=2659"}],"wp:term":[{"taxonomy":"product_brand","embeddable":true,"href":"https:\/\/haisicstorage.com\/pt\/wp-json\/wp\/v2\/product_brand?post=2659"},{"taxonomy":"product_cat","embeddable":true,"href":"https:\/\/haisicstorage.com\/pt\/wp-json\/wp\/v2\/product_cat?post=2659"},{"taxonomy":"product_tag","embeddable":true,"href":"https:\/\/haisicstorage.com\/pt\/wp-json\/wp\/v2\/product_tag?post=2659"}],"curies":[{"name":"wp","href":"https:\/\/api.w.org\/{rel}","templated":true}]}}