{"id":2124,"date":"2025-12-08T01:57:20","date_gmt":"2025-12-08T01:57:20","guid":{"rendered":"https:\/\/haisicstorage.com\/?post_type=product&#038;p=2124"},"modified":"2026-02-27T06:46:11","modified_gmt":"2026-02-27T06:46:11","slug":"12-8v-280ah-bms-battery-storage-system","status":"publish","type":"product","link":"https:\/\/haisicstorage.com\/pt\/12-8v-280ah-bms-battery-storage-system\/","title":{"rendered":"Sistema de Armazenamento de Baterias com BMS de 12.8V 280Ah"},"content":{"rendered":"<p>Sistema de Gest\u00e3o Inteligente da Bateria: BMS integrado de alta precis\u00e3o oferece prote\u00e7\u00e3o contra sobrecarga, sobre-descarga, sobrecorrente, curto-circuito e temperatura. Monitora o estado das c\u00e9lulas em tempo real e permite consulta de dados e gest\u00e3o remota via interfaces de comunica\u00e7\u00e3o (p.ex., UART\/RS485), assegurando opera\u00e7\u00e3o fi\u00e1vel e sem preocupa\u00e7\u00f5es.<\/p>\n<p>Constru\u00e7\u00e3o Robusta e Aplica\u00e7\u00e3o Vers\u00e1til: Apresenta um inv\u00f3lucro robusto e design modular com excelente resist\u00eancia a choques e p\u00f3. Opera em uma faixa de temperatura ampla de -20\u00b0C a 60\u00b0C, adequado para ambientes harsh diversos.<\/p>\n<p>Seguran\u00e7a e Longevidade de Classe Automotiva: Com base na qu\u00edmica est\u00e1vel de LiFePO\u2084, oferece excecional estabilidade t\u00e9rmica e seguran\u00e7a. Com uma vida \u00fatil de ciclo superior a 6.000 ciclos de carga-descarga padr\u00e3o\u2014muitos mais que baterias de chumbo-\u00e1cido\u2014proporciona menor custo total de propriedade ao longo de todo o ciclo de vida.<\/p>\n<p>Cen\u00e1rios de Aplica\u00e7\u00e3o:<\/p>\n<p>Armazenamento de Energia para Balsas\/Marinha: Substitui baterias de chumbo-\u00e1cido tradicionais para alimentar ilumina\u00e7\u00e3o, frigor\u00edficos, ar condicionados e outros aparelhos.<\/p>\n<p>Armazenamento Solar Residencial: Serve como unidade central de armazenamento de energia para sistemas fotovoltaicos off-grid\/ligados \u00e0 rede.<\/p>\n<p>Energia Premium Exterior\/Backup de Emerg\u00eancia: Proporciona energia fi\u00e1vel para campismo, resposta a emerg\u00eancias e aplica\u00e7\u00f5es de reserva dom\u00e9stica.<\/p>\n<p>Ve\u00edculos Especializados\/Ve\u00edculos El\u00e9tricos de Baixa Velocidade: Fornece energia para carrinhos de golfe, ve\u00edculos de limpeza, empilhadores e aplica\u00e7\u00f5es semelhantes.<\/p>\n<p>Backup de Esta\u00e7\u00e3o de Base de Comunica\u00e7\u00e3o: Oferece energia reserva est\u00e1vel para equipamentos em locais remotos ou sem liga\u00e7\u00e3o \u00e0 rede.<\/p>\n<p>Valor do Produto:<br \/>\nEste pack de baterias oferece desempenho excecional como solu\u00e7\u00e3o de energia limpa plug-and-play, aproveitando as vantagens centrais de alta capacidade, seguran\u00e7a superior e vida \u00fatil prolongada. Representa n\u00e3o apenas uma atualiza\u00e7\u00e3o abrangente face \u00e0s baterias tradicionais, mas tamb\u00e9m uma escolha ideal para aplica\u00e7\u00f5es de energia eficientes, fi\u00e1veis e sustent\u00e1veis. \u00c9 particularmente adequado para cen\u00e1rios de armazenamento de pot\u00eancia m\u00e9dios a elevados que exigem resist\u00eancia e seguran\u00e7a m\u00e1ximas.<\/p>\n<div class=\"productAttItem\"><\/div>\n<div data-spm-anchor-id=\"a2700.pc-decorate.0.i6.5d033333Lu9Prj\"><strong><span data-spm-anchor-id=\"a2700.pc-decorate.0.i7.5d033333Lu9Prj\">Stock dispon\u00edvel em armaz\u00e9ns na Alemanha\/EUA\/Pol\u00f3nia!!!<\/span><\/strong><\/div>\n<div data-spm-anchor-id=\"a2700.pc-decorate.0.i5.5d033333Lu9Prj\"><strong> \u2013retirada diretamente do armaz\u00e9m<\/strong><\/div>\n<div data-spm-anchor-id=\"a2700.pc-decorate.0.i5.5d033333Lu9Prj\"><\/div>\n<div data-spm-anchor-id=\"a2700.pc-decorate.0.i5.5d033333Lu9Prj\"><strong>Perfil da empresa <\/strong><\/div>\n<div data-spm-anchor-id=\"a2700.pc-decorate.0.i5.5d033333Lu9Prj\"><strong style=\"font-size: 16px;\"><span data-spm-anchor-id=\"a2700.pc-decorate.0.i21.5d033333Lu9Prj\">Fundada em 2011, a Shenzhen Haisic Technology Co., Ltd. \u00e9 uma empresa nacional de alta tecnologia dedicada \u00e0 pesquisa, desenvolvimento e produ\u00e7\u00e3o de produtos de armazenamento de energia, como packs de baterias LiFePO4, armazenamento de energia comercial e industrial, armazenamento de energia residencial, esta\u00e7\u00e3o de energia port\u00e1til\/gerador solar, inversor solar, bateria para empilhadeira, bateria para autocarros\/RVA\/landscape e caravanas de golfe, e outras baterias OEM\/ODM na China.<\/span><\/strong><\/div>\n<div data-spm-anchor-id=\"a2700.pc-decorate.0.i5.5d033333Lu9Prj\">\n<div><\/div>\n<div><strong>Engajamo-nos profundamente neste campo h\u00e1 mais de 12 anos, a Haisic Technology acumulou uma experi\u00eancia profunda em I&amp;D, inova\u00e7\u00e3o, controlo de qualidade e gest\u00e3o. Os nossos produtos s\u00e3o utilizados em armazenamento de energia dom\u00e9stico, armazenamento de energia industrial, armazenamento de energia comercial, comunica\u00e7\u00e3o de energia, eletr\u00f3nica m\u00e9dica, comunica\u00e7\u00f5es de seguran\u00e7a, transporte e log\u00edstica, energia de nova gera\u00e7\u00e3o, casa inteligente e outras \u00e1reas relacionadas. <\/strong><\/div>\n<div><strong>\u00a0<\/strong><\/div>\n<div><strong>Possu\u00edmos a nossa pr\u00f3pria base de produ\u00e7\u00e3o com mais de 14 000 m\u00b2, localizada no distrito de Dapeng, em Shenzhen, com ISO9001, ISO14001, IS045001 e Amfori BSCI, e os nossos produtos possuem certificados CE, FCC, TUV-UL2054, CQC, RoHS, PSE, MSDS, UN38.3. J\u00e1 fornecemos produtos seguros, est\u00e1veis, ambientalmente amig\u00e1veis, de elevada qualidade e servi\u00e7os profissionais OEM\/ODM a clientes em mais de 80 pa\u00edses e regi\u00f5es. <\/strong><\/div>\n<div><\/div>\n<div><\/div>\n<div><strong>Perguntas Frequentes <\/strong><\/div>\n<div><strong><span data-spm-anchor-id=\"a2700.pc-decorate.0.i33.5d033333Lu9Prj\">O que \u00e9 especial nas baterias de l\u00edtio?<\/span><\/strong><\/div>\n<div>\n<p><span data-spm-anchor-id=\"a2700.pc-decorate.0.i33.5d033333Lu9Prj\">Com elevada densidade de energia, atingiu 460-600 Wh\/kg, o que corresponde a cerca de 6-7 vezes o das baterias de chumbo-\u00e1cido. Longa vida \u00fatil, a dura\u00e7\u00e3o pode ultrapassar os 6 anos. Leve, o peso \u00e9 aproximadamente 1\/5-1\/6 do produto de chumbo-\u00e1cido com o mesmo volume.<\/span><\/p>\n<p>&nbsp;<\/p>\n<div data-spm-anchor-id=\"a2700.pc-decorate.0.i34.5d033333Lu9Prj\"><strong>2. Para que \u00e9 utilizada uma bateria de l\u00edtio?<br \/>\n<\/strong>A bateria de l\u00edtio \u00e9 utilizada para energia e armazenamento de energia. Como reserva de energia de emerg\u00eancia ou UPS. Energia el\u00e9trica fi\u00e1vel e para ve\u00edculos recreativos, carro el\u00e9trico, mar\u00edtimo leve fi\u00e1vel e de baixo peso, armazenamento de energia solar, casa solar, pequena f\u00e1brica de processamento, sistemas de vigil\u00e2ncia ou alarme em locais remotos. 3.A tua\/ as tuas baterias s\u00e3o seguras? A: As nossas baterias s\u00e3o seguras. Todas as baterias Zwayn utilizam os componentes mais seguros e est\u00e1veis, incluindo um c\u00e1todo LiFePO4 e um Sistema de Gest\u00e3o de Bateria (SGB) integrado. O SGB protege as c\u00e9lulas contra tens\u00f5es excessivamente altas ou baixas, correntes elevadas, curto-circuitos e calor ou frio excessivos. Estas s\u00e3o as causas mais comuns de falhas das baterias, e tom\u00e1mos todas as precau\u00e7\u00f5es para mitigar estes riscos em todas as nossas baterias.<br \/>\n<strong><br \/>\nComo escolher a bateria de ciclo profundo de l\u00edtio correta para a minha aplica\u00e7\u00e3o?<br \/>\n<\/strong>Em a grande maioria dos sistemas de 12, 24 ou 48 volts standard, a melhor escolha de bateria de l\u00edtio \u00e9 LiFePO4 (Fosfato de Ferro de L\u00edtio\/<br \/>\nPouch\/prim\u00e1ria c\u00e9lula de bateria). A tens\u00e3o deste tipo de bateria \u00e9 muito semelhante \u00e0 de uma AGM e funcionar\u00e1 bem com readily<br \/>\ncomponentes do sistema dispon\u00edveis para o seu ve\u00edculo recreativo, barco, sistema de energia off-grid, casa solar (TV, frigor\u00edfico, m\u00e1quina de lavar, ar)<br \/>\ncondicionador, aquecedor de \u00e1gua, forno micro-ondas, fog\u00e3o de indu\u00e7\u00e3o, m\u00e1quina de lavar lou\u00e7a, impressora, computador), Torre de Telecomunica\u00e7\u00f5es, aplica\u00e7\u00f5es de sistemas h\u00edbridos e solares off-grid. 5. Pode ser em s\u00e9rie ou em paralelo para uso? R: Sim senhor, pode suportar no m\u00e1ximo 15 em liga\u00e7\u00e3o paralela para uso, caixa de armazenamento de at\u00e9 150 kWh.<br \/>\n<strong><br \/>\n6. Este conjunto de baterias \u00e9 compat\u00edvel com o meu inversor? Tem uma lista de fabricantes de inversores com os quais \u00e9 compat\u00edvel?<br \/>\n<\/strong>Sim senhor, o nosso pack de baterias pode ser compat\u00edvel com a maioria das marcas de inversores no mercado, tais como Deye, MUST, SMA, Growatt, Solax, Solis, Sungrow, Sofar, Voltronic, Sorotec, Studer, etc.<\/div>\n<\/div>\n<\/div>","protected":false},"excerpt":{"rendered":"<p>Alta Densidade de Energia, Pot\u00eancia Duradoura: Utilizando c\u00e9lulas LiFePO\u2084 de alta capacidade de 280Ah, o pacote de bateria fornece uma capacidade total de energia de 3,584kWh. Proporciona um fornecimento de energia est\u00e1vel e sustentado para atender \u00e0s exig\u00eancias de aplica\u00e7\u00f5es de alto consumo energ\u00e9tico prolongadas.<\/p>\n<div class=\"productAttItem\">\n<div class=\"productAttTitel\">\n<p>Compatibilidade e Conveni\u00eancia Fortes: Com uma tens\u00e3o nominal de 12,8V, integra-se perfeitamente com sistemas de baterias de chumbo-\u00e1cido de 12V amplamente utilizados e equipamentos (p.ex., RVs, embarca\u00e7\u00f5es, inversores solares, est\u00e7\u00f5es de energia exteriores). Permite substitui\u00e7\u00e3o direta e atualiza\u00e7\u00f5es sem modifica\u00e7\u00f5es complexas, oferecendo funcionalidade plug-and-play.<\/p>\n<\/div>\n<\/div>","protected":false},"featured_media":2748,"template":"","meta":{"site-sidebar-layout":"default","site-content-layout":"","ast-site-content-layout":"default","site-content-style":"default","site-sidebar-style":"default","ast-global-header-display":"","ast-banner-title-visibility":"","ast-main-header-display":"","ast-hfb-above-header-display":"","ast-hfb-below-header-display":"","ast-hfb-mobile-header-display":"","site-post-title":"","ast-breadcrumbs-content":"","ast-featured-img":"","footer-sml-layout":"","ast-disable-related-posts":"","theme-transparent-header-meta":"default","adv-header-id-meta":"","stick-header-meta":"default","header-above-stick-meta":"","header-main-stick-meta":"","header-below-stick-meta":"","astra-migrate-meta-layouts":"set","ast-page-background-enabled":"default","ast-page-background-meta":{"desktop":{"background-color":"var(--ast-global-color-4)","background-image":"","background-repeat":"repeat","background-position":"center center","background-size":"auto","background-attachment":"scroll","background-type":"","background-media":"","overlay-type":"","overlay-color":"","overlay-opacity":"","overlay-gradient":""},"tablet":{"background-color":"","background-image":"","background-repeat":"repeat","background-position":"center center","background-size":"auto","background-attachment":"scroll","background-type":"","background-media":"","overlay-type":"","overlay-color":"","overlay-opacity":"","overlay-gradient":""},"mobile":{"background-color":"","background-image":"","background-repeat":"repeat","background-position":"center center","background-size":"auto","background-attachment":"scroll","background-type":"","background-media":"","overlay-type":"","overlay-color":"","overlay-opacity":"","overlay-gradient":""}},"ast-content-background-meta":{"desktop":{"background-color":"var(--ast-global-color-5)","background-image":"","background-repeat":"repeat","background-position":"center center","background-size":"auto","background-attachment":"scroll","background-type":"","background-media":"","overlay-type":"","overlay-color":"","overlay-opacity":"","overlay-gradient":""},"tablet":{"background-color":"var(--ast-global-color-5)","background-image":"","background-repeat":"repeat","background-position":"center center","background-size":"auto","background-attachment":"scroll","background-type":"","background-media":"","overlay-type":"","overlay-color":"","overlay-opacity":"","overlay-gradient":""},"mobile":{"background-color":"var(--ast-global-color-5)","background-image":"","background-repeat":"repeat","background-position":"center center","background-size":"auto","background-attachment":"scroll","background-type":"","background-media":"","overlay-type":"","overlay-color":"","overlay-opacity":"","overlay-gradient":""}}},"product_brand":[],"product_cat":[53],"product_tag":[],"class_list":{"0":"post-2124","1":"product","2":"type-product","3":"status-publish","4":"has-post-thumbnail","6":"product_cat-lifepo4-battery-packs","7":"desktop-align-left","8":"tablet-align-left","9":"mobile-align-left","10":"ast-product-gallery-layout-horizontal-slider","11":"ast-product-tabs-layout-horizontal","13":"first","14":"instock","15":"shipping-taxable","16":"purchasable","17":"product-type-simple"},"_links":{"self":[{"href":"https:\/\/haisicstorage.com\/pt\/wp-json\/wp\/v2\/product\/2124","targetHints":{"allow":["GET"]}}],"collection":[{"href":"https:\/\/haisicstorage.com\/pt\/wp-json\/wp\/v2\/product"}],"about":[{"href":"https:\/\/haisicstorage.com\/pt\/wp-json\/wp\/v2\/types\/product"}],"version-history":[{"count":7,"href":"https:\/\/haisicstorage.com\/pt\/wp-json\/wp\/v2\/product\/2124\/revisions"}],"predecessor-version":[{"id":3480,"href":"https:\/\/haisicstorage.com\/pt\/wp-json\/wp\/v2\/product\/2124\/revisions\/3480"}],"wp:featuredmedia":[{"embeddable":true,"href":"https:\/\/haisicstorage.com\/pt\/wp-json\/wp\/v2\/media\/2748"}],"wp:attachment":[{"href":"https:\/\/haisicstorage.com\/pt\/wp-json\/wp\/v2\/media?parent=2124"}],"wp:term":[{"taxonomy":"product_brand","embeddable":true,"href":"https:\/\/haisicstorage.com\/pt\/wp-json\/wp\/v2\/product_brand?post=2124"},{"taxonomy":"product_cat","embeddable":true,"href":"https:\/\/haisicstorage.com\/pt\/wp-json\/wp\/v2\/product_cat?post=2124"},{"taxonomy":"product_tag","embeddable":true,"href":"https:\/\/haisicstorage.com\/pt\/wp-json\/wp\/v2\/product_tag?post=2124"}],"curies":[{"name":"wp","href":"https:\/\/api.w.org\/{rel}","templated":true}]}}