{"id":2117,"date":"2025-12-08T01:53:58","date_gmt":"2025-12-08T01:53:58","guid":{"rendered":"https:\/\/haisicstorage.com\/?post_type=product&#038;p=2117"},"modified":"2026-02-27T07:07:52","modified_gmt":"2026-02-27T07:07:52","slug":"lifepo4-batterie-lithium-10kwh-5000w","status":"publish","type":"product","link":"https:\/\/haisicstorage.com\/pt\/lifepo4-batterie-lithium-10kwh-5000w\/","title":{"rendered":"Bateria Lifepo4 de l\u00edtio 10kWh 5000W"},"content":{"rendered":"<p><strong>Bateria de l\u00edtio Lifepo4 10kwh 5000w Esta\u00e7\u00e3o de Energia Port\u00e1til Sistema de Backup de Energia<\/strong><\/p>\n<p>Experimente pot\u00eancia e fiabilidade incompar\u00e1veis com o sistema de backup de energia port\u00e1til de bateria de l\u00edtio Lifepo4 10kwh 5000w.<br \/>\nProjetado para atender \u00e0s exigentes demandas de dispositivos de alto consumo energ\u00e9tico,<br \/>\nesta central de energia garante que permane\u00e7a conectado e operacional, independentemente das circunst\u00e2ncias.<\/p>\n<p><strong>Capacidade de Energia Inigual\u00e1vel<br \/>\nArmazenamento Massivo:\u00a0<\/strong>Com uma formid\u00e1vel bateria de fosfato de ferro de l\u00edtio de 10kwh, esta esta\u00e7\u00e3o de energia port\u00e1til oferece durabilidade prolongada<br \/>\ne uma alta vida \u00fatil de ciclos, garantindo que tenha energia quando mais precisar.<\/p>\n<p><strong>Convers\u00e3o de Energia Eficiente<\/strong>: Equipado com um inversor de onda senoidal pura, fornece uma sa\u00edda suave e ininterrupta de 5000W,<br \/>\nadequado para ligar electrodom\u00e9sticos, equipamentos m\u00e9dicos e at\u00e9 eletr\u00f3nica sens\u00edvel sem risco de danos.<\/p>\n<p><strong>Compatibilidade com Carregamento Solar<\/strong>: Aproveite o poder do sol com as suas capacidades prontas para pain\u00e9is solares,<br \/>\ncombinadas com um controlador MPPT avan\u00e7ado para tempos de carregamento mais r\u00e1pidos e eficientes.<\/p>\n<p><strong>Recursos Avan\u00e7ados de Seguran\u00e7a<br \/>\nProte\u00e7\u00e3o Abrangente:\u00a0<\/strong>Esta esta\u00e7\u00e3o de energia n\u00e3o s\u00f3 mant\u00e9m os seus dispositivos em funcionamento, mas tamb\u00e9m os protege a eles e a si pr\u00f3prio de danos.<br \/>\nAs funcionalidades incluem prote\u00e7\u00e3o contra sobretens\u00e3o, sobrecarga, curto-circuito e sobreaquecimento.<\/p>\n<p><strong>Fiabilidade Certificada<\/strong>: A seguran\u00e7a \u00e9 primordial, por isso vem com certifica\u00e7\u00f5es como CE, FCC, MSDS,<br \/>\ne UN38.3, garantindo que cumpre os padr\u00f5es globais de seguran\u00e7a e efic\u00e1cia.<\/p>\n<p><strong>Design Dur\u00e1vel e Port\u00e1til<br \/>\nConstru\u00e7\u00e3o Robusta:\u00a0<\/strong>A unidade \u00e9 envolta numa carca\u00e7a imperme\u00e1vel, tornando-a adequada para uso em diversos ambientes exteriores,<br \/>\ndesde viagens de campismo at\u00e9 locais de constru\u00e7\u00e3o, sem medo de danos causados pelos elementos.<\/p>\n<p><strong>Casos de Uso Vers\u00e1teis<\/strong>: Quer seja para backup em casa durante cortes de energia, apoio a eventos ao ar livre,<br \/>\nou como uma fonte de energia fi\u00e1vel para vida fora da rede, esta esta\u00e7\u00e3o de energia est\u00e1 \u00e0 altura da tarefa.<\/p>\n<p><strong>Especifica\u00e7\u00f5es e Aplica\u00e7\u00f5es Principais<br \/>\nDesempenho \u00d3ptimo:<\/strong>\u00a0Com uma tens\u00e3o de sistema de 230V e uma sa\u00edda AC de 220V\/5000W,<br \/>\npode alimentar m\u00faltiplos dispositivos simultaneamente, tornando-se um centro de energia para qualquer situa\u00e7\u00e3o.<\/p>\n<p><strong>Ampla Gama de Aplica\u00e7\u00f5es<\/strong>: Ideal para backup de energia de emerg\u00eancia, proporciona tranquilidade durante cortes de energia,<br \/>\ndesastres naturais e outros eventos imprevistos. A sua portabilidade tamb\u00e9m torna perfeita para atividades recreativas ao ar livre.<\/p>\n<p>A bateria Lifepo4 de l\u00edtio 10kwh esta\u00e7\u00e3o de energia port\u00e1til de 5000w n\u00e3o \u00e9 apenas uma solu\u00e7\u00e3o de energia; \u00e9 uma parte essencial da vida moderna,<br \/>\ngarantindo que voc\u00ea e os seus dispositivos permane\u00e7am energizados e protegidos, a qualquer hora e em qualquer lugar. Prepare-se para alimentar o seu mundo com efici\u00eancia, seguran\u00e7a,<br \/>\ne conveni\u00eancia\u2014tudo numa embalagem robusta.<\/p>","protected":false},"excerpt":{"rendered":"<p>Pot\u00eancia m\u00e1xima de pico\uff1aM\u00e1ximo 6000W de pico<br \/>\nTipo de Bateria\uff1aLiFePO4 200Ah*16PCS 16S1P<br \/>\nEntrada AC\uff1a2500W (Par\u00e2metros podem ser configurados)<\/p>\n<div class=\"productAttItem\">\n<div class=\"productAttTitel\">C\u00f3digo do Produto\uff1aHS-YD10KW<\/div>\n<\/div>\n<div class=\"productAttItem\">\n<div class=\"productAttTitel\">OEM\uff1aDispon\u00edvel<\/div>\n<\/div>\n<div class=\"productAttItem\">\n<div class=\"productAttTitel\">Amostra\uff1aDispon\u00edvel<\/div>\n<\/div>\n<div class=\"productAttItem\">\n<div class=\"productAttTitel\">Porto\uff1aShenzhen<\/div>\n<\/div>\n<div class=\"productAttItem\">\n<div class=\"productAttTitel\">Pagamento\uff1aOutro<\/div>\n<\/div>\n<div class=\"productAttItem\">\n<div class=\"productAttTitel\">Local de Origem\uff1aChina<\/div>\n<\/div>\n<div class=\"productAttItem\">\n<div class=\"productAttTitel\">Envio\uff1aFrete mar\u00edtimo \u00b7 Frete terrestre \u00b7 Transporte a\u00e9reo<\/div>\n<\/div>\n<div class=\"productAttItem\">\n<div class=\"productAttTitel\">Capacidade de Fornecimento\uff1a1000 unidades por m\u00eas<\/div>\n<\/div>","protected":false},"featured_media":2122,"template":"","meta":{"site-sidebar-layout":"default","site-content-layout":"","ast-site-content-layout":"default","site-content-style":"default","site-sidebar-style":"default","ast-global-header-display":"","ast-banner-title-visibility":"","ast-main-header-display":"","ast-hfb-above-header-display":"","ast-hfb-below-header-display":"","ast-hfb-mobile-header-display":"","site-post-title":"","ast-breadcrumbs-content":"","ast-featured-img":"","footer-sml-layout":"","ast-disable-related-posts":"","theme-transparent-header-meta":"default","adv-header-id-meta":"","stick-header-meta":"default","header-above-stick-meta":"","header-main-stick-meta":"","header-below-stick-meta":"","astra-migrate-meta-layouts":"set","ast-page-background-enabled":"default","ast-page-background-meta":{"desktop":{"background-color":"var(--ast-global-color-4)","background-image":"","background-repeat":"repeat","background-position":"center center","background-size":"auto","background-attachment":"scroll","background-type":"","background-media":"","overlay-type":"","overlay-color":"","overlay-opacity":"","overlay-gradient":""},"tablet":{"background-color":"","background-image":"","background-repeat":"repeat","background-position":"center center","background-size":"auto","background-attachment":"scroll","background-type":"","background-media":"","overlay-type":"","overlay-color":"","overlay-opacity":"","overlay-gradient":""},"mobile":{"background-color":"","background-image":"","background-repeat":"repeat","background-position":"center center","background-size":"auto","background-attachment":"scroll","background-type":"","background-media":"","overlay-type":"","overlay-color":"","overlay-opacity":"","overlay-gradient":""}},"ast-content-background-meta":{"desktop":{"background-color":"var(--ast-global-color-5)","background-image":"","background-repeat":"repeat","background-position":"center center","background-size":"auto","background-attachment":"scroll","background-type":"","background-media":"","overlay-type":"","overlay-color":"","overlay-opacity":"","overlay-gradient":""},"tablet":{"background-color":"var(--ast-global-color-5)","background-image":"","background-repeat":"repeat","background-position":"center center","background-size":"auto","background-attachment":"scroll","background-type":"","background-media":"","overlay-type":"","overlay-color":"","overlay-opacity":"","overlay-gradient":""},"mobile":{"background-color":"var(--ast-global-color-5)","background-image":"","background-repeat":"repeat","background-position":"center center","background-size":"auto","background-attachment":"scroll","background-type":"","background-media":"","overlay-type":"","overlay-color":"","overlay-opacity":"","overlay-gradient":""}}},"product_brand":[],"product_cat":[46],"product_tag":[],"class_list":{"0":"post-2117","1":"product","2":"type-product","3":"status-publish","4":"has-post-thumbnail","6":"product_cat-solar-hybrid-inverter","7":"desktop-align-left","8":"tablet-align-left","9":"mobile-align-left","10":"ast-product-gallery-layout-horizontal-slider","11":"ast-product-tabs-layout-horizontal","13":"first","14":"instock","15":"shipping-taxable","16":"purchasable","17":"product-type-simple"},"_links":{"self":[{"href":"https:\/\/haisicstorage.com\/pt\/wp-json\/wp\/v2\/product\/2117","targetHints":{"allow":["GET"]}}],"collection":[{"href":"https:\/\/haisicstorage.com\/pt\/wp-json\/wp\/v2\/product"}],"about":[{"href":"https:\/\/haisicstorage.com\/pt\/wp-json\/wp\/v2\/types\/product"}],"version-history":[{"count":4,"href":"https:\/\/haisicstorage.com\/pt\/wp-json\/wp\/v2\/product\/2117\/revisions"}],"predecessor-version":[{"id":3490,"href":"https:\/\/haisicstorage.com\/pt\/wp-json\/wp\/v2\/product\/2117\/revisions\/3490"}],"wp:featuredmedia":[{"embeddable":true,"href":"https:\/\/haisicstorage.com\/pt\/wp-json\/wp\/v2\/media\/2122"}],"wp:attachment":[{"href":"https:\/\/haisicstorage.com\/pt\/wp-json\/wp\/v2\/media?parent=2117"}],"wp:term":[{"taxonomy":"product_brand","embeddable":true,"href":"https:\/\/haisicstorage.com\/pt\/wp-json\/wp\/v2\/product_brand?post=2117"},{"taxonomy":"product_cat","embeddable":true,"href":"https:\/\/haisicstorage.com\/pt\/wp-json\/wp\/v2\/product_cat?post=2117"},{"taxonomy":"product_tag","embeddable":true,"href":"https:\/\/haisicstorage.com\/pt\/wp-json\/wp\/v2\/product_tag?post=2117"}],"curies":[{"name":"wp","href":"https:\/\/api.w.org\/{rel}","templated":true}]}}