{"id":1708,"date":"2025-12-03T07:08:52","date_gmt":"2025-12-03T07:08:52","guid":{"rendered":"https:\/\/haisicstorage.com\/?post_type=product&#038;p=1708"},"modified":"2026-02-27T07:25:33","modified_gmt":"2026-02-27T07:25:33","slug":"25-6v-280ah-residential-ess","status":"publish","type":"product","link":"https:\/\/haisicstorage.com\/pt\/25-6v-280ah-residential-ess\/","title":{"rendered":"ESS Residencial de 25.6V 280Ah"},"content":{"rendered":"<p class=\"product-des\"><span style=\"font-size: 16px;\">Por que escolher o HS-TQS?<\/span><\/p>\n<p class=\"product-des\"><span style=\"font-size: 16px;\">\u2705 Pot\u00eancia extremamente forte, fornecimento est\u00e1vel<\/span><\/p>\n<p>5kW de sa\u00edda cont\u00ednua, pot\u00eancia de pico at\u00e9 7kW+, conduz facilmente electrodom\u00e9sticos de alta pot\u00eancia, equipamentos comerciais e sistemas fora da rede.<\/p>\n<p>14.336kWh de grande capacidade, uma \u00fanica unidade pode satisfazer as necessidades el\u00e9ctricas di\u00e1rias de uma habita\u00e7\u00e3o, adequada para cen\u00e1rios de alto consumo energ\u00e9tico.<\/p>\n<p>\u2705 Montagem modular, escal\u00e1vel conforme necess\u00e1rio<\/p>\n<p>Tecnologia inovadora de pilha \u201cplug-and-play\u201d, sem configura\u00e7\u00e3o complexa necess\u00e1ria, pode combinar de forma flex\u00edvel 2-4 baterias para atender \u00e0s necessidades de armazenamento de energia desde resid\u00eancias pequenas at\u00e9 projetos comerciais.<\/p>\n<p>\u2705 Seguran\u00e7a de n\u00edvel militar, dur\u00e1vel e duradouro<\/p>\n<p>C\u00e9lulas de bateria de l\u00edtio ferro fosfato (LiFePO4) com vida \u00fatil de ciclo \u22656.000 ciclos, mantendo mais de 80% de capacidade ap\u00f3s 10 anos.<br \/>\n<span style=\"font-size: 16px;\">Classifica\u00e7\u00e3o de prote\u00e7\u00e3o IP65 + prote\u00e7\u00e3o inteligente BMS, monitoriza\u00e7\u00e3o em tempo real de voltagem, temperatura e corrente, eliminando riscos de sobrecarregamento, sobre-descarga ou curtos-circuitos.<\/span><\/p>\n<p><span style=\"font-size: 16px;\">\u2705 Gest\u00e3o inteligente de energia, poupa energia e tranquilidade<br \/>\n<\/span><span style=\"font-size: 16px;\">Suporta entradas multi-fonte a partir de energia solar, da rede e de geradores, alterando automaticamente para o modo de alimenta\u00e7\u00e3o \u00f3ptimo.<\/span><\/p>\n<div class=\"inquiryBasket\">Cen\u00e1rios de aplica\u00e7\u00e3o<br \/>\n\ud83c\udfe0 Armazenamento de energia dom\u00e9stico | Compat\u00edvel com um sistema fotovoltaico para atingir faturas de energia zero e cortes de energia sem preocupa\u00e7\u00f5es.<br \/>\n\ud83c\udfea Energia de reserva comercial | Garante funcionamento ininterrupto 24\/7 de equipamentos cr\u00edticos em supermercados, cl\u00ednicas e centros de dados.<br \/>\n\ud83d\ude90 Fornecimento de energia fora de rede | Oferece energia est\u00e1vel e limpa para caravanas, barcos e esta\u00e7\u00f5es de trabalho remotas.<\/div>\n<p><strong><span data-spm-anchor-id=\"a2700.pc-decorate.0.i7.5d033333Lu9Prj\"> \u00a0 \u00a0 \u00a0 \u00a0 \u00a0 \u00a0 \u00a0 \u00a0 \u00a0 \u00a0 \u00a0 \u00a0 \u00a0 \u00a0 \u00a0 \u00a0 \u00a0 \u00a0<\/span><\/strong><\/p>\n<div data-spm-anchor-id=\"a2700.pc-decorate.0.i5.5d033333Lu9Prj\"><strong>Perfil da empresa <\/strong><\/div>\n<div data-spm-anchor-id=\"a2700.pc-decorate.0.i5.5d033333Lu9Prj\">\n<p><strong><span data-spm-anchor-id=\"a2700.pc-decorate.0.i21.5d033333Lu9Prj\">Fundada em 2011, a Shenzhen Haisic Technology Co., Ltd. \u00e9 uma empresa nacional de alta tecnologia dedicada \u00e0 pesquisa, desenvolvimento e produ\u00e7\u00e3o de produtos de armazenamento de energia, como packs de baterias LiFePO4, armazenamento de energia comercial e industrial, armazenamento de energia residencial, esta\u00e7\u00e3o de energia port\u00e1til\/gerador solar, inversor solar, bateria para empilhadeira, bateria para autocarros\/RVA\/landscape e caravanas de golfe, e outras baterias OEM\/ODM na China.<\/span><\/strong><\/p>\n<div><\/div>\n<div><strong>Engajamo-nos profundamente neste campo h\u00e1 mais de 12 anos, a Haisic Technology acumulou uma experi\u00eancia profunda em I&amp;D, inova\u00e7\u00e3o, controlo de qualidade e gest\u00e3o. Os nossos produtos s\u00e3o utilizados em armazenamento de energia dom\u00e9stico, armazenamento de energia industrial, armazenamento de energia comercial, comunica\u00e7\u00e3o de energia, eletr\u00f3nica m\u00e9dica, comunica\u00e7\u00f5es de seguran\u00e7a, transporte e log\u00edstica, energia de nova gera\u00e7\u00e3o, casa inteligente e outras \u00e1reas relacionadas. <\/strong><\/div>\n<div><strong>\u00a0<\/strong><\/div>\n<div><strong>Possu\u00edmos a nossa pr\u00f3pria base de produ\u00e7\u00e3o com mais de 14 000 m\u00b2, localizada no distrito de Dapeng, em Shenzhen, com ISO9001, ISO14001, IS045001 e Amfori BSCI, e os nossos produtos possuem certificados CE, FCC, TUV-UL2054, CQC, RoHS, PSE, MSDS, UN38.3. J\u00e1 fornecemos produtos seguros, est\u00e1veis, ambientalmente amig\u00e1veis, de elevada qualidade e servi\u00e7os profissionais OEM\/ODM a clientes em mais de 80 pa\u00edses e regi\u00f5es. <\/strong><\/div>\n<div><\/div>\n<div><strong>Perguntas Frequentes <\/strong><\/div>\n<div><strong><span data-spm-anchor-id=\"a2700.pc-decorate.0.i33.5d033333Lu9Prj\">O que \u00e9 especial nas baterias de l\u00edtio?<\/span><\/strong><\/div>\n<div>\n<p><span data-spm-anchor-id=\"a2700.pc-decorate.0.i33.5d033333Lu9Prj\">Com elevada densidade de energia, atingiu 460-600 Wh\/kg, o que corresponde a cerca de 6-7 vezes o das baterias de chumbo-\u00e1cido. Longa vida \u00fatil, a dura\u00e7\u00e3o pode ultrapassar os 6 anos. Leve, o peso \u00e9 aproximadamente 1\/5-1\/6 do produto de chumbo-\u00e1cido com o mesmo volume.<\/span><\/p>\n<p>&nbsp;<\/p>\n<div data-spm-anchor-id=\"a2700.pc-decorate.0.i34.5d033333Lu9Prj\"><strong>2. Para que \u00e9 utilizada uma bateria de l\u00edtio?<br \/>\n<\/strong>A bateria de l\u00edtio \u00e9 utilizada para energia e armazenamento de energia. Como reserva de energia de emerg\u00eancia ou UPS. Energia el\u00e9trica fi\u00e1vel e para ve\u00edculos recreativos, carro el\u00e9trico, mar\u00edtimo leve fi\u00e1vel e de baixo peso, armazenamento de energia solar, casa solar, pequena f\u00e1brica de processamento, sistemas de vigil\u00e2ncia ou alarme em locais remotos. 3.A tua\/ as tuas baterias s\u00e3o seguras? A: As nossas baterias s\u00e3o seguras. Todas as baterias Zwayn utilizam os componentes mais seguros e est\u00e1veis, incluindo um c\u00e1todo LiFePO4 e um Sistema de Gest\u00e3o de Bateria (SGB) integrado. O SGB protege as c\u00e9lulas contra tens\u00f5es excessivamente altas ou baixas, correntes elevadas, curto-circuitos e calor ou frio excessivos. Estas s\u00e3o as causas mais comuns de falhas das baterias, e tom\u00e1mos todas as precau\u00e7\u00f5es para mitigar estes riscos em todas as nossas baterias.<br \/>\n<strong><br \/>\nComo escolher a bateria de ciclo profundo de l\u00edtio correta para a minha aplica\u00e7\u00e3o?<br \/>\n<\/strong>Em a grande maioria dos sistemas de 12, 24 ou 48 volts standard, a melhor escolha de bateria de l\u00edtio \u00e9 LiFePO4 (Fosfato de Ferro de L\u00edtio\/<br \/>\nPouch\/prim\u00e1ria c\u00e9lula de bateria). A tens\u00e3o deste tipo de bateria \u00e9 muito semelhante \u00e0 de uma AGM e funcionar\u00e1 bem com readily<br \/>\ncomponentes do sistema dispon\u00edveis para o seu ve\u00edculo recreativo, barco, sistema de energia off-grid, casa solar (TV, frigor\u00edfico, m\u00e1quina de lavar, ar)<br \/>\ncondicionador, aquecedor de \u00e1gua, forno micro-ondas, fog\u00e3o de indu\u00e7\u00e3o, m\u00e1quina de lavar lou\u00e7a, impressora, computador), Torre de Telecomunica\u00e7\u00f5es, aplica\u00e7\u00f5es de sistemas h\u00edbridos e solares off-grid. 5. Pode ser em s\u00e9rie ou em paralelo para uso? R: Sim senhor, pode suportar no m\u00e1ximo 15 em liga\u00e7\u00e3o paralela para uso, caixa de armazenamento de at\u00e9 150 kWh.<br \/>\n<strong><br \/>\n6. Este conjunto de baterias \u00e9 compat\u00edvel com o meu inversor? Tem uma lista de fabricantes de inversores com os quais \u00e9 compat\u00edvel?<br \/>\n<\/strong>Sim senhor, o nosso pack de baterias pode ser compat\u00edvel com a maioria das marcas de inversores no mercado, tais como Deye, MUST, SMA, Growatt, Solax, Solis, Sungrow, Sofar, Voltronic, Sorotec, Studer, etc.<\/p>\n<\/div>\n<\/div>\n<\/div>","protected":false},"excerpt":{"rendered":"<p class=\"product-des\">HS-TQS 5kW+14.336kWh Sistema de Bateria de Armazenamento de Energia Empilh\u00e1vel<br \/>\n\u3016Fonte de Alimenta\u00e7\u00e3o de Alta Energia | Expans\u00e3o Inteligente | Segura e Dur\u00e1vel\u3017<\/p>","protected":false},"featured_media":1709,"template":"","meta":{"site-sidebar-layout":"default","site-content-layout":"","ast-site-content-layout":"default","site-content-style":"default","site-sidebar-style":"default","ast-global-header-display":"","ast-banner-title-visibility":"","ast-main-header-display":"","ast-hfb-above-header-display":"","ast-hfb-below-header-display":"","ast-hfb-mobile-header-display":"","site-post-title":"","ast-breadcrumbs-content":"","ast-featured-img":"","footer-sml-layout":"","ast-disable-related-posts":"","theme-transparent-header-meta":"default","adv-header-id-meta":"","stick-header-meta":"default","header-above-stick-meta":"","header-main-stick-meta":"","header-below-stick-meta":"","astra-migrate-meta-layouts":"set","ast-page-background-enabled":"default","ast-page-background-meta":{"desktop":{"background-color":"var(--ast-global-color-4)","background-image":"","background-repeat":"repeat","background-position":"center center","background-size":"auto","background-attachment":"scroll","background-type":"","background-media":"","overlay-type":"","overlay-color":"","overlay-opacity":"","overlay-gradient":""},"tablet":{"background-color":"","background-image":"","background-repeat":"repeat","background-position":"center center","background-size":"auto","background-attachment":"scroll","background-type":"","background-media":"","overlay-type":"","overlay-color":"","overlay-opacity":"","overlay-gradient":""},"mobile":{"background-color":"","background-image":"","background-repeat":"repeat","background-position":"center center","background-size":"auto","background-attachment":"scroll","background-type":"","background-media":"","overlay-type":"","overlay-color":"","overlay-opacity":"","overlay-gradient":""}},"ast-content-background-meta":{"desktop":{"background-color":"var(--ast-global-color-5)","background-image":"","background-repeat":"repeat","background-position":"center center","background-size":"auto","background-attachment":"scroll","background-type":"","background-media":"","overlay-type":"","overlay-color":"","overlay-opacity":"","overlay-gradient":""},"tablet":{"background-color":"var(--ast-global-color-5)","background-image":"","background-repeat":"repeat","background-position":"center center","background-size":"auto","background-attachment":"scroll","background-type":"","background-media":"","overlay-type":"","overlay-color":"","overlay-opacity":"","overlay-gradient":""},"mobile":{"background-color":"var(--ast-global-color-5)","background-image":"","background-repeat":"repeat","background-position":"center center","background-size":"auto","background-attachment":"scroll","background-type":"","background-media":"","overlay-type":"","overlay-color":"","overlay-opacity":"","overlay-gradient":""}}},"product_brand":[],"product_cat":[56,47,52],"product_tag":[],"class_list":{"0":"post-1708","1":"product","2":"type-product","3":"status-publish","4":"has-post-thumbnail","6":"product_cat-energy-storage-battery-system","7":"product_cat-residetial-ess","8":"product_cat-stackable-ess","9":"desktop-align-left","10":"tablet-align-left","11":"mobile-align-left","12":"ast-product-gallery-layout-horizontal-slider","13":"ast-product-tabs-layout-horizontal","15":"first","16":"instock","17":"shipping-taxable","18":"purchasable","19":"product-type-simple"},"_links":{"self":[{"href":"https:\/\/haisicstorage.com\/pt\/wp-json\/wp\/v2\/product\/1708","targetHints":{"allow":["GET"]}}],"collection":[{"href":"https:\/\/haisicstorage.com\/pt\/wp-json\/wp\/v2\/product"}],"about":[{"href":"https:\/\/haisicstorage.com\/pt\/wp-json\/wp\/v2\/types\/product"}],"version-history":[{"count":6,"href":"https:\/\/haisicstorage.com\/pt\/wp-json\/wp\/v2\/product\/1708\/revisions"}],"predecessor-version":[{"id":3494,"href":"https:\/\/haisicstorage.com\/pt\/wp-json\/wp\/v2\/product\/1708\/revisions\/3494"}],"wp:featuredmedia":[{"embeddable":true,"href":"https:\/\/haisicstorage.com\/pt\/wp-json\/wp\/v2\/media\/1709"}],"wp:attachment":[{"href":"https:\/\/haisicstorage.com\/pt\/wp-json\/wp\/v2\/media?parent=1708"}],"wp:term":[{"taxonomy":"product_brand","embeddable":true,"href":"https:\/\/haisicstorage.com\/pt\/wp-json\/wp\/v2\/product_brand?post=1708"},{"taxonomy":"product_cat","embeddable":true,"href":"https:\/\/haisicstorage.com\/pt\/wp-json\/wp\/v2\/product_cat?post=1708"},{"taxonomy":"product_tag","embeddable":true,"href":"https:\/\/haisicstorage.com\/pt\/wp-json\/wp\/v2\/product_tag?post=1708"}],"curies":[{"name":"wp","href":"https:\/\/api.w.org\/{rel}","templated":true}]}}