{"id":1691,"date":"2025-12-03T06:25:07","date_gmt":"2025-12-03T06:25:07","guid":{"rendered":"https:\/\/haisicstorage.com\/?post_type=product&#038;p=1691"},"modified":"2026-02-27T07:29:01","modified_gmt":"2026-02-27T07:29:01","slug":"25-6v-100ah-2560wh-powerwall-home-energy-storage","status":"publish","type":"product","link":"https:\/\/haisicstorage.com\/pt\/25-6v-100ah-2560wh-powerwall-home-energy-storage\/","title":{"rendered":"Armazenamento de Energia Dom\u00e9stico Powerwall de 2560Wh com 25.6V 100Ah"},"content":{"rendered":"<table class=\"woocommerce-product-attributes shop_attributes\" aria-label=\"Detalhes do Produto\">\n<tbody>\n<tr class=\"woocommerce-product-attributes-item woocommerce-product-attributes-item--attribute_rated-voltage\">\n<th class=\"woocommerce-product-attributes-item__label\" scope=\"row\">Voltagem Nominal<\/th>\n<td class=\"woocommerce-product-attributes-item__value\">25,6V<\/td>\n<\/tr>\n<tr class=\"woocommerce-product-attributes-item woocommerce-product-attributes-item--attribute_rated-capacity\">\n<th class=\"woocommerce-product-attributes-item__label\" scope=\"row\">Capacidade Nominal<\/th>\n<td class=\"woocommerce-product-attributes-item__value\">100Ah<\/td>\n<\/tr>\n<tr class=\"woocommerce-product-attributes-item woocommerce-product-attributes-item--attribute_rated-energy\">\n<th class=\"woocommerce-product-attributes-item__label\" scope=\"row\">Energia Nominal<\/th>\n<td class=\"woocommerce-product-attributes-item__value\">2560Wh<\/td>\n<\/tr>\n<tr class=\"woocommerce-product-attributes-item woocommerce-product-attributes-item--attribute_voltage-range\">\n<th class=\"woocommerce-product-attributes-item__label\" scope=\"row\">Faixa de voltagem<\/th>\n<td class=\"woocommerce-product-attributes-item__value\">22,4-28V<\/td>\n<\/tr>\n<tr class=\"woocommerce-product-attributes-item woocommerce-product-attributes-item--attribute_charge-voltage-range\">\n<th class=\"woocommerce-product-attributes-item__label\" scope=\"row\">Faixa de Voltagem de Carregamento<\/th>\n<td class=\"woocommerce-product-attributes-item__value\">28-28,8V<\/td>\n<\/tr>\n<tr class=\"woocommerce-product-attributes-item woocommerce-product-attributes-item--attribute_cut-off-voltage\">\n<th class=\"woocommerce-product-attributes-item__label\" scope=\"row\">Voltagem de Corte<\/th>\n<td class=\"woocommerce-product-attributes-item__value\">22,4V<\/td>\n<\/tr>\n<tr class=\"woocommerce-product-attributes-item woocommerce-product-attributes-item--attribute_recommend-charge-current\">\n<th class=\"woocommerce-product-attributes-item__label\" scope=\"row\">Recomenda\u00e7\u00e3o de Corrente de Carga<\/th>\n<td class=\"woocommerce-product-attributes-item__value\">50A<\/td>\n<\/tr>\n<tr class=\"woocommerce-product-attributes-item woocommerce-product-attributes-item--attribute_max-charge-current\">\n<th class=\"woocommerce-product-attributes-item__label\" scope=\"row\">Corrente M\u00e1xima de Carregamento<\/th>\n<td class=\"woocommerce-product-attributes-item__value\">100A<\/td>\n<\/tr>\n<tr class=\"woocommerce-product-attributes-item woocommerce-product-attributes-item--attribute_dimensionlwh\">\n<th class=\"woocommerce-product-attributes-item__label\" scope=\"row\">Dimens\u00e3oL*P*A<\/th>\n<td class=\"woocommerce-product-attributes-item__value\">400*207*464mm<\/td>\n<\/tr>\n<tr class=\"woocommerce-product-attributes-item woocommerce-product-attributes-item--attribute_display\">\n<th class=\"woocommerce-product-attributes-item__label\" scope=\"row\">Exibi\u00e7\u00e3o<\/th>\n<td class=\"woocommerce-product-attributes-item__value\">Tela sens\u00edvel ao toque de 3,5 polegadas<\/td>\n<\/tr>\n<\/tbody>\n<\/table>\n<p>I. Principais Caracter\u00edsticas: Intera\u00e7\u00e3o Intuitiva, Domine Cada Kilowatt-hora<\/p>\n<p>O HS-BG25100 possui uma tela sens\u00edvel ao toque de 3,5 polegadas em cores HD, transformando dados de energia complexos em informa\u00e7\u00f5es visuais de compreens\u00e3o instant\u00e2nea. Diga adeus \u00e0 era dos indicadores obscuros nos dispositivos tradicionais. Com um simples toque, torna-se o comandante da energia da sua casa.<\/p>\n<p>Dashboard Visual de Dados:<br \/>\nExibe dinamicamente a pot\u00eancia de carregamento solar, o consumo de eletricidade da casa, a percentagem da bateria e o tempo de funcionamento restante em tempo real, oferecendo transpar\u00eancia total sobre o fluxo de energia.<\/p>\n<p>Controlo de Precis\u00e3o ao seu Alcance:<br \/>\nAlterne instantaneamente entre modos de funcionamento (por exemplo, Prioridade Solar, Carregamento em Hor\u00e1rio de Pico\/Off-Peak, Standby Power), personalize hor\u00e1rios de carga\/descarga e atinja facilmente poupan\u00e7as energ\u00e9ticas inteligentes.<\/p>\n<p>Monitoriza\u00e7\u00e3o de Estado do Sistema: Acompanha continuamente a voltagem da bateria, a temperatura e o n\u00famero de ciclos com alertas de falha proativos, mantendo a seguran\u00e7a sob o seu controlo.<\/p>\n<p>Benef\u00edcios e Impacto Ambiental: Regista claramente poupan\u00e7as di\u00e1rias de energia e redu\u00e7\u00f5es de di\u00f3xido de carbono, tornando cada investimento verde visivelmente recompensado.<\/p>\n<p>II. N\u00facleo Robusto: Seguro, Dur\u00e1vel e Poderoso<\/p>\n<p>Capacidade e Pot\u00eancia Excecionais: Apresenta uma bateria de l\u00edtio ferro-fosfato (LiFePO\u2084) de grau automotivo com 2,5 kWh integrada, com vida de ciclo superior a 6.000 ciclos. Equipado com um inversor de onda senoidal pura de 1000 W, fornece uma sa\u00edda est\u00e1vel e segura, alimentando tudo, desde telem\u00f3veis at\u00e9 frigor\u00edficos.<\/p>\n<p>Prote\u00e7\u00e3o de Seguran\u00e7a Abrangente: Um sistema de gest\u00e3o de BMS inteligente integrado fornece nove camadas de prote\u00e7\u00e3o contra sobrecarga, sobre-descarga, sobrecarga, curto-circuitos e temperaturas anormais, assegurando fiabilidade rocha para a seguran\u00e7a el\u00e9ctrica dom\u00e9stica.<\/p>\n<p>Entrada de Duplo Modo Eficiente: Suporta carregamento por painel solar at\u00e9 500W (tecnologia MPPT com efici\u00eancia de carregamento at\u00e9 99%) e carregamento pela rede. Prioriza energia verde durante per\u00edodos de solaridade para poupan\u00e7as energ\u00e9ticas inteligentes.<\/p>\n<p>III. Cen\u00e1rios de Aplica\u00e7\u00e3o Vers\u00e1teis<\/p>\n<p>O HS-BG25100 \u00e9 uma solu\u00e7\u00e3o multiuso para melhorar a qualidade de vida e enfrentar os desafios energ\u00e9ticos:<\/p>\n<p>Arbitragem Pico-Valle em Domic\u00edlio: Aproveite as diferen\u00e7as de tarifa\u00e7\u00e3o el\u00e9trica ao carregar durante a noite e descarregar durante o dia para reduzir efetivamente os custos de eletricidade dom\u00e9stica.<\/p>\n<p>Aprimoramento do Armazenamento de Energia Fotovoltaica: Integra-se perfeitamente com sistemas solares para armazenar o excedente de energia PV, aumentando as taxas de autoconsumo.<\/p>\n<p>Equipamento Cr\u00edtico de Reserva: Fornece energia de emerg\u00eancia para routers, computadores, frigor\u00edficos e muito mais, assegurando opera\u00e7\u00e3o cont\u00ednua durante quedas s\u00fabitas.<\/p>\n<p>Energia de Lazer Externa: Oferece solu\u00e7\u00f5es de energia m\u00f3vel limpas e silenciosas para campismo, viagens de autocaravanas e festas no jardim.<\/p>\n<p>O HS-BG25100 n\u00e3o \u00e9 apenas um dispositivo de armazenamento de energia; \u00e9 o seu primeiro passo rumo a um estilo de energia mais inteligente, mais independente e mais verde. A partir de agora, a energia est\u00e1 ao seu alcance, tornando a vida mais resiliente.<\/p>\n<p>Traduzido com DeepL.com (vers\u00e3o gratuita)<\/p>\n<div data-spm-anchor-id=\"a2700.pc-decorate.0.i5.5d033333Lu9Prj\"><\/div>\n<div data-spm-anchor-id=\"a2700.pc-decorate.0.i5.5d033333Lu9Prj\"><strong>Perfil da empresa <\/strong><\/div>\n<div data-spm-anchor-id=\"a2700.pc-decorate.0.i5.5d033333Lu9Prj\">\n<p><strong><span data-spm-anchor-id=\"a2700.pc-decorate.0.i21.5d033333Lu9Prj\">Fundada em 2011, a Shenzhen Haisic Technology Co., Ltd. \u00e9 uma empresa nacional de alta tecnologia dedicada \u00e0 pesquisa, desenvolvimento e produ\u00e7\u00e3o de produtos de armazenamento de energia, como packs de baterias LiFePO4, armazenamento de energia comercial e industrial, armazenamento de energia residencial, esta\u00e7\u00e3o de energia port\u00e1til\/gerador solar, inversor solar, bateria para empilhadeira, bateria para autocarros\/RVA\/landscape e caravanas de golfe, e outras baterias OEM\/ODM na China.<\/span><\/strong><\/p>\n<div><\/div>\n<div><strong>Engajamo-nos profundamente neste campo h\u00e1 mais de 12 anos, a Haisic Technology acumulou uma experi\u00eancia profunda em I&amp;D, inova\u00e7\u00e3o, controlo de qualidade e gest\u00e3o. Os nossos produtos s\u00e3o utilizados em armazenamento de energia dom\u00e9stico, armazenamento de energia industrial, armazenamento de energia comercial, comunica\u00e7\u00e3o de energia, eletr\u00f3nica m\u00e9dica, comunica\u00e7\u00f5es de seguran\u00e7a, transporte e log\u00edstica, energia de nova gera\u00e7\u00e3o, casa inteligente e outras \u00e1reas relacionadas. <\/strong><\/div>\n<div><strong>\u00a0<\/strong><\/div>\n<div><strong>Possu\u00edmos a nossa pr\u00f3pria base de produ\u00e7\u00e3o com mais de 14 000 m\u00b2, localizada no distrito de Dapeng, em Shenzhen, com ISO9001, ISO14001, IS045001 e Amfori BSCI, e os nossos produtos possuem certificados CE, FCC, TUV-UL2054, CQC, RoHS, PSE, MSDS, UN38.3. J\u00e1 fornecemos produtos seguros, est\u00e1veis, ambientalmente amig\u00e1veis, de elevada qualidade e servi\u00e7os profissionais OEM\/ODM a clientes em mais de 80 pa\u00edses e regi\u00f5es. <\/strong><\/div>\n<div><\/div>\n<div><\/div>\n<div><strong>Perguntas Frequentes <\/strong><\/div>\n<div><strong><span data-spm-anchor-id=\"a2700.pc-decorate.0.i33.5d033333Lu9Prj\">O que \u00e9 especial nas baterias de l\u00edtio?<\/span><\/strong><\/div>\n<div>\n<p><span data-spm-anchor-id=\"a2700.pc-decorate.0.i33.5d033333Lu9Prj\">Com elevada densidade de energia, atingiu 460-600 Wh\/kg, o que corresponde a cerca de 6-7 vezes o das baterias de chumbo-\u00e1cido. Longa vida \u00fatil, a dura\u00e7\u00e3o pode ultrapassar os 6 anos. Leve, o peso \u00e9 aproximadamente 1\/5-1\/6 do produto de chumbo-\u00e1cido com o mesmo volume.<\/span><\/p>\n<p>&nbsp;<\/p>\n<div data-spm-anchor-id=\"a2700.pc-decorate.0.i34.5d033333Lu9Prj\"><strong>2. Para que \u00e9 utilizada uma bateria de l\u00edtio?<br \/>\n<\/strong>A bateria de l\u00edtio \u00e9 utilizada para energia e armazenamento de energia. Como reserva de energia de emerg\u00eancia ou UPS. Energia el\u00e9trica fi\u00e1vel e para ve\u00edculos recreativos, carro el\u00e9trico, mar\u00edtimo leve fi\u00e1vel e de baixo peso, armazenamento de energia solar, casa solar, pequena f\u00e1brica de processamento, sistemas de vigil\u00e2ncia ou alarme em locais remotos. 3.A tua\/ as tuas baterias s\u00e3o seguras? A: As nossas baterias s\u00e3o seguras. Todas as baterias Zwayn utilizam os componentes mais seguros e est\u00e1veis, incluindo um c\u00e1todo LiFePO4 e um Sistema de Gest\u00e3o de Bateria (SGB) integrado. O SGB protege as c\u00e9lulas contra tens\u00f5es excessivamente altas ou baixas, correntes elevadas, curto-circuitos e calor ou frio excessivos. Estas s\u00e3o as causas mais comuns de falhas das baterias, e tom\u00e1mos todas as precau\u00e7\u00f5es para mitigar estes riscos em todas as nossas baterias.<br \/>\n<strong><br \/>\nComo escolher a bateria de ciclo profundo de l\u00edtio correta para a minha aplica\u00e7\u00e3o?<br \/>\n<\/strong>Em a grande maioria dos sistemas de 12, 24 ou 48 volts standard, a melhor escolha de bateria de l\u00edtio \u00e9 LiFePO4 (Fosfato de Ferro de L\u00edtio\/<br \/>\nPouch\/prim\u00e1ria c\u00e9lula de bateria). A tens\u00e3o deste tipo de bateria \u00e9 muito semelhante \u00e0 de uma AGM e funcionar\u00e1 bem com readily<br \/>\ncomponentes do sistema dispon\u00edveis para o seu ve\u00edculo recreativo, barco, sistema de energia off-grid, casa solar (TV, frigor\u00edfico, m\u00e1quina de lavar, ar)<br \/>\ncondicionador, aquecedor de \u00e1gua, forno micro-ondas, fog\u00e3o de indu\u00e7\u00e3o, m\u00e1quina de lavar lou\u00e7a, impressora, computador), Torre de Telecomunica\u00e7\u00f5es, aplica\u00e7\u00f5es de sistemas h\u00edbridos e solares off-grid. 5. Pode ser em s\u00e9rie ou em paralelo para uso? R: Sim senhor, pode suportar no m\u00e1ximo 15 em liga\u00e7\u00e3o paralela para uso, caixa de armazenamento de at\u00e9 150 kWh.<br \/>\n<strong><br \/>\n6. Este conjunto de baterias \u00e9 compat\u00edvel com o meu inversor? Tem uma lista de fabricantes de inversores com os quais \u00e9 compat\u00edvel?<br \/>\n<\/strong>Sim senhor, o nosso pack de baterias pode ser compat\u00edvel com a maioria das marcas de inversores no mercado, tais como Deye, MUST, SMA, Growatt, Solax, Solis, Sungrow, Sofar, Voltronic, Sorotec, Studer, etc.<\/p>\n<\/div>\n<\/div>\n<\/div>","protected":false},"excerpt":{"rendered":"<p class=\"product-des\">HS-BG25100 Sistema de Armazenamento de Energia Inteligente para Casa Vis\u00e3o Geral<\/p>\n<p>Armazenamento de energia inteligente, ao seu alcance \u2013 o centro de gest\u00e3o de energia da sua casa<\/p>\n<div class=\"inquiryBasket\"><\/div>","protected":false},"featured_media":1685,"template":"","meta":{"site-sidebar-layout":"default","site-content-layout":"","ast-site-content-layout":"default","site-content-style":"default","site-sidebar-style":"default","ast-global-header-display":"","ast-banner-title-visibility":"","ast-main-header-display":"","ast-hfb-above-header-display":"","ast-hfb-below-header-display":"","ast-hfb-mobile-header-display":"","site-post-title":"","ast-breadcrumbs-content":"","ast-featured-img":"","footer-sml-layout":"","ast-disable-related-posts":"","theme-transparent-header-meta":"default","adv-header-id-meta":"","stick-header-meta":"default","header-above-stick-meta":"","header-main-stick-meta":"","header-below-stick-meta":"","astra-migrate-meta-layouts":"set","ast-page-background-enabled":"default","ast-page-background-meta":{"desktop":{"background-color":"var(--ast-global-color-4)","background-image":"","background-repeat":"repeat","background-position":"center center","background-size":"auto","background-attachment":"scroll","background-type":"","background-media":"","overlay-type":"","overlay-color":"","overlay-opacity":"","overlay-gradient":""},"tablet":{"background-color":"","background-image":"","background-repeat":"repeat","background-position":"center center","background-size":"auto","background-attachment":"scroll","background-type":"","background-media":"","overlay-type":"","overlay-color":"","overlay-opacity":"","overlay-gradient":""},"mobile":{"background-color":"","background-image":"","background-repeat":"repeat","background-position":"center center","background-size":"auto","background-attachment":"scroll","background-type":"","background-media":"","overlay-type":"","overlay-color":"","overlay-opacity":"","overlay-gradient":""}},"ast-content-background-meta":{"desktop":{"background-color":"var(--ast-global-color-5)","background-image":"","background-repeat":"repeat","background-position":"center center","background-size":"auto","background-attachment":"scroll","background-type":"","background-media":"","overlay-type":"","overlay-color":"","overlay-opacity":"","overlay-gradient":""},"tablet":{"background-color":"var(--ast-global-color-5)","background-image":"","background-repeat":"repeat","background-position":"center center","background-size":"auto","background-attachment":"scroll","background-type":"","background-media":"","overlay-type":"","overlay-color":"","overlay-opacity":"","overlay-gradient":""},"mobile":{"background-color":"var(--ast-global-color-5)","background-image":"","background-repeat":"repeat","background-position":"center center","background-size":"auto","background-attachment":"scroll","background-type":"","background-media":"","overlay-type":"","overlay-color":"","overlay-opacity":"","overlay-gradient":""}}},"product_brand":[],"product_cat":[47,56,50],"product_tag":[],"class_list":{"0":"post-1691","1":"product","2":"type-product","3":"status-publish","4":"has-post-thumbnail","6":"product_cat-residetial-ess","7":"product_cat-energy-storage-battery-system","8":"product_cat-floor-standing-ess","9":"desktop-align-left","10":"tablet-align-left","11":"mobile-align-left","12":"ast-product-gallery-layout-horizontal-slider","13":"ast-product-tabs-layout-horizontal","15":"first","16":"instock","17":"shipping-taxable","18":"purchasable","19":"product-type-simple"},"_links":{"self":[{"href":"https:\/\/haisicstorage.com\/pt\/wp-json\/wp\/v2\/product\/1691","targetHints":{"allow":["GET"]}}],"collection":[{"href":"https:\/\/haisicstorage.com\/pt\/wp-json\/wp\/v2\/product"}],"about":[{"href":"https:\/\/haisicstorage.com\/pt\/wp-json\/wp\/v2\/types\/product"}],"version-history":[{"count":6,"href":"https:\/\/haisicstorage.com\/pt\/wp-json\/wp\/v2\/product\/1691\/revisions"}],"predecessor-version":[{"id":2500,"href":"https:\/\/haisicstorage.com\/pt\/wp-json\/wp\/v2\/product\/1691\/revisions\/2500"}],"wp:featuredmedia":[{"embeddable":true,"href":"https:\/\/haisicstorage.com\/pt\/wp-json\/wp\/v2\/media\/1685"}],"wp:attachment":[{"href":"https:\/\/haisicstorage.com\/pt\/wp-json\/wp\/v2\/media?parent=1691"}],"wp:term":[{"taxonomy":"product_brand","embeddable":true,"href":"https:\/\/haisicstorage.com\/pt\/wp-json\/wp\/v2\/product_brand?post=1691"},{"taxonomy":"product_cat","embeddable":true,"href":"https:\/\/haisicstorage.com\/pt\/wp-json\/wp\/v2\/product_cat?post=1691"},{"taxonomy":"product_tag","embeddable":true,"href":"https:\/\/haisicstorage.com\/pt\/wp-json\/wp\/v2\/product_tag?post=1691"}],"curies":[{"name":"wp","href":"https:\/\/api.w.org\/{rel}","templated":true}]}}