{"id":1683,"date":"2025-12-03T06:17:14","date_gmt":"2025-12-03T06:17:14","guid":{"rendered":"https:\/\/haisicstorage.com\/?post_type=product&#038;p=1683"},"modified":"2026-02-27T07:29:36","modified_gmt":"2026-02-27T07:29:36","slug":"25-6v-200ah-lithium-battery-home-energy-storage","status":"publish","type":"product","link":"https:\/\/haisicstorage.com\/pt\/25-6v-200ah-lithium-battery-home-energy-storage\/","title":{"rendered":"Armazenamento de Energia Dom\u00e9stico com Bateria de L\u00edtio 25.6V 200Ah"},"content":{"rendered":"<div data-spm-anchor-id=\"a2700.pc-decorate.0.i6.5d033333Lu9Prj\">\n<p>I. Centro de Intera\u00e7\u00e3o Inteligente: O que v\u00eas \u00e9 o que obtenhas, controlo t\u00e1til tudo-em-um<\/p>\n<p>O HS-BG25200 herda o ADN inteligente, apresentando um ecr\u00e3 sens\u00edvel de 3,5 polegadas que transforma a gest\u00e3o de energia complexa em opera\u00e7\u00f5es simples com a ponta dos dedos. Maior capacidade exige controlo mais claro.<\/p>\n<p>Ponto de Opera\u00e7\u00e3o de Energia Panor\u00e2mico: monitoriza a entrada solar, a sa\u00edda de carga e o estado da bateria (tens\u00e3o, temperatura, sa\u00fade) em tempo real. Diagramas din\u00e2micos de fluxo de energia proporcionam visibilidade instant\u00e2nea da gera\u00e7\u00e3o, armazenamento e consumo.<\/p>\n<p>Estrat\u00e9gias Inteligentes Personaliz\u00e1veis: configure facilmente as prioridades de carregamento\/descarga e gest\u00e3o de tarifas de pico\/baixos para maximizar as taxas de auto-consumo e os benef\u00edcios econ\u00f3micos. Defina o seu estilo de vida inteligente.<\/p>\n<p>Duas Salvaguardas de Seguran\u00e7a: exibi\u00e7\u00e3o intuitiva no ecr\u00e3 de todos os estados de prote\u00e7\u00e3o do BMS (Sistema de Gest\u00e3o da Bateria). Alertas pop-up instant\u00e2neos para qualquer anomalia (sobretens\u00e3o, sobretemperatura, sobrecarga) asseguram que os perigos n\u00e3o t\u00eam esconderijo.<\/p>\n<p>Dados Hist\u00f3ricos e Conquistas: trace os gr\u00e1ficos di\u00e1rios, mensais e anuais de gera\u00e7\u00e3o e consumo. Quantifique as suas poupan\u00e7as de eletricidade e as contribui\u00e7\u00f5es para a redu\u00e7\u00e3o de emiss\u00f5es, tornando as escolhas verdes mais recompensadas.<\/p>\n<p>II. N\u00facleo de Desempenho Robusto: Alta Capacidade, Tempo de Funcionamento Estendido, Confiabilidade Superior<\/p>\n<p>O dobro da energia, Lide com as exig\u00eancias com facilidade: apresenta uma c\u00e9lula de bateria de l\u00edtio ferro fosfato (LiFePO4) integrada de 5 kWh de alta capacidade, satisfazendo com facilidade as maiores exig\u00eancias energ\u00e9ticas dom\u00e9sticas enquanto estende significativamente a dura\u00e7\u00e3o operacional.<\/p>\n<p>Funda\u00e7\u00e3o de Seguran\u00e7a, S\u00f3lida como uma Rocha: utiliza um sistema de gest\u00e3o BMS inteligente, oferecendo v\u00e1rias prote\u00e7\u00f5es a n\u00edvel de hardware, incluindo sobrecarga, sobre-descarga, sobrecorrente, curto-circuito e prote\u00e7\u00f5es de temperatura, assegurando opera\u00e7\u00e3o segura e est\u00e1vel desta unidade de alta capacidade.<\/p>\n<p>Carregamento H\u00edbrido Eficiente: suporta entrada solar de 1000W (tecnologia MPPT, rastreio de efici\u00eancia &gt;99%) e recarga r\u00e1pida pela rede. Carregamento paralelo de duplo caminho permite recupera\u00e7\u00e3o r\u00e1pida, enfrentando dias chuvosos consecutivos sem receios.<\/p>\n<p>Sa\u00edda de Energia Pura: equipada com um inversor de onda senoidal pura de 1500W, fornecendo formas de onda est\u00e1veis e limpas. Alimenta com seguran\u00e7a aparelhos sens\u00edveis como ar condicionados, m\u00e1quinas de lavar e equipamentos de cozinha.<\/p>\n<p>III. Cen\u00e1rios de Aplica\u00e7\u00e3o Vers\u00e1teis<\/p>\n<p>O HS-BG25200 \u00e9 uma solu\u00e7\u00e3o de energia desenhada para habita\u00e7\u00f5es com maiores exig\u00eancias:<\/p>\n<p>Energia de Reserva Di\u00e1ria para Fam\u00edlias Numerosas: fornece cobertura de energia de emerg\u00eancia alargada para habita\u00e7\u00f5es de m\u00e9dio a grande porte, suportando eletrodom\u00e9sticos mais cr\u00edticos.<\/p>\n<p>Companheiro PV para Toda a Habita\u00e7\u00e3o: compat\u00edvel com sistemas solares maiores para armazenar eletricidade diurna excedente, permitindo verdadeira independ\u00eancia energ\u00e9tica nocturna.<\/p>\n<p>Energia para Pequenos Escrit\u00f3rios\/SOHO: fornece energia est\u00e1vel e ininterrupta para escrit\u00f3rios e est\u00fadios em casa, assegurando continuidade do fluxo de trabalho.<\/p>\n<p>L\u00edder de Energia Externa: atende \u00e0s necessidades alargadas de camping e viagens de autocaravanas, servindo como uma solu\u00e7\u00e3o de energia externa fi\u00e1vel.<\/p>\n<p>HS-BG25200: Aumentar a capacidade para cumprir as suas aspira\u00e7\u00f5es de um estilo de vida de alta qualidade, capacitando a autonomia energ\u00e9tica atrav\u00e9s da intera\u00e7\u00e3o inteligente. Mais do que um produto, representa uma escolha estrat\u00e9gica para atualizar o seu sistema energ\u00e9tico dom\u00e9stico \u2013 proporcionando maior liberdade no uso de eletricidade e um estilo de vida mais descontra\u00eddo.<\/p>\n<\/div>\n<div data-spm-anchor-id=\"a2700.pc-decorate.0.i5.5d033333Lu9Prj\"><\/div>\n<div data-spm-anchor-id=\"a2700.pc-decorate.0.i5.5d033333Lu9Prj\"><strong>Perfil da empresa <\/strong><\/div>\n<div data-spm-anchor-id=\"a2700.pc-decorate.0.i5.5d033333Lu9Prj\"><\/div>\n<div data-spm-anchor-id=\"a2700.pc-decorate.0.i5.5d033333Lu9Prj\">\n<p><strong><span data-spm-anchor-id=\"a2700.pc-decorate.0.i21.5d033333Lu9Prj\">Fundada em 2011, a Shenzhen Haisic Technology Co., Ltd. \u00e9 uma empresa nacional de alta tecnologia dedicada \u00e0 pesquisa, desenvolvimento e produ\u00e7\u00e3o de produtos de armazenamento de energia, como packs de baterias LiFePO4, armazenamento de energia comercial e industrial, armazenamento de energia residencial, esta\u00e7\u00e3o de energia port\u00e1til\/gerador solar, inversor solar, bateria para empilhadeira, bateria para autocarros\/RVA\/landscape e caravanas de golfe, e outras baterias OEM\/ODM na China.<\/span><\/strong><\/p>\n<div><\/div>\n<div><strong>Engajamo-nos profundamente neste campo h\u00e1 mais de 12 anos, a Haisic Technology acumulou uma experi\u00eancia profunda em I&amp;D, inova\u00e7\u00e3o, controlo de qualidade e gest\u00e3o. Os nossos produtos s\u00e3o utilizados em armazenamento de energia dom\u00e9stico, armazenamento de energia industrial, armazenamento de energia comercial, comunica\u00e7\u00e3o de energia, eletr\u00f3nica m\u00e9dica, comunica\u00e7\u00f5es de seguran\u00e7a, transporte e log\u00edstica, energia de nova gera\u00e7\u00e3o, casa inteligente e outras \u00e1reas relacionadas. <\/strong><\/div>\n<div><strong>\u00a0<\/strong><\/div>\n<div><strong>Possu\u00edmos a nossa pr\u00f3pria base de produ\u00e7\u00e3o com mais de 14 000 m\u00b2, localizada no distrito de Dapeng, em Shenzhen, com ISO9001, ISO14001, IS045001 e Amfori BSCI, e os nossos produtos possuem certificados CE, FCC, TUV-UL2054, CQC, RoHS, PSE, MSDS, UN38.3. J\u00e1 fornecemos produtos seguros, est\u00e1veis, ambientalmente amig\u00e1veis, de elevada qualidade e servi\u00e7os profissionais OEM\/ODM a clientes em mais de 80 pa\u00edses e regi\u00f5es. <\/strong><\/div>\n<div><\/div>\n<div><strong>Perguntas Frequentes <\/strong><\/div>\n<div><strong><span data-spm-anchor-id=\"a2700.pc-decorate.0.i33.5d033333Lu9Prj\">O que \u00e9 especial nas baterias de l\u00edtio?<\/span><\/strong><\/div>\n<div>\n<p><span data-spm-anchor-id=\"a2700.pc-decorate.0.i33.5d033333Lu9Prj\">Com elevada densidade de energia, atingiu 460-600 Wh\/kg, o que corresponde a cerca de 6-7 vezes o das baterias de chumbo-\u00e1cido. Longa vida \u00fatil, a dura\u00e7\u00e3o pode ultrapassar os 6 anos. Leve, o peso \u00e9 aproximadamente 1\/5-1\/6 do produto de chumbo-\u00e1cido com o mesmo volume.<\/span><\/p>\n<p>&nbsp;<\/p>\n<div data-spm-anchor-id=\"a2700.pc-decorate.0.i34.5d033333Lu9Prj\"><strong>2. Para que \u00e9 utilizada uma bateria de l\u00edtio?<br \/>\n<\/strong>A bateria de l\u00edtio \u00e9 utilizada para energia e armazenamento de energia. Como reserva de energia de emerg\u00eancia ou UPS. Energia el\u00e9trica fi\u00e1vel e para ve\u00edculos recreativos, carro el\u00e9trico, mar\u00edtimo leve fi\u00e1vel e de baixo peso, armazenamento de energia solar, casa solar, pequena f\u00e1brica de processamento, sistemas de vigil\u00e2ncia ou alarme em locais remotos. 3.A tua\/ as tuas baterias s\u00e3o seguras? A: As nossas baterias s\u00e3o seguras. Todas as baterias Zwayn utilizam os componentes mais seguros e est\u00e1veis, incluindo um c\u00e1todo LiFePO4 e um Sistema de Gest\u00e3o de Bateria (SGB) integrado. O SGB protege as c\u00e9lulas contra tens\u00f5es excessivamente altas ou baixas, correntes elevadas, curto-circuitos e calor ou frio excessivos. Estas s\u00e3o as causas mais comuns de falhas das baterias, e tom\u00e1mos todas as precau\u00e7\u00f5es para mitigar estes riscos em todas as nossas baterias.<br \/>\n<strong><br \/>\nComo escolher a bateria de ciclo profundo de l\u00edtio correta para a minha aplica\u00e7\u00e3o?<br \/>\n<\/strong>Em a grande maioria dos sistemas de 12, 24 ou 48 volts standard, a melhor escolha de bateria de l\u00edtio \u00e9 LiFePO4 (Fosfato de Ferro de L\u00edtio\/<br \/>\nPouch\/prim\u00e1ria c\u00e9lula de bateria). A tens\u00e3o deste tipo de bateria \u00e9 muito semelhante \u00e0 de uma AGM e funcionar\u00e1 bem com readily<br \/>\ncomponentes do sistema dispon\u00edveis para o seu ve\u00edculo recreativo, barco, sistema de energia off-grid, casa solar (TV, frigor\u00edfico, m\u00e1quina de lavar, ar)<br \/>\nar condicionado, boiler, micro-ondas, fog\u00e3o por indu\u00e7\u00e3o, m\u00e1quina de lavar lou\u00e7a, impressora, computador), Torre de Telecomunica\u00e7\u00f5es, aplica\u00e7\u00f5es de sistemas h\u00edbridos e solares off-grid.5. Pode ser em s\u00e9rie ou em paralelo para uso?<\/p>\n<p>A: Sim senhor, pode suportar liga\u00e7\u00e3o em paralelo at\u00e9 15 unidades para uso, Caixa de armazenamento de at\u00e9 150 kWh.<br \/>\n<strong><br \/>\n6. Este conjunto de baterias \u00e9 compat\u00edvel com o meu inversor? Tem uma lista de fabricantes de inversores com os quais \u00e9 compat\u00edvel?<br \/>\n<\/strong>Sim senhor, o nosso pack de baterias pode ser compat\u00edvel com a maioria das marcas de inversores no mercado, tais como Deye, MUST, SMA, Growatt, Solax, Solis, Sungrow, Sofar, Voltronic, Sorotec, Studer, etc.<\/p>\n<\/div>\n<\/div>\n<\/div>","protected":false},"excerpt":{"rendered":"<p>HS-BG25200 Sistema Inteligente de Armazenamento de Energia Residencial Vis\u00e3o Geral<\/p>\n<p>O dobro da capacidade, o dobro da liberdade \u2013 domine o futuro da energia ao seu alcance com um ecr\u00e3 de 3,5 polegadas<\/p>","protected":false},"featured_media":1684,"template":"","meta":{"site-sidebar-layout":"default","site-content-layout":"","ast-site-content-layout":"default","site-content-style":"default","site-sidebar-style":"default","ast-global-header-display":"","ast-banner-title-visibility":"","ast-main-header-display":"","ast-hfb-above-header-display":"","ast-hfb-below-header-display":"","ast-hfb-mobile-header-display":"","site-post-title":"","ast-breadcrumbs-content":"","ast-featured-img":"","footer-sml-layout":"","ast-disable-related-posts":"","theme-transparent-header-meta":"default","adv-header-id-meta":"","stick-header-meta":"default","header-above-stick-meta":"","header-main-stick-meta":"","header-below-stick-meta":"","astra-migrate-meta-layouts":"set","ast-page-background-enabled":"default","ast-page-background-meta":{"desktop":{"background-color":"var(--ast-global-color-4)","background-image":"","background-repeat":"repeat","background-position":"center center","background-size":"auto","background-attachment":"scroll","background-type":"","background-media":"","overlay-type":"","overlay-color":"","overlay-opacity":"","overlay-gradient":""},"tablet":{"background-color":"","background-image":"","background-repeat":"repeat","background-position":"center center","background-size":"auto","background-attachment":"scroll","background-type":"","background-media":"","overlay-type":"","overlay-color":"","overlay-opacity":"","overlay-gradient":""},"mobile":{"background-color":"","background-image":"","background-repeat":"repeat","background-position":"center center","background-size":"auto","background-attachment":"scroll","background-type":"","background-media":"","overlay-type":"","overlay-color":"","overlay-opacity":"","overlay-gradient":""}},"ast-content-background-meta":{"desktop":{"background-color":"var(--ast-global-color-5)","background-image":"","background-repeat":"repeat","background-position":"center center","background-size":"auto","background-attachment":"scroll","background-type":"","background-media":"","overlay-type":"","overlay-color":"","overlay-opacity":"","overlay-gradient":""},"tablet":{"background-color":"var(--ast-global-color-5)","background-image":"","background-repeat":"repeat","background-position":"center center","background-size":"auto","background-attachment":"scroll","background-type":"","background-media":"","overlay-type":"","overlay-color":"","overlay-opacity":"","overlay-gradient":""},"mobile":{"background-color":"var(--ast-global-color-5)","background-image":"","background-repeat":"repeat","background-position":"center center","background-size":"auto","background-attachment":"scroll","background-type":"","background-media":"","overlay-type":"","overlay-color":"","overlay-opacity":"","overlay-gradient":""}}},"product_brand":[],"product_cat":[47,56,50],"product_tag":[],"class_list":{"0":"post-1683","1":"product","2":"type-product","3":"status-publish","4":"has-post-thumbnail","6":"product_cat-residetial-ess","7":"product_cat-energy-storage-battery-system","8":"product_cat-floor-standing-ess","9":"desktop-align-left","10":"tablet-align-left","11":"mobile-align-left","12":"ast-product-gallery-layout-horizontal-slider","13":"ast-product-tabs-layout-horizontal","15":"first","16":"instock","17":"shipping-taxable","18":"purchasable","19":"product-type-simple"},"_links":{"self":[{"href":"https:\/\/haisicstorage.com\/pt\/wp-json\/wp\/v2\/product\/1683","targetHints":{"allow":["GET"]}}],"collection":[{"href":"https:\/\/haisicstorage.com\/pt\/wp-json\/wp\/v2\/product"}],"about":[{"href":"https:\/\/haisicstorage.com\/pt\/wp-json\/wp\/v2\/types\/product"}],"version-history":[{"count":4,"href":"https:\/\/haisicstorage.com\/pt\/wp-json\/wp\/v2\/product\/1683\/revisions"}],"predecessor-version":[{"id":3498,"href":"https:\/\/haisicstorage.com\/pt\/wp-json\/wp\/v2\/product\/1683\/revisions\/3498"}],"wp:featuredmedia":[{"embeddable":true,"href":"https:\/\/haisicstorage.com\/pt\/wp-json\/wp\/v2\/media\/1684"}],"wp:attachment":[{"href":"https:\/\/haisicstorage.com\/pt\/wp-json\/wp\/v2\/media?parent=1683"}],"wp:term":[{"taxonomy":"product_brand","embeddable":true,"href":"https:\/\/haisicstorage.com\/pt\/wp-json\/wp\/v2\/product_brand?post=1683"},{"taxonomy":"product_cat","embeddable":true,"href":"https:\/\/haisicstorage.com\/pt\/wp-json\/wp\/v2\/product_cat?post=1683"},{"taxonomy":"product_tag","embeddable":true,"href":"https:\/\/haisicstorage.com\/pt\/wp-json\/wp\/v2\/product_tag?post=1683"}],"curies":[{"name":"wp","href":"https:\/\/api.w.org\/{rel}","templated":true}]}}