{"id":1673,"date":"2025-12-03T06:00:18","date_gmt":"2025-12-03T06:00:18","guid":{"rendered":"https:\/\/haisicstorage.com\/?post_type=product&#038;p=1673"},"modified":"2026-02-27T07:30:26","modified_gmt":"2026-02-27T07:30:26","slug":"51-2v-100ah-5120wh-floor-mounted-home-energy-storage","status":"publish","type":"product","link":"https:\/\/haisicstorage.com\/pt\/51-2v-100ah-5120wh-floor-mounted-home-energy-storage\/","title":{"rendered":"Armazenamento de Energia Dom\u00e9stico de Piso com 51.2V 100Ah 5120Wh"},"content":{"rendered":"<div data-spm-anchor-id=\"a2700.pc-decorate.0.i6.5d033333Lu9Prj\">\n<p>I. Intera\u00e7\u00e3o Inteligente, Maestria Sobre o Seu Ecossistema de Energia<\/p>\n<p>O m\u00f3dulo HS-BG51100, topo de linha, integra uma tela t\u00e1til colorida de 3,5 polegadas em alta defini\u00e7\u00e3o, traduzindo dados energ\u00e9ticos complexos em linguagem visual intuitiva para uma experi\u00eancia interativa sem precedentes e sensa\u00e7\u00e3o de controlo.<\/p>\n<p>Painel de Energia Panor\u00e2mico: exibi\u00e7\u00e3o din\u00e2mica em tempo real da pot\u00eancia de carregamento solar, pot\u00eancia de sa\u00edda de carga e estado da bateria (tens\u00e3o, temperatura, sa\u00fade) oferece visibilidade cristalina do fluxo de energia.<\/p>\n<p>Estrat\u00e9gias Inteligentes Personaliz\u00e1veis: configure sem esfor\u00e7o as prioridades de carregamento\/descarga e gest\u00e3o de tarifas de ponta\/horas de vazio para maximizar as taxas de autoconsumo e retornos econ\u00f3micos. Defina o seu estilo de vida inteligente.<\/p>\n<p>Duplo Sistema de Seguran\u00e7a: exibi\u00e7\u00f5es na tela de todos os estados de prote\u00e7\u00e3o do BMS (Sistema de Gest\u00e3o de Bateria). Alertas instant\u00e2neos para quaisquer anomalias (sobretens\u00e3o, superaquecimento, sobrecarga) garantem que nenhum risco de seguran\u00e7a passe despercebido.<\/p>\n<p>Dados Hist\u00f3ricos e Conquistas: trace curvas de gera\u00e7\u00e3o\/consumo di\u00e1rias, mensais e anuais para quantificar as suas poupan\u00e7as de energia e contribui\u00e7\u00f5es para a redu\u00e7\u00e3o de carbono, tornando as escolhas verdes mais recompensadoras.<\/p>\n<p>II. N\u00facleo de Desempenho Robusto: Compatibilidade de Dupla Voltagem para Aplica\u00e7\u00e3o em Todos os Cen\u00e1rios<\/p>\n<p>Flexibilidade de dupla voltagem: compatibilidade inovadora com plataformas de 51,2V de alta voltagem e 12V\/24V de baixa voltagem, acomodando sem esfor\u00e7o sistemas fotovoltaicos diversificados e equipamento el\u00e9trico, expandindo cen\u00e1rios de aplica\u00e7\u00e3o.<\/p>\n<p>Reserva maci\u00e7a de energia: atende com facilidade \u00e0s exig\u00eancias de energia de alta intensidade em habita\u00e7\u00f5es com tempo de funcionamento significativamente alargado.<\/p>\n<p>Funda\u00e7\u00e3o de Seguran\u00e7a Robusta:<br \/>\nApresenta um sistema inteligente de gest\u00e3o BMS com prote\u00e7\u00f5es em v\u00e1rios n\u00edveis de hardware contra sobrecarregamento, descarga excessiva, sobretens\u00e3o, curtos-circuitos e temperaturas extremas, assegurando funcionamento seguro e est\u00e1vel da unidade de armazenamento de energia de grande capacidade.<\/p>\n<p>III. Amplos Cen\u00e1rios de Aplica\u00e7\u00e3o<\/p>\n<p>O HS-BG51100 \u00e9 uma solu\u00e7\u00e3o profissional de energia concebida para habita\u00e7\u00f5es e ambientes comerciais com exig\u00eancias mais elevadas:<\/p>\n<p>Villas e Habita\u00e7\u00f5es de Formato Alargado: oferece cobertura de energia de emerg\u00eancia estendida para habita\u00e7\u00f5es de m\u00e9dia a grande dimens\u00e3o, suportando eletrodom\u00e9sticos mais cr\u00edticos.<\/p>\n<p>Companheiro Ideal para Sistemas Fotovoltaicos de Casa Inteira: integra-se de forma eficiente com instala\u00e7\u00f5es solares de alta capacidade, armazenando energia excedente durante o dia para fornecer verdadeira autonomia el\u00e9ctrica noturna.<\/p>\n<p>Fornecimento de Energia para Pequenos Est\u00fadios\/Com\u00e9rcio: oferece energia est\u00e1vel e ininterrupta para escrit\u00f3rios em casa, pequenas unidades de retalho e est\u00fadios, assegurando opera\u00e7\u00f5es sem interrup\u00e7\u00f5es.<\/p>\n<p>Pot\u00eancia exterior, escolha de refer\u00eancia: atende \u00e0s necessidades de eletricidade para campismo estendido e viagens de autocaravana, servindo como uma solu\u00e7\u00e3o fi\u00e1vel para requisitos de energia exterior.<\/p>\n<p>O HS-BG51100 cumpre as suas aspira\u00e7\u00f5es de um estilo de vida de alta qualidade atrav\u00e9s da compatibilidade de dupla voltagem e capacidade excecional, capacitando a sua autonomia energ\u00e9tica com intera\u00e7\u00e3o inteligente. Mais do que um simples produto, representa uma escolha estrat\u00e9gica para atualizar o seu sistema de energia dom\u00e9stico, oferecendo maior liberdade no uso de eletricidade e um estilo de vida mais descontra\u00eddo.<\/p>\n<\/div>\n<div data-spm-anchor-id=\"a2700.pc-decorate.0.i5.5d033333Lu9Prj\"><\/div>\n<div data-spm-anchor-id=\"a2700.pc-decorate.0.i5.5d033333Lu9Prj\"><strong>Perfil da empresa <\/strong><\/div>\n<div data-spm-anchor-id=\"a2700.pc-decorate.0.i5.5d033333Lu9Prj\"><\/div>\n<div data-spm-anchor-id=\"a2700.pc-decorate.0.i5.5d033333Lu9Prj\">\n<p><strong><span data-spm-anchor-id=\"a2700.pc-decorate.0.i21.5d033333Lu9Prj\">Fundada em 2011, a Shenzhen Haisic Technology Co., Ltd. \u00e9 uma empresa nacional de alta tecnologia dedicada \u00e0 pesquisa, desenvolvimento e produ\u00e7\u00e3o de produtos de armazenamento de energia, como packs de baterias LiFePO4, armazenamento de energia comercial e industrial, armazenamento de energia residencial, esta\u00e7\u00e3o de energia port\u00e1til\/gerador solar, inversor solar, bateria para empilhadeira, bateria para autocarros\/RVA\/landscape e caravanas de golfe, e outras baterias OEM\/ODM na China.<\/span><\/strong><\/p>\n<div><\/div>\n<div><strong>Engajamo-nos profundamente neste campo h\u00e1 mais de 12 anos, a Haisic Technology acumulou uma experi\u00eancia profunda em I&amp;D, inova\u00e7\u00e3o, controlo de qualidade e gest\u00e3o. Os nossos produtos s\u00e3o utilizados em armazenamento de energia dom\u00e9stico, armazenamento de energia industrial, armazenamento de energia comercial, comunica\u00e7\u00e3o de energia, eletr\u00f3nica m\u00e9dica, comunica\u00e7\u00f5es de seguran\u00e7a, transporte e log\u00edstica, energia de nova gera\u00e7\u00e3o, casa inteligente e outras \u00e1reas relacionadas. <\/strong><\/div>\n<div><strong>\u00a0<\/strong><\/div>\n<div><strong>Possu\u00edmos a nossa pr\u00f3pria base de produ\u00e7\u00e3o com mais de 14 000 m\u00b2, localizada no distrito de Dapeng, em Shenzhen, com ISO9001, ISO14001, IS045001 e Amfori BSCI, e os nossos produtos possuem certificados CE, FCC, TUV-UL2054, CQC, RoHS, PSE, MSDS, UN38.3. J\u00e1 fornecemos produtos seguros, est\u00e1veis, ambientalmente amig\u00e1veis, de elevada qualidade e servi\u00e7os profissionais OEM\/ODM a clientes em mais de 80 pa\u00edses e regi\u00f5es. <\/strong><\/div>\n<div><\/div>\n<div><strong>Perguntas Frequentes <\/strong><\/div>\n<div><strong><span data-spm-anchor-id=\"a2700.pc-decorate.0.i33.5d033333Lu9Prj\">O que \u00e9 especial nas baterias de l\u00edtio?<\/span><\/strong><\/div>\n<div>\n<p><span data-spm-anchor-id=\"a2700.pc-decorate.0.i33.5d033333Lu9Prj\">Com elevada densidade de energia, atingiu 460-600 Wh\/kg, o que corresponde a cerca de 6-7 vezes o das baterias de chumbo-\u00e1cido. Longa vida \u00fatil, a dura\u00e7\u00e3o pode ultrapassar os 6 anos. Leve, o peso \u00e9 aproximadamente 1\/5-1\/6 do produto de chumbo-\u00e1cido com o mesmo volume.<\/span><\/p>\n<p>&nbsp;<\/p>\n<div data-spm-anchor-id=\"a2700.pc-decorate.0.i34.5d033333Lu9Prj\"><strong>2. Para que \u00e9 utilizada uma bateria de l\u00edtio?<br \/>\n<\/strong>A bateria de l\u00edtio \u00e9 utilizada para energia e armazenamento de energia. Como reserva de energia de emerg\u00eancia ou UPS. Energia el\u00e9trica fi\u00e1vel e para ve\u00edculos recreativos, carro el\u00e9trico, mar\u00edtimo leve fi\u00e1vel e de baixo peso, armazenamento de energia solar, casa solar, pequena f\u00e1brica de processamento, sistemas de vigil\u00e2ncia ou alarme em locais remotos. 3.A tua\/ as tuas baterias s\u00e3o seguras? A: As nossas baterias s\u00e3o seguras. Todas as baterias Zwayn utilizam os componentes mais seguros e est\u00e1veis, incluindo um c\u00e1todo LiFePO4 e um Sistema de Gest\u00e3o de Bateria (SGB) integrado. O SGB protege as c\u00e9lulas contra tens\u00f5es excessivamente altas ou baixas, correntes elevadas, curto-circuitos e calor ou frio excessivos. Estas s\u00e3o as causas mais comuns de falhas das baterias, e tom\u00e1mos todas as precau\u00e7\u00f5es para mitigar estes riscos em todas as nossas baterias.<br \/>\n<strong><br \/>\nComo escolher a bateria de ciclo profundo de l\u00edtio correta para a minha aplica\u00e7\u00e3o?<br \/>\n<\/strong>Em a grande maioria dos sistemas de 12, 24 ou 48 volts standard, a melhor escolha de bateria de l\u00edtio \u00e9 LiFePO4 (Fosfato de Ferro de L\u00edtio\/<br \/>\nPouch\/prim\u00e1ria c\u00e9lula de bateria). A tens\u00e3o deste tipo de bateria \u00e9 muito semelhante \u00e0 de uma AGM e funcionar\u00e1 bem com readily<br \/>\ncomponentes do sistema dispon\u00edveis para o seu ve\u00edculo recreativo, barco, sistema de energia off-grid, casa solar (TV, frigor\u00edfico, m\u00e1quina de lavar, ar)<br \/>\nar condicionado, boiler, micro-ondas, fog\u00e3o por indu\u00e7\u00e3o, m\u00e1quina de lavar lou\u00e7a, impressora, computador), Torre de Telecomunica\u00e7\u00f5es, aplica\u00e7\u00f5es de sistemas h\u00edbridos e solares off-grid.5. Pode ser em s\u00e9rie ou em paralelo para uso?<\/p>\n<p>A: Sim senhor, pode suportar liga\u00e7\u00e3o em paralelo at\u00e9 15 unidades para uso, Caixa de armazenamento de at\u00e9 150 kWh.<br \/>\n<strong><br \/>\n6. Este conjunto de baterias \u00e9 compat\u00edvel com o meu inversor? Tem uma lista de fabricantes de inversores com os quais \u00e9 compat\u00edvel?<br \/>\n<\/strong>Sim senhor, o nosso pack de baterias pode ser compat\u00edvel com a maioria das marcas de inversores no mercado, tais como Deye, MUST, SMA, Growatt, Solax, Solis, Sungrow, Sofar, Voltronic, Sorotec, Studer, etc.<\/p>\n<\/div>\n<\/div>\n<\/div>","protected":false},"excerpt":{"rendered":"<p>HS-BG51100 Vis\u00e3o Geral do Sistema de Armazenamento de Energia Inteligente para o Lar<\/p>\n<p>Plataforma de dupla voltagem, topo de gama em todos os aspetos \u2013 n\u00facleo poderoso, controlo inteligente \u00e0 sua ordem<\/p>","protected":false},"featured_media":1664,"template":"","meta":{"site-sidebar-layout":"default","site-content-layout":"","ast-site-content-layout":"default","site-content-style":"default","site-sidebar-style":"default","ast-global-header-display":"","ast-banner-title-visibility":"","ast-main-header-display":"","ast-hfb-above-header-display":"","ast-hfb-below-header-display":"","ast-hfb-mobile-header-display":"","site-post-title":"","ast-breadcrumbs-content":"","ast-featured-img":"","footer-sml-layout":"","ast-disable-related-posts":"","theme-transparent-header-meta":"default","adv-header-id-meta":"","stick-header-meta":"default","header-above-stick-meta":"","header-main-stick-meta":"","header-below-stick-meta":"","astra-migrate-meta-layouts":"set","ast-page-background-enabled":"default","ast-page-background-meta":{"desktop":{"background-color":"var(--ast-global-color-4)","background-image":"","background-repeat":"repeat","background-position":"center center","background-size":"auto","background-attachment":"scroll","background-type":"","background-media":"","overlay-type":"","overlay-color":"","overlay-opacity":"","overlay-gradient":""},"tablet":{"background-color":"","background-image":"","background-repeat":"repeat","background-position":"center center","background-size":"auto","background-attachment":"scroll","background-type":"","background-media":"","overlay-type":"","overlay-color":"","overlay-opacity":"","overlay-gradient":""},"mobile":{"background-color":"","background-image":"","background-repeat":"repeat","background-position":"center center","background-size":"auto","background-attachment":"scroll","background-type":"","background-media":"","overlay-type":"","overlay-color":"","overlay-opacity":"","overlay-gradient":""}},"ast-content-background-meta":{"desktop":{"background-color":"var(--ast-global-color-5)","background-image":"","background-repeat":"repeat","background-position":"center center","background-size":"auto","background-attachment":"scroll","background-type":"","background-media":"","overlay-type":"","overlay-color":"","overlay-opacity":"","overlay-gradient":""},"tablet":{"background-color":"var(--ast-global-color-5)","background-image":"","background-repeat":"repeat","background-position":"center center","background-size":"auto","background-attachment":"scroll","background-type":"","background-media":"","overlay-type":"","overlay-color":"","overlay-opacity":"","overlay-gradient":""},"mobile":{"background-color":"var(--ast-global-color-5)","background-image":"","background-repeat":"repeat","background-position":"center center","background-size":"auto","background-attachment":"scroll","background-type":"","background-media":"","overlay-type":"","overlay-color":"","overlay-opacity":"","overlay-gradient":""}}},"product_brand":[],"product_cat":[47,56,50],"product_tag":[],"class_list":{"0":"post-1673","1":"product","2":"type-product","3":"status-publish","4":"has-post-thumbnail","6":"product_cat-residetial-ess","7":"product_cat-energy-storage-battery-system","8":"product_cat-floor-standing-ess","9":"desktop-align-left","10":"tablet-align-left","11":"mobile-align-left","12":"ast-product-gallery-layout-horizontal-slider","13":"ast-product-tabs-layout-horizontal","15":"first","16":"instock","17":"shipping-taxable","18":"purchasable","19":"product-type-simple"},"_links":{"self":[{"href":"https:\/\/haisicstorage.com\/pt\/wp-json\/wp\/v2\/product\/1673","targetHints":{"allow":["GET"]}}],"collection":[{"href":"https:\/\/haisicstorage.com\/pt\/wp-json\/wp\/v2\/product"}],"about":[{"href":"https:\/\/haisicstorage.com\/pt\/wp-json\/wp\/v2\/types\/product"}],"version-history":[{"count":5,"href":"https:\/\/haisicstorage.com\/pt\/wp-json\/wp\/v2\/product\/1673\/revisions"}],"predecessor-version":[{"id":3501,"href":"https:\/\/haisicstorage.com\/pt\/wp-json\/wp\/v2\/product\/1673\/revisions\/3501"}],"wp:featuredmedia":[{"embeddable":true,"href":"https:\/\/haisicstorage.com\/pt\/wp-json\/wp\/v2\/media\/1664"}],"wp:attachment":[{"href":"https:\/\/haisicstorage.com\/pt\/wp-json\/wp\/v2\/media?parent=1673"}],"wp:term":[{"taxonomy":"product_brand","embeddable":true,"href":"https:\/\/haisicstorage.com\/pt\/wp-json\/wp\/v2\/product_brand?post=1673"},{"taxonomy":"product_cat","embeddable":true,"href":"https:\/\/haisicstorage.com\/pt\/wp-json\/wp\/v2\/product_cat?post=1673"},{"taxonomy":"product_tag","embeddable":true,"href":"https:\/\/haisicstorage.com\/pt\/wp-json\/wp\/v2\/product_tag?post=1673"}],"curies":[{"name":"wp","href":"https:\/\/api.w.org\/{rel}","templated":true}]}}