{"id":1670,"date":"2025-12-03T05:51:48","date_gmt":"2025-12-03T05:51:48","guid":{"rendered":"https:\/\/haisicstorage.com\/?post_type=product&#038;p=1670"},"modified":"2026-02-27T07:30:56","modified_gmt":"2026-02-27T07:30:56","slug":"10240wh-touchscreen-energy-storage-system","status":"publish","type":"product","link":"https:\/\/haisicstorage.com\/pt\/10240wh-touchscreen-energy-storage-system\/","title":{"rendered":"Sistema de Armazenamento de Energia com T\u00e1ctil de 10240Wh"},"content":{"rendered":"<div data-spm-anchor-id=\"a2700.pc-decorate.0.i6.5d033333Lu9Prj\">\n<p>Principais Caracter\u00edsticas<br \/>\nGrande Capacidade, Fornecimento de Energia Sustentado<\/p>\n<p>10240Wh Reserva Maci\u00e7a: Suficiente para atender \u00e0s necessidades el\u00e9ctricas di\u00e1rias de uma casa, alimentar aparelhos de alto consumo e resistir a cortes de energia prolongados, servindo como uma salvaguarda robusta para a seguran\u00e7a energ\u00e9tica dom\u00e9stica.<\/p>\n<p>Interface de ecr\u00e3 t\u00e1til intuitiva<\/p>\n<p>Ecr\u00e3 T\u00e1til em Cores de Alta Defini\u00e7\u00e3o: Apresenta uma interface t\u00e1ctil HD de f\u00e1cil utiliza\u00e7\u00e3o que mostra o estado da bateria em tempo real, pot\u00eancia de carga\/descarga, an\u00e1lise de consumo de energia e funcionamento do sistema.<\/p>\n<p>Controlo com um toque:Configure facilmente modos de funcionamento (p. ex., prioridade solar, tarifa\u00e7\u00e3o de pico\/valle, energia de reserva) com opera\u00e7\u00e3o intuitiva adequada a todas as idades.<\/p>\n<p>Invertor de Alta Efici\u00eancia, Sa\u00edda Robusta<\/p>\n<p>Tecnologia de Inversor de Alto Desempenho: Utiliza tecnologia de inversor de onda senoidal pura com efici\u00eancia de convers\u00e3o superior a 95,1%, fornecendo energia est\u00e1vel e limpa para electr\u00f3nica de precis\u00e3o e cargas indutivas.<\/p>\n<p>Sa\u00edda de Alta Pot\u00eancia: Suporta sa\u00edda transit\u00f3ria de alta pot\u00eancia, iniciando sem esfor\u00e7o equipamentos de alto consumo como ar condicionados, bombas de \u00e1gua e motores.<\/p>\n<p>Opera\u00e7\u00e3o Multi-Modo, Ahorro Inteligente de Energia<\/p>\n<p>Prioridade PV: Conecta-se a pain\u00e9is solares, dando prioridade \u00e0 energia solar verde para a carga do sistema, reduzindo o consumo da rede e a pegada de carbono.<\/p>\n<p>Arbitragem Pico-Valle: Carrega durante horas de menor tarifa fora de ponta e descarrega durante hor\u00e1rios de ponta de custo elevado, otimizando inteligentemente os custos de electricidade para o m\u00e1ximo benef\u00edcio econ\u00f3mico.<\/p>\n<p>Fontes de Alimenta\u00e7\u00e3o Ininterrupta (Fun\u00e7\u00e3o UPS): Transita seamlessly para energia de reserva em milissegundos durante cortes de rede, assegurando que os aparelhos cr\u00edticos permane\u00e7am ligados.<\/p>\n<p>Seguran\u00e7a e Confiabilidade, Prote\u00e7\u00e3o Robusta<\/p>\n<p>C\u00e9lulas de L\u00edtio Ferro Fosfato (LiFePO4) de Grau Automotivo: Excecional estabilidade t\u00e9rmica e vida \u00fatil de ciclo alargada (at\u00e9 6.000+ ciclos), resistentes ao fogo, dur\u00e1veis e fi\u00e1veis.<\/p>\n<p>Sistema Inteligente de Gest\u00e3o de Bateria (BMS): Fornece m\u00faltiplas protec\u00e7\u00f5es a n\u00edvel de hardware contra sobrecargas, sobre-descargas, sobrecorrente, curtos-circuitos e temperaturas an\u00f3malas, garantindo opera\u00e7\u00e3o segura e est\u00e1vel em todo o ciclo de vida do sistema.<\/p>\n<p>Constru\u00e7\u00e3o Robusta com Gest\u00e3o T\u00e9rmica Inteligente: Design industrial com um ventilador de arrefecimento integrado inteligente que assegura desempenho \u00f3timo do dispositivo em condi\u00e7\u00f5es ambientais diversas.<\/p>\n<p>Modularidade e Escalabilidade<\/p>\n<p>Expans\u00e3o de Capacidade Flex\u00edvel: arquitetura modular permite aos utilizadores aumentar a capacidade total adicionando m\u00f3dulos de bateria \u00e0 medida que as necessidades energ\u00e9ticas futuras crescem, possibilitando um investimento com vis\u00e3o de futuro.<\/p>\n<p>Cen\u00e1rios de Aplica\u00e7\u00e3o<br \/>\nFornecimento Dom\u00e9stico de Energia: fornece eletricidade limpa para toda a casa, especialmente adequado a regi\u00f5es com alto consumo e custo de eletricidade.<\/p>\n<p>Energia de Reserva de Emerg\u00eancia: garante fun\u00e7\u00f5es b\u00e1sicas da casa ininterruptas durante interrup\u00e7\u00f5es inesperadas causadas por tuf\u00f5es, sismos ou manuten\u00e7\u00e3o da rede.<\/p>\n<p>Vida Off-Grid: oferece apoio energ\u00e9tico independente para villas, quintas, caravanas, embarca\u00e7\u00f5es de pesca e outras situa\u00e7\u00f5es off-grid.<\/p>\n<p>Sistema de Armazenamento de Energia Fotovoltaica: serve como a unidade de armazenamento ideal para sistemas de gera\u00e7\u00e3o de energia solar, maximizando as taxas de autoconsumo e alcan\u00e7ando independ\u00eancia energ\u00e9tica.<\/p>\n<p>O HS-BG51200 n\u00e3o \u00e9 apenas um dispositivo de armazenamento de energia; \u00e9 um hub de energia inteligente para casa com orienta\u00e7\u00e3o para o futuro. Integrando perfeitamente uma capacidade robusta de armazenamento, sistemas de gest\u00e3o inteligentes e opera\u00e7\u00e3o de f\u00e1cil utiliza\u00e7\u00e3o, apresenta-se como uma escolha excecional para habita\u00e7\u00f5es que procuram solu\u00e7\u00f5es de gest\u00e3o de energia de alta qualidade, altamente fi\u00e1veis e rent\u00e1veis.<\/p>\n<\/div>\n<div data-spm-anchor-id=\"a2700.pc-decorate.0.i5.5d033333Lu9Prj\">\n<p><strong><span data-spm-anchor-id=\"a2700.pc-decorate.0.i21.5d033333Lu9Prj\">Fundada em 2011, a Shenzhen Haisic Technology Co., Ltd. \u00e9 uma empresa nacional de alta tecnologia dedicada \u00e0 pesquisa, desenvolvimento e produ\u00e7\u00e3o de produtos de armazenamento de energia, como packs de baterias LiFePO4, armazenamento de energia comercial e industrial, armazenamento de energia residencial, esta\u00e7\u00e3o de energia port\u00e1til\/gerador solar, inversor solar, bateria para empilhadeira, bateria para autocarros\/RVA\/landscape e caravanas de golfe, e outras baterias OEM\/ODM na China.<\/span><\/strong><\/p>\n<div><\/div>\n<div><strong>Engajamo-nos profundamente neste campo h\u00e1 mais de 12 anos, a Haisic Technology acumulou uma experi\u00eancia profunda em I&amp;D, inova\u00e7\u00e3o, controlo de qualidade e gest\u00e3o. Os nossos produtos s\u00e3o utilizados em armazenamento de energia dom\u00e9stico, armazenamento de energia industrial, armazenamento de energia comercial, comunica\u00e7\u00e3o de energia, eletr\u00f3nica m\u00e9dica, comunica\u00e7\u00f5es de seguran\u00e7a, transporte e log\u00edstica, energia de nova gera\u00e7\u00e3o, casa inteligente e outras \u00e1reas relacionadas. <\/strong><\/div>\n<div><strong>\u00a0<\/strong><\/div>\n<div><strong>Possu\u00edmos a nossa pr\u00f3pria base de produ\u00e7\u00e3o com mais de 14 000 m\u00b2, localizada no distrito de Dapeng, em Shenzhen, com ISO9001, ISO14001, IS045001 e Amfori BSCI, e os nossos produtos possuem certificados CE, FCC, TUV-UL2054, CQC, RoHS, PSE, MSDS, UN38.3. J\u00e1 fornecemos produtos seguros, est\u00e1veis, ambientalmente amig\u00e1veis, de elevada qualidade e servi\u00e7os profissionais OEM\/ODM a clientes em mais de 80 pa\u00edses e regi\u00f5es. <\/strong><\/div>\n<div><\/div>\n<div><\/div>\n<div><strong>Perguntas Frequentes <\/strong><\/div>\n<div><strong><span data-spm-anchor-id=\"a2700.pc-decorate.0.i33.5d033333Lu9Prj\">O que \u00e9 especial nas baterias de l\u00edtio?<\/span><\/strong><\/div>\n<div>\n<p><span data-spm-anchor-id=\"a2700.pc-decorate.0.i33.5d033333Lu9Prj\">Com elevada densidade de energia, atingiu 460-600 Wh\/kg, o que corresponde a cerca de 6-7 vezes o das baterias de chumbo-\u00e1cido. Longa vida \u00fatil, a dura\u00e7\u00e3o pode ultrapassar os 6 anos. Leve, o peso \u00e9 aproximadamente 1\/5-1\/6 do produto de chumbo-\u00e1cido com o mesmo volume.<\/span><\/p>\n<p>&nbsp;<\/p>\n<div data-spm-anchor-id=\"a2700.pc-decorate.0.i34.5d033333Lu9Prj\"><strong>2. Para que \u00e9 utilizada uma bateria de l\u00edtio?<br \/>\n<\/strong>A bateria de l\u00edtio \u00e9 utilizada para energia e armazenamento de energia. Como reserva de energia de emerg\u00eancia ou UPS. Energia el\u00e9trica fi\u00e1vel e para ve\u00edculos recreativos, carro el\u00e9trico, mar\u00edtimo leve fi\u00e1vel e de baixo peso, armazenamento de energia solar, casa solar, pequena f\u00e1brica de processamento, sistemas de vigil\u00e2ncia ou alarme em locais remotos. 3.A tua\/ as tuas baterias s\u00e3o seguras? A: As nossas baterias s\u00e3o seguras. Todas as baterias Zwayn utilizam os componentes mais seguros e est\u00e1veis, incluindo um c\u00e1todo LiFePO4 e um Sistema de Gest\u00e3o de Bateria (SGB) integrado. O SGB protege as c\u00e9lulas contra tens\u00f5es excessivamente altas ou baixas, correntes elevadas, curto-circuitos e calor ou frio excessivos. Estas s\u00e3o as causas mais comuns de falhas das baterias, e tom\u00e1mos todas as precau\u00e7\u00f5es para mitigar estes riscos em todas as nossas baterias.<br \/>\n<strong><br \/>\nComo escolher a bateria de ciclo profundo de l\u00edtio correta para a minha aplica\u00e7\u00e3o?<br \/>\n<\/strong>Em a grande maioria dos sistemas de 12, 24 ou 48 volts standard, a melhor escolha de bateria de l\u00edtio \u00e9 LiFePO4 (Fosfato de Ferro de L\u00edtio\/<br \/>\nPouch\/prim\u00e1ria c\u00e9lula de bateria). A tens\u00e3o deste tipo de bateria \u00e9 muito semelhante \u00e0 de uma AGM e funcionar\u00e1 bem com readily<br \/>\ncomponentes do sistema dispon\u00edveis para o seu ve\u00edculo recreativo, barco, sistema de energia off-grid, casa solar (TV, frigor\u00edfico, m\u00e1quina de lavar, ar)<br \/>\nar condicionado, boiler, micro-ondas, fog\u00e3o por indu\u00e7\u00e3o, m\u00e1quina de lavar lou\u00e7a, impressora, computador), Torre de Telecomunica\u00e7\u00f5es, aplica\u00e7\u00f5es de sistemas h\u00edbridos e solares off-grid.5. Pode ser em s\u00e9rie ou em paralelo para uso?<\/p>\n<p>A: Sim senhor, pode suportar liga\u00e7\u00e3o em paralelo at\u00e9 15 unidades para uso, Caixa de armazenamento de at\u00e9 150 kWh.<br \/>\n<strong><br \/>\n6. Este conjunto de baterias \u00e9 compat\u00edvel com o meu inversor? Tem uma lista de fabricantes de inversores com os quais \u00e9 compat\u00edvel?<br \/>\n<\/strong>Sim senhor, o nosso pack de baterias pode ser compat\u00edvel com a maioria das marcas de inversores no mercado, tais como Deye, MUST, SMA, Growatt, Solax, Solis, Sungrow, Sofar, Voltronic, Sorotec, Studer, etc.<\/p>\n<\/div>\n<\/div>\n<\/div>","protected":false},"excerpt":{"rendered":"<p>HS-BG51200 \u00e9 um sistema premium de armazenamento de energia dom\u00e9stico integrado que combina baterias de l\u00edtio de alto desempenho, inversores eficientes e gest\u00e3o inteligente de energia. A sua filosofia de design central \u00e9 \u2018Armazenamento de Energia Inteligente, Vida sem preocupa\u00e7\u00f5es\u2019, com o objetivo de proporcionar \u00e0s fam\u00edlias modernas uma solu\u00e7\u00e3o de energia segura, fi\u00e1vel, limpa e econ\u00f3mica. Isto capacita os utilizadores com liberdade de eletricidade e melhora a qualidade de vida.<\/p>","protected":false},"featured_media":1662,"template":"","meta":{"site-sidebar-layout":"default","site-content-layout":"","ast-site-content-layout":"default","site-content-style":"default","site-sidebar-style":"default","ast-global-header-display":"","ast-banner-title-visibility":"","ast-main-header-display":"","ast-hfb-above-header-display":"","ast-hfb-below-header-display":"","ast-hfb-mobile-header-display":"","site-post-title":"","ast-breadcrumbs-content":"","ast-featured-img":"","footer-sml-layout":"","ast-disable-related-posts":"","theme-transparent-header-meta":"default","adv-header-id-meta":"","stick-header-meta":"default","header-above-stick-meta":"","header-main-stick-meta":"","header-below-stick-meta":"","astra-migrate-meta-layouts":"set","ast-page-background-enabled":"default","ast-page-background-meta":{"desktop":{"background-color":"var(--ast-global-color-4)","background-image":"","background-repeat":"repeat","background-position":"center center","background-size":"auto","background-attachment":"scroll","background-type":"","background-media":"","overlay-type":"","overlay-color":"","overlay-opacity":"","overlay-gradient":""},"tablet":{"background-color":"","background-image":"","background-repeat":"repeat","background-position":"center center","background-size":"auto","background-attachment":"scroll","background-type":"","background-media":"","overlay-type":"","overlay-color":"","overlay-opacity":"","overlay-gradient":""},"mobile":{"background-color":"","background-image":"","background-repeat":"repeat","background-position":"center center","background-size":"auto","background-attachment":"scroll","background-type":"","background-media":"","overlay-type":"","overlay-color":"","overlay-opacity":"","overlay-gradient":""}},"ast-content-background-meta":{"desktop":{"background-color":"var(--ast-global-color-5)","background-image":"","background-repeat":"repeat","background-position":"center center","background-size":"auto","background-attachment":"scroll","background-type":"","background-media":"","overlay-type":"","overlay-color":"","overlay-opacity":"","overlay-gradient":""},"tablet":{"background-color":"var(--ast-global-color-5)","background-image":"","background-repeat":"repeat","background-position":"center center","background-size":"auto","background-attachment":"scroll","background-type":"","background-media":"","overlay-type":"","overlay-color":"","overlay-opacity":"","overlay-gradient":""},"mobile":{"background-color":"var(--ast-global-color-5)","background-image":"","background-repeat":"repeat","background-position":"center center","background-size":"auto","background-attachment":"scroll","background-type":"","background-media":"","overlay-type":"","overlay-color":"","overlay-opacity":"","overlay-gradient":""}}},"product_brand":[],"product_cat":[56,50,47],"product_tag":[],"class_list":{"0":"post-1670","1":"product","2":"type-product","3":"status-publish","4":"has-post-thumbnail","6":"product_cat-energy-storage-battery-system","7":"product_cat-floor-standing-ess","8":"product_cat-residetial-ess","9":"desktop-align-left","10":"tablet-align-left","11":"mobile-align-left","12":"ast-product-gallery-layout-horizontal-slider","13":"ast-product-tabs-layout-horizontal","15":"first","16":"instock","17":"shipping-taxable","18":"purchasable","19":"product-type-simple"},"_links":{"self":[{"href":"https:\/\/haisicstorage.com\/pt\/wp-json\/wp\/v2\/product\/1670","targetHints":{"allow":["GET"]}}],"collection":[{"href":"https:\/\/haisicstorage.com\/pt\/wp-json\/wp\/v2\/product"}],"about":[{"href":"https:\/\/haisicstorage.com\/pt\/wp-json\/wp\/v2\/types\/product"}],"version-history":[{"count":4,"href":"https:\/\/haisicstorage.com\/pt\/wp-json\/wp\/v2\/product\/1670\/revisions"}],"predecessor-version":[{"id":3502,"href":"https:\/\/haisicstorage.com\/pt\/wp-json\/wp\/v2\/product\/1670\/revisions\/3502"}],"wp:featuredmedia":[{"embeddable":true,"href":"https:\/\/haisicstorage.com\/pt\/wp-json\/wp\/v2\/media\/1662"}],"wp:attachment":[{"href":"https:\/\/haisicstorage.com\/pt\/wp-json\/wp\/v2\/media?parent=1670"}],"wp:term":[{"taxonomy":"product_brand","embeddable":true,"href":"https:\/\/haisicstorage.com\/pt\/wp-json\/wp\/v2\/product_brand?post=1670"},{"taxonomy":"product_cat","embeddable":true,"href":"https:\/\/haisicstorage.com\/pt\/wp-json\/wp\/v2\/product_cat?post=1670"},{"taxonomy":"product_tag","embeddable":true,"href":"https:\/\/haisicstorage.com\/pt\/wp-json\/wp\/v2\/product_tag?post=1670"}],"curies":[{"name":"wp","href":"https:\/\/api.w.org\/{rel}","templated":true}]}}