{"id":1656,"date":"2025-12-03T03:53:03","date_gmt":"2025-12-03T03:53:03","guid":{"rendered":"https:\/\/haisicstorage.com\/?post_type=product&#038;p=1656"},"modified":"2026-02-27T07:34:46","modified_gmt":"2026-02-27T07:34:46","slug":"10kwh-wall-mounted-home-energy-storage","status":"publish","type":"product","link":"https:\/\/haisicstorage.com\/pt\/10kwh-wall-mounted-home-energy-storage\/","title":{"rendered":"Armazenamento de Energia Dom\u00e9stico de parede de 10kWh"},"content":{"rendered":"<p>Este produto \u00e9 um sistema de bateria de armazenamento de energia de alta capacidade de 51,2 V 200 Ah constru\u00eddo com c\u00e9lulas de fosfato de ferro de l\u00edtio (LiFePO\u2084) altamente seguras, fornecendo uma capacidade total de energia de 10,24 kilowatt-horas (kWh). A sua filosofia de design central prioriza seguran\u00e7a, longevidade e gest\u00e3o inteligente, tornando-o ideal para lares e ambientes comerciais que procuram solu\u00e7\u00f5es de energia est\u00e1veis, com custo-benef\u00edcio a longo prazo \u2014 uma substitui\u00e7\u00e3o perfeita para baterias tradicionais de chumbo-\u00e1cido.<\/p>\n<p>Principais Caracter\u00edsticas<br \/>\nSeguran\u00e7a Excepcional, Tranquilidade<\/p>\n<p>Material Intrinsecamente Seguro: o fosfato de l\u00edtio e ferro apresenta estabilidade t\u00e9rmica excecional, eliminando fundamentalmente os riscos de inc\u00eandio e explos\u00e3o.<\/p>\n<p>Prote\u00e7\u00e3o Inteligente Multicamadas: o sistema de gest\u00e3o de BMS integrado fornece prote\u00e7\u00e3o contra sobrecarga, sobre-descarga, sobrecorrente, curto-circuito e temperatura.<\/p>\n<p>Design Estrutural Robusto: Carca\u00e7a de alta resist\u00eancia com refor\u00e7os internos garante resist\u00eancia a choques e impactos, adaptando-se a ambientes diversificados.<\/p>\n<p>Vida \u00datil Excepcional, ROI Significativo<\/p>\n<p>Ciclo de Vida Estendido: atinge mais de 6.000 ciclos (mantendo capacidade 80%+) em condi\u00e7\u00f5es padr\u00e3o, com uma vida \u00fatil de design de 10-15 anos.<\/p>\n<p>Custo Total de Propriedade Baixo: supera amplamente as baterias de chumbo-\u00e1cido (aprox. 300-500 ciclos), reduzindo significativamente os custos di\u00e1rios de utiliza\u00e7\u00e3o e proporcionando valor de investimento a longo prazo.<\/p>\n<p>Alta Capacidade &amp; Pot\u00eancia, Aplica\u00e7\u00f5es Vers\u00e1teis<\/p>\n<p>Reserva de Energia Abundante: capacidade de 10,24 kWh sustenta cargas cr\u00edticas da casa (ilumina\u00e7\u00e3o, frigor\u00edfico, roteador, etc.) por 24-48 horas durante emerg\u00eancias, ou alimenta eletrodom\u00e9sticos de alto consumo (como ar condicionado) por v\u00e1rias horas.<\/p>\n<p>Capacidade de Condu\u00e7\u00e3o Robusta: suporta descarga cont\u00ednua de 1C (200A) com pot\u00eancia de pico superior a 10 kW, iniciando sem esfor\u00e7o equipamentos com motor.<\/p>\n<p>Inteligente e Conveniente, F\u00e1cil de Gerir<\/p>\n<h2>Bateria Shenzhen 51,2V 200Ah Lithium 10kWh Powerwall para Armazenamento de Energia Dom\u00e9stica<\/h2>\n<p>Descubra a solu\u00e7\u00e3o definitiva em armazenamento de energia dom\u00e9stico com a Powerwall Shenzhen Battery, um sistema robusto e eficiente concebido para aumentar a independ\u00eancia energ\u00e9tica da sua casa.<br \/>\nEste produto de \u00faltima gera\u00e7\u00e3o combina tecnologia avan\u00e7ada com recursos f\u00e1ceis de usar, tornando-o uma escolha ideal para lares que procuram abra\u00e7ar solu\u00e7\u00f5es de energia verde.<\/p>\n<div>Principais Caracter\u00edsticas da Bateria LiFePO4 de 51.2V 200Ah<\/div>\n<div><strong>Alta Capacidade de Armazenamento<\/strong>: Com uma capacidade de 10kWh, este sistema garante que tenha energia suficiente para atender \u00e0s suas necessidades di\u00e1rias, reduzindo efetivamente a sua depend\u00eancia da rede.<\/div>\n<div><strong>Longa Vida \u00datil<\/strong>: Projetada para durabilidade, a bateria regista mais de 6000 ciclos, oferecendo desempenho duradouro e bom investimento.<br \/>\n<strong>Tecnologia Avan\u00e7ada de BMS<\/strong>: Equipado com um Sistema de Gest\u00e3o de Bateria (BMS) inteligente, protege contra sobrecarga e sobreaquecimento, aumentando a seguran\u00e7a e prolongando a vida \u00fatil da bateria.<\/div>\n<div><\/div>\n<h3>Projetado para Casas Modernas<\/h3>\n<div><strong>Compacto e Elegante<\/strong>: O design de montagem na parede (718x450x1110MM) torna-o uma adi\u00e7\u00e3o que poupa espa\u00e7o em qualquer casa, enquanto a sua constru\u00e7\u00e3o leve (120KG) facilita a instala\u00e7\u00e3o.<\/div>\n<div><strong>\u00c0 Prova de Intemp\u00e9ries e Seguro<\/strong>: Com classe de prote\u00e7\u00e3o IP55, o powerwall \u00e9 constru\u00eddo para suportar fatores ambientais, assegurando funcionamento confi\u00e1vel em diversos climas.<\/div>\n<div><strong>Conectividade Inteligente<\/strong>: A integra\u00e7\u00e3o com sistemas dom\u00e9sticos \u00e9 perfeita gra\u00e7as \u00e0 porta de comunica\u00e7\u00e3o RS485, permitindo uma gest\u00e3o inteligente do seu consumo de energia.<\/div>\n<table border=\"1\">\n<tbody>\n<tr>\n<td>\n<div>Voltagem Nominal<\/div>\n<\/td>\n<td>51,2V<\/td>\n<\/tr>\n<tr>\n<td>\n<div>Capacidade Nominal<\/div>\n<\/td>\n<td>200Ah<\/td>\n<\/tr>\n<tr>\n<td>\n<div>Energia Nominal<\/div>\n<\/td>\n<td>10240Wh<\/td>\n<\/tr>\n<tr>\n<td>\n<div>Faixa de voltagem<\/div>\n<\/td>\n<td>44,8-56V<\/td>\n<\/tr>\n<tr>\n<td>\n<div>Faixa de Voltagem de Carregamento<\/div>\n<\/td>\n<td>56-57,6V<\/td>\n<\/tr>\n<tr>\n<td>\n<div>Voltagem de Corte<\/div>\n<\/td>\n<td>44,8V<\/td>\n<\/tr>\n<tr>\n<td>\n<div>\n<div>Recomenda\u00e7\u00e3o de Corrente de Carga<\/div>\n<\/div>\n<\/td>\n<td>100A<\/td>\n<\/tr>\n<tr>\n<td>\n<div>\n<div>Corrente M\u00e1xima de Carregamento<\/div>\n<\/div>\n<\/td>\n<td>200A<\/td>\n<\/tr>\n<tr>\n<td>\n<div>\n<div>Corrente M\u00e1xima de Descarga<\/div>\n<\/div>\n<\/td>\n<td>200A<\/td>\n<\/tr>\n<tr>\n<td>\n<div>\n<div>Dimens\u00e3oL*P*A<\/div>\n<\/div>\n<\/td>\n<td>\n<div>418*228*670 (Sem base)<\/div>\n<\/td>\n<\/tr>\n<tr>\n<td>\n<div>\n<div>Peso<\/div>\n<\/div>\n<\/td>\n<td>84,3 KG<\/td>\n<\/tr>\n<tr>\n<td>\n<div>\n<div>Porta de Comunica\u00e7\u00e3o<\/div>\n<\/div>\n<\/td>\n<td>\n<div>RS485, CAN<\/div>\n<\/td>\n<\/tr>\n<tr>\n<td>\n<div>\n<div>\n<div>Exibi\u00e7\u00e3o<\/div>\n<\/div>\n<\/div>\n<\/td>\n<td>\n<div>LED+LCD<\/div>\n<\/td>\n<\/tr>\n<tr>\n<td>\n<div>\n<div>\n<div>Terminais<\/div>\n<\/div>\n<\/div>\n<\/td>\n<td>\n<div>Conector<\/div>\n<\/td>\n<\/tr>\n<tr>\n<td>\n<div>\n<div>\n<div>Ciclo de Vida<\/div>\n<\/div>\n<\/div>\n<\/td>\n<td>\n<div>&gt;6000 (0.5C@ 25\u2103\uff0c80% DOD)<\/div>\n<\/td>\n<\/tr>\n<tr>\n<td>\n<div>\n<div>\n<div>\n<div>Inversor Compat\u00edvel<\/div>\n<\/div>\n<\/div>\n<\/div>\n<\/td>\n<td>\n<div>Growatt, Goodwe, Sol-Ark, SRNE, DEYE<\/div>\n<\/td>\n<\/tr>\n<tr>\n<td>\n<div>\n<div>\n<div>\n<div>Certificado<\/div>\n<\/div>\n<\/div>\n<\/div>\n<\/td>\n<td>\n<div>CE, FCC, RoHs, MSDS, UN38.3<\/div>\n<\/td>\n<\/tr>\n<\/tbody>\n<\/table>\n<h2><\/h2>\n<div>Impacto Ambiental e Seguran\u00e7a<\/div>\n<div><strong>Tecnologia Ecol\u00f3gica<\/strong>: Utilizando tecnologia LiFePO4, o powerwall n\u00e3o \u00e9 apenas eficiente, mas tamb\u00e9m seguro para o meio ambiente, reduzindo a sua pegada de carbono.<br \/>\n<strong>Certificado e Fi\u00e1vel<\/strong>: Conformidade com certificados CE, RoHS, UN38.3 e MSDS assegura que os padr\u00f5es de qualidade e seguran\u00e7a s\u00e3o cumpridos, dando-lhe tranquilidade.<\/div>","protected":false},"excerpt":{"rendered":"<p>Bateria de Armazenamento de Energia de L\u00edtio Ferro Fosfato de 51,2 V 200 Ah<\/p>\n<p>Sistema de Armazenamento de Energia de 10,24 kWh de longa dura\u00e7\u00e3o | Proporcionando seguran\u00e7a e liberdade de energia confi\u00e1veis para casas e empresas<\/p>","protected":false},"featured_media":3493,"template":"","meta":{"site-sidebar-layout":"default","site-content-layout":"","ast-site-content-layout":"default","site-content-style":"default","site-sidebar-style":"default","ast-global-header-display":"","ast-banner-title-visibility":"","ast-main-header-display":"","ast-hfb-above-header-display":"","ast-hfb-below-header-display":"","ast-hfb-mobile-header-display":"","site-post-title":"","ast-breadcrumbs-content":"","ast-featured-img":"","footer-sml-layout":"","ast-disable-related-posts":"","theme-transparent-header-meta":"default","adv-header-id-meta":"","stick-header-meta":"default","header-above-stick-meta":"","header-main-stick-meta":"","header-below-stick-meta":"","astra-migrate-meta-layouts":"set","ast-page-background-enabled":"default","ast-page-background-meta":{"desktop":{"background-color":"var(--ast-global-color-4)","background-image":"","background-repeat":"repeat","background-position":"center center","background-size":"auto","background-attachment":"scroll","background-type":"","background-media":"","overlay-type":"","overlay-color":"","overlay-opacity":"","overlay-gradient":""},"tablet":{"background-color":"","background-image":"","background-repeat":"repeat","background-position":"center center","background-size":"auto","background-attachment":"scroll","background-type":"","background-media":"","overlay-type":"","overlay-color":"","overlay-opacity":"","overlay-gradient":""},"mobile":{"background-color":"","background-image":"","background-repeat":"repeat","background-position":"center center","background-size":"auto","background-attachment":"scroll","background-type":"","background-media":"","overlay-type":"","overlay-color":"","overlay-opacity":"","overlay-gradient":""}},"ast-content-background-meta":{"desktop":{"background-color":"var(--ast-global-color-5)","background-image":"","background-repeat":"repeat","background-position":"center center","background-size":"auto","background-attachment":"scroll","background-type":"","background-media":"","overlay-type":"","overlay-color":"","overlay-opacity":"","overlay-gradient":""},"tablet":{"background-color":"var(--ast-global-color-5)","background-image":"","background-repeat":"repeat","background-position":"center center","background-size":"auto","background-attachment":"scroll","background-type":"","background-media":"","overlay-type":"","overlay-color":"","overlay-opacity":"","overlay-gradient":""},"mobile":{"background-color":"var(--ast-global-color-5)","background-image":"","background-repeat":"repeat","background-position":"center center","background-size":"auto","background-attachment":"scroll","background-type":"","background-media":"","overlay-type":"","overlay-color":"","overlay-opacity":"","overlay-gradient":""}}},"product_brand":[],"product_cat":[56,47,49],"product_tag":[],"class_list":{"0":"post-1656","1":"product","2":"type-product","3":"status-publish","4":"has-post-thumbnail","6":"product_cat-energy-storage-battery-system","7":"product_cat-residetial-ess","8":"product_cat-wall-mounted-ess","9":"desktop-align-left","10":"tablet-align-left","11":"mobile-align-left","12":"ast-product-gallery-layout-horizontal-slider","13":"ast-product-tabs-layout-horizontal","15":"first","16":"instock","17":"shipping-taxable","18":"purchasable","19":"product-type-simple"},"_links":{"self":[{"href":"https:\/\/haisicstorage.com\/pt\/wp-json\/wp\/v2\/product\/1656","targetHints":{"allow":["GET"]}}],"collection":[{"href":"https:\/\/haisicstorage.com\/pt\/wp-json\/wp\/v2\/product"}],"about":[{"href":"https:\/\/haisicstorage.com\/pt\/wp-json\/wp\/v2\/types\/product"}],"version-history":[{"count":4,"href":"https:\/\/haisicstorage.com\/pt\/wp-json\/wp\/v2\/product\/1656\/revisions"}],"predecessor-version":[{"id":3507,"href":"https:\/\/haisicstorage.com\/pt\/wp-json\/wp\/v2\/product\/1656\/revisions\/3507"}],"wp:featuredmedia":[{"embeddable":true,"href":"https:\/\/haisicstorage.com\/pt\/wp-json\/wp\/v2\/media\/3493"}],"wp:attachment":[{"href":"https:\/\/haisicstorage.com\/pt\/wp-json\/wp\/v2\/media?parent=1656"}],"wp:term":[{"taxonomy":"product_brand","embeddable":true,"href":"https:\/\/haisicstorage.com\/pt\/wp-json\/wp\/v2\/product_brand?post=1656"},{"taxonomy":"product_cat","embeddable":true,"href":"https:\/\/haisicstorage.com\/pt\/wp-json\/wp\/v2\/product_cat?post=1656"},{"taxonomy":"product_tag","embeddable":true,"href":"https:\/\/haisicstorage.com\/pt\/wp-json\/wp\/v2\/product_tag?post=1656"}],"curies":[{"name":"wp","href":"https:\/\/api.w.org\/{rel}","templated":true}]}}