{"id":1643,"date":"2025-12-03T03:43:19","date_gmt":"2025-12-03T03:43:19","guid":{"rendered":"https:\/\/haisicstorage.com\/?post_type=product&#038;p=1643"},"modified":"2026-02-27T07:39:51","modified_gmt":"2026-02-27T07:39:51","slug":"51-2v-100ah-powerwall-energy-storage","status":"publish","type":"product","link":"https:\/\/haisicstorage.com\/pt\/51-2v-100ah-powerwall-energy-storage\/","title":{"rendered":"Armazenamento de Energia para casa de 5KWh montado na parede"},"content":{"rendered":"<p>Vis\u00e3o Geral do Produto<br \/>\nO HS-BG5000W-A6 \u00e9 uma solu\u00e7\u00e3o de armazenamento de energia residencial de pr\u00f3xima gera\u00e7\u00e3o que integra inversores de alta efici\u00eancia, armazenamento de energia inteligente e gest\u00e3o de energia. Fornece aos utilizadores uma garantia de energia segura, est\u00e1vel e econ\u00f3mica para todas as condi\u00e7\u00f5es, servindo como equipamento central para alcan\u00e7ar a autonomia energ\u00e9tica dom\u00e9stica.<\/p>\n<p>Vantagens Principais<br \/>\n1. Design altamente integrado e que poupa espa\u00e7o<\/p>\n<p>Instala\u00e7\u00e3o em parede\/solo com dupla fun\u00e7\u00e3o que requer menos de 0,5 m\u00b2 de espa\u00e7o no ch\u00e3o<\/p>\n<p>Est\u00e9tica industrial minimalista que se integra perfeitamente com ambientes modernos de casa<\/p>\n<p>2. Seguran\u00e7a a longo prazo, durabilidade fi\u00e1vel<br \/>\nSistema de Bateria:<\/p>\n<p>C\u00e9lulas de l\u00edtio ferro fosfato de grau automotivo com vida \u00fatil superior a 6000 ciclos<\/p>\n<p>Regula\u00e7\u00e3o de temperatura por refrigera\u00e7\u00e3o l\u00edquida inteligente, faixa de opera\u00e7\u00e3o -20\u00b0C a 50\u00b0C<\/p>\n<p>Mecanismo de prote\u00e7\u00e3o em cinco n\u00edveis (sobretens\u00e3o\/subtens\u00e3o\/sobrecorrente\/curto-circuito\/sobreaquecimento)<\/p>\n<p>Seguran\u00e7a do Sistema:<\/p>\n<p>Classifica\u00e7\u00e3o de prote\u00e7\u00e3o IP65, adequada para ambientes internos e externos diversificados<\/p>\n<p><strong>Bateria Lifepo4 Haisic 51,2V 100Ah \u2013 Revolucione a Gest\u00e3o de Energia da sua Casa<br \/>\nLibertar Pot\u00eancia e Efici\u00eancia com o Powerwall de 5kWh<\/strong><\/p>\n<p>Experimente o cutting-edge das solu\u00e7\u00f5es de energia dom\u00e9stica com a bateria Lifepo4 de 5kWh da Haisic,<br \/>\num sistema premium de armazenamento de energia concebido para otimizar o seu consumo de energia e melhorar a sustentabilidade.<br \/>\nEste pack de baterias de \u00faltima gera\u00e7\u00e3o n\u00e3o s\u00f3 garante uma pegada mais verde, mas tamb\u00e9m promete um retorno robusto do investimento atrav\u00e9s da sua gest\u00e3o de energia eficiente.<\/p>\n<p>Uso otimizado de energia: ajuste automaticamente o seu consumo de energia com base nos padr\u00f5es di\u00e1rios de uso e nos hor\u00e1rios de pico de procura.<br \/>\nCompatibilidade de Rede H\u00edbrida: integra-se de forma fluida tanto em sistemas off-grid como on-grid, assegurando fiabilidade e flexibilidade em caso de cortes de energia ou falhas da rede.<br \/>\nCapacidade de Recarregamento R\u00e1pido: Reabastece rapidamente as reservas de energia at\u00e9 \u00e0 capacidade total, assegurando que nunca ficar\u00e1 sem energia quando mais precisa.<\/p>\n<table border=\"1\">\n<tbody>\n<tr>\n<td>Voltagem Nominal<\/td>\n<td>51,2V<\/td>\n<\/tr>\n<tr>\n<td>Capacidade Nominal<\/td>\n<td>100Ah<\/td>\n<\/tr>\n<tr>\n<td>Energia Nominal<\/td>\n<td>5120Wh<\/td>\n<\/tr>\n<tr>\n<td>Faixa de voltagem<\/td>\n<td>44,8-56V<\/td>\n<\/tr>\n<tr>\n<td>Faixa de Voltagem de Carregamento<\/td>\n<td>55,2-56V<\/td>\n<\/tr>\n<tr>\n<td>Voltagem de Corte<\/td>\n<td>44,8V<\/td>\n<\/tr>\n<tr>\n<td>Recomenda\u00e7\u00e3o de Corrente de Carga<\/td>\n<td>50A<\/td>\n<\/tr>\n<tr>\n<td>Corrente M\u00e1xima de Carregamento<\/td>\n<td>100A<\/td>\n<\/tr>\n<tr>\n<td>Corrente M\u00e1xima de Descarga<\/td>\n<td>100A<\/td>\n<\/tr>\n<tr>\n<td>Porta de Comunica\u00e7\u00e3o<\/td>\n<td>\u00a0RS485, CAN<\/td>\n<\/tr>\n<tr>\n<td>classifica\u00e7\u00e3o \u00e0 prova de \u00e1gua<\/td>\n<td>IP20<\/td>\n<\/tr>\n<tr>\n<td>Terminais<\/td>\n<td>Conector<\/td>\n<\/tr>\n<tr>\n<td>Humidade<\/td>\n<td>5-95% RH<\/td>\n<\/tr>\n<tr>\n<td>Faixa de Temperatura de Carregamento<\/td>\n<td>0-45\u2103<\/td>\n<\/tr>\n<tr>\n<td>Faixa de Temperatura de Descarga<\/td>\n<td>-20-60\u2103<\/td>\n<\/tr>\n<tr>\n<td>Faixa de Temperatura de Armazenamento<\/td>\n<td>-20-45\u2103<\/td>\n<\/tr>\n<tr>\n<td>Ciclo de Vida<\/td>\n<td>\uff1e6000 \uff080,5C@ 25\u2103\uff0c80% DOD\uff09<\/td>\n<\/tr>\n<tr>\n<td>Inversor Compat\u00edvel<\/td>\n<td>Growatt, Goodwe, Sol-Ark, SRNE, DEYE, Luxpower, Megarevo<\/td>\n<\/tr>\n<\/tbody>\n<\/table>\n<p>Especifica\u00e7\u00f5es T\u00e9cnicas Avan\u00e7adas<\/p>\n<p>Mergulhe na proeza tecnol\u00f3gica da Bateria Haisic Home Powerwall, onde a inova\u00e7\u00e3o encontra a praticidade.<br \/>\nO nosso sistema de parede n\u00e3o \u00e9 apenas eficiente em termos de espa\u00e7o, mas tamb\u00e9m foi constru\u00eddo de acordo com os mais elevados padr\u00f5es de seguran\u00e7a e desempenho.<\/p>\n<p>Ciclo de Vida Longo: Desfrute de mais de 6000 ciclos de carga e descarga, superando significativamente os sistemas de baterias tradicionais.<br \/>\nSistema BMS Inteligente: Monitora e gere a sa\u00fade das c\u00e9lulas, a voltagem e a temperatura, garantindo m\u00e1xima seguran\u00e7a e longevidade.<br \/>\nDesign Robusto: Com uma dimens\u00e3o elegante de 718x450x1110MM e uma classe de prote\u00e7\u00e3o dur\u00e1vel IP55, foi concebido para resistir a vari\u00e1veis ambientais.<\/p>\n<p>&nbsp;<\/p>\n<p>Seguran\u00e7a e Certifica\u00e7\u00e3o<\/p>\n<p>Prioriza a seguran\u00e7a e conformidade, a powerwall Haisic \u00e9 rigorosamente testada e certificada para cumprir os mais elevados padr\u00f5es da ind\u00fastria.<br \/>\nA prote\u00e7\u00e3o de circuito integrada facilita prote\u00e7\u00e3o contra sobrecarregamento, sobreaquecimento e curto-circuito, aumentando a fiabilidade do seu sistema dom\u00e9stico de energia.<\/p>\n<p>Certifica\u00e7\u00f5es Abrangentes: aprova\u00e7\u00f5es CE, RoHS, UN38.3 e MSDS sublinham o nosso compromisso com a qualidade e a seguran\u00e7a.<br \/>\nProte\u00e7\u00e3o Ambiental: Fabricado com materiais ecol\u00f3gicos, a bateria oferece uma solu\u00e7\u00e3o sustent\u00e1vel que reduz a sua pegada de carbono.<\/p>\n<p>&nbsp;<\/p>\n<p>Integra\u00e7\u00e3o Flex\u00edvel e Amig\u00e1vel ao Utilizador<\/p>\n<p>Porta de Comunica\u00e7\u00e3o RS485: Facilita a integra\u00e7\u00e3o f\u00e1cil com os sistemas existentes de gest\u00e3o de energia dom\u00e9stica.<br \/>\nAplica\u00e7\u00f5es Vers\u00e1teis: Ideal para uma variedade de utiliza\u00e7\u00f5es, desde eletrodom\u00e9sticos di\u00e1rios at\u00e9 necessidades de backup de energia mais exigentes.<\/p>\n<p>Servi\u00e7os OEM\/ODM: Personalize o sistema para atender necessidades espec\u00edficas com as nossas op\u00e7\u00f5es configur\u00e1veis.<br \/>\nAtualize as suas solu\u00e7\u00f5es de energia dom\u00e9stica hoje com a bateria Lifepo4 Haisic de 51,2V 100Ah, e d\u00ea um passo significativo rumo \u00e0 independ\u00eancia energ\u00e9tica e \u00e0 sustentabilidade.<br \/>\nDesfrute da tranquilidade que adv\u00e9m de um sistema de armazenamento de energia fi\u00e1vel, eficiente e seguro, concebido para satisfazer as exig\u00eancias \u00fanicas das resid\u00eancias modernas.<\/p>","protected":false},"excerpt":{"rendered":"<p class=\"product-des\">HS-BG5000W-A6 Sistema de Armazenamento de Energia Integrado Inteligente<\/p>","protected":false},"featured_media":3493,"template":"","meta":{"site-sidebar-layout":"default","site-content-layout":"","ast-site-content-layout":"default","site-content-style":"default","site-sidebar-style":"default","ast-global-header-display":"","ast-banner-title-visibility":"","ast-main-header-display":"","ast-hfb-above-header-display":"","ast-hfb-below-header-display":"","ast-hfb-mobile-header-display":"","site-post-title":"","ast-breadcrumbs-content":"","ast-featured-img":"","footer-sml-layout":"","ast-disable-related-posts":"","theme-transparent-header-meta":"default","adv-header-id-meta":"","stick-header-meta":"default","header-above-stick-meta":"","header-main-stick-meta":"","header-below-stick-meta":"","astra-migrate-meta-layouts":"set","ast-page-background-enabled":"default","ast-page-background-meta":{"desktop":{"background-color":"var(--ast-global-color-4)","background-image":"","background-repeat":"repeat","background-position":"center center","background-size":"auto","background-attachment":"scroll","background-type":"","background-media":"","overlay-type":"","overlay-color":"","overlay-opacity":"","overlay-gradient":""},"tablet":{"background-color":"","background-image":"","background-repeat":"repeat","background-position":"center center","background-size":"auto","background-attachment":"scroll","background-type":"","background-media":"","overlay-type":"","overlay-color":"","overlay-opacity":"","overlay-gradient":""},"mobile":{"background-color":"","background-image":"","background-repeat":"repeat","background-position":"center center","background-size":"auto","background-attachment":"scroll","background-type":"","background-media":"","overlay-type":"","overlay-color":"","overlay-opacity":"","overlay-gradient":""}},"ast-content-background-meta":{"desktop":{"background-color":"var(--ast-global-color-5)","background-image":"","background-repeat":"repeat","background-position":"center center","background-size":"auto","background-attachment":"scroll","background-type":"","background-media":"","overlay-type":"","overlay-color":"","overlay-opacity":"","overlay-gradient":""},"tablet":{"background-color":"var(--ast-global-color-5)","background-image":"","background-repeat":"repeat","background-position":"center center","background-size":"auto","background-attachment":"scroll","background-type":"","background-media":"","overlay-type":"","overlay-color":"","overlay-opacity":"","overlay-gradient":""},"mobile":{"background-color":"var(--ast-global-color-5)","background-image":"","background-repeat":"repeat","background-position":"center center","background-size":"auto","background-attachment":"scroll","background-type":"","background-media":"","overlay-type":"","overlay-color":"","overlay-opacity":"","overlay-gradient":""}}},"product_brand":[],"product_cat":[56,47,49],"product_tag":[],"class_list":{"0":"post-1643","1":"product","2":"type-product","3":"status-publish","4":"has-post-thumbnail","6":"product_cat-energy-storage-battery-system","7":"product_cat-residetial-ess","8":"product_cat-wall-mounted-ess","9":"desktop-align-left","10":"tablet-align-left","11":"mobile-align-left","12":"ast-product-gallery-layout-horizontal-slider","13":"ast-product-tabs-layout-horizontal","15":"first","16":"instock","17":"shipping-taxable","18":"purchasable","19":"product-type-simple"},"_links":{"self":[{"href":"https:\/\/haisicstorage.com\/pt\/wp-json\/wp\/v2\/product\/1643","targetHints":{"allow":["GET"]}}],"collection":[{"href":"https:\/\/haisicstorage.com\/pt\/wp-json\/wp\/v2\/product"}],"about":[{"href":"https:\/\/haisicstorage.com\/pt\/wp-json\/wp\/v2\/types\/product"}],"version-history":[{"count":6,"href":"https:\/\/haisicstorage.com\/pt\/wp-json\/wp\/v2\/product\/1643\/revisions"}],"predecessor-version":[{"id":3521,"href":"https:\/\/haisicstorage.com\/pt\/wp-json\/wp\/v2\/product\/1643\/revisions\/3521"}],"wp:featuredmedia":[{"embeddable":true,"href":"https:\/\/haisicstorage.com\/pt\/wp-json\/wp\/v2\/media\/3493"}],"wp:attachment":[{"href":"https:\/\/haisicstorage.com\/pt\/wp-json\/wp\/v2\/media?parent=1643"}],"wp:term":[{"taxonomy":"product_brand","embeddable":true,"href":"https:\/\/haisicstorage.com\/pt\/wp-json\/wp\/v2\/product_brand?post=1643"},{"taxonomy":"product_cat","embeddable":true,"href":"https:\/\/haisicstorage.com\/pt\/wp-json\/wp\/v2\/product_cat?post=1643"},{"taxonomy":"product_tag","embeddable":true,"href":"https:\/\/haisicstorage.com\/pt\/wp-json\/wp\/v2\/product_tag?post=1643"}],"curies":[{"name":"wp","href":"https:\/\/api.w.org\/{rel}","templated":true}]}}